{"id":80135,"date":"2022-11-15T07:28:52","date_gmt":"2022-11-15T06:28:52","guid":{"rendered":"https:\/\/onlinelotto365.com\/?page_id=80135"},"modified":"2022-11-15T07:28:52","modified_gmt":"2022-11-15T06:28:52","slug":"mega-millions","status":"publish","type":"page","link":"https:\/\/onlinelotto365.com\/hu\/nyero-lottoszamok\/mega-millions\/","title":{"rendered":"Ellen\u0151rizze a Mega Millions nyer\u0151sz\u00e1mokat itt"},"content":{"rendered":"<p>A weboldalunkon j\u00e1tszhat\u00f3 \u00f6sszes nemzetk\u00f6zi lott\u00f3 eset\u00e9ben a nyertes sz\u00e1mok \u00e9s az eredm\u00e9nyek megismer\u00e9se probl\u00e9m\u00e1t jelenthet. A Mega Millions nyer\u0151sz\u00e1mait val\u00f3sz\u00edn\u0171leg nem fogja megtal\u00e1lni az \u00fajs\u00e1gban. Kereshet olyan el\u00e9rhet\u0151 tv-csatorn\u00e1t, amelyik a sorsol\u00e1s eredm\u00e9nyeit a h\u00edrekben k\u00f6zli, de ehhez n\u00e9mi kutat\u00e1sra lenne sz\u00fcks\u00e9g.<br \/>\n<a href=\"https:\/\/redfoxlotto.com\/play\/mega-millions\/?ref=a8564250a2&amp;medium=ol365\" target=\"_blank\" rel=\"noopener noreferrer\"><img decoding=\"async\" class=\"aligncenter\" src=\"https:\/\/redfoxlotto.com\/image?size=8&amp;lottery=mega-millions\" alt=\"Mega Millions\" \/><\/a><br \/>\nAz egyik lehet\u0151s\u00e9g az lenne, ha megn\u00e9zn\u00e9, hogy a Mega Millions lott\u00f3 hivatalos honlapja k\u00f6zvet\u00edt-e \u00e9l\u0151 k\u00f6zvet\u00edt\u00e9st a sorsol\u00e1si elj\u00e1r\u00e1sr\u00f3l. A sz\u00e1mok sorsol\u00e1s\u00e1t \u00e9l\u0151ben l\u00e1tni term\u00e9szetesen nagyon izgalmas. Ez lenne a leggyorsabb m\u00f3dja annak is, hogy megtudja, nyertek-e a sz\u00e1mok. A legt\u00f6bb lott\u00f3t\u00e1rsas\u00e1g azonban nem k\u00edn\u00e1l \u00e9l\u0151 k\u00f6zvet\u00edt\u00e9st a sorsol\u00e1sr\u00f3l val\u00f3s id\u0151ben.<\/p>\n<p>Ha a sorsol\u00e1s m\u00e1r lezajlott abban az id\u0151pontban, amikor ellen\u0151rizni szeretn\u00e9 a nyertes sz\u00e1mokat, akkor a Youtube-on kereshet egy olyan vide\u00f3t, amely a legut\u00f3bbi Mega Millions-sorsol\u00e1st mutatja.<\/p>\n<p>De egy nagyon k\u00e9nyelmes m\u00f3dszer a nyer\u0151sz\u00e1mok, valamint a Mega Millions eredm\u00e9nyeinek \u00e9s nyerem\u00e9nyeinek ellen\u0151rz\u00e9s\u00e9re a saj\u00e1t lott\u00f3eredm\u00e9ny oldalunk. Egy oldalon megtal\u00e1lhatja az \u00f6sszes \u00e1ltalunk k\u00edn\u00e1lt lott\u00f3 nyer\u0151sz\u00e1mait.<\/p>\n<h2>Hogyan tudhatja meg, hogy nyert-e az online szelv\u00e9nye<\/h2>\n<p>\u00c9s m\u00e9g enn\u00e9l is jobb lesz! Ha a Mega Millions szelv\u00e9nyt a mi oldalunkon v\u00e1s\u00e1roltad, megn\u00e9zheted a fi\u00f3kodat (term\u00e9szetesen el\u0151sz\u00f6r be kell jelentkezned) \u00e9s azt a r\u00e9szt, ahol a szelv\u00e9nyeidet t\u00e1rolj\u00e1k. Minden egyes lott\u00f3 eset\u00e9ben, amelyen j\u00e1tszott\u00e1l, a nyertes sz\u00e1mok k\u00f6zvetlen\u00fcl az \u00e1ltalad kiv\u00e1lasztott sz\u00e1mok mellett jelennek meg. A szelv\u00e9nyed \u00f6sszes olyan sz\u00e1ma, amelyik megegyezik a sorsol\u00e1s eredm\u00e9ny\u00e9vel, szint\u00e9n sz\u00ednnel lesz jel\u00f6lve. Miut\u00e1n megtudta, h\u00e1ny sz\u00e1mot v\u00e1lasztott helyesen, ellen\u0151rizheti, hogy mennyit nyert. Ne feledje azt sem, hogy a 2500 eur\u00f3n\u00e1l kisebb nyerem\u00e9nyeket azonnal j\u00f3v\u00e1\u00edrj\u00e1k a j\u00e1t\u00e9kos sz\u00e1ml\u00e1j\u00e1n, amint a lott\u00f3t\u00e1rsas\u00e1g meger\u0151s\u00edtette a hivatalos eredm\u00e9nyeket.<\/p>\n<h2>Mega Millions eredm\u00e9nyek arch\u00edvuma<\/h2>\n<p>Weboldalunkon a legfrissebb Mega Millions-eredm\u00e9nyeket bemutat\u00f3 oldalakon lehet\u0151s\u00e9g van a kor\u00e1bbi sorsol\u00e1sok eredm\u00e9nyeinek megtekint\u00e9s\u00e9re is. Ezt sok j\u00e1t\u00e9kos haszn\u00e1lja arra, hogy ellen\u0151rizze, mely sz\u00e1mokat h\u00fazt\u00e1k ki az ut\u00f3bbi id\u0151ben, vagy mely sz\u00e1mokat nem h\u00fazt\u00e1k ki a m\u00faltban. Nagyon n\u00e9pszer\u0171 lott\u00f3strat\u00e9gia, hogy ezt az inform\u00e1ci\u00f3t haszn\u00e1lja fel a k\u00f6vetkez\u0151 szelv\u00e9nye sz\u00e1mainak kiv\u00e1laszt\u00e1sakor.<\/p>\n<h2>A szelv\u00e9nyem nyert, mi k\u00f6vetkezik ezut\u00e1n?<\/h2>\n<p>Mint m\u00e1r eml\u00edtett\u00fck, a 2500 eur\u00f3n\u00e1l kisebb nyerem\u00e9nyeket k\u00f6zvetlen\u00fcl a weboldalunkon l\u00e9v\u0151 \u00fcgyf\u00e9lsz\u00e1ml\u00e1j\u00e1n \u00edrjuk j\u00f3v\u00e1. Onnan az eg\u00e9szet vagy annak egy r\u00e9sz\u00e9t kiveheti, felt\u00e9ve, hogy legal\u00e1bb 10 \u20ac egyenleggel rendelkezik. Vagy egy r\u00e9sz\u00e9t felhaszn\u00e1lhatja \u00faj szelv\u00e9nyek v\u00e1s\u00e1rl\u00e1s\u00e1ra. Ha \u00fagy d\u00f6nt, hogy hitelk\u00e1rty\u00e1j\u00e1ra vagy banksz\u00e1ml\u00e1j\u00e1ra veszi fel a p\u00e9nzt, akkor n\u00e9h\u00e1ny dokumentumot be kell mutatnia nek\u00fcnk az azonos\u00edt\u00e1shoz. Ezt a p\u00e9nzmos\u00e1s elleni t\u00f6rv\u00e9nyek miatt a p\u00e9nzfeldolgoz\u00f3ink megk\u00f6vetelik. Emellett nem haszn\u00e1lhat olyan kifizet\u00e9si m\u00f3dot, amelyet kor\u00e1bban nem haszn\u00e1ltak v\u00e1s\u00e1rl\u00e1sra vagy befizet\u00e9sre.<\/p>\n","protected":false},"excerpt":{"rendered":"<p>A weboldalunkon j\u00e1tszhat\u00f3 \u00f6sszes nemzetk\u00f6zi lott\u00f3 eset\u00e9ben a nyertes sz\u00e1mok \u00e9s az eredm\u00e9nyek megismer\u00e9se probl\u00e9m\u00e1t jelenthet. A Mega Millions nyer\u0151sz\u00e1mait val\u00f3sz\u00edn\u0171leg nem fogja megtal\u00e1lni az \u00fajs\u00e1gban. Kereshet olyan el\u00e9rhet\u0151 tv-csatorn\u00e1t, amelyik a sorsol\u00e1s eredm\u00e9nyeit a h\u00edrekben k\u00f6zli, de ehhez n\u00e9mi kutat\u00e1sra lenne sz\u00fcks\u00e9g. Az egyik lehet\u0151s\u00e9g az lenne, ha megn\u00e9zn\u00e9, hogy a Mega Millions lott\u00f3 [&hellip;]<\/p>\n","protected":false},"author":1,"featured_media":0,"parent":5838,"menu_order":2,"comment_status":"closed","ping_status":"closed","template":"megamillion-results.php","meta":{"_et_pb_use_builder":"","_et_pb_old_content":"","_et_gb_content_width":"","exclude_from_search":false,"footnotes":""},"class_list":["post-80135","page","type-page","status-publish","hentry"],"yoast_head":"<!-- This site is optimized with the Yoast SEO plugin v23.4 - https:\/\/yoast.com\/wordpress\/plugins\/seo\/ -->\n<title>Nyer\u0151sz\u00e1mok Mega Millions | Mega Millions leg\u00fajabb sorsol\u00e1si eredm\u00e9nyei \u00e9s nyerem\u00e9nyei<\/title>\n<meta name=\"description\" content=\"Hogyan haszn\u00e1lhatod weboldalunkat a Mega Millions nyer\u0151sz\u00e1mainak \u00e9s eredm\u00e9nyeinek egyszer\u0171 megtal\u00e1l\u00e1s\u00e1hoz?\" \/>\n<meta name=\"robots\" content=\"index, follow, max-snippet:-1, max-image-preview:large, max-video-preview:-1\" \/>\n<link rel=\"canonical\" href=\"https:\/\/onlinelotto365.com\/hu\/nyero-lottoszamok\/mega-millions\/\" \/>\n<meta property=\"og:locale\" content=\"hu_HU\" \/>\n<meta property=\"og:type\" content=\"article\" \/>\n<meta property=\"og:title\" content=\"Nyer\u0151sz\u00e1mok Mega Millions | Mega Millions leg\u00fajabb sorsol\u00e1si eredm\u00e9nyei \u00e9s nyerem\u00e9nyei\" \/>\n<meta property=\"og:description\" content=\"Hogyan haszn\u00e1lhatod weboldalunkat a Mega Millions nyer\u0151sz\u00e1mainak \u00e9s eredm\u00e9nyeinek egyszer\u0171 megtal\u00e1l\u00e1s\u00e1hoz?\" \/>\n<meta property=\"og:url\" content=\"https:\/\/onlinelotto365.com\/hu\/nyero-lottoszamok\/mega-millions\/\" \/>\n<meta property=\"og:site_name\" content=\"OnlineLotto365\" \/>\n<meta property=\"og:image\" content=\"https:\/\/redfoxlotto.com\/image?size=8&amp;lottery=mega-millions\" \/>\n<meta name=\"twitter:card\" content=\"summary_large_image\" \/>\n<meta name=\"twitter:label1\" content=\"Becs\u00fclt olvas\u00e1si id\u0151\" \/>\n\t<meta name=\"twitter:data1\" content=\"2 perc\" \/>\n<script type=\"application\/ld+json\" class=\"yoast-schema-graph\">{\"@context\":\"https:\/\/schema.org\",\"@graph\":[{\"@type\":\"WebPage\",\"@id\":\"https:\/\/onlinelotto365.com\/hu\/nyero-lottoszamok\/mega-millions\/\",\"url\":\"https:\/\/onlinelotto365.com\/hu\/nyero-lottoszamok\/mega-millions\/\",\"name\":\"Nyer\u0151sz\u00e1mok Mega Millions | Mega Millions leg\u00fajabb sorsol\u00e1si eredm\u00e9nyei \u00e9s nyerem\u00e9nyei\",\"isPartOf\":{\"@id\":\"https:\/\/onlinelotto365.com\/hu\/#website\"},\"primaryImageOfPage\":{\"@id\":\"https:\/\/onlinelotto365.com\/hu\/nyero-lottoszamok\/mega-millions\/#primaryimage\"},\"image\":{\"@id\":\"https:\/\/onlinelotto365.com\/hu\/nyero-lottoszamok\/mega-millions\/#primaryimage\"},\"thumbnailUrl\":\"https:\/\/redfoxlotto.com\/image?size=8&amp;lottery=mega-millions\",\"datePublished\":\"2022-11-15T06:28:52+00:00\",\"dateModified\":\"2022-11-15T06:28:52+00:00\",\"description\":\"Hogyan haszn\u00e1lhatod weboldalunkat a Mega Millions nyer\u0151sz\u00e1mainak \u00e9s eredm\u00e9nyeinek egyszer\u0171 megtal\u00e1l\u00e1s\u00e1hoz?\",\"breadcrumb\":{\"@id\":\"https:\/\/onlinelotto365.com\/hu\/nyero-lottoszamok\/mega-millions\/#breadcrumb\"},\"inLanguage\":\"hu\",\"potentialAction\":[{\"@type\":\"ReadAction\",\"target\":[\"https:\/\/onlinelotto365.com\/hu\/nyero-lottoszamok\/mega-millions\/\"]}]},{\"@type\":\"ImageObject\",\"inLanguage\":\"hu\",\"@id\":\"https:\/\/onlinelotto365.com\/hu\/nyero-lottoszamok\/mega-millions\/#primaryimage\",\"url\":\"https:\/\/redfoxlotto.com\/image?size=8&amp;lottery=mega-millions\",\"contentUrl\":\"https:\/\/redfoxlotto.com\/image?size=8&amp;lottery=mega-millions\"},{\"@type\":\"BreadcrumbList\",\"@id\":\"https:\/\/onlinelotto365.com\/hu\/nyero-lottoszamok\/mega-millions\/#breadcrumb\",\"itemListElement\":[{\"@type\":\"ListItem\",\"position\":1,\"name\":\"Home\",\"item\":\"https:\/\/onlinelotto365.com\/hu\/\"},{\"@type\":\"ListItem\",\"position\":2,\"name\":\"Nemzetk\u00f6zi lott\u00f3eredm\u00e9nyeket keresel?\",\"item\":\"https:\/\/onlinelotto365.com\/hu\/winning-numbers\/\"},{\"@type\":\"ListItem\",\"position\":3,\"name\":\"Ellen\u0151rizze a Mega Millions nyer\u0151sz\u00e1mokat itt\"}]},{\"@type\":\"WebSite\",\"@id\":\"https:\/\/onlinelotto365.com\/hu\/#website\",\"url\":\"https:\/\/onlinelotto365.com\/hu\/\",\"name\":\"OnlineLotto365\",\"description\":\"\",\"potentialAction\":[{\"@type\":\"SearchAction\",\"target\":{\"@type\":\"EntryPoint\",\"urlTemplate\":\"https:\/\/onlinelotto365.com\/hu\/?s={search_term_string}\"},\"query-input\":{\"@type\":\"PropertyValueSpecification\",\"valueRequired\":true,\"valueName\":\"search_term_string\"}}],\"inLanguage\":\"hu\"}]}<\/script>\n<!-- \/ Yoast SEO plugin. -->","yoast_head_json":{"title":"Nyer\u0151sz\u00e1mok Mega Millions | Mega Millions leg\u00fajabb sorsol\u00e1si eredm\u00e9nyei \u00e9s nyerem\u00e9nyei","description":"Hogyan haszn\u00e1lhatod weboldalunkat a Mega Millions nyer\u0151sz\u00e1mainak \u00e9s eredm\u00e9nyeinek egyszer\u0171 megtal\u00e1l\u00e1s\u00e1hoz?","robots":{"index":"index","follow":"follow","max-snippet":"max-snippet:-1","max-image-preview":"max-image-preview:large","max-video-preview":"max-video-preview:-1"},"canonical":"https:\/\/onlinelotto365.com\/hu\/nyero-lottoszamok\/mega-millions\/","og_locale":"hu_HU","og_type":"article","og_title":"Nyer\u0151sz\u00e1mok Mega Millions | Mega Millions leg\u00fajabb sorsol\u00e1si eredm\u00e9nyei \u00e9s nyerem\u00e9nyei","og_description":"Hogyan haszn\u00e1lhatod weboldalunkat a Mega Millions nyer\u0151sz\u00e1mainak \u00e9s eredm\u00e9nyeinek egyszer\u0171 megtal\u00e1l\u00e1s\u00e1hoz?","og_url":"https:\/\/onlinelotto365.com\/hu\/nyero-lottoszamok\/mega-millions\/","og_site_name":"OnlineLotto365","og_image":[{"url":"https:\/\/redfoxlotto.com\/image?size=8&amp;lottery=mega-millions"}],"twitter_card":"summary_large_image","twitter_misc":{"Becs\u00fclt olvas\u00e1si id\u0151":"2 perc"},"schema":{"@context":"https:\/\/schema.org","@graph":[{"@type":"WebPage","@id":"https:\/\/onlinelotto365.com\/hu\/nyero-lottoszamok\/mega-millions\/","url":"https:\/\/onlinelotto365.com\/hu\/nyero-lottoszamok\/mega-millions\/","name":"Nyer\u0151sz\u00e1mok Mega Millions | Mega Millions leg\u00fajabb sorsol\u00e1si eredm\u00e9nyei \u00e9s nyerem\u00e9nyei","isPartOf":{"@id":"https:\/\/onlinelotto365.com\/hu\/#website"},"primaryImageOfPage":{"@id":"https:\/\/onlinelotto365.com\/hu\/nyero-lottoszamok\/mega-millions\/#primaryimage"},"image":{"@id":"https:\/\/onlinelotto365.com\/hu\/nyero-lottoszamok\/mega-millions\/#primaryimage"},"thumbnailUrl":"https:\/\/redfoxlotto.com\/image?size=8&amp;lottery=mega-millions","datePublished":"2022-11-15T06:28:52+00:00","dateModified":"2022-11-15T06:28:52+00:00","description":"Hogyan haszn\u00e1lhatod weboldalunkat a Mega Millions nyer\u0151sz\u00e1mainak \u00e9s eredm\u00e9nyeinek egyszer\u0171 megtal\u00e1l\u00e1s\u00e1hoz?","breadcrumb":{"@id":"https:\/\/onlinelotto365.com\/hu\/nyero-lottoszamok\/mega-millions\/#breadcrumb"},"inLanguage":"hu","potentialAction":[{"@type":"ReadAction","target":["https:\/\/onlinelotto365.com\/hu\/nyero-lottoszamok\/mega-millions\/"]}]},{"@type":"ImageObject","inLanguage":"hu","@id":"https:\/\/onlinelotto365.com\/hu\/nyero-lottoszamok\/mega-millions\/#primaryimage","url":"https:\/\/redfoxlotto.com\/image?size=8&amp;lottery=mega-millions","contentUrl":"https:\/\/redfoxlotto.com\/image?size=8&amp;lottery=mega-millions"},{"@type":"BreadcrumbList","@id":"https:\/\/onlinelotto365.com\/hu\/nyero-lottoszamok\/mega-millions\/#breadcrumb","itemListElement":[{"@type":"ListItem","position":1,"name":"Home","item":"https:\/\/onlinelotto365.com\/hu\/"},{"@type":"ListItem","position":2,"name":"Nemzetk\u00f6zi lott\u00f3eredm\u00e9nyeket keresel?","item":"https:\/\/onlinelotto365.com\/hu\/winning-numbers\/"},{"@type":"ListItem","position":3,"name":"Ellen\u0151rizze a Mega Millions nyer\u0151sz\u00e1mokat itt"}]},{"@type":"WebSite","@id":"https:\/\/onlinelotto365.com\/hu\/#website","url":"https:\/\/onlinelotto365.com\/hu\/","name":"OnlineLotto365","description":"","potentialAction":[{"@type":"SearchAction","target":{"@type":"EntryPoint","urlTemplate":"https:\/\/onlinelotto365.com\/hu\/?s={search_term_string}"},"query-input":{"@type":"PropertyValueSpecification","valueRequired":true,"valueName":"search_term_string"}}],"inLanguage":"hu"}]}},"_links":{"self":[{"href":"https:\/\/onlinelotto365.com\/hu\/wp-json\/wp\/v2\/pages\/80135","targetHints":{"allow":["GET"]}}],"collection":[{"href":"https:\/\/onlinelotto365.com\/hu\/wp-json\/wp\/v2\/pages"}],"about":[{"href":"https:\/\/onlinelotto365.com\/hu\/wp-json\/wp\/v2\/types\/page"}],"author":[{"embeddable":true,"href":"https:\/\/onlinelotto365.com\/hu\/wp-json\/wp\/v2\/users\/1"}],"replies":[{"embeddable":true,"href":"https:\/\/onlinelotto365.com\/hu\/wp-json\/wp\/v2\/comments?post=80135"}],"version-history":[{"count":0,"href":"https:\/\/onlinelotto365.com\/hu\/wp-json\/wp\/v2\/pages\/80135\/revisions"}],"up":[{"embeddable":true,"href":"https:\/\/onlinelotto365.com\/hu\/wp-json\/wp\/v2\/pages\/5838"}],"wp:attachment":[{"href":"https:\/\/onlinelotto365.com\/hu\/wp-json\/wp\/v2\/media?parent=80135"}],"curies":[{"name":"wp","href":"https:\/\/api.w.org\/{rel}","templated":true}]}}