{"id":80167,"date":"2022-11-15T08:29:48","date_gmt":"2022-11-15T07:29:48","guid":{"rendered":"https:\/\/onlinelotto365.com\/?page_id=80167"},"modified":"2022-11-15T08:29:48","modified_gmt":"2022-11-15T07:29:48","slug":"powerball","status":"publish","type":"page","link":"https:\/\/onlinelotto365.com\/hu\/nyero-lottoszamok\/powerball\/","title":{"rendered":"Powerball sorsol\u00e1s eredm\u00e9nyei"},"content":{"rendered":"<h2>Ellen\u0151rizze a Powerball nyer\u0151sz\u00e1mokat itt<\/h2>\n<p>A Powerball nyer\u0151sz\u00e1mainak megtal\u00e1l\u00e1sa egyszer\u0171, ha az Egyes\u00fclt \u00c1llamokban \u00e9lsz. K\u00fcl\u00f6n\u00f6sen olyan alkalmakkor, amikor a jackpot nagyon magas, az eredm\u00e9nyeket a h\u00edrekben k\u00f6zvet\u00edtik, \u00e9s minden \u00fajs\u00e1gban k\u00f6zz\u00e9teszik.<br \/>\n<a href=\"https:\/\/redfoxlotto.com\/play\/powerball\/?ref=a8564250a2&amp;medium=ol365\" target=\"_blank\" rel=\"noopener noreferrer\"><img decoding=\"async\" class=\"aligncenter\" src=\"https:\/\/redfoxlotto.com\/image?size=8&amp;lottery=powerball\" alt=\"Powerball\" \/><\/a><br \/>\nDe mi a helyzet akkor, ha nem az USA-ban \u00e9lsz, kihez juthatsz hozz\u00e1 a Powerball nyer\u0151sz\u00e1maihoz? Hogyan tal\u00e1lja meg az eredm\u00e9nyeket, \u00e9s hogyan n\u00e9zheti meg, hogy mennyit nyert?<\/p>\n<h2>Hogyan tudhatja meg, hogy az online szelv\u00e9nye nyert-e<\/h2>\n<p>Nos, ha online szelv\u00e9nyt v\u00e1s\u00e1rolt, ez tulajdonk\u00e9ppen nagyon egyszer\u0171. Menjen vissza az oldalunkra, jelentkezzen be a felhaszn\u00e1l\u00f3nev\u00e9vel \u00e9s jelszav\u00e1val, majd l\u00e9pjen \u00e1t arra a r\u00e9szre, ahol a megv\u00e1s\u00e1rolt szelv\u00e9ny\u00e9t digit\u00e1lisan t\u00e1roljuk. Az \u00d6n \u00e1ltal megj\u00e1tszott sz\u00e1mok m\u00e1s sz\u00ednnel lesznek kiemelve, ha megegyeznek a sorsol\u00e1s azon napj\u00e1nak kisorsolt sz\u00e1maival, amelyre a szelv\u00e9nyt v\u00e1s\u00e1rolta.<\/p>\n<p>Term\u00e9szetesen megnyithatja az eredm\u00e9nyek \u00e1ttekint\u0151 oldalunkat is, \u00e9s \u00edgy \u00f6sszehasonl\u00edthatja a sorsol\u00e1s eredm\u00e9nyeit a szelv\u00e9ny\u00e9vel. N\u00e9h\u00e1ny \u00fcgyfel\u00fcnk szereti kinyomtatni online szelv\u00e9ny\u00e9t, majd a kinyomtatott szelv\u00e9nyen megjel\u00f6lni a nyertes sz\u00e1mokat, hogy l\u00e1ssa, nyert-e.<\/p>\n<h2>Powerball eredm\u00e9nyek arch\u00edvuma<\/h2>\n<p>Lott\u00f3eredm\u00e9nyek \u00e1ttekint\u0151 oldalunkon megn\u00e9zheti az elm\u00falt hetek nyertes sz\u00e1mait is. Ez seg\u00edthet a szerencsesz\u00e1mok kiv\u00e1laszt\u00e1s\u00e1nak strat\u00e9gi\u00e1j\u00e1ban. Megpr\u00f3b\u00e1lhatod p\u00e9ld\u00e1ul megtal\u00e1lni azokat a sz\u00e1mokat, amelyek m\u00e1r r\u00e9gen lej\u00e1rtak, \u00e9s csak ezekb\u0151l a sz\u00e1mokb\u00f3l k\u00e9sz\u00edthetsz lott\u00f3szelv\u00e9nyt.<\/p>\n<p>Vagy kiv\u00e1laszthatja a Powerball-nyer\u0151sz\u00e1mokat \u00fagy, hogy kider\u00edti, mely sz\u00e1mok fordultak el\u0151 gyakrabban, mint m\u00e1s sz\u00e1mok. Sok j\u00e1t\u00e9kos e k\u00e9t m\u00f3dszer kever\u00e9k\u00e9t haszn\u00e1lja a szem\u00e9lyes lott\u00f3sz\u00e1mok kiv\u00e1laszt\u00e1s\u00e1hoz.<\/p>\n<p>Ha nem tudja eld\u00f6nteni, hogy melyik sz\u00e1mokat v\u00e1lassza a nyer\u0151szelv\u00e9nyhez, mit sz\u00f3lna ehhez a m\u00f3dszerhez: N\u00e9zze meg egy m\u00e1sik lott\u00f3 kor\u00e1bbi nyer\u0151sz\u00e1mait, amelynek sz\u00e1mtartom\u00e1nya hasonl\u00f3 ahhoz a lott\u00f3hoz, amelyen j\u00e1tszani szeretne. Keressen egy olyan nyer\u0151 kombin\u00e1ci\u00f3t, amely tetszik \u00d6nnek ezekben a m\u00faltbeli eredm\u00e9nyekben, majd haszn\u00e1lja ezeket a r\u00e9gebbi nyer\u0151sz\u00e1mokat egy \u00faj Powerball szelv\u00e9ny megj\u00e1tsz\u00e1s\u00e1hoz.<\/p>\n<h2>A szelv\u00e9nyem nyert, mi k\u00f6vetkezik ezut\u00e1n?<\/h2>\n<p><img loading=\"lazy\" decoding=\"async\" class=\"size-full wp-image-50704 alignright\" src=\"https:\/\/onlinelotto365.com\/wp-content\/uploads\/2021\/01\/online_lottery-136.jpg\" alt=\"lott\u00f3 eredm\u00e9nyek\" width=\"297\" height=\"101\" \/><br \/>\nNos, gratul\u00e1lok, j\u00f3 neked! Term\u00e9szetesen mindig \u00f6r\u00fcl\u00fcnk, ha valamelyik \u00fcgyfel\u00fcnknek olyan szelv\u00e9nye van, amelyen a Powerball nyertes szelv\u00e9nye szerepel. Ak\u00e1r kisebb, ak\u00e1r nagyobb nyerem\u00e9nyr\u0151l van sz\u00f3, mi gondoskodunk a kifizet\u00e9sr\u0151l az \u00d6n sz\u00e1m\u00e1ra, term\u00e9szetesen d\u00edjmentesen!<\/p>\n<p>2500 \u20ac vagy ann\u00e1l kisebb nyerem\u00e9ny &#8211; a megnyert \u00f6sszeget j\u00f3v\u00e1\u00edrjuk az oldalunkon l\u00e9v\u0151 egyenleg\u00e9n. Onnan v\u00e1ltsa be, vagy vegye fel az egyenleget tov\u00e1bbi szelv\u00e9nyek v\u00e1s\u00e1rl\u00e1s\u00e1ra.<\/p>\n<p>2500 eur\u00f3n\u00e1l nagyobb nyerem\u00e9ny &#8211; \u00fcgyf\u00e9lszolg\u00e1latunk seg\u00edt \u00d6nnek a kifizet\u00e9sben. Miut\u00e1n megadt\u00e1l n\u00e9h\u00e1ny inform\u00e1ci\u00f3t a szem\u00e9lyazonoss\u00e1godr\u00f3l \u00e9s az \u00e1ltalad v\u00e1lasztott fizet\u00e9si m\u00f3dr\u00f3l (banki \u00e1tutal\u00e1s vagy csekk), k\u00f6zvetlen\u00fcl az \u00e1ltalad v\u00e1lasztott m\u00f3don kapod meg a kifizet\u00e9st.<\/p>\n","protected":false},"excerpt":{"rendered":"<p>Ellen\u0151rizze a Powerball nyer\u0151sz\u00e1mokat itt A Powerball nyer\u0151sz\u00e1mainak megtal\u00e1l\u00e1sa egyszer\u0171, ha az Egyes\u00fclt \u00c1llamokban \u00e9lsz. K\u00fcl\u00f6n\u00f6sen olyan alkalmakkor, amikor a jackpot nagyon magas, az eredm\u00e9nyeket a h\u00edrekben k\u00f6zvet\u00edtik, \u00e9s minden \u00fajs\u00e1gban k\u00f6zz\u00e9teszik. De mi a helyzet akkor, ha nem az USA-ban \u00e9lsz, kihez juthatsz hozz\u00e1 a Powerball nyer\u0151sz\u00e1maihoz? Hogyan tal\u00e1lja meg az eredm\u00e9nyeket, \u00e9s hogyan [&hellip;]<\/p>\n","protected":false},"author":1,"featured_media":0,"parent":5838,"menu_order":1,"comment_status":"closed","ping_status":"closed","template":"powerball-usa-info.php","meta":{"_et_pb_use_builder":"","_et_pb_old_content":"","_et_gb_content_width":"","exclude_from_search":false,"footnotes":""},"class_list":["post-80167","page","type-page","status-publish","hentry"],"yoast_head":"<!-- This site is optimized with the Yoast SEO plugin v23.4 - https:\/\/yoast.com\/wordpress\/plugins\/seo\/ -->\n<title>Powerball nyer\u0151sz\u00e1mok | Powerball USA eredm\u00e9nyek \u00e9s nyerem\u00e9nyek ellen\u0151rz\u00e9se<\/title>\n<meta name=\"description\" content=\"Szeretn\u00e9 l\u00e1tni, hogy a Powerball szelv\u00e9nye nyertes-e? Ellen\u0151rizze a nyertes sz\u00e1mokat weboldalunkon!\" \/>\n<meta name=\"robots\" content=\"index, follow, max-snippet:-1, max-image-preview:large, max-video-preview:-1\" \/>\n<link rel=\"canonical\" href=\"https:\/\/onlinelotto365.com\/hu\/nyero-lottoszamok\/powerball\/\" \/>\n<meta property=\"og:locale\" content=\"hu_HU\" \/>\n<meta property=\"og:type\" content=\"article\" \/>\n<meta property=\"og:title\" content=\"Powerball nyer\u0151sz\u00e1mok | Powerball USA eredm\u00e9nyek \u00e9s nyerem\u00e9nyek ellen\u0151rz\u00e9se\" \/>\n<meta property=\"og:description\" content=\"Szeretn\u00e9 l\u00e1tni, hogy a Powerball szelv\u00e9nye nyertes-e? Ellen\u0151rizze a nyertes sz\u00e1mokat weboldalunkon!\" \/>\n<meta property=\"og:url\" content=\"https:\/\/onlinelotto365.com\/hu\/nyero-lottoszamok\/powerball\/\" \/>\n<meta property=\"og:site_name\" content=\"OnlineLotto365\" \/>\n<meta property=\"og:image\" content=\"https:\/\/redfoxlotto.com\/image?size=8&amp;lottery=powerball\" \/>\n<meta name=\"twitter:card\" content=\"summary_large_image\" \/>\n<meta name=\"twitter:label1\" content=\"Becs\u00fclt olvas\u00e1si id\u0151\" \/>\n\t<meta name=\"twitter:data1\" content=\"3 perc\" \/>\n<script type=\"application\/ld+json\" class=\"yoast-schema-graph\">{\"@context\":\"https:\/\/schema.org\",\"@graph\":[{\"@type\":\"WebPage\",\"@id\":\"https:\/\/onlinelotto365.com\/hu\/nyero-lottoszamok\/powerball\/\",\"url\":\"https:\/\/onlinelotto365.com\/hu\/nyero-lottoszamok\/powerball\/\",\"name\":\"Powerball nyer\u0151sz\u00e1mok | Powerball USA eredm\u00e9nyek \u00e9s nyerem\u00e9nyek ellen\u0151rz\u00e9se\",\"isPartOf\":{\"@id\":\"https:\/\/onlinelotto365.com\/hu\/#website\"},\"primaryImageOfPage\":{\"@id\":\"https:\/\/onlinelotto365.com\/hu\/nyero-lottoszamok\/powerball\/#primaryimage\"},\"image\":{\"@id\":\"https:\/\/onlinelotto365.com\/hu\/nyero-lottoszamok\/powerball\/#primaryimage\"},\"thumbnailUrl\":\"https:\/\/redfoxlotto.com\/image?size=8&amp;lottery=powerball\",\"datePublished\":\"2022-11-15T07:29:48+00:00\",\"dateModified\":\"2022-11-15T07:29:48+00:00\",\"description\":\"Szeretn\u00e9 l\u00e1tni, hogy a Powerball szelv\u00e9nye nyertes-e? Ellen\u0151rizze a nyertes sz\u00e1mokat weboldalunkon!\",\"breadcrumb\":{\"@id\":\"https:\/\/onlinelotto365.com\/hu\/nyero-lottoszamok\/powerball\/#breadcrumb\"},\"inLanguage\":\"hu\",\"potentialAction\":[{\"@type\":\"ReadAction\",\"target\":[\"https:\/\/onlinelotto365.com\/hu\/nyero-lottoszamok\/powerball\/\"]}]},{\"@type\":\"ImageObject\",\"inLanguage\":\"hu\",\"@id\":\"https:\/\/onlinelotto365.com\/hu\/nyero-lottoszamok\/powerball\/#primaryimage\",\"url\":\"https:\/\/redfoxlotto.com\/image?size=8&amp;lottery=powerball\",\"contentUrl\":\"https:\/\/redfoxlotto.com\/image?size=8&amp;lottery=powerball\"},{\"@type\":\"BreadcrumbList\",\"@id\":\"https:\/\/onlinelotto365.com\/hu\/nyero-lottoszamok\/powerball\/#breadcrumb\",\"itemListElement\":[{\"@type\":\"ListItem\",\"position\":1,\"name\":\"Home\",\"item\":\"https:\/\/onlinelotto365.com\/hu\/\"},{\"@type\":\"ListItem\",\"position\":2,\"name\":\"Nemzetk\u00f6zi lott\u00f3eredm\u00e9nyeket keresel?\",\"item\":\"https:\/\/onlinelotto365.com\/hu\/winning-numbers\/\"},{\"@type\":\"ListItem\",\"position\":3,\"name\":\"Powerball sorsol\u00e1s eredm\u00e9nyei\"}]},{\"@type\":\"WebSite\",\"@id\":\"https:\/\/onlinelotto365.com\/hu\/#website\",\"url\":\"https:\/\/onlinelotto365.com\/hu\/\",\"name\":\"OnlineLotto365\",\"description\":\"\",\"potentialAction\":[{\"@type\":\"SearchAction\",\"target\":{\"@type\":\"EntryPoint\",\"urlTemplate\":\"https:\/\/onlinelotto365.com\/hu\/?s={search_term_string}\"},\"query-input\":{\"@type\":\"PropertyValueSpecification\",\"valueRequired\":true,\"valueName\":\"search_term_string\"}}],\"inLanguage\":\"hu\"}]}<\/script>\n<!-- \/ Yoast SEO plugin. -->","yoast_head_json":{"title":"Powerball nyer\u0151sz\u00e1mok | Powerball USA eredm\u00e9nyek \u00e9s nyerem\u00e9nyek ellen\u0151rz\u00e9se","description":"Szeretn\u00e9 l\u00e1tni, hogy a Powerball szelv\u00e9nye nyertes-e? Ellen\u0151rizze a nyertes sz\u00e1mokat weboldalunkon!","robots":{"index":"index","follow":"follow","max-snippet":"max-snippet:-1","max-image-preview":"max-image-preview:large","max-video-preview":"max-video-preview:-1"},"canonical":"https:\/\/onlinelotto365.com\/hu\/nyero-lottoszamok\/powerball\/","og_locale":"hu_HU","og_type":"article","og_title":"Powerball nyer\u0151sz\u00e1mok | Powerball USA eredm\u00e9nyek \u00e9s nyerem\u00e9nyek ellen\u0151rz\u00e9se","og_description":"Szeretn\u00e9 l\u00e1tni, hogy a Powerball szelv\u00e9nye nyertes-e? Ellen\u0151rizze a nyertes sz\u00e1mokat weboldalunkon!","og_url":"https:\/\/onlinelotto365.com\/hu\/nyero-lottoszamok\/powerball\/","og_site_name":"OnlineLotto365","og_image":[{"url":"https:\/\/redfoxlotto.com\/image?size=8&amp;lottery=powerball"}],"twitter_card":"summary_large_image","twitter_misc":{"Becs\u00fclt olvas\u00e1si id\u0151":"3 perc"},"schema":{"@context":"https:\/\/schema.org","@graph":[{"@type":"WebPage","@id":"https:\/\/onlinelotto365.com\/hu\/nyero-lottoszamok\/powerball\/","url":"https:\/\/onlinelotto365.com\/hu\/nyero-lottoszamok\/powerball\/","name":"Powerball nyer\u0151sz\u00e1mok | Powerball USA eredm\u00e9nyek \u00e9s nyerem\u00e9nyek ellen\u0151rz\u00e9se","isPartOf":{"@id":"https:\/\/onlinelotto365.com\/hu\/#website"},"primaryImageOfPage":{"@id":"https:\/\/onlinelotto365.com\/hu\/nyero-lottoszamok\/powerball\/#primaryimage"},"image":{"@id":"https:\/\/onlinelotto365.com\/hu\/nyero-lottoszamok\/powerball\/#primaryimage"},"thumbnailUrl":"https:\/\/redfoxlotto.com\/image?size=8&amp;lottery=powerball","datePublished":"2022-11-15T07:29:48+00:00","dateModified":"2022-11-15T07:29:48+00:00","description":"Szeretn\u00e9 l\u00e1tni, hogy a Powerball szelv\u00e9nye nyertes-e? Ellen\u0151rizze a nyertes sz\u00e1mokat weboldalunkon!","breadcrumb":{"@id":"https:\/\/onlinelotto365.com\/hu\/nyero-lottoszamok\/powerball\/#breadcrumb"},"inLanguage":"hu","potentialAction":[{"@type":"ReadAction","target":["https:\/\/onlinelotto365.com\/hu\/nyero-lottoszamok\/powerball\/"]}]},{"@type":"ImageObject","inLanguage":"hu","@id":"https:\/\/onlinelotto365.com\/hu\/nyero-lottoszamok\/powerball\/#primaryimage","url":"https:\/\/redfoxlotto.com\/image?size=8&amp;lottery=powerball","contentUrl":"https:\/\/redfoxlotto.com\/image?size=8&amp;lottery=powerball"},{"@type":"BreadcrumbList","@id":"https:\/\/onlinelotto365.com\/hu\/nyero-lottoszamok\/powerball\/#breadcrumb","itemListElement":[{"@type":"ListItem","position":1,"name":"Home","item":"https:\/\/onlinelotto365.com\/hu\/"},{"@type":"ListItem","position":2,"name":"Nemzetk\u00f6zi lott\u00f3eredm\u00e9nyeket keresel?","item":"https:\/\/onlinelotto365.com\/hu\/winning-numbers\/"},{"@type":"ListItem","position":3,"name":"Powerball sorsol\u00e1s eredm\u00e9nyei"}]},{"@type":"WebSite","@id":"https:\/\/onlinelotto365.com\/hu\/#website","url":"https:\/\/onlinelotto365.com\/hu\/","name":"OnlineLotto365","description":"","potentialAction":[{"@type":"SearchAction","target":{"@type":"EntryPoint","urlTemplate":"https:\/\/onlinelotto365.com\/hu\/?s={search_term_string}"},"query-input":{"@type":"PropertyValueSpecification","valueRequired":true,"valueName":"search_term_string"}}],"inLanguage":"hu"}]}},"_links":{"self":[{"href":"https:\/\/onlinelotto365.com\/hu\/wp-json\/wp\/v2\/pages\/80167","targetHints":{"allow":["GET"]}}],"collection":[{"href":"https:\/\/onlinelotto365.com\/hu\/wp-json\/wp\/v2\/pages"}],"about":[{"href":"https:\/\/onlinelotto365.com\/hu\/wp-json\/wp\/v2\/types\/page"}],"author":[{"embeddable":true,"href":"https:\/\/onlinelotto365.com\/hu\/wp-json\/wp\/v2\/users\/1"}],"replies":[{"embeddable":true,"href":"https:\/\/onlinelotto365.com\/hu\/wp-json\/wp\/v2\/comments?post=80167"}],"version-history":[{"count":0,"href":"https:\/\/onlinelotto365.com\/hu\/wp-json\/wp\/v2\/pages\/80167\/revisions"}],"up":[{"embeddable":true,"href":"https:\/\/onlinelotto365.com\/hu\/wp-json\/wp\/v2\/pages\/5838"}],"wp:attachment":[{"href":"https:\/\/onlinelotto365.com\/hu\/wp-json\/wp\/v2\/media?parent=80167"}],"curies":[{"name":"wp","href":"https:\/\/api.w.org\/{rel}","templated":true}]}}