{"id":80219,"date":"2022-11-15T11:34:06","date_gmt":"2022-11-15T10:34:06","guid":{"rendered":"https:\/\/onlinelotto365.com\/?page_id=80219"},"modified":"2022-11-15T11:34:06","modified_gmt":"2022-11-15T10:34:06","slug":"superenalotto","status":"publish","type":"page","link":"https:\/\/onlinelotto365.com\/hu\/jegyeket-vesz\/superenalotto\/","title":{"rendered":"Hogyan v\u00e1s\u00e1roljon Superenalotto jegyeket online"},"content":{"rendered":"<p>Szeretne online Superenalotto jegyet v\u00e1s\u00e1rolni Magyarorsz\u00e1gr\u00f3l, de nem tudja, hogyan tegye? Akkor j\u00f3 helyen j\u00e1rsz, mert mi elint\u00e9zz\u00fck neked. Mind\u00f6ssze annyit kell tennie, hogy k\u00f6veti az al\u00e1bbiakban ismertetett egyszer\u0171 l\u00e9p\u00e9seket, \u00e9s m\u00e1ris a kez\u00e9ben lesznek a jegyei.<br \/>\n<a href=\"https:\/\/redfoxlotto.com\/play\/superenalotto\/?ref=a8564250a2&amp;medium=ol365\" target=\"_blank\" rel=\"noopener noreferrer\"><img decoding=\"async\" class=\"aligncenter\" src=\"https:\/\/redfoxlotto.com\/image?size=8&amp;lottery=superenalotto\" alt=\"superenalotto\" \/><\/a><\/p>\n<ul>\n<li>V\u00e1lassza ki a lott\u00f3j\u00e1t\u00e9kot, amelyre szelv\u00e9nyt szeretne v\u00e1s\u00e1rolni, \u00e9s v\u00e1lassza ki a megj\u00e1tszani k\u00edv\u00e1nt sz\u00e1mokat, vagy v\u00e1lassza a gyors v\u00e1laszt\u00e1si lehet\u0151s\u00e9get, hogy a sz\u00e1m\u00edt\u00f3g\u00e9p<\/li>\n<li>v\u00e1lasszon \u00d6n helyett.<\/li>\n<li>Adjon hozz\u00e1 tov\u00e1bbi szelv\u00e9nyeket vagy tov\u00e1bbi lott\u00f3j\u00e1t\u00e9kokat a megrendel\u00e9s elk\u00e9sz\u00edt\u00e9s\u00e9hez<\/li>\n<li>V\u00e1lassza a most t\u00f6rt\u00e9n\u0151 fizet\u00e9s lehet\u0151s\u00e9g\u00e9t<\/li>\n<li>Hozzon l\u00e9tre egy fi\u00f3kot n\u00e1lunk, vagy jelentkezzen be fi\u00f3kj\u00e1ba, hogy megv\u00e1s\u00e1rolhassa szelv\u00e9nyeit.<\/li>\n<li>Azoknak, akiknek regisztr\u00e1lniuk kell egy fi\u00f3kot, keresni\u00fck kell egy ellen\u0151rz\u0151 linket az e-mailj\u00fckben, hogy megbizonyosodjanak arr\u00f3l, hogy a fi\u00f3kjukat teljesen be van-e \u00e1ll\u00edtva.<\/li>\n<li>Ne feledje, hogy a link a spam mapp\u00e1ba ker\u00fclhet, ha az e-mail c\u00edm\u00fcnk nincs hozz\u00e1adva a c\u00edmjegyz\u00e9k\u00e9hez, ez\u00e9rt ellen\u0151rizze k\u00e9tszer is.<\/li>\n<li>V\u00e1lassza a k\u00e9perny\u0151 tetej\u00e9n l\u00e9v\u0151 fizet\u00e9si ikont<\/li>\n<li>V\u00e1lassza ki a fizet\u00e9si m\u00f3dot, \u00e9s k\u00f6vesse az utas\u00edt\u00e1sokat a fizet\u00e9si folyamat befejez\u00e9s\u00e9hez<\/li>\n<\/ul>\n<h2>Hogyan fizessen online a Superenalotto jegy\u00e9\u00e9rt?<\/h2>\n<p>A Superenalotto jegy\u00e9nek magyarorsz\u00e1gi kifizet\u00e9s\u00e9t megk\u00f6nny\u00edtj\u00fck.<br \/>\na lehet\u0151 legegyszer\u0171bb\u00e9 tessz\u00fck a k\u00fcl\u00f6nb\u00f6z\u0151 fizet\u00e9si m\u00f3dok sz\u00e9les v\u00e1laszt\u00e9k\u00e1val. Csak v\u00e1lassza ki az \u00d6n \u00e1ltal prefer\u00e1ltat, \u00e9s m\u00e1ris \u00fatra kelhet.<\/p>\n<p>Ha k\u00e9szen \u00e1ll az online jegyv\u00e1s\u00e1rl\u00e1sra, csak v\u00e1lasztania kell a k\u00f6vetkez\u0151k k\u00f6z\u00fcl:<\/p>\n<ul>\n<li>Haszn\u00e1lja az el\u0151nyben r\u00e9szes\u00edtett fizet\u00e9si m\u00f3dot a jegyek k\u00f6zvetlen kifizet\u00e9s\u00e9hez.<\/li>\n<li>Fizessen p\u00e9nzt a sz\u00e1ml\u00e1j\u00e1ra, \u00e9s ezzel a p\u00e9nzzel v\u00e1s\u00e1rolja meg a jegyeket<\/li>\n<\/ul>\n<p>Csak gy\u0151z\u0151dj\u00f6n meg r\u00f3la, hogy a jegyek megv\u00e1s\u00e1rl\u00e1s\u00e1hoz sz\u00fcks\u00e9ges \u00f6sszegn\u00e9l t\u00f6bbet fizet be a sz\u00e1ml\u00e1j\u00e1ra, ha ezt a fizet\u00e9si m\u00f3dot v\u00e1lasztja.<\/p>\n<h2>Tov\u00e1bbi inform\u00e1ci\u00f3 a Superenalott\u00f3r\u00f3l<\/h2>\n<ul>\n<li>Orsz\u00e1g: Olaszorsz\u00e1g<\/li>\n<li>F\u0151 sz\u00e1mtartom\u00e1ny: 90<\/li>\n<li>\u00d6n v\u00e1laszt: 6<\/li>\n<li>Sorsol\u00e1s napjai, \u00f3r\u00e1i: Kedd, cs\u00fct\u00f6rt\u00f6k, szombat, 19:00 GMT, 21:00 CET<\/li>\n<li>Minim\u00e1lis jackpot: 2 milli\u00f3 \u20ac<\/li>\n<li>Maxim\u00e1lis jackpot: nincs<\/li>\n<li>A jackpot megnyer\u00e9s\u00e9nek val\u00f3sz\u00edn\u0171s\u00e9ge: 1 a 622614630-b\u00f3l<\/li>\n<li>A 2-es szint\u0171 nyerem\u00e9ny val\u00f3sz\u00edn\u0171s\u00e9ge: A f\u0151nyerem\u00e9ny \u00f6sszege: 1,5 milli\u00f3 forint: 1:103769105-hez<\/li>\n<li>A nyerem\u00e9ny val\u00f3sz\u00edn\u0171s\u00e9ge b\u00e1rmelyik szinten: 1:20,58-hoz<\/li>\n<li>A nyerem\u00e9nyszintek sz\u00e1ma: 6<\/li>\n<\/ul>\n<h2>A Superenalotto szelv\u00e9nyek online v\u00e1s\u00e1rl\u00e1s\u00e1nak el\u0151nyei<\/h2>\n<ul>\n<li>A szelv\u00e9nyv\u00e1s\u00e1rl\u00e1s onnan t\u00f6rt\u00e9nik, ahol \u00d6nnek a legk\u00e9nyelmesebb, bele\u00e9rtve Magyarorsz\u00e1got is.<\/li>\n<li>T\u00f6bbf\u00e9le lott\u00f3 k\u00f6z\u00fcl v\u00e1laszthat<\/li>\n<li>A legjobb nyer\u00e9si es\u00e9lyek a legjobb jackpotokkal rendelkez\u0151 lott\u00f3j\u00e1t\u00e9kokn\u00e1l<\/li>\n<li>T\u00f6lts\u00f6n p\u00e9nzt a sz\u00e1ml\u00e1j\u00e1ra, hogy k\u00f6zvetlen\u00fcl fizethessen a szelv\u00e9nyek\u00e9rt<\/li>\n<li>Nem kell agg\u00f3dnia a szelv\u00e9nye elveszt\u00e9se miatt<\/li>\n<li>Azonnali \u00e9rtes\u00edt\u00e9s, ha nyert\u00e9l<\/li>\n<li>V\u00e9letlensz\u00e1m-gener\u00e1tor a gyors szelv\u00e9nyv\u00e1laszt\u00e1si lehet\u0151s\u00e9gekhez<\/li>\n<\/ul>\n<h2>Leg\u00e1lis a Superenalotto szelv\u00e9nyek online v\u00e1s\u00e1rl\u00e1sa?<\/h2>\n<p>Mi a helyzet, ha agg\u00f3dik az online lott\u00f3szelv\u00e9nyv\u00e1s\u00e1rl\u00e1s jogszer\u0171s\u00e9ge miatt? Vagy ak\u00e1r hagyom\u00e1nyos m\u00f3don? Ha a lak\u00f3helye szerinti orsz\u00e1gban szigor\u00fa t\u00f6rv\u00e9nyek vannak \u00e9rv\u00e9nyben, akkor agg\u00f3dhat, de nem kell agg\u00f3dnia. Ez az\u00e9rt van, mert szolg\u00e1ltat\u00e1sunk k\u00f6veti az el\u0151\u00edr\u00e1sokat, \u00e9s gondoskodik arr\u00f3l, hogy \u00d6n megkapja a nyerem\u00e9ny\u00e9t, f\u00fcggetlen\u00fcl att\u00f3l, hogy mennyit nyer, vagy hogy hol \u00e9l. A szolg\u00e1ltat\u00e1s haszn\u00e1lat\u00e1hoz mind\u00f6ssze 18 \u00e9vesnek kell lenned.<\/p>\n<h2>Hogyan kapok p\u00e9nzt, ha Superenalotto online nyerek?<\/h2>\n<p><img loading=\"lazy\" decoding=\"async\" class=\"alignright size-medium wp-image-3615\" src=\"https:\/\/onlinelotto365.com\/wp-content\/uploads\/2020\/11\/online_lottery-52-300x169.jpg\" alt=\"Superenalotto online j\u00e1tszani UK\" width=\"300\" height=\"169\" srcset=\"https:\/\/onlinelotto365.com\/wp-content\/uploads\/2020\/11\/online_lottery-52-300x169.jpg 300w, https:\/\/onlinelotto365.com\/wp-content\/uploads\/2020\/11\/online_lottery-52.jpg 462w\" sizes=\"auto, (max-width: 300px) 100vw, 300px\" \/><br \/>\nHa nyersz, a kifizet\u00e9si folyamat egyszer\u0171, mert nagyon keveset kell tenned. \u00c9s nem kell agg\u00f3dnod amiatt sem, hogy elvesz\u00edted a nyerem\u00e9nyedet. Nem vesz\u00fcnk fel jutal\u00e9kot, ha nyer, \u00e9s nem sz\u00e1m\u00edtunk fel semmilyen d\u00edjat, hacsak nem v\u00e1lasztja a banki \u00e1tutal\u00e1st. Ebben az esetben, ha a bank d\u00edjat sz\u00e1m\u00edt fel nek\u00fcnk az \u00e1tutal\u00e1s\u00e9rt, akkor ezeket a d\u00edjakat tov\u00e1bbadjuk, \u00e9s el\u0151fordulhat, hogy egy kis \u00f6sszeget levonunk a nyerem\u00e9nyedb\u0151l.<\/p>\n<h2>Egy\u00e9bk\u00e9nt k\u00e9t dolgot kell tudnia:<\/h2>\n<ul>\n<li>A 2500 \u20ac alatti nyerem\u00e9nyeket azonnal k\u00f6zvetlen\u00fcl a j\u00e1t\u00e9kossz\u00e1ml\u00e1dra utaljuk, \u00edgy azt arra haszn\u00e1lhatod fel, amire akarod.<\/li>\n<li>A 2500 \u20ac feletti \u00f6sszegekn\u00e9l tov\u00e1bbi l\u00e9p\u00e9sre van sz\u00fcks\u00e9g. \u00dcgyf\u00e9lszolg\u00e1latunk felveszi \u00d6nnel a kapcsolatot egy \u0171rlappal, amelyet ki kell t\u00f6ltenie a lott\u00f3 jutal\u00e9khoz. Az \u0171rlapon r\u00e9szletezni fogod, hogy hogyan szeretn\u00e9d, hogy a kifizet\u00e9sek hogyan t\u00f6rt\u00e9njenek, \u00e9s a megnyert \u00f6sszegr\u0151l banki \u00e1tutal\u00e1st vagy csekket kaphatsz.<\/li>\n<\/ul>\n","protected":false},"excerpt":{"rendered":"<p>Szeretne online Superenalotto jegyet v\u00e1s\u00e1rolni Magyarorsz\u00e1gr\u00f3l, de nem tudja, hogyan tegye? Akkor j\u00f3 helyen j\u00e1rsz, mert mi elint\u00e9zz\u00fck neked. Mind\u00f6ssze annyit kell tennie, hogy k\u00f6veti az al\u00e1bbiakban ismertetett egyszer\u0171 l\u00e9p\u00e9seket, \u00e9s m\u00e1ris a kez\u00e9ben lesznek a jegyei. V\u00e1lassza ki a lott\u00f3j\u00e1t\u00e9kot, amelyre szelv\u00e9nyt szeretne v\u00e1s\u00e1rolni, \u00e9s v\u00e1lassza ki a megj\u00e1tszani k\u00edv\u00e1nt sz\u00e1mokat, vagy v\u00e1lassza a [&hellip;]<\/p>\n","protected":false},"author":1,"featured_media":0,"parent":5637,"menu_order":5,"comment_status":"closed","ping_status":"closed","template":"superenalotto-info.php","meta":{"_et_pb_use_builder":"","_et_pb_old_content":"","_et_gb_content_width":"","exclude_from_search":false,"footnotes":""},"class_list":["post-80219","page","type-page","status-publish","hentry"],"yoast_head":"<!-- This site is optimized with the Yoast SEO plugin v23.4 - https:\/\/yoast.com\/wordpress\/plugins\/seo\/ -->\n<title>A Superenalotto online jegyv\u00e1s\u00e1rl\u00e1sr\u00f3l Magyarorsz\u00e1gr\u00f3l<\/title>\n<meta name=\"description\" content=\"Tudja meg, hogyan v\u00e1s\u00e1rolhat jegyeket Superenalotto b\u00e1rhonnan, bele\u00e9rtve Magyarorsz\u00e1got is.\" \/>\n<meta name=\"robots\" content=\"index, follow, max-snippet:-1, max-image-preview:large, max-video-preview:-1\" \/>\n<link rel=\"canonical\" href=\"https:\/\/onlinelotto365.com\/hu\/jegyeket-vesz\/superenalotto\/\" \/>\n<meta property=\"og:locale\" content=\"hu_HU\" \/>\n<meta property=\"og:type\" content=\"article\" \/>\n<meta property=\"og:title\" content=\"A Superenalotto online jegyv\u00e1s\u00e1rl\u00e1sr\u00f3l Magyarorsz\u00e1gr\u00f3l\" \/>\n<meta property=\"og:description\" content=\"Tudja meg, hogyan v\u00e1s\u00e1rolhat jegyeket Superenalotto b\u00e1rhonnan, bele\u00e9rtve Magyarorsz\u00e1got is.\" \/>\n<meta property=\"og:url\" content=\"https:\/\/onlinelotto365.com\/hu\/jegyeket-vesz\/superenalotto\/\" \/>\n<meta property=\"og:site_name\" content=\"OnlineLotto365\" \/>\n<meta property=\"og:image\" content=\"https:\/\/redfoxlotto.com\/image?size=8&amp;lottery=superenalotto\" \/>\n<meta name=\"twitter:card\" content=\"summary_large_image\" \/>\n<meta name=\"twitter:label1\" content=\"Becs\u00fclt olvas\u00e1si id\u0151\" \/>\n\t<meta name=\"twitter:data1\" content=\"3 perc\" \/>\n<script type=\"application\/ld+json\" class=\"yoast-schema-graph\">{\"@context\":\"https:\/\/schema.org\",\"@graph\":[{\"@type\":\"WebPage\",\"@id\":\"https:\/\/onlinelotto365.com\/hu\/jegyeket-vesz\/superenalotto\/\",\"url\":\"https:\/\/onlinelotto365.com\/hu\/jegyeket-vesz\/superenalotto\/\",\"name\":\"A Superenalotto online jegyv\u00e1s\u00e1rl\u00e1sr\u00f3l Magyarorsz\u00e1gr\u00f3l\",\"isPartOf\":{\"@id\":\"https:\/\/onlinelotto365.com\/hu\/#website\"},\"primaryImageOfPage\":{\"@id\":\"https:\/\/onlinelotto365.com\/hu\/jegyeket-vesz\/superenalotto\/#primaryimage\"},\"image\":{\"@id\":\"https:\/\/onlinelotto365.com\/hu\/jegyeket-vesz\/superenalotto\/#primaryimage\"},\"thumbnailUrl\":\"https:\/\/redfoxlotto.com\/image?size=8&amp;lottery=superenalotto\",\"datePublished\":\"2022-11-15T10:34:06+00:00\",\"dateModified\":\"2022-11-15T10:34:06+00:00\",\"description\":\"Tudja meg, hogyan v\u00e1s\u00e1rolhat jegyeket Superenalotto b\u00e1rhonnan, bele\u00e9rtve Magyarorsz\u00e1got is.\",\"breadcrumb\":{\"@id\":\"https:\/\/onlinelotto365.com\/hu\/jegyeket-vesz\/superenalotto\/#breadcrumb\"},\"inLanguage\":\"hu\",\"potentialAction\":[{\"@type\":\"ReadAction\",\"target\":[\"https:\/\/onlinelotto365.com\/hu\/jegyeket-vesz\/superenalotto\/\"]}]},{\"@type\":\"ImageObject\",\"inLanguage\":\"hu\",\"@id\":\"https:\/\/onlinelotto365.com\/hu\/jegyeket-vesz\/superenalotto\/#primaryimage\",\"url\":\"https:\/\/redfoxlotto.com\/image?size=8&amp;lottery=superenalotto\",\"contentUrl\":\"https:\/\/redfoxlotto.com\/image?size=8&amp;lottery=superenalotto\"},{\"@type\":\"BreadcrumbList\",\"@id\":\"https:\/\/onlinelotto365.com\/hu\/jegyeket-vesz\/superenalotto\/#breadcrumb\",\"itemListElement\":[{\"@type\":\"ListItem\",\"position\":1,\"name\":\"Home\",\"item\":\"https:\/\/onlinelotto365.com\/hu\/\"},{\"@type\":\"ListItem\",\"position\":2,\"name\":\"Most a nagyokr\u00f3l van sz\u00f3: A vil\u00e1g legnagyobb lott\u00f3i\",\"item\":\"https:\/\/onlinelotto365.com\/hu\/jegyeket-vesz\/\"},{\"@type\":\"ListItem\",\"position\":3,\"name\":\"Hogyan v\u00e1s\u00e1roljon Superenalotto jegyeket online\"}]},{\"@type\":\"WebSite\",\"@id\":\"https:\/\/onlinelotto365.com\/hu\/#website\",\"url\":\"https:\/\/onlinelotto365.com\/hu\/\",\"name\":\"OnlineLotto365\",\"description\":\"\",\"potentialAction\":[{\"@type\":\"SearchAction\",\"target\":{\"@type\":\"EntryPoint\",\"urlTemplate\":\"https:\/\/onlinelotto365.com\/hu\/?s={search_term_string}\"},\"query-input\":{\"@type\":\"PropertyValueSpecification\",\"valueRequired\":true,\"valueName\":\"search_term_string\"}}],\"inLanguage\":\"hu\"}]}<\/script>\n<!-- \/ Yoast SEO plugin. -->","yoast_head_json":{"title":"A Superenalotto online jegyv\u00e1s\u00e1rl\u00e1sr\u00f3l Magyarorsz\u00e1gr\u00f3l","description":"Tudja meg, hogyan v\u00e1s\u00e1rolhat jegyeket Superenalotto b\u00e1rhonnan, bele\u00e9rtve Magyarorsz\u00e1got is.","robots":{"index":"index","follow":"follow","max-snippet":"max-snippet:-1","max-image-preview":"max-image-preview:large","max-video-preview":"max-video-preview:-1"},"canonical":"https:\/\/onlinelotto365.com\/hu\/jegyeket-vesz\/superenalotto\/","og_locale":"hu_HU","og_type":"article","og_title":"A Superenalotto online jegyv\u00e1s\u00e1rl\u00e1sr\u00f3l Magyarorsz\u00e1gr\u00f3l","og_description":"Tudja meg, hogyan v\u00e1s\u00e1rolhat jegyeket Superenalotto b\u00e1rhonnan, bele\u00e9rtve Magyarorsz\u00e1got is.","og_url":"https:\/\/onlinelotto365.com\/hu\/jegyeket-vesz\/superenalotto\/","og_site_name":"OnlineLotto365","og_image":[{"url":"https:\/\/redfoxlotto.com\/image?size=8&amp;lottery=superenalotto"}],"twitter_card":"summary_large_image","twitter_misc":{"Becs\u00fclt olvas\u00e1si id\u0151":"3 perc"},"schema":{"@context":"https:\/\/schema.org","@graph":[{"@type":"WebPage","@id":"https:\/\/onlinelotto365.com\/hu\/jegyeket-vesz\/superenalotto\/","url":"https:\/\/onlinelotto365.com\/hu\/jegyeket-vesz\/superenalotto\/","name":"A Superenalotto online jegyv\u00e1s\u00e1rl\u00e1sr\u00f3l Magyarorsz\u00e1gr\u00f3l","isPartOf":{"@id":"https:\/\/onlinelotto365.com\/hu\/#website"},"primaryImageOfPage":{"@id":"https:\/\/onlinelotto365.com\/hu\/jegyeket-vesz\/superenalotto\/#primaryimage"},"image":{"@id":"https:\/\/onlinelotto365.com\/hu\/jegyeket-vesz\/superenalotto\/#primaryimage"},"thumbnailUrl":"https:\/\/redfoxlotto.com\/image?size=8&amp;lottery=superenalotto","datePublished":"2022-11-15T10:34:06+00:00","dateModified":"2022-11-15T10:34:06+00:00","description":"Tudja meg, hogyan v\u00e1s\u00e1rolhat jegyeket Superenalotto b\u00e1rhonnan, bele\u00e9rtve Magyarorsz\u00e1got is.","breadcrumb":{"@id":"https:\/\/onlinelotto365.com\/hu\/jegyeket-vesz\/superenalotto\/#breadcrumb"},"inLanguage":"hu","potentialAction":[{"@type":"ReadAction","target":["https:\/\/onlinelotto365.com\/hu\/jegyeket-vesz\/superenalotto\/"]}]},{"@type":"ImageObject","inLanguage":"hu","@id":"https:\/\/onlinelotto365.com\/hu\/jegyeket-vesz\/superenalotto\/#primaryimage","url":"https:\/\/redfoxlotto.com\/image?size=8&amp;lottery=superenalotto","contentUrl":"https:\/\/redfoxlotto.com\/image?size=8&amp;lottery=superenalotto"},{"@type":"BreadcrumbList","@id":"https:\/\/onlinelotto365.com\/hu\/jegyeket-vesz\/superenalotto\/#breadcrumb","itemListElement":[{"@type":"ListItem","position":1,"name":"Home","item":"https:\/\/onlinelotto365.com\/hu\/"},{"@type":"ListItem","position":2,"name":"Most a nagyokr\u00f3l van sz\u00f3: A vil\u00e1g legnagyobb lott\u00f3i","item":"https:\/\/onlinelotto365.com\/hu\/jegyeket-vesz\/"},{"@type":"ListItem","position":3,"name":"Hogyan v\u00e1s\u00e1roljon Superenalotto jegyeket online"}]},{"@type":"WebSite","@id":"https:\/\/onlinelotto365.com\/hu\/#website","url":"https:\/\/onlinelotto365.com\/hu\/","name":"OnlineLotto365","description":"","potentialAction":[{"@type":"SearchAction","target":{"@type":"EntryPoint","urlTemplate":"https:\/\/onlinelotto365.com\/hu\/?s={search_term_string}"},"query-input":{"@type":"PropertyValueSpecification","valueRequired":true,"valueName":"search_term_string"}}],"inLanguage":"hu"}]}},"_links":{"self":[{"href":"https:\/\/onlinelotto365.com\/hu\/wp-json\/wp\/v2\/pages\/80219","targetHints":{"allow":["GET"]}}],"collection":[{"href":"https:\/\/onlinelotto365.com\/hu\/wp-json\/wp\/v2\/pages"}],"about":[{"href":"https:\/\/onlinelotto365.com\/hu\/wp-json\/wp\/v2\/types\/page"}],"author":[{"embeddable":true,"href":"https:\/\/onlinelotto365.com\/hu\/wp-json\/wp\/v2\/users\/1"}],"replies":[{"embeddable":true,"href":"https:\/\/onlinelotto365.com\/hu\/wp-json\/wp\/v2\/comments?post=80219"}],"version-history":[{"count":0,"href":"https:\/\/onlinelotto365.com\/hu\/wp-json\/wp\/v2\/pages\/80219\/revisions"}],"up":[{"embeddable":true,"href":"https:\/\/onlinelotto365.com\/hu\/wp-json\/wp\/v2\/pages\/5637"}],"wp:attachment":[{"href":"https:\/\/onlinelotto365.com\/hu\/wp-json\/wp\/v2\/media?parent=80219"}],"curies":[{"name":"wp","href":"https:\/\/api.w.org\/{rel}","templated":true}]}}