{"id":80249,"date":"2022-11-15T14:02:24","date_gmt":"2022-11-15T13:02:24","guid":{"rendered":"https:\/\/onlinelotto365.com\/?page_id=80249"},"modified":"2022-11-16T07:06:47","modified_gmt":"2022-11-16T06:06:47","slug":"el-gordo","status":"publish","type":"page","link":"https:\/\/onlinelotto365.com\/hu\/jegyeket-vesz\/el-gordo\/","title":{"rendered":"Hogyan v\u00e1s\u00e1rolhat El Gordo jegyeket online"},"content":{"rendered":"<p>K\u00edv\u00e1ncsi arra, hogy Magyarorsz\u00e1gon \u00e9lve, online v\u00e1s\u00e1rolhat-e El Gordo jegyet? Nos, akkor ezt a cikket nem akarod kihagyni, mert v\u00e9gigvezet\u00fcnk a folyamaton, hogy gond n\u00e9lk\u00fcl megszerezd a k\u00edv\u00e1nt jegyeket, r\u00e1ad\u00e1sul an\u00e9lk\u00fcl, hogy egy olyan orsz\u00e1gba kellene utaznod, ahol \u00e1ltal\u00e1ban ezt a j\u00e1t\u00e9kot j\u00e1tssz\u00e1k.<br \/>\n<a href=\"https:\/\/redfoxlotto.com\/play\/el-gordo-primitiva\/?ref=a8564250a2&amp;medium=ol365\" target=\"_blank\" rel=\"noopener noreferrer\"><img decoding=\"async\" class=\"aligncenter\" src=\"https:\/\/redfoxlotto.com\/image?size=8&amp;lottery=el-gordo-primitiva\" alt=\"el gordo\" \/><\/a><\/p>\n<ul>\n<li>N\u00e9zd meg a lott\u00f3 f\u0151oldal\u00e1t, amelyen j\u00e1tszani szeretn\u00e9l, \u00e9s v\u00e1laszd ki a szelv\u00e9nyeken szerepl\u0151 sz\u00e1mokat.<\/li>\n<li>Adjon hozz\u00e1 m\u00e9g t\u00f6bb szelv\u00e9nyt ugyanarra a j\u00e1t\u00e9kra vagy m\u00e1s j\u00e1t\u00e9kokra, amelyeket j\u00e1tszani szeretne, hogy teljes legyen a rendel\u00e9se.<\/li>\n<li>V\u00e1lassza a mostani fizet\u00e9s lehet\u0151s\u00e9g\u00e9t<\/li>\n<li>Menjen v\u00e9gig a fi\u00f3kja regisztr\u00e1ci\u00f3s folyamat\u00e1n, ha m\u00e9g soha nem v\u00e1s\u00e1rolt t\u0151l\u00fcnk, vagy jelentkezzen be megl\u00e9v\u0151 fi\u00f3kj\u00e1ba, ha m\u00e1r rendelkezik ilyennel.<\/li>\n<li>Ellen\u0151rizze az e-mailj\u00e9t az ellen\u0151rz\u0151 link\u00e9rt az olyan fi\u00f3kok eset\u00e9ben, amelyek ellen\u0151rz\u00e9sre \u00e9s regisztr\u00e1ci\u00f3ra szorulnak.<\/li>\n<li>Ha az e-mail nem jelenik meg a postal\u00e1d\u00e1j\u00e1ban, n\u00e9zze meg a spam mapp\u00e1t, hogy megbizonyosodjon r\u00f3la, hogy nem oda ker\u00fclt.<\/li>\n<li>Kattintson a kos\u00e1rra a megrendel\u00e9s kifizet\u00e9s\u00e9hez.<\/li>\n<li>V\u00e1lassza ki a k\u00edv\u00e1nt fizet\u00e9si m\u00f3dot, \u00e9s k\u00f6vesse a fizet\u00e9si utas\u00edt\u00e1sokat.<\/li>\n<\/ul>\n<h2>Hogyan fizethet El Gordo jegyet online<\/h2>\n<p>A jegyek kifizet\u00e9se egyszer\u0171 \u00e9s gyors, mert szeretn\u00e9nk biztos\u00edtani, hogy magyarorsz\u00e1gi \u00fcgyfeleink akkor v\u00e1lassz\u00e1k ki a k\u00edv\u00e1nt jegyeket, amikor akarj\u00e1k.<br \/>\nV\u00e1laszthat, hogy a k\u00f6vetkez\u0151 m\u00f3dokon fizeti ki jegyeit:<\/p>\n<ul>\n<li>Adja meg a fizet\u00e9si m\u00f3dot a v\u00e1s\u00e1rl\u00e1s k\u00f6zvetlen lebonyol\u00edt\u00e1s\u00e1hoz<\/li>\n<li>Adjon hozz\u00e1 p\u00e9nzt a sz\u00e1ml\u00e1j\u00e1hoz, hogy k\u00f6zvetlen\u00fcl onnan fizethessen<\/li>\n<\/ul>\n<p>Gy\u0151z\u0151dj meg r\u00f3la, hogy a kellet\u00e9n\u00e9l t\u00f6bbet adsz hozz\u00e1 a j\u00e1t\u00e9kos sz\u00e1ml\u00e1dhoz, ha k\u00f6zvetlen\u00fcl innen szeretn\u00e9l v\u00e1s\u00e1rolni.<\/p>\n<h2>Tov\u00e1bbi inform\u00e1ci\u00f3 az El Gordo-r\u00f3l<\/h2>\n<ul>\n<li>Orsz\u00e1g: Spanyolorsz\u00e1g<\/li>\n<li>F\u0151 sz\u00e1mtartom\u00e1ny: 54<\/li>\n<li>\u00d6n v\u00e1laszt: 5<\/li>\n<li>Extra sz\u00e1mok tartom\u00e1nya: nincs<\/li>\n<li>\u00d6n v\u00e1laszt: nincs<\/li>\n<li>Sorsol\u00e1si napok, \u00f3r\u00e1k: Vas\u00e1rnap, 21:30 CET, 21:30 CET<\/li>\n<li>Minim\u00e1lis jackpot: 4 milli\u00f3 \u20ac<\/li>\n<li>Maxim\u00e1lis jackpot: nincs<\/li>\n<li>A jackpot megnyer\u00e9s\u00e9nek val\u00f3sz\u00edn\u0171s\u00e9ge: 1 a 31625100-hoz<\/li>\n<li>A 2-es szint\u0171 nyerem\u00e9ny val\u00f3sz\u00edn\u0171s\u00e9ge: 1: 1:3513900-b\u00f3l<\/li>\n<li>A nyerem\u00e9ny val\u00f3sz\u00edn\u0171s\u00e9ge b\u00e1rmelyik szinten: 1:6,16-hoz<\/li>\n<li>A nyerem\u00e9nyszintek sz\u00e1ma: 9<\/li>\n<\/ul>\n<h2>Az El Gordo szelv\u00e9nyek online v\u00e1s\u00e1rl\u00e1s\u00e1nak el\u0151nyei<\/h2>\n<ul>\n<li>Szerezze be a k\u00edv\u00e1nt jegyeket an\u00e9lk\u00fcl, hogy elhagyn\u00e1 otthon\u00e1t<\/li>\n<li>M\u00e9g t\u00f6bb lott\u00f3j\u00e1t\u00e9k k\u00f6z\u00fcl v\u00e1laszthat<\/li>\n<li>M\u00e9g jobb nyer\u00e9si es\u00e9lyek a legjobb jackpotokkal rendelkez\u0151 lott\u00f3j\u00e1t\u00e9kok kiv\u00e1laszt\u00e1s\u00e1val<\/li>\n<li>T\u00f6lts\u00f6n p\u00e9nzt a sz\u00e1ml\u00e1j\u00e1ra, \u00e9s fizessen a szelv\u00e9nyek\u00e9rt a lott\u00f3egyenleg\u00e9vel<\/li>\n<li>K\u00f6nnyen nyomon k\u00f6vetheti szelv\u00e9nyeit<\/li>\n<li>Kapjon azonnali \u00e9rtes\u00edt\u00e9st a nyertes szelv\u00e9nyekr\u0151l<\/li>\n<li>Hagyja, hogy a sz\u00e1m\u00edt\u00f3g\u00e9p v\u00e1lassza ki az \u00d6n \u00e1ltal haszn\u00e1lt szelv\u00e9nysz\u00e1mokat<\/li>\n<\/ul>\n<h2>Leg\u00e1lis El Gordo szelv\u00e9nyeket v\u00e1s\u00e1rolni online?<\/h2>\n<p>Nem kell agg\u00f3dnod, hogy a szelv\u00e9nyeid \u00e9s az online vagy hagyom\u00e1nyos m\u00f3don t\u00f6rt\u00e9n\u0151 v\u00e1s\u00e1rl\u00e1s leg\u00e1lis-e Magyarorsz\u00e1gon. Rendszer\u00fcnk mindent leg\u00e1lisan \u00e9s az el\u0151\u00edr\u00e1soknak megfelel\u0151en v\u00e9gez. Arr\u00f3l nem is besz\u00e9lve, hogy megkapja a fizet\u00e9s\u00e9t \u00e9s a nyerem\u00e9ny\u00e9t, b\u00e1rmi is t\u00f6rt\u00e9njen. Gondoskodunk r\u00f3la, hogy a lehet\u0151 leggyorsabban \u00e1tutal\u00e1sra ker\u00fclj\u00f6n a sz\u00e1ml\u00e1dra.<br \/>\nMind\u00f6ssze 18 \u00e9vesnek kell lenned ahhoz, hogy haszn\u00e1lhasd weboldalunkat.<\/p>\n<h2>Hogyan kapok p\u00e9nzt, ha El Gordo online nyertem?<\/h2>\n<p><img loading=\"lazy\" decoding=\"async\" class=\"alignright wp-image-3585\" src=\"https:\/\/onlinelotto365.com\/wp-content\/uploads\/2020\/11\/online_lottery-106.jpg\" alt=\"El gordo online j\u00e1t\u00e9k Magyarorsz\u00e1g\" width=\"282\" height=\"169\" \/><br \/>\nTudjuk, hogy a kifizet\u00e9s rendk\u00edv\u00fcl fontos sz\u00e1modra, ez\u00e9rt rengeteg id\u0151t \u00e9s energi\u00e1t fektet\u00fcnk ebbe a folyamatba. Gondoskodunk arr\u00f3l, hogy az \u00f6sszes nyerem\u00e9nyedet megkapd an\u00e9lk\u00fcl, hogy d\u00edjakat vagy jutal\u00e9kot venn\u00e9nk el magunknak. Csak akkor fizetsz nek\u00fcnk valamit, ha banki \u00e1tutal\u00e1st v\u00e1lasztasz fizet\u00e9si m\u00f3dnak. Bizonyos ter\u00fcleteken ez a banknak d\u00edjat kell fizetnie a Magyarorsz\u00e1gra t\u00f6rt\u00e9n\u0151 \u00e1tutal\u00e1s\u00e9rt, \u00e9s mi ezt a kis d\u00edjat is \u00e1th\u00e1r\u00edtjuk \u00d6nre.<\/p>\n<h2>Egy\u00e9bk\u00e9nt a fizet\u00e9s k\u00e9tf\u00e9le m\u00f3don t\u00f6rt\u00e9nik:<\/h2>\n<p>Ha 2500 \u20ac-n\u00e1l kevesebbet nyersz, akkor azt automatikusan k\u00f6zvetlen\u00fcl a sz\u00e1ml\u00e1dra fizetj\u00fck be, \u00edgy semmi m\u00e1st nem kell tenned.<br \/>\nHa 2500 \u20ac-n\u00e1l t\u00f6bbet nyersz, akkor meg kell v\u00e1rnod egy e-mailt \u00fcgyf\u00e9lszolg\u00e1latunkt\u00f3l, hogy kit\u00f6lthesd az ig\u00e9nyl\u0151lapot. Ez lehet\u0151v\u00e9 teszi, hogy a nyerem\u00e9nyedet k\u00f6zvetlen\u00fcl banki \u00e1tutal\u00e1ssal vagy egy neked k\u00fcld\u00f6tt csekken kereszt\u00fcl fizess\u00fck be.<\/p>\n","protected":false},"excerpt":{"rendered":"<p>K\u00edv\u00e1ncsi arra, hogy Magyarorsz\u00e1gon \u00e9lve, online v\u00e1s\u00e1rolhat-e El Gordo jegyet? Nos, akkor ezt a cikket nem akarod kihagyni, mert v\u00e9gigvezet\u00fcnk a folyamaton, hogy gond n\u00e9lk\u00fcl megszerezd a k\u00edv\u00e1nt jegyeket, r\u00e1ad\u00e1sul an\u00e9lk\u00fcl, hogy egy olyan orsz\u00e1gba kellene utaznod, ahol \u00e1ltal\u00e1ban ezt a j\u00e1t\u00e9kot j\u00e1tssz\u00e1k. N\u00e9zd meg a lott\u00f3 f\u0151oldal\u00e1t, amelyen j\u00e1tszani szeretn\u00e9l, \u00e9s v\u00e1laszd ki a [&hellip;]<\/p>\n","protected":false},"author":1,"featured_media":0,"parent":5637,"menu_order":6,"comment_status":"closed","ping_status":"closed","template":"el-gordo-info.php","meta":{"_et_pb_use_builder":"","_et_pb_old_content":"","_et_gb_content_width":"","exclude_from_search":false,"footnotes":""},"class_list":["post-80249","page","type-page","status-publish","hentry"],"yoast_head":"<!-- This site is optimized with the Yoast SEO plugin v23.4 - https:\/\/yoast.com\/wordpress\/plugins\/seo\/ -->\n<title>El Gordo Magyarorsz\u00e1gr\u00f3l - hogyan lehet online jegyet v\u00e1s\u00e1rolni?<\/title>\n<meta name=\"description\" content=\"Ez a spanyol lott\u00f3 m\u00e1r Magyarorsz\u00e1gr\u00f3l is el\u00e9rhet\u0151 - v\u00e1s\u00e1roljon online szelv\u00e9nyt\" \/>\n<meta name=\"robots\" content=\"index, follow, max-snippet:-1, max-image-preview:large, max-video-preview:-1\" \/>\n<link rel=\"canonical\" href=\"https:\/\/onlinelotto365.com\/hu\/jegyeket-vesz\/el-gordo\/\" \/>\n<meta property=\"og:locale\" content=\"hu_HU\" \/>\n<meta property=\"og:type\" content=\"article\" \/>\n<meta property=\"og:title\" content=\"El Gordo Magyarorsz\u00e1gr\u00f3l - hogyan lehet online jegyet v\u00e1s\u00e1rolni?\" \/>\n<meta property=\"og:description\" content=\"Ez a spanyol lott\u00f3 m\u00e1r Magyarorsz\u00e1gr\u00f3l is el\u00e9rhet\u0151 - v\u00e1s\u00e1roljon online szelv\u00e9nyt\" \/>\n<meta property=\"og:url\" content=\"https:\/\/onlinelotto365.com\/hu\/jegyeket-vesz\/el-gordo\/\" \/>\n<meta property=\"og:site_name\" content=\"OnlineLotto365\" \/>\n<meta property=\"article:modified_time\" content=\"2022-11-16T06:06:47+00:00\" \/>\n<meta property=\"og:image\" content=\"https:\/\/redfoxlotto.com\/image?size=8&amp;lottery=el-gordo-primitiva\" \/>\n<meta name=\"twitter:card\" content=\"summary_large_image\" \/>\n<meta name=\"twitter:label1\" content=\"Becs\u00fclt olvas\u00e1si id\u0151\" \/>\n\t<meta name=\"twitter:data1\" content=\"3 perc\" \/>\n<script type=\"application\/ld+json\" class=\"yoast-schema-graph\">{\"@context\":\"https:\/\/schema.org\",\"@graph\":[{\"@type\":\"WebPage\",\"@id\":\"https:\/\/onlinelotto365.com\/hu\/jegyeket-vesz\/el-gordo\/\",\"url\":\"https:\/\/onlinelotto365.com\/hu\/jegyeket-vesz\/el-gordo\/\",\"name\":\"El Gordo Magyarorsz\u00e1gr\u00f3l - hogyan lehet online jegyet v\u00e1s\u00e1rolni?\",\"isPartOf\":{\"@id\":\"https:\/\/onlinelotto365.com\/hu\/#website\"},\"primaryImageOfPage\":{\"@id\":\"https:\/\/onlinelotto365.com\/hu\/jegyeket-vesz\/el-gordo\/#primaryimage\"},\"image\":{\"@id\":\"https:\/\/onlinelotto365.com\/hu\/jegyeket-vesz\/el-gordo\/#primaryimage\"},\"thumbnailUrl\":\"https:\/\/redfoxlotto.com\/image?size=8&amp;lottery=el-gordo-primitiva\",\"datePublished\":\"2022-11-15T13:02:24+00:00\",\"dateModified\":\"2022-11-16T06:06:47+00:00\",\"description\":\"Ez a spanyol lott\u00f3 m\u00e1r Magyarorsz\u00e1gr\u00f3l is el\u00e9rhet\u0151 - v\u00e1s\u00e1roljon online szelv\u00e9nyt\",\"breadcrumb\":{\"@id\":\"https:\/\/onlinelotto365.com\/hu\/jegyeket-vesz\/el-gordo\/#breadcrumb\"},\"inLanguage\":\"hu\",\"potentialAction\":[{\"@type\":\"ReadAction\",\"target\":[\"https:\/\/onlinelotto365.com\/hu\/jegyeket-vesz\/el-gordo\/\"]}]},{\"@type\":\"ImageObject\",\"inLanguage\":\"hu\",\"@id\":\"https:\/\/onlinelotto365.com\/hu\/jegyeket-vesz\/el-gordo\/#primaryimage\",\"url\":\"https:\/\/redfoxlotto.com\/image?size=8&amp;lottery=el-gordo-primitiva\",\"contentUrl\":\"https:\/\/redfoxlotto.com\/image?size=8&amp;lottery=el-gordo-primitiva\"},{\"@type\":\"BreadcrumbList\",\"@id\":\"https:\/\/onlinelotto365.com\/hu\/jegyeket-vesz\/el-gordo\/#breadcrumb\",\"itemListElement\":[{\"@type\":\"ListItem\",\"position\":1,\"name\":\"Home\",\"item\":\"https:\/\/onlinelotto365.com\/hu\/\"},{\"@type\":\"ListItem\",\"position\":2,\"name\":\"Most a nagyokr\u00f3l van sz\u00f3: A vil\u00e1g legnagyobb lott\u00f3i\",\"item\":\"https:\/\/onlinelotto365.com\/hu\/jegyeket-vesz\/\"},{\"@type\":\"ListItem\",\"position\":3,\"name\":\"Hogyan v\u00e1s\u00e1rolhat El Gordo jegyeket online\"}]},{\"@type\":\"WebSite\",\"@id\":\"https:\/\/onlinelotto365.com\/hu\/#website\",\"url\":\"https:\/\/onlinelotto365.com\/hu\/\",\"name\":\"OnlineLotto365\",\"description\":\"\",\"potentialAction\":[{\"@type\":\"SearchAction\",\"target\":{\"@type\":\"EntryPoint\",\"urlTemplate\":\"https:\/\/onlinelotto365.com\/hu\/?s={search_term_string}\"},\"query-input\":{\"@type\":\"PropertyValueSpecification\",\"valueRequired\":true,\"valueName\":\"search_term_string\"}}],\"inLanguage\":\"hu\"}]}<\/script>\n<!-- \/ Yoast SEO plugin. -->","yoast_head_json":{"title":"El Gordo Magyarorsz\u00e1gr\u00f3l - hogyan lehet online jegyet v\u00e1s\u00e1rolni?","description":"Ez a spanyol lott\u00f3 m\u00e1r Magyarorsz\u00e1gr\u00f3l is el\u00e9rhet\u0151 - v\u00e1s\u00e1roljon online szelv\u00e9nyt","robots":{"index":"index","follow":"follow","max-snippet":"max-snippet:-1","max-image-preview":"max-image-preview:large","max-video-preview":"max-video-preview:-1"},"canonical":"https:\/\/onlinelotto365.com\/hu\/jegyeket-vesz\/el-gordo\/","og_locale":"hu_HU","og_type":"article","og_title":"El Gordo Magyarorsz\u00e1gr\u00f3l - hogyan lehet online jegyet v\u00e1s\u00e1rolni?","og_description":"Ez a spanyol lott\u00f3 m\u00e1r Magyarorsz\u00e1gr\u00f3l is el\u00e9rhet\u0151 - v\u00e1s\u00e1roljon online szelv\u00e9nyt","og_url":"https:\/\/onlinelotto365.com\/hu\/jegyeket-vesz\/el-gordo\/","og_site_name":"OnlineLotto365","article_modified_time":"2022-11-16T06:06:47+00:00","og_image":[{"url":"https:\/\/redfoxlotto.com\/image?size=8&amp;lottery=el-gordo-primitiva"}],"twitter_card":"summary_large_image","twitter_misc":{"Becs\u00fclt olvas\u00e1si id\u0151":"3 perc"},"schema":{"@context":"https:\/\/schema.org","@graph":[{"@type":"WebPage","@id":"https:\/\/onlinelotto365.com\/hu\/jegyeket-vesz\/el-gordo\/","url":"https:\/\/onlinelotto365.com\/hu\/jegyeket-vesz\/el-gordo\/","name":"El Gordo Magyarorsz\u00e1gr\u00f3l - hogyan lehet online jegyet v\u00e1s\u00e1rolni?","isPartOf":{"@id":"https:\/\/onlinelotto365.com\/hu\/#website"},"primaryImageOfPage":{"@id":"https:\/\/onlinelotto365.com\/hu\/jegyeket-vesz\/el-gordo\/#primaryimage"},"image":{"@id":"https:\/\/onlinelotto365.com\/hu\/jegyeket-vesz\/el-gordo\/#primaryimage"},"thumbnailUrl":"https:\/\/redfoxlotto.com\/image?size=8&amp;lottery=el-gordo-primitiva","datePublished":"2022-11-15T13:02:24+00:00","dateModified":"2022-11-16T06:06:47+00:00","description":"Ez a spanyol lott\u00f3 m\u00e1r Magyarorsz\u00e1gr\u00f3l is el\u00e9rhet\u0151 - v\u00e1s\u00e1roljon online szelv\u00e9nyt","breadcrumb":{"@id":"https:\/\/onlinelotto365.com\/hu\/jegyeket-vesz\/el-gordo\/#breadcrumb"},"inLanguage":"hu","potentialAction":[{"@type":"ReadAction","target":["https:\/\/onlinelotto365.com\/hu\/jegyeket-vesz\/el-gordo\/"]}]},{"@type":"ImageObject","inLanguage":"hu","@id":"https:\/\/onlinelotto365.com\/hu\/jegyeket-vesz\/el-gordo\/#primaryimage","url":"https:\/\/redfoxlotto.com\/image?size=8&amp;lottery=el-gordo-primitiva","contentUrl":"https:\/\/redfoxlotto.com\/image?size=8&amp;lottery=el-gordo-primitiva"},{"@type":"BreadcrumbList","@id":"https:\/\/onlinelotto365.com\/hu\/jegyeket-vesz\/el-gordo\/#breadcrumb","itemListElement":[{"@type":"ListItem","position":1,"name":"Home","item":"https:\/\/onlinelotto365.com\/hu\/"},{"@type":"ListItem","position":2,"name":"Most a nagyokr\u00f3l van sz\u00f3: A vil\u00e1g legnagyobb lott\u00f3i","item":"https:\/\/onlinelotto365.com\/hu\/jegyeket-vesz\/"},{"@type":"ListItem","position":3,"name":"Hogyan v\u00e1s\u00e1rolhat El Gordo jegyeket online"}]},{"@type":"WebSite","@id":"https:\/\/onlinelotto365.com\/hu\/#website","url":"https:\/\/onlinelotto365.com\/hu\/","name":"OnlineLotto365","description":"","potentialAction":[{"@type":"SearchAction","target":{"@type":"EntryPoint","urlTemplate":"https:\/\/onlinelotto365.com\/hu\/?s={search_term_string}"},"query-input":{"@type":"PropertyValueSpecification","valueRequired":true,"valueName":"search_term_string"}}],"inLanguage":"hu"}]}},"_links":{"self":[{"href":"https:\/\/onlinelotto365.com\/hu\/wp-json\/wp\/v2\/pages\/80249","targetHints":{"allow":["GET"]}}],"collection":[{"href":"https:\/\/onlinelotto365.com\/hu\/wp-json\/wp\/v2\/pages"}],"about":[{"href":"https:\/\/onlinelotto365.com\/hu\/wp-json\/wp\/v2\/types\/page"}],"author":[{"embeddable":true,"href":"https:\/\/onlinelotto365.com\/hu\/wp-json\/wp\/v2\/users\/1"}],"replies":[{"embeddable":true,"href":"https:\/\/onlinelotto365.com\/hu\/wp-json\/wp\/v2\/comments?post=80249"}],"version-history":[{"count":0,"href":"https:\/\/onlinelotto365.com\/hu\/wp-json\/wp\/v2\/pages\/80249\/revisions"}],"up":[{"embeddable":true,"href":"https:\/\/onlinelotto365.com\/hu\/wp-json\/wp\/v2\/pages\/5637"}],"wp:attachment":[{"href":"https:\/\/onlinelotto365.com\/hu\/wp-json\/wp\/v2\/media?parent=80249"}],"curies":[{"name":"wp","href":"https:\/\/api.w.org\/{rel}","templated":true}]}}