{"id":80281,"date":"2022-11-16T09:32:19","date_gmt":"2022-11-16T08:32:19","guid":{"rendered":"https:\/\/onlinelotto365.com\/?page_id=80281"},"modified":"2022-11-16T09:32:19","modified_gmt":"2022-11-16T08:32:19","slug":"la-primitiva","status":"publish","type":"page","link":"https:\/\/onlinelotto365.com\/hu\/jegyeket-vesz\/la-primitiva\/","title":{"rendered":"Hogyan v\u00e1s\u00e1rolhatok La Primitiva jegyeket online"},"content":{"rendered":"<p>Ha szeretne La Primitiva jegyet v\u00e1s\u00e1rolni online, de m\u00e9g nem tudja, hogyan kell csin\u00e1lni, akkor n\u00e9zze meg ezt a folyamatot. Sokkal egyszer\u0171bb, mint gondoln\u00e1 Magyarorsz\u00e1g sz\u00e1m\u00e1ra.<br \/>\nlott\u00f3rajong\u00f3knak, \u00e9s hamarabb v\u00e1rhatja a sorsol\u00e1st, mint gondoln\u00e1.<br \/>\n<a href=\"https:\/\/redfoxlotto.com\/play\/la-primitiva\/?ref=a8564250a2&amp;medium=ol365\" target=\"_blank\" rel=\"noopener noreferrer\"><img decoding=\"async\" class=\"aligncenter\" src=\"https:\/\/redfoxlotto.com\/image?size=8&amp;lottery=la-primitiva\" alt=\" la primitiva\" \/><\/a><\/p>\n<ul>\n<li>V\u00e1lassza ki a lott\u00f3j\u00e1t\u00e9kot, amelyet j\u00e1tszani szeretne, \u00e9s v\u00e1lassza ki a sz\u00e1mokat az egyes szelv\u00e9nyekhez. Vagy hagyja, hogy a sz\u00e1m\u00edt\u00f3g\u00e9p v\u00e1lassza ki \u00f6n helyett a szelv\u00e9nysz\u00e1mait.<\/li>\n<li>Annyi k\u00fcl\u00f6nb\u00f6z\u0151 szelv\u00e9nyt \u00e9s lott\u00f3j\u00e1t\u00e9kot adhat hozz\u00e1 a megrendel\u00e9s\u00e9hez, amennyit csak szeretne, miel\u0151tt a p\u00e9nzt\u00e1rhoz fordulna.<\/li>\n<li>V\u00e1lassza ki a mostani fizet\u00e9s opci\u00f3t<\/li>\n<li>Regisztr\u00e1ljon egy \u00faj fi\u00f3kot, ha m\u00e9g soha nem v\u00e1s\u00e1rolt n\u00e1lunk, vagy jelentkezzen be, ha m\u00e1r megl\u00e9v\u0151 v\u00e1s\u00e1rl\u00f3ja<\/li>\n<li>Fejezze be a regisztr\u00e1ci\u00f3s folyamatot az e-mail c\u00edm\u00e9re k\u00fcld\u00f6tt ellen\u0151rz\u0151 linkre kattintva.<\/li>\n<li>Ellen\u0151rizze mind a postal\u00e1d\u00e1j\u00e1t, mind a spam mapp\u00e1t a meger\u0151s\u00edt\u0151 e-mail\u00e9rt.<\/li>\n<li>Menjen a weboldalon a kos\u00e1rba<\/li>\n<li>K\u00f6vesse az utas\u00edt\u00e1sokat a fizet\u00e9si m\u00f3d kiv\u00e1laszt\u00e1s\u00e1hoz, \u00e9s fizesse ki a jegyeit.<\/li>\n<\/ul>\n<h2>Hogyan fizessen online a La Primitiva jegyek\u00e9rt?<\/h2>\n<p>T\u00f6bbf\u00e9le fizet\u00e9si lehet\u0151s\u00e9g k\u00f6z\u00fcl v\u00e1laszthat, amelyek rendk\u00edv\u00fcl biztons\u00e1gosak a felhaszn\u00e1l\u00f3ink sz\u00e1m\u00e1ra. Hagyjuk, hogy a legk\u00e9nyelmesebb opci\u00f3t v\u00e1lassza ki.<br \/>\nV\u00e1lassza ki a k\u00e9t lehet\u0151s\u00e9g egyik\u00e9t, hogy elkezdhesse:<\/p>\n<ul>\n<li>Fizessen k\u00f6zvetlen\u00fcl hitelk\u00e1rty\u00e1val, banksz\u00e1ml\u00e1val vagy m\u00e1s fizet\u00e9si m\u00f3ddal.<\/li>\n<li>T\u00f6lts\u00f6n p\u00e9nzt a sz\u00e1ml\u00e1j\u00e1ra, \u00e9s haszn\u00e1lja azt a jegyek megv\u00e1s\u00e1rl\u00e1s\u00e1ra a j\u00e1t\u00e9kosfi\u00f3kj\u00e1r\u00f3l<\/li>\n<\/ul>\n<p>Azoknak, akik a v\u00e1s\u00e1rl\u00e1shoz hozz\u00e1adnak a j\u00e1t\u00e9kossz\u00e1ml\u00e1jukhoz, t\u00f6bb p\u00e9nzt kell befizetni\u00fck, mint amennyi az \u00e1ltaluk v\u00e1lasztott v\u00e1s\u00e1rl\u00e1shoz sz\u00fcks\u00e9ges.<\/p>\n<h2>Tov\u00e1bbi inform\u00e1ci\u00f3 a La Primitiva j\u00e1t\u00e9kr\u00f3l<\/h2>\n<ul>\n<li>Orsz\u00e1g: Spanyolorsz\u00e1g<\/li>\n<li>F\u0151 sz\u00e1mtartom\u00e1ny: 49<\/li>\n<li>\u00d6n v\u00e1lasztja: 6<\/li>\n<li>Extra sz\u00e1mok tartom\u00e1nya:<\/li>\n<li>1<\/li>\n<li>Sorsol\u00e1si napok, \u00f3r\u00e1k: Cs\u00fct\u00f6rt\u00f6k, szombat, 21:30 CET, 21:30 CET<\/li>\n<li>Minim\u00e1lis jackpot: 2 milli\u00f3 \u20ac<\/li>\n<li>Maxim\u00e1lis jackpot: nincs<\/li>\n<li>A jackpot megnyer\u00e9s\u00e9nek val\u00f3sz\u00edn\u0171s\u00e9ge: 1 az 15537573-hoz<\/li>\n<li>A 2-es szint\u0171 nyerem\u00e9ny val\u00f3sz\u00edn\u0171s\u00e9ge: 1: 1 az 542008-b\u00f3l<\/li>\n<li>A nyerem\u00e9ny val\u00f3sz\u00edn\u0171s\u00e9ge b\u00e1rmelyik szinten: 1:8,43-hoz<\/li>\n<li>A nyerem\u00e9nyszintek sz\u00e1ma: 9<\/li>\n<\/ul>\n<h2>A La Primitiva szelv\u00e9nyek online v\u00e1s\u00e1rl\u00e1s\u00e1nak el\u0151nyei<\/h2>\n<ul>\n<li>V\u00e1lassza ki a jegyeit an\u00e9lk\u00fcl, hogy elhagyn\u00e1 otthon\u00e1t<\/li>\n<li>M\u00e9g t\u00f6bb lott\u00f3lehet\u0151s\u00e9g k\u00f6z\u00fcl v\u00e1laszthat<\/li>\n<li>N\u00e9zze meg a k\u00fcl\u00f6nb\u00f6z\u0151 jackpotokat, hogy megtudja, hol nyerhet a legt\u00f6bbet<\/li>\n<li>Tegyen p\u00e9nzt a sz\u00e1ml\u00e1j\u00e1ra, hogy kifizethesse a szelv\u00e9nyeit<\/li>\n<li>Nem kell agg\u00f3dnia a szelv\u00e9nyei elveszt\u00e9se miatt<\/li>\n<li>\u00c9rtes\u00edt\u00e9st kap, ha nyer<\/li>\n<li>V\u00e9letlenszer\u0171en gener\u00e1lt szelv\u00e9nyt v\u00e1laszthat<\/li>\n<\/ul>\n<h2>Leg\u00e1lis a La Primitiva szelv\u00e9nyek online v\u00e1s\u00e1rl\u00e1sa?<\/h2>\n<p>N\u00e9h\u00e1nyan agg\u00f3dnak amiatt, hogy a lak\u00f3hely\u00fck szerinti orsz\u00e1g enged\u00e9lyezi-e az online lott\u00f3szelv\u00e9nyv\u00e1s\u00e1rl\u00e1st. Vagy egy\u00e1ltal\u00e1n, hogy v\u00e1s\u00e1rolhatnak-e szelv\u00e9nyt a hagyom\u00e1nyos m\u00f3don. De nem kell agg\u00f3dnia amiatt, hogy leg\u00e1lis-e a rendszer\u00fcnk haszn\u00e1lata, mert mi gondoskodunk a lott\u00f3 helysz\u00edn\u00e9re vonatkoz\u00f3 el\u0151\u00edr\u00e1sokr\u00f3l. \u00cdgy \u00d6n megkapja a nyerem\u00e9ny\u00e9t, f\u00fcggetlen\u00fcl att\u00f3l, hogy mi t\u00f6rt\u00e9nik, \u00e9s f\u00fcggetlen\u00fcl att\u00f3l, hogy mennyit nyer.<br \/>\nCsak legal\u00e1bb 18 \u00e9vesnek kell lenned ahhoz, hogy haszn\u00e1lhasd a szolg\u00e1ltat\u00e1sunkat.<\/p>\n<h2>Hogyan kapok p\u00e9nzt, ha online nyertem a La Primitiva lott\u00f3n?<\/h2>\n<p><img loading=\"lazy\" decoding=\"async\" class=\"alignright wp-image-3535\" src=\"https:\/\/onlinelotto365.com\/wp-content\/uploads\/2020\/11\/online_lottery-141-296x300.jpg\" alt=\"la primitiva online\" width=\"164\" height=\"166\" srcset=\"https:\/\/onlinelotto365.com\/wp-content\/uploads\/2020\/11\/online_lottery-141-296x300.jpg 296w, https:\/\/onlinelotto365.com\/wp-content\/uploads\/2020\/11\/online_lottery-141-100x100.jpg 100w, https:\/\/onlinelotto365.com\/wp-content\/uploads\/2020\/11\/online_lottery-141.jpg 491w\" sizes=\"auto, (max-width: 164px) 100vw, 164px\" \/><br \/>\nAmikor a kifizet\u00e9sr\u0151l van sz\u00f3, tudjuk, hogy ez mennyire fontos az \u00d6n sz\u00e1m\u00e1ra. Ez\u00e9rt tessz\u00fck a fizet\u00e9si folyamatot a lehet\u0151 legegyszer\u0171bb\u00e9. \u00c9s mindezt \u00fagy tessz\u00fck, hogy semmilyen d\u00edjat vagy jutal\u00e9kot nem sz\u00e1m\u00edtunk fel \u00d6nnek. Legal\u00e1bbis, hacsak nem \u00fagy d\u00f6ntesz, hogy a kifizet\u00e9sedet banki \u00e1tutal\u00e1ssal k\u00fcld\u00f6d. Ebben az esetben a bankja d\u00edjat sz\u00e1m\u00edthat fel nek\u00fcnk. Ha ez megt\u00f6rt\u00e9nik, ezt a d\u00edjat \u00e1th\u00e1r\u00edtjuk \u00d6nre.<br \/>\n\u00d6nnek csak annyit kell tennie, hogy tudja, mi t\u00f6rt\u00e9nik, ha nyer:<\/p>\n<ul>\n<li>Ha 2500 \u20ac-n\u00e1l kevesebbet nyer, akkor semmit sem kell tennie, mert mi mindent elint\u00e9z\u00fcnk \u00d6n helyett. Gondoskodunk arr\u00f3l, hogy az \u00f6sszes p\u00e9nzed k\u00f6zvetlen\u00fcl a j\u00e1t\u00e9kos sz\u00e1ml\u00e1dra \u00e9rkezzen.<\/li>\n<li>Ha 2500 \u20ac-n\u00e1l t\u00f6bbet nyersz, akkor a p\u00e9nzedet csekken vagy banki \u00e1tutal\u00e1ssal k\u00fcldj\u00fck el. Ebben az esetben ki kell t\u00f6ltened egy ig\u00e9nyl\u0151lapot, amelyet \u00fcgyf\u00e9lszolg\u00e1latunk elk\u00fcld neked, majd mi seg\u00edt\u00fcnk neked a t\u00f6bbiben<\/li>\n<\/ul>\n","protected":false},"excerpt":{"rendered":"<p>Ha szeretne La Primitiva jegyet v\u00e1s\u00e1rolni online, de m\u00e9g nem tudja, hogyan kell csin\u00e1lni, akkor n\u00e9zze meg ezt a folyamatot. Sokkal egyszer\u0171bb, mint gondoln\u00e1 Magyarorsz\u00e1g sz\u00e1m\u00e1ra. lott\u00f3rajong\u00f3knak, \u00e9s hamarabb v\u00e1rhatja a sorsol\u00e1st, mint gondoln\u00e1. V\u00e1lassza ki a lott\u00f3j\u00e1t\u00e9kot, amelyet j\u00e1tszani szeretne, \u00e9s v\u00e1lassza ki a sz\u00e1mokat az egyes szelv\u00e9nyekhez. Vagy hagyja, hogy a sz\u00e1m\u00edt\u00f3g\u00e9p v\u00e1lassza [&hellip;]<\/p>\n","protected":false},"author":1,"featured_media":0,"parent":5637,"menu_order":7,"comment_status":"closed","ping_status":"closed","template":"la-primitiva-info.php","meta":{"_et_pb_use_builder":"","_et_pb_old_content":"","_et_gb_content_width":"","exclude_from_search":false,"footnotes":""},"class_list":["post-80281","page","type-page","status-publish","hentry"],"yoast_head":"<!-- This site is optimized with the Yoast SEO plugin v23.4 - https:\/\/yoast.com\/wordpress\/plugins\/seo\/ -->\n<title>La Primitiva jegyek online v\u00e1s\u00e1rl\u00e1sa | La Primitiva Magyarorsz\u00e1gr\u00f3l<\/title>\n<meta name=\"description\" content=\"Tudd meg, hogyan v\u00e1s\u00e1rolhatsz jegyet a spanyol La Primitiva lott\u00f3ra Magyarorsz\u00e1gr\u00f3l!\" \/>\n<meta name=\"robots\" content=\"index, follow, max-snippet:-1, max-image-preview:large, max-video-preview:-1\" \/>\n<link rel=\"canonical\" href=\"https:\/\/onlinelotto365.com\/hu\/jegyeket-vesz\/la-primitiva\/\" \/>\n<meta property=\"og:locale\" content=\"hu_HU\" \/>\n<meta property=\"og:type\" content=\"article\" \/>\n<meta property=\"og:title\" content=\"La Primitiva jegyek online v\u00e1s\u00e1rl\u00e1sa | La Primitiva Magyarorsz\u00e1gr\u00f3l\" \/>\n<meta property=\"og:description\" content=\"Tudd meg, hogyan v\u00e1s\u00e1rolhatsz jegyet a spanyol La Primitiva lott\u00f3ra Magyarorsz\u00e1gr\u00f3l!\" \/>\n<meta property=\"og:url\" content=\"https:\/\/onlinelotto365.com\/hu\/jegyeket-vesz\/la-primitiva\/\" \/>\n<meta property=\"og:site_name\" content=\"OnlineLotto365\" \/>\n<meta property=\"og:image\" content=\"https:\/\/redfoxlotto.com\/image?size=8&amp;lottery=la-primitiva\" \/>\n<meta name=\"twitter:card\" content=\"summary_large_image\" \/>\n<meta name=\"twitter:label1\" content=\"Becs\u00fclt olvas\u00e1si id\u0151\" \/>\n\t<meta name=\"twitter:data1\" content=\"3 perc\" \/>\n<script type=\"application\/ld+json\" class=\"yoast-schema-graph\">{\"@context\":\"https:\/\/schema.org\",\"@graph\":[{\"@type\":\"WebPage\",\"@id\":\"https:\/\/onlinelotto365.com\/hu\/jegyeket-vesz\/la-primitiva\/\",\"url\":\"https:\/\/onlinelotto365.com\/hu\/jegyeket-vesz\/la-primitiva\/\",\"name\":\"La Primitiva jegyek online v\u00e1s\u00e1rl\u00e1sa | La Primitiva Magyarorsz\u00e1gr\u00f3l\",\"isPartOf\":{\"@id\":\"https:\/\/onlinelotto365.com\/hu\/#website\"},\"primaryImageOfPage\":{\"@id\":\"https:\/\/onlinelotto365.com\/hu\/jegyeket-vesz\/la-primitiva\/#primaryimage\"},\"image\":{\"@id\":\"https:\/\/onlinelotto365.com\/hu\/jegyeket-vesz\/la-primitiva\/#primaryimage\"},\"thumbnailUrl\":\"https:\/\/redfoxlotto.com\/image?size=8&amp;lottery=la-primitiva\",\"datePublished\":\"2022-11-16T08:32:19+00:00\",\"dateModified\":\"2022-11-16T08:32:19+00:00\",\"description\":\"Tudd meg, hogyan v\u00e1s\u00e1rolhatsz jegyet a spanyol La Primitiva lott\u00f3ra Magyarorsz\u00e1gr\u00f3l!\",\"breadcrumb\":{\"@id\":\"https:\/\/onlinelotto365.com\/hu\/jegyeket-vesz\/la-primitiva\/#breadcrumb\"},\"inLanguage\":\"hu\",\"potentialAction\":[{\"@type\":\"ReadAction\",\"target\":[\"https:\/\/onlinelotto365.com\/hu\/jegyeket-vesz\/la-primitiva\/\"]}]},{\"@type\":\"ImageObject\",\"inLanguage\":\"hu\",\"@id\":\"https:\/\/onlinelotto365.com\/hu\/jegyeket-vesz\/la-primitiva\/#primaryimage\",\"url\":\"https:\/\/redfoxlotto.com\/image?size=8&amp;lottery=la-primitiva\",\"contentUrl\":\"https:\/\/redfoxlotto.com\/image?size=8&amp;lottery=la-primitiva\"},{\"@type\":\"BreadcrumbList\",\"@id\":\"https:\/\/onlinelotto365.com\/hu\/jegyeket-vesz\/la-primitiva\/#breadcrumb\",\"itemListElement\":[{\"@type\":\"ListItem\",\"position\":1,\"name\":\"Home\",\"item\":\"https:\/\/onlinelotto365.com\/hu\/\"},{\"@type\":\"ListItem\",\"position\":2,\"name\":\"Most a nagyokr\u00f3l van sz\u00f3: A vil\u00e1g legnagyobb lott\u00f3i\",\"item\":\"https:\/\/onlinelotto365.com\/hu\/jegyeket-vesz\/\"},{\"@type\":\"ListItem\",\"position\":3,\"name\":\"Hogyan v\u00e1s\u00e1rolhatok La Primitiva jegyeket online\"}]},{\"@type\":\"WebSite\",\"@id\":\"https:\/\/onlinelotto365.com\/hu\/#website\",\"url\":\"https:\/\/onlinelotto365.com\/hu\/\",\"name\":\"OnlineLotto365\",\"description\":\"\",\"potentialAction\":[{\"@type\":\"SearchAction\",\"target\":{\"@type\":\"EntryPoint\",\"urlTemplate\":\"https:\/\/onlinelotto365.com\/hu\/?s={search_term_string}\"},\"query-input\":{\"@type\":\"PropertyValueSpecification\",\"valueRequired\":true,\"valueName\":\"search_term_string\"}}],\"inLanguage\":\"hu\"}]}<\/script>\n<!-- \/ Yoast SEO plugin. -->","yoast_head_json":{"title":"La Primitiva jegyek online v\u00e1s\u00e1rl\u00e1sa | La Primitiva Magyarorsz\u00e1gr\u00f3l","description":"Tudd meg, hogyan v\u00e1s\u00e1rolhatsz jegyet a spanyol La Primitiva lott\u00f3ra Magyarorsz\u00e1gr\u00f3l!","robots":{"index":"index","follow":"follow","max-snippet":"max-snippet:-1","max-image-preview":"max-image-preview:large","max-video-preview":"max-video-preview:-1"},"canonical":"https:\/\/onlinelotto365.com\/hu\/jegyeket-vesz\/la-primitiva\/","og_locale":"hu_HU","og_type":"article","og_title":"La Primitiva jegyek online v\u00e1s\u00e1rl\u00e1sa | La Primitiva Magyarorsz\u00e1gr\u00f3l","og_description":"Tudd meg, hogyan v\u00e1s\u00e1rolhatsz jegyet a spanyol La Primitiva lott\u00f3ra Magyarorsz\u00e1gr\u00f3l!","og_url":"https:\/\/onlinelotto365.com\/hu\/jegyeket-vesz\/la-primitiva\/","og_site_name":"OnlineLotto365","og_image":[{"url":"https:\/\/redfoxlotto.com\/image?size=8&amp;lottery=la-primitiva"}],"twitter_card":"summary_large_image","twitter_misc":{"Becs\u00fclt olvas\u00e1si id\u0151":"3 perc"},"schema":{"@context":"https:\/\/schema.org","@graph":[{"@type":"WebPage","@id":"https:\/\/onlinelotto365.com\/hu\/jegyeket-vesz\/la-primitiva\/","url":"https:\/\/onlinelotto365.com\/hu\/jegyeket-vesz\/la-primitiva\/","name":"La Primitiva jegyek online v\u00e1s\u00e1rl\u00e1sa | La Primitiva Magyarorsz\u00e1gr\u00f3l","isPartOf":{"@id":"https:\/\/onlinelotto365.com\/hu\/#website"},"primaryImageOfPage":{"@id":"https:\/\/onlinelotto365.com\/hu\/jegyeket-vesz\/la-primitiva\/#primaryimage"},"image":{"@id":"https:\/\/onlinelotto365.com\/hu\/jegyeket-vesz\/la-primitiva\/#primaryimage"},"thumbnailUrl":"https:\/\/redfoxlotto.com\/image?size=8&amp;lottery=la-primitiva","datePublished":"2022-11-16T08:32:19+00:00","dateModified":"2022-11-16T08:32:19+00:00","description":"Tudd meg, hogyan v\u00e1s\u00e1rolhatsz jegyet a spanyol La Primitiva lott\u00f3ra Magyarorsz\u00e1gr\u00f3l!","breadcrumb":{"@id":"https:\/\/onlinelotto365.com\/hu\/jegyeket-vesz\/la-primitiva\/#breadcrumb"},"inLanguage":"hu","potentialAction":[{"@type":"ReadAction","target":["https:\/\/onlinelotto365.com\/hu\/jegyeket-vesz\/la-primitiva\/"]}]},{"@type":"ImageObject","inLanguage":"hu","@id":"https:\/\/onlinelotto365.com\/hu\/jegyeket-vesz\/la-primitiva\/#primaryimage","url":"https:\/\/redfoxlotto.com\/image?size=8&amp;lottery=la-primitiva","contentUrl":"https:\/\/redfoxlotto.com\/image?size=8&amp;lottery=la-primitiva"},{"@type":"BreadcrumbList","@id":"https:\/\/onlinelotto365.com\/hu\/jegyeket-vesz\/la-primitiva\/#breadcrumb","itemListElement":[{"@type":"ListItem","position":1,"name":"Home","item":"https:\/\/onlinelotto365.com\/hu\/"},{"@type":"ListItem","position":2,"name":"Most a nagyokr\u00f3l van sz\u00f3: A vil\u00e1g legnagyobb lott\u00f3i","item":"https:\/\/onlinelotto365.com\/hu\/jegyeket-vesz\/"},{"@type":"ListItem","position":3,"name":"Hogyan v\u00e1s\u00e1rolhatok La Primitiva jegyeket online"}]},{"@type":"WebSite","@id":"https:\/\/onlinelotto365.com\/hu\/#website","url":"https:\/\/onlinelotto365.com\/hu\/","name":"OnlineLotto365","description":"","potentialAction":[{"@type":"SearchAction","target":{"@type":"EntryPoint","urlTemplate":"https:\/\/onlinelotto365.com\/hu\/?s={search_term_string}"},"query-input":{"@type":"PropertyValueSpecification","valueRequired":true,"valueName":"search_term_string"}}],"inLanguage":"hu"}]}},"_links":{"self":[{"href":"https:\/\/onlinelotto365.com\/hu\/wp-json\/wp\/v2\/pages\/80281","targetHints":{"allow":["GET"]}}],"collection":[{"href":"https:\/\/onlinelotto365.com\/hu\/wp-json\/wp\/v2\/pages"}],"about":[{"href":"https:\/\/onlinelotto365.com\/hu\/wp-json\/wp\/v2\/types\/page"}],"author":[{"embeddable":true,"href":"https:\/\/onlinelotto365.com\/hu\/wp-json\/wp\/v2\/users\/1"}],"replies":[{"embeddable":true,"href":"https:\/\/onlinelotto365.com\/hu\/wp-json\/wp\/v2\/comments?post=80281"}],"version-history":[{"count":0,"href":"https:\/\/onlinelotto365.com\/hu\/wp-json\/wp\/v2\/pages\/80281\/revisions"}],"up":[{"embeddable":true,"href":"https:\/\/onlinelotto365.com\/hu\/wp-json\/wp\/v2\/pages\/5637"}],"wp:attachment":[{"href":"https:\/\/onlinelotto365.com\/hu\/wp-json\/wp\/v2\/media?parent=80281"}],"curies":[{"name":"wp","href":"https:\/\/api.w.org\/{rel}","templated":true}]}}