{"id":80313,"date":"2022-11-16T12:07:58","date_gmt":"2022-11-16T11:07:58","guid":{"rendered":"https:\/\/onlinelotto365.com\/?page_id=80313"},"modified":"2022-11-16T12:07:58","modified_gmt":"2022-11-16T11:07:58","slug":"bonoloto","status":"publish","type":"page","link":"https:\/\/onlinelotto365.com\/hu\/jegyeket-vesz\/bonoloto\/","title":{"rendered":"Hogyan v\u00e1s\u00e1roljon BonoLoto jegyeket online"},"content":{"rendered":"<p>Ha Magyarorsz\u00e1gon \u00e9lsz \u00e9s szeretn\u00e9d tudni, hogyan j\u00e1tszhatsz BonoLoto online \u00e9s hogyan szerezhetsz jegyet, akkor j\u00f3 helyen j\u00e1rsz. Mi seg\u00edt\u00fcnk neked az eg\u00e9sz folyamatban, \u00e9s sokkal egyszer\u0171bb lesz, mint gondoln\u00e1d. Mind\u00f6ssze annyit kell tenned, hogy k\u00f6veted az al\u00e1bbiakban felv\u00e1zolt l\u00e9p\u00e9seket.<br \/>\n<a href=\"https:\/\/redfoxlotto.com\/play\/bonoloto\/?ref=a8564250a2&amp;medium=ol365\" target=\"_blank\" rel=\"noopener noreferrer\"><img decoding=\"async\" class=\"aligncenter\" src=\"https:\/\/redfoxlotto.com\/image?size=8&amp;lottery=bonoloto\" alt=\"BonoLoto\" \/><\/a><\/p>\n<ul>\n<li>Menj annak a lott\u00f3j\u00e1t\u00e9knak az oldal\u00e1ra, amelyen j\u00e1tszani szeretn\u00e9l, p\u00e9ld\u00e1ul a BonoLoto j\u00e1t\u00e9kra. Ezut\u00e1n v\u00e1lassza ki az \u00f6sszes szelv\u00e9nyt, amelyet szeretne, bele\u00e9rtve azokat a sz\u00e1mokat is, amelyeket meg szeretne j\u00e1tszani.<\/li>\n<li>Adjon hozz\u00e1 tov\u00e1bbi szelv\u00e9nyeket a BonoLoto vagy m\u00e1s j\u00e1t\u00e9kokhoz a megrendel\u00e9s\u00e9hez, am\u00edg k\u00e9szen nem \u00e1ll a p\u00e9nzt\u00e1rhoz.<\/li>\n<li>V\u00e1lassza a gombot a fizet\u00e9shez most<\/li>\n<li>Jelentkezzen be fi\u00f3kj\u00e1ba, vagy v\u00e1lassza a vadonat\u00faj fi\u00f3k l\u00e9trehoz\u00e1s\u00e1nak lehet\u0151s\u00e9g\u00e9t, \u00e9s menjen v\u00e9gig a regisztr\u00e1ci\u00f3s folyamaton.<\/li>\n<li>Ha \u00faj fi\u00f3kot hoz l\u00e9tre, akkor az e-mailj\u00e9hez kell mennie, hogy megkapja az ellen\u0151rz\u0151 linket, amely lehet\u0151v\u00e9 teszi a folyamat v\u00e9gleges\u00edt\u00e9s\u00e9t.<\/li>\n<li>Ha nem kapod meg a linket, ellen\u0151rizd a spam mapp\u00e1dat, h\u00e1tha ott jelenik meg, nem pedig a postal\u00e1d\u00e1dban.<\/li>\n<li>Menjen a weboldalon a p\u00e9nzt\u00e1r oldal\u00e1ra, \u00e9s ind\u00edtsa el a fizet\u00e9si folyamatot.<\/li>\n<li>V\u00e1lassza ki a fizet\u00e9si m\u00f3dot, \u00e9s fejezze be a p\u00e9nzt\u00e1rellen\u0151rz\u00e9st.<\/li>\n<\/ul>\n<h2>Hogyan fizessen a BonoLoto jegy\u00e9\u00e9rt online<\/h2>\n<p>Rengeteg k\u00fcl\u00f6nb\u00f6z\u0151 fizet\u00e9si m\u00f3d k\u00f6z\u00fcl v\u00e1laszthat, amelyekkel megv\u00e1s\u00e1rolhatja BonoLoto jegyeit, \u00e9s m\u00e9g sok m\u00e1st is.<br \/>\nSzerezze be jegyeit, \u00e9s v\u00e1lasszon az al\u00e1bbi k\u00e9t \u00e1ltal\u00e1nos lehet\u0151s\u00e9g k\u00f6z\u00fcl, hogy elindulhasson:<\/p>\n<ul>\n<li>Fizessen a rendel\u00e9s\u00e9\u00e9rt k\u00f6zvetlen\u00fcl hitelk\u00e1rty\u00e1val vagy p\u00e9nz\u00fcgyi sz\u00e1ml\u00e1val<\/li>\n<li>Fizessen be p\u00e9nzt a weboldalunkon l\u00e9v\u0151 j\u00e1t\u00e9kossz\u00e1ml\u00e1j\u00e1ra, \u00e9s haszn\u00e1lja a j\u00e1t\u00e9kossz\u00e1ml\u00e1j\u00e1t a v\u00e1s\u00e1rl\u00e1shoz<\/li>\n<\/ul>\n<p>Azok sz\u00e1m\u00e1ra, akik \u00fagy d\u00f6ntenek, hogy p\u00e9nzt fizetnek be a j\u00e1t\u00e9kossz\u00e1ml\u00e1jukra, gy\u0151z\u0151djenek meg arr\u00f3l, hogy t\u00f6bb p\u00e9nzt adnak hozz\u00e1, mint amennyire az aktu\u00e1lis megrendel\u00e9s\u00fckh\u00f6z sz\u00fcks\u00e9g\u00fck van, hogy feldolgozhass\u00e1k azt.<\/p>\n<h2>Tov\u00e1bbi inform\u00e1ci\u00f3 BonoLoto<\/h2>\n<ul>\n<li>Orsz\u00e1g: Spanyolorsz\u00e1g<\/li>\n<li>F\u0151 sz\u00e1mtartom\u00e1ny: 49<\/li>\n<li>Te v\u00e1lasztasz: 6<\/li>\n<li>Sorsol\u00e1si napok, \u00f3r\u00e1k: vas\u00e1rnap kiv\u00e9tel\u00e9vel naponta, 21:30 CET, 21:30 CET<\/li>\n<li>Minim\u00e1lis jackpot: 400000<\/li>\n<li>Maxim\u00e1lis jackpot: nincs<\/li>\n<li>A jackpot megnyer\u00e9s\u00e9nek val\u00f3sz\u00edn\u0171s\u00e9ge: 1 a 13983816-hoz<\/li>\n<li>A 2-es szint\u0171 nyerem\u00e9ny val\u00f3sz\u00edn\u0171s\u00e9ge: A f\u0151nyerem\u00e9ny \u00f6sszege: 1: 1 a 2330636-hoz<\/li>\n<li>A nyerem\u00e9ny val\u00f3sz\u00edn\u0171s\u00e9ge b\u00e1rmelyik szinten: 1:8,43-hoz<\/li>\n<li>A nyerem\u00e9nyszintek sz\u00e1ma: 6<\/li>\n<\/ul>\n<h2>A BonoLoto szelv\u00e9nyek online v\u00e1s\u00e1rl\u00e1s\u00e1nak el\u0151nyei<\/h2>\n<ul>\n<li>Maradjon otthon, \u00e9s m\u00e9gis megkapja a k\u00edv\u00e1nt jegyeket Magyarorsz\u00e1gr\u00f3l vagy b\u00e1rmely orsz\u00e1gb\u00f3l<\/li>\n<li>V\u00e1lasszon a vil\u00e1g k\u00fcl\u00f6nb\u00f6z\u0151 lott\u00f3j\u00e1t\u00e9kainak sz\u00e9les v\u00e1laszt\u00e9k\u00e1b\u00f3l<\/li>\n<li>A legjobb jackpotok kiv\u00e1laszt\u00e1s\u00e1val nagyobb es\u00e9lye van a nagy nyerem\u00e9nyekre<\/li>\n<li>Tegyen p\u00e9nzt a sz\u00e1ml\u00e1j\u00e1ra, hogy kifizethesse a szelv\u00e9nyeit<\/li>\n<li>Ne agg\u00f3djon amiatt, hogy valaha is elvesz\u00edt egy szelv\u00e9nyt<\/li>\n<li>Soha ne maradjon le a nyerem\u00e9nyr\u0151l az azonnali \u00e9rtes\u00edt\u00e9sekkel<\/li>\n<li>Haszn\u00e1lja a v\u00e9letlensz\u00e1m-gener\u00e1tort, hogy kiv\u00e1lassza a sz\u00e1mokat \u00d6n helyett<\/li>\n<\/ul>\n<h2>Leg\u00e1lis BonoLoto szelv\u00e9nyeket v\u00e1s\u00e1rolni online?<\/h2>\n<p>Tal\u00e1n egy kicsit agg\u00f3dhat az ilyen t\u00edpus\u00fa j\u00e1t\u00e9kkal kapcsolatban, ha nem ismeri az online lott\u00f3 t\u00f6rv\u00e9nyess\u00e9g\u00e9t a lak\u00f3helye szerinti orsz\u00e1gban. De abszol\u00fat megb\u00edzhat a szolg\u00e1ltat\u00e1sunkban, hogy seg\u00edts\u00fcnk \u00d6nnek. Mi gondoskodunk arr\u00f3l, hogy a lott\u00f3 orsz\u00e1g\u00e1ra vonatkoz\u00f3 \u00f6sszes szab\u00e1lyoz\u00e1st betarts\u00e1k.<\/p>\n<p>\u00cdgy, ha b\u00e1rmilyen nyerem\u00e9nyt megnyer, bele\u00e9rtve a jackpotot is, nem kell agg\u00f3dnia amiatt, hogy ig\u00e9nyt tarthat-e r\u00e1. Garant\u00e1ltan megkapja a meg\u00e9rdemelt nyerem\u00e9nyt.<br \/>\nAz egyetlen szab\u00e1ly, hogy legal\u00e1bb 18 \u00e9vesnek kell lenned ahhoz, hogy j\u00e1tszhass.<\/p>\n<h2>Hogyan kapok p\u00e9nzt, ha BonoLoto online nyerek?<\/h2>\n<p><img loading=\"lazy\" decoding=\"async\" class=\"alignright wp-image-3675\" src=\"https:\/\/onlinelotto365.com\/wp-content\/uploads\/2020\/11\/online_lottery-117-300x217.jpg\" alt=\"Bonoloto jegyek online v\u00e1s\u00e1rl\u00e1sa\" width=\"195\" height=\"141\" srcset=\"https:\/\/onlinelotto365.com\/wp-content\/uploads\/2020\/11\/online_lottery-117-300x217.jpg 300w, https:\/\/onlinelotto365.com\/wp-content\/uploads\/2020\/11\/online_lottery-117.jpg 320w\" sizes=\"auto, (max-width: 195px) 100vw, 195px\" \/><br \/>\nA kifizet\u00e9sek fontosak, \u00e9s biztos akarsz lenni abban, hogy megkapod az \u00f6sszes p\u00e9nzt, ami j\u00e1r neked. Ez n\u00e1lunk nem jelent probl\u00e9m\u00e1t, mert nem sz\u00e1m\u00edtunk fel jutal\u00e9kot a nyerem\u00e9nye ut\u00e1n. Mindent k\u00f6zvetlen\u00fcl a sz\u00e1ml\u00e1dra fogsz kapni.<\/p>\n<p>Egyed\u00fcl akkor sz\u00e1m\u00edtunk fel d\u00edjat, ha \u00fagy d\u00f6ntesz, hogy a p\u00e9nzedet \u00e1tutaljuk a bankodnak. Ha a bankod d\u00edjat sz\u00e1m\u00edt fel ez\u00e9rt az \u00e1tutal\u00e1s\u00e9rt, akkor ezt a d\u00edjat mi \u00e1th\u00e1r\u00edtjuk a sz\u00e1ml\u00e1dra.<br \/>\nAmikor azonban jogosult leszel a kifizet\u00e9sre, k\u00e9t dolog k\u00f6z\u00fcl az egyik fog t\u00f6rt\u00e9nni:<\/p>\n<ul>\n<li>Ha 2500 \u20ac-n\u00e1l kevesebbet nyersz, a p\u00e9nzt gyakorlatilag azonnal a sz\u00e1ml\u00e1dra kapod, \u00edgy azt csin\u00e1lhatsz vele, amit csak akarsz.<\/li>\n<li>Ha 2500 \u20ac-n\u00e1l t\u00f6bbet nyersz, akkor a nyertes \u00f6sszeget vagy banki \u00e1tutal\u00e1s vagy csekk form\u00e1j\u00e1ban kapod meg. Kiv\u00e1laszthatod, hogy melyiket szeretn\u00e9d, amikor kit\u00f6lt\u00f6d az ig\u00e9nyl\u0151lapot, amelyet munkat\u00e1rsaink elk\u00fcldenek neked. \u00cdgy n\u00e9h\u00e1ny napon bel\u00fcl hozz\u00e1juthatsz a p\u00e9nzedhez.<\/li>\n<\/ul>\n","protected":false},"excerpt":{"rendered":"<p>Ha Magyarorsz\u00e1gon \u00e9lsz \u00e9s szeretn\u00e9d tudni, hogyan j\u00e1tszhatsz BonoLoto online \u00e9s hogyan szerezhetsz jegyet, akkor j\u00f3 helyen j\u00e1rsz. Mi seg\u00edt\u00fcnk neked az eg\u00e9sz folyamatban, \u00e9s sokkal egyszer\u0171bb lesz, mint gondoln\u00e1d. Mind\u00f6ssze annyit kell tenned, hogy k\u00f6veted az al\u00e1bbiakban felv\u00e1zolt l\u00e9p\u00e9seket. Menj annak a lott\u00f3j\u00e1t\u00e9knak az oldal\u00e1ra, amelyen j\u00e1tszani szeretn\u00e9l, p\u00e9ld\u00e1ul a BonoLoto j\u00e1t\u00e9kra. Ezut\u00e1n v\u00e1lassza [&hellip;]<\/p>\n","protected":false},"author":1,"featured_media":0,"parent":5637,"menu_order":8,"comment_status":"closed","ping_status":"closed","template":"template-rightsidebar.php","meta":{"_et_pb_use_builder":"","_et_pb_old_content":"","_et_gb_content_width":"","exclude_from_search":false,"footnotes":""},"class_list":["post-80313","page","type-page","status-publish","hentry"],"yoast_head":"<!-- This site is optimized with the Yoast SEO plugin v23.4 - https:\/\/yoast.com\/wordpress\/plugins\/seo\/ -->\n<title>BonoLoto jegyek online | Hogyan v\u00e1s\u00e1rolhatok jegyeket Magyarorsz\u00e1gr\u00f3l?<\/title>\n<meta name=\"description\" content=\"Weboldalunkon online \u00e9s leg\u00e1lisan v\u00e1s\u00e1rolhat Bonoloto jegyeket\" \/>\n<meta name=\"robots\" content=\"index, follow, max-snippet:-1, max-image-preview:large, max-video-preview:-1\" \/>\n<link rel=\"canonical\" href=\"https:\/\/onlinelotto365.com\/hu\/jegyeket-vesz\/bonoloto\/\" \/>\n<meta property=\"og:locale\" content=\"hu_HU\" \/>\n<meta property=\"og:type\" content=\"article\" \/>\n<meta property=\"og:title\" content=\"BonoLoto jegyek online | Hogyan v\u00e1s\u00e1rolhatok jegyeket Magyarorsz\u00e1gr\u00f3l?\" \/>\n<meta property=\"og:description\" content=\"Weboldalunkon online \u00e9s leg\u00e1lisan v\u00e1s\u00e1rolhat Bonoloto jegyeket\" \/>\n<meta property=\"og:url\" content=\"https:\/\/onlinelotto365.com\/hu\/jegyeket-vesz\/bonoloto\/\" \/>\n<meta property=\"og:site_name\" content=\"OnlineLotto365\" \/>\n<meta property=\"og:image\" content=\"https:\/\/redfoxlotto.com\/image?size=8&amp;lottery=bonoloto\" \/>\n<meta name=\"twitter:card\" content=\"summary_large_image\" \/>\n<meta name=\"twitter:label1\" content=\"Becs\u00fclt olvas\u00e1si id\u0151\" \/>\n\t<meta name=\"twitter:data1\" content=\"4 perc\" \/>\n<script type=\"application\/ld+json\" class=\"yoast-schema-graph\">{\"@context\":\"https:\/\/schema.org\",\"@graph\":[{\"@type\":\"WebPage\",\"@id\":\"https:\/\/onlinelotto365.com\/hu\/jegyeket-vesz\/bonoloto\/\",\"url\":\"https:\/\/onlinelotto365.com\/hu\/jegyeket-vesz\/bonoloto\/\",\"name\":\"BonoLoto jegyek online | Hogyan v\u00e1s\u00e1rolhatok jegyeket Magyarorsz\u00e1gr\u00f3l?\",\"isPartOf\":{\"@id\":\"https:\/\/onlinelotto365.com\/hu\/#website\"},\"primaryImageOfPage\":{\"@id\":\"https:\/\/onlinelotto365.com\/hu\/jegyeket-vesz\/bonoloto\/#primaryimage\"},\"image\":{\"@id\":\"https:\/\/onlinelotto365.com\/hu\/jegyeket-vesz\/bonoloto\/#primaryimage\"},\"thumbnailUrl\":\"https:\/\/redfoxlotto.com\/image?size=8&amp;lottery=bonoloto\",\"datePublished\":\"2022-11-16T11:07:58+00:00\",\"dateModified\":\"2022-11-16T11:07:58+00:00\",\"description\":\"Weboldalunkon online \u00e9s leg\u00e1lisan v\u00e1s\u00e1rolhat Bonoloto jegyeket\",\"breadcrumb\":{\"@id\":\"https:\/\/onlinelotto365.com\/hu\/jegyeket-vesz\/bonoloto\/#breadcrumb\"},\"inLanguage\":\"hu\",\"potentialAction\":[{\"@type\":\"ReadAction\",\"target\":[\"https:\/\/onlinelotto365.com\/hu\/jegyeket-vesz\/bonoloto\/\"]}]},{\"@type\":\"ImageObject\",\"inLanguage\":\"hu\",\"@id\":\"https:\/\/onlinelotto365.com\/hu\/jegyeket-vesz\/bonoloto\/#primaryimage\",\"url\":\"https:\/\/redfoxlotto.com\/image?size=8&amp;lottery=bonoloto\",\"contentUrl\":\"https:\/\/redfoxlotto.com\/image?size=8&amp;lottery=bonoloto\"},{\"@type\":\"BreadcrumbList\",\"@id\":\"https:\/\/onlinelotto365.com\/hu\/jegyeket-vesz\/bonoloto\/#breadcrumb\",\"itemListElement\":[{\"@type\":\"ListItem\",\"position\":1,\"name\":\"Home\",\"item\":\"https:\/\/onlinelotto365.com\/hu\/\"},{\"@type\":\"ListItem\",\"position\":2,\"name\":\"Most a nagyokr\u00f3l van sz\u00f3: A vil\u00e1g legnagyobb lott\u00f3i\",\"item\":\"https:\/\/onlinelotto365.com\/hu\/jegyeket-vesz\/\"},{\"@type\":\"ListItem\",\"position\":3,\"name\":\"Hogyan v\u00e1s\u00e1roljon BonoLoto jegyeket online\"}]},{\"@type\":\"WebSite\",\"@id\":\"https:\/\/onlinelotto365.com\/hu\/#website\",\"url\":\"https:\/\/onlinelotto365.com\/hu\/\",\"name\":\"OnlineLotto365\",\"description\":\"\",\"potentialAction\":[{\"@type\":\"SearchAction\",\"target\":{\"@type\":\"EntryPoint\",\"urlTemplate\":\"https:\/\/onlinelotto365.com\/hu\/?s={search_term_string}\"},\"query-input\":{\"@type\":\"PropertyValueSpecification\",\"valueRequired\":true,\"valueName\":\"search_term_string\"}}],\"inLanguage\":\"hu\"}]}<\/script>\n<!-- \/ Yoast SEO plugin. -->","yoast_head_json":{"title":"BonoLoto jegyek online | Hogyan v\u00e1s\u00e1rolhatok jegyeket Magyarorsz\u00e1gr\u00f3l?","description":"Weboldalunkon online \u00e9s leg\u00e1lisan v\u00e1s\u00e1rolhat Bonoloto jegyeket","robots":{"index":"index","follow":"follow","max-snippet":"max-snippet:-1","max-image-preview":"max-image-preview:large","max-video-preview":"max-video-preview:-1"},"canonical":"https:\/\/onlinelotto365.com\/hu\/jegyeket-vesz\/bonoloto\/","og_locale":"hu_HU","og_type":"article","og_title":"BonoLoto jegyek online | Hogyan v\u00e1s\u00e1rolhatok jegyeket Magyarorsz\u00e1gr\u00f3l?","og_description":"Weboldalunkon online \u00e9s leg\u00e1lisan v\u00e1s\u00e1rolhat Bonoloto jegyeket","og_url":"https:\/\/onlinelotto365.com\/hu\/jegyeket-vesz\/bonoloto\/","og_site_name":"OnlineLotto365","og_image":[{"url":"https:\/\/redfoxlotto.com\/image?size=8&amp;lottery=bonoloto"}],"twitter_card":"summary_large_image","twitter_misc":{"Becs\u00fclt olvas\u00e1si id\u0151":"4 perc"},"schema":{"@context":"https:\/\/schema.org","@graph":[{"@type":"WebPage","@id":"https:\/\/onlinelotto365.com\/hu\/jegyeket-vesz\/bonoloto\/","url":"https:\/\/onlinelotto365.com\/hu\/jegyeket-vesz\/bonoloto\/","name":"BonoLoto jegyek online | Hogyan v\u00e1s\u00e1rolhatok jegyeket Magyarorsz\u00e1gr\u00f3l?","isPartOf":{"@id":"https:\/\/onlinelotto365.com\/hu\/#website"},"primaryImageOfPage":{"@id":"https:\/\/onlinelotto365.com\/hu\/jegyeket-vesz\/bonoloto\/#primaryimage"},"image":{"@id":"https:\/\/onlinelotto365.com\/hu\/jegyeket-vesz\/bonoloto\/#primaryimage"},"thumbnailUrl":"https:\/\/redfoxlotto.com\/image?size=8&amp;lottery=bonoloto","datePublished":"2022-11-16T11:07:58+00:00","dateModified":"2022-11-16T11:07:58+00:00","description":"Weboldalunkon online \u00e9s leg\u00e1lisan v\u00e1s\u00e1rolhat Bonoloto jegyeket","breadcrumb":{"@id":"https:\/\/onlinelotto365.com\/hu\/jegyeket-vesz\/bonoloto\/#breadcrumb"},"inLanguage":"hu","potentialAction":[{"@type":"ReadAction","target":["https:\/\/onlinelotto365.com\/hu\/jegyeket-vesz\/bonoloto\/"]}]},{"@type":"ImageObject","inLanguage":"hu","@id":"https:\/\/onlinelotto365.com\/hu\/jegyeket-vesz\/bonoloto\/#primaryimage","url":"https:\/\/redfoxlotto.com\/image?size=8&amp;lottery=bonoloto","contentUrl":"https:\/\/redfoxlotto.com\/image?size=8&amp;lottery=bonoloto"},{"@type":"BreadcrumbList","@id":"https:\/\/onlinelotto365.com\/hu\/jegyeket-vesz\/bonoloto\/#breadcrumb","itemListElement":[{"@type":"ListItem","position":1,"name":"Home","item":"https:\/\/onlinelotto365.com\/hu\/"},{"@type":"ListItem","position":2,"name":"Most a nagyokr\u00f3l van sz\u00f3: A vil\u00e1g legnagyobb lott\u00f3i","item":"https:\/\/onlinelotto365.com\/hu\/jegyeket-vesz\/"},{"@type":"ListItem","position":3,"name":"Hogyan v\u00e1s\u00e1roljon BonoLoto jegyeket online"}]},{"@type":"WebSite","@id":"https:\/\/onlinelotto365.com\/hu\/#website","url":"https:\/\/onlinelotto365.com\/hu\/","name":"OnlineLotto365","description":"","potentialAction":[{"@type":"SearchAction","target":{"@type":"EntryPoint","urlTemplate":"https:\/\/onlinelotto365.com\/hu\/?s={search_term_string}"},"query-input":{"@type":"PropertyValueSpecification","valueRequired":true,"valueName":"search_term_string"}}],"inLanguage":"hu"}]}},"_links":{"self":[{"href":"https:\/\/onlinelotto365.com\/hu\/wp-json\/wp\/v2\/pages\/80313","targetHints":{"allow":["GET"]}}],"collection":[{"href":"https:\/\/onlinelotto365.com\/hu\/wp-json\/wp\/v2\/pages"}],"about":[{"href":"https:\/\/onlinelotto365.com\/hu\/wp-json\/wp\/v2\/types\/page"}],"author":[{"embeddable":true,"href":"https:\/\/onlinelotto365.com\/hu\/wp-json\/wp\/v2\/users\/1"}],"replies":[{"embeddable":true,"href":"https:\/\/onlinelotto365.com\/hu\/wp-json\/wp\/v2\/comments?post=80313"}],"version-history":[{"count":0,"href":"https:\/\/onlinelotto365.com\/hu\/wp-json\/wp\/v2\/pages\/80313\/revisions"}],"up":[{"embeddable":true,"href":"https:\/\/onlinelotto365.com\/hu\/wp-json\/wp\/v2\/pages\/5637"}],"wp:attachment":[{"href":"https:\/\/onlinelotto365.com\/hu\/wp-json\/wp\/v2\/media?parent=80313"}],"curies":[{"name":"wp","href":"https:\/\/api.w.org\/{rel}","templated":true}]}}