{"id":80351,"date":"2022-11-17T07:52:21","date_gmt":"2022-11-17T06:52:21","guid":{"rendered":"https:\/\/onlinelotto365.com\/?page_id=80351"},"modified":"2022-11-17T07:52:21","modified_gmt":"2022-11-17T06:52:21","slug":"uk-lotto","status":"publish","type":"page","link":"https:\/\/onlinelotto365.com\/hu\/jegyeket-vesz\/uk-lotto\/","title":{"rendered":"Hogyan v\u00e1s\u00e1rolhat online brit lott\u00f3szelv\u00e9nyeket"},"content":{"rendered":"<p>Ha szeretn\u00e9 megv\u00e1s\u00e1rolni a lott\u00f3szelv\u00e9nyeket az Egyes\u00fclt Kir\u00e1lys\u00e1g lott\u00f3szelv\u00e9nyeit Magyarorsz\u00e1gon, nem kell agg\u00f3dnia, mert az eg\u00e9sz folyamatot gyorsan \u00e9s egyszer\u0171en lefektetj\u00fck az \u00d6n sz\u00e1m\u00e1ra. Csak egy pillant\u00e1st kell vetnie az al\u00e1bbi egyszer\u0171 l\u00e9p\u00e9sekre, \u00e9s pillanatok alatt k\u00e9sz lesz.<br \/>\n<a href=\"https:\/\/redfoxlotto.com\/play\/lotto-uk\/?ref=a8564250a2&amp;medium=ol365\" target=\"_blank\" rel=\"noopener noreferrer\"><img decoding=\"async\" class=\"aligncenter\" src=\"https:\/\/redfoxlotto.com\/image?size=8&amp;lottery=lotto-uk\" alt=\"uk lottery\" \/><\/a><\/p>\n<ul>\n<li>L\u00e9pjen a megfelel\u0151 oldalra ahhoz a lott\u00f3j\u00e1t\u00e9khoz, amelyet j\u00e1tszani szeretne, mint p\u00e9ld\u00e1ul az UK Lottery. Majd v\u00e1lassza ki a szelv\u00e9ny\u00e9hez k\u00edv\u00e1nt sz\u00e1mokat.<\/li>\n<li>V\u00e1lassza ki a tov\u00e1bbi lott\u00f3szelv\u00e9nyeket, amelyeket ehhez vagy b\u00e1rmely m\u00e1s lott\u00f3j\u00e1t\u00e9khoz szeretne j\u00e1tszani.<\/li>\n<li>V\u00e1lassza ki a szelv\u00e9nyek kifizet\u00e9s\u00e9nek lehet\u0151s\u00e9g\u00e9t<\/li>\n<li>Menjen v\u00e9gig a fi\u00f3k regisztr\u00e1ci\u00f3j\u00e1n, ha \u00faj felhaszn\u00e1l\u00f3, vagy jelentkezzen be a fi\u00f3kj\u00e1ba, ha m\u00e1r megl\u00e9v\u0151 felhaszn\u00e1l\u00f3<\/li>\n<li>Azoknak, akiknek m\u00e9g regisztr\u00e1lniuk kell, perceken bel\u00fcl kapni fog egy ellen\u0151rz\u0151 e-mailt a postal\u00e1d\u00e1j\u00e1ba vagy a spam mapp\u00e1ba.<\/li>\n<li>Ha n\u00e9h\u00e1ny percen bel\u00fcl nem kaptad meg az e-mailt, ellen\u0151rizd a spam mapp\u00e1t, hogy biztosan megtudd, megkaptad-e.<\/li>\n<li>T\u00e9rjen vissza a weboldalra, \u00e9s v\u00e1lassza a bev\u00e1s\u00e1rl\u00f3kosarat a jegyek kifizet\u00e9s\u00e9hez.<\/li>\n<li>V\u00e1lassza ki a fizet\u00e9si m\u00f3dot, \u00e9s k\u00f6vesse a fizet\u00e9si utas\u00edt\u00e1sokat.<\/li>\n<\/ul>\n<h2>Hogyan fizessen az Egyes\u00fclt Kir\u00e1lys\u00e1gban online a lott\u00f3szelv\u00e9ny\u00e9rt?<\/h2>\n<p>T\u00f6bbf\u00e9le, teljesen biztons\u00e1gos fizet\u00e9si m\u00f3dot k\u00edn\u00e1lunk magyarorsz\u00e1gi \u00e9s m\u00e1shonnan \u00e9rkez\u0151 \u00fcgyfeleink sz\u00e1m\u00e1ra. \u00cdgy kiv\u00e1laszthatja az \u00d6nnek legmegfelel\u0151bb m\u00f3dszert.<br \/>\nK\u00e9t k\u00fcl\u00f6nb\u00f6z\u0151 \u00e1ltal\u00e1nos fizet\u00e9si lehet\u0151s\u00e9g k\u00f6z\u00fcl v\u00e1laszthat:<\/p>\n<p>Fizessen minden egyes megrendel\u00e9s\u00e9rt az \u00d6n \u00e1ltal prefer\u00e1lt fizet\u00e9si m\u00f3ddal<br \/>\nTegyen p\u00e9nzt a sz\u00e1ml\u00e1j\u00e1ra, \u00e9s haszn\u00e1lja fel a k\u00edv\u00e1nt jegyek megv\u00e1s\u00e1rl\u00e1s\u00e1ra<\/p>\n<p>Gy\u0151z\u0151dj\u00f6n meg r\u00f3la, hogy a jegyek megv\u00e1s\u00e1rl\u00e1s\u00e1hoz sz\u00fcks\u00e9ges \u00f6sszegn\u00e9l t\u00f6bbet fizet be, ha \u00fagy d\u00f6nt, hogy k\u00f6zvetlen\u00fcl a sz\u00e1ml\u00e1j\u00e1ra utal p\u00e9nzt.<\/p>\n<h2>Tov\u00e1bbi inform\u00e1ci\u00f3 az UK Lottery-r\u0151l<\/h2>\n<ul>\n<li>Orsz\u00e1g: UK Lottery<\/li>\n<li>F\u0151 sz\u00e1mtartom\u00e1ny: 59<\/li>\n<li>\u00d6n v\u00e1laszt: 6<\/li>\n<li>Extra sz\u00e1mok tartom\u00e1nya:<\/li>\n<li>Te v\u00e1lasztasz:<\/li>\n<li>Sorsol\u00e1s napok, \u00f3r\u00e1k: 19:30 UTC, 19:30 CET<\/li>\n<li>Minim\u00e1lis jackpot: GBP 2,5 milli\u00f3<\/li>\n<li>Maxim\u00e1lis jackpot: 22 milli\u00f3 GBP<\/li>\n<li>A jackpot megnyer\u00e9s\u00e9nek val\u00f3sz\u00edn\u0171s\u00e9ge: 1 a 45057474-hez<\/li>\n<li>A 2-es szint\u0171 nyerem\u00e9ny val\u00f3sz\u00edn\u0171s\u00e9ge: 1 a 7509579-hez<\/li>\n<li>A nyerem\u00e9ny val\u00f3sz\u00edn\u0171s\u00e9ge b\u00e1rmelyik szinten: 1:9,27-hez<\/li>\n<li>A nyerem\u00e9nyszintek sz\u00e1ma: 6<\/li>\n<\/ul>\n<h2>A brit lott\u00f3szelv\u00e9nyek online v\u00e1s\u00e1rl\u00e1s\u00e1nak el\u0151nyei<\/h2>\n<ul>\n<li>Szerezze be a k\u00edv\u00e1nt szelv\u00e9nyeket an\u00e9lk\u00fcl, hogy elhagyn\u00e1 otthon\u00e1t<\/li>\n<li>V\u00e1lasszon a k\u00fcl\u00f6nb\u00f6z\u0151 lott\u00f3j\u00e1t\u00e9kok sz\u00e9les v\u00e1laszt\u00e9k\u00e1b\u00f3l<\/li>\n<li>A k\u00fcl\u00f6nb\u00f6z\u0151 j\u00e1t\u00e9kok k\u00f6z\u00f6tti v\u00e1laszt\u00e1ssal a legjobb es\u00e9lyt kapja a nagy jackpotra<\/li>\n<li>Fizessen k\u00f6zvetlen\u00fcl a fizet\u00e9si sz\u00e1ml\u00e1j\u00e1ra, hogy kifizethesse a szelv\u00e9nyeket<\/li>\n<li>Nem kell agg\u00f3dnia amiatt, hogy \u00fajra elvesz\u00edti a szelv\u00e9nyeit<\/li>\n<li>K\u00f6zvetlen\u00fcl \u00d6nnek k\u00fcld\u00f6tt \u00e9rtes\u00edt\u00e9sek a nyerem\u00e9nyekr\u0151l<\/li>\n<li>K\u00f6nny\u0171 v\u00e1laszt\u00e1si lehet\u0151s\u00e9gek, ha nem akarja maga kiv\u00e1lasztani a sz\u00e1mokat<\/li>\n<\/ul>\n<h2>Leg\u00e1lis az Egyes\u00fclt Kir\u00e1lys\u00e1gban online lott\u00f3szelv\u00e9nyeket v\u00e1s\u00e1rolni?<\/h2>\n<p>Nem kell agg\u00f3dni a UK Lottery szelv\u00e9nyek online v\u00e1s\u00e1rl\u00e1s\u00e1nak jogszer\u0171s\u00e9g\u00e9t illet\u0151en sem Magyarorsz\u00e1gr\u00f3l, sem a hagyom\u00e1nyosabb m\u00f3don. Biztos lehetsz benne, hogy b\u00e1rmi is t\u00f6rt\u00e9nik, megkapod a szelv\u00e9nyeidet, \u00e9s nem kell agg\u00f3dnod, hogy m\u00e9g a f\u0151nyerem\u00e9nyt is meg fogod kapni.<\/p>\n<p>Mi gondoskodunk arr\u00f3l, hogy megkapja a p\u00e9nzt an\u00e9lk\u00fcl, hogy agg\u00f3dnia kellene amiatt, hogy a szolg\u00e1ltat\u00e1s leg\u00e1lis-e a lak\u00f3helye szerinti orsz\u00e1g szerint. Csak gy\u0151z\u0151dj\u00f6n meg r\u00f3la, hogy legal\u00e1bb 18 \u00e9ves, ha n\u00e1lunk szeretne jegyet v\u00e1s\u00e1rolni.<\/p>\n<h2>Hogyan kapok p\u00e9nzt, ha megnyertem az Egyes\u00fclt Kir\u00e1lys\u00e1gban az online lott\u00f3n?<\/h2>\n<p><img loading=\"lazy\" decoding=\"async\" class=\"alignright size-medium wp-image-3655\" src=\"https:\/\/onlinelotto365.com\/wp-content\/uploads\/2020\/11\/online_lottery-59-300x182.jpg\" alt=\"j\u00e1tszani uk lott\u00f3 online\" width=\"300\" height=\"182\" srcset=\"https:\/\/onlinelotto365.com\/wp-content\/uploads\/2020\/11\/online_lottery-59-300x182.jpg 300w, https:\/\/onlinelotto365.com\/wp-content\/uploads\/2020\/11\/online_lottery-59.jpg 320w\" sizes=\"auto, (max-width: 300px) 100vw, 300px\" \/><br \/>\nTudjuk, hogy a kifizet\u00e9s az egyik legfontosabb r\u00e9sz az \u00d6n sz\u00e1m\u00e1ra, ez\u00e9rt szeretn\u00e9nk biztos\u00edtani, hogy a fizet\u00e9si folyamat a lehet\u0151 legegyszer\u0171bb legyen. Ezenk\u00edv\u00fcl nem vonunk el semmilyen jutal\u00e9kot a nyerem\u00e9nyedb\u0151l, \u00edgy minden egyes darabot megkapsz abb\u00f3l, amit megnyert\u00e9l. Csak akkor sz\u00e1m\u00edtunk fel d\u00edjat, ha banki \u00e1tutal\u00e1st k\u00e9rsz, \u00e9s a bank d\u00edjat sz\u00e1m\u00edt fel nek\u00fcnk. Ezt az \u00f6sszeget \u00e1th\u00e1r\u00edthatjuk r\u00e1d.<br \/>\nEgy\u00e9bk\u00e9nt csak n\u00e9zd meg, hogy mi t\u00f6rt\u00e9nik a kifizet\u00e9seiddel itt:<\/p>\n<ul>\n<li>A 2500 \u20ac alatti kifizet\u00e9seket automatikusan kifizetj\u00fck a sz\u00e1ml\u00e1dra. Semmit sem kell tennie<\/li>\n<li>A 2500 \u20ac feletti kifizet\u00e9sekhez ig\u00e9nyl\u0151lapot kell beny\u00fajtani a lott\u00f3bizotts\u00e1ghoz. Ezt \u00fcgyf\u00e9lszolg\u00e1latunk k\u00fcldi el \u00d6nnek, \u00e9s lehet\u0151v\u00e9 teszi, hogy kiv\u00e1laszthassa, hogy a p\u00e9nz\u00e9t csekken vagy banki \u00e1tutal\u00e1ssal k\u00fcldj\u00fck-e el \u00d6nnek.<\/li>\n<\/ul>\n","protected":false},"excerpt":{"rendered":"<p>Ha szeretn\u00e9 megv\u00e1s\u00e1rolni a lott\u00f3szelv\u00e9nyeket az Egyes\u00fclt Kir\u00e1lys\u00e1g lott\u00f3szelv\u00e9nyeit Magyarorsz\u00e1gon, nem kell agg\u00f3dnia, mert az eg\u00e9sz folyamatot gyorsan \u00e9s egyszer\u0171en lefektetj\u00fck az \u00d6n sz\u00e1m\u00e1ra. Csak egy pillant\u00e1st kell vetnie az al\u00e1bbi egyszer\u0171 l\u00e9p\u00e9sekre, \u00e9s pillanatok alatt k\u00e9sz lesz. L\u00e9pjen a megfelel\u0151 oldalra ahhoz a lott\u00f3j\u00e1t\u00e9khoz, amelyet j\u00e1tszani szeretne, mint p\u00e9ld\u00e1ul az UK Lottery. Majd v\u00e1lassza [&hellip;]<\/p>\n","protected":false},"author":1,"featured_media":0,"parent":5637,"menu_order":9,"comment_status":"closed","ping_status":"closed","template":"lotto-uk-info.php","meta":{"_et_pb_use_builder":"","_et_pb_old_content":"","_et_gb_content_width":"","exclude_from_search":false,"footnotes":""},"class_list":["post-80351","page","type-page","status-publish","hentry"],"yoast_head":"<!-- This site is optimized with the Yoast SEO plugin v23.4 - https:\/\/yoast.com\/wordpress\/plugins\/seo\/ -->\n<title>Jegyek v\u00e1s\u00e1rl\u00e1sa az Egyes\u00fclt Kir\u00e1lys\u00e1g Lott\u00f3 online Magyarorsz\u00e1gr\u00f3l | UK Lottery info, hogyan v\u00e1s\u00e1rolhatok jegyet?<\/title>\n<meta name=\"description\" content=\"Lehet\u0151v\u00e9 tessz\u00fck a lott\u00f3 j\u00e1t\u00e9kosok sz\u00e1m\u00e1ra Magyarorsz\u00e1gr\u00f3l, hogy szelv\u00e9nyeket v\u00e1s\u00e1roljanak az Egyes\u00fclt Kir\u00e1lys\u00e1g lott\u00f3ra.\" \/>\n<meta name=\"robots\" content=\"index, follow, max-snippet:-1, max-image-preview:large, max-video-preview:-1\" \/>\n<link rel=\"canonical\" href=\"https:\/\/onlinelotto365.com\/hu\/jegyeket-vesz\/uk-lotto\/\" \/>\n<meta property=\"og:locale\" content=\"hu_HU\" \/>\n<meta property=\"og:type\" content=\"article\" \/>\n<meta property=\"og:title\" content=\"Jegyek v\u00e1s\u00e1rl\u00e1sa az Egyes\u00fclt Kir\u00e1lys\u00e1g Lott\u00f3 online Magyarorsz\u00e1gr\u00f3l | UK Lottery info, hogyan v\u00e1s\u00e1rolhatok jegyet?\" \/>\n<meta property=\"og:description\" content=\"Lehet\u0151v\u00e9 tessz\u00fck a lott\u00f3 j\u00e1t\u00e9kosok sz\u00e1m\u00e1ra Magyarorsz\u00e1gr\u00f3l, hogy szelv\u00e9nyeket v\u00e1s\u00e1roljanak az Egyes\u00fclt Kir\u00e1lys\u00e1g lott\u00f3ra.\" \/>\n<meta property=\"og:url\" content=\"https:\/\/onlinelotto365.com\/hu\/jegyeket-vesz\/uk-lotto\/\" \/>\n<meta property=\"og:site_name\" content=\"OnlineLotto365\" \/>\n<meta property=\"og:image\" content=\"https:\/\/redfoxlotto.com\/image?size=8&amp;lottery=lotto-uk\" \/>\n<meta name=\"twitter:card\" content=\"summary_large_image\" \/>\n<meta name=\"twitter:label1\" content=\"Becs\u00fclt olvas\u00e1si id\u0151\" \/>\n\t<meta name=\"twitter:data1\" content=\"3 perc\" \/>\n<script type=\"application\/ld+json\" class=\"yoast-schema-graph\">{\"@context\":\"https:\/\/schema.org\",\"@graph\":[{\"@type\":\"WebPage\",\"@id\":\"https:\/\/onlinelotto365.com\/hu\/jegyeket-vesz\/uk-lotto\/\",\"url\":\"https:\/\/onlinelotto365.com\/hu\/jegyeket-vesz\/uk-lotto\/\",\"name\":\"Jegyek v\u00e1s\u00e1rl\u00e1sa az Egyes\u00fclt Kir\u00e1lys\u00e1g Lott\u00f3 online Magyarorsz\u00e1gr\u00f3l | UK Lottery info, hogyan v\u00e1s\u00e1rolhatok jegyet?\",\"isPartOf\":{\"@id\":\"https:\/\/onlinelotto365.com\/hu\/#website\"},\"primaryImageOfPage\":{\"@id\":\"https:\/\/onlinelotto365.com\/hu\/jegyeket-vesz\/uk-lotto\/#primaryimage\"},\"image\":{\"@id\":\"https:\/\/onlinelotto365.com\/hu\/jegyeket-vesz\/uk-lotto\/#primaryimage\"},\"thumbnailUrl\":\"https:\/\/redfoxlotto.com\/image?size=8&amp;lottery=lotto-uk\",\"datePublished\":\"2022-11-17T06:52:21+00:00\",\"dateModified\":\"2022-11-17T06:52:21+00:00\",\"description\":\"Lehet\u0151v\u00e9 tessz\u00fck a lott\u00f3 j\u00e1t\u00e9kosok sz\u00e1m\u00e1ra Magyarorsz\u00e1gr\u00f3l, hogy szelv\u00e9nyeket v\u00e1s\u00e1roljanak az Egyes\u00fclt Kir\u00e1lys\u00e1g lott\u00f3ra.\",\"breadcrumb\":{\"@id\":\"https:\/\/onlinelotto365.com\/hu\/jegyeket-vesz\/uk-lotto\/#breadcrumb\"},\"inLanguage\":\"hu\",\"potentialAction\":[{\"@type\":\"ReadAction\",\"target\":[\"https:\/\/onlinelotto365.com\/hu\/jegyeket-vesz\/uk-lotto\/\"]}]},{\"@type\":\"ImageObject\",\"inLanguage\":\"hu\",\"@id\":\"https:\/\/onlinelotto365.com\/hu\/jegyeket-vesz\/uk-lotto\/#primaryimage\",\"url\":\"https:\/\/redfoxlotto.com\/image?size=8&amp;lottery=lotto-uk\",\"contentUrl\":\"https:\/\/redfoxlotto.com\/image?size=8&amp;lottery=lotto-uk\"},{\"@type\":\"BreadcrumbList\",\"@id\":\"https:\/\/onlinelotto365.com\/hu\/jegyeket-vesz\/uk-lotto\/#breadcrumb\",\"itemListElement\":[{\"@type\":\"ListItem\",\"position\":1,\"name\":\"Home\",\"item\":\"https:\/\/onlinelotto365.com\/hu\/\"},{\"@type\":\"ListItem\",\"position\":2,\"name\":\"Most a nagyokr\u00f3l van sz\u00f3: A vil\u00e1g legnagyobb lott\u00f3i\",\"item\":\"https:\/\/onlinelotto365.com\/hu\/jegyeket-vesz\/\"},{\"@type\":\"ListItem\",\"position\":3,\"name\":\"Hogyan v\u00e1s\u00e1rolhat online brit lott\u00f3szelv\u00e9nyeket\"}]},{\"@type\":\"WebSite\",\"@id\":\"https:\/\/onlinelotto365.com\/hu\/#website\",\"url\":\"https:\/\/onlinelotto365.com\/hu\/\",\"name\":\"OnlineLotto365\",\"description\":\"\",\"potentialAction\":[{\"@type\":\"SearchAction\",\"target\":{\"@type\":\"EntryPoint\",\"urlTemplate\":\"https:\/\/onlinelotto365.com\/hu\/?s={search_term_string}\"},\"query-input\":{\"@type\":\"PropertyValueSpecification\",\"valueRequired\":true,\"valueName\":\"search_term_string\"}}],\"inLanguage\":\"hu\"}]}<\/script>\n<!-- \/ Yoast SEO plugin. -->","yoast_head_json":{"title":"Jegyek v\u00e1s\u00e1rl\u00e1sa az Egyes\u00fclt Kir\u00e1lys\u00e1g Lott\u00f3 online Magyarorsz\u00e1gr\u00f3l | UK Lottery info, hogyan v\u00e1s\u00e1rolhatok jegyet?","description":"Lehet\u0151v\u00e9 tessz\u00fck a lott\u00f3 j\u00e1t\u00e9kosok sz\u00e1m\u00e1ra Magyarorsz\u00e1gr\u00f3l, hogy szelv\u00e9nyeket v\u00e1s\u00e1roljanak az Egyes\u00fclt Kir\u00e1lys\u00e1g lott\u00f3ra.","robots":{"index":"index","follow":"follow","max-snippet":"max-snippet:-1","max-image-preview":"max-image-preview:large","max-video-preview":"max-video-preview:-1"},"canonical":"https:\/\/onlinelotto365.com\/hu\/jegyeket-vesz\/uk-lotto\/","og_locale":"hu_HU","og_type":"article","og_title":"Jegyek v\u00e1s\u00e1rl\u00e1sa az Egyes\u00fclt Kir\u00e1lys\u00e1g Lott\u00f3 online Magyarorsz\u00e1gr\u00f3l | UK Lottery info, hogyan v\u00e1s\u00e1rolhatok jegyet?","og_description":"Lehet\u0151v\u00e9 tessz\u00fck a lott\u00f3 j\u00e1t\u00e9kosok sz\u00e1m\u00e1ra Magyarorsz\u00e1gr\u00f3l, hogy szelv\u00e9nyeket v\u00e1s\u00e1roljanak az Egyes\u00fclt Kir\u00e1lys\u00e1g lott\u00f3ra.","og_url":"https:\/\/onlinelotto365.com\/hu\/jegyeket-vesz\/uk-lotto\/","og_site_name":"OnlineLotto365","og_image":[{"url":"https:\/\/redfoxlotto.com\/image?size=8&amp;lottery=lotto-uk"}],"twitter_card":"summary_large_image","twitter_misc":{"Becs\u00fclt olvas\u00e1si id\u0151":"3 perc"},"schema":{"@context":"https:\/\/schema.org","@graph":[{"@type":"WebPage","@id":"https:\/\/onlinelotto365.com\/hu\/jegyeket-vesz\/uk-lotto\/","url":"https:\/\/onlinelotto365.com\/hu\/jegyeket-vesz\/uk-lotto\/","name":"Jegyek v\u00e1s\u00e1rl\u00e1sa az Egyes\u00fclt Kir\u00e1lys\u00e1g Lott\u00f3 online Magyarorsz\u00e1gr\u00f3l | UK Lottery info, hogyan v\u00e1s\u00e1rolhatok jegyet?","isPartOf":{"@id":"https:\/\/onlinelotto365.com\/hu\/#website"},"primaryImageOfPage":{"@id":"https:\/\/onlinelotto365.com\/hu\/jegyeket-vesz\/uk-lotto\/#primaryimage"},"image":{"@id":"https:\/\/onlinelotto365.com\/hu\/jegyeket-vesz\/uk-lotto\/#primaryimage"},"thumbnailUrl":"https:\/\/redfoxlotto.com\/image?size=8&amp;lottery=lotto-uk","datePublished":"2022-11-17T06:52:21+00:00","dateModified":"2022-11-17T06:52:21+00:00","description":"Lehet\u0151v\u00e9 tessz\u00fck a lott\u00f3 j\u00e1t\u00e9kosok sz\u00e1m\u00e1ra Magyarorsz\u00e1gr\u00f3l, hogy szelv\u00e9nyeket v\u00e1s\u00e1roljanak az Egyes\u00fclt Kir\u00e1lys\u00e1g lott\u00f3ra.","breadcrumb":{"@id":"https:\/\/onlinelotto365.com\/hu\/jegyeket-vesz\/uk-lotto\/#breadcrumb"},"inLanguage":"hu","potentialAction":[{"@type":"ReadAction","target":["https:\/\/onlinelotto365.com\/hu\/jegyeket-vesz\/uk-lotto\/"]}]},{"@type":"ImageObject","inLanguage":"hu","@id":"https:\/\/onlinelotto365.com\/hu\/jegyeket-vesz\/uk-lotto\/#primaryimage","url":"https:\/\/redfoxlotto.com\/image?size=8&amp;lottery=lotto-uk","contentUrl":"https:\/\/redfoxlotto.com\/image?size=8&amp;lottery=lotto-uk"},{"@type":"BreadcrumbList","@id":"https:\/\/onlinelotto365.com\/hu\/jegyeket-vesz\/uk-lotto\/#breadcrumb","itemListElement":[{"@type":"ListItem","position":1,"name":"Home","item":"https:\/\/onlinelotto365.com\/hu\/"},{"@type":"ListItem","position":2,"name":"Most a nagyokr\u00f3l van sz\u00f3: A vil\u00e1g legnagyobb lott\u00f3i","item":"https:\/\/onlinelotto365.com\/hu\/jegyeket-vesz\/"},{"@type":"ListItem","position":3,"name":"Hogyan v\u00e1s\u00e1rolhat online brit lott\u00f3szelv\u00e9nyeket"}]},{"@type":"WebSite","@id":"https:\/\/onlinelotto365.com\/hu\/#website","url":"https:\/\/onlinelotto365.com\/hu\/","name":"OnlineLotto365","description":"","potentialAction":[{"@type":"SearchAction","target":{"@type":"EntryPoint","urlTemplate":"https:\/\/onlinelotto365.com\/hu\/?s={search_term_string}"},"query-input":{"@type":"PropertyValueSpecification","valueRequired":true,"valueName":"search_term_string"}}],"inLanguage":"hu"}]}},"_links":{"self":[{"href":"https:\/\/onlinelotto365.com\/hu\/wp-json\/wp\/v2\/pages\/80351","targetHints":{"allow":["GET"]}}],"collection":[{"href":"https:\/\/onlinelotto365.com\/hu\/wp-json\/wp\/v2\/pages"}],"about":[{"href":"https:\/\/onlinelotto365.com\/hu\/wp-json\/wp\/v2\/types\/page"}],"author":[{"embeddable":true,"href":"https:\/\/onlinelotto365.com\/hu\/wp-json\/wp\/v2\/users\/1"}],"replies":[{"embeddable":true,"href":"https:\/\/onlinelotto365.com\/hu\/wp-json\/wp\/v2\/comments?post=80351"}],"version-history":[{"count":0,"href":"https:\/\/onlinelotto365.com\/hu\/wp-json\/wp\/v2\/pages\/80351\/revisions"}],"up":[{"embeddable":true,"href":"https:\/\/onlinelotto365.com\/hu\/wp-json\/wp\/v2\/pages\/5637"}],"wp:attachment":[{"href":"https:\/\/onlinelotto365.com\/hu\/wp-json\/wp\/v2\/media?parent=80351"}],"curies":[{"name":"wp","href":"https:\/\/api.w.org\/{rel}","templated":true}]}}