{"id":80391,"date":"2022-11-17T10:35:01","date_gmt":"2022-11-17T09:35:01","guid":{"rendered":"https:\/\/onlinelotto365.com\/?page_id=80391"},"modified":"2022-11-17T10:35:01","modified_gmt":"2022-11-17T09:35:01","slug":"set-for-life","status":"publish","type":"page","link":"https:\/\/onlinelotto365.com\/hu\/jegyeket-vesz\/set-for-life\/","title":{"rendered":"Hogyan v\u00e1s\u00e1rolhatsz Set for life jegyeket online"},"content":{"rendered":"<p>Ha most szeretn\u00e9d megv\u00e1s\u00e1rolni a Set for Life jegyeket, tudnod kell, hogyan kell ezt megtenned. Ha Magyarorsz\u00e1gon \u00e9lsz, akkor k\u00f6nny\u0171 dolgod van, \u00e9s val\u00f3sz\u00edn\u0171leg m\u00e1r tudod, hogyan szerezhetsz jegyet. De mi a helyzet a m\u00e1s orsz\u00e1gokb\u00f3l, p\u00e9ld\u00e1ul Ausztr\u00e1li\u00e1b\u00f3l \u00e9rkez\u0151 lott\u00f3j\u00e1t\u00e9kosokkal? Nos, ez egy nagyon egyszer\u0171 folyamat, \u00e9s mi pillanatok alatt el tudjuk ind\u00edtani. Csak k\u00f6vetnie kell az al\u00e1bbiakban ismertetett l\u00e9p\u00e9seket. Onnan m\u00e1r meg is szerezheti a k\u00f6vetkez\u0151 sorsol\u00e1sra a k\u00edv\u00e1nt szelv\u00e9nyeket.<br \/>\n<a href=\"https:\/\/redfoxlotto.com\/play\/set-for-life-uk\/?ref=a8564250a2&amp;medium=ol365\" target=\"_blank\" rel=\"noopener noreferrer\"><img decoding=\"async\" class=\"aligncenter\" src=\"https:\/\/redfoxlotto.com\/image?size=8&amp;lottery=set-for-life-uk\" alt=\"&quot;Set\" \/><\/a><\/p>\n<ul>\n<li>Menj a Set for Life lott\u00f3 oldal\u00e1ra, \u00e9s v\u00e1laszd ki a k\u00edv\u00e1nt sz\u00e1m\u00fa szelv\u00e9nyt, valamint a k\u00edv\u00e1nt sz\u00e1mokat az egyes szelv\u00e9nyekhez.<\/li>\n<li>V\u00e1lasszon tov\u00e1bbi szelv\u00e9nyeket a Set for Life vagy m\u00e1s lott\u00f3j\u00e1t\u00e9kokra, hogy megt\u00f6ltse a kosar\u00e1t<\/li>\n<li>V\u00e1lassza ki a mostani fizet\u00e9s lehet\u0151s\u00e9g\u00e9t<\/li>\n<li>K\u00f6vesse az utas\u00edt\u00e1sokat a fi\u00f3kj\u00e1ba val\u00f3 bejelentkez\u00e9shez, vagy menjen v\u00e9gig az \u00faj fi\u00f3k l\u00e9trehoz\u00e1s\u00e1nak folyamat\u00e1n.<\/li>\n<li>Fejezze be az ellen\u0151rz\u00e9si folyamatot a fi\u00f3kj\u00e1ba bel\u00e9pve \u00e9s az e-mailben tal\u00e1lhat\u00f3 linkre kattintva.<\/li>\n<li>Ha az e-mail nem jelenik meg a postal\u00e1d\u00e1j\u00e1ban, ellen\u0151rizze a spam mapp\u00e1t, hogy megbizonyosodjon arr\u00f3l, hogy megkapta-e.<\/li>\n<li>Miut\u00e1n ellen\u0151rizte fi\u00f3kj\u00e1t, l\u00e9pjen be a weboldalon a kos\u00e1rba.<\/li>\n<li>V\u00e1lassza ki a k\u00edv\u00e1nt fizet\u00e9si m\u00f3dot, \u00e9s menjen v\u00e9gig a fizet\u00e9si folyamaton.<\/li>\n<\/ul>\n<h2>Hogyan fizethetsz a Set for life jegyed\u00e9rt online?<\/h2>\n<p>Amikor a jegyek kifizet\u00e9s\u00e9re ker\u00fcl sor, meg fogja tapasztalni, hogy ez nemcsak egyszer\u0171, de teljesen biztons\u00e1gos is, \u00e9s rengeteg lehet\u0151s\u00e9get k\u00edn\u00e1l.<br \/>\nV\u00e1lassza ki, hogy mivel szeretne fizetni a jegyei\u00e9rt:<\/p>\n<p>K\u00f6zvetlen v\u00e1s\u00e1rl\u00e1s a v\u00e1lasztott fizet\u00e9si m\u00f3ddal<br \/>\nP\u00e9nz befizet\u00e9se a sz\u00e1ml\u00e1j\u00e1ra \u00e9s annak felhaszn\u00e1l\u00e1sa a v\u00e1s\u00e1rl\u00e1shoz.<\/p>\n<p>Gy\u0151z\u0151dj\u00f6n meg r\u00f3la, hogy ha \u00fagy d\u00f6nt, hogy p\u00e9nzt utal a sz\u00e1ml\u00e1j\u00e1ra, akkor egy kis plusz \u00f6sszeget is tegyen be, hogy a fizet\u00e9si m\u00f3dot v\u00e1laszt\u00e1sa siker\u00fclj\u00f6n.<\/p>\n<h2>Tov\u00e1bbi inform\u00e1ci\u00f3 a Set for life-r\u00f3l<\/h2>\n<ul>\n<li>Orsz\u00e1g: Magyarorsz\u00e1g<\/li>\n<li>F\u0151 sz\u00e1mtartom\u00e1ny: 45<\/li>\n<li>Te v\u00e1lasztasz: 5<\/li>\n<li>Extra sz\u00e1mok tartom\u00e1nya: 10<\/li>\n<li>\u00d6n v\u00e1laszt: 1<\/li>\n<li>Sorsol\u00e1si napok, \u00f3r\u00e1k: H\u00e9tf\u0151, cs\u00fct\u00f6rt\u00f6k, 20:00 GMT, 21:00 CET<\/li>\n<li>Minim\u00e1lis jackpot:<\/li>\n<li>Maxim\u00e1lis jackpot:<\/li>\n<li>A jackpot megnyer\u00e9s\u00e9nek val\u00f3sz\u00edn\u0171s\u00e9ge: 1 az 15339390-hez<\/li>\n<li>A 2-es szint\u0171 nyerem\u00e9ny val\u00f3sz\u00edn\u0171s\u00e9ge: A f\u0151nyerem\u00e9ny val\u00f3sz\u00edn\u0171s\u00e9ge: 1: 1 a 1704377-hez<\/li>\n<li>A nyerem\u00e9ny val\u00f3sz\u00edn\u0171s\u00e9ge b\u00e1rmelyik szinten: 1:12,4<\/li>\n<li>A nyerem\u00e9nyszintek sz\u00e1ma: 8<\/li>\n<\/ul>\n<h2>A Set for life szelv\u00e9nyek online v\u00e1s\u00e1rl\u00e1s\u00e1nak el\u0151nyei<\/h2>\n<ul>\n<li>Soha nem kell elhagynia otthon\u00e1t a szelv\u00e9nyek megv\u00e1s\u00e1rl\u00e1s\u00e1hoz<\/li>\n<li>Nem korl\u00e1toz\u00f3dik az ausztr\u00e1l lott\u00f3j\u00e1t\u00e9kokra<\/li>\n<li>V\u00e1lasszon a vil\u00e1g k\u00fcl\u00f6nb\u00f6z\u0151 lott\u00f3j\u00e1t\u00e9kai k\u00f6z\u00fcl<\/li>\n<li>V\u00e1lassza ki a legmagasabb jackpotokkal rendelkez\u0151 j\u00e1t\u00e9kokat, hogy n\u00f6velje es\u00e9lyeit<\/li>\n<li>Haszn\u00e1lja a sz\u00e1ml\u00e1ja egyenleg\u00e9t a k\u00edv\u00e1nt szelv\u00e9nyek megv\u00e1s\u00e1rl\u00e1s\u00e1ra<\/li>\n<li>Mindig nyomon k\u00f6vetheti szelv\u00e9nyeit<\/li>\n<li>\u00c9rtes\u00edt\u00e9st kaphat, ha szelv\u00e9nye nyertes<\/li>\n<li>Ne agg\u00f3djon a szelv\u00e9nyv\u00e1laszt\u00e1si lehet\u0151s\u00e9gek kiv\u00e1laszt\u00e1sa miatt a gyors tippekkel<\/li>\n<\/ul>\n<h2>Leg\u00e1lis a Set for life szelv\u00e9nyek online v\u00e1s\u00e1rl\u00e1sa?<\/h2>\n<p>Nem kell agg\u00f3dnia az online vagy hagyom\u00e1nyos m\u00f3don t\u00f6rt\u00e9n\u0151 jegyv\u00e1s\u00e1rl\u00e1s jogszer\u0171s\u00e9ge miatt. Nyugodtan h\u00e1trad\u0151lhet, \u00e9s b\u00edzhat abban, hogy mi gondoskodunk arr\u00f3l, hogy az \u00f6sszes szab\u00e1lyoz\u00e1st betartsuk abb\u00f3l az orsz\u00e1gb\u00f3l, ahonnan ezek a j\u00e1t\u00e9kok sz\u00e1rmaznak. \u00d6nnek csak annyit kell tennie, hogy megv\u00e1s\u00e1rol egy szelv\u00e9nyt, \u00e9s mi garant\u00e1ljuk, hogy ha jogosult a nyerem\u00e9nyre, bele\u00e9rtve a jackpotot is, akkor meg is fogja kapni.<br \/>\nLegal\u00e1bb 18 \u00e9vesnek kell lennie ahhoz, hogy haszn\u00e1lhassa weboldalunkat.<\/p>\n<h2>Hogyan kapok p\u00e9nzt, ha online nyertem a Set for life-ot?<\/h2>\n<p>\u00d6n azt szeretn\u00e9, hogy minden centet megkapjon, ami j\u00e1r, ha nyer valamit, \u00e9s mi pontosan ezt tessz\u00fck. Gondoskodunk arr\u00f3l, hogy mindig megkapd az \u00f6sszes p\u00e9nzt, jutal\u00e9k \u00e9s a nyerem\u00e9nyedet terhel\u0151 d\u00edjak n\u00e9lk\u00fcl.<br \/>\nEgyed\u00fcl akkor kell fizetned valamit, ha \u00fagy d\u00f6ntesz, hogy banki \u00e1tutal\u00e1st kezdem\u00e9nyezel. Ha a bank p\u00e9nzt sz\u00e1mol fel nek\u00fcnk, ami nemzetk\u00f6zi \u00e1tutal\u00e1sokn\u00e1l el\u0151fordulhat, akkor mi terhelj\u00fck meg a sz\u00e1ml\u00e1dat a d\u00edjjal. Ez az egyetlen ok, ami\u00e9rt b\u00e1rmit is levesz\u00fcnk a nyerem\u00e9nyedb\u0151l.<br \/>\n\u00c9s ha nyersz, akkor a p\u00e9nzedet csak n\u00e9h\u00e1nyf\u00e9le m\u00f3don kapod meg:<\/p>\n<ul>\n<li>B\u00e1rmilyen 2500 \u20ac alatti \u00f6sszeg k\u00f6nnyen el\u00e9rhet\u0151, mert \u00fcgyf\u00e9lszolg\u00e1latunk k\u00f6zvetlen\u00fcl a sz\u00e1ml\u00e1dra utalja a p\u00e9nzt.<\/li>\n<li>B\u00e1rmilyen 2500 \u20ac feletti \u00f6sszeg m\u00e9g mindig k\u00f6nny\u0171 lesz sz\u00e1modra, mert a t\u00e1mogat\u00f3 csapatunk seg\u00edt neked a folyamatban. Elk\u00fcldj\u00fck neked az ig\u00e9nyl\u0151lapot, hogy kit\u00f6lthesd, \u00e9s tudasd vel\u00fcnk, hogy szeretn\u00e9d-e, hogy a p\u00e9nzedet \u00e1tutalj\u00e1k a bankodnak, vagy csekken k\u00fcldj\u00e9k el.<\/li>\n<\/ul>\n","protected":false},"excerpt":{"rendered":"<p>Ha most szeretn\u00e9d megv\u00e1s\u00e1rolni a Set for Life jegyeket, tudnod kell, hogyan kell ezt megtenned. Ha Magyarorsz\u00e1gon \u00e9lsz, akkor k\u00f6nny\u0171 dolgod van, \u00e9s val\u00f3sz\u00edn\u0171leg m\u00e1r tudod, hogyan szerezhetsz jegyet. De mi a helyzet a m\u00e1s orsz\u00e1gokb\u00f3l, p\u00e9ld\u00e1ul Ausztr\u00e1li\u00e1b\u00f3l \u00e9rkez\u0151 lott\u00f3j\u00e1t\u00e9kosokkal? Nos, ez egy nagyon egyszer\u0171 folyamat, \u00e9s mi pillanatok alatt el tudjuk ind\u00edtani. Csak k\u00f6vetnie [&hellip;]<\/p>\n","protected":false},"author":1,"featured_media":0,"parent":5637,"menu_order":10,"comment_status":"closed","ping_status":"closed","template":"set-for-life-info.php","meta":{"_et_pb_use_builder":"","_et_pb_old_content":"","_et_gb_content_width":"","exclude_from_search":false,"footnotes":""},"class_list":["post-80391","page","type-page","status-publish","hentry"],"yoast_head":"<!-- This site is optimized with the Yoast SEO plugin v23.4 - https:\/\/yoast.com\/wordpress\/plugins\/seo\/ -->\n<title>Jegyek v\u00e1s\u00e1rl\u00e1sa a Set for life online Ausztr\u00e1li\u00e1b\u00f3l | Set for life lott\u00f3 info, hogyan lehet jegyet v\u00e1s\u00e1rolni<\/title>\n<meta name=\"description\" content=\"A Set for Life lott\u00f3t Ausztr\u00e1li\u00e1b\u00f3l lehet megnyerni - itt v\u00e1s\u00e1rolhat online jegyeket\" \/>\n<meta name=\"robots\" content=\"index, follow, max-snippet:-1, max-image-preview:large, max-video-preview:-1\" \/>\n<link rel=\"canonical\" href=\"https:\/\/onlinelotto365.com\/hu\/jegyeket-vesz\/set-for-life\/\" \/>\n<meta property=\"og:locale\" content=\"hu_HU\" \/>\n<meta property=\"og:type\" content=\"article\" \/>\n<meta property=\"og:title\" content=\"Jegyek v\u00e1s\u00e1rl\u00e1sa a Set for life online Ausztr\u00e1li\u00e1b\u00f3l | Set for life lott\u00f3 info, hogyan lehet jegyet v\u00e1s\u00e1rolni\" \/>\n<meta property=\"og:description\" content=\"A Set for Life lott\u00f3t Ausztr\u00e1li\u00e1b\u00f3l lehet megnyerni - itt v\u00e1s\u00e1rolhat online jegyeket\" \/>\n<meta property=\"og:url\" content=\"https:\/\/onlinelotto365.com\/hu\/jegyeket-vesz\/set-for-life\/\" \/>\n<meta property=\"og:site_name\" content=\"OnlineLotto365\" \/>\n<meta property=\"og:image\" content=\"https:\/\/redfoxlotto.com\/image?size=8&amp;lottery=set-for-life-uk\" \/>\n<meta name=\"twitter:card\" content=\"summary_large_image\" \/>\n<meta name=\"twitter:label1\" content=\"Becs\u00fclt olvas\u00e1si id\u0151\" \/>\n\t<meta name=\"twitter:data1\" content=\"3 perc\" \/>\n<script type=\"application\/ld+json\" class=\"yoast-schema-graph\">{\"@context\":\"https:\/\/schema.org\",\"@graph\":[{\"@type\":\"WebPage\",\"@id\":\"https:\/\/onlinelotto365.com\/hu\/jegyeket-vesz\/set-for-life\/\",\"url\":\"https:\/\/onlinelotto365.com\/hu\/jegyeket-vesz\/set-for-life\/\",\"name\":\"Jegyek v\u00e1s\u00e1rl\u00e1sa a Set for life online Ausztr\u00e1li\u00e1b\u00f3l | Set for life lott\u00f3 info, hogyan lehet jegyet v\u00e1s\u00e1rolni\",\"isPartOf\":{\"@id\":\"https:\/\/onlinelotto365.com\/hu\/#website\"},\"primaryImageOfPage\":{\"@id\":\"https:\/\/onlinelotto365.com\/hu\/jegyeket-vesz\/set-for-life\/#primaryimage\"},\"image\":{\"@id\":\"https:\/\/onlinelotto365.com\/hu\/jegyeket-vesz\/set-for-life\/#primaryimage\"},\"thumbnailUrl\":\"https:\/\/redfoxlotto.com\/image?size=8&amp;lottery=set-for-life-uk\",\"datePublished\":\"2022-11-17T09:35:01+00:00\",\"dateModified\":\"2022-11-17T09:35:01+00:00\",\"description\":\"A Set for Life lott\u00f3t Ausztr\u00e1li\u00e1b\u00f3l lehet megnyerni - itt v\u00e1s\u00e1rolhat online jegyeket\",\"breadcrumb\":{\"@id\":\"https:\/\/onlinelotto365.com\/hu\/jegyeket-vesz\/set-for-life\/#breadcrumb\"},\"inLanguage\":\"hu\",\"potentialAction\":[{\"@type\":\"ReadAction\",\"target\":[\"https:\/\/onlinelotto365.com\/hu\/jegyeket-vesz\/set-for-life\/\"]}]},{\"@type\":\"ImageObject\",\"inLanguage\":\"hu\",\"@id\":\"https:\/\/onlinelotto365.com\/hu\/jegyeket-vesz\/set-for-life\/#primaryimage\",\"url\":\"https:\/\/redfoxlotto.com\/image?size=8&amp;lottery=set-for-life-uk\",\"contentUrl\":\"https:\/\/redfoxlotto.com\/image?size=8&amp;lottery=set-for-life-uk\"},{\"@type\":\"BreadcrumbList\",\"@id\":\"https:\/\/onlinelotto365.com\/hu\/jegyeket-vesz\/set-for-life\/#breadcrumb\",\"itemListElement\":[{\"@type\":\"ListItem\",\"position\":1,\"name\":\"Home\",\"item\":\"https:\/\/onlinelotto365.com\/hu\/\"},{\"@type\":\"ListItem\",\"position\":2,\"name\":\"Most a nagyokr\u00f3l van sz\u00f3: A vil\u00e1g legnagyobb lott\u00f3i\",\"item\":\"https:\/\/onlinelotto365.com\/hu\/jegyeket-vesz\/\"},{\"@type\":\"ListItem\",\"position\":3,\"name\":\"Hogyan v\u00e1s\u00e1rolhatsz Set for life jegyeket online\"}]},{\"@type\":\"WebSite\",\"@id\":\"https:\/\/onlinelotto365.com\/hu\/#website\",\"url\":\"https:\/\/onlinelotto365.com\/hu\/\",\"name\":\"OnlineLotto365\",\"description\":\"\",\"potentialAction\":[{\"@type\":\"SearchAction\",\"target\":{\"@type\":\"EntryPoint\",\"urlTemplate\":\"https:\/\/onlinelotto365.com\/hu\/?s={search_term_string}\"},\"query-input\":{\"@type\":\"PropertyValueSpecification\",\"valueRequired\":true,\"valueName\":\"search_term_string\"}}],\"inLanguage\":\"hu\"}]}<\/script>\n<!-- \/ Yoast SEO plugin. -->","yoast_head_json":{"title":"Jegyek v\u00e1s\u00e1rl\u00e1sa a Set for life online Ausztr\u00e1li\u00e1b\u00f3l | Set for life lott\u00f3 info, hogyan lehet jegyet v\u00e1s\u00e1rolni","description":"A Set for Life lott\u00f3t Ausztr\u00e1li\u00e1b\u00f3l lehet megnyerni - itt v\u00e1s\u00e1rolhat online jegyeket","robots":{"index":"index","follow":"follow","max-snippet":"max-snippet:-1","max-image-preview":"max-image-preview:large","max-video-preview":"max-video-preview:-1"},"canonical":"https:\/\/onlinelotto365.com\/hu\/jegyeket-vesz\/set-for-life\/","og_locale":"hu_HU","og_type":"article","og_title":"Jegyek v\u00e1s\u00e1rl\u00e1sa a Set for life online Ausztr\u00e1li\u00e1b\u00f3l | Set for life lott\u00f3 info, hogyan lehet jegyet v\u00e1s\u00e1rolni","og_description":"A Set for Life lott\u00f3t Ausztr\u00e1li\u00e1b\u00f3l lehet megnyerni - itt v\u00e1s\u00e1rolhat online jegyeket","og_url":"https:\/\/onlinelotto365.com\/hu\/jegyeket-vesz\/set-for-life\/","og_site_name":"OnlineLotto365","og_image":[{"url":"https:\/\/redfoxlotto.com\/image?size=8&amp;lottery=set-for-life-uk"}],"twitter_card":"summary_large_image","twitter_misc":{"Becs\u00fclt olvas\u00e1si id\u0151":"3 perc"},"schema":{"@context":"https:\/\/schema.org","@graph":[{"@type":"WebPage","@id":"https:\/\/onlinelotto365.com\/hu\/jegyeket-vesz\/set-for-life\/","url":"https:\/\/onlinelotto365.com\/hu\/jegyeket-vesz\/set-for-life\/","name":"Jegyek v\u00e1s\u00e1rl\u00e1sa a Set for life online Ausztr\u00e1li\u00e1b\u00f3l | Set for life lott\u00f3 info, hogyan lehet jegyet v\u00e1s\u00e1rolni","isPartOf":{"@id":"https:\/\/onlinelotto365.com\/hu\/#website"},"primaryImageOfPage":{"@id":"https:\/\/onlinelotto365.com\/hu\/jegyeket-vesz\/set-for-life\/#primaryimage"},"image":{"@id":"https:\/\/onlinelotto365.com\/hu\/jegyeket-vesz\/set-for-life\/#primaryimage"},"thumbnailUrl":"https:\/\/redfoxlotto.com\/image?size=8&amp;lottery=set-for-life-uk","datePublished":"2022-11-17T09:35:01+00:00","dateModified":"2022-11-17T09:35:01+00:00","description":"A Set for Life lott\u00f3t Ausztr\u00e1li\u00e1b\u00f3l lehet megnyerni - itt v\u00e1s\u00e1rolhat online jegyeket","breadcrumb":{"@id":"https:\/\/onlinelotto365.com\/hu\/jegyeket-vesz\/set-for-life\/#breadcrumb"},"inLanguage":"hu","potentialAction":[{"@type":"ReadAction","target":["https:\/\/onlinelotto365.com\/hu\/jegyeket-vesz\/set-for-life\/"]}]},{"@type":"ImageObject","inLanguage":"hu","@id":"https:\/\/onlinelotto365.com\/hu\/jegyeket-vesz\/set-for-life\/#primaryimage","url":"https:\/\/redfoxlotto.com\/image?size=8&amp;lottery=set-for-life-uk","contentUrl":"https:\/\/redfoxlotto.com\/image?size=8&amp;lottery=set-for-life-uk"},{"@type":"BreadcrumbList","@id":"https:\/\/onlinelotto365.com\/hu\/jegyeket-vesz\/set-for-life\/#breadcrumb","itemListElement":[{"@type":"ListItem","position":1,"name":"Home","item":"https:\/\/onlinelotto365.com\/hu\/"},{"@type":"ListItem","position":2,"name":"Most a nagyokr\u00f3l van sz\u00f3: A vil\u00e1g legnagyobb lott\u00f3i","item":"https:\/\/onlinelotto365.com\/hu\/jegyeket-vesz\/"},{"@type":"ListItem","position":3,"name":"Hogyan v\u00e1s\u00e1rolhatsz Set for life jegyeket online"}]},{"@type":"WebSite","@id":"https:\/\/onlinelotto365.com\/hu\/#website","url":"https:\/\/onlinelotto365.com\/hu\/","name":"OnlineLotto365","description":"","potentialAction":[{"@type":"SearchAction","target":{"@type":"EntryPoint","urlTemplate":"https:\/\/onlinelotto365.com\/hu\/?s={search_term_string}"},"query-input":{"@type":"PropertyValueSpecification","valueRequired":true,"valueName":"search_term_string"}}],"inLanguage":"hu"}]}},"_links":{"self":[{"href":"https:\/\/onlinelotto365.com\/hu\/wp-json\/wp\/v2\/pages\/80391","targetHints":{"allow":["GET"]}}],"collection":[{"href":"https:\/\/onlinelotto365.com\/hu\/wp-json\/wp\/v2\/pages"}],"about":[{"href":"https:\/\/onlinelotto365.com\/hu\/wp-json\/wp\/v2\/types\/page"}],"author":[{"embeddable":true,"href":"https:\/\/onlinelotto365.com\/hu\/wp-json\/wp\/v2\/users\/1"}],"replies":[{"embeddable":true,"href":"https:\/\/onlinelotto365.com\/hu\/wp-json\/wp\/v2\/comments?post=80391"}],"version-history":[{"count":0,"href":"https:\/\/onlinelotto365.com\/hu\/wp-json\/wp\/v2\/pages\/80391\/revisions"}],"up":[{"embeddable":true,"href":"https:\/\/onlinelotto365.com\/hu\/wp-json\/wp\/v2\/pages\/5637"}],"wp:attachment":[{"href":"https:\/\/onlinelotto365.com\/hu\/wp-json\/wp\/v2\/media?parent=80391"}],"curies":[{"name":"wp","href":"https:\/\/api.w.org\/{rel}","templated":true}]}}