{"id":80437,"date":"2022-11-18T07:36:21","date_gmt":"2022-11-18T06:36:21","guid":{"rendered":"https:\/\/onlinelotto365.com\/?page_id=80437"},"modified":"2022-11-18T07:36:42","modified_gmt":"2022-11-18T06:36:42","slug":"german-lotto","status":"publish","type":"page","link":"https:\/\/onlinelotto365.com\/hu\/jegyeket-vesz\/german-lotto\/","title":{"rendered":"Hogyan v\u00e1s\u00e1rolhat online szelv\u00e9nyt a n\u00e9met lott\u00f3ra"},"content":{"rendered":"<p>Nem tudja pontosan, hogyan v\u00e1s\u00e1roljon n\u00e9met lott\u00f3szelv\u00e9nyeket online? Nos, akkor a legjobb helyen j\u00e1rsz, mert v\u00e9gigvezet\u00fcnk azon a szuperegyszer\u0171 folyamaton, amelynek seg\u00edts\u00e9g\u00e9vel eljuthatsz a szelv\u00e9nyv\u00e1s\u00e1rl\u00e1st\u00f3l a magyarorsz\u00e1gi szelv\u00e9nykeres\u00e9sen \u00e1t a sorsol\u00e1sig, hogy megtudd, nyert\u00e9l-e valami nagyot.<br \/>\n<a href=\"https:\/\/redfoxlotto.com\/play\/lotto-6aus49\/?ref=a8564250a2&amp;medium=ol365\" target=\"_blank\" rel=\"noopener noreferrer\"><img decoding=\"async\" class=\"aligncenter\" src=\"https:\/\/redfoxlotto.com\/image?size=8&amp;lottery=lotto-6aus49\" alt=\"N\u00e9met lott\u00f3 6aus49\" \/><\/a><\/p>\n<ul>\n<li>Menjen fel annak a lott\u00f3j\u00e1t\u00e9knak a weboldal\u00e1ra, amelyen j\u00e1tszani szeretne, \u00e9s v\u00e1lassza ki a k\u00edv\u00e1nt szelv\u00e9nyek sz\u00e1m\u00e1t \u00e9s a megj\u00e1tszani k\u00edv\u00e1nt sz\u00e1mokat.<\/li>\n<li>Szerezzen be annyi szelv\u00e9nyt, amennyit csak akar erre a j\u00e1t\u00e9kra \u00e9s b\u00e1rmelyik m\u00e1sikra is.<\/li>\n<li>Kattintson a gombra a fizet\u00e9shez<\/li>\n<li>Jelentkezzen be jelenlegi fi\u00f3kj\u00e1ba a fizet\u00e9s feldolgoz\u00e1s\u00e1hoz, vagy hozzon l\u00e9tre egy \u00faj fi\u00f3kot, \u00e9s fejezze be a regisztr\u00e1ci\u00f3s folyamatot.<\/li>\n<li>Azoknak, akiknek fi\u00f3kot kell l\u00e9trehozniuk, azt is igazolniuk kell az e-mail fi\u00f3kjukr\u00f3l<\/li>\n<li>Gy\u0151z\u0151dj meg r\u00f3la, hogy megn\u00e9zed a postal\u00e1d\u00e1dban \u00e9s a spam mapp\u00e1dban is, hogy az e-mail oda ker\u00fclt-e, \u00e9s kattints a linkre<\/li>\n<li>Miut\u00e1n ellen\u0151rizte a fi\u00f3kj\u00e1t, l\u00e9pjen a kos\u00e1rba, hogy megv\u00e1s\u00e1rolhassa a t\u00e9teleket<\/li>\n<li>Menjen v\u00e9gig a fizet\u00e9si folyamaton a megadott utas\u00edt\u00e1soknak megfelel\u0151en<\/li>\n<\/ul>\n<h2>Hogyan fizessen a n\u00e9met lott\u00f3szelv\u00e9ny\u00e9rt online<\/h2>\n<p>T\u00f6bbf\u00e9le, teljesen biztons\u00e1gos fizet\u00e9si lehet\u0151s\u00e9g k\u00f6z\u00fcl v\u00e1laszthat, amikor elj\u00f6n az ideje, hogy fizessen a szelv\u00e9nyei\u00e9rt.<br \/>\nEzen lehet\u0151s\u00e9gek mindegyike k\u00e9t k\u00fcl\u00f6nb\u00f6z\u0151 kateg\u00f3ria egyik\u00e9be tartozik:<\/p>\n<p>Fizessen szelv\u00e9nyei\u00e9rt a v\u00e1s\u00e1rl\u00e1skor egy fizet\u00e9si m\u00f3d megad\u00e1s\u00e1val.<br \/>\nFizessen a jegyek\u00e9rt \u00fagy, hogy p\u00e9nzt t\u00f6lt fel a j\u00e1t\u00e9kos sz\u00e1ml\u00e1j\u00e1ra, \u00e9s azt haszn\u00e1lja fel a v\u00e1s\u00e1rl\u00e1shoz.<\/p>\n<p>Gy\u0151z\u0151dj meg r\u00f3la, hogy ha p\u00e9nzt adsz a sz\u00e1ml\u00e1dra, akkor annyit adj hozz\u00e1, hogy az t\u00f6bb mint fedezze az aktu\u00e1lis tranzakci\u00f3 k\u00f6lts\u00e9geit, \u00edgy az j\u00f3v\u00e1hagy\u00e1sra ker\u00fcl.<\/p>\n<h2>Tov\u00e1bbi inform\u00e1ci\u00f3 a n\u00e9met lott\u00f3r\u00f3l<\/h2>\n<ul>\n<li>Orsz\u00e1g: N\u00e9metorsz\u00e1g<\/li>\n<li>F\u0151 sz\u00e1mtartom\u00e1ny: 49<\/li>\n<li>\u00d6n v\u00e1laszt: 6<\/li>\n<li>Az extra sz\u00e1m automatikusan kiv\u00e1laszt\u00e1sra ker\u00fcl az \u00d6n sz\u00e1m\u00e1ra<\/li>\n<li>Sorsol\u00e1si napok, \u00f3r\u00e1k: Szombat, 20:25 CET, 20:25 CET<\/li>\n<li>Minim\u00e1lis jackpot: 1 milli\u00f3 \u20ac<\/li>\n<li>Maxim\u00e1lis jackpot: 12 sorsol\u00e1s ut\u00e1n<\/li>\n<li>A jackpot megnyer\u00e9s\u00e9nek val\u00f3sz\u00edn\u0171s\u00e9ge: 1 az 125854344-hez<\/li>\n<li>A 2-es szint\u0171 nyerem\u00e9ny val\u00f3sz\u00edn\u0171s\u00e9ge: 1: 1:13983816-b\u00f3l<\/li>\n<li>A nyerem\u00e9ny val\u00f3sz\u00edn\u0171s\u00e9ge b\u00e1rmelyik szinten: 1:31-hez<\/li>\n<li>A nyerem\u00e9nyszintek sz\u00e1ma: 9<\/li>\n<\/ul>\n<h2>A n\u00e9met lott\u00f3szelv\u00e9nyek online v\u00e1s\u00e1rl\u00e1s\u00e1nak el\u0151nyei<\/h2>\n<ul>\n<li>Szelv\u00e9nyeket vehet otthonr\u00f3l, k\u00e9nyelmesen, otthonr\u00f3l<\/li>\n<li>Minden t\u00edpus\u00fa lott\u00f3j\u00e1t\u00e9kot megkaphat, amit csak szeretne<\/li>\n<li>Jobb es\u00e9lyek a legjobb jackpotokra a j\u00e1t\u00e9kok helyes kiv\u00e1laszt\u00e1s\u00e1val<\/li>\n<li>K\u00f6nny\u0171 fizet\u00e9si lehet\u0151s\u00e9gek a v\u00e1s\u00e1rl\u00e1shoz k\u00f6zvetlen\u00fcl a j\u00e1t\u00e9kos sz\u00e1ml\u00e1j\u00e1ra t\u00f6rt\u00e9n\u0151 p\u00e9nz hozz\u00e1ad\u00e1s\u00e1val<\/li>\n<li>K\u00f6nnyen t\u00e1rolhatja az \u00f6sszes lott\u00f3szelv\u00e9ny\u00e9t<\/li>\n<li>Azonnali \u00e9rtes\u00edt\u00e9st kap a nyerem\u00e9nyekr\u0151l<\/li>\n<li>K\u00f6nny\u0171 v\u00e1laszt\u00e1si lehet\u0151s\u00e9geket kap, \u00edgy nem kell kiv\u00e1lasztania a sz\u00e1mokat<\/li>\n<\/ul>\n<h2>Leg\u00e1lis a n\u00e9met lott\u00f3szelv\u00e9nyek online v\u00e1s\u00e1rl\u00e1sa?<\/h2>\n<p>Ha eddig agg\u00f3dott az online szelv\u00e9nyv\u00e1s\u00e1rl\u00e1ssal kapcsolatban, mert Magyarorsz\u00e1gon van<br \/>\n\u00e9s nem ismeri a szab\u00e1lyokat, nem kell agg\u00f3dnia. Mi seg\u00edthet\u00fcnk \u00d6nnek levenni az aggodalmak egy r\u00e9sz\u00e9t, mert gondoskodunk arr\u00f3l, hogy a lott\u00f3 orsz\u00e1g\u00e1nak minden szab\u00e1ly\u00e1t betarts\u00e1k.<br \/>\nEz seg\u00edt abban, hogy magabiztosabbnak \u00e9rezze mag\u00e1t, \u00e9s biztos\u00edtja, hogy a megnyert p\u00e9nz garant\u00e1ltan k\u00f6zvetlen\u00fcl \u00d6nh\u00f6z ker\u00fclj\u00f6n.<br \/>\nAz egyetlen szab\u00e1ly, hogy legal\u00e1bb 18 \u00e9vesnek kell lenned ahhoz, hogy j\u00e1tszhass.<\/p>\n<h2>Hogyan kapok p\u00e9nzt, ha online megnyertem a n\u00e9met lott\u00f3t?<\/h2>\n<p><img loading=\"lazy\" decoding=\"async\" class=\"alignright wp-image-3633\" src=\"https:\/\/onlinelotto365.com\/wp-content\/uploads\/2020\/11\/online_lottery-41-300x102.jpg\" alt=\"n\u00e9met lott\u00f3 online uk\" width=\"376\" height=\"128\" srcset=\"https:\/\/onlinelotto365.com\/wp-content\/uploads\/2020\/11\/online_lottery-41-300x102.jpg 300w, https:\/\/onlinelotto365.com\/wp-content\/uploads\/2020\/11\/online_lottery-41.jpg 593w\" sizes=\"auto, (max-width: 376px) 100vw, 376px\" \/><br \/>\nAmikor a nyerem\u00e9nyedhez jut\u00e1sr\u00f3l van sz\u00f3, m\u00e1r tudjuk, hogy nem akarsz \u00e1ldozatot hozni. Meg akarod kapni az \u00f6sszes p\u00e9nzt, ami megillet, \u00e9s ebben mi seg\u00edthet\u00fcnk neked. S\u0151t, ak\u00e1r azonnal el is kezdheted, mert nem vesz\u00fcnk fel jutal\u00e9kot a nyerem\u00e9nyedb\u0151l.<\/p>\n<p>Nem sz\u00e1m\u00edtunk fel semmilyen d\u00edjat sem. Ez \u00edgy van, hacsak nem d\u00f6nt \u00fagy, hogy a p\u00e9nz\u00e9t \u00e1tutalja a bankj\u00e1ba, mi nem sz\u00e1m\u00edtunk fel d\u00edjat semmi\u00e9rt, amit tesz\u00fcnk. Ha az \u00e1tutal\u00e1st v\u00e1lasztja, akkor az\u00e9rt sz\u00e1m\u00edtunk fel d\u00edjat, mert a bankja d\u00edjat sz\u00e1m\u00edt fel.<\/p>\n<p><strong>Mi t\u00f6rt\u00e9nik, ha nyer:<\/strong><\/p>\n<ul>\n<li>Azok sz\u00e1m\u00e1ra, akik 2500 \u20ac-n\u00e1l kevesebbet nyernek, semmit sem kell tennie. Mi mindent elint\u00e9z\u00fcnk azzal, hogy a p\u00e9nzt a sz\u00e1ml\u00e1j\u00e1ra utaljuk.<\/li>\n<li>Azok sz\u00e1m\u00e1ra, akik 2500 \u20ac felett nyernek, \u00fcgyf\u00e9lszolg\u00e1latunkt\u00f3l kap egy ig\u00e9nyl\u0151lapot. Ezen az \u0171rlapon eld\u00f6ntheted, hogy csekken vagy banki \u00e1tutal\u00e1ssal szeretn\u00e9l-e kifizet\u00e9st kapni. Ezut\u00e1n m\u00e1r csak h\u00e1trad\u0151lhetsz \u00e9s v\u00e1rhatod, hogy a p\u00e9nz n\u00e9h\u00e1ny napon bel\u00fcl meg\u00e9rkezzen hozz\u00e1d.<\/li>\n<\/ul>\n","protected":false},"excerpt":{"rendered":"<p>Nem tudja pontosan, hogyan v\u00e1s\u00e1roljon n\u00e9met lott\u00f3szelv\u00e9nyeket online? Nos, akkor a legjobb helyen j\u00e1rsz, mert v\u00e9gigvezet\u00fcnk azon a szuperegyszer\u0171 folyamaton, amelynek seg\u00edts\u00e9g\u00e9vel eljuthatsz a szelv\u00e9nyv\u00e1s\u00e1rl\u00e1st\u00f3l a magyarorsz\u00e1gi szelv\u00e9nykeres\u00e9sen \u00e1t a sorsol\u00e1sig, hogy megtudd, nyert\u00e9l-e valami nagyot. Menjen fel annak a lott\u00f3j\u00e1t\u00e9knak a weboldal\u00e1ra, amelyen j\u00e1tszani szeretne, \u00e9s v\u00e1lassza ki a k\u00edv\u00e1nt szelv\u00e9nyek sz\u00e1m\u00e1t \u00e9s a [&hellip;]<\/p>\n","protected":false},"author":1,"featured_media":0,"parent":5637,"menu_order":11,"comment_status":"closed","ping_status":"closed","template":"lotto-german-info.php","meta":{"_et_pb_use_builder":"","_et_pb_old_content":"","_et_gb_content_width":"","exclude_from_search":false,"footnotes":""},"class_list":["post-80437","page","type-page","status-publish","hentry"],"yoast_head":"<!-- This site is optimized with the Yoast SEO plugin v23.4 - https:\/\/yoast.com\/wordpress\/plugins\/seo\/ -->\n<title>Most v\u00e1s\u00e1roljon n\u00e9met lott\u00f3szelv\u00e9nyeket online Magyarorsz\u00e1gr\u00f3l<\/title>\n<meta name=\"description\" content=\"Ha Magyarorsz\u00e1gon \u00e9l, akkor is v\u00e1s\u00e1rolhat n\u00e9met lott\u00f3szelv\u00e9nyeket online\" \/>\n<meta name=\"robots\" content=\"index, follow, max-snippet:-1, max-image-preview:large, max-video-preview:-1\" \/>\n<link rel=\"canonical\" href=\"https:\/\/onlinelotto365.com\/hu\/jegyeket-vesz\/german-lotto\/\" \/>\n<meta property=\"og:locale\" content=\"hu_HU\" \/>\n<meta property=\"og:type\" content=\"article\" \/>\n<meta property=\"og:title\" content=\"Most v\u00e1s\u00e1roljon n\u00e9met lott\u00f3szelv\u00e9nyeket online Magyarorsz\u00e1gr\u00f3l\" \/>\n<meta property=\"og:description\" content=\"Ha Magyarorsz\u00e1gon \u00e9l, akkor is v\u00e1s\u00e1rolhat n\u00e9met lott\u00f3szelv\u00e9nyeket online\" \/>\n<meta property=\"og:url\" content=\"https:\/\/onlinelotto365.com\/hu\/jegyeket-vesz\/german-lotto\/\" \/>\n<meta property=\"og:site_name\" content=\"OnlineLotto365\" \/>\n<meta property=\"article:modified_time\" content=\"2022-11-18T06:36:42+00:00\" \/>\n<meta property=\"og:image\" content=\"https:\/\/redfoxlotto.com\/image?size=8&amp;lottery=lotto-6aus49\" \/>\n<meta name=\"twitter:card\" content=\"summary_large_image\" \/>\n<meta name=\"twitter:label1\" content=\"Becs\u00fclt olvas\u00e1si id\u0151\" \/>\n\t<meta name=\"twitter:data1\" content=\"3 perc\" \/>\n<script type=\"application\/ld+json\" class=\"yoast-schema-graph\">{\"@context\":\"https:\/\/schema.org\",\"@graph\":[{\"@type\":\"WebPage\",\"@id\":\"https:\/\/onlinelotto365.com\/hu\/jegyeket-vesz\/german-lotto\/\",\"url\":\"https:\/\/onlinelotto365.com\/hu\/jegyeket-vesz\/german-lotto\/\",\"name\":\"Most v\u00e1s\u00e1roljon n\u00e9met lott\u00f3szelv\u00e9nyeket online Magyarorsz\u00e1gr\u00f3l\",\"isPartOf\":{\"@id\":\"https:\/\/onlinelotto365.com\/hu\/#website\"},\"primaryImageOfPage\":{\"@id\":\"https:\/\/onlinelotto365.com\/hu\/jegyeket-vesz\/german-lotto\/#primaryimage\"},\"image\":{\"@id\":\"https:\/\/onlinelotto365.com\/hu\/jegyeket-vesz\/german-lotto\/#primaryimage\"},\"thumbnailUrl\":\"https:\/\/redfoxlotto.com\/image?size=8&amp;lottery=lotto-6aus49\",\"datePublished\":\"2022-11-18T06:36:21+00:00\",\"dateModified\":\"2022-11-18T06:36:42+00:00\",\"description\":\"Ha Magyarorsz\u00e1gon \u00e9l, akkor is v\u00e1s\u00e1rolhat n\u00e9met lott\u00f3szelv\u00e9nyeket online\",\"breadcrumb\":{\"@id\":\"https:\/\/onlinelotto365.com\/hu\/jegyeket-vesz\/german-lotto\/#breadcrumb\"},\"inLanguage\":\"hu\",\"potentialAction\":[{\"@type\":\"ReadAction\",\"target\":[\"https:\/\/onlinelotto365.com\/hu\/jegyeket-vesz\/german-lotto\/\"]}]},{\"@type\":\"ImageObject\",\"inLanguage\":\"hu\",\"@id\":\"https:\/\/onlinelotto365.com\/hu\/jegyeket-vesz\/german-lotto\/#primaryimage\",\"url\":\"https:\/\/redfoxlotto.com\/image?size=8&amp;lottery=lotto-6aus49\",\"contentUrl\":\"https:\/\/redfoxlotto.com\/image?size=8&amp;lottery=lotto-6aus49\"},{\"@type\":\"BreadcrumbList\",\"@id\":\"https:\/\/onlinelotto365.com\/hu\/jegyeket-vesz\/german-lotto\/#breadcrumb\",\"itemListElement\":[{\"@type\":\"ListItem\",\"position\":1,\"name\":\"Home\",\"item\":\"https:\/\/onlinelotto365.com\/hu\/\"},{\"@type\":\"ListItem\",\"position\":2,\"name\":\"Most a nagyokr\u00f3l van sz\u00f3: A vil\u00e1g legnagyobb lott\u00f3i\",\"item\":\"https:\/\/onlinelotto365.com\/hu\/jegyeket-vesz\/\"},{\"@type\":\"ListItem\",\"position\":3,\"name\":\"Hogyan v\u00e1s\u00e1rolhat online szelv\u00e9nyt a n\u00e9met lott\u00f3ra\"}]},{\"@type\":\"WebSite\",\"@id\":\"https:\/\/onlinelotto365.com\/hu\/#website\",\"url\":\"https:\/\/onlinelotto365.com\/hu\/\",\"name\":\"OnlineLotto365\",\"description\":\"\",\"potentialAction\":[{\"@type\":\"SearchAction\",\"target\":{\"@type\":\"EntryPoint\",\"urlTemplate\":\"https:\/\/onlinelotto365.com\/hu\/?s={search_term_string}\"},\"query-input\":{\"@type\":\"PropertyValueSpecification\",\"valueRequired\":true,\"valueName\":\"search_term_string\"}}],\"inLanguage\":\"hu\"}]}<\/script>\n<!-- \/ Yoast SEO plugin. -->","yoast_head_json":{"title":"Most v\u00e1s\u00e1roljon n\u00e9met lott\u00f3szelv\u00e9nyeket online Magyarorsz\u00e1gr\u00f3l","description":"Ha Magyarorsz\u00e1gon \u00e9l, akkor is v\u00e1s\u00e1rolhat n\u00e9met lott\u00f3szelv\u00e9nyeket online","robots":{"index":"index","follow":"follow","max-snippet":"max-snippet:-1","max-image-preview":"max-image-preview:large","max-video-preview":"max-video-preview:-1"},"canonical":"https:\/\/onlinelotto365.com\/hu\/jegyeket-vesz\/german-lotto\/","og_locale":"hu_HU","og_type":"article","og_title":"Most v\u00e1s\u00e1roljon n\u00e9met lott\u00f3szelv\u00e9nyeket online Magyarorsz\u00e1gr\u00f3l","og_description":"Ha Magyarorsz\u00e1gon \u00e9l, akkor is v\u00e1s\u00e1rolhat n\u00e9met lott\u00f3szelv\u00e9nyeket online","og_url":"https:\/\/onlinelotto365.com\/hu\/jegyeket-vesz\/german-lotto\/","og_site_name":"OnlineLotto365","article_modified_time":"2022-11-18T06:36:42+00:00","og_image":[{"url":"https:\/\/redfoxlotto.com\/image?size=8&amp;lottery=lotto-6aus49"}],"twitter_card":"summary_large_image","twitter_misc":{"Becs\u00fclt olvas\u00e1si id\u0151":"3 perc"},"schema":{"@context":"https:\/\/schema.org","@graph":[{"@type":"WebPage","@id":"https:\/\/onlinelotto365.com\/hu\/jegyeket-vesz\/german-lotto\/","url":"https:\/\/onlinelotto365.com\/hu\/jegyeket-vesz\/german-lotto\/","name":"Most v\u00e1s\u00e1roljon n\u00e9met lott\u00f3szelv\u00e9nyeket online Magyarorsz\u00e1gr\u00f3l","isPartOf":{"@id":"https:\/\/onlinelotto365.com\/hu\/#website"},"primaryImageOfPage":{"@id":"https:\/\/onlinelotto365.com\/hu\/jegyeket-vesz\/german-lotto\/#primaryimage"},"image":{"@id":"https:\/\/onlinelotto365.com\/hu\/jegyeket-vesz\/german-lotto\/#primaryimage"},"thumbnailUrl":"https:\/\/redfoxlotto.com\/image?size=8&amp;lottery=lotto-6aus49","datePublished":"2022-11-18T06:36:21+00:00","dateModified":"2022-11-18T06:36:42+00:00","description":"Ha Magyarorsz\u00e1gon \u00e9l, akkor is v\u00e1s\u00e1rolhat n\u00e9met lott\u00f3szelv\u00e9nyeket online","breadcrumb":{"@id":"https:\/\/onlinelotto365.com\/hu\/jegyeket-vesz\/german-lotto\/#breadcrumb"},"inLanguage":"hu","potentialAction":[{"@type":"ReadAction","target":["https:\/\/onlinelotto365.com\/hu\/jegyeket-vesz\/german-lotto\/"]}]},{"@type":"ImageObject","inLanguage":"hu","@id":"https:\/\/onlinelotto365.com\/hu\/jegyeket-vesz\/german-lotto\/#primaryimage","url":"https:\/\/redfoxlotto.com\/image?size=8&amp;lottery=lotto-6aus49","contentUrl":"https:\/\/redfoxlotto.com\/image?size=8&amp;lottery=lotto-6aus49"},{"@type":"BreadcrumbList","@id":"https:\/\/onlinelotto365.com\/hu\/jegyeket-vesz\/german-lotto\/#breadcrumb","itemListElement":[{"@type":"ListItem","position":1,"name":"Home","item":"https:\/\/onlinelotto365.com\/hu\/"},{"@type":"ListItem","position":2,"name":"Most a nagyokr\u00f3l van sz\u00f3: A vil\u00e1g legnagyobb lott\u00f3i","item":"https:\/\/onlinelotto365.com\/hu\/jegyeket-vesz\/"},{"@type":"ListItem","position":3,"name":"Hogyan v\u00e1s\u00e1rolhat online szelv\u00e9nyt a n\u00e9met lott\u00f3ra"}]},{"@type":"WebSite","@id":"https:\/\/onlinelotto365.com\/hu\/#website","url":"https:\/\/onlinelotto365.com\/hu\/","name":"OnlineLotto365","description":"","potentialAction":[{"@type":"SearchAction","target":{"@type":"EntryPoint","urlTemplate":"https:\/\/onlinelotto365.com\/hu\/?s={search_term_string}"},"query-input":{"@type":"PropertyValueSpecification","valueRequired":true,"valueName":"search_term_string"}}],"inLanguage":"hu"}]}},"_links":{"self":[{"href":"https:\/\/onlinelotto365.com\/hu\/wp-json\/wp\/v2\/pages\/80437","targetHints":{"allow":["GET"]}}],"collection":[{"href":"https:\/\/onlinelotto365.com\/hu\/wp-json\/wp\/v2\/pages"}],"about":[{"href":"https:\/\/onlinelotto365.com\/hu\/wp-json\/wp\/v2\/types\/page"}],"author":[{"embeddable":true,"href":"https:\/\/onlinelotto365.com\/hu\/wp-json\/wp\/v2\/users\/1"}],"replies":[{"embeddable":true,"href":"https:\/\/onlinelotto365.com\/hu\/wp-json\/wp\/v2\/comments?post=80437"}],"version-history":[{"count":0,"href":"https:\/\/onlinelotto365.com\/hu\/wp-json\/wp\/v2\/pages\/80437\/revisions"}],"up":[{"embeddable":true,"href":"https:\/\/onlinelotto365.com\/hu\/wp-json\/wp\/v2\/pages\/5637"}],"wp:attachment":[{"href":"https:\/\/onlinelotto365.com\/hu\/wp-json\/wp\/v2\/media?parent=80437"}],"curies":[{"name":"wp","href":"https:\/\/api.w.org\/{rel}","templated":true}]}}