{"id":80469,"date":"2022-11-18T10:53:54","date_gmt":"2022-11-18T09:53:54","guid":{"rendered":"https:\/\/onlinelotto365.com\/?page_id=80469"},"modified":"2022-11-18T10:53:54","modified_gmt":"2022-11-18T09:53:54","slug":"mega-sena","status":"publish","type":"page","link":"https:\/\/onlinelotto365.com\/hu\/jegyeket-vesz\/mega-sena\/","title":{"rendered":"Hogyan v\u00e1s\u00e1rolhat Mega-Sena Brazil jegyeket online"},"content":{"rendered":"<p>Szeretn\u00e9 tudni, hogyan juthat hozz\u00e1 a Mega-Sena-ra sz\u00fcks\u00e9ges jegyekhez, b\u00e1r Magyarorsz\u00e1gon vagy Braz\u00edli\u00e1n k\u00edv\u00fcl m\u00e1s orsz\u00e1gban \u00e9l? Nos, akkor \u00e9rdemes egy kicsit tov\u00e1bb olvasnod, mert mi seg\u00edthet\u00fcnk neked az eg\u00e9sz folyamatban, \u00e9s biztos\u00edthatjuk, hogy j\u00f3 \u00faton haladsz afel\u00e9, hogy megszerezd a jegyeket, amelyeket szeretn\u00e9l b\u00e1rmelyik \u00e9s minden j\u00e1t\u00e9kra, amit j\u00e1tszani szeretn\u00e9l.<br \/>\n<a href=\"https:\/\/redfoxlotto.com\/play\/mega-sena\/?ref=a8564250a2&amp;medium=ol365\" target=\"_blank\" rel=\"noopener noreferrer\"><img decoding=\"async\" class=\"aligncenter\" src=\"https:\/\/redfoxlotto.com\/image?size=8&amp;lottery=mega-sena\" alt=\"mega-sena\" \/><\/a><\/p>\n<ul>\n<li>Mind\u00f6ssze annyit kell tennie, hogy kiv\u00e1lasztja a j\u00e1t\u00e9kot, amelyet j\u00e1tszani szeretne, \u00e9s kiv\u00e1lasztja a k\u00edv\u00e1nt szelv\u00e9nysz\u00e1mokat az adott j\u00e1t\u00e9khoz.<\/li>\n<li>Adjon hozz\u00e1 annyi jegyet, amennyit csak akar erre a j\u00e1t\u00e9kra vagy b\u00e1rmely m\u00e1s j\u00e1t\u00e9kra, amit j\u00e1tszani szeretne.<\/li>\n<li>Kattintson a gombra a p\u00e9nzt\u00e1rfolyamat elind\u00edt\u00e1s\u00e1hoz.<\/li>\n<li>Jelentkezzen be jelenlegi fi\u00f3kj\u00e1ba, vagy hozzon l\u00e9tre egy \u00faj fi\u00f3kot a jegyek megv\u00e1s\u00e1rl\u00e1s\u00e1hoz.<\/li>\n<li>Ha \u00faj fi\u00f3kot kell l\u00e9trehoznia, akkor a regisztr\u00e1ci\u00f3s folyamaton kell kereszt\u00fclmennie. Az ellen\u0151rz\u0151 linket elk\u00fcldj\u00fck az e-mail c\u00edm\u00e9re.<\/li>\n<li>Ha az e-mail nem jelenik meg a postal\u00e1d\u00e1j\u00e1ban, ellen\u0151rizze a spam mapp\u00e1t, hogy megbizonyosodjon r\u00f3la, hogy megkapta.<\/li>\n<li>Miut\u00e1n ellen\u0151rizte a fi\u00f3kj\u00e1t, l\u00e9pjen a weboldalon l\u00e9v\u0151 kos\u00e1rba.<\/li>\n<li>K\u00f6vesse az utas\u00edt\u00e1sokat a jegyek kifizet\u00e9s\u00e9hez a kiv\u00e1lasztott fizet\u00e9si m\u00f3ddal.<\/li>\n<\/ul>\n<h2>Hogyan fizessen a Mega-Sena jegyek\u00e9rt online<\/h2>\n<p>Fontos sz\u00e1modra, hogy biztons\u00e1gosan fizess a jegyeid\u00e9rt, \u00e9s mi ezt a lehet\u0151 legk\u00f6nnyebb\u00e9 tessz\u00fck azzal, hogy sz\u00e1mos k\u00fcl\u00f6nb\u00f6z\u0151 k\u00f6zvetlen fizet\u00e9si lehet\u0151s\u00e9get, valamint egy m\u00e1sodlagos lehet\u0151s\u00e9get biztos\u00edtunk a jegyeid megv\u00e1s\u00e1rl\u00e1s\u00e1ra. \u00d6nnek csak az al\u00e1bbi kett\u0151 egyik\u00e9vel kell kezdenie.<\/p>\n<p>Fizessen k\u00f6zvetlen\u00fcl a kedvenc fizet\u00e9si m\u00f3dj\u00e1val<br \/>\nAdj p\u00e9nzt a j\u00e1t\u00e9kos sz\u00e1ml\u00e1dra, hogy k\u00f6zvetlen\u00fcl a sz\u00e1ml\u00e1dr\u00f3l v\u00e1s\u00e1rolhass jegyeket.<\/p>\n<p>Gy\u0151z\u0151dj meg r\u00f3la, hogy egy kis pluszt adsz a j\u00e1t\u00e9kos sz\u00e1ml\u00e1dra, ha ezt a m\u00f3dszert v\u00e1lasztod. \u00cdgy a sz\u00e1ml\u00e1d egyenlege k\u00e9pes lesz kifizetni a v\u00e1s\u00e1rl\u00e1st.<\/p>\n<h2>Tov\u00e1bbi inform\u00e1ci\u00f3 a Mega-Sena j\u00e1t\u00e9kr\u00f3l<\/h2>\n<ul>\n<li>Orsz\u00e1g: Braz\u00edlia<\/li>\n<li>F\u0151 sz\u00e1mtartom\u00e1ny: 60<\/li>\n<li>Te v\u00e1lasztasz: 6<\/li>\n<li>Sorsol\u00e1si napok, \u00f3r\u00e1k: Szerda, szombat, 20:00 GMT -3, 24:00 CET<\/li>\n<li>Minim\u00e1lis jackpot: R$ 2 milli\u00f3<\/li>\n<li>Maxim\u00e1lis jackpot: nincs<\/li>\n<li>A jackpot megnyer\u00e9s\u00e9nek val\u00f3sz\u00edn\u0171s\u00e9ge: 1 az 50063860-hoz<\/li>\n<li>A 2-es szint\u0171 nyerem\u00e9ny val\u00f3sz\u00edn\u0171s\u00e9ge: 1 az 15451809-hez<\/li>\n<li>A nyerem\u00e9ny val\u00f3sz\u00edn\u0171s\u00e9ge b\u00e1rmelyik szinten: 1:2297,56-b\u00f3l 1<\/li>\n<li>A nyerem\u00e9nyszintek sz\u00e1ma: A nyerem\u00e9nyszintek sz\u00e1ma: 1: 3<\/li>\n<\/ul>\n<h2>A Mega-Sena szelv\u00e9nyek online v\u00e1s\u00e1rl\u00e1s\u00e1nak el\u0151nyei<\/h2>\n<ul>\n<li>Nincs sz\u00fcks\u00e9g utaz\u00e1sra &#8211; csak otthonr\u00f3l kell megvenni a szelv\u00e9nyeket<\/li>\n<li>V\u00e1lasszon a k\u00fcl\u00f6nb\u00f6z\u0151 lott\u00f3j\u00e1t\u00e9kok k\u00f6z\u00fcl<\/li>\n<li>A legjobb nyer\u00e9si es\u00e9lyek a magas f\u0151nyerem\u00e9ny\u0171 j\u00e1t\u00e9kokn\u00e1l<\/li>\n<li>Helyezzen p\u00e9nzt k\u00f6zvetlen\u00fcl a sz\u00e1ml\u00e1j\u00e1ra, hogy azt a v\u00e1s\u00e1rl\u00e1sra ford\u00edthassa<\/li>\n<li>K\u00f6nnyen nyomon k\u00f6vetheti szelv\u00e9nyeit<\/li>\n<li>Kapjon \u00e9rtes\u00edt\u00e9st, ha nyer a szelv\u00e9nyeivel<\/li>\n<li>Haszn\u00e1lja a gyors v\u00e1laszt\u00e1si lehet\u0151s\u00e9get, hogy sz\u00e1mok kiv\u00e1laszt\u00e1sa n\u00e9lk\u00fcl kapjon szelv\u00e9nyeket<\/li>\n<\/ul>\n<h2>Leg\u00e1lis a Mega-Sena szelv\u00e9nyek online v\u00e1s\u00e1rl\u00e1sa?<\/h2>\n<p>Sokan agg\u00f3dnak amiatt, hogy v\u00e1s\u00e1rolhatnak-e Mega-Sena lott\u00f3szelv\u00e9nyeket online, mert Magyarorsz\u00e1g a lak\u00f3hely\u00fck szerinti orsz\u00e1g. Vagy esetleg m\u00e1s orsz\u00e1gban \u00e9lnek, de nem Braz\u00edli\u00e1ban. Mi seg\u00edt\u00fcnk eloszlatni n\u00e9h\u00e1ny agg\u00e1lyt azzal, hogy minden, amit tesz\u00fcnk, a lott\u00f3t m\u0171k\u00f6dtet\u0151 orsz\u00e1g szab\u00e1lyai alapj\u00e1n t\u00f6rt\u00e9nik. Ez megk\u00f6nny\u00edti a szelv\u00e9nyv\u00e1s\u00e1rl\u00e1st, \u00e9s megk\u00f6nny\u00edti a folyamatot. R\u00e1ad\u00e1sul garant\u00e1ltan megkapja a megnyert p\u00e9nzt, bele\u00e9rtve a jackpotot is.<\/p>\n<h2>Hogyan kapok p\u00e9nzt, ha online megnyertem a Mega-Sena-t?<\/h2>\n<p><img loading=\"lazy\" decoding=\"async\" class=\"alignright wp-image-3660\" src=\"https:\/\/onlinelotto365.com\/wp-content\/uploads\/2020\/11\/online_lottery-133-300x212.jpg\" alt=\"mega-sena online Magyarorsz\u00e1g\" width=\"177\" height=\"125\" srcset=\"https:\/\/onlinelotto365.com\/wp-content\/uploads\/2020\/11\/online_lottery-133-300x212.jpg 300w, https:\/\/onlinelotto365.com\/wp-content\/uploads\/2020\/11\/online_lottery-133.jpg 320w\" sizes=\"auto, (max-width: 177px) 100vw, 177px\" \/><br \/>\nAmikor a nyerteseknek t\u00f6rt\u00e9n\u0151 kifizet\u00e9sekr\u0151l van sz\u00f3, mi ezt a legjobb m\u00f3don tessz\u00fck, m\u00e9gpedig \u00fagy, hogy minden centet odaadunk neked. Nem kell jutal\u00e9kot fizetnie nek\u00fcnk semmilyen \u00f6sszeg\u00e9rt, amit megnyert, legyen az egy kisebb nyerem\u00e9ny vagy ak\u00e1r a jackpot. \u00d6nnek sem kell semmilyen d\u00edjat fizetnie nek\u00fcnk, kiv\u00e9ve, ha banki \u00e1tutal\u00e1st v\u00e1laszt.<br \/>\nMinden m\u00e1s fizet\u00e9si m\u00f3ddal megkapod az \u00f6sszes megnyert p\u00e9nzt. A banki \u00e1tutal\u00e1sokn\u00e1l n\u00e9ha d\u00edjat kapunk a bankt\u00f3l, \u00e9s ezt a d\u00edjat az \u00e1tutal\u00e1si folyamat sor\u00e1n levonjuk a nyerem\u00e9nyedb\u0151l.<\/p>\n<p><strong>Ha azonban nyersz, tudnod kell, hogy milyen folyamat t\u00f6rt\u00e9nik, hogy megkapd a p\u00e9nzt:<\/strong><\/p>\n<ul>\n<li>Aki 2500 \u20ac-n\u00e1l kevesebbet nyer, annak a p\u00e9nzt k\u00f6zvetlen\u00fcl a sz\u00e1ml\u00e1j\u00e1ra utaljuk, an\u00e9lk\u00fcl, hogy b\u00e1rmit is tennie kellene.<\/li>\n<li>Aki azonban 2500 \u20ac felett nyer, azt \u00fcgyf\u00e9lszolg\u00e1latunk megk\u00e9ri, hogy t\u00f6lts\u00f6n ki egy ig\u00e9nyl\u0151lapot. Ez lehet\u0151v\u00e9 teszi, hogy k\u00e9tf\u00e9le m\u00f3don jusson hozz\u00e1 a p\u00e9nz\u00e9hez. V\u00e1laszthatsz, hogy vagy csekket kapsz a teljes \u00f6sszegr\u0151l, vagy banki \u00e1tutal\u00e1st kezdem\u00e9nyezel. B\u00e1rmelyik m\u00f3don is j\u00e1r, a p\u00e9nzedet n\u00e9h\u00e1ny napon bel\u00fcl \u00e1tutalj\u00e1k b\u00e1rmelyik orsz\u00e1gba, bele\u00e9rtve Magyarorsz\u00e1got is.<\/li>\n<\/ul>\n","protected":false},"excerpt":{"rendered":"<p>Szeretn\u00e9 tudni, hogyan juthat hozz\u00e1 a Mega-Sena-ra sz\u00fcks\u00e9ges jegyekhez, b\u00e1r Magyarorsz\u00e1gon vagy Braz\u00edli\u00e1n k\u00edv\u00fcl m\u00e1s orsz\u00e1gban \u00e9l? Nos, akkor \u00e9rdemes egy kicsit tov\u00e1bb olvasnod, mert mi seg\u00edthet\u00fcnk neked az eg\u00e9sz folyamatban, \u00e9s biztos\u00edthatjuk, hogy j\u00f3 \u00faton haladsz afel\u00e9, hogy megszerezd a jegyeket, amelyeket szeretn\u00e9l b\u00e1rmelyik \u00e9s minden j\u00e1t\u00e9kra, amit j\u00e1tszani szeretn\u00e9l. Mind\u00f6ssze annyit kell tennie, [&hellip;]<\/p>\n","protected":false},"author":1,"featured_media":0,"parent":5637,"menu_order":12,"comment_status":"closed","ping_status":"closed","template":"megasena-info.php","meta":{"_et_pb_use_builder":"","_et_pb_old_content":"","_et_gb_content_width":"","exclude_from_search":false,"footnotes":""},"class_list":["post-80469","page","type-page","status-publish","hentry"],"yoast_head":"<!-- This site is optimized with the Yoast SEO plugin v23.4 - https:\/\/yoast.com\/wordpress\/plugins\/seo\/ -->\n<title>Online jegyek v\u00e1s\u00e1rl\u00e1sa a Mega-Sena-ra Magyarorsz\u00e1gr\u00f3l | A Mega-Sena-r\u00f3l \u00e9s a jegyek beszerz\u00e9s\u00e9r\u0151l<\/title>\n<meta name=\"description\" content=\"Ez egy nagyszer\u0171 lott\u00f3 Braz\u00edli\u00e1b\u00f3l - \u00e9s most m\u00e1r online is v\u00e1s\u00e1rolhatsz jegyeket\" \/>\n<meta name=\"robots\" content=\"index, follow, max-snippet:-1, max-image-preview:large, max-video-preview:-1\" \/>\n<link rel=\"canonical\" href=\"https:\/\/onlinelotto365.com\/hu\/jegyeket-vesz\/mega-sena\/\" \/>\n<meta property=\"og:locale\" content=\"hu_HU\" \/>\n<meta property=\"og:type\" content=\"article\" \/>\n<meta property=\"og:title\" content=\"Online jegyek v\u00e1s\u00e1rl\u00e1sa a Mega-Sena-ra Magyarorsz\u00e1gr\u00f3l | A Mega-Sena-r\u00f3l \u00e9s a jegyek beszerz\u00e9s\u00e9r\u0151l\" \/>\n<meta property=\"og:description\" content=\"Ez egy nagyszer\u0171 lott\u00f3 Braz\u00edli\u00e1b\u00f3l - \u00e9s most m\u00e1r online is v\u00e1s\u00e1rolhatsz jegyeket\" \/>\n<meta property=\"og:url\" content=\"https:\/\/onlinelotto365.com\/hu\/jegyeket-vesz\/mega-sena\/\" \/>\n<meta property=\"og:site_name\" content=\"OnlineLotto365\" \/>\n<meta property=\"og:image\" content=\"https:\/\/redfoxlotto.com\/image?size=8&amp;lottery=mega-sena\" \/>\n<meta name=\"twitter:card\" content=\"summary_large_image\" \/>\n<meta name=\"twitter:label1\" content=\"Becs\u00fclt olvas\u00e1si id\u0151\" \/>\n\t<meta name=\"twitter:data1\" content=\"4 perc\" \/>\n<script type=\"application\/ld+json\" class=\"yoast-schema-graph\">{\"@context\":\"https:\/\/schema.org\",\"@graph\":[{\"@type\":\"WebPage\",\"@id\":\"https:\/\/onlinelotto365.com\/hu\/jegyeket-vesz\/mega-sena\/\",\"url\":\"https:\/\/onlinelotto365.com\/hu\/jegyeket-vesz\/mega-sena\/\",\"name\":\"Online jegyek v\u00e1s\u00e1rl\u00e1sa a Mega-Sena-ra Magyarorsz\u00e1gr\u00f3l | A Mega-Sena-r\u00f3l \u00e9s a jegyek beszerz\u00e9s\u00e9r\u0151l\",\"isPartOf\":{\"@id\":\"https:\/\/onlinelotto365.com\/hu\/#website\"},\"primaryImageOfPage\":{\"@id\":\"https:\/\/onlinelotto365.com\/hu\/jegyeket-vesz\/mega-sena\/#primaryimage\"},\"image\":{\"@id\":\"https:\/\/onlinelotto365.com\/hu\/jegyeket-vesz\/mega-sena\/#primaryimage\"},\"thumbnailUrl\":\"https:\/\/redfoxlotto.com\/image?size=8&amp;lottery=mega-sena\",\"datePublished\":\"2022-11-18T09:53:54+00:00\",\"dateModified\":\"2022-11-18T09:53:54+00:00\",\"description\":\"Ez egy nagyszer\u0171 lott\u00f3 Braz\u00edli\u00e1b\u00f3l - \u00e9s most m\u00e1r online is v\u00e1s\u00e1rolhatsz jegyeket\",\"breadcrumb\":{\"@id\":\"https:\/\/onlinelotto365.com\/hu\/jegyeket-vesz\/mega-sena\/#breadcrumb\"},\"inLanguage\":\"hu\",\"potentialAction\":[{\"@type\":\"ReadAction\",\"target\":[\"https:\/\/onlinelotto365.com\/hu\/jegyeket-vesz\/mega-sena\/\"]}]},{\"@type\":\"ImageObject\",\"inLanguage\":\"hu\",\"@id\":\"https:\/\/onlinelotto365.com\/hu\/jegyeket-vesz\/mega-sena\/#primaryimage\",\"url\":\"https:\/\/redfoxlotto.com\/image?size=8&amp;lottery=mega-sena\",\"contentUrl\":\"https:\/\/redfoxlotto.com\/image?size=8&amp;lottery=mega-sena\"},{\"@type\":\"BreadcrumbList\",\"@id\":\"https:\/\/onlinelotto365.com\/hu\/jegyeket-vesz\/mega-sena\/#breadcrumb\",\"itemListElement\":[{\"@type\":\"ListItem\",\"position\":1,\"name\":\"Home\",\"item\":\"https:\/\/onlinelotto365.com\/hu\/\"},{\"@type\":\"ListItem\",\"position\":2,\"name\":\"Most a nagyokr\u00f3l van sz\u00f3: A vil\u00e1g legnagyobb lott\u00f3i\",\"item\":\"https:\/\/onlinelotto365.com\/hu\/jegyeket-vesz\/\"},{\"@type\":\"ListItem\",\"position\":3,\"name\":\"Hogyan v\u00e1s\u00e1rolhat Mega-Sena Brazil jegyeket online\"}]},{\"@type\":\"WebSite\",\"@id\":\"https:\/\/onlinelotto365.com\/hu\/#website\",\"url\":\"https:\/\/onlinelotto365.com\/hu\/\",\"name\":\"OnlineLotto365\",\"description\":\"\",\"potentialAction\":[{\"@type\":\"SearchAction\",\"target\":{\"@type\":\"EntryPoint\",\"urlTemplate\":\"https:\/\/onlinelotto365.com\/hu\/?s={search_term_string}\"},\"query-input\":{\"@type\":\"PropertyValueSpecification\",\"valueRequired\":true,\"valueName\":\"search_term_string\"}}],\"inLanguage\":\"hu\"}]}<\/script>\n<!-- \/ Yoast SEO plugin. -->","yoast_head_json":{"title":"Online jegyek v\u00e1s\u00e1rl\u00e1sa a Mega-Sena-ra Magyarorsz\u00e1gr\u00f3l | A Mega-Sena-r\u00f3l \u00e9s a jegyek beszerz\u00e9s\u00e9r\u0151l","description":"Ez egy nagyszer\u0171 lott\u00f3 Braz\u00edli\u00e1b\u00f3l - \u00e9s most m\u00e1r online is v\u00e1s\u00e1rolhatsz jegyeket","robots":{"index":"index","follow":"follow","max-snippet":"max-snippet:-1","max-image-preview":"max-image-preview:large","max-video-preview":"max-video-preview:-1"},"canonical":"https:\/\/onlinelotto365.com\/hu\/jegyeket-vesz\/mega-sena\/","og_locale":"hu_HU","og_type":"article","og_title":"Online jegyek v\u00e1s\u00e1rl\u00e1sa a Mega-Sena-ra Magyarorsz\u00e1gr\u00f3l | A Mega-Sena-r\u00f3l \u00e9s a jegyek beszerz\u00e9s\u00e9r\u0151l","og_description":"Ez egy nagyszer\u0171 lott\u00f3 Braz\u00edli\u00e1b\u00f3l - \u00e9s most m\u00e1r online is v\u00e1s\u00e1rolhatsz jegyeket","og_url":"https:\/\/onlinelotto365.com\/hu\/jegyeket-vesz\/mega-sena\/","og_site_name":"OnlineLotto365","og_image":[{"url":"https:\/\/redfoxlotto.com\/image?size=8&amp;lottery=mega-sena"}],"twitter_card":"summary_large_image","twitter_misc":{"Becs\u00fclt olvas\u00e1si id\u0151":"4 perc"},"schema":{"@context":"https:\/\/schema.org","@graph":[{"@type":"WebPage","@id":"https:\/\/onlinelotto365.com\/hu\/jegyeket-vesz\/mega-sena\/","url":"https:\/\/onlinelotto365.com\/hu\/jegyeket-vesz\/mega-sena\/","name":"Online jegyek v\u00e1s\u00e1rl\u00e1sa a Mega-Sena-ra Magyarorsz\u00e1gr\u00f3l | A Mega-Sena-r\u00f3l \u00e9s a jegyek beszerz\u00e9s\u00e9r\u0151l","isPartOf":{"@id":"https:\/\/onlinelotto365.com\/hu\/#website"},"primaryImageOfPage":{"@id":"https:\/\/onlinelotto365.com\/hu\/jegyeket-vesz\/mega-sena\/#primaryimage"},"image":{"@id":"https:\/\/onlinelotto365.com\/hu\/jegyeket-vesz\/mega-sena\/#primaryimage"},"thumbnailUrl":"https:\/\/redfoxlotto.com\/image?size=8&amp;lottery=mega-sena","datePublished":"2022-11-18T09:53:54+00:00","dateModified":"2022-11-18T09:53:54+00:00","description":"Ez egy nagyszer\u0171 lott\u00f3 Braz\u00edli\u00e1b\u00f3l - \u00e9s most m\u00e1r online is v\u00e1s\u00e1rolhatsz jegyeket","breadcrumb":{"@id":"https:\/\/onlinelotto365.com\/hu\/jegyeket-vesz\/mega-sena\/#breadcrumb"},"inLanguage":"hu","potentialAction":[{"@type":"ReadAction","target":["https:\/\/onlinelotto365.com\/hu\/jegyeket-vesz\/mega-sena\/"]}]},{"@type":"ImageObject","inLanguage":"hu","@id":"https:\/\/onlinelotto365.com\/hu\/jegyeket-vesz\/mega-sena\/#primaryimage","url":"https:\/\/redfoxlotto.com\/image?size=8&amp;lottery=mega-sena","contentUrl":"https:\/\/redfoxlotto.com\/image?size=8&amp;lottery=mega-sena"},{"@type":"BreadcrumbList","@id":"https:\/\/onlinelotto365.com\/hu\/jegyeket-vesz\/mega-sena\/#breadcrumb","itemListElement":[{"@type":"ListItem","position":1,"name":"Home","item":"https:\/\/onlinelotto365.com\/hu\/"},{"@type":"ListItem","position":2,"name":"Most a nagyokr\u00f3l van sz\u00f3: A vil\u00e1g legnagyobb lott\u00f3i","item":"https:\/\/onlinelotto365.com\/hu\/jegyeket-vesz\/"},{"@type":"ListItem","position":3,"name":"Hogyan v\u00e1s\u00e1rolhat Mega-Sena Brazil jegyeket online"}]},{"@type":"WebSite","@id":"https:\/\/onlinelotto365.com\/hu\/#website","url":"https:\/\/onlinelotto365.com\/hu\/","name":"OnlineLotto365","description":"","potentialAction":[{"@type":"SearchAction","target":{"@type":"EntryPoint","urlTemplate":"https:\/\/onlinelotto365.com\/hu\/?s={search_term_string}"},"query-input":{"@type":"PropertyValueSpecification","valueRequired":true,"valueName":"search_term_string"}}],"inLanguage":"hu"}]}},"_links":{"self":[{"href":"https:\/\/onlinelotto365.com\/hu\/wp-json\/wp\/v2\/pages\/80469","targetHints":{"allow":["GET"]}}],"collection":[{"href":"https:\/\/onlinelotto365.com\/hu\/wp-json\/wp\/v2\/pages"}],"about":[{"href":"https:\/\/onlinelotto365.com\/hu\/wp-json\/wp\/v2\/types\/page"}],"author":[{"embeddable":true,"href":"https:\/\/onlinelotto365.com\/hu\/wp-json\/wp\/v2\/users\/1"}],"replies":[{"embeddable":true,"href":"https:\/\/onlinelotto365.com\/hu\/wp-json\/wp\/v2\/comments?post=80469"}],"version-history":[{"count":0,"href":"https:\/\/onlinelotto365.com\/hu\/wp-json\/wp\/v2\/pages\/80469\/revisions"}],"up":[{"embeddable":true,"href":"https:\/\/onlinelotto365.com\/hu\/wp-json\/wp\/v2\/pages\/5637"}],"wp:attachment":[{"href":"https:\/\/onlinelotto365.com\/hu\/wp-json\/wp\/v2\/media?parent=80469"}],"curies":[{"name":"wp","href":"https:\/\/api.w.org\/{rel}","templated":true}]}}