{"id":80508,"date":"2022-11-21T07:08:47","date_gmt":"2022-11-21T06:08:47","guid":{"rendered":"https:\/\/onlinelotto365.com\/?page_id=80508"},"modified":"2022-11-21T07:13:43","modified_gmt":"2022-11-21T06:13:43","slug":"powerball-australia","status":"publish","type":"page","link":"https:\/\/onlinelotto365.com\/hu\/jegyeket-vesz\/powerball-australia\/","title":{"rendered":"Hogyan v\u00e1s\u00e1rolhat Powerball Ausztr\u00e1lia jegyeket online"},"content":{"rendered":"<p>Szeretn\u00e9 tudni, hogyan v\u00e1s\u00e1rolhatja meg online a Powerball Australia szelv\u00e9nyeit? Nos, mi n\u00e9h\u00e1ny egyszer\u0171 l\u00e9p\u00e9sre bontottuk le magyarorsz\u00e1gi \u00e9s m\u00e1s orsz\u00e1gokb\u00f3l \u00e9rkez\u0151 \u00fcgyfeleink sz\u00e1m\u00e1ra, \u00edgy m\u00e1r most elkezdheti a folyamatot. \u00c9s sokkal gyorsabban \u00e9s egyszer\u0171bben megteheti, mint gondoln\u00e1.<br \/>\n<a href=\"https:\/\/redfoxlotto.com\/play\/powerball-au\/?ref=a8564250a2&amp;medium=ol365\" target=\"_blank\" rel=\"noopener noreferrer\"><img decoding=\"async\" class=\"aligncenter\" src=\"https:\/\/redfoxlotto.com\/image?size=8&amp;lottery=powerball-au\" alt=\"Powerball Ausztr\u00e1lia \" \/><\/a><\/p>\n<ul>\n<li>Menjen a Powerball Australia oldal\u00e1ra, \u00e9s v\u00e1lassza ki a k\u00edv\u00e1nt szelv\u00e9nyeket \u00e9s a hozz\u00e1juk tartoz\u00f3 sz\u00e1mokat, vagy hagyja, hogy a sz\u00e1m\u00edt\u00f3g\u00e9p v\u00e1lasszon \u00d6n helyett.<\/li>\n<li>Add hozz\u00e1 annyi szelv\u00e9nyt \u00e9s j\u00e1t\u00e9kot a megrendel\u00e9sedhez, amennyit csak szeretn\u00e9l, miel\u0151tt befejezn\u00e9d.<\/li>\n<li>Kattintson a gombra a fizet\u00e9shez most<\/li>\n<li>Hozzon l\u00e9tre egy fi\u00f3kot a weboldalunkon, vagy jelentkezzen be jelenlegi fi\u00f3kj\u00e1ba, ha m\u00e1r rendelkezik ilyennel.<\/li>\n<li>Azok sz\u00e1m\u00e1ra, akiknek fi\u00f3kot kell l\u00e9trehozniuk, regisztr\u00e1lniuk kell azt az e-mail c\u00edm\u00fckkel.<\/li>\n<li>Ellen\u0151rizze a spam mapp\u00e1j\u00e1t, valamint a norm\u00e1l postal\u00e1d\u00e1j\u00e1t az ellen\u0151rz\u0151 e-mail\u00e9rt.<\/li>\n<li>Menjen a kos\u00e1rba a v\u00e1s\u00e1rl\u00e1s v\u00e9gleges\u00edt\u00e9s\u00e9hez<\/li>\n<li>V\u00e1lassza ki a haszn\u00e1lni k\u00edv\u00e1nt fizet\u00e9si m\u00f3dot, \u00e9s menjen v\u00e9gig a fizet\u00e9si folyamaton<\/li>\n<\/ul>\n<h2>Hogyan fizethet a Powerball Australia szelv\u00e9ny\u00e9\u00e9rt online?<\/h2>\n<p>T\u00f6bbf\u00e9le fizet\u00e9si m\u00f3d k\u00f6z\u00fcl v\u00e1laszthat, amelyek mindegyike ugyanolyan biztons\u00e1gos, mint amilyet elv\u00e1rna, ha online v\u00e1s\u00e1rolna valamit Magyarorsz\u00e1gon.<br \/>\nV\u00e1s\u00e1rolja meg szelv\u00e9nyeit a k\u00f6vetkez\u0151 m\u00f3don:<\/p>\n<p>A megrendel\u00e9s kifizet\u00e9se k\u00f6zvetlen\u00fcl az \u00d6n \u00e1ltal prefer\u00e1lt fizet\u00e9si m\u00f3ddal<br \/>\nP\u00e9nz befizet\u00e9se a j\u00e1t\u00e9kos sz\u00e1ml\u00e1j\u00e1ra \u00e9s annak felhaszn\u00e1l\u00e1sa a szelv\u00e9nyek megv\u00e1s\u00e1rl\u00e1s\u00e1ra<\/p>\n<p>Ne feledje, hogy ha ezt az opci\u00f3t v\u00e1lasztja, akkor t\u00f6bb p\u00e9nzt kell befizetnie a j\u00e1t\u00e9kossz\u00e1ml\u00e1j\u00e1ra, mint amennyi a k\u00edv\u00e1nt jegyek megv\u00e1s\u00e1rl\u00e1s\u00e1hoz sz\u00fcks\u00e9ges.<\/p>\n<h2>Tov\u00e1bbi inform\u00e1ci\u00f3 a Powerball Australia-r\u00f3l<\/h2>\n<ul>\n<li>Orsz\u00e1g: Ausztr\u00e1lia<\/li>\n<li>F\u0151 sz\u00e1mtartom\u00e1ny: 35<\/li>\n<li>\u00d6n v\u00e1laszt: 7<\/li>\n<li>Extra sz\u00e1mok tartom\u00e1nya: 20<\/li>\n<li>Te v\u00e1lasztasz: 1<\/li>\n<li>Sorsol\u00e1si napok, \u00f3r\u00e1k: Cs\u00fct\u00f6rt\u00f6k, 21:30 GMT+11, 10:30 CET<\/li>\n<li>Minim\u00e1lis jackpot: AU$ 3 milli\u00f3<\/li>\n<li>Maxim\u00e1lis jackpot: AU$ 150 milli\u00f3<\/li>\n<li>A jackpot megnyer\u00e9s\u00e9nek val\u00f3sz\u00edn\u0171s\u00e9ge: 1:134490400-b\u00f3l 1<\/li>\n<li>A 2-es szint\u0171 nyerem\u00e9ny val\u00f3sz\u00edn\u0171s\u00e9ge: 1 a 7078443-b\u00f3l<\/li>\n<li>A nyerem\u00e9ny val\u00f3sz\u00edn\u0171s\u00e9ge b\u00e1rmelyik szinten: 1:24,87-hez<\/li>\n<li>A nyerem\u00e9nyszintek sz\u00e1ma: 7<\/li>\n<\/ul>\n<h2>A Powerball Australia online szelv\u00e9nyv\u00e1s\u00e1rl\u00e1s\u00e1nak el\u0151nyei<\/h2>\n<ul>\n<li>Megszerezheti a k\u00edv\u00e1nt szelv\u00e9nyeket an\u00e9lk\u00fcl, hogy el kellene hagynia otthon\u00e1t<\/li>\n<li>Sz\u00e1mos k\u00fcl\u00f6nb\u00f6z\u0151 t\u00edpus\u00fa lott\u00f3j\u00e1t\u00e9kra v\u00e1s\u00e1rolhat szelv\u00e9nyt<\/li>\n<li>Nagyobb es\u00e9lyt kap a nagy jackpot megnyer\u00e9s\u00e9re a legjobb lehet\u0151s\u00e9gek kiv\u00e1laszt\u00e1s\u00e1val<\/li>\n<li>Tegyen p\u00e9nzt a sz\u00e1ml\u00e1j\u00e1ra, \u00e9s haszn\u00e1lja azt a szelv\u00e9nyek megv\u00e1s\u00e1rl\u00e1s\u00e1ra<\/li>\n<li>Ne agg\u00f3djon a szelv\u00e9nyei elveszt\u00e9se miatt<\/li>\n<li>\u00c9rtes\u00edt\u00e9sek, ha a szelv\u00e9nye nyertes<\/li>\n<li>V\u00e1lasszon v\u00e9letlenszer\u0171 szelv\u00e9nyeket a sz\u00e1mgener\u00e1torral<\/li>\n<\/ul>\n<h2>Leg\u00e1lis Magyarorsz\u00e1gon online v\u00e1s\u00e1rolni Powerball Australia szelv\u00e9nyeket?<\/h2>\n<p>Nem kell agg\u00f3dnia az online vagy hagyom\u00e1nyos m\u00f3don t\u00f6rt\u00e9n\u0151 jegyv\u00e1s\u00e1rl\u00e1s miatt, ha a lak\u00f3helye szerinti orsz\u00e1g szab\u00e1lyoz\u00e1s\u00e1r\u00f3l van sz\u00f3. Mi gondoskodunk a lott\u00f3 orsz\u00e1g\u00e1nak szab\u00e1lyainak betart\u00e1s\u00e1r\u00f3l, hogy \u00d6n hozz\u00e1juthasson a nyerem\u00e9ny\u00e9hez. M\u00e9g ha meg is nyeri a jackpotot, akkor sem lesz gondja a p\u00e9nzhez jut\u00e1ssal.<br \/>\nB\u00e1rkinek, aki ig\u00e9nybe veszi szolg\u00e1ltat\u00e1sunkat, legal\u00e1bb 18 \u00e9vesnek kell lennie.<\/p>\n<h2>Hogyan kapok p\u00e9nzt, ha online nyerek a Powerball Australia-n?<\/h2>\n<p><img loading=\"lazy\" decoding=\"async\" class=\"alignright wp-image-3631\" src=\"https:\/\/onlinelotto365.com\/wp-content\/uploads\/2020\/11\/online_lottery-40-300x200.jpg\" alt=\"powerball ausztr\u00e1l online\" width=\"252\" height=\"168\" srcset=\"https:\/\/onlinelotto365.com\/wp-content\/uploads\/2020\/11\/online_lottery-40-300x200.jpg 300w, https:\/\/onlinelotto365.com\/wp-content\/uploads\/2020\/11\/online_lottery-40.jpg 424w\" sizes=\"auto, (max-width: 252px) 100vw, 252px\" \/><br \/>\nTudjuk, hogy a lehet\u0151 leggyorsabban szeretn\u00e9 megkapni a nyerem\u00e9ny\u00e9t, \u00e9s semmik\u00e9ppen sem szeretne m\u00e1snak p\u00e9nzt fizetni a nyerem\u00e9nyb\u0151l. Ez\u00e9rt mi soha nem vesz\u00fcnk fel jutal\u00e9kot a nyerem\u00e9nyedb\u0151l. Ha te nyersz, te kapod meg a p\u00e9nzt. Az egyetlen alkalom, amikor d\u00edjat vesz\u00fcnk fel, az az, ha \u00fagy d\u00f6ntesz, hogy a p\u00e9nzt \u00e1tutal\u00e1ssal utaljuk \u00e1t a bankodnak, amely d\u00edjat sz\u00e1m\u00edt fel nek\u00fcnk, amelyet tov\u00e1bbadunk neked.<br \/>\nHa p\u00e9nzt nyersz, akkor csak ezt kell szem el\u0151tt tartanod:<\/p>\n<ul>\n<li>A 2500 \u20ac alatti \u00f6sszegeket automatikusan kifizetj\u00fck a j\u00e1t\u00e9kos sz\u00e1ml\u00e1j\u00e1ra, an\u00e9lk\u00fcl, hogy b\u00e1rmit is tennie kellene.<\/li>\n<li>A 2500 \u20ac feletti \u00f6sszegeket csekken vagy banki \u00e1tutal\u00e1ssal fizetj\u00fck ki, \u00e9s ehhez ki kell t\u00f6ltened egy \u0171rlapot, amelyet az \u00fcgyf\u00e9lszolg\u00e1lat k\u00fcld el neked. \u00cdgy a p\u00e9nzt a lott\u00f3bizotts\u00e1gon kereszt\u00fcl elsz\u00e1moltathatod.<\/li>\n<\/ul>\n","protected":false},"excerpt":{"rendered":"<p>Szeretn\u00e9 tudni, hogyan v\u00e1s\u00e1rolhatja meg online a Powerball Australia szelv\u00e9nyeit? Nos, mi n\u00e9h\u00e1ny egyszer\u0171 l\u00e9p\u00e9sre bontottuk le magyarorsz\u00e1gi \u00e9s m\u00e1s orsz\u00e1gokb\u00f3l \u00e9rkez\u0151 \u00fcgyfeleink sz\u00e1m\u00e1ra, \u00edgy m\u00e1r most elkezdheti a folyamatot. \u00c9s sokkal gyorsabban \u00e9s egyszer\u0171bben megteheti, mint gondoln\u00e1. Menjen a Powerball Australia oldal\u00e1ra, \u00e9s v\u00e1lassza ki a k\u00edv\u00e1nt szelv\u00e9nyeket \u00e9s a hozz\u00e1juk tartoz\u00f3 sz\u00e1mokat, vagy [&hellip;]<\/p>\n","protected":false},"author":1,"featured_media":0,"parent":5637,"menu_order":13,"comment_status":"closed","ping_status":"closed","template":"powerball-au-info.php","meta":{"_et_pb_use_builder":"","_et_pb_old_content":"","_et_gb_content_width":"","exclude_from_search":false,"footnotes":""},"class_list":["post-80508","page","type-page","status-publish","hentry"],"yoast_head":"<!-- This site is optimized with the Yoast SEO plugin v23.4 - https:\/\/yoast.com\/wordpress\/plugins\/seo\/ -->\n<title>Powerball Ausztr\u00e1lia jegyek v\u00e1s\u00e1rl\u00e1sa Magyarorsz\u00e1gr\u00f3l online szolg\u00e1ltat\u00e1son kereszt\u00fcl.<\/title>\n<meta name=\"description\" content=\"Powerball Ausztr\u00e1lia szelv\u00e9nyek online v\u00e1s\u00e1rl\u00e1sa - mi lehet\u0151v\u00e9 tessz\u00fck a magyar j\u00e1t\u00e9kosok sz\u00e1m\u00e1ra.\" \/>\n<meta name=\"robots\" content=\"index, follow, max-snippet:-1, max-image-preview:large, max-video-preview:-1\" \/>\n<link rel=\"canonical\" href=\"https:\/\/onlinelotto365.com\/hu\/jegyeket-vesz\/powerball-australia\/\" \/>\n<meta property=\"og:locale\" content=\"hu_HU\" \/>\n<meta property=\"og:type\" content=\"article\" \/>\n<meta property=\"og:title\" content=\"Powerball Ausztr\u00e1lia jegyek v\u00e1s\u00e1rl\u00e1sa Magyarorsz\u00e1gr\u00f3l online szolg\u00e1ltat\u00e1son kereszt\u00fcl.\" \/>\n<meta property=\"og:description\" content=\"Powerball Ausztr\u00e1lia szelv\u00e9nyek online v\u00e1s\u00e1rl\u00e1sa - mi lehet\u0151v\u00e9 tessz\u00fck a magyar j\u00e1t\u00e9kosok sz\u00e1m\u00e1ra.\" \/>\n<meta property=\"og:url\" content=\"https:\/\/onlinelotto365.com\/hu\/jegyeket-vesz\/powerball-australia\/\" \/>\n<meta property=\"og:site_name\" content=\"OnlineLotto365\" \/>\n<meta property=\"article:modified_time\" content=\"2022-11-21T06:13:43+00:00\" \/>\n<meta property=\"og:image\" content=\"https:\/\/redfoxlotto.com\/image?size=8&amp;lottery=powerball-au\" \/>\n<meta name=\"twitter:card\" content=\"summary_large_image\" \/>\n<meta name=\"twitter:label1\" content=\"Becs\u00fclt olvas\u00e1si id\u0151\" \/>\n\t<meta name=\"twitter:data1\" content=\"3 perc\" \/>\n<script type=\"application\/ld+json\" class=\"yoast-schema-graph\">{\"@context\":\"https:\/\/schema.org\",\"@graph\":[{\"@type\":\"WebPage\",\"@id\":\"https:\/\/onlinelotto365.com\/hu\/jegyeket-vesz\/powerball-australia\/\",\"url\":\"https:\/\/onlinelotto365.com\/hu\/jegyeket-vesz\/powerball-australia\/\",\"name\":\"Powerball Ausztr\u00e1lia jegyek v\u00e1s\u00e1rl\u00e1sa Magyarorsz\u00e1gr\u00f3l online szolg\u00e1ltat\u00e1son kereszt\u00fcl.\",\"isPartOf\":{\"@id\":\"https:\/\/onlinelotto365.com\/hu\/#website\"},\"primaryImageOfPage\":{\"@id\":\"https:\/\/onlinelotto365.com\/hu\/jegyeket-vesz\/powerball-australia\/#primaryimage\"},\"image\":{\"@id\":\"https:\/\/onlinelotto365.com\/hu\/jegyeket-vesz\/powerball-australia\/#primaryimage\"},\"thumbnailUrl\":\"https:\/\/redfoxlotto.com\/image?size=8&amp;lottery=powerball-au\",\"datePublished\":\"2022-11-21T06:08:47+00:00\",\"dateModified\":\"2022-11-21T06:13:43+00:00\",\"description\":\"Powerball Ausztr\u00e1lia szelv\u00e9nyek online v\u00e1s\u00e1rl\u00e1sa - mi lehet\u0151v\u00e9 tessz\u00fck a magyar j\u00e1t\u00e9kosok sz\u00e1m\u00e1ra.\",\"breadcrumb\":{\"@id\":\"https:\/\/onlinelotto365.com\/hu\/jegyeket-vesz\/powerball-australia\/#breadcrumb\"},\"inLanguage\":\"hu\",\"potentialAction\":[{\"@type\":\"ReadAction\",\"target\":[\"https:\/\/onlinelotto365.com\/hu\/jegyeket-vesz\/powerball-australia\/\"]}]},{\"@type\":\"ImageObject\",\"inLanguage\":\"hu\",\"@id\":\"https:\/\/onlinelotto365.com\/hu\/jegyeket-vesz\/powerball-australia\/#primaryimage\",\"url\":\"https:\/\/redfoxlotto.com\/image?size=8&amp;lottery=powerball-au\",\"contentUrl\":\"https:\/\/redfoxlotto.com\/image?size=8&amp;lottery=powerball-au\"},{\"@type\":\"BreadcrumbList\",\"@id\":\"https:\/\/onlinelotto365.com\/hu\/jegyeket-vesz\/powerball-australia\/#breadcrumb\",\"itemListElement\":[{\"@type\":\"ListItem\",\"position\":1,\"name\":\"Home\",\"item\":\"https:\/\/onlinelotto365.com\/hu\/\"},{\"@type\":\"ListItem\",\"position\":2,\"name\":\"Most a nagyokr\u00f3l van sz\u00f3: A vil\u00e1g legnagyobb lott\u00f3i\",\"item\":\"https:\/\/onlinelotto365.com\/hu\/jegyeket-vesz\/\"},{\"@type\":\"ListItem\",\"position\":3,\"name\":\"Hogyan v\u00e1s\u00e1rolhat Powerball Ausztr\u00e1lia jegyeket online\"}]},{\"@type\":\"WebSite\",\"@id\":\"https:\/\/onlinelotto365.com\/hu\/#website\",\"url\":\"https:\/\/onlinelotto365.com\/hu\/\",\"name\":\"OnlineLotto365\",\"description\":\"\",\"potentialAction\":[{\"@type\":\"SearchAction\",\"target\":{\"@type\":\"EntryPoint\",\"urlTemplate\":\"https:\/\/onlinelotto365.com\/hu\/?s={search_term_string}\"},\"query-input\":{\"@type\":\"PropertyValueSpecification\",\"valueRequired\":true,\"valueName\":\"search_term_string\"}}],\"inLanguage\":\"hu\"}]}<\/script>\n<!-- \/ Yoast SEO plugin. -->","yoast_head_json":{"title":"Powerball Ausztr\u00e1lia jegyek v\u00e1s\u00e1rl\u00e1sa Magyarorsz\u00e1gr\u00f3l online szolg\u00e1ltat\u00e1son kereszt\u00fcl.","description":"Powerball Ausztr\u00e1lia szelv\u00e9nyek online v\u00e1s\u00e1rl\u00e1sa - mi lehet\u0151v\u00e9 tessz\u00fck a magyar j\u00e1t\u00e9kosok sz\u00e1m\u00e1ra.","robots":{"index":"index","follow":"follow","max-snippet":"max-snippet:-1","max-image-preview":"max-image-preview:large","max-video-preview":"max-video-preview:-1"},"canonical":"https:\/\/onlinelotto365.com\/hu\/jegyeket-vesz\/powerball-australia\/","og_locale":"hu_HU","og_type":"article","og_title":"Powerball Ausztr\u00e1lia jegyek v\u00e1s\u00e1rl\u00e1sa Magyarorsz\u00e1gr\u00f3l online szolg\u00e1ltat\u00e1son kereszt\u00fcl.","og_description":"Powerball Ausztr\u00e1lia szelv\u00e9nyek online v\u00e1s\u00e1rl\u00e1sa - mi lehet\u0151v\u00e9 tessz\u00fck a magyar j\u00e1t\u00e9kosok sz\u00e1m\u00e1ra.","og_url":"https:\/\/onlinelotto365.com\/hu\/jegyeket-vesz\/powerball-australia\/","og_site_name":"OnlineLotto365","article_modified_time":"2022-11-21T06:13:43+00:00","og_image":[{"url":"https:\/\/redfoxlotto.com\/image?size=8&amp;lottery=powerball-au"}],"twitter_card":"summary_large_image","twitter_misc":{"Becs\u00fclt olvas\u00e1si id\u0151":"3 perc"},"schema":{"@context":"https:\/\/schema.org","@graph":[{"@type":"WebPage","@id":"https:\/\/onlinelotto365.com\/hu\/jegyeket-vesz\/powerball-australia\/","url":"https:\/\/onlinelotto365.com\/hu\/jegyeket-vesz\/powerball-australia\/","name":"Powerball Ausztr\u00e1lia jegyek v\u00e1s\u00e1rl\u00e1sa Magyarorsz\u00e1gr\u00f3l online szolg\u00e1ltat\u00e1son kereszt\u00fcl.","isPartOf":{"@id":"https:\/\/onlinelotto365.com\/hu\/#website"},"primaryImageOfPage":{"@id":"https:\/\/onlinelotto365.com\/hu\/jegyeket-vesz\/powerball-australia\/#primaryimage"},"image":{"@id":"https:\/\/onlinelotto365.com\/hu\/jegyeket-vesz\/powerball-australia\/#primaryimage"},"thumbnailUrl":"https:\/\/redfoxlotto.com\/image?size=8&amp;lottery=powerball-au","datePublished":"2022-11-21T06:08:47+00:00","dateModified":"2022-11-21T06:13:43+00:00","description":"Powerball Ausztr\u00e1lia szelv\u00e9nyek online v\u00e1s\u00e1rl\u00e1sa - mi lehet\u0151v\u00e9 tessz\u00fck a magyar j\u00e1t\u00e9kosok sz\u00e1m\u00e1ra.","breadcrumb":{"@id":"https:\/\/onlinelotto365.com\/hu\/jegyeket-vesz\/powerball-australia\/#breadcrumb"},"inLanguage":"hu","potentialAction":[{"@type":"ReadAction","target":["https:\/\/onlinelotto365.com\/hu\/jegyeket-vesz\/powerball-australia\/"]}]},{"@type":"ImageObject","inLanguage":"hu","@id":"https:\/\/onlinelotto365.com\/hu\/jegyeket-vesz\/powerball-australia\/#primaryimage","url":"https:\/\/redfoxlotto.com\/image?size=8&amp;lottery=powerball-au","contentUrl":"https:\/\/redfoxlotto.com\/image?size=8&amp;lottery=powerball-au"},{"@type":"BreadcrumbList","@id":"https:\/\/onlinelotto365.com\/hu\/jegyeket-vesz\/powerball-australia\/#breadcrumb","itemListElement":[{"@type":"ListItem","position":1,"name":"Home","item":"https:\/\/onlinelotto365.com\/hu\/"},{"@type":"ListItem","position":2,"name":"Most a nagyokr\u00f3l van sz\u00f3: A vil\u00e1g legnagyobb lott\u00f3i","item":"https:\/\/onlinelotto365.com\/hu\/jegyeket-vesz\/"},{"@type":"ListItem","position":3,"name":"Hogyan v\u00e1s\u00e1rolhat Powerball Ausztr\u00e1lia jegyeket online"}]},{"@type":"WebSite","@id":"https:\/\/onlinelotto365.com\/hu\/#website","url":"https:\/\/onlinelotto365.com\/hu\/","name":"OnlineLotto365","description":"","potentialAction":[{"@type":"SearchAction","target":{"@type":"EntryPoint","urlTemplate":"https:\/\/onlinelotto365.com\/hu\/?s={search_term_string}"},"query-input":{"@type":"PropertyValueSpecification","valueRequired":true,"valueName":"search_term_string"}}],"inLanguage":"hu"}]}},"_links":{"self":[{"href":"https:\/\/onlinelotto365.com\/hu\/wp-json\/wp\/v2\/pages\/80508","targetHints":{"allow":["GET"]}}],"collection":[{"href":"https:\/\/onlinelotto365.com\/hu\/wp-json\/wp\/v2\/pages"}],"about":[{"href":"https:\/\/onlinelotto365.com\/hu\/wp-json\/wp\/v2\/types\/page"}],"author":[{"embeddable":true,"href":"https:\/\/onlinelotto365.com\/hu\/wp-json\/wp\/v2\/users\/1"}],"replies":[{"embeddable":true,"href":"https:\/\/onlinelotto365.com\/hu\/wp-json\/wp\/v2\/comments?post=80508"}],"version-history":[{"count":0,"href":"https:\/\/onlinelotto365.com\/hu\/wp-json\/wp\/v2\/pages\/80508\/revisions"}],"up":[{"embeddable":true,"href":"https:\/\/onlinelotto365.com\/hu\/wp-json\/wp\/v2\/pages\/5637"}],"wp:attachment":[{"href":"https:\/\/onlinelotto365.com\/hu\/wp-json\/wp\/v2\/media?parent=80508"}],"curies":[{"name":"wp","href":"https:\/\/api.w.org\/{rel}","templated":true}]}}