{"id":80541,"date":"2022-11-21T11:21:18","date_gmt":"2022-11-21T10:21:18","guid":{"rendered":"https:\/\/onlinelotto365.com\/?page_id=80541"},"modified":"2022-11-21T11:21:18","modified_gmt":"2022-11-21T10:21:18","slug":"oz-lotto","status":"publish","type":"page","link":"https:\/\/onlinelotto365.com\/hu\/jegyeket-vesz\/oz-lotto\/","title":{"rendered":"Hogyan v\u00e1s\u00e1rolhat Oz Lotto jegyeket online"},"content":{"rendered":"<p>Szerencs\u00e9je van, mert v\u00e9gigvett\u00fck, hogy mit kell tennie ahhoz, hogy itt \u00e9s Magyarorsz\u00e1gr\u00f3l megszerezze az Oz Lotto szelv\u00e9nyeit.<br \/>\nMagyarorsz\u00e1gr\u00f3l is. K\u00f6nnyed\u00e9n v\u00e1s\u00e1rolhatsz online, ha k\u00f6veted ezeket az egyszer\u0171 l\u00e9p\u00e9seket, amelyeket le\u00edrtunk neked.<br \/>\n<a href=\"https:\/\/redfoxlotto.com\/play\/oz-lotto\/?ref=a8564250a2&amp;medium=ol365\" target=\"_blank\" rel=\"noopener noreferrer\"><img decoding=\"async\" class=\"aligncenter\" src=\"https:\/\/redfoxlotto.com\/image?size=8&amp;lottery=oz-lotto\" alt=\"Oz Lotto\" \/><\/a><\/p>\n<ul>\n<li>Menjen annak a lott\u00f3nak az oldal\u00e1ra, amelyen j\u00e1tszani szeretne, \u00e9s v\u00e1lassza ki a k\u00edv\u00e1nt sz\u00e1mokat. Vagy hagyd, hogy a sz\u00e1m\u00edt\u00f3g\u00e9p kiv\u00e1lasszon neked n\u00e9h\u00e1ny sz\u00e1mot.<\/li>\n<li>Adj hozz\u00e1 szelv\u00e9nyeket m\u00e9g t\u00f6bb lott\u00f3hoz \u00e9s ehhez a j\u00e1t\u00e9khoz is<\/li>\n<li>Fizessen most a szelv\u00e9nyei\u00e9rt<\/li>\n<li>Regisztr\u00e1ljon egy vadonat\u00faj fi\u00f3kot, vagy jelentkezzen be jelenlegi fi\u00f3kj\u00e1ba, hogy v\u00e9gigmenjen a fizet\u00e9si folyamaton.<\/li>\n<li>A regisztr\u00e1ci\u00f3hoz sz\u00fcks\u00e9ges fi\u00f3kok eset\u00e9ben gy\u0151z\u0151dj\u00f6n meg r\u00f3la, hogy ellen\u0151rizze az e-mailj\u00e9t az ellen\u0151rz\u0151 link\u00e9rt, hogy elindulhasson.<\/li>\n<li>Ha nem kaptad meg az e-mailt a szok\u00e1sos postal\u00e1d\u00e1dba, n\u00e9zd meg a spam mapp\u00e1dban, \u00e9s kattints a linkre az ellen\u0151rz\u00e9shez.<\/li>\n<li>Menjen a kos\u00e1rba a jegyek megv\u00e1s\u00e1rl\u00e1s\u00e1hoz<\/li>\n<li>Menjen v\u00e9gig a fizet\u00e9si folyamaton, hogy megkapja a jegyeit<\/li>\n<\/ul>\n<h2>Hogyan fizessen az Oz Lotto szelv\u00e9ny\u00e9\u00e9rt online<\/h2>\n<p>Az Oz Lotto szelv\u00e9nyek kifizet\u00e9sekor t\u00f6bbf\u00e9le, teljesen biztons\u00e1gos lehet\u0151s\u00e9g k\u00f6z\u00fcl v\u00e1laszthat.<br \/>\nEzek mindegyike k\u00e9t k\u00fcl\u00f6nb\u00f6z\u0151 kateg\u00f3ri\u00e1ba sorolhat\u00f3:<\/p>\n<p>Fizessen a rendel\u00e9s\u00e9rt b\u00e1rmelyik v\u00e1lasztott fizet\u00e9si m\u00f3ddal<br \/>\np\u00e9nzt helyezhet el az aktu\u00e1lis j\u00e1t\u00e9kossz\u00e1ml\u00e1j\u00e1n, \u00e9s ezt a p\u00e9nzt haszn\u00e1lhatja a v\u00e1s\u00e1rl\u00e1sra<\/p>\n<p>Gy\u0151z\u0151dj\u00f6n meg r\u00f3la, hogy t\u00f6bb p\u00e9nzt tesz be, mint amennyire a v\u00e1s\u00e1rl\u00e1shoz sz\u00fcks\u00e9ge van, ha a j\u00e1t\u00e9kossz\u00e1ml\u00e1j\u00e1t haszn\u00e1lja.<\/p>\n<h2>Tov\u00e1bbi inform\u00e1ci\u00f3 az Oz Lotto j\u00e1t\u00e9kr\u00f3l<\/h2>\n<ul>\n<li>Orsz\u00e1g: Ausztr\u00e1lia<\/li>\n<li>F\u0151 sz\u00e1mtartom\u00e1ny: 45<\/li>\n<li>\u00d6n v\u00e1laszt: 7<\/li>\n<li>Sorsol\u00e1si napok, \u00f3r\u00e1k: Kedd, 21:30 GMT+11, 10:30 CET<\/li>\n<li>Minim\u00e1lis jackpot: AU$ 2 milli\u00f3<\/li>\n<li>Maxim\u00e1lis jackpot: nincs<\/li>\n<li>A jackpot megnyer\u00e9s\u00e9nek val\u00f3sz\u00edn\u0171s\u00e9ge: 1 a 45379620-b\u00f3l<\/li>\n<li>A 2-es szint\u0171 nyerem\u00e9ny val\u00f3sz\u00edn\u0171s\u00e9ge: 1 a 3241401-hez<\/li>\n<li>A nyerem\u00e9ny val\u00f3sz\u00edn\u0171s\u00e9ge b\u00e1rmelyik szinten: 1 az 54,59-hez<\/li>\n<li>A nyerem\u00e9nyszintek sz\u00e1ma: 7<\/li>\n<\/ul>\n<h2>Az online Oz Lotto szelv\u00e9nyek v\u00e1s\u00e1rl\u00e1s\u00e1nak el\u0151nyei<\/h2>\n<ul>\n<li>Nem kell kimozdulnia otthonr\u00f3l, hogy kiv\u00e1lassza a szelv\u00e9nyeket.<\/li>\n<li>Rengeteg k\u00fcl\u00f6nb\u00f6z\u0151 lehet\u0151s\u00e9g k\u00f6z\u00fcl v\u00e1laszthat<\/li>\n<li>N\u00e9zze meg a jackpot \u00f6sszegeket, hogy eld\u00f6ntse, melyik lott\u00f3t szeretn\u00e9 megvenni<\/li>\n<li>P\u00e9nzt k\u00f6zvetlen\u00fcl a j\u00e1t\u00e9kos sz\u00e1ml\u00e1j\u00e1ra utalhat, \u00e9s azzal v\u00e1s\u00e1rolhatja meg a szelv\u00e9nyeket<\/li>\n<li>Soha nem kell agg\u00f3dnia a szelv\u00e9nyei elveszt\u00e9se miatt<\/li>\n<li>\u00c9rtes\u00edt\u00e9st kap, ha nyer valamit<\/li>\n<li>Haszn\u00e1lja a gyorsv\u00e1laszt\u00e1si lehet\u0151s\u00e9get, hogy saj\u00e1t sz\u00e1mok kiv\u00e1laszt\u00e1sa n\u00e9lk\u00fcl szerezzen szelv\u00e9nyeket<\/li>\n<\/ul>\n<h2>Leg\u00e1lis az Oz Lotto szelv\u00e9nyek online v\u00e1s\u00e1rl\u00e1sa?<\/h2>\n<p>Lehet, hogy bizonytalan vagy abban, hogy a lak\u00f3helyed szerinti orsz\u00e1g enged\u00e9lyezi-e az online lott\u00f3szelv\u00e9nyv\u00e1s\u00e1rl\u00e1st, vagy ak\u00e1r a hagyom\u00e1nyos m\u00f3don. Nos, nem kell agg\u00f3dnia, ak\u00e1r Magyarorsz\u00e1gon<br \/>\nvagy m\u00e1shol, mert mi gondoskodunk a dolgokr\u00f3l, ha az adott orsz\u00e1g szab\u00e1lyair\u00f3l van sz\u00f3, ahol a j\u00e1t\u00e9kot j\u00e1tssz\u00e1k. Nem kell agg\u00f3dnia amiatt, hogy leg\u00e1lis-e az \u00e1ltalunk ny\u00fajtott szolg\u00e1ltat\u00e1s haszn\u00e1lata, am\u00edg \u00d6n legal\u00e1bb 18 \u00e9ves. Mi gondoskodunk arr\u00f3l, hogy b\u00e1rmi t\u00f6rt\u00e9njen is, biztosan megkapd a p\u00e9nzed.<\/p>\n<h2>Hogyan kapok p\u00e9nzt, ha online nyertem az Oz Lotto j\u00e1t\u00e9kon?<\/h2>\n<p><img loading=\"lazy\" decoding=\"async\" class=\"alignright wp-image-3659\" src=\"https:\/\/onlinelotto365.com\/wp-content\/uploads\/2020\/11\/online_lottery-4-300x300.jpg\" alt=\"Oz lott\u00f3 az Egyes\u00fclt Kir\u00e1lys\u00e1gb\u00f3l\" width=\"246\" height=\"246\" srcset=\"https:\/\/onlinelotto365.com\/wp-content\/uploads\/2020\/11\/online_lottery-4-300x300.jpg 300w, https:\/\/onlinelotto365.com\/wp-content\/uploads\/2020\/11\/online_lottery-4-100x100.jpg 100w, https:\/\/onlinelotto365.com\/wp-content\/uploads\/2020\/11\/online_lottery-4-150x150.jpg 150w, https:\/\/onlinelotto365.com\/wp-content\/uploads\/2020\/11\/online_lottery-4.jpg 320w\" sizes=\"auto, (max-width: 246px) 100vw, 246px\" \/><br \/>\nA kifizet\u00e9sek fontos r\u00e9sz\u00e9t k\u00e9pezik a folyamatnak, amikor az \u00d6n lott\u00f3j\u00e1t\u00e9k\u00e1r\u00f3l van sz\u00f3. Biztosra akarunk menni, hogy megkapja az \u00f6sszes p\u00e9nz\u00e9t, ez\u00e9rt gondoskodunk arr\u00f3l, hogy ne sz\u00e1m\u00edtson fel jutal\u00e9kot, ha nyer valamit.<\/p>\n<p>Szint\u00e9n nem sz\u00e1m\u00edtunk fel semmilyen d\u00edjat, kiv\u00e9ve, ha \u00fagy d\u00f6ntesz, hogy banki \u00e1tutal\u00e1ssal juttatod el a p\u00e9nzedet a sz\u00e1ml\u00e1dra. Ebben az esetben val\u00f3sz\u00edn\u0171leg felsz\u00e1m\u00edtunk egy d\u00edjat, amelynek \u00f6sszege megegyezik azzal, amit a bank felsz\u00e1m\u00edt az \u00e1tutal\u00e1s\u00e9rt.<\/p>\n<p><strong>Egy\u00e9bk\u00e9nt ezt tartsa szem el\u0151tt:<\/strong><\/p>\n<ul>\n<li>Ha 2500 \u20ac-n\u00e1l kevesebbet nyersz, a p\u00e9nz automatikusan a sz\u00e1ml\u00e1dra ker\u00fcl. Egy\u00e1ltal\u00e1n nem kell agg\u00f3dnod.<\/li>\n<li>Ha 2500 \u20ac-n\u00e1l t\u00f6bbet nyersz, a p\u00e9nzt a megfelel\u0151 csatorn\u00e1kon kell \u00e1tutalnod. Ez azt jelenti, hogy kapni fogsz t\u0151l\u00fcnk egy e-mailt a lott\u00f3bizotts\u00e1gn\u00e1l egy ig\u00e9nyl\u0151lap kit\u00f6lt\u00e9s\u00e9r\u0151l. Ezut\u00e1n a p\u00e9nzt \u00e1tutaljuk a banksz\u00e1ml\u00e1dra, vagy k\u00f6zvetlen\u00fcl neked k\u00fcldj\u00fck el csekken.<\/li>\n<\/ul>\n","protected":false},"excerpt":{"rendered":"<p>Szerencs\u00e9je van, mert v\u00e9gigvett\u00fck, hogy mit kell tennie ahhoz, hogy itt \u00e9s Magyarorsz\u00e1gr\u00f3l megszerezze az Oz Lotto szelv\u00e9nyeit. Magyarorsz\u00e1gr\u00f3l is. K\u00f6nnyed\u00e9n v\u00e1s\u00e1rolhatsz online, ha k\u00f6veted ezeket az egyszer\u0171 l\u00e9p\u00e9seket, amelyeket le\u00edrtunk neked. Menjen annak a lott\u00f3nak az oldal\u00e1ra, amelyen j\u00e1tszani szeretne, \u00e9s v\u00e1lassza ki a k\u00edv\u00e1nt sz\u00e1mokat. Vagy hagyd, hogy a sz\u00e1m\u00edt\u00f3g\u00e9p kiv\u00e1lasszon neked n\u00e9h\u00e1ny [&hellip;]<\/p>\n","protected":false},"author":1,"featured_media":0,"parent":5637,"menu_order":14,"comment_status":"closed","ping_status":"closed","template":"template-rightsidebar.php","meta":{"_et_pb_use_builder":"","_et_pb_old_content":"","_et_gb_content_width":"","exclude_from_search":false,"footnotes":""},"class_list":["post-80541","page","type-page","status-publish","hentry"],"yoast_head":"<!-- This site is optimized with the Yoast SEO plugin v23.4 - https:\/\/yoast.com\/wordpress\/plugins\/seo\/ -->\n<title>Oz Lotto online jegyek v\u00e1s\u00e1rl\u00e1sa Magyarorsz\u00e1gr\u00f3l<\/title>\n<meta name=\"description\" content=\"Szelv\u00e9nyeket kapni az ausztr\u00e1l Oz Lotto szelv\u00e9nyeire Magyarorsz\u00e1gr\u00f3l\" \/>\n<meta name=\"robots\" content=\"index, follow, max-snippet:-1, max-image-preview:large, max-video-preview:-1\" \/>\n<link rel=\"canonical\" href=\"https:\/\/onlinelotto365.com\/hu\/jegyeket-vesz\/oz-lotto\/\" \/>\n<meta property=\"og:locale\" content=\"hu_HU\" \/>\n<meta property=\"og:type\" content=\"article\" \/>\n<meta property=\"og:title\" content=\"Oz Lotto online jegyek v\u00e1s\u00e1rl\u00e1sa Magyarorsz\u00e1gr\u00f3l\" \/>\n<meta property=\"og:description\" content=\"Szelv\u00e9nyeket kapni az ausztr\u00e1l Oz Lotto szelv\u00e9nyeire Magyarorsz\u00e1gr\u00f3l\" \/>\n<meta property=\"og:url\" content=\"https:\/\/onlinelotto365.com\/hu\/jegyeket-vesz\/oz-lotto\/\" \/>\n<meta property=\"og:site_name\" content=\"OnlineLotto365\" \/>\n<meta property=\"og:image\" content=\"https:\/\/redfoxlotto.com\/image?size=8&amp;lottery=oz-lotto\" \/>\n<meta name=\"twitter:card\" content=\"summary_large_image\" \/>\n<meta name=\"twitter:label1\" content=\"Becs\u00fclt olvas\u00e1si id\u0151\" \/>\n\t<meta name=\"twitter:data1\" content=\"3 perc\" \/>\n<script type=\"application\/ld+json\" class=\"yoast-schema-graph\">{\"@context\":\"https:\/\/schema.org\",\"@graph\":[{\"@type\":\"WebPage\",\"@id\":\"https:\/\/onlinelotto365.com\/hu\/jegyeket-vesz\/oz-lotto\/\",\"url\":\"https:\/\/onlinelotto365.com\/hu\/jegyeket-vesz\/oz-lotto\/\",\"name\":\"Oz Lotto online jegyek v\u00e1s\u00e1rl\u00e1sa Magyarorsz\u00e1gr\u00f3l\",\"isPartOf\":{\"@id\":\"https:\/\/onlinelotto365.com\/hu\/#website\"},\"primaryImageOfPage\":{\"@id\":\"https:\/\/onlinelotto365.com\/hu\/jegyeket-vesz\/oz-lotto\/#primaryimage\"},\"image\":{\"@id\":\"https:\/\/onlinelotto365.com\/hu\/jegyeket-vesz\/oz-lotto\/#primaryimage\"},\"thumbnailUrl\":\"https:\/\/redfoxlotto.com\/image?size=8&amp;lottery=oz-lotto\",\"datePublished\":\"2022-11-21T10:21:18+00:00\",\"dateModified\":\"2022-11-21T10:21:18+00:00\",\"description\":\"Szelv\u00e9nyeket kapni az ausztr\u00e1l Oz Lotto szelv\u00e9nyeire Magyarorsz\u00e1gr\u00f3l\",\"breadcrumb\":{\"@id\":\"https:\/\/onlinelotto365.com\/hu\/jegyeket-vesz\/oz-lotto\/#breadcrumb\"},\"inLanguage\":\"hu\",\"potentialAction\":[{\"@type\":\"ReadAction\",\"target\":[\"https:\/\/onlinelotto365.com\/hu\/jegyeket-vesz\/oz-lotto\/\"]}]},{\"@type\":\"ImageObject\",\"inLanguage\":\"hu\",\"@id\":\"https:\/\/onlinelotto365.com\/hu\/jegyeket-vesz\/oz-lotto\/#primaryimage\",\"url\":\"https:\/\/redfoxlotto.com\/image?size=8&amp;lottery=oz-lotto\",\"contentUrl\":\"https:\/\/redfoxlotto.com\/image?size=8&amp;lottery=oz-lotto\"},{\"@type\":\"BreadcrumbList\",\"@id\":\"https:\/\/onlinelotto365.com\/hu\/jegyeket-vesz\/oz-lotto\/#breadcrumb\",\"itemListElement\":[{\"@type\":\"ListItem\",\"position\":1,\"name\":\"Home\",\"item\":\"https:\/\/onlinelotto365.com\/hu\/\"},{\"@type\":\"ListItem\",\"position\":2,\"name\":\"Most a nagyokr\u00f3l van sz\u00f3: A vil\u00e1g legnagyobb lott\u00f3i\",\"item\":\"https:\/\/onlinelotto365.com\/hu\/jegyeket-vesz\/\"},{\"@type\":\"ListItem\",\"position\":3,\"name\":\"Hogyan v\u00e1s\u00e1rolhat Oz Lotto jegyeket online\"}]},{\"@type\":\"WebSite\",\"@id\":\"https:\/\/onlinelotto365.com\/hu\/#website\",\"url\":\"https:\/\/onlinelotto365.com\/hu\/\",\"name\":\"OnlineLotto365\",\"description\":\"\",\"potentialAction\":[{\"@type\":\"SearchAction\",\"target\":{\"@type\":\"EntryPoint\",\"urlTemplate\":\"https:\/\/onlinelotto365.com\/hu\/?s={search_term_string}\"},\"query-input\":{\"@type\":\"PropertyValueSpecification\",\"valueRequired\":true,\"valueName\":\"search_term_string\"}}],\"inLanguage\":\"hu\"}]}<\/script>\n<!-- \/ Yoast SEO plugin. -->","yoast_head_json":{"title":"Oz Lotto online jegyek v\u00e1s\u00e1rl\u00e1sa Magyarorsz\u00e1gr\u00f3l","description":"Szelv\u00e9nyeket kapni az ausztr\u00e1l Oz Lotto szelv\u00e9nyeire Magyarorsz\u00e1gr\u00f3l","robots":{"index":"index","follow":"follow","max-snippet":"max-snippet:-1","max-image-preview":"max-image-preview:large","max-video-preview":"max-video-preview:-1"},"canonical":"https:\/\/onlinelotto365.com\/hu\/jegyeket-vesz\/oz-lotto\/","og_locale":"hu_HU","og_type":"article","og_title":"Oz Lotto online jegyek v\u00e1s\u00e1rl\u00e1sa Magyarorsz\u00e1gr\u00f3l","og_description":"Szelv\u00e9nyeket kapni az ausztr\u00e1l Oz Lotto szelv\u00e9nyeire Magyarorsz\u00e1gr\u00f3l","og_url":"https:\/\/onlinelotto365.com\/hu\/jegyeket-vesz\/oz-lotto\/","og_site_name":"OnlineLotto365","og_image":[{"url":"https:\/\/redfoxlotto.com\/image?size=8&amp;lottery=oz-lotto"}],"twitter_card":"summary_large_image","twitter_misc":{"Becs\u00fclt olvas\u00e1si id\u0151":"3 perc"},"schema":{"@context":"https:\/\/schema.org","@graph":[{"@type":"WebPage","@id":"https:\/\/onlinelotto365.com\/hu\/jegyeket-vesz\/oz-lotto\/","url":"https:\/\/onlinelotto365.com\/hu\/jegyeket-vesz\/oz-lotto\/","name":"Oz Lotto online jegyek v\u00e1s\u00e1rl\u00e1sa Magyarorsz\u00e1gr\u00f3l","isPartOf":{"@id":"https:\/\/onlinelotto365.com\/hu\/#website"},"primaryImageOfPage":{"@id":"https:\/\/onlinelotto365.com\/hu\/jegyeket-vesz\/oz-lotto\/#primaryimage"},"image":{"@id":"https:\/\/onlinelotto365.com\/hu\/jegyeket-vesz\/oz-lotto\/#primaryimage"},"thumbnailUrl":"https:\/\/redfoxlotto.com\/image?size=8&amp;lottery=oz-lotto","datePublished":"2022-11-21T10:21:18+00:00","dateModified":"2022-11-21T10:21:18+00:00","description":"Szelv\u00e9nyeket kapni az ausztr\u00e1l Oz Lotto szelv\u00e9nyeire Magyarorsz\u00e1gr\u00f3l","breadcrumb":{"@id":"https:\/\/onlinelotto365.com\/hu\/jegyeket-vesz\/oz-lotto\/#breadcrumb"},"inLanguage":"hu","potentialAction":[{"@type":"ReadAction","target":["https:\/\/onlinelotto365.com\/hu\/jegyeket-vesz\/oz-lotto\/"]}]},{"@type":"ImageObject","inLanguage":"hu","@id":"https:\/\/onlinelotto365.com\/hu\/jegyeket-vesz\/oz-lotto\/#primaryimage","url":"https:\/\/redfoxlotto.com\/image?size=8&amp;lottery=oz-lotto","contentUrl":"https:\/\/redfoxlotto.com\/image?size=8&amp;lottery=oz-lotto"},{"@type":"BreadcrumbList","@id":"https:\/\/onlinelotto365.com\/hu\/jegyeket-vesz\/oz-lotto\/#breadcrumb","itemListElement":[{"@type":"ListItem","position":1,"name":"Home","item":"https:\/\/onlinelotto365.com\/hu\/"},{"@type":"ListItem","position":2,"name":"Most a nagyokr\u00f3l van sz\u00f3: A vil\u00e1g legnagyobb lott\u00f3i","item":"https:\/\/onlinelotto365.com\/hu\/jegyeket-vesz\/"},{"@type":"ListItem","position":3,"name":"Hogyan v\u00e1s\u00e1rolhat Oz Lotto jegyeket online"}]},{"@type":"WebSite","@id":"https:\/\/onlinelotto365.com\/hu\/#website","url":"https:\/\/onlinelotto365.com\/hu\/","name":"OnlineLotto365","description":"","potentialAction":[{"@type":"SearchAction","target":{"@type":"EntryPoint","urlTemplate":"https:\/\/onlinelotto365.com\/hu\/?s={search_term_string}"},"query-input":{"@type":"PropertyValueSpecification","valueRequired":true,"valueName":"search_term_string"}}],"inLanguage":"hu"}]}},"_links":{"self":[{"href":"https:\/\/onlinelotto365.com\/hu\/wp-json\/wp\/v2\/pages\/80541","targetHints":{"allow":["GET"]}}],"collection":[{"href":"https:\/\/onlinelotto365.com\/hu\/wp-json\/wp\/v2\/pages"}],"about":[{"href":"https:\/\/onlinelotto365.com\/hu\/wp-json\/wp\/v2\/types\/page"}],"author":[{"embeddable":true,"href":"https:\/\/onlinelotto365.com\/hu\/wp-json\/wp\/v2\/users\/1"}],"replies":[{"embeddable":true,"href":"https:\/\/onlinelotto365.com\/hu\/wp-json\/wp\/v2\/comments?post=80541"}],"version-history":[{"count":0,"href":"https:\/\/onlinelotto365.com\/hu\/wp-json\/wp\/v2\/pages\/80541\/revisions"}],"up":[{"embeddable":true,"href":"https:\/\/onlinelotto365.com\/hu\/wp-json\/wp\/v2\/pages\/5637"}],"wp:attachment":[{"href":"https:\/\/onlinelotto365.com\/hu\/wp-json\/wp\/v2\/media?parent=80541"}],"curies":[{"name":"wp","href":"https:\/\/api.w.org\/{rel}","templated":true}]}}