{"id":80574,"date":"2022-11-21T13:39:46","date_gmt":"2022-11-21T12:39:46","guid":{"rendered":"https:\/\/onlinelotto365.com\/?page_id=80574"},"modified":"2022-11-21T13:39:46","modified_gmt":"2022-11-21T12:39:46","slug":"szombat-lotto-ausztralia","status":"publish","type":"page","link":"https:\/\/onlinelotto365.com\/hu\/jegyeket-vesz\/szombat-lotto-ausztralia\/","title":{"rendered":"Hogyan v\u00e1s\u00e1rolhat szombati Lotto Ausztr\u00e1lia szelv\u00e9nyeket online"},"content":{"rendered":"<p>Ha nem volt\u00e1l biztos benne, hogyan v\u00e1s\u00e1rolhatsz szombati lott\u00f3szelv\u00e9nyeket online, akkor \u00e9rdemes megn\u00e9zned ezt a l\u00e9p\u00e9sr\u0151l-l\u00e9p\u00e9sre \u00fatmutat\u00f3t, amely seg\u00edt neked gyorsan eljutni oda. Nem kell agg\u00f3dnia, mert mi seg\u00edt\u00fcnk \u00d6nnek.<br \/>\n<a href=\"https:\/\/redfoxlotto.com\/play\/saturday-lotto-au\/?ref=a8564250a2&amp;medium=ol365\" target=\"_blank\" rel=\"noopener noreferrer\"><img decoding=\"async\" class=\"aligncenter\" src=\"https:\/\/redfoxlotto.com\/image?size=8&amp;lottery=saturday-lotto-au\" alt=\"Szombat Lotto Ausztr\u00e1lia\" \/><\/a><\/p>\n<ul>\n<li>Menjen a szombati lott\u00f3 Ausztr\u00e1lia oldal\u00e1ra, \u00e9s v\u00e1lassza ki azokat a sz\u00e1mokat, amelyeket meg szeretne j\u00e1tszani az egyes szelv\u00e9nyeken.<\/li>\n<li>Adjon hozz\u00e1 t\u00f6bb szelv\u00e9nyt ugyanarra a j\u00e1t\u00e9kra vagy k\u00fcl\u00f6nb\u00f6z\u0151 j\u00e1t\u00e9kokra<\/li>\n<li>Menjen a fizet\u00e9s most opci\u00f3hoz<\/li>\n<li>Jelentkezzen be jelenlegi sz\u00e1ml\u00e1j\u00e1ra, vagy v\u00e1lassza ki az \u00faj fi\u00f3k regisztr\u00e1l\u00e1s\u00e1nak lehet\u0151s\u00e9g\u00e9t, \u00e9s k\u00f6vesse a felsz\u00f3l\u00edt\u00e1sokat<\/li>\n<li>\u00daj fi\u00f3kok eset\u00e9n ellen\u0151rizze az e-mail postal\u00e1d\u00e1j\u00e1t, hogy kap-e egy meger\u0151s\u00edt\u0151 e-mailt egy ellen\u0151rz\u0151 linkkel.<\/li>\n<li>Ellen\u0151rizze a spam mapp\u00e1t, ha nem l\u00e1tja a meger\u0151s\u00edt\u0151 e-mailt, \u00e9s kattintson a linkre.<\/li>\n<li>Menjen a kos\u00e1rba<\/li>\n<li>V\u00e1lassza ki a haszn\u00e1lni k\u00edv\u00e1nt fizet\u00e9si m\u00f3dot, \u00e9s l\u00e9pjen v\u00e9gig a fizet\u00e9si folyamaton.<\/li>\n<\/ul>\n<h2>Hogyan fizethet a szombati Lotto Australia szelv\u00e9ny\u00e9rt online?<\/h2>\n<p>Sz\u00e1mos k\u00fcl\u00f6nb\u00f6z\u0151 biztons\u00e1gos fizet\u00e9si lehet\u0151s\u00e9g k\u00f6z\u00fcl v\u00e1laszthat, amikor k\u00e9szen \u00e1ll arra, hogy megv\u00e1s\u00e1rolja vel\u00fcnk a k\u00f6vetkez\u0151 lott\u00f3szelv\u00e9ny\u00e9t Magyarorsz\u00e1gr\u00f3l.<br \/>\nV\u00e1lasszon ezek k\u00f6z\u00fcl a k\u00fcl\u00f6nb\u00f6z\u0151 lehet\u0151s\u00e9gek k\u00f6z\u00fcl:<\/p>\n<p>Fizessen a rendel\u00e9s\u00e9rt k\u00f6zvetlen\u00fcl az \u00d6n \u00e1ltal prefer\u00e1lt fizet\u00e9si m\u00f3ddal<br \/>\nTegyen p\u00e9nzt a sz\u00e1ml\u00e1j\u00e1ra, \u00e9s haszn\u00e1lja azt a szelv\u00e9nyv\u00e1s\u00e1rl\u00e1shoz<\/p>\n<p>Gy\u0151z\u0151dj\u00f6n meg r\u00f3la, hogy a v\u00e1s\u00e1rl\u00e1shoz elegend\u0151n\u00e9l t\u00f6bb p\u00e9nzt adjon hozz\u00e1, ha \u00fagy d\u00f6nt, hogy p\u00e9nzt tesz a sz\u00e1ml\u00e1j\u00e1ra.<\/p>\n<h2>Tov\u00e1bbi inform\u00e1ci\u00f3 a szombati Lotto Ausztr\u00e1li\u00e1r\u00f3l<\/h2>\n<ul>\n<li>Orsz\u00e1g: Ausztr\u00e1lia<\/li>\n<li>F\u0151 sz\u00e1mok tartom\u00e1nya: 45<\/li>\n<li>\u00d6n v\u00e1laszt: 6<\/li>\n<li>Sorsol\u00e1si napok, \u00f3r\u00e1k: Szombat, 21:30 GMT+11, 10:30 CET<\/li>\n<li>Minim\u00e1lis jackpot: AU$ 5 milli\u00f3<\/li>\n<li>Maxim\u00e1lis jackpot: AU$ 150 milli\u00f3<\/li>\n<li>A jackpot megnyer\u00e9s\u00e9nek val\u00f3sz\u00edn\u0171s\u00e9ge: 1 a 8145060-b\u00f3l<\/li>\n<li>A 2-es szint\u0171 nyerem\u00e9ny val\u00f3sz\u00edn\u0171s\u00e9ge: 1:678755-hez<\/li>\n<li>A nyerem\u00e9ny val\u00f3sz\u00edn\u0171s\u00e9ge b\u00e1rmelyik szinten: 1:85,44-hez<\/li>\n<li>A nyerem\u00e9nyszintek sz\u00e1ma: 6<\/li>\n<\/ul>\n<h2>A szombati Lotto Australia szelv\u00e9nyek online v\u00e1s\u00e1rl\u00e1s\u00e1nak el\u0151nyei<\/h2>\n<ul>\n<li>Megkapja a k\u00edv\u00e1nt szelv\u00e9nyeket, \u00e9s soha nem kell kimennie az ajt\u00f3n.<\/li>\n<li>V\u00e1lasszon a k\u00fcl\u00f6nb\u00f6z\u0151 lott\u00f3j\u00e1t\u00e9kok k\u00f6z\u00fcl<\/li>\n<li>Nagyobb es\u00e9lye van a nyer\u00e9sre, ha a legnagyobb jackpotokra p\u00e1ly\u00e1zik<\/li>\n<li>Tegye a p\u00e9nz\u00e9t egy sz\u00e1ml\u00e1ra, majd fizessen a szelv\u00e9nyek\u00e9rt<\/li>\n<li>K\u00f6nnyen nyomon k\u00f6vetheti szelv\u00e9nyeit<\/li>\n<li>Minden alkalommal nyerem\u00e9ny\u00e9rtes\u00edt\u00e9st kaphat<\/li>\n<li>Haszn\u00e1lja a gyors v\u00e1laszt\u00e1st a szelv\u00e9nyek megszerz\u00e9s\u00e9hez sz\u00e1mok kiv\u00e1laszt\u00e1sa n\u00e9lk\u00fcl<\/li>\n<\/ul>\n<h2>Leg\u00e1lis a szombati Lotto Australia szelv\u00e9nyek online v\u00e1s\u00e1rl\u00e1sa?<\/h2>\n<p>Lehet, hogy ideges leszel, hogy vajon a lott\u00f3szelv\u00e9nyek ilyen m\u00f3don t\u00f6rt\u00e9n\u0151 megv\u00e1s\u00e1rl\u00e1sa, am\u00edg magyarorsz\u00e1gi lakos vagy, hogy ez val\u00f3ban leg\u00e1lis-e a lak\u00f3helyed szerinti orsz\u00e1gban. Nos, nem kell agg\u00f3dnia, mert mi gondoskodunk arr\u00f3l, hogy minden leg\u00e1lis legyen a szelv\u00e9nyv\u00e1s\u00e1rl\u00e1s helye szerinti orsz\u00e1g szerint, bele\u00e9rtve a lott\u00f3 orsz\u00e1g\u00e1t is. Nem kell agg\u00f3dnod semmi m\u00e1s miatt, csak az\u00e9rt, hogy megbizonyosodj arr\u00f3l, hogy el\u00e9g id\u0151s vagy ahhoz, hogy leg\u00e1lisan megvehesd a szelv\u00e9nyeket. A weboldalunk haszn\u00e1lat\u00e1hoz 18 \u00e9vesnek kell lennie.<\/p>\n<h2>Hogyan kapok p\u00e9nzt, ha megnyertem a szombati lott\u00f3 ausztr\u00e1l online?<\/h2>\n<p><img loading=\"lazy\" decoding=\"async\" class=\"alignright wp-image-3694\" src=\"https:\/\/onlinelotto365.com\/wp-content\/uploads\/2020\/11\/online_lottery-11-300x300.jpeg\" alt=\"Szombati lott\u00f3 szelv\u00e9nyek online v\u00e1s\u00e1rl\u00e1sa\" width=\"187\" height=\"187\" srcset=\"https:\/\/onlinelotto365.com\/wp-content\/uploads\/2020\/11\/online_lottery-11-300x300.jpeg 300w, https:\/\/onlinelotto365.com\/wp-content\/uploads\/2020\/11\/online_lottery-11-100x100.jpeg 100w, https:\/\/onlinelotto365.com\/wp-content\/uploads\/2020\/11\/online_lottery-11-150x150.jpeg 150w, https:\/\/onlinelotto365.com\/wp-content\/uploads\/2020\/11\/online_lottery-11.jpeg 480w\" sizes=\"auto, (max-width: 187px) 100vw, 187px\" \/><br \/>\nTudjuk, hogy nem szeretn\u00e9, ha b\u00e1rki is r\u00e9szesedne a nyerem\u00e9ny\u00e9b\u0151l, ez\u00e9rt gondoskodunk r\u00f3la, hogy ez ne \u00edgy legyen. Soha nem fog jutal\u00e9kot fizetni nek\u00fcnk, amikor megnyeri kedvenc lott\u00f3j\u00e1t\u00e9kait. \u00c9s nem kell agg\u00f3dnia amiatt sem, hogy a nyerem\u00e9nyek ut\u00e1n jutal\u00e9kot fizet nek\u00fcnk.<\/p>\n<p>Az egyetlen alkalom, amikor valaha is fizetni fogsz d\u00edjat, az az, ha \u00fagy d\u00f6ntesz, hogy a lott\u00f3nyerem\u00e9nyedet banki \u00e1tutal\u00e1ssal helyezed el, p\u00e9ld\u00e1ul egy magyarorsz\u00e1gi bankba. Ezek az \u00e1tutal\u00e1sok n\u00e9ha d\u00edjba ker\u00fclhetnek nek\u00fcnk, mivel a bankok d\u00edjat sz\u00e1m\u00edtanak fel a nemzetk\u00f6zi \u00e1tutal\u00e1sok\u00e9rt. Ezt a d\u00edjat \u00e1th\u00e1r\u00edthatjuk \u00d6nre, \u00e9s levonhatjuk a nyerem\u00e9ny\u00e9b\u0151l.<br \/>\n<strong>Amikor a kifizet\u00e9sr\u0151l van sz\u00f3, csak eml\u00e9kezned kell:<\/strong><\/p>\n<ul>\n<li>A 2500 eur\u00f3 alatti kifizet\u00e9sek a sz\u00e1ml\u00e1dra ker\u00fclnek. Semmit sem kell tenned, mert mi mindent megtesz\u00fcnk helyetted.<\/li>\n<li>A 2500 \u20ac feletti kifizet\u00e9seket banki \u00e1tutal\u00e1ssal vagy csekkel fizetj\u00fck ki. T\u00e1mogat\u00f3i csapatunk felveszi veled a kapcsolatot, hogy kit\u00f6lts egy \u0171rlapot, amib\u0151l megtudhatjuk, hogyan juttatjuk el hozz\u00e1d a p\u00e9nzt. Ezut\u00e1n m\u00e1r csak n\u00e9h\u00e1ny napot kell v\u00e1rnod, am\u00edg a p\u00e9nz meg\u00e9rkezik.<\/li>\n<\/ul>\n","protected":false},"excerpt":{"rendered":"<p>Ha nem volt\u00e1l biztos benne, hogyan v\u00e1s\u00e1rolhatsz szombati lott\u00f3szelv\u00e9nyeket online, akkor \u00e9rdemes megn\u00e9zned ezt a l\u00e9p\u00e9sr\u0151l-l\u00e9p\u00e9sre \u00fatmutat\u00f3t, amely seg\u00edt neked gyorsan eljutni oda. Nem kell agg\u00f3dnia, mert mi seg\u00edt\u00fcnk \u00d6nnek. Menjen a szombati lott\u00f3 Ausztr\u00e1lia oldal\u00e1ra, \u00e9s v\u00e1lassza ki azokat a sz\u00e1mokat, amelyeket meg szeretne j\u00e1tszani az egyes szelv\u00e9nyeken. Adjon hozz\u00e1 t\u00f6bb szelv\u00e9nyt ugyanarra a [&hellip;]<\/p>\n","protected":false},"author":1,"featured_media":0,"parent":5637,"menu_order":15,"comment_status":"closed","ping_status":"closed","template":"saturday-lotto-info.php","meta":{"_et_pb_use_builder":"","_et_pb_old_content":"","_et_gb_content_width":"","exclude_from_search":false,"footnotes":""},"class_list":["post-80574","page","type-page","status-publish","hentry"],"yoast_head":"<!-- This site is optimized with the Yoast SEO plugin v23.4 - https:\/\/yoast.com\/wordpress\/plugins\/seo\/ -->\n<title>Hogyan szerezhet szelv\u00e9nyt a szombati Lotto Australia-ra, ha \u00d6n magyarorsz\u00e1gi lakhellyel rendelkezik?<\/title>\n<meta name=\"description\" content=\"A magyarorsz\u00e1gi lakosok m\u00e1r v\u00e1s\u00e1rolhatnak szelv\u00e9nyeket a szombati lott\u00f3 Ausztr\u00e1li\u00e1ra\" \/>\n<meta name=\"robots\" content=\"index, follow, max-snippet:-1, max-image-preview:large, max-video-preview:-1\" \/>\n<link rel=\"canonical\" href=\"https:\/\/onlinelotto365.com\/hu\/jegyeket-vesz\/szombat-lotto-ausztralia\/\" \/>\n<meta property=\"og:locale\" content=\"hu_HU\" \/>\n<meta property=\"og:type\" content=\"article\" \/>\n<meta property=\"og:title\" content=\"Hogyan szerezhet szelv\u00e9nyt a szombati Lotto Australia-ra, ha \u00d6n magyarorsz\u00e1gi lakhellyel rendelkezik?\" \/>\n<meta property=\"og:description\" content=\"A magyarorsz\u00e1gi lakosok m\u00e1r v\u00e1s\u00e1rolhatnak szelv\u00e9nyeket a szombati lott\u00f3 Ausztr\u00e1li\u00e1ra\" \/>\n<meta property=\"og:url\" content=\"https:\/\/onlinelotto365.com\/hu\/jegyeket-vesz\/szombat-lotto-ausztralia\/\" \/>\n<meta property=\"og:site_name\" content=\"OnlineLotto365\" \/>\n<meta property=\"og:image\" content=\"https:\/\/redfoxlotto.com\/image?size=8&amp;lottery=saturday-lotto-au\" \/>\n<meta name=\"twitter:card\" content=\"summary_large_image\" \/>\n<meta name=\"twitter:label1\" content=\"Becs\u00fclt olvas\u00e1si id\u0151\" \/>\n\t<meta name=\"twitter:data1\" content=\"3 perc\" \/>\n<script type=\"application\/ld+json\" class=\"yoast-schema-graph\">{\"@context\":\"https:\/\/schema.org\",\"@graph\":[{\"@type\":\"WebPage\",\"@id\":\"https:\/\/onlinelotto365.com\/hu\/jegyeket-vesz\/szombat-lotto-ausztralia\/\",\"url\":\"https:\/\/onlinelotto365.com\/hu\/jegyeket-vesz\/szombat-lotto-ausztralia\/\",\"name\":\"Hogyan szerezhet szelv\u00e9nyt a szombati Lotto Australia-ra, ha \u00d6n magyarorsz\u00e1gi lakhellyel rendelkezik?\",\"isPartOf\":{\"@id\":\"https:\/\/onlinelotto365.com\/hu\/#website\"},\"primaryImageOfPage\":{\"@id\":\"https:\/\/onlinelotto365.com\/hu\/jegyeket-vesz\/szombat-lotto-ausztralia\/#primaryimage\"},\"image\":{\"@id\":\"https:\/\/onlinelotto365.com\/hu\/jegyeket-vesz\/szombat-lotto-ausztralia\/#primaryimage\"},\"thumbnailUrl\":\"https:\/\/redfoxlotto.com\/image?size=8&amp;lottery=saturday-lotto-au\",\"datePublished\":\"2022-11-21T12:39:46+00:00\",\"dateModified\":\"2022-11-21T12:39:46+00:00\",\"description\":\"A magyarorsz\u00e1gi lakosok m\u00e1r v\u00e1s\u00e1rolhatnak szelv\u00e9nyeket a szombati lott\u00f3 Ausztr\u00e1li\u00e1ra\",\"breadcrumb\":{\"@id\":\"https:\/\/onlinelotto365.com\/hu\/jegyeket-vesz\/szombat-lotto-ausztralia\/#breadcrumb\"},\"inLanguage\":\"hu\",\"potentialAction\":[{\"@type\":\"ReadAction\",\"target\":[\"https:\/\/onlinelotto365.com\/hu\/jegyeket-vesz\/szombat-lotto-ausztralia\/\"]}]},{\"@type\":\"ImageObject\",\"inLanguage\":\"hu\",\"@id\":\"https:\/\/onlinelotto365.com\/hu\/jegyeket-vesz\/szombat-lotto-ausztralia\/#primaryimage\",\"url\":\"https:\/\/redfoxlotto.com\/image?size=8&amp;lottery=saturday-lotto-au\",\"contentUrl\":\"https:\/\/redfoxlotto.com\/image?size=8&amp;lottery=saturday-lotto-au\"},{\"@type\":\"BreadcrumbList\",\"@id\":\"https:\/\/onlinelotto365.com\/hu\/jegyeket-vesz\/szombat-lotto-ausztralia\/#breadcrumb\",\"itemListElement\":[{\"@type\":\"ListItem\",\"position\":1,\"name\":\"Home\",\"item\":\"https:\/\/onlinelotto365.com\/hu\/\"},{\"@type\":\"ListItem\",\"position\":2,\"name\":\"Most a nagyokr\u00f3l van sz\u00f3: A vil\u00e1g legnagyobb lott\u00f3i\",\"item\":\"https:\/\/onlinelotto365.com\/hu\/jegyeket-vesz\/\"},{\"@type\":\"ListItem\",\"position\":3,\"name\":\"Hogyan v\u00e1s\u00e1rolhat szombati Lotto Ausztr\u00e1lia szelv\u00e9nyeket online\"}]},{\"@type\":\"WebSite\",\"@id\":\"https:\/\/onlinelotto365.com\/hu\/#website\",\"url\":\"https:\/\/onlinelotto365.com\/hu\/\",\"name\":\"OnlineLotto365\",\"description\":\"\",\"potentialAction\":[{\"@type\":\"SearchAction\",\"target\":{\"@type\":\"EntryPoint\",\"urlTemplate\":\"https:\/\/onlinelotto365.com\/hu\/?s={search_term_string}\"},\"query-input\":{\"@type\":\"PropertyValueSpecification\",\"valueRequired\":true,\"valueName\":\"search_term_string\"}}],\"inLanguage\":\"hu\"}]}<\/script>\n<!-- \/ Yoast SEO plugin. -->","yoast_head_json":{"title":"Hogyan szerezhet szelv\u00e9nyt a szombati Lotto Australia-ra, ha \u00d6n magyarorsz\u00e1gi lakhellyel rendelkezik?","description":"A magyarorsz\u00e1gi lakosok m\u00e1r v\u00e1s\u00e1rolhatnak szelv\u00e9nyeket a szombati lott\u00f3 Ausztr\u00e1li\u00e1ra","robots":{"index":"index","follow":"follow","max-snippet":"max-snippet:-1","max-image-preview":"max-image-preview:large","max-video-preview":"max-video-preview:-1"},"canonical":"https:\/\/onlinelotto365.com\/hu\/jegyeket-vesz\/szombat-lotto-ausztralia\/","og_locale":"hu_HU","og_type":"article","og_title":"Hogyan szerezhet szelv\u00e9nyt a szombati Lotto Australia-ra, ha \u00d6n magyarorsz\u00e1gi lakhellyel rendelkezik?","og_description":"A magyarorsz\u00e1gi lakosok m\u00e1r v\u00e1s\u00e1rolhatnak szelv\u00e9nyeket a szombati lott\u00f3 Ausztr\u00e1li\u00e1ra","og_url":"https:\/\/onlinelotto365.com\/hu\/jegyeket-vesz\/szombat-lotto-ausztralia\/","og_site_name":"OnlineLotto365","og_image":[{"url":"https:\/\/redfoxlotto.com\/image?size=8&amp;lottery=saturday-lotto-au"}],"twitter_card":"summary_large_image","twitter_misc":{"Becs\u00fclt olvas\u00e1si id\u0151":"3 perc"},"schema":{"@context":"https:\/\/schema.org","@graph":[{"@type":"WebPage","@id":"https:\/\/onlinelotto365.com\/hu\/jegyeket-vesz\/szombat-lotto-ausztralia\/","url":"https:\/\/onlinelotto365.com\/hu\/jegyeket-vesz\/szombat-lotto-ausztralia\/","name":"Hogyan szerezhet szelv\u00e9nyt a szombati Lotto Australia-ra, ha \u00d6n magyarorsz\u00e1gi lakhellyel rendelkezik?","isPartOf":{"@id":"https:\/\/onlinelotto365.com\/hu\/#website"},"primaryImageOfPage":{"@id":"https:\/\/onlinelotto365.com\/hu\/jegyeket-vesz\/szombat-lotto-ausztralia\/#primaryimage"},"image":{"@id":"https:\/\/onlinelotto365.com\/hu\/jegyeket-vesz\/szombat-lotto-ausztralia\/#primaryimage"},"thumbnailUrl":"https:\/\/redfoxlotto.com\/image?size=8&amp;lottery=saturday-lotto-au","datePublished":"2022-11-21T12:39:46+00:00","dateModified":"2022-11-21T12:39:46+00:00","description":"A magyarorsz\u00e1gi lakosok m\u00e1r v\u00e1s\u00e1rolhatnak szelv\u00e9nyeket a szombati lott\u00f3 Ausztr\u00e1li\u00e1ra","breadcrumb":{"@id":"https:\/\/onlinelotto365.com\/hu\/jegyeket-vesz\/szombat-lotto-ausztralia\/#breadcrumb"},"inLanguage":"hu","potentialAction":[{"@type":"ReadAction","target":["https:\/\/onlinelotto365.com\/hu\/jegyeket-vesz\/szombat-lotto-ausztralia\/"]}]},{"@type":"ImageObject","inLanguage":"hu","@id":"https:\/\/onlinelotto365.com\/hu\/jegyeket-vesz\/szombat-lotto-ausztralia\/#primaryimage","url":"https:\/\/redfoxlotto.com\/image?size=8&amp;lottery=saturday-lotto-au","contentUrl":"https:\/\/redfoxlotto.com\/image?size=8&amp;lottery=saturday-lotto-au"},{"@type":"BreadcrumbList","@id":"https:\/\/onlinelotto365.com\/hu\/jegyeket-vesz\/szombat-lotto-ausztralia\/#breadcrumb","itemListElement":[{"@type":"ListItem","position":1,"name":"Home","item":"https:\/\/onlinelotto365.com\/hu\/"},{"@type":"ListItem","position":2,"name":"Most a nagyokr\u00f3l van sz\u00f3: A vil\u00e1g legnagyobb lott\u00f3i","item":"https:\/\/onlinelotto365.com\/hu\/jegyeket-vesz\/"},{"@type":"ListItem","position":3,"name":"Hogyan v\u00e1s\u00e1rolhat szombati Lotto Ausztr\u00e1lia szelv\u00e9nyeket online"}]},{"@type":"WebSite","@id":"https:\/\/onlinelotto365.com\/hu\/#website","url":"https:\/\/onlinelotto365.com\/hu\/","name":"OnlineLotto365","description":"","potentialAction":[{"@type":"SearchAction","target":{"@type":"EntryPoint","urlTemplate":"https:\/\/onlinelotto365.com\/hu\/?s={search_term_string}"},"query-input":{"@type":"PropertyValueSpecification","valueRequired":true,"valueName":"search_term_string"}}],"inLanguage":"hu"}]}},"_links":{"self":[{"href":"https:\/\/onlinelotto365.com\/hu\/wp-json\/wp\/v2\/pages\/80574","targetHints":{"allow":["GET"]}}],"collection":[{"href":"https:\/\/onlinelotto365.com\/hu\/wp-json\/wp\/v2\/pages"}],"about":[{"href":"https:\/\/onlinelotto365.com\/hu\/wp-json\/wp\/v2\/types\/page"}],"author":[{"embeddable":true,"href":"https:\/\/onlinelotto365.com\/hu\/wp-json\/wp\/v2\/users\/1"}],"replies":[{"embeddable":true,"href":"https:\/\/onlinelotto365.com\/hu\/wp-json\/wp\/v2\/comments?post=80574"}],"version-history":[{"count":0,"href":"https:\/\/onlinelotto365.com\/hu\/wp-json\/wp\/v2\/pages\/80574\/revisions"}],"up":[{"embeddable":true,"href":"https:\/\/onlinelotto365.com\/hu\/wp-json\/wp\/v2\/pages\/5637"}],"wp:attachment":[{"href":"https:\/\/onlinelotto365.com\/hu\/wp-json\/wp\/v2\/media?parent=80574"}],"curies":[{"name":"wp","href":"https:\/\/api.w.org\/{rel}","templated":true}]}}