{"id":80599,"date":"2022-11-22T07:48:22","date_gmt":"2022-11-22T06:48:22","guid":{"rendered":"https:\/\/onlinelotto365.com\/?page_id=80599"},"modified":"2022-11-22T07:48:22","modified_gmt":"2022-11-22T06:48:22","slug":"mon-wed-lotto","status":"publish","type":"page","link":"https:\/\/onlinelotto365.com\/hu\/jegyeket-vesz\/mon-wed-lotto\/","title":{"rendered":"Hogyan v\u00e1s\u00e1rolhat Mon &#038; Wed Lotto Ausztr\u00e1lia jegyeket online"},"content":{"rendered":"<p>Le\u00edrtuk a k\u00fcl\u00f6nb\u00f6z\u0151 l\u00e9p\u00e9seket, amelyeket k\u00f6vetnie kell, ha a Mon &amp; Wed Lotto Australia jegyeket szeretn\u00e9 megv\u00e1s\u00e1rolni a weboldalunkon. Ez egyszer\u0171 \u00e9s k\u00f6nny\u0171, \u00e9s ha v\u00e9gigmegy ezeken a l\u00e9p\u00e9seken, akkor hamarosan k\u00e9szen \u00e1llnak a szelv\u00e9nyei.<br \/>\n<a href=\"https:\/\/redfoxlotto.com\/play\/monday-wednesday-lotto-au\/?ref=a8564250a2&amp;medium=ol365\" target=\"_blank\" rel=\"noopener noreferrer\"><img decoding=\"async\" class=\"aligncenter\" src=\"https:\/\/redfoxlotto.com\/image?size=8&amp;lottery=monday-wednesday-lotto-au\" alt=\"Mon &amp; Wed Lotto Ausztr\u00e1lia \" \/><\/a><\/p>\n<ul>\n<li>Menjen a j\u00e1tszani k\u00edv\u00e1nt lott\u00f3 oldal\u00e1ra, \u00e9s v\u00e1lassza ki azokat a sz\u00e1mokat, amelyeket minden egyes szelv\u00e9nyen meg akar j\u00e1tszani.<\/li>\n<li>Adjon hozz\u00e1 annyi szelv\u00e9nyt erre vagy b\u00e1rmely m\u00e1s j\u00e1t\u00e9kra, amennyit csak szeretne, hogy l\u00e9trehozza a megrendel\u00e9s\u00e9t<\/li>\n<li>V\u00e1lassza a most t\u00f6rt\u00e9n\u0151 fizet\u00e9s opci\u00f3t<\/li>\n<li>Jelentkezzen be jelenlegi fi\u00f3kj\u00e1ba, vagy menjen v\u00e9gig egy \u00faj fi\u00f3k l\u00e9trehoz\u00e1s\u00e1n \u00e9s regisztr\u00e1l\u00e1s\u00e1n.<\/li>\n<li>Menjen az e-mailj\u00e9hez, hogy megkapja az ellen\u0151rz\u0151 linket a fi\u00f3k regisztr\u00e1l\u00e1s\u00e1hoz \u00e9s a v\u00e1s\u00e1rl\u00e1shoz.<\/li>\n<li>Ellen\u0151rizze a spam e-mail mapp\u00e1j\u00e1t, hogy megn\u00e9zze, nem ker\u00fclt-e v\u00e9letlen\u00fcl oda az e-mail, ha nem l\u00e1tja a be\u00e9rkezett \u00fczenetek k\u00f6z\u00f6tt.<\/li>\n<li>Menjen v\u00e9gig a p\u00e9nzt\u00e1ri folyamaton a kosar\u00e1ban<\/li>\n<li>V\u00e1lassza ki a haszn\u00e1lni k\u00edv\u00e1nt fizet\u00e9si m\u00f3dot, \u00e9s k\u00f6vesse az utas\u00edt\u00e1sokat a fizet\u00e9s feldolgoz\u00e1s\u00e1hoz.<\/li>\n<\/ul>\n<h2>Hogyan fizethet a Mon &amp; Wed Lotto Australia szelv\u00e9ny\u00e9\u00e9rt online?<\/h2>\n<p>A fizet\u00e9skor t\u00f6bbf\u00e9le, teljesen biztons\u00e1gos lehet\u0151s\u00e9g k\u00f6z\u00fcl v\u00e1laszthat. Mind\u00f6ssze annyit kell tennie, hogy megn\u00e9zi itt, \u00e9s megn\u00e9zi, hogy melyek lesznek ezek k\u00f6z\u00fcl a lehet\u0151s\u00e9gek k\u00f6z\u00fcl n\u00e9h\u00e1ny.<br \/>\nSzerezd meg szelv\u00e9nyeidet a k\u00e9t lehet\u0151s\u00e9g egyik\u00e9t v\u00e1lasztva:<\/p>\n<p>Fizessen k\u00f6zvetlen\u00fcl az \u00d6n \u00e1ltal v\u00e1lasztott fizet\u00e9si m\u00f3ddal<br \/>\nT\u00f6lts\u00f6n p\u00e9nzt egy j\u00e1t\u00e9kos sz\u00e1ml\u00e1j\u00e1ra, \u00e9s haszn\u00e1lja azt a sz\u00e1ml\u00e1t a jegyek megv\u00e1s\u00e1rl\u00e1s\u00e1ra.<\/p>\n<p>Ne k\u00f6vesd el azt a hib\u00e1t, hogy t\u00fal keveset teszel a sz\u00e1ml\u00e1dra a jegyek kifizet\u00e9s\u00e9hez. Kicsivel t\u00f6bbre van sz\u00fcks\u00e9ged, mint amennyit a kosaradba teszel.<\/p>\n<h2>Tov\u00e1bbi inform\u00e1ci\u00f3 a Mon &amp; Wed Lotto Australia j\u00e1t\u00e9kr\u00f3l<\/h2>\n<ul>\n<li>Orsz\u00e1g: Ausztr\u00e1lia<\/li>\n<li>F\u0151 sz\u00e1mtartom\u00e1ny: 45<\/li>\n<li>\u00d6n v\u00e1laszt: 6<\/li>\n<li>Sorsol\u00e1s napok, \u00f3r\u00e1k: H\u00e9tf\u0151, szerda, 21:30 GMT+11, 10:30 CET<\/li>\n<li>Minim\u00e1lis jackpot: AU$ 2,5 milli\u00f3<\/li>\n<li>Maxim\u00e1lis jackpot: fix jackpot<\/li>\n<li>A jackpot megnyer\u00e9s\u00e9nek val\u00f3sz\u00edn\u0171s\u00e9ge: 1 a 8145060-hoz<\/li>\n<li>A 2-es szint\u0171 nyerem\u00e9ny val\u00f3sz\u00edn\u0171s\u00e9ge: 1:678755-hez<\/li>\n<li>A nyerem\u00e9ny val\u00f3sz\u00edn\u0171s\u00e9ge b\u00e1rmelyik szinten: 1:85,44-hez<\/li>\n<li>A nyerem\u00e9nyszintek sz\u00e1ma: 6<\/li>\n<\/ul>\n<h2>A Mon &amp; Wed Lotto Australia online szelv\u00e9nyv\u00e1s\u00e1rl\u00e1s\u00e1nak el\u0151nyei<\/h2>\n<ul>\n<li>Otthonr\u00f3l szerezhet lott\u00f3szelv\u00e9nyeket, an\u00e9lk\u00fcl, hogy agg\u00f3dnia kellene a kimozdul\u00e1s miatt.<\/li>\n<li>V\u00e1lasszon az \u00f6sszes kedvenc szelv\u00e9nye k\u00f6z\u00fcl, \u00e9s m\u00e9g t\u00f6bbet is<\/li>\n<li>Jobb es\u00e9lyeket kaphat a legmagasabb jackpot\u00f6sszeg\u0171 j\u00e1t\u00e9kok kiv\u00e1laszt\u00e1s\u00e1val<\/li>\n<li>Haszn\u00e1lja a sz\u00e1mlaegyenleg\u00e9t a szelv\u00e9nyek megv\u00e1s\u00e1rl\u00e1s\u00e1hoz p\u00e9nz befizet\u00e9s\u00e9vel<\/li>\n<li>Nyomon k\u00f6vetheti szelv\u00e9nyeit egy online sz\u00e1ml\u00e1n kereszt\u00fcl<\/li>\n<li>\u00c9rtes\u00edt\u00e9st kaphat, ha nyertes szelv\u00e9nye van<\/li>\n<li>Haszn\u00e1lja a v\u00e9letlensz\u00e1m-gener\u00e1tort a szelv\u00e9nyek kiv\u00e1laszt\u00e1s\u00e1hoz<\/li>\n<\/ul>\n<h2>Leg\u00e1lis a Mon &amp; Wed Lotto Australia szelv\u00e9nyek online v\u00e1s\u00e1rl\u00e1sa?<\/h2>\n<p>Sokan agg\u00f3dnak amiatt, hogy az online szelv\u00e9nyv\u00e1s\u00e1rl\u00e1s illeg\u00e1lis, vagy hogy a hagyom\u00e1nyos m\u00f3don t\u00f6rt\u00e9n\u0151 szelv\u00e9nyv\u00e1s\u00e1rl\u00e1s illeg\u00e1lis lehet a haz\u00e1jukban. Nos, mi gondoskodunk arr\u00f3l, hogy minden szab\u00e1lyoz\u00e1st betartsanak abban az orsz\u00e1gban, ahonnan maga a lott\u00f3 sz\u00e1rmazik. Gondoskodunk arr\u00f3l, hogy \u00d6n is megkapja a lott\u00f3nyerem\u00e9ny\u00e9t. Ak\u00e1r egy kisebb, ak\u00e1r egy nagyobb nyerem\u00e9nyt nyer, mi seg\u00edt\u00fcnk abban, hogy megkapja, amit keres \u00e9s amire jogosult.<br \/>\nWeboldalunk minden felhaszn\u00e1l\u00f3j\u00e1nak legal\u00e1bb 18 \u00e9vesnek kell lennie.<\/p>\n<h2>Hogyan kapok p\u00e9nzt, ha online nyerek a Mon &amp; Wed Lotto Australia j\u00e1t\u00e9kban?<\/h2>\n<p><img loading=\"lazy\" decoding=\"async\" class=\"alignright wp-image-3685\" src=\"https:\/\/onlinelotto365.com\/wp-content\/uploads\/2020\/11\/online_lottery-4-300x192.jpeg\" alt=\"mon wed lotto ausztr\u00e1lia online\" width=\"255\" height=\"163\" srcset=\"https:\/\/onlinelotto365.com\/wp-content\/uploads\/2020\/11\/online_lottery-4-300x192.jpeg 300w, https:\/\/onlinelotto365.com\/wp-content\/uploads\/2020\/11\/online_lottery-4-600x383.jpeg 600w, https:\/\/onlinelotto365.com\/wp-content\/uploads\/2020\/11\/online_lottery-4.jpeg 751w\" sizes=\"auto, (max-width: 255px) 100vw, 255px\" \/><br \/>\nA nyerem\u00e9nyek eljuttat\u00e1sa \u00fcgyfeleinkhez a folyamat legfontosabb r\u00e9sze, \u00e9s ezt \u00fagy tessz\u00fck, hogy gondoskodunk arr\u00f3l, hogy ne legyenek jutal\u00e9kok. Nem kell agg\u00f3dnia amiatt, hogy b\u00e1rmit is levesz\u00fcnk a nyerem\u00e9ny\u00e9b\u0151l, kiv\u00e9ve, ha banki \u00e1tutal\u00e1st v\u00e1laszt.<br \/>\nEz a fizet\u00e9si m\u00f3d, k\u00fcl\u00f6n\u00f6sen, ha nemzetk\u00f6zi tranzakci\u00f3k\u00e9nt t\u00f6rt\u00e9nik, sokba ker\u00fclhet nek\u00fcnk, ha a bank d\u00edjat sz\u00e1m\u00edt fel. Ha ez megt\u00f6rt\u00e9nik, akkor a k\u00f6lts\u00e9get \u00e1th\u00e1r\u00edthatjuk r\u00e1d, \u00e9s levonhatjuk a nyerem\u00e9nyedb\u0151l.<br \/>\nA kifizet\u00e9sek k\u00e9tf\u00e9le m\u00f3don t\u00f6rt\u00e9nhetnek.<\/p>\n<ul>\n<li>A 2500 \u20ac alatti kifizet\u00e9sek az \u00d6n r\u00e9sz\u00e9r\u0151l t\u00f6rt\u00e9n\u0151 beavatkoz\u00e1s n\u00e9lk\u00fcl t\u00f6rt\u00e9nnek. Csapatunk gondoskodik arr\u00f3l, hogy a p\u00e9nz k\u00f6zvetlen\u00fcl az \u00d6n sz\u00e1ml\u00e1j\u00e1ra \u00e9rkezzen.<\/li>\n<li>A 2500 \u20ac feletti nyerem\u00e9ny\u00f6sszegeket m\u00e1s m\u00f3don dolgozzuk fel. Ezeket az \u00f6sszegeket a lott\u00f3bizotts\u00e1ggal kell feldolgozni, ami azt jelenti, hogy ki kell t\u00f6lten\u00fcnk egy ig\u00e9nyl\u0151lapot. Elk\u00fcldj\u00fck neked a nyomtatv\u00e1nyt, \u00e9s neked csak annyit kell tenned, hogy kit\u00f6lt\u00f6d, \u00e9s k\u00f6zl\u00f6d vel\u00fcnk, hogy banki \u00e1tutal\u00e1ssal vagy csekken szeretn\u00e9d megkapni a p\u00e9nzed.<\/li>\n<\/ul>\n","protected":false},"excerpt":{"rendered":"<p>Le\u00edrtuk a k\u00fcl\u00f6nb\u00f6z\u0151 l\u00e9p\u00e9seket, amelyeket k\u00f6vetnie kell, ha a Mon &amp; Wed Lotto Australia jegyeket szeretn\u00e9 megv\u00e1s\u00e1rolni a weboldalunkon. Ez egyszer\u0171 \u00e9s k\u00f6nny\u0171, \u00e9s ha v\u00e9gigmegy ezeken a l\u00e9p\u00e9seken, akkor hamarosan k\u00e9szen \u00e1llnak a szelv\u00e9nyei. Menjen a j\u00e1tszani k\u00edv\u00e1nt lott\u00f3 oldal\u00e1ra, \u00e9s v\u00e1lassza ki azokat a sz\u00e1mokat, amelyeket minden egyes szelv\u00e9nyen meg akar j\u00e1tszani. Adjon [&hellip;]<\/p>\n","protected":false},"author":1,"featured_media":0,"parent":5637,"menu_order":16,"comment_status":"closed","ping_status":"closed","template":"template-rightsidebar.php","meta":{"_et_pb_use_builder":"","_et_pb_old_content":"","_et_gb_content_width":"","exclude_from_search":false,"footnotes":""},"class_list":["post-80599","page","type-page","status-publish","hentry"],"yoast_head":"<!-- This site is optimized with the Yoast SEO plugin v23.4 - https:\/\/yoast.com\/wordpress\/plugins\/seo\/ -->\n<title>Online szelv\u00e9nyv\u00e1s\u00e1rl\u00e1s Mon &amp; Wed Lotto Ausztr\u00e1lia<\/title>\n<meta name=\"description\" content=\"Nem sz\u00e1m\u00edt, hol \u00e9l, \u00e9s most nem sz\u00e1m\u00edt, mit keres, itt megv\u00e1s\u00e1rolhatja a Mon &amp; Wed Lotto Australia szelv\u00e9nyeket!\" \/>\n<meta name=\"robots\" content=\"index, follow, max-snippet:-1, max-image-preview:large, max-video-preview:-1\" \/>\n<link rel=\"canonical\" href=\"https:\/\/onlinelotto365.com\/hu\/jegyeket-vesz\/mon-wed-lotto\/\" \/>\n<meta property=\"og:locale\" content=\"hu_HU\" \/>\n<meta property=\"og:type\" content=\"article\" \/>\n<meta property=\"og:title\" content=\"Online szelv\u00e9nyv\u00e1s\u00e1rl\u00e1s Mon &amp; Wed Lotto Ausztr\u00e1lia\" \/>\n<meta property=\"og:description\" content=\"Nem sz\u00e1m\u00edt, hol \u00e9l, \u00e9s most nem sz\u00e1m\u00edt, mit keres, itt megv\u00e1s\u00e1rolhatja a Mon &amp; Wed Lotto Australia szelv\u00e9nyeket!\" \/>\n<meta property=\"og:url\" content=\"https:\/\/onlinelotto365.com\/hu\/jegyeket-vesz\/mon-wed-lotto\/\" \/>\n<meta property=\"og:site_name\" content=\"OnlineLotto365\" \/>\n<meta property=\"og:image\" content=\"https:\/\/redfoxlotto.com\/image?size=8&amp;lottery=monday-wednesday-lotto-au\" \/>\n<meta name=\"twitter:card\" content=\"summary_large_image\" \/>\n<meta name=\"twitter:label1\" content=\"Becs\u00fclt olvas\u00e1si id\u0151\" \/>\n\t<meta name=\"twitter:data1\" content=\"3 perc\" \/>\n<script type=\"application\/ld+json\" class=\"yoast-schema-graph\">{\"@context\":\"https:\/\/schema.org\",\"@graph\":[{\"@type\":\"WebPage\",\"@id\":\"https:\/\/onlinelotto365.com\/hu\/jegyeket-vesz\/mon-wed-lotto\/\",\"url\":\"https:\/\/onlinelotto365.com\/hu\/jegyeket-vesz\/mon-wed-lotto\/\",\"name\":\"Online szelv\u00e9nyv\u00e1s\u00e1rl\u00e1s Mon & Wed Lotto Ausztr\u00e1lia\",\"isPartOf\":{\"@id\":\"https:\/\/onlinelotto365.com\/hu\/#website\"},\"primaryImageOfPage\":{\"@id\":\"https:\/\/onlinelotto365.com\/hu\/jegyeket-vesz\/mon-wed-lotto\/#primaryimage\"},\"image\":{\"@id\":\"https:\/\/onlinelotto365.com\/hu\/jegyeket-vesz\/mon-wed-lotto\/#primaryimage\"},\"thumbnailUrl\":\"https:\/\/redfoxlotto.com\/image?size=8&amp;lottery=monday-wednesday-lotto-au\",\"datePublished\":\"2022-11-22T06:48:22+00:00\",\"dateModified\":\"2022-11-22T06:48:22+00:00\",\"description\":\"Nem sz\u00e1m\u00edt, hol \u00e9l, \u00e9s most nem sz\u00e1m\u00edt, mit keres, itt megv\u00e1s\u00e1rolhatja a Mon & Wed Lotto Australia szelv\u00e9nyeket!\",\"breadcrumb\":{\"@id\":\"https:\/\/onlinelotto365.com\/hu\/jegyeket-vesz\/mon-wed-lotto\/#breadcrumb\"},\"inLanguage\":\"hu\",\"potentialAction\":[{\"@type\":\"ReadAction\",\"target\":[\"https:\/\/onlinelotto365.com\/hu\/jegyeket-vesz\/mon-wed-lotto\/\"]}]},{\"@type\":\"ImageObject\",\"inLanguage\":\"hu\",\"@id\":\"https:\/\/onlinelotto365.com\/hu\/jegyeket-vesz\/mon-wed-lotto\/#primaryimage\",\"url\":\"https:\/\/redfoxlotto.com\/image?size=8&amp;lottery=monday-wednesday-lotto-au\",\"contentUrl\":\"https:\/\/redfoxlotto.com\/image?size=8&amp;lottery=monday-wednesday-lotto-au\"},{\"@type\":\"BreadcrumbList\",\"@id\":\"https:\/\/onlinelotto365.com\/hu\/jegyeket-vesz\/mon-wed-lotto\/#breadcrumb\",\"itemListElement\":[{\"@type\":\"ListItem\",\"position\":1,\"name\":\"Home\",\"item\":\"https:\/\/onlinelotto365.com\/hu\/\"},{\"@type\":\"ListItem\",\"position\":2,\"name\":\"Most a nagyokr\u00f3l van sz\u00f3: A vil\u00e1g legnagyobb lott\u00f3i\",\"item\":\"https:\/\/onlinelotto365.com\/hu\/jegyeket-vesz\/\"},{\"@type\":\"ListItem\",\"position\":3,\"name\":\"Hogyan v\u00e1s\u00e1rolhat Mon &#038; Wed Lotto Ausztr\u00e1lia jegyeket online\"}]},{\"@type\":\"WebSite\",\"@id\":\"https:\/\/onlinelotto365.com\/hu\/#website\",\"url\":\"https:\/\/onlinelotto365.com\/hu\/\",\"name\":\"OnlineLotto365\",\"description\":\"\",\"potentialAction\":[{\"@type\":\"SearchAction\",\"target\":{\"@type\":\"EntryPoint\",\"urlTemplate\":\"https:\/\/onlinelotto365.com\/hu\/?s={search_term_string}\"},\"query-input\":{\"@type\":\"PropertyValueSpecification\",\"valueRequired\":true,\"valueName\":\"search_term_string\"}}],\"inLanguage\":\"hu\"}]}<\/script>\n<!-- \/ Yoast SEO plugin. -->","yoast_head_json":{"title":"Online szelv\u00e9nyv\u00e1s\u00e1rl\u00e1s Mon & Wed Lotto Ausztr\u00e1lia","description":"Nem sz\u00e1m\u00edt, hol \u00e9l, \u00e9s most nem sz\u00e1m\u00edt, mit keres, itt megv\u00e1s\u00e1rolhatja a Mon & Wed Lotto Australia szelv\u00e9nyeket!","robots":{"index":"index","follow":"follow","max-snippet":"max-snippet:-1","max-image-preview":"max-image-preview:large","max-video-preview":"max-video-preview:-1"},"canonical":"https:\/\/onlinelotto365.com\/hu\/jegyeket-vesz\/mon-wed-lotto\/","og_locale":"hu_HU","og_type":"article","og_title":"Online szelv\u00e9nyv\u00e1s\u00e1rl\u00e1s Mon & Wed Lotto Ausztr\u00e1lia","og_description":"Nem sz\u00e1m\u00edt, hol \u00e9l, \u00e9s most nem sz\u00e1m\u00edt, mit keres, itt megv\u00e1s\u00e1rolhatja a Mon & Wed Lotto Australia szelv\u00e9nyeket!","og_url":"https:\/\/onlinelotto365.com\/hu\/jegyeket-vesz\/mon-wed-lotto\/","og_site_name":"OnlineLotto365","og_image":[{"url":"https:\/\/redfoxlotto.com\/image?size=8&amp;lottery=monday-wednesday-lotto-au"}],"twitter_card":"summary_large_image","twitter_misc":{"Becs\u00fclt olvas\u00e1si id\u0151":"3 perc"},"schema":{"@context":"https:\/\/schema.org","@graph":[{"@type":"WebPage","@id":"https:\/\/onlinelotto365.com\/hu\/jegyeket-vesz\/mon-wed-lotto\/","url":"https:\/\/onlinelotto365.com\/hu\/jegyeket-vesz\/mon-wed-lotto\/","name":"Online szelv\u00e9nyv\u00e1s\u00e1rl\u00e1s Mon & Wed Lotto Ausztr\u00e1lia","isPartOf":{"@id":"https:\/\/onlinelotto365.com\/hu\/#website"},"primaryImageOfPage":{"@id":"https:\/\/onlinelotto365.com\/hu\/jegyeket-vesz\/mon-wed-lotto\/#primaryimage"},"image":{"@id":"https:\/\/onlinelotto365.com\/hu\/jegyeket-vesz\/mon-wed-lotto\/#primaryimage"},"thumbnailUrl":"https:\/\/redfoxlotto.com\/image?size=8&amp;lottery=monday-wednesday-lotto-au","datePublished":"2022-11-22T06:48:22+00:00","dateModified":"2022-11-22T06:48:22+00:00","description":"Nem sz\u00e1m\u00edt, hol \u00e9l, \u00e9s most nem sz\u00e1m\u00edt, mit keres, itt megv\u00e1s\u00e1rolhatja a Mon & Wed Lotto Australia szelv\u00e9nyeket!","breadcrumb":{"@id":"https:\/\/onlinelotto365.com\/hu\/jegyeket-vesz\/mon-wed-lotto\/#breadcrumb"},"inLanguage":"hu","potentialAction":[{"@type":"ReadAction","target":["https:\/\/onlinelotto365.com\/hu\/jegyeket-vesz\/mon-wed-lotto\/"]}]},{"@type":"ImageObject","inLanguage":"hu","@id":"https:\/\/onlinelotto365.com\/hu\/jegyeket-vesz\/mon-wed-lotto\/#primaryimage","url":"https:\/\/redfoxlotto.com\/image?size=8&amp;lottery=monday-wednesday-lotto-au","contentUrl":"https:\/\/redfoxlotto.com\/image?size=8&amp;lottery=monday-wednesday-lotto-au"},{"@type":"BreadcrumbList","@id":"https:\/\/onlinelotto365.com\/hu\/jegyeket-vesz\/mon-wed-lotto\/#breadcrumb","itemListElement":[{"@type":"ListItem","position":1,"name":"Home","item":"https:\/\/onlinelotto365.com\/hu\/"},{"@type":"ListItem","position":2,"name":"Most a nagyokr\u00f3l van sz\u00f3: A vil\u00e1g legnagyobb lott\u00f3i","item":"https:\/\/onlinelotto365.com\/hu\/jegyeket-vesz\/"},{"@type":"ListItem","position":3,"name":"Hogyan v\u00e1s\u00e1rolhat Mon &#038; Wed Lotto Ausztr\u00e1lia jegyeket online"}]},{"@type":"WebSite","@id":"https:\/\/onlinelotto365.com\/hu\/#website","url":"https:\/\/onlinelotto365.com\/hu\/","name":"OnlineLotto365","description":"","potentialAction":[{"@type":"SearchAction","target":{"@type":"EntryPoint","urlTemplate":"https:\/\/onlinelotto365.com\/hu\/?s={search_term_string}"},"query-input":{"@type":"PropertyValueSpecification","valueRequired":true,"valueName":"search_term_string"}}],"inLanguage":"hu"}]}},"_links":{"self":[{"href":"https:\/\/onlinelotto365.com\/hu\/wp-json\/wp\/v2\/pages\/80599","targetHints":{"allow":["GET"]}}],"collection":[{"href":"https:\/\/onlinelotto365.com\/hu\/wp-json\/wp\/v2\/pages"}],"about":[{"href":"https:\/\/onlinelotto365.com\/hu\/wp-json\/wp\/v2\/types\/page"}],"author":[{"embeddable":true,"href":"https:\/\/onlinelotto365.com\/hu\/wp-json\/wp\/v2\/users\/1"}],"replies":[{"embeddable":true,"href":"https:\/\/onlinelotto365.com\/hu\/wp-json\/wp\/v2\/comments?post=80599"}],"version-history":[{"count":0,"href":"https:\/\/onlinelotto365.com\/hu\/wp-json\/wp\/v2\/pages\/80599\/revisions"}],"up":[{"embeddable":true,"href":"https:\/\/onlinelotto365.com\/hu\/wp-json\/wp\/v2\/pages\/5637"}],"wp:attachment":[{"href":"https:\/\/onlinelotto365.com\/hu\/wp-json\/wp\/v2\/media?parent=80599"}],"curies":[{"name":"wp","href":"https:\/\/api.w.org\/{rel}","templated":true}]}}