{"id":80669,"date":"2022-11-22T11:20:15","date_gmt":"2022-11-22T10:20:15","guid":{"rendered":"https:\/\/onlinelotto365.com\/?page_id=80669"},"modified":"2022-11-22T11:20:15","modified_gmt":"2022-11-22T10:20:15","slug":"el-gordo","status":"publish","type":"page","link":"https:\/\/onlinelotto365.com\/hu\/nyero-lottoszamok\/el-gordo\/","title":{"rendered":"El Gordo eredm\u00e9nyek \u00e9s nyerem\u00e9nyek megtekint\u00e9se itt"},"content":{"rendered":"<p>Tudjuk, hogy egy csom\u00f3 k\u00fcl\u00f6nb\u00f6z\u0151 nemzetk\u00f6zi lott\u00f3j\u00e1t\u00e9kot k\u00edn\u00e1lunk, \u00e9s ez egy kicsit zavar\u00f3 lehet, ha megpr\u00f3b\u00e1ljuk kital\u00e1lni a nyer\u0151sz\u00e1mokat. Sokan az \u00fajs\u00e1gban keresik a kedvenc j\u00e1t\u00e9kaik nyer\u0151sz\u00e1mait, de hacsak nem \u00e9lsz a k\u00f6rny\u00e9ken, az El Gordo sz\u00e1mainak megtal\u00e1l\u00e1sa neh\u00e9z lehet. Ugyanez igaz arra is, ha megpr\u00f3b\u00e1lod megn\u00e9zni a sorsol\u00e1st vagy megn\u00e9zni a nyertes sz\u00e1mokat a t\u00e9v\u00e9ben.<br \/>\n<a href=\"https:\/\/redfoxlotto.com\/play\/el-gordo-primitiva\/?ref=a8564250a2&amp;medium=ol365\" target=\"_blank\" rel=\"noopener noreferrer\"><img decoding=\"async\" class=\"aligncenter\" src=\"https:\/\/redfoxlotto.com\/image?size=8&amp;lottery=el-gordo-primitiva\" alt=\"el gordo\" \/><\/a><br \/>\nEgy m\u00e1sik lehet\u0151s\u00e9g, hogy megn\u00e9zz\u00fck az El Gordo hivatalos weboldal\u00e1t, \u00e9s megn\u00e9zz\u00fck, hogy k\u00edn\u00e1lnak-e \u00e9l\u0151 k\u00f6zvet\u00edt\u00e9st a sorsol\u00e1s folyamat\u00e1r\u00f3l. Azokn\u00e1l a j\u00e1t\u00e9kokn\u00e1l, ahol igen, ez egy sz\u00f3rakoztat\u00f3 \u00e9s \u00e9rdekes lehet\u0151s\u00e9g lehet b\u00e1rki sz\u00e1m\u00e1ra.<\/p>\n<p>De rengeteg olyan j\u00e1t\u00e9k van, amelyik val\u00f3j\u00e1ban nem k\u00edn\u00e1l ilyet. Ehelyett meg kell v\u00e1rnod, am\u00edg a sorsol\u00e1s v\u00e9get \u00e9r, \u00e9s mindent jelentenek, hogy l\u00e1thasd az eredm\u00e9nyeket.<br \/>\nV\u00e9g\u00fcl, ha a sorsol\u00e1s m\u00e1r v\u00e9get \u00e9rt, akkor lehet, hogy a YouTube-on tal\u00e1lod meg az El Gordo sorsol\u00e1st. De ez egy m\u00e1sik ter\u00fclet, ahol nem biztos, hogy sikerrel j\u00e1r. El\u0151fordulhat, hogy a sorsol\u00e1sodhoz nem \u00e1ll rendelkez\u00e9sre semmi.<\/p>\n<p>Az egyik legjobb \u00e9s legegyszer\u0171bb m\u00f3dja azonban annak, hogy megtal\u00e1ld a nyer\u0151sz\u00e1mokat, a mi weboldalunk. N\u00e9zze meg a nyer\u0151sz\u00e1mok \u00e9s eredm\u00e9nyek oldalainkat, hogy megtal\u00e1lja az El Gordo \u00e9s b\u00e1rmely m\u00e1s lott\u00f3j\u00e1t\u00e9k eredm\u00e9nyeit, amely el\u00e9rhet\u0151 n\u00e1lunk.<\/p>\n<h2>Hogyan tudhatja meg, hogy az online szelv\u00e9nye nyert-e<\/h2>\n<p>A m\u00e9g jobb az, hogy m\u00e9g csak fel sem kell menned a lott\u00f3eredm\u00e9nyek oldal\u00e1ra. K\u00f6zvetlen\u00fcl a fi\u00f3kj\u00e1ba l\u00e9phet, ha m\u00e1r v\u00e1s\u00e1rolt szelv\u00e9nyt. Onnan nem csak a nyertes sz\u00e1mokat l\u00e1thatja, hanem azt is, hogy a saj\u00e1t sz\u00e1mai hogyan sorakoznak. \u00d6sszehasonl\u00edthatod a sz\u00e1mokat, majd l\u00e1thatod, hogy melyik egyezik, \u00e9s hogy val\u00f3j\u00e1ban mennyit nyert\u00e9l. Ha 2500 eur\u00f3n\u00e1l kevesebbet nyert\u00e9l, akkor sem kell semmit sem tenned, mert a nyerem\u00e9nyed k\u00f6zvetlen\u00fcl a sz\u00e1ml\u00e1don lesz.<\/p>\n<h2>El Gordo eredm\u00e9nyek arch\u00edvuma<\/h2>\n<p>Ha szeretn\u00e9d megn\u00e9zni a r\u00e9gi sz\u00e1mokat, \u00e9s megn\u00e9zni, hogy mik voltak azok, akkor ezt is k\u00f6nnyed\u00e9n megteheted. Val\u00f3j\u00e1ban weboldalunk b\u00e1rmelyik oldal\u00e1n, ahol a legfrissebb El Gordo eredm\u00e9nyeket l\u00e1thatja, a r\u00e9gebbi sz\u00e1mokat is megn\u00e9zheti. \u00cdgy k\u00f6nnyebben kital\u00e1lhatod, hogy mely sz\u00e1mokat szeretn\u00e9d legk\u00f6zelebb megj\u00e1tszani.<\/p>\n<h2>A szelv\u00e9nyem nyert, mi k\u00f6vetkezik ezut\u00e1n?<\/h2>\n<p><img loading=\"lazy\" decoding=\"async\" class=\"alignright wp-image-3573\" src=\"https:\/\/onlinelotto365.com\/wp-content\/uploads\/2020\/11\/online_lottery-96-300x212.jpg\" alt=\"El Gordo eredm\u00e9nyek\" width=\"166\" height=\"117\" srcset=\"https:\/\/onlinelotto365.com\/wp-content\/uploads\/2020\/11\/online_lottery-96-300x212.jpg 300w, https:\/\/onlinelotto365.com\/wp-content\/uploads\/2020\/11\/online_lottery-96.jpg 320w\" sizes=\"auto, (max-width: 166px) 100vw, 166px\" \/><br \/>\nHa nyert\u00e9l, k\u00f6nnyen hozz\u00e1juthatsz a p\u00e9nzedhez, mert k\u00f6zvetlen\u00fcl a sz\u00e1ml\u00e1dra utaljuk azt, amint az eredm\u00e9nyeket hiteles\u00edtett\u00fck. Ha a nyerem\u00e9ny kevesebb, mint 2500 eur\u00f3, akkor is ilyen gyorsan a kezedben lesz a p\u00e9nzed. Ezut\u00e1n, ha t\u00f6bb mint 10 \u20ac, akkor a p\u00e9nzt m\u00e1ris felveheted a sz\u00e1ml\u00e1dra.<br \/>\nVagy a p\u00e9nzt a j\u00e1t\u00e9kossz\u00e1ml\u00e1don hagyhatod, \u00e9s felhaszn\u00e1lhatod arra, hogy m\u00e9g t\u00f6bb jegyet v\u00e1s\u00e1rolj tov\u00e1bbi j\u00e1t\u00e9kokra. Csak tartsd \u00e9szben, hogy a p\u00e9nzfelv\u00e9telhez a sz\u00f6vets\u00e9gi el\u0151\u00edr\u00e1soknak val\u00f3 megfelel\u00e9s \u00e9rdek\u00e9ben n\u00e9mi dokument\u00e1ci\u00f3ra lesz sz\u00fcks\u00e9g. Emellett olyan m\u00f3dszert kell haszn\u00e1lnod, amelyet m\u00e1r kor\u00e1bban is haszn\u00e1lt\u00e1l befizet\u00e9sre.<\/p>\n","protected":false},"excerpt":{"rendered":"<p>Tudjuk, hogy egy csom\u00f3 k\u00fcl\u00f6nb\u00f6z\u0151 nemzetk\u00f6zi lott\u00f3j\u00e1t\u00e9kot k\u00edn\u00e1lunk, \u00e9s ez egy kicsit zavar\u00f3 lehet, ha megpr\u00f3b\u00e1ljuk kital\u00e1lni a nyer\u0151sz\u00e1mokat. Sokan az \u00fajs\u00e1gban keresik a kedvenc j\u00e1t\u00e9kaik nyer\u0151sz\u00e1mait, de hacsak nem \u00e9lsz a k\u00f6rny\u00e9ken, az El Gordo sz\u00e1mainak megtal\u00e1l\u00e1sa neh\u00e9z lehet. Ugyanez igaz arra is, ha megpr\u00f3b\u00e1lod megn\u00e9zni a sorsol\u00e1st vagy megn\u00e9zni a nyertes sz\u00e1mokat a [&hellip;]<\/p>\n","protected":false},"author":1,"featured_media":0,"parent":5838,"menu_order":6,"comment_status":"closed","ping_status":"closed","template":"el-gordo-results.php","meta":{"_et_pb_use_builder":"","_et_pb_old_content":"","_et_gb_content_width":"","exclude_from_search":false,"footnotes":""},"class_list":["post-80669","page","type-page","status-publish","hentry"],"yoast_head":"<!-- This site is optimized with the Yoast SEO plugin v23.4 - https:\/\/yoast.com\/wordpress\/plugins\/seo\/ -->\n<title>El Gordo nyer\u0151sz\u00e1mok | El Gordo sorsol\u00e1s eredm\u00e9nyei \u00e9s nyerem\u00e9nyek<\/title>\n<meta name=\"description\" content=\"Az El Gordo \u00e9s sok m\u00e1s lott\u00f3 nyer\u0151sz\u00e1mai, eredm\u00e9nyei, nyerem\u00e9nyei, mindig friss\u00edtve a weboldalunkon.\" \/>\n<meta name=\"robots\" content=\"index, follow, max-snippet:-1, max-image-preview:large, max-video-preview:-1\" \/>\n<link rel=\"canonical\" href=\"https:\/\/onlinelotto365.com\/hu\/nyero-lottoszamok\/el-gordo\/\" \/>\n<meta property=\"og:locale\" content=\"hu_HU\" \/>\n<meta property=\"og:type\" content=\"article\" \/>\n<meta property=\"og:title\" content=\"El Gordo nyer\u0151sz\u00e1mok | El Gordo sorsol\u00e1s eredm\u00e9nyei \u00e9s nyerem\u00e9nyek\" \/>\n<meta property=\"og:description\" content=\"Az El Gordo \u00e9s sok m\u00e1s lott\u00f3 nyer\u0151sz\u00e1mai, eredm\u00e9nyei, nyerem\u00e9nyei, mindig friss\u00edtve a weboldalunkon.\" \/>\n<meta property=\"og:url\" content=\"https:\/\/onlinelotto365.com\/hu\/nyero-lottoszamok\/el-gordo\/\" \/>\n<meta property=\"og:site_name\" content=\"OnlineLotto365\" \/>\n<meta property=\"og:image\" content=\"https:\/\/redfoxlotto.com\/image?size=8&amp;lottery=el-gordo-primitiva\" \/>\n<meta name=\"twitter:card\" content=\"summary_large_image\" \/>\n<meta name=\"twitter:label1\" content=\"Becs\u00fclt olvas\u00e1si id\u0151\" \/>\n\t<meta name=\"twitter:data1\" content=\"3 perc\" \/>\n<script type=\"application\/ld+json\" class=\"yoast-schema-graph\">{\"@context\":\"https:\/\/schema.org\",\"@graph\":[{\"@type\":\"WebPage\",\"@id\":\"https:\/\/onlinelotto365.com\/hu\/nyero-lottoszamok\/el-gordo\/\",\"url\":\"https:\/\/onlinelotto365.com\/hu\/nyero-lottoszamok\/el-gordo\/\",\"name\":\"El Gordo nyer\u0151sz\u00e1mok | El Gordo sorsol\u00e1s eredm\u00e9nyei \u00e9s nyerem\u00e9nyek\",\"isPartOf\":{\"@id\":\"https:\/\/onlinelotto365.com\/hu\/#website\"},\"primaryImageOfPage\":{\"@id\":\"https:\/\/onlinelotto365.com\/hu\/nyero-lottoszamok\/el-gordo\/#primaryimage\"},\"image\":{\"@id\":\"https:\/\/onlinelotto365.com\/hu\/nyero-lottoszamok\/el-gordo\/#primaryimage\"},\"thumbnailUrl\":\"https:\/\/redfoxlotto.com\/image?size=8&amp;lottery=el-gordo-primitiva\",\"datePublished\":\"2022-11-22T10:20:15+00:00\",\"dateModified\":\"2022-11-22T10:20:15+00:00\",\"description\":\"Az El Gordo \u00e9s sok m\u00e1s lott\u00f3 nyer\u0151sz\u00e1mai, eredm\u00e9nyei, nyerem\u00e9nyei, mindig friss\u00edtve a weboldalunkon.\",\"breadcrumb\":{\"@id\":\"https:\/\/onlinelotto365.com\/hu\/nyero-lottoszamok\/el-gordo\/#breadcrumb\"},\"inLanguage\":\"hu\",\"potentialAction\":[{\"@type\":\"ReadAction\",\"target\":[\"https:\/\/onlinelotto365.com\/hu\/nyero-lottoszamok\/el-gordo\/\"]}]},{\"@type\":\"ImageObject\",\"inLanguage\":\"hu\",\"@id\":\"https:\/\/onlinelotto365.com\/hu\/nyero-lottoszamok\/el-gordo\/#primaryimage\",\"url\":\"https:\/\/redfoxlotto.com\/image?size=8&amp;lottery=el-gordo-primitiva\",\"contentUrl\":\"https:\/\/redfoxlotto.com\/image?size=8&amp;lottery=el-gordo-primitiva\"},{\"@type\":\"BreadcrumbList\",\"@id\":\"https:\/\/onlinelotto365.com\/hu\/nyero-lottoszamok\/el-gordo\/#breadcrumb\",\"itemListElement\":[{\"@type\":\"ListItem\",\"position\":1,\"name\":\"Home\",\"item\":\"https:\/\/onlinelotto365.com\/hu\/\"},{\"@type\":\"ListItem\",\"position\":2,\"name\":\"Nemzetk\u00f6zi lott\u00f3eredm\u00e9nyeket keresel?\",\"item\":\"https:\/\/onlinelotto365.com\/hu\/winning-numbers\/\"},{\"@type\":\"ListItem\",\"position\":3,\"name\":\"El Gordo eredm\u00e9nyek \u00e9s nyerem\u00e9nyek megtekint\u00e9se itt\"}]},{\"@type\":\"WebSite\",\"@id\":\"https:\/\/onlinelotto365.com\/hu\/#website\",\"url\":\"https:\/\/onlinelotto365.com\/hu\/\",\"name\":\"OnlineLotto365\",\"description\":\"\",\"potentialAction\":[{\"@type\":\"SearchAction\",\"target\":{\"@type\":\"EntryPoint\",\"urlTemplate\":\"https:\/\/onlinelotto365.com\/hu\/?s={search_term_string}\"},\"query-input\":{\"@type\":\"PropertyValueSpecification\",\"valueRequired\":true,\"valueName\":\"search_term_string\"}}],\"inLanguage\":\"hu\"}]}<\/script>\n<!-- \/ Yoast SEO plugin. -->","yoast_head_json":{"title":"El Gordo nyer\u0151sz\u00e1mok | El Gordo sorsol\u00e1s eredm\u00e9nyei \u00e9s nyerem\u00e9nyek","description":"Az El Gordo \u00e9s sok m\u00e1s lott\u00f3 nyer\u0151sz\u00e1mai, eredm\u00e9nyei, nyerem\u00e9nyei, mindig friss\u00edtve a weboldalunkon.","robots":{"index":"index","follow":"follow","max-snippet":"max-snippet:-1","max-image-preview":"max-image-preview:large","max-video-preview":"max-video-preview:-1"},"canonical":"https:\/\/onlinelotto365.com\/hu\/nyero-lottoszamok\/el-gordo\/","og_locale":"hu_HU","og_type":"article","og_title":"El Gordo nyer\u0151sz\u00e1mok | El Gordo sorsol\u00e1s eredm\u00e9nyei \u00e9s nyerem\u00e9nyek","og_description":"Az El Gordo \u00e9s sok m\u00e1s lott\u00f3 nyer\u0151sz\u00e1mai, eredm\u00e9nyei, nyerem\u00e9nyei, mindig friss\u00edtve a weboldalunkon.","og_url":"https:\/\/onlinelotto365.com\/hu\/nyero-lottoszamok\/el-gordo\/","og_site_name":"OnlineLotto365","og_image":[{"url":"https:\/\/redfoxlotto.com\/image?size=8&amp;lottery=el-gordo-primitiva"}],"twitter_card":"summary_large_image","twitter_misc":{"Becs\u00fclt olvas\u00e1si id\u0151":"3 perc"},"schema":{"@context":"https:\/\/schema.org","@graph":[{"@type":"WebPage","@id":"https:\/\/onlinelotto365.com\/hu\/nyero-lottoszamok\/el-gordo\/","url":"https:\/\/onlinelotto365.com\/hu\/nyero-lottoszamok\/el-gordo\/","name":"El Gordo nyer\u0151sz\u00e1mok | El Gordo sorsol\u00e1s eredm\u00e9nyei \u00e9s nyerem\u00e9nyek","isPartOf":{"@id":"https:\/\/onlinelotto365.com\/hu\/#website"},"primaryImageOfPage":{"@id":"https:\/\/onlinelotto365.com\/hu\/nyero-lottoszamok\/el-gordo\/#primaryimage"},"image":{"@id":"https:\/\/onlinelotto365.com\/hu\/nyero-lottoszamok\/el-gordo\/#primaryimage"},"thumbnailUrl":"https:\/\/redfoxlotto.com\/image?size=8&amp;lottery=el-gordo-primitiva","datePublished":"2022-11-22T10:20:15+00:00","dateModified":"2022-11-22T10:20:15+00:00","description":"Az El Gordo \u00e9s sok m\u00e1s lott\u00f3 nyer\u0151sz\u00e1mai, eredm\u00e9nyei, nyerem\u00e9nyei, mindig friss\u00edtve a weboldalunkon.","breadcrumb":{"@id":"https:\/\/onlinelotto365.com\/hu\/nyero-lottoszamok\/el-gordo\/#breadcrumb"},"inLanguage":"hu","potentialAction":[{"@type":"ReadAction","target":["https:\/\/onlinelotto365.com\/hu\/nyero-lottoszamok\/el-gordo\/"]}]},{"@type":"ImageObject","inLanguage":"hu","@id":"https:\/\/onlinelotto365.com\/hu\/nyero-lottoszamok\/el-gordo\/#primaryimage","url":"https:\/\/redfoxlotto.com\/image?size=8&amp;lottery=el-gordo-primitiva","contentUrl":"https:\/\/redfoxlotto.com\/image?size=8&amp;lottery=el-gordo-primitiva"},{"@type":"BreadcrumbList","@id":"https:\/\/onlinelotto365.com\/hu\/nyero-lottoszamok\/el-gordo\/#breadcrumb","itemListElement":[{"@type":"ListItem","position":1,"name":"Home","item":"https:\/\/onlinelotto365.com\/hu\/"},{"@type":"ListItem","position":2,"name":"Nemzetk\u00f6zi lott\u00f3eredm\u00e9nyeket keresel?","item":"https:\/\/onlinelotto365.com\/hu\/winning-numbers\/"},{"@type":"ListItem","position":3,"name":"El Gordo eredm\u00e9nyek \u00e9s nyerem\u00e9nyek megtekint\u00e9se itt"}]},{"@type":"WebSite","@id":"https:\/\/onlinelotto365.com\/hu\/#website","url":"https:\/\/onlinelotto365.com\/hu\/","name":"OnlineLotto365","description":"","potentialAction":[{"@type":"SearchAction","target":{"@type":"EntryPoint","urlTemplate":"https:\/\/onlinelotto365.com\/hu\/?s={search_term_string}"},"query-input":{"@type":"PropertyValueSpecification","valueRequired":true,"valueName":"search_term_string"}}],"inLanguage":"hu"}]}},"_links":{"self":[{"href":"https:\/\/onlinelotto365.com\/hu\/wp-json\/wp\/v2\/pages\/80669","targetHints":{"allow":["GET"]}}],"collection":[{"href":"https:\/\/onlinelotto365.com\/hu\/wp-json\/wp\/v2\/pages"}],"about":[{"href":"https:\/\/onlinelotto365.com\/hu\/wp-json\/wp\/v2\/types\/page"}],"author":[{"embeddable":true,"href":"https:\/\/onlinelotto365.com\/hu\/wp-json\/wp\/v2\/users\/1"}],"replies":[{"embeddable":true,"href":"https:\/\/onlinelotto365.com\/hu\/wp-json\/wp\/v2\/comments?post=80669"}],"version-history":[{"count":0,"href":"https:\/\/onlinelotto365.com\/hu\/wp-json\/wp\/v2\/pages\/80669\/revisions"}],"up":[{"embeddable":true,"href":"https:\/\/onlinelotto365.com\/hu\/wp-json\/wp\/v2\/pages\/5838"}],"wp:attachment":[{"href":"https:\/\/onlinelotto365.com\/hu\/wp-json\/wp\/v2\/media?parent=80669"}],"curies":[{"name":"wp","href":"https:\/\/api.w.org\/{rel}","templated":true}]}}