{"id":80702,"date":"2022-11-22T12:37:05","date_gmt":"2022-11-22T11:37:05","guid":{"rendered":"https:\/\/onlinelotto365.com\/?page_id=80702"},"modified":"2022-11-22T12:37:05","modified_gmt":"2022-11-22T11:37:05","slug":"la-primitiva","status":"publish","type":"page","link":"https:\/\/onlinelotto365.com\/hu\/nyero-lottoszamok\/la-primitiva\/","title":{"rendered":"La Primitiva sorsol\u00e1s eredm\u00e9nye"},"content":{"rendered":"<p>Rengeteg k\u00fcl\u00f6nb\u00f6z\u0151 nemzetk\u00f6zi lott\u00f3j\u00e1t\u00e9kot k\u00edn\u00e1lunk, \u00e9s tudjuk, hogy \u00d6n gyorsan szeretn\u00e9 megtal\u00e1lni a nyer\u0151sz\u00e1mokat. Ez\u00e9rt van, aki \u00fagy d\u00f6nt, hogy az \u00fajs\u00e1gban keresi a sz\u00e1mokat. De a La Primitiva nyer\u0151sz\u00e1mainak megtal\u00e1l\u00e1sa az \u00fajs\u00e1gban neh\u00e9z lehet. Ugyan\u00edgy a t\u00e9v\u00e9ben is neh\u00e9z lehet megtal\u00e1lni ezeket a sz\u00e1mokat, mivel kutat\u00e1st kell v\u00e9geznie, hogy megtal\u00e1lja a megfelel\u0151 csatorn\u00e1t.<br \/>\n<a href=\"https:\/\/redfoxlotto.com\/play\/la-primitiva\/?ref=a8564250a2&amp;medium=ol365\" target=\"_blank\" rel=\"noopener noreferrer\"><img decoding=\"async\" class=\"aligncenter\" src=\"https:\/\/redfoxlotto.com\/image?size=8&amp;lottery=la-primitiva\" alt=\" la primitiva\" \/><\/a><br \/>\nEgy m\u00e1sik lehet\u0151s\u00e9g, hogy felkeresed a La Primitiva weboldal\u00e1t, \u00e9s megn\u00e9zed, hogy \u00e9l\u0151ben k\u00f6zvet\u00edtik-e a j\u00e1t\u00e9kuk sorsol\u00e1s\u00e1t. Ha igen, akkor izgalmas lehet n\u00e9zni. Ha azonban nem, amit sok lott\u00f3j\u00e1t\u00e9k nem tesz, akkor m\u00e9g tov\u00e1bb kell v\u00e1rnod.<\/p>\n<p>A sorsol\u00e1s ut\u00e1n n\u00e9ha a YouTube-on is megtal\u00e1lhatja a La Primitiva legut\u00f3bbi sorsol\u00e1s\u00e1t. Ehhez azonban a sorsol\u00e1s ut\u00e1n v\u00e1rnia kell egy darabig.<\/p>\n<p>A legk\u00e9nyelmesebb m\u00f3dszer a sz\u00e1mok megismer\u00e9s\u00e9re azonban az, ha megn\u00e9zi a weboldalunkat. A La Primitiva nyer\u0151sz\u00e1mait \u00e9s eredm\u00e9nyeit, s\u0151t, a nyerem\u00e9ny\u00f6sszegeket is k\u00f6zvetlen\u00fcl a weboldalunkon k\u00edn\u00e1ljuk, \u00e9s a t\u00f6bbi \u00e1ltalunk k\u00edn\u00e1lt lott\u00f3j\u00e1t\u00e9kot is felt\u00fcntetj\u00fck.<\/p>\n<h2>Hogyan tudhatja meg, hogy nyert-e az online szelv\u00e9nye<\/h2>\n<p>Ha szelv\u00e9nyt v\u00e1s\u00e1rolt a La Primitiva-ra, akkor m\u00e9g csak fel sem kell mennie az eredm\u00e9nyoldalra. Egyenesen a fi\u00f3kj\u00e1ba l\u00e9phet, \u00e9s megn\u00e9zheti a szelv\u00e9nyeit. Ugyanezen a k\u00e9perny\u0151n l\u00e1thatja a nyertes sz\u00e1mokat minden egyes j\u00e1t\u00e9khoz, amelyet j\u00e1tszott. A szelv\u00e9nyed \u00e9s a nyer\u0151sz\u00e1mok k\u00f6z\u00f6tt egyez\u0151 sz\u00e1mokat pedig kiemelve l\u00e1thatod.<br \/>\nHa a helyes sz\u00e1mot tal\u00e1lta el, akkor nyertes lesz, \u00e9s pontosan l\u00e1thatja, hogy mennyit nyert. A nyerem\u00e9nyt (2500 \u20ac alatti \u00f6sszegek eset\u00e9n) m\u00e1ris megkapod a sz\u00e1ml\u00e1don, amint az eredm\u00e9nyeket ellen\u0151rzik.<\/p>\n<h2>La Primitiva eredm\u00e9nyek arch\u00edvuma<\/h2>\n<p>Azok sz\u00e1m\u00e1ra, akik szeretn\u00e9k kiv\u00e1lasztani a k\u00f6vetkez\u0151 sorsol\u00e1s sz\u00e1mait, tudjuk, hogy fontos lehet a r\u00e9gebbi szelv\u00e9nyek \u00e9s a r\u00e9gebbi sz\u00e1mok megtekint\u00e9se. Ez\u00e9rt gondoskodunk arr\u00f3l, hogy minden olyan oldalon, amely a legfrissebb La Primitiva eredm\u00e9nyeket tartalmazza, a r\u00e9gebbi sz\u00e1mokhoz is hozz\u00e1f\u00e9rjen. B\u00e1rmikor, b\u00e1rmilyen okb\u00f3l megn\u00e9zheti \u0151ket.<\/p>\n<h2>A szelv\u00e9nyem nyert, mi t\u00f6rt\u00e9nik ezut\u00e1n?<\/h2>\n<p>Ha a szelv\u00e9nye nyertes, csak annyit kell tennie, hogy h\u00e1trad\u0151l \u00e9s megnyugszik, mert mi elint\u00e9zz\u00fck a dolgokat \u00d6n helyett. A 2500 eur\u00f3 alatti \u00f6sszegeket k\u00f6zvetlen\u00fcl a sz\u00e1ml\u00e1j\u00e1ra \u00edrjuk j\u00f3v\u00e1, \u00edgy nem kell ig\u00e9nyelnie, \u00e9s nem kell k\u00fcl\u00f6n l\u00e9p\u00e9seket tennie. Ezut\u00e1n, amennyiben legal\u00e1bb 10 \u20ac van a sz\u00e1ml\u00e1don, felveheted a p\u00e9nzt a banksz\u00e1ml\u00e1dra vagy a hitelk\u00e1rty\u00e1dra.<br \/>\n<img loading=\"lazy\" decoding=\"async\" class=\"alignright wp-image-3572\" src=\"https:\/\/onlinelotto365.com\/wp-content\/uploads\/2020\/11\/online_lottery-25-300x212.jpg\" alt=\"La Primitiva nyer\u0151sz\u00e1mai\" width=\"232\" height=\"165\" srcset=\"https:\/\/onlinelotto365.com\/wp-content\/uploads\/2020\/11\/online_lottery-25-300x212.jpg 300w, https:\/\/onlinelotto365.com\/wp-content\/uploads\/2020\/11\/online_lottery-25.jpg 320w\" sizes=\"auto, (max-width: 232px) 100vw, 232px\" \/><br \/>\nCsak arra kell \u00fcgyelned, hogy az adott k\u00e1rty\u00e1t vagy sz\u00e1ml\u00e1t m\u00e1r kor\u00e1bban is haszn\u00e1ltad n\u00e1lunk. N\u00e9h\u00e1ny dokumentumot is ki kell t\u00f6ltened, hogy biztos\u00edtsuk, hogy megfelel\u00fcnk a fizet\u00e9si szolg\u00e1ltat\u00f3 \u00e1ltal el\u0151\u00edrt szab\u00e1lyoknak. Ezek a dokumentumok minket v\u00e9denek, de t\u00e9ged is v\u00e9denek, mivel biztos\u00edtj\u00e1k, hogy csak te veheted ki a p\u00e9nzedet a sz\u00e1ml\u00e1dr\u00f3l.<\/p>\n","protected":false},"excerpt":{"rendered":"<p>Rengeteg k\u00fcl\u00f6nb\u00f6z\u0151 nemzetk\u00f6zi lott\u00f3j\u00e1t\u00e9kot k\u00edn\u00e1lunk, \u00e9s tudjuk, hogy \u00d6n gyorsan szeretn\u00e9 megtal\u00e1lni a nyer\u0151sz\u00e1mokat. Ez\u00e9rt van, aki \u00fagy d\u00f6nt, hogy az \u00fajs\u00e1gban keresi a sz\u00e1mokat. De a La Primitiva nyer\u0151sz\u00e1mainak megtal\u00e1l\u00e1sa az \u00fajs\u00e1gban neh\u00e9z lehet. Ugyan\u00edgy a t\u00e9v\u00e9ben is neh\u00e9z lehet megtal\u00e1lni ezeket a sz\u00e1mokat, mivel kutat\u00e1st kell v\u00e9geznie, hogy megtal\u00e1lja a megfelel\u0151 csatorn\u00e1t. Egy [&hellip;]<\/p>\n","protected":false},"author":1,"featured_media":0,"parent":5838,"menu_order":7,"comment_status":"closed","ping_status":"closed","template":"la-primitiva-results.php","meta":{"_et_pb_use_builder":"","_et_pb_old_content":"","_et_gb_content_width":"","exclude_from_search":false,"footnotes":""},"class_list":["post-80702","page","type-page","status-publish","hentry"],"yoast_head":"<!-- This site is optimized with the Yoast SEO plugin v23.4 - https:\/\/yoast.com\/wordpress\/plugins\/seo\/ -->\n<title>Legfrissebb sorsol\u00e1si eredm\u00e9nyek, La Primitiva nyer\u0151sz\u00e1mai<\/title>\n<meta name=\"description\" content=\"A spanyolorsz\u00e1gi La Primitiva legfrissebb nyer\u0151sz\u00e1mai, valamint egy\u00e9b eredm\u00e9nyek\" \/>\n<meta name=\"robots\" content=\"index, follow, max-snippet:-1, max-image-preview:large, max-video-preview:-1\" \/>\n<link rel=\"canonical\" href=\"https:\/\/onlinelotto365.com\/hu\/nyero-lottoszamok\/la-primitiva\/\" \/>\n<meta property=\"og:locale\" content=\"hu_HU\" \/>\n<meta property=\"og:type\" content=\"article\" \/>\n<meta property=\"og:title\" content=\"Legfrissebb sorsol\u00e1si eredm\u00e9nyek, La Primitiva nyer\u0151sz\u00e1mai\" \/>\n<meta property=\"og:description\" content=\"A spanyolorsz\u00e1gi La Primitiva legfrissebb nyer\u0151sz\u00e1mai, valamint egy\u00e9b eredm\u00e9nyek\" \/>\n<meta property=\"og:url\" content=\"https:\/\/onlinelotto365.com\/hu\/nyero-lottoszamok\/la-primitiva\/\" \/>\n<meta property=\"og:site_name\" content=\"OnlineLotto365\" \/>\n<meta property=\"og:image\" content=\"https:\/\/redfoxlotto.com\/image?size=8&amp;lottery=la-primitiva\" \/>\n<meta name=\"twitter:card\" content=\"summary_large_image\" \/>\n<meta name=\"twitter:label1\" content=\"Becs\u00fclt olvas\u00e1si id\u0151\" \/>\n\t<meta name=\"twitter:data1\" content=\"3 perc\" \/>\n<script type=\"application\/ld+json\" class=\"yoast-schema-graph\">{\"@context\":\"https:\/\/schema.org\",\"@graph\":[{\"@type\":\"WebPage\",\"@id\":\"https:\/\/onlinelotto365.com\/hu\/nyero-lottoszamok\/la-primitiva\/\",\"url\":\"https:\/\/onlinelotto365.com\/hu\/nyero-lottoszamok\/la-primitiva\/\",\"name\":\"Legfrissebb sorsol\u00e1si eredm\u00e9nyek, La Primitiva nyer\u0151sz\u00e1mai\",\"isPartOf\":{\"@id\":\"https:\/\/onlinelotto365.com\/hu\/#website\"},\"primaryImageOfPage\":{\"@id\":\"https:\/\/onlinelotto365.com\/hu\/nyero-lottoszamok\/la-primitiva\/#primaryimage\"},\"image\":{\"@id\":\"https:\/\/onlinelotto365.com\/hu\/nyero-lottoszamok\/la-primitiva\/#primaryimage\"},\"thumbnailUrl\":\"https:\/\/redfoxlotto.com\/image?size=8&amp;lottery=la-primitiva\",\"datePublished\":\"2022-11-22T11:37:05+00:00\",\"dateModified\":\"2022-11-22T11:37:05+00:00\",\"description\":\"A spanyolorsz\u00e1gi La Primitiva legfrissebb nyer\u0151sz\u00e1mai, valamint egy\u00e9b eredm\u00e9nyek\",\"breadcrumb\":{\"@id\":\"https:\/\/onlinelotto365.com\/hu\/nyero-lottoszamok\/la-primitiva\/#breadcrumb\"},\"inLanguage\":\"hu\",\"potentialAction\":[{\"@type\":\"ReadAction\",\"target\":[\"https:\/\/onlinelotto365.com\/hu\/nyero-lottoszamok\/la-primitiva\/\"]}]},{\"@type\":\"ImageObject\",\"inLanguage\":\"hu\",\"@id\":\"https:\/\/onlinelotto365.com\/hu\/nyero-lottoszamok\/la-primitiva\/#primaryimage\",\"url\":\"https:\/\/redfoxlotto.com\/image?size=8&amp;lottery=la-primitiva\",\"contentUrl\":\"https:\/\/redfoxlotto.com\/image?size=8&amp;lottery=la-primitiva\"},{\"@type\":\"BreadcrumbList\",\"@id\":\"https:\/\/onlinelotto365.com\/hu\/nyero-lottoszamok\/la-primitiva\/#breadcrumb\",\"itemListElement\":[{\"@type\":\"ListItem\",\"position\":1,\"name\":\"Home\",\"item\":\"https:\/\/onlinelotto365.com\/hu\/\"},{\"@type\":\"ListItem\",\"position\":2,\"name\":\"Nemzetk\u00f6zi lott\u00f3eredm\u00e9nyeket keresel?\",\"item\":\"https:\/\/onlinelotto365.com\/hu\/winning-numbers\/\"},{\"@type\":\"ListItem\",\"position\":3,\"name\":\"La Primitiva sorsol\u00e1s eredm\u00e9nye\"}]},{\"@type\":\"WebSite\",\"@id\":\"https:\/\/onlinelotto365.com\/hu\/#website\",\"url\":\"https:\/\/onlinelotto365.com\/hu\/\",\"name\":\"OnlineLotto365\",\"description\":\"\",\"potentialAction\":[{\"@type\":\"SearchAction\",\"target\":{\"@type\":\"EntryPoint\",\"urlTemplate\":\"https:\/\/onlinelotto365.com\/hu\/?s={search_term_string}\"},\"query-input\":{\"@type\":\"PropertyValueSpecification\",\"valueRequired\":true,\"valueName\":\"search_term_string\"}}],\"inLanguage\":\"hu\"}]}<\/script>\n<!-- \/ Yoast SEO plugin. -->","yoast_head_json":{"title":"Legfrissebb sorsol\u00e1si eredm\u00e9nyek, La Primitiva nyer\u0151sz\u00e1mai","description":"A spanyolorsz\u00e1gi La Primitiva legfrissebb nyer\u0151sz\u00e1mai, valamint egy\u00e9b eredm\u00e9nyek","robots":{"index":"index","follow":"follow","max-snippet":"max-snippet:-1","max-image-preview":"max-image-preview:large","max-video-preview":"max-video-preview:-1"},"canonical":"https:\/\/onlinelotto365.com\/hu\/nyero-lottoszamok\/la-primitiva\/","og_locale":"hu_HU","og_type":"article","og_title":"Legfrissebb sorsol\u00e1si eredm\u00e9nyek, La Primitiva nyer\u0151sz\u00e1mai","og_description":"A spanyolorsz\u00e1gi La Primitiva legfrissebb nyer\u0151sz\u00e1mai, valamint egy\u00e9b eredm\u00e9nyek","og_url":"https:\/\/onlinelotto365.com\/hu\/nyero-lottoszamok\/la-primitiva\/","og_site_name":"OnlineLotto365","og_image":[{"url":"https:\/\/redfoxlotto.com\/image?size=8&amp;lottery=la-primitiva"}],"twitter_card":"summary_large_image","twitter_misc":{"Becs\u00fclt olvas\u00e1si id\u0151":"3 perc"},"schema":{"@context":"https:\/\/schema.org","@graph":[{"@type":"WebPage","@id":"https:\/\/onlinelotto365.com\/hu\/nyero-lottoszamok\/la-primitiva\/","url":"https:\/\/onlinelotto365.com\/hu\/nyero-lottoszamok\/la-primitiva\/","name":"Legfrissebb sorsol\u00e1si eredm\u00e9nyek, La Primitiva nyer\u0151sz\u00e1mai","isPartOf":{"@id":"https:\/\/onlinelotto365.com\/hu\/#website"},"primaryImageOfPage":{"@id":"https:\/\/onlinelotto365.com\/hu\/nyero-lottoszamok\/la-primitiva\/#primaryimage"},"image":{"@id":"https:\/\/onlinelotto365.com\/hu\/nyero-lottoszamok\/la-primitiva\/#primaryimage"},"thumbnailUrl":"https:\/\/redfoxlotto.com\/image?size=8&amp;lottery=la-primitiva","datePublished":"2022-11-22T11:37:05+00:00","dateModified":"2022-11-22T11:37:05+00:00","description":"A spanyolorsz\u00e1gi La Primitiva legfrissebb nyer\u0151sz\u00e1mai, valamint egy\u00e9b eredm\u00e9nyek","breadcrumb":{"@id":"https:\/\/onlinelotto365.com\/hu\/nyero-lottoszamok\/la-primitiva\/#breadcrumb"},"inLanguage":"hu","potentialAction":[{"@type":"ReadAction","target":["https:\/\/onlinelotto365.com\/hu\/nyero-lottoszamok\/la-primitiva\/"]}]},{"@type":"ImageObject","inLanguage":"hu","@id":"https:\/\/onlinelotto365.com\/hu\/nyero-lottoszamok\/la-primitiva\/#primaryimage","url":"https:\/\/redfoxlotto.com\/image?size=8&amp;lottery=la-primitiva","contentUrl":"https:\/\/redfoxlotto.com\/image?size=8&amp;lottery=la-primitiva"},{"@type":"BreadcrumbList","@id":"https:\/\/onlinelotto365.com\/hu\/nyero-lottoszamok\/la-primitiva\/#breadcrumb","itemListElement":[{"@type":"ListItem","position":1,"name":"Home","item":"https:\/\/onlinelotto365.com\/hu\/"},{"@type":"ListItem","position":2,"name":"Nemzetk\u00f6zi lott\u00f3eredm\u00e9nyeket keresel?","item":"https:\/\/onlinelotto365.com\/hu\/winning-numbers\/"},{"@type":"ListItem","position":3,"name":"La Primitiva sorsol\u00e1s eredm\u00e9nye"}]},{"@type":"WebSite","@id":"https:\/\/onlinelotto365.com\/hu\/#website","url":"https:\/\/onlinelotto365.com\/hu\/","name":"OnlineLotto365","description":"","potentialAction":[{"@type":"SearchAction","target":{"@type":"EntryPoint","urlTemplate":"https:\/\/onlinelotto365.com\/hu\/?s={search_term_string}"},"query-input":{"@type":"PropertyValueSpecification","valueRequired":true,"valueName":"search_term_string"}}],"inLanguage":"hu"}]}},"_links":{"self":[{"href":"https:\/\/onlinelotto365.com\/hu\/wp-json\/wp\/v2\/pages\/80702","targetHints":{"allow":["GET"]}}],"collection":[{"href":"https:\/\/onlinelotto365.com\/hu\/wp-json\/wp\/v2\/pages"}],"about":[{"href":"https:\/\/onlinelotto365.com\/hu\/wp-json\/wp\/v2\/types\/page"}],"author":[{"embeddable":true,"href":"https:\/\/onlinelotto365.com\/hu\/wp-json\/wp\/v2\/users\/1"}],"replies":[{"embeddable":true,"href":"https:\/\/onlinelotto365.com\/hu\/wp-json\/wp\/v2\/comments?post=80702"}],"version-history":[{"count":0,"href":"https:\/\/onlinelotto365.com\/hu\/wp-json\/wp\/v2\/pages\/80702\/revisions"}],"up":[{"embeddable":true,"href":"https:\/\/onlinelotto365.com\/hu\/wp-json\/wp\/v2\/pages\/5838"}],"wp:attachment":[{"href":"https:\/\/onlinelotto365.com\/hu\/wp-json\/wp\/v2\/media?parent=80702"}],"curies":[{"name":"wp","href":"https:\/\/api.w.org\/{rel}","templated":true}]}}