{"id":80734,"date":"2022-11-22T13:25:28","date_gmt":"2022-11-22T12:25:28","guid":{"rendered":"https:\/\/onlinelotto365.com\/?page_id=80734"},"modified":"2022-11-22T13:25:28","modified_gmt":"2022-11-22T12:25:28","slug":"bonoloto","status":"publish","type":"page","link":"https:\/\/onlinelotto365.com\/hu\/nyero-lottoszamok\/bonoloto\/","title":{"rendered":"Spanyol Bonoloto eredm\u00e9nyek"},"content":{"rendered":"<p>A nemzetk\u00f6zi lott\u00f3j\u00e1t\u00e9kok nagyon sz\u00f3rakoztat\u00f3ak lehetnek, de tudnod kell, hogyan ellen\u0151rizd a nyer\u0151sz\u00e1mokat. A BonoLoto nyer\u0151sz\u00e1mainak megn\u00e9z\u00e9s\u00e9nek egyik m\u00f3dja, ha az \u00fajs\u00e1gban n\u00e9zel\u0151dsz. De \u00e1ltal\u00e1ban csak a helyi lapok tartalmazz\u00e1k a keresett eredm\u00e9nyeket.<br \/>\n<a href=\"https:\/\/redfoxlotto.com\/play\/bonoloto\/?ref=a8564250a2&amp;medium=ol365\" target=\"_blank\" rel=\"noopener noreferrer\"><img decoding=\"async\" class=\"aligncenter\" src=\"https:\/\/redfoxlotto.com\/image?size=8&amp;lottery=bonoloto\" alt=\"BonoLoto\" \/><\/a><br \/>\nEgy m\u00e1sik lehet\u0151s\u00e9g, hogy megn\u00e9zed a tv-\u00e1llom\u00e1sokat, de ott sem biztos, hogy megtal\u00e1lod a keresett inform\u00e1ci\u00f3kat. Pontosan a megfelel\u0151 ter\u00fcleten kell \u00e9lnie, \u00e9s tudnia kell, hogy mikor kell megn\u00e9znie a sz\u00e1mokat.<\/p>\n<p>Ezut\u00e1n megn\u00e9zheti a BonoLoto hivatalos weboldal\u00e1t, hogy megn\u00e9zze, k\u00edn\u00e1lnak-e \u00e9l\u0151 online sorsol\u00e1st. Azokn\u00e1l a j\u00e1t\u00e9kokn\u00e1l, amelyekn\u00e9l igen, ez b\u00e1rki sz\u00e1m\u00e1ra izgalmas lehet, mert elragadhatja a pillanat, amikor megn\u00e9zi az azonnal megjelen\u0151 sz\u00e1mokat. De ne feledje, hogy val\u00f3j\u00e1ban nem minden lott\u00f3j\u00e1t\u00e9k k\u00edn\u00e1lja ezt a lehet\u0151s\u00e9get.<\/p>\n<p>V\u00e9g\u00fcl pedig a YouTube-on is megn\u00e9zheti, hogy valaki nem tett-e fel \u00e9l\u0151 vide\u00f3t a sorsol\u00e1sr\u00f3l, vagy nem r\u00f6gz\u00edtette-e m\u00e1s m\u00f3don a nyertes sz\u00e1mokat, hogy megossza a BonoLoto sorsol\u00e1st.<\/p>\n<p>A legk\u00e9nyelmesebb m\u00f3dja annak azonban, hogy megtudja a nyer\u0151sz\u00e1mokat, mindenk\u00e9ppen az, ha megn\u00e9zi a weboldalunkat. A BonoLoto, valamint b\u00e1rmely m\u00e1s j\u00e1t\u00e9k \u00f6sszes nyer\u0151sz\u00e1m\u00e1t megadjuk \u00d6nnek a weboldalunkon, \u00edgy egy helyen k\u00f6vetheti nyomon.<\/p>\n<h2>Hogyan tudhatja meg, hogy online szelv\u00e9nye nyert-e<\/h2>\n<p>Azok, akik m\u00e1r v\u00e1s\u00e1roltak szelv\u00e9nyt a BonoLoto j\u00e1t\u00e9kra, k\u00f6zvetlen\u00fcl a fi\u00f3kjukba l\u00e9phetnek. Jelentkezzen be, \u00e9s menjen arra az oldalra, ahol a jegyei vannak. Ha m\u00e1r ott van, l\u00e1thatja az eredm\u00e9nyeket b\u00e1rmelyik j\u00e1t\u00e9kra, amelyre jegyet v\u00e1s\u00e1rolt. \u00cdgy sokkal k\u00f6nnyebben l\u00e1thatja, hogy mely sz\u00e1mok egyeztek, \u00e9s melyek nem. Akkor is azonnal megkapod a p\u00e9nzed, ha 2500 eur\u00f3n\u00e1l kevesebbet nyert\u00e9l. Ugyanis ezek az \u00f6sszegek k\u00f6zvetlen\u00fcl a sz\u00e1ml\u00e1dra ker\u00fclnek, an\u00e9lk\u00fcl, hogy b\u00e1rmit is tenned kellene.<\/p>\n<h2>BonoLoto eredm\u00e9nyek arch\u00edvuma<\/h2>\n<p>Ha a BonoLoto r\u00e9gi sz\u00e1mait keresed, nem kell messzire menned. Mi ugyanis mindent elint\u00e9zt\u00fcnk \u00d6nnek. M\u00e9g a r\u00e9gi sz\u00e1mokat is ugyanoda tett\u00fck, ahov\u00e1 a legfrissebb sz\u00e1mokat, \u00edgy nem kell agg\u00f3dnia, hogy megpr\u00f3b\u00e1lja megtal\u00e1lni \u0151ket. Ez az\u00e9rt van, mert tudjuk, milyen fontos, hogy megtal\u00e1ld ezeket a sz\u00e1mokat, amikor csak akarod.<\/p>\n<h2>A szelv\u00e9nyem nyert, mi k\u00f6vetkezik ezut\u00e1n?<\/h2>\n<p><img loading=\"lazy\" decoding=\"async\" class=\"alignright wp-image-3651\" src=\"https:\/\/onlinelotto365.com\/wp-content\/uploads\/2020\/11\/online_lottery-79-300x292.jpg\" alt=\"bonoloto nyer\u0151sz\u00e1mok\" width=\"148\" height=\"145\" srcset=\"https:\/\/onlinelotto365.com\/wp-content\/uploads\/2020\/11\/online_lottery-79-300x292.jpg 300w, https:\/\/onlinelotto365.com\/wp-content\/uploads\/2020\/11\/online_lottery-79.jpg 320w\" sizes=\"auto, (max-width: 148px) 100vw, 148px\" \/><br \/>\nArr\u00f3l m\u00e1r besz\u00e9lt\u00fcnk, hogy ha b\u00e1rmelyik lott\u00f3j\u00e1t\u00e9k kis nyerem\u00e9nyei k\u00f6z\u00fcl nyer, nem kell agg\u00f3dnia, hogy megkapja-e a p\u00e9nz\u00e9t. Ez az\u00e9rt van, mert mi gondoskodunk arr\u00f3l, hogy k\u00f6zvetlen\u00fcl a sz\u00e1ml\u00e1dra ker\u00fclj\u00f6n befizet\u00e9sre helyetted. Minden 2500 eur\u00f3 alatti \u00f6sszeg automatikusan a sz\u00e1ml\u00e1dra ker\u00fcl, \u00edgy b\u00e1rmikor k\u00e9szen \u00e1ll, amikor csak szeretn\u00e9d.<br \/>\nEz hat\u00e1rozottan k\u00e9nyelmes lesz sz\u00e1modra, \u00e9s seg\u00edteni fog abban, hogy elkezdhesd haszn\u00e1lni a p\u00e9nzt. Ugyanis b\u00e1rmikor felhaszn\u00e1lhatod tov\u00e1bbi jegyek v\u00e1s\u00e1rl\u00e1s\u00e1ra, amikor csak akarod. Ha t\u00f6bb mint 10 eur\u00f3r\u00f3l van sz\u00f3, akkor a p\u00e9nzt ak\u00e1r b\u00e1rmelyik sz\u00e1ml\u00e1ra is felveheti, amelyet m\u00e1r kor\u00e1bban is haszn\u00e1lt az oldalunkon.<\/p>\n","protected":false},"excerpt":{"rendered":"<p>A nemzetk\u00f6zi lott\u00f3j\u00e1t\u00e9kok nagyon sz\u00f3rakoztat\u00f3ak lehetnek, de tudnod kell, hogyan ellen\u0151rizd a nyer\u0151sz\u00e1mokat. A BonoLoto nyer\u0151sz\u00e1mainak megn\u00e9z\u00e9s\u00e9nek egyik m\u00f3dja, ha az \u00fajs\u00e1gban n\u00e9zel\u0151dsz. De \u00e1ltal\u00e1ban csak a helyi lapok tartalmazz\u00e1k a keresett eredm\u00e9nyeket. Egy m\u00e1sik lehet\u0151s\u00e9g, hogy megn\u00e9zed a tv-\u00e1llom\u00e1sokat, de ott sem biztos, hogy megtal\u00e1lod a keresett inform\u00e1ci\u00f3kat. Pontosan a megfelel\u0151 ter\u00fcleten kell \u00e9lnie, [&hellip;]<\/p>\n","protected":false},"author":1,"featured_media":0,"parent":5838,"menu_order":8,"comment_status":"closed","ping_status":"closed","template":"template-rightsidebar.php","meta":{"_et_pb_use_builder":"","_et_pb_old_content":"","_et_gb_content_width":"","exclude_from_search":false,"footnotes":""},"class_list":["post-80734","page","type-page","status-publish","hentry"],"yoast_head":"<!-- This site is optimized with the Yoast SEO plugin v23.4 - https:\/\/yoast.com\/wordpress\/plugins\/seo\/ -->\n<title>A spanyol BonoLoto eredm\u00e9nyei \u00e9s d\u00edjai<\/title>\n<meta name=\"description\" content=\"Itt megtudhatja, hogy a Bonoloto szelv\u00e9nyei nyertek-e\" \/>\n<meta name=\"robots\" content=\"index, follow, max-snippet:-1, max-image-preview:large, max-video-preview:-1\" \/>\n<link rel=\"canonical\" href=\"https:\/\/onlinelotto365.com\/hu\/nyero-lottoszamok\/bonoloto\/\" \/>\n<meta property=\"og:locale\" content=\"hu_HU\" \/>\n<meta property=\"og:type\" content=\"article\" \/>\n<meta property=\"og:title\" content=\"A spanyol BonoLoto eredm\u00e9nyei \u00e9s d\u00edjai\" \/>\n<meta property=\"og:description\" content=\"Itt megtudhatja, hogy a Bonoloto szelv\u00e9nyei nyertek-e\" \/>\n<meta property=\"og:url\" content=\"https:\/\/onlinelotto365.com\/hu\/nyero-lottoszamok\/bonoloto\/\" \/>\n<meta property=\"og:site_name\" content=\"OnlineLotto365\" \/>\n<meta property=\"og:image\" content=\"https:\/\/redfoxlotto.com\/image?size=8&amp;lottery=bonoloto\" \/>\n<meta name=\"twitter:card\" content=\"summary_large_image\" \/>\n<meta name=\"twitter:label1\" content=\"Becs\u00fclt olvas\u00e1si id\u0151\" \/>\n\t<meta name=\"twitter:data1\" content=\"2 perc\" \/>\n<script type=\"application\/ld+json\" class=\"yoast-schema-graph\">{\"@context\":\"https:\/\/schema.org\",\"@graph\":[{\"@type\":\"WebPage\",\"@id\":\"https:\/\/onlinelotto365.com\/hu\/nyero-lottoszamok\/bonoloto\/\",\"url\":\"https:\/\/onlinelotto365.com\/hu\/nyero-lottoszamok\/bonoloto\/\",\"name\":\"A spanyol BonoLoto eredm\u00e9nyei \u00e9s d\u00edjai\",\"isPartOf\":{\"@id\":\"https:\/\/onlinelotto365.com\/hu\/#website\"},\"primaryImageOfPage\":{\"@id\":\"https:\/\/onlinelotto365.com\/hu\/nyero-lottoszamok\/bonoloto\/#primaryimage\"},\"image\":{\"@id\":\"https:\/\/onlinelotto365.com\/hu\/nyero-lottoszamok\/bonoloto\/#primaryimage\"},\"thumbnailUrl\":\"https:\/\/redfoxlotto.com\/image?size=8&amp;lottery=bonoloto\",\"datePublished\":\"2022-11-22T12:25:28+00:00\",\"dateModified\":\"2022-11-22T12:25:28+00:00\",\"description\":\"Itt megtudhatja, hogy a Bonoloto szelv\u00e9nyei nyertek-e\",\"breadcrumb\":{\"@id\":\"https:\/\/onlinelotto365.com\/hu\/nyero-lottoszamok\/bonoloto\/#breadcrumb\"},\"inLanguage\":\"hu\",\"potentialAction\":[{\"@type\":\"ReadAction\",\"target\":[\"https:\/\/onlinelotto365.com\/hu\/nyero-lottoszamok\/bonoloto\/\"]}]},{\"@type\":\"ImageObject\",\"inLanguage\":\"hu\",\"@id\":\"https:\/\/onlinelotto365.com\/hu\/nyero-lottoszamok\/bonoloto\/#primaryimage\",\"url\":\"https:\/\/redfoxlotto.com\/image?size=8&amp;lottery=bonoloto\",\"contentUrl\":\"https:\/\/redfoxlotto.com\/image?size=8&amp;lottery=bonoloto\"},{\"@type\":\"BreadcrumbList\",\"@id\":\"https:\/\/onlinelotto365.com\/hu\/nyero-lottoszamok\/bonoloto\/#breadcrumb\",\"itemListElement\":[{\"@type\":\"ListItem\",\"position\":1,\"name\":\"Home\",\"item\":\"https:\/\/onlinelotto365.com\/hu\/\"},{\"@type\":\"ListItem\",\"position\":2,\"name\":\"Nemzetk\u00f6zi lott\u00f3eredm\u00e9nyeket keresel?\",\"item\":\"https:\/\/onlinelotto365.com\/hu\/winning-numbers\/\"},{\"@type\":\"ListItem\",\"position\":3,\"name\":\"Spanyol Bonoloto eredm\u00e9nyek\"}]},{\"@type\":\"WebSite\",\"@id\":\"https:\/\/onlinelotto365.com\/hu\/#website\",\"url\":\"https:\/\/onlinelotto365.com\/hu\/\",\"name\":\"OnlineLotto365\",\"description\":\"\",\"potentialAction\":[{\"@type\":\"SearchAction\",\"target\":{\"@type\":\"EntryPoint\",\"urlTemplate\":\"https:\/\/onlinelotto365.com\/hu\/?s={search_term_string}\"},\"query-input\":{\"@type\":\"PropertyValueSpecification\",\"valueRequired\":true,\"valueName\":\"search_term_string\"}}],\"inLanguage\":\"hu\"}]}<\/script>\n<!-- \/ Yoast SEO plugin. -->","yoast_head_json":{"title":"A spanyol BonoLoto eredm\u00e9nyei \u00e9s d\u00edjai","description":"Itt megtudhatja, hogy a Bonoloto szelv\u00e9nyei nyertek-e","robots":{"index":"index","follow":"follow","max-snippet":"max-snippet:-1","max-image-preview":"max-image-preview:large","max-video-preview":"max-video-preview:-1"},"canonical":"https:\/\/onlinelotto365.com\/hu\/nyero-lottoszamok\/bonoloto\/","og_locale":"hu_HU","og_type":"article","og_title":"A spanyol BonoLoto eredm\u00e9nyei \u00e9s d\u00edjai","og_description":"Itt megtudhatja, hogy a Bonoloto szelv\u00e9nyei nyertek-e","og_url":"https:\/\/onlinelotto365.com\/hu\/nyero-lottoszamok\/bonoloto\/","og_site_name":"OnlineLotto365","og_image":[{"url":"https:\/\/redfoxlotto.com\/image?size=8&amp;lottery=bonoloto"}],"twitter_card":"summary_large_image","twitter_misc":{"Becs\u00fclt olvas\u00e1si id\u0151":"2 perc"},"schema":{"@context":"https:\/\/schema.org","@graph":[{"@type":"WebPage","@id":"https:\/\/onlinelotto365.com\/hu\/nyero-lottoszamok\/bonoloto\/","url":"https:\/\/onlinelotto365.com\/hu\/nyero-lottoszamok\/bonoloto\/","name":"A spanyol BonoLoto eredm\u00e9nyei \u00e9s d\u00edjai","isPartOf":{"@id":"https:\/\/onlinelotto365.com\/hu\/#website"},"primaryImageOfPage":{"@id":"https:\/\/onlinelotto365.com\/hu\/nyero-lottoszamok\/bonoloto\/#primaryimage"},"image":{"@id":"https:\/\/onlinelotto365.com\/hu\/nyero-lottoszamok\/bonoloto\/#primaryimage"},"thumbnailUrl":"https:\/\/redfoxlotto.com\/image?size=8&amp;lottery=bonoloto","datePublished":"2022-11-22T12:25:28+00:00","dateModified":"2022-11-22T12:25:28+00:00","description":"Itt megtudhatja, hogy a Bonoloto szelv\u00e9nyei nyertek-e","breadcrumb":{"@id":"https:\/\/onlinelotto365.com\/hu\/nyero-lottoszamok\/bonoloto\/#breadcrumb"},"inLanguage":"hu","potentialAction":[{"@type":"ReadAction","target":["https:\/\/onlinelotto365.com\/hu\/nyero-lottoszamok\/bonoloto\/"]}]},{"@type":"ImageObject","inLanguage":"hu","@id":"https:\/\/onlinelotto365.com\/hu\/nyero-lottoszamok\/bonoloto\/#primaryimage","url":"https:\/\/redfoxlotto.com\/image?size=8&amp;lottery=bonoloto","contentUrl":"https:\/\/redfoxlotto.com\/image?size=8&amp;lottery=bonoloto"},{"@type":"BreadcrumbList","@id":"https:\/\/onlinelotto365.com\/hu\/nyero-lottoszamok\/bonoloto\/#breadcrumb","itemListElement":[{"@type":"ListItem","position":1,"name":"Home","item":"https:\/\/onlinelotto365.com\/hu\/"},{"@type":"ListItem","position":2,"name":"Nemzetk\u00f6zi lott\u00f3eredm\u00e9nyeket keresel?","item":"https:\/\/onlinelotto365.com\/hu\/winning-numbers\/"},{"@type":"ListItem","position":3,"name":"Spanyol Bonoloto eredm\u00e9nyek"}]},{"@type":"WebSite","@id":"https:\/\/onlinelotto365.com\/hu\/#website","url":"https:\/\/onlinelotto365.com\/hu\/","name":"OnlineLotto365","description":"","potentialAction":[{"@type":"SearchAction","target":{"@type":"EntryPoint","urlTemplate":"https:\/\/onlinelotto365.com\/hu\/?s={search_term_string}"},"query-input":{"@type":"PropertyValueSpecification","valueRequired":true,"valueName":"search_term_string"}}],"inLanguage":"hu"}]}},"_links":{"self":[{"href":"https:\/\/onlinelotto365.com\/hu\/wp-json\/wp\/v2\/pages\/80734","targetHints":{"allow":["GET"]}}],"collection":[{"href":"https:\/\/onlinelotto365.com\/hu\/wp-json\/wp\/v2\/pages"}],"about":[{"href":"https:\/\/onlinelotto365.com\/hu\/wp-json\/wp\/v2\/types\/page"}],"author":[{"embeddable":true,"href":"https:\/\/onlinelotto365.com\/hu\/wp-json\/wp\/v2\/users\/1"}],"replies":[{"embeddable":true,"href":"https:\/\/onlinelotto365.com\/hu\/wp-json\/wp\/v2\/comments?post=80734"}],"version-history":[{"count":0,"href":"https:\/\/onlinelotto365.com\/hu\/wp-json\/wp\/v2\/pages\/80734\/revisions"}],"up":[{"embeddable":true,"href":"https:\/\/onlinelotto365.com\/hu\/wp-json\/wp\/v2\/pages\/5838"}],"wp:attachment":[{"href":"https:\/\/onlinelotto365.com\/hu\/wp-json\/wp\/v2\/media?parent=80734"}],"curies":[{"name":"wp","href":"https:\/\/api.w.org\/{rel}","templated":true}]}}