{"id":80766,"date":"2022-11-23T07:23:15","date_gmt":"2022-11-23T06:23:15","guid":{"rendered":"https:\/\/onlinelotto365.com\/?page_id=80766"},"modified":"2022-11-23T07:23:15","modified_gmt":"2022-11-23T06:23:15","slug":"uk-lotto","status":"publish","type":"page","link":"https:\/\/onlinelotto365.com\/hu\/nyero-lottoszamok\/uk-lotto\/","title":{"rendered":"Az Egyes\u00fclt Kir\u00e1lys\u00e1g lott\u00f3 eredm\u00e9nyei"},"content":{"rendered":"<p>Rengeteg k\u00fcl\u00f6nb\u00f6z\u0151 nemzetk\u00f6zi j\u00e1t\u00e9k l\u00e9tezik, \u00e9s mi rengeteget k\u00edn\u00e1lunk bel\u0151l\u00fck. Ez azt jelentheti, hogy a sorsol\u00e1s ut\u00e1n nehezen tal\u00e1lja meg az eredm\u00e9nyeket. Egyesek az \u00fajs\u00e1gban akarnak ut\u00e1nan\u00e9zni, de a helyi \u00fajs\u00e1gban nem biztos, hogy az Egyes\u00fclt Kir\u00e1lys\u00e1g lott\u00f3 eredm\u00e9nyei szerepelnek. M\u00e1sr\u00e9szt a t\u00e9v\u00e9csatorn\u00e1kon sem biztos, hogy megvannak ezek az eredm\u00e9nyek, vagy id\u0151be telhet, mire megtal\u00e1lj\u00e1k a megfelel\u0151 csatorn\u00e1t, ahol megvannak.<br \/>\n<a href=\"https:\/\/redfoxlotto.com\/play\/lotto-uk\/?ref=a8564250a2&amp;medium=ol365\" target=\"_blank\" rel=\"noopener noreferrer\"><img decoding=\"async\" class=\"aligncenter\" src=\"https:\/\/redfoxlotto.com\/image?size=8&amp;lottery=lotto-uk\" alt=\"uk lott\u00f3\" \/><\/a><br \/>\nEgy m\u00e1sik lehet\u0151s\u00e9g, hogy megn\u00e9zik az Egyes\u00fclt Kir\u00e1lys\u00e1g lott\u00f3 hivatalos weboldal\u00e1t, ahol lehet, hogy \u00e9l\u0151ben k\u00f6zvet\u00edtik a sorsol\u00e1si folyamatot. De nem minden lott\u00f3j\u00e1t\u00e9k k\u00edn\u00e1l ilyen t\u00edpus\u00fa \u00e9l\u0151 k\u00f6zvet\u00edt\u00e9si rendszert, \u00e9s m\u00e9g ha van is, akkor is a megfelel\u0151 id\u0151ben kell ott lenni. Teh\u00e1t, milyen m\u00f3don tudod megismerni az Egyes\u00fclt Kir\u00e1lys\u00e1g lott\u00f3 eredm\u00e9nyeit?<br \/>\nEgy m\u00e1sik lehet\u0151s\u00e9g, hogy megn\u00e9zi a YouTube-on a legut\u00f3bbi UK Lottery sorsol\u00e1st, ha az m\u00e1r v\u00e9get \u00e9rt. N\u00e9ha az emberek felt\u00f6ltik a felv\u00e9telt, vagy valamilyen m\u00f3don k\u00f6zz\u00e9teszik a nyertes sz\u00e1mokat.<\/p>\n<p>A legegyszer\u0171bb m\u00f3dszer azonban, hogy megtudja a nyer\u0151sz\u00e1mokat, ha megn\u00e9zi a weboldalunkat. A lott\u00f3eredm\u00e9nyek oldalunkon megn\u00e9zheti az Egyes\u00fclt Kir\u00e1lys\u00e1g lott\u00f3 eredm\u00e9nyeit \u00e9s nyerem\u00e9nyeit, valamint minden m\u00e1s lott\u00f3j\u00e1t\u00e9kot, amely el\u00e9rhet\u0151 n\u00e1lunk.<\/p>\n<h2>Hogyan tudhatja meg, hogy nyert-e az online szelv\u00e9nye<\/h2>\n<p>Ami m\u00e9g jobb az \u00d6n sz\u00e1m\u00e1ra, hogy ellen\u0151rizheti a fi\u00f3kja oldal\u00e1t, ha m\u00e1r v\u00e1s\u00e1rolt szelv\u00e9nyt. A fi\u00f3kod oldal\u00e1n megmutatjuk a nyertes sz\u00e1mokat b\u00e1rmelyik szelv\u00e9nyedhez, \u00e9s \u00f6sszehasonl\u00edtjuk \u0151ket a saj\u00e1t szelv\u00e9nyeddel. M\u00e9g az egyez\u0151 sz\u00e1mokat is kiemelj\u00fck.<br \/>\nHa pedig 2500 eur\u00f3n\u00e1l kevesebbet nyersz, akkor semmit sem kell tenned, mert a p\u00e9nzt m\u00e1ris k\u00f6zvetlen\u00fcl a j\u00e1t\u00e9kossz\u00e1ml\u00e1dra utaljuk, amint az eredm\u00e9nyeket ellen\u0151rizt\u00fck. \u00cdgy k\u00f6nnyebben v\u00e1s\u00e1rolhatsz \u00fajabb szelv\u00e9nyeket a k\u00f6vetkez\u0151 sorsol\u00e1sra.<\/p>\n<h2>UK Lottery eredm\u00e9nyek arch\u00edvuma<\/h2>\n<p>Weboldalunk minden olyan oldala, amely az aktu\u00e1lis nyer\u0151sz\u00e1mokat mutatja, a r\u00e9gi UK Lottery eredm\u00e9nyeket is megmutatja. \u00cdgy ellen\u0151rizheti a kor\u00e1bbi sorsol\u00e1sokat a r\u00e9gi szelv\u00e9nyek ut\u00e1n, vagy kital\u00e1lhatja, hogy a k\u00f6vetkez\u0151 alkalommal milyen sz\u00e1mokat szeretne megj\u00e1tszani. V\u00e9g\u00fcl is sokan szeretik megn\u00e9zni a r\u00e9gi sz\u00e1mokat, hogy kiv\u00e1laszthass\u00e1k a saj\u00e1tjaikat.<\/p>\n<h2>A szelv\u00e9nyem nyert, mi k\u00f6vetkezik ezut\u00e1n?<\/h2>\n<p><img loading=\"lazy\" decoding=\"async\" class=\"alignright wp-image-3550\" src=\"https:\/\/onlinelotto365.com\/wp-content\/uploads\/2020\/11\/online_lottery-108-300x232.jpg\" alt=\"uk lott\u00f3 eredm\u00e9nyek\" width=\"146\" height=\"113\" srcset=\"https:\/\/onlinelotto365.com\/wp-content\/uploads\/2020\/11\/online_lottery-108-300x232.jpg 300w, https:\/\/onlinelotto365.com\/wp-content\/uploads\/2020\/11\/online_lottery-108.jpg 320w\" sizes=\"auto, (max-width: 146px) 100vw, 146px\" \/><br \/>\nHa nyertes szelv\u00e9nyed van, \u00e9s 2500 eur\u00f3n\u00e1l kevesebbre vagy jogosult, egy\u00e1ltal\u00e1n nem kell tenned semmit. Mi mindent elint\u00e9z\u00fcnk helyetted, \u00e9s gondoskodunk arr\u00f3l, hogy a nyerem\u00e9nyed k\u00f6zvetlen\u00fcl a sz\u00e1ml\u00e1dra \u00e9rkezzen. Ha fel akarod haszn\u00e1lni ezt a p\u00e9nzt, akkor m\u00e9g t\u00f6bb szelv\u00e9ny v\u00e1s\u00e1rl\u00e1s\u00e1ra ford\u00edthatod. Ha nem akarod, akkor is kiveheted a p\u00e9nzt, ha legal\u00e1bb 10 eur\u00f3 \u00e1ll rendelkez\u00e9sedre. Ezt a p\u00e9nzt olyan fizet\u00e9si m\u00f3ddal kell felvenni, amelyet m\u00e1r haszn\u00e1lt\u00e1l az oldalunkon, \u00e9s el\u0151fordulhat, hogy a sz\u00f6vets\u00e9gi el\u0151\u00edr\u00e1sok betart\u00e1sa \u00e9rdek\u00e9ben igazolnod kell a szem\u00e9lyazonoss\u00e1godat.<\/p>\n","protected":false},"excerpt":{"rendered":"<p>Rengeteg k\u00fcl\u00f6nb\u00f6z\u0151 nemzetk\u00f6zi j\u00e1t\u00e9k l\u00e9tezik, \u00e9s mi rengeteget k\u00edn\u00e1lunk bel\u0151l\u00fck. Ez azt jelentheti, hogy a sorsol\u00e1s ut\u00e1n nehezen tal\u00e1lja meg az eredm\u00e9nyeket. Egyesek az \u00fajs\u00e1gban akarnak ut\u00e1nan\u00e9zni, de a helyi \u00fajs\u00e1gban nem biztos, hogy az Egyes\u00fclt Kir\u00e1lys\u00e1g lott\u00f3 eredm\u00e9nyei szerepelnek. M\u00e1sr\u00e9szt a t\u00e9v\u00e9csatorn\u00e1kon sem biztos, hogy megvannak ezek az eredm\u00e9nyek, vagy id\u0151be telhet, mire megtal\u00e1lj\u00e1k [&hellip;]<\/p>\n","protected":false},"author":1,"featured_media":0,"parent":5838,"menu_order":9,"comment_status":"closed","ping_status":"closed","template":"lotto-uk-results.php","meta":{"_et_pb_use_builder":"","_et_pb_old_content":"","_et_gb_content_width":"","exclude_from_search":false,"footnotes":""},"class_list":["post-80766","page","type-page","status-publish","hentry"],"yoast_head":"<!-- This site is optimized with the Yoast SEO plugin v23.4 - https:\/\/yoast.com\/wordpress\/plugins\/seo\/ -->\n<title>Eredm\u00e9nyek, nyer\u0151sz\u00e1mok UK Lottery<\/title>\n<meta name=\"description\" content=\"K\u00f6zvetlen\u00fcl a sorsol\u00e1s ut\u00e1n, n\u00e9zze meg itt az Egyes\u00fclt Kir\u00e1lys\u00e1g lott\u00f3 eredm\u00e9nyeit \u00e9s sz\u00e1mait\" \/>\n<meta name=\"robots\" content=\"index, follow, max-snippet:-1, max-image-preview:large, max-video-preview:-1\" \/>\n<link rel=\"canonical\" href=\"https:\/\/onlinelotto365.com\/hu\/nyero-lottoszamok\/uk-lotto\/\" \/>\n<meta property=\"og:locale\" content=\"hu_HU\" \/>\n<meta property=\"og:type\" content=\"article\" \/>\n<meta property=\"og:title\" content=\"Eredm\u00e9nyek, nyer\u0151sz\u00e1mok UK Lottery\" \/>\n<meta property=\"og:description\" content=\"K\u00f6zvetlen\u00fcl a sorsol\u00e1s ut\u00e1n, n\u00e9zze meg itt az Egyes\u00fclt Kir\u00e1lys\u00e1g lott\u00f3 eredm\u00e9nyeit \u00e9s sz\u00e1mait\" \/>\n<meta property=\"og:url\" content=\"https:\/\/onlinelotto365.com\/hu\/nyero-lottoszamok\/uk-lotto\/\" \/>\n<meta property=\"og:site_name\" content=\"OnlineLotto365\" \/>\n<meta property=\"og:image\" content=\"https:\/\/redfoxlotto.com\/image?size=8&amp;lottery=lotto-uk\" \/>\n<meta name=\"twitter:card\" content=\"summary_large_image\" \/>\n<meta name=\"twitter:label1\" content=\"Becs\u00fclt olvas\u00e1si id\u0151\" \/>\n\t<meta name=\"twitter:data1\" content=\"2 perc\" \/>\n<script type=\"application\/ld+json\" class=\"yoast-schema-graph\">{\"@context\":\"https:\/\/schema.org\",\"@graph\":[{\"@type\":\"WebPage\",\"@id\":\"https:\/\/onlinelotto365.com\/hu\/nyero-lottoszamok\/uk-lotto\/\",\"url\":\"https:\/\/onlinelotto365.com\/hu\/nyero-lottoszamok\/uk-lotto\/\",\"name\":\"Eredm\u00e9nyek, nyer\u0151sz\u00e1mok UK Lottery\",\"isPartOf\":{\"@id\":\"https:\/\/onlinelotto365.com\/hu\/#website\"},\"primaryImageOfPage\":{\"@id\":\"https:\/\/onlinelotto365.com\/hu\/nyero-lottoszamok\/uk-lotto\/#primaryimage\"},\"image\":{\"@id\":\"https:\/\/onlinelotto365.com\/hu\/nyero-lottoszamok\/uk-lotto\/#primaryimage\"},\"thumbnailUrl\":\"https:\/\/redfoxlotto.com\/image?size=8&amp;lottery=lotto-uk\",\"datePublished\":\"2022-11-23T06:23:15+00:00\",\"dateModified\":\"2022-11-23T06:23:15+00:00\",\"description\":\"K\u00f6zvetlen\u00fcl a sorsol\u00e1s ut\u00e1n, n\u00e9zze meg itt az Egyes\u00fclt Kir\u00e1lys\u00e1g lott\u00f3 eredm\u00e9nyeit \u00e9s sz\u00e1mait\",\"breadcrumb\":{\"@id\":\"https:\/\/onlinelotto365.com\/hu\/nyero-lottoszamok\/uk-lotto\/#breadcrumb\"},\"inLanguage\":\"hu\",\"potentialAction\":[{\"@type\":\"ReadAction\",\"target\":[\"https:\/\/onlinelotto365.com\/hu\/nyero-lottoszamok\/uk-lotto\/\"]}]},{\"@type\":\"ImageObject\",\"inLanguage\":\"hu\",\"@id\":\"https:\/\/onlinelotto365.com\/hu\/nyero-lottoszamok\/uk-lotto\/#primaryimage\",\"url\":\"https:\/\/redfoxlotto.com\/image?size=8&amp;lottery=lotto-uk\",\"contentUrl\":\"https:\/\/redfoxlotto.com\/image?size=8&amp;lottery=lotto-uk\"},{\"@type\":\"BreadcrumbList\",\"@id\":\"https:\/\/onlinelotto365.com\/hu\/nyero-lottoszamok\/uk-lotto\/#breadcrumb\",\"itemListElement\":[{\"@type\":\"ListItem\",\"position\":1,\"name\":\"Home\",\"item\":\"https:\/\/onlinelotto365.com\/hu\/\"},{\"@type\":\"ListItem\",\"position\":2,\"name\":\"Nemzetk\u00f6zi lott\u00f3eredm\u00e9nyeket keresel?\",\"item\":\"https:\/\/onlinelotto365.com\/hu\/winning-numbers\/\"},{\"@type\":\"ListItem\",\"position\":3,\"name\":\"Az Egyes\u00fclt Kir\u00e1lys\u00e1g lott\u00f3 eredm\u00e9nyei\"}]},{\"@type\":\"WebSite\",\"@id\":\"https:\/\/onlinelotto365.com\/hu\/#website\",\"url\":\"https:\/\/onlinelotto365.com\/hu\/\",\"name\":\"OnlineLotto365\",\"description\":\"\",\"potentialAction\":[{\"@type\":\"SearchAction\",\"target\":{\"@type\":\"EntryPoint\",\"urlTemplate\":\"https:\/\/onlinelotto365.com\/hu\/?s={search_term_string}\"},\"query-input\":{\"@type\":\"PropertyValueSpecification\",\"valueRequired\":true,\"valueName\":\"search_term_string\"}}],\"inLanguage\":\"hu\"}]}<\/script>\n<!-- \/ Yoast SEO plugin. -->","yoast_head_json":{"title":"Eredm\u00e9nyek, nyer\u0151sz\u00e1mok UK Lottery","description":"K\u00f6zvetlen\u00fcl a sorsol\u00e1s ut\u00e1n, n\u00e9zze meg itt az Egyes\u00fclt Kir\u00e1lys\u00e1g lott\u00f3 eredm\u00e9nyeit \u00e9s sz\u00e1mait","robots":{"index":"index","follow":"follow","max-snippet":"max-snippet:-1","max-image-preview":"max-image-preview:large","max-video-preview":"max-video-preview:-1"},"canonical":"https:\/\/onlinelotto365.com\/hu\/nyero-lottoszamok\/uk-lotto\/","og_locale":"hu_HU","og_type":"article","og_title":"Eredm\u00e9nyek, nyer\u0151sz\u00e1mok UK Lottery","og_description":"K\u00f6zvetlen\u00fcl a sorsol\u00e1s ut\u00e1n, n\u00e9zze meg itt az Egyes\u00fclt Kir\u00e1lys\u00e1g lott\u00f3 eredm\u00e9nyeit \u00e9s sz\u00e1mait","og_url":"https:\/\/onlinelotto365.com\/hu\/nyero-lottoszamok\/uk-lotto\/","og_site_name":"OnlineLotto365","og_image":[{"url":"https:\/\/redfoxlotto.com\/image?size=8&amp;lottery=lotto-uk"}],"twitter_card":"summary_large_image","twitter_misc":{"Becs\u00fclt olvas\u00e1si id\u0151":"2 perc"},"schema":{"@context":"https:\/\/schema.org","@graph":[{"@type":"WebPage","@id":"https:\/\/onlinelotto365.com\/hu\/nyero-lottoszamok\/uk-lotto\/","url":"https:\/\/onlinelotto365.com\/hu\/nyero-lottoszamok\/uk-lotto\/","name":"Eredm\u00e9nyek, nyer\u0151sz\u00e1mok UK Lottery","isPartOf":{"@id":"https:\/\/onlinelotto365.com\/hu\/#website"},"primaryImageOfPage":{"@id":"https:\/\/onlinelotto365.com\/hu\/nyero-lottoszamok\/uk-lotto\/#primaryimage"},"image":{"@id":"https:\/\/onlinelotto365.com\/hu\/nyero-lottoszamok\/uk-lotto\/#primaryimage"},"thumbnailUrl":"https:\/\/redfoxlotto.com\/image?size=8&amp;lottery=lotto-uk","datePublished":"2022-11-23T06:23:15+00:00","dateModified":"2022-11-23T06:23:15+00:00","description":"K\u00f6zvetlen\u00fcl a sorsol\u00e1s ut\u00e1n, n\u00e9zze meg itt az Egyes\u00fclt Kir\u00e1lys\u00e1g lott\u00f3 eredm\u00e9nyeit \u00e9s sz\u00e1mait","breadcrumb":{"@id":"https:\/\/onlinelotto365.com\/hu\/nyero-lottoszamok\/uk-lotto\/#breadcrumb"},"inLanguage":"hu","potentialAction":[{"@type":"ReadAction","target":["https:\/\/onlinelotto365.com\/hu\/nyero-lottoszamok\/uk-lotto\/"]}]},{"@type":"ImageObject","inLanguage":"hu","@id":"https:\/\/onlinelotto365.com\/hu\/nyero-lottoszamok\/uk-lotto\/#primaryimage","url":"https:\/\/redfoxlotto.com\/image?size=8&amp;lottery=lotto-uk","contentUrl":"https:\/\/redfoxlotto.com\/image?size=8&amp;lottery=lotto-uk"},{"@type":"BreadcrumbList","@id":"https:\/\/onlinelotto365.com\/hu\/nyero-lottoszamok\/uk-lotto\/#breadcrumb","itemListElement":[{"@type":"ListItem","position":1,"name":"Home","item":"https:\/\/onlinelotto365.com\/hu\/"},{"@type":"ListItem","position":2,"name":"Nemzetk\u00f6zi lott\u00f3eredm\u00e9nyeket keresel?","item":"https:\/\/onlinelotto365.com\/hu\/winning-numbers\/"},{"@type":"ListItem","position":3,"name":"Az Egyes\u00fclt Kir\u00e1lys\u00e1g lott\u00f3 eredm\u00e9nyei"}]},{"@type":"WebSite","@id":"https:\/\/onlinelotto365.com\/hu\/#website","url":"https:\/\/onlinelotto365.com\/hu\/","name":"OnlineLotto365","description":"","potentialAction":[{"@type":"SearchAction","target":{"@type":"EntryPoint","urlTemplate":"https:\/\/onlinelotto365.com\/hu\/?s={search_term_string}"},"query-input":{"@type":"PropertyValueSpecification","valueRequired":true,"valueName":"search_term_string"}}],"inLanguage":"hu"}]}},"_links":{"self":[{"href":"https:\/\/onlinelotto365.com\/hu\/wp-json\/wp\/v2\/pages\/80766","targetHints":{"allow":["GET"]}}],"collection":[{"href":"https:\/\/onlinelotto365.com\/hu\/wp-json\/wp\/v2\/pages"}],"about":[{"href":"https:\/\/onlinelotto365.com\/hu\/wp-json\/wp\/v2\/types\/page"}],"author":[{"embeddable":true,"href":"https:\/\/onlinelotto365.com\/hu\/wp-json\/wp\/v2\/users\/1"}],"replies":[{"embeddable":true,"href":"https:\/\/onlinelotto365.com\/hu\/wp-json\/wp\/v2\/comments?post=80766"}],"version-history":[{"count":0,"href":"https:\/\/onlinelotto365.com\/hu\/wp-json\/wp\/v2\/pages\/80766\/revisions"}],"up":[{"embeddable":true,"href":"https:\/\/onlinelotto365.com\/hu\/wp-json\/wp\/v2\/pages\/5838"}],"wp:attachment":[{"href":"https:\/\/onlinelotto365.com\/hu\/wp-json\/wp\/v2\/media?parent=80766"}],"curies":[{"name":"wp","href":"https:\/\/api.w.org\/{rel}","templated":true}]}}