{"id":80801,"date":"2022-11-23T08:06:57","date_gmt":"2022-11-23T07:06:57","guid":{"rendered":"https:\/\/onlinelotto365.com\/?page_id=80801"},"modified":"2022-11-23T08:06:57","modified_gmt":"2022-11-23T07:06:57","slug":"set-for-life","status":"publish","type":"page","link":"https:\/\/onlinelotto365.com\/hu\/nyero-lottoszamok\/set-for-life\/","title":{"rendered":"A Set for life sorsol\u00e1s eredm\u00e9nyei"},"content":{"rendered":"<p>A nemzetk\u00f6zi lott\u00f3j\u00e1t\u00e9kok nagyon sz\u00f3rakoztat\u00f3ak lehetnek, de egy kis er\u0151fesz\u00edt\u00e9st ig\u00e9nyelnek a nyer\u0151sz\u00e1mok megtal\u00e1l\u00e1sa \u00e9rdek\u00e9ben. El\u0151fordulhat, hogy a Set for Life sz\u00e1mok nem tal\u00e1lhat\u00f3k meg a helyi \u00fajs\u00e1gban. Ez az\u00e9rt van, mert lehet, hogy nem a megfelel\u0151 ter\u00fcleten tart\u00f3zkodik.<br \/>\n<a href=\"https:\/\/redfoxlotto.com\/play\/set-for-life-uk\/?ref=a8564250a2&amp;medium=ol365\" target=\"_blank\" rel=\"noopener noreferrer\"><img decoding=\"async\" class=\"aligncenter\" src=\"https:\/\/redfoxlotto.com\/image?size=8&amp;lottery=set-for-life-uk\" alt=\"set for life\" \/><\/a><\/p>\n<p>Ugyanez igaz az eredm\u00e9nyek telev\u00edzi\u00f3s megtekint\u00e9s\u00e9re is. Ha nem a megfelel\u0151 ter\u00fcleten tart\u00f3zkodik, akkor sokat kell keresg\u00e9lnie, hogy megtal\u00e1lja azt a csatorn\u00e1t, amelyik mutatja az eredm\u00e9nyeket.<br \/>\nA Set for Life hivatalos weboldal\u00e1n is megn\u00e9zheted, hogy van-e \u00e9l\u0151 k\u00f6zvet\u00edt\u00e9s a nyertes sz\u00e1mokr\u00f3l. Ha van, akkor \u00e9rdemes megn\u00e9zned, mert a sorsol\u00e1s \u00e9l\u0151ben t\u00f6rt\u00e9n\u0151 megtekint\u00e9se az egyik legizgalmasabb lehet\u0151s\u00e9g. M\u00e1sr\u00e9szt nem minden lott\u00f3j\u00e1t\u00e9k k\u00edn\u00e1lja ezt a lehet\u0151s\u00e9get, \u00e9s nem biztos, hogy tal\u00e1lsz ilyet.<\/p>\n<p>Egy m\u00e1sik hely, ahol keresg\u00e9lhetsz, a YouTube. Ott n\u00e9ha tal\u00e1lhat sorsol\u00e1si vide\u00f3kat, miut\u00e1n a sorsol\u00e1s m\u00e1r megt\u00f6rt\u00e9nt, \u00e9s tal\u00e1n megtal\u00e1lhatja a nyertes sz\u00e1mokat.<\/p>\n<p>A Set for Life nyer\u0151sz\u00e1mait a legk\u00e9nyelmesebben a weboldalunkon tal\u00e1lhatod meg. Az \u00f6sszes nyerem\u00e9nysz\u00e1m el\u00e9rhet\u0151 az \u00f6sszes n\u00e1lunk el\u00e9rhet\u0151 j\u00e1t\u00e9khoz. \u00cdgy megtal\u00e1lhatod a Set for Life-ot \u00e9s m\u00e9g sok m\u00e1st is.<\/p>\n<h2>Hogyan tudhatja meg, hogy az online szelv\u00e9nye nyert-e<\/h2>\n<p>M\u00e9g jobb lesz, ha m\u00e1r v\u00e1s\u00e1rolt\u00e1l n\u00e1lunk jegyet a Set for Life-ra. Mi ugyanis m\u00e9g egyszer\u0171bb\u00e9 tessz\u00fck a m\u00e1r megv\u00e1s\u00e1rolt jegyek ellen\u0151rz\u00e9s\u00e9t. Megn\u00e9zheti az oldalt, ahol az \u00f6sszes szelv\u00e9ny\u00e9t t\u00e1rolja, \u00e9s nem csak a szelv\u00e9nysz\u00e1mait, hanem a nyertes szelv\u00e9ny sz\u00e1mait is megtal\u00e1lja. M\u00e9g arr\u00f3l is gondoskodunk, hogy sz\u00ednk\u00f3dol\u00e1ssal jelezz\u00fck, melyik sz\u00e1mok egyeznek. \u00cdgy m\u00e9g csak meg sem kell n\u00e9zned magadnak a lehet\u0151s\u00e9geket. Ezut\u00e1n, ha a nyertes \u00f6sszeg kevesebb, mint 2500 \u20ac, akkor sem kell agg\u00f3dnod, mert a p\u00e9nzt azonnal a sz\u00e1ml\u00e1dra utaljuk.<\/p>\n<h2>\u00c9letre sz\u00f3l\u00f3 eredm\u00e9nyarch\u00edvum<\/h2>\n<p>Aki szeretn\u00e9 megn\u00e9zni a Set for Life r\u00e9gi sz\u00e1mait, k\u00f6nnyen megteheti. Az arch\u00edv sz\u00e1mok b\u00e1rhol el\u00e9rhet\u0151k, ahol a legfrissebb eredm\u00e9nyek vannak. \u00cdgy l\u00e1thatja, hogy mely sz\u00e1mokat h\u00fazt\u00e1k ki a legt\u00f6bbsz\u00f6r, \u00e9s melyek azok, amelyekn\u00e9l esetleg esed\u00e9kes egy \u00fajabb sorsol\u00e1s.<\/p>\n<h2>A szelv\u00e9nyem nyert, mi k\u00f6vetkezik ezut\u00e1n?<\/h2>\n<p><img loading=\"lazy\" decoding=\"async\" class=\"alignright wp-image-3543\" src=\"https:\/\/onlinelotto365.com\/wp-content\/uploads\/2020\/11\/online_lottery-3-300x300.jpg\" alt=\"set for life nyer\u0151sz\u00e1mok\" width=\"187\" height=\"187\" srcset=\"https:\/\/onlinelotto365.com\/wp-content\/uploads\/2020\/11\/online_lottery-3-300x300.jpg 300w, https:\/\/onlinelotto365.com\/wp-content\/uploads\/2020\/11\/online_lottery-3-100x100.jpg 100w, https:\/\/onlinelotto365.com\/wp-content\/uploads\/2020\/11\/online_lottery-3-150x150.jpg 150w, https:\/\/onlinelotto365.com\/wp-content\/uploads\/2020\/11\/online_lottery-3.jpg 320w\" sizes=\"auto, (max-width: 187px) 100vw, 187px\" \/><br \/>\nHa nyert a Set for Life lott\u00f3szelv\u00e9ny\u00e9vel, nem kell m\u00e1st tennie, mint v\u00e1rni, hogy mi t\u00f6rt\u00e9nik. Mi ugyanis a legt\u00f6bb dolgot elint\u00e9zz\u00fck \u00d6n helyett. B\u00e1rmilyen 2500 eur\u00f3n\u00e1l kisebb \u00f6sszegre v\u00e1rhat, mert azt azonnal a sz\u00e1ml\u00e1j\u00e1ra utaljuk, amint a nyer\u0151sz\u00e1mok ellen\u0151rz\u00e9se megt\u00f6rt\u00e9nt.<\/p>\n<p>Ezut\u00e1n, ha legal\u00e1bb 10 \u20ac van a sz\u00e1ml\u00e1don, lehet\u0151s\u00e9ged lesz arra, hogy a p\u00e9nzedet a banksz\u00e1ml\u00e1dra utald. Csak arra kell \u00fcgyelned, hogy olyan sz\u00e1ml\u00e1t haszn\u00e1lj, amelyet m\u00e1r kor\u00e1bban is haszn\u00e1lt\u00e1l a rendszer\u00fcnkben. \u00c9s igazolnod kell a szem\u00e9lyazonoss\u00e1godat \u00e9s az adataidat a fizet\u00e9si processzorunk sz\u00e1m\u00e1ra. Ez egy egyszer\u0171 folyamat, amely n\u00e9h\u00e1ny \u0171rlap seg\u00edts\u00e9g\u00e9vel elv\u00e9gezhet\u0151, \u00e9s mire \u00e9szbe kap, a p\u00e9nze m\u00e1ris rendelkez\u00e9sre \u00e1ll.<\/p>\n","protected":false},"excerpt":{"rendered":"<p>A nemzetk\u00f6zi lott\u00f3j\u00e1t\u00e9kok nagyon sz\u00f3rakoztat\u00f3ak lehetnek, de egy kis er\u0151fesz\u00edt\u00e9st ig\u00e9nyelnek a nyer\u0151sz\u00e1mok megtal\u00e1l\u00e1sa \u00e9rdek\u00e9ben. El\u0151fordulhat, hogy a Set for Life sz\u00e1mok nem tal\u00e1lhat\u00f3k meg a helyi \u00fajs\u00e1gban. Ez az\u00e9rt van, mert lehet, hogy nem a megfelel\u0151 ter\u00fcleten tart\u00f3zkodik. Ugyanez igaz az eredm\u00e9nyek telev\u00edzi\u00f3s megtekint\u00e9s\u00e9re is. Ha nem a megfelel\u0151 ter\u00fcleten tart\u00f3zkodik, akkor sokat kell [&hellip;]<\/p>\n","protected":false},"author":1,"featured_media":0,"parent":5838,"menu_order":10,"comment_status":"closed","ping_status":"closed","template":"set-for-life-results.php","meta":{"_et_pb_use_builder":"","_et_pb_old_content":"","_et_gb_content_width":"","exclude_from_search":false,"footnotes":""},"class_list":["post-80801","page","type-page","status-publish","hentry"],"yoast_head":"<!-- This site is optimized with the Yoast SEO plugin v23.4 - https:\/\/yoast.com\/wordpress\/plugins\/seo\/ -->\n<title>A Set for life legut\u00f3bbi nyer\u0151sz\u00e1mai \u00e9s kifizet\u00e9sei<\/title>\n<meta name=\"description\" content=\"\u00d6n j\u00e1tszott a Set for life lott\u00f3n? Megvannak a legfrissebb \u00e9s kor\u00e1bbi nyer\u0151sz\u00e1mok\" \/>\n<meta name=\"robots\" content=\"index, follow, max-snippet:-1, max-image-preview:large, max-video-preview:-1\" \/>\n<link rel=\"canonical\" href=\"https:\/\/onlinelotto365.com\/hu\/nyero-lottoszamok\/set-for-life\/\" \/>\n<meta property=\"og:locale\" content=\"hu_HU\" \/>\n<meta property=\"og:type\" content=\"article\" \/>\n<meta property=\"og:title\" content=\"A Set for life legut\u00f3bbi nyer\u0151sz\u00e1mai \u00e9s kifizet\u00e9sei\" \/>\n<meta property=\"og:description\" content=\"\u00d6n j\u00e1tszott a Set for life lott\u00f3n? Megvannak a legfrissebb \u00e9s kor\u00e1bbi nyer\u0151sz\u00e1mok\" \/>\n<meta property=\"og:url\" content=\"https:\/\/onlinelotto365.com\/hu\/nyero-lottoszamok\/set-for-life\/\" \/>\n<meta property=\"og:site_name\" content=\"OnlineLotto365\" \/>\n<meta property=\"og:image\" content=\"https:\/\/redfoxlotto.com\/image?size=8&amp;lottery=set-for-life-uk\" \/>\n<meta name=\"twitter:card\" content=\"summary_large_image\" \/>\n<meta name=\"twitter:label1\" content=\"Becs\u00fclt olvas\u00e1si id\u0151\" \/>\n\t<meta name=\"twitter:data1\" content=\"3 perc\" \/>\n<script type=\"application\/ld+json\" class=\"yoast-schema-graph\">{\"@context\":\"https:\/\/schema.org\",\"@graph\":[{\"@type\":\"WebPage\",\"@id\":\"https:\/\/onlinelotto365.com\/hu\/nyero-lottoszamok\/set-for-life\/\",\"url\":\"https:\/\/onlinelotto365.com\/hu\/nyero-lottoszamok\/set-for-life\/\",\"name\":\"A Set for life legut\u00f3bbi nyer\u0151sz\u00e1mai \u00e9s kifizet\u00e9sei\",\"isPartOf\":{\"@id\":\"https:\/\/onlinelotto365.com\/hu\/#website\"},\"primaryImageOfPage\":{\"@id\":\"https:\/\/onlinelotto365.com\/hu\/nyero-lottoszamok\/set-for-life\/#primaryimage\"},\"image\":{\"@id\":\"https:\/\/onlinelotto365.com\/hu\/nyero-lottoszamok\/set-for-life\/#primaryimage\"},\"thumbnailUrl\":\"https:\/\/redfoxlotto.com\/image?size=8&amp;lottery=set-for-life-uk\",\"datePublished\":\"2022-11-23T07:06:57+00:00\",\"dateModified\":\"2022-11-23T07:06:57+00:00\",\"description\":\"\u00d6n j\u00e1tszott a Set for life lott\u00f3n? Megvannak a legfrissebb \u00e9s kor\u00e1bbi nyer\u0151sz\u00e1mok\",\"breadcrumb\":{\"@id\":\"https:\/\/onlinelotto365.com\/hu\/nyero-lottoszamok\/set-for-life\/#breadcrumb\"},\"inLanguage\":\"hu\",\"potentialAction\":[{\"@type\":\"ReadAction\",\"target\":[\"https:\/\/onlinelotto365.com\/hu\/nyero-lottoszamok\/set-for-life\/\"]}]},{\"@type\":\"ImageObject\",\"inLanguage\":\"hu\",\"@id\":\"https:\/\/onlinelotto365.com\/hu\/nyero-lottoszamok\/set-for-life\/#primaryimage\",\"url\":\"https:\/\/redfoxlotto.com\/image?size=8&amp;lottery=set-for-life-uk\",\"contentUrl\":\"https:\/\/redfoxlotto.com\/image?size=8&amp;lottery=set-for-life-uk\"},{\"@type\":\"BreadcrumbList\",\"@id\":\"https:\/\/onlinelotto365.com\/hu\/nyero-lottoszamok\/set-for-life\/#breadcrumb\",\"itemListElement\":[{\"@type\":\"ListItem\",\"position\":1,\"name\":\"Home\",\"item\":\"https:\/\/onlinelotto365.com\/hu\/\"},{\"@type\":\"ListItem\",\"position\":2,\"name\":\"Nemzetk\u00f6zi lott\u00f3eredm\u00e9nyeket keresel?\",\"item\":\"https:\/\/onlinelotto365.com\/hu\/winning-numbers\/\"},{\"@type\":\"ListItem\",\"position\":3,\"name\":\"A Set for life sorsol\u00e1s eredm\u00e9nyei\"}]},{\"@type\":\"WebSite\",\"@id\":\"https:\/\/onlinelotto365.com\/hu\/#website\",\"url\":\"https:\/\/onlinelotto365.com\/hu\/\",\"name\":\"OnlineLotto365\",\"description\":\"\",\"potentialAction\":[{\"@type\":\"SearchAction\",\"target\":{\"@type\":\"EntryPoint\",\"urlTemplate\":\"https:\/\/onlinelotto365.com\/hu\/?s={search_term_string}\"},\"query-input\":{\"@type\":\"PropertyValueSpecification\",\"valueRequired\":true,\"valueName\":\"search_term_string\"}}],\"inLanguage\":\"hu\"}]}<\/script>\n<!-- \/ Yoast SEO plugin. -->","yoast_head_json":{"title":"A Set for life legut\u00f3bbi nyer\u0151sz\u00e1mai \u00e9s kifizet\u00e9sei","description":"\u00d6n j\u00e1tszott a Set for life lott\u00f3n? Megvannak a legfrissebb \u00e9s kor\u00e1bbi nyer\u0151sz\u00e1mok","robots":{"index":"index","follow":"follow","max-snippet":"max-snippet:-1","max-image-preview":"max-image-preview:large","max-video-preview":"max-video-preview:-1"},"canonical":"https:\/\/onlinelotto365.com\/hu\/nyero-lottoszamok\/set-for-life\/","og_locale":"hu_HU","og_type":"article","og_title":"A Set for life legut\u00f3bbi nyer\u0151sz\u00e1mai \u00e9s kifizet\u00e9sei","og_description":"\u00d6n j\u00e1tszott a Set for life lott\u00f3n? Megvannak a legfrissebb \u00e9s kor\u00e1bbi nyer\u0151sz\u00e1mok","og_url":"https:\/\/onlinelotto365.com\/hu\/nyero-lottoszamok\/set-for-life\/","og_site_name":"OnlineLotto365","og_image":[{"url":"https:\/\/redfoxlotto.com\/image?size=8&amp;lottery=set-for-life-uk"}],"twitter_card":"summary_large_image","twitter_misc":{"Becs\u00fclt olvas\u00e1si id\u0151":"3 perc"},"schema":{"@context":"https:\/\/schema.org","@graph":[{"@type":"WebPage","@id":"https:\/\/onlinelotto365.com\/hu\/nyero-lottoszamok\/set-for-life\/","url":"https:\/\/onlinelotto365.com\/hu\/nyero-lottoszamok\/set-for-life\/","name":"A Set for life legut\u00f3bbi nyer\u0151sz\u00e1mai \u00e9s kifizet\u00e9sei","isPartOf":{"@id":"https:\/\/onlinelotto365.com\/hu\/#website"},"primaryImageOfPage":{"@id":"https:\/\/onlinelotto365.com\/hu\/nyero-lottoszamok\/set-for-life\/#primaryimage"},"image":{"@id":"https:\/\/onlinelotto365.com\/hu\/nyero-lottoszamok\/set-for-life\/#primaryimage"},"thumbnailUrl":"https:\/\/redfoxlotto.com\/image?size=8&amp;lottery=set-for-life-uk","datePublished":"2022-11-23T07:06:57+00:00","dateModified":"2022-11-23T07:06:57+00:00","description":"\u00d6n j\u00e1tszott a Set for life lott\u00f3n? Megvannak a legfrissebb \u00e9s kor\u00e1bbi nyer\u0151sz\u00e1mok","breadcrumb":{"@id":"https:\/\/onlinelotto365.com\/hu\/nyero-lottoszamok\/set-for-life\/#breadcrumb"},"inLanguage":"hu","potentialAction":[{"@type":"ReadAction","target":["https:\/\/onlinelotto365.com\/hu\/nyero-lottoszamok\/set-for-life\/"]}]},{"@type":"ImageObject","inLanguage":"hu","@id":"https:\/\/onlinelotto365.com\/hu\/nyero-lottoszamok\/set-for-life\/#primaryimage","url":"https:\/\/redfoxlotto.com\/image?size=8&amp;lottery=set-for-life-uk","contentUrl":"https:\/\/redfoxlotto.com\/image?size=8&amp;lottery=set-for-life-uk"},{"@type":"BreadcrumbList","@id":"https:\/\/onlinelotto365.com\/hu\/nyero-lottoszamok\/set-for-life\/#breadcrumb","itemListElement":[{"@type":"ListItem","position":1,"name":"Home","item":"https:\/\/onlinelotto365.com\/hu\/"},{"@type":"ListItem","position":2,"name":"Nemzetk\u00f6zi lott\u00f3eredm\u00e9nyeket keresel?","item":"https:\/\/onlinelotto365.com\/hu\/winning-numbers\/"},{"@type":"ListItem","position":3,"name":"A Set for life sorsol\u00e1s eredm\u00e9nyei"}]},{"@type":"WebSite","@id":"https:\/\/onlinelotto365.com\/hu\/#website","url":"https:\/\/onlinelotto365.com\/hu\/","name":"OnlineLotto365","description":"","potentialAction":[{"@type":"SearchAction","target":{"@type":"EntryPoint","urlTemplate":"https:\/\/onlinelotto365.com\/hu\/?s={search_term_string}"},"query-input":{"@type":"PropertyValueSpecification","valueRequired":true,"valueName":"search_term_string"}}],"inLanguage":"hu"}]}},"_links":{"self":[{"href":"https:\/\/onlinelotto365.com\/hu\/wp-json\/wp\/v2\/pages\/80801","targetHints":{"allow":["GET"]}}],"collection":[{"href":"https:\/\/onlinelotto365.com\/hu\/wp-json\/wp\/v2\/pages"}],"about":[{"href":"https:\/\/onlinelotto365.com\/hu\/wp-json\/wp\/v2\/types\/page"}],"author":[{"embeddable":true,"href":"https:\/\/onlinelotto365.com\/hu\/wp-json\/wp\/v2\/users\/1"}],"replies":[{"embeddable":true,"href":"https:\/\/onlinelotto365.com\/hu\/wp-json\/wp\/v2\/comments?post=80801"}],"version-history":[{"count":0,"href":"https:\/\/onlinelotto365.com\/hu\/wp-json\/wp\/v2\/pages\/80801\/revisions"}],"up":[{"embeddable":true,"href":"https:\/\/onlinelotto365.com\/hu\/wp-json\/wp\/v2\/pages\/5838"}],"wp:attachment":[{"href":"https:\/\/onlinelotto365.com\/hu\/wp-json\/wp\/v2\/media?parent=80801"}],"curies":[{"name":"wp","href":"https:\/\/api.w.org\/{rel}","templated":true}]}}