{"id":80835,"date":"2022-11-23T11:34:13","date_gmt":"2022-11-23T10:34:13","guid":{"rendered":"https:\/\/onlinelotto365.com\/?page_id=80835"},"modified":"2022-11-23T11:34:13","modified_gmt":"2022-11-23T10:34:13","slug":"german-lotto","status":"publish","type":"page","link":"https:\/\/onlinelotto365.com\/hu\/nyero-lottoszamok\/german-lotto\/","title":{"rendered":"A n\u00e9met lott\u00f3 nyer\u0151sz\u00e1mait itt n\u00e9zheti meg"},"content":{"rendered":"<p>A nemzetk\u00f6zi lott\u00f3j\u00e1t\u00e9kokat egy kicsit nehezebb nyomon k\u00f6vetni, mert el\u0151fordulhat, hogy nem ugyanazon a ter\u00fcleten \u00e9lsz, ahol a lott\u00f3j\u00e1t\u00e9kok kisorsol\u00e1sra ker\u00fclnek. El\u0151fordulhat, hogy a n\u00e9met lott\u00f3eredm\u00e9nyeket nem tudja ellen\u0151rizni a helyi \u00fajs\u00e1gban. \u00c9s az is el\u0151fordulhat, hogy a telev\u00edzi\u00f3ban sem tal\u00e1lja meg a n\u00e9met lott\u00f3 nyer\u0151sz\u00e1mait. Ha m\u00e9gis megtal\u00e1lja \u0151ket b\u00e1rmelyik helyen, akkor tisztess\u00e9ges mennyis\u00e9g\u0171 kutat\u00e1st kell v\u00e9geznie ahhoz, hogy eljusson oda.<br \/>\n<a href=\"https:\/\/redfoxlotto.com\/play\/lotto-6aus49\/?ref=a8564250a2&amp;medium=ol365\" target=\"_blank\" rel=\"noopener noreferrer\"><img decoding=\"async\" class=\"aligncenter\" src=\"https:\/\/redfoxlotto.com\/image?size=8&amp;lottery=lotto-6aus49\" alt=\"N\u00e9met lott\u00f3 6aus49\" \/><\/a><\/p>\n<p>Arra is gondolhatsz, hogy felkeresed a n\u00e9met lott\u00f3 honlapj\u00e1t. N\u00e9ha ezek a hivatalos honlapok \u00e9l\u0151 sorsol\u00e1sokat k\u00edn\u00e1lnak, \u00edgy l\u00e1thatja az eredm\u00e9nyeket, amint azok be\u00e9rkeznek. Nem minden j\u00e1t\u00e9kban van azonban ilyen lehet\u0151s\u00e9g, \u00e9s el\u0151fordulhat, hogy m\u00e9g a hivatalos oldalon sem tal\u00e1lja meg az eredm\u00e9nyeket.<\/p>\n<p>Megn\u00e9zheti a YouTube-on is, h\u00e1tha valaki felt\u00f6lt\u00f6tt egy vide\u00f3t az \u00e9l\u0151 sorsol\u00e1sr\u00f3l, vagy ak\u00e1r egy vide\u00f3t az eredm\u00e9nyekkel valamikor a sorsol\u00e1s ut\u00e1n.<\/p>\n<p>A legegyszer\u0171bb m\u00f3dja azonban annak, hogy megtal\u00e1ld a keresett eredm\u00e9nyeket, ha megn\u00e9zed a weboldalunkat. Seg\u00edt\u00fcnk megtal\u00e1lni a n\u00e9met lott\u00f3 eredm\u00e9nyeit k\u00f6zvetlen\u00fcl az eredm\u00e9nyoldalunkon. Ott osztjuk meg a nyertes sz\u00e1mokat az \u00f6sszes olyan lott\u00f3j\u00e1t\u00e9khoz, amelyet az oldalunkon tal\u00e1l.<\/p>\n<h2>Hogyan tudhatja meg, hogy nyert-e az online szelv\u00e9nye<\/h2>\n<p>Azok sz\u00e1m\u00e1ra, akik t\u0151l\u00fcnk v\u00e1s\u00e1roltak szelv\u00e9nyt a n\u00e9met lott\u00f3ra, m\u00e9g egyszer\u0171bb lesz az eredm\u00e9nyek megismer\u00e9se. Ehhez ugyanis csak annyit kell tennie, hogy vet egy pillant\u00e1st a fi\u00f3kja oldal\u00e1ra. Ha ott van, l\u00e1thatja a szelv\u00e9nyeket, amelyeket b\u00e1rmelyik j\u00e1t\u00e9kunkban v\u00e1s\u00e1rolt. Ezut\u00e1n ugyanott megn\u00e9zheted a nyertes sz\u00e1mokat is.<br \/>\nM\u00e9g ki is emelj\u00fck azokat a sz\u00e1mokat, amelyekkel egyezett, hogy tudd, mit nyert\u00e9l. Ha pedig 2500 eur\u00f3n\u00e1l kevesebbet nyersz, gondoskodunk arr\u00f3l, hogy a nyerem\u00e9nyt a sz\u00e1ml\u00e1dra \u00edrjuk, amint a j\u00e1t\u00e9k hivatalosan is meger\u0151s\u00edtette a sz\u00e1mokat. Ennyire egyszer\u0171 ez neked.<\/p>\n<h2>N\u00e9met lott\u00f3 eredm\u00e9nyek arch\u00edvuma<\/h2>\n<p>Weboldalunkon a n\u00e9met lott\u00f3 legfrissebb sz\u00e1mait tartalmaz\u00f3 oldalakon az arch\u00edvumunkb\u00f3l az \u00f6sszes r\u00e9gi sz\u00e1mot is l\u00e1thatja. Ez az\u00e9rt van, mert tudjuk, hogy sokan szeretn\u00e9k megismerni a r\u00e9gebbi sz\u00e1mokat, hogy k\u00f6nnyebben kiv\u00e1laszthass\u00e1k a k\u00f6vetkez\u0151 szelv\u00e9ny\u00fckh\u00f6z sz\u00fcks\u00e9ges sz\u00e1mokat. Ezeket minden olyan oldalra feltessz\u00fck, amely az \u00faj sz\u00e1mokat mutatja.<\/p>\n<h2>A szelv\u00e9nyem nyert, mi t\u00f6rt\u00e9nik ezut\u00e1n?<\/h2>\n<p><img loading=\"lazy\" decoding=\"async\" class=\"alignright size-medium wp-image-3593\" src=\"https:\/\/onlinelotto365.com\/wp-content\/uploads\/2020\/11\/online_lottery-39-300x150.jpg\" alt=\"n\u00e9met lott\u00f3 nyer\u0151sz\u00e1mok\" width=\"300\" height=\"150\" srcset=\"https:\/\/onlinelotto365.com\/wp-content\/uploads\/2020\/11\/online_lottery-39-300x150.jpg 300w, https:\/\/onlinelotto365.com\/wp-content\/uploads\/2020\/11\/online_lottery-39.jpg 490w\" sizes=\"auto, (max-width: 300px) 100vw, 300px\" \/><br \/>\nHa megnyerte a n\u00e9met lott\u00f3t, \u00e9s a nyertes szelv\u00e9nye 2500 eur\u00f3n\u00e1l kevesebbet \u00e9r, gondoskodunk arr\u00f3l, hogy a p\u00e9nzt a sz\u00e1ml\u00e1j\u00e1ra utaljuk, amint a nyertes sz\u00e1mok mindegyik\u00e9t ellen\u0151rizt\u00fck. Ez azt jelenti, hogy \u00d6nnek semmit sem kell tennie. Ha a nyertes szelv\u00e9ny \u00e9rt\u00e9ke meghaladja a 2500 eur\u00f3t, akkor ki kell t\u00f6ltenie egy \u0171rlapot, de mi akkor is seg\u00edt\u00fcnk \u00d6nnek a folyamatban. Ezut\u00e1n, ha legal\u00e1bb 10 \u20ac van a sz\u00e1ml\u00e1don, lehet\u0151s\u00e9ged lesz arra, hogy a p\u00e9nzt b\u00e1rmelyik bank- vagy hitelk\u00e1rtyasz\u00e1ml\u00e1dra felvegye, amelyet m\u00e1r haszn\u00e1lt\u00e1l az oldalunkon. Ha m\u00e9g nem haszn\u00e1ltad a n\u00e1lunk vezetett sz\u00e1ml\u00e1dat, akkor nem tudsz majd p\u00e9nzt felvenni r\u00e1.<\/p>\n","protected":false},"excerpt":{"rendered":"<p>A nemzetk\u00f6zi lott\u00f3j\u00e1t\u00e9kokat egy kicsit nehezebb nyomon k\u00f6vetni, mert el\u0151fordulhat, hogy nem ugyanazon a ter\u00fcleten \u00e9lsz, ahol a lott\u00f3j\u00e1t\u00e9kok kisorsol\u00e1sra ker\u00fclnek. El\u0151fordulhat, hogy a n\u00e9met lott\u00f3eredm\u00e9nyeket nem tudja ellen\u0151rizni a helyi \u00fajs\u00e1gban. \u00c9s az is el\u0151fordulhat, hogy a telev\u00edzi\u00f3ban sem tal\u00e1lja meg a n\u00e9met lott\u00f3 nyer\u0151sz\u00e1mait. Ha m\u00e9gis megtal\u00e1lja \u0151ket b\u00e1rmelyik helyen, akkor tisztess\u00e9ges mennyis\u00e9g\u0171 [&hellip;]<\/p>\n","protected":false},"author":1,"featured_media":0,"parent":5838,"menu_order":11,"comment_status":"closed","ping_status":"closed","template":"lotto-german-results.php","meta":{"_et_pb_use_builder":"","_et_pb_old_content":"","_et_gb_content_width":"","exclude_from_search":false,"footnotes":""},"class_list":["post-80835","page","type-page","status-publish","hentry"],"yoast_head":"<!-- This site is optimized with the Yoast SEO plugin v23.4 - https:\/\/yoast.com\/wordpress\/plugins\/seo\/ -->\n<title>Nyer\u0151sz\u00e1mok German Lotto | Sorsol\u00e1si eredm\u00e9nyek \u00e9s nyertes \u00f6sszegek a n\u00e9met Lotto sz\u00e1m\u00e1ra<\/title>\n<meta name=\"description\" content=\"Ha a 6aus49-es n\u00e9met lott\u00f3 nyer\u0151sz\u00e1mait szeretn\u00e9 megtal\u00e1lni, n\u00e9zze meg itt!\" \/>\n<meta name=\"robots\" content=\"index, follow, max-snippet:-1, max-image-preview:large, max-video-preview:-1\" \/>\n<link rel=\"canonical\" href=\"https:\/\/onlinelotto365.com\/hu\/nyero-lottoszamok\/german-lotto\/\" \/>\n<meta property=\"og:locale\" content=\"hu_HU\" \/>\n<meta property=\"og:type\" content=\"article\" \/>\n<meta property=\"og:title\" content=\"Nyer\u0151sz\u00e1mok German Lotto | Sorsol\u00e1si eredm\u00e9nyek \u00e9s nyertes \u00f6sszegek a n\u00e9met Lotto sz\u00e1m\u00e1ra\" \/>\n<meta property=\"og:description\" content=\"Ha a 6aus49-es n\u00e9met lott\u00f3 nyer\u0151sz\u00e1mait szeretn\u00e9 megtal\u00e1lni, n\u00e9zze meg itt!\" \/>\n<meta property=\"og:url\" content=\"https:\/\/onlinelotto365.com\/hu\/nyero-lottoszamok\/german-lotto\/\" \/>\n<meta property=\"og:site_name\" content=\"OnlineLotto365\" \/>\n<meta property=\"og:image\" content=\"https:\/\/redfoxlotto.com\/image?size=8&amp;lottery=lotto-6aus49\" \/>\n<meta name=\"twitter:card\" content=\"summary_large_image\" \/>\n<meta name=\"twitter:label1\" content=\"Becs\u00fclt olvas\u00e1si id\u0151\" \/>\n\t<meta name=\"twitter:data1\" content=\"3 perc\" \/>\n<script type=\"application\/ld+json\" class=\"yoast-schema-graph\">{\"@context\":\"https:\/\/schema.org\",\"@graph\":[{\"@type\":\"WebPage\",\"@id\":\"https:\/\/onlinelotto365.com\/hu\/nyero-lottoszamok\/german-lotto\/\",\"url\":\"https:\/\/onlinelotto365.com\/hu\/nyero-lottoszamok\/german-lotto\/\",\"name\":\"Nyer\u0151sz\u00e1mok German Lotto | Sorsol\u00e1si eredm\u00e9nyek \u00e9s nyertes \u00f6sszegek a n\u00e9met Lotto sz\u00e1m\u00e1ra\",\"isPartOf\":{\"@id\":\"https:\/\/onlinelotto365.com\/hu\/#website\"},\"primaryImageOfPage\":{\"@id\":\"https:\/\/onlinelotto365.com\/hu\/nyero-lottoszamok\/german-lotto\/#primaryimage\"},\"image\":{\"@id\":\"https:\/\/onlinelotto365.com\/hu\/nyero-lottoszamok\/german-lotto\/#primaryimage\"},\"thumbnailUrl\":\"https:\/\/redfoxlotto.com\/image?size=8&amp;lottery=lotto-6aus49\",\"datePublished\":\"2022-11-23T10:34:13+00:00\",\"dateModified\":\"2022-11-23T10:34:13+00:00\",\"description\":\"Ha a 6aus49-es n\u00e9met lott\u00f3 nyer\u0151sz\u00e1mait szeretn\u00e9 megtal\u00e1lni, n\u00e9zze meg itt!\",\"breadcrumb\":{\"@id\":\"https:\/\/onlinelotto365.com\/hu\/nyero-lottoszamok\/german-lotto\/#breadcrumb\"},\"inLanguage\":\"hu\",\"potentialAction\":[{\"@type\":\"ReadAction\",\"target\":[\"https:\/\/onlinelotto365.com\/hu\/nyero-lottoszamok\/german-lotto\/\"]}]},{\"@type\":\"ImageObject\",\"inLanguage\":\"hu\",\"@id\":\"https:\/\/onlinelotto365.com\/hu\/nyero-lottoszamok\/german-lotto\/#primaryimage\",\"url\":\"https:\/\/redfoxlotto.com\/image?size=8&amp;lottery=lotto-6aus49\",\"contentUrl\":\"https:\/\/redfoxlotto.com\/image?size=8&amp;lottery=lotto-6aus49\"},{\"@type\":\"BreadcrumbList\",\"@id\":\"https:\/\/onlinelotto365.com\/hu\/nyero-lottoszamok\/german-lotto\/#breadcrumb\",\"itemListElement\":[{\"@type\":\"ListItem\",\"position\":1,\"name\":\"Home\",\"item\":\"https:\/\/onlinelotto365.com\/hu\/\"},{\"@type\":\"ListItem\",\"position\":2,\"name\":\"Nemzetk\u00f6zi lott\u00f3eredm\u00e9nyeket keresel?\",\"item\":\"https:\/\/onlinelotto365.com\/hu\/winning-numbers\/\"},{\"@type\":\"ListItem\",\"position\":3,\"name\":\"A n\u00e9met lott\u00f3 nyer\u0151sz\u00e1mait itt n\u00e9zheti meg\"}]},{\"@type\":\"WebSite\",\"@id\":\"https:\/\/onlinelotto365.com\/hu\/#website\",\"url\":\"https:\/\/onlinelotto365.com\/hu\/\",\"name\":\"OnlineLotto365\",\"description\":\"\",\"potentialAction\":[{\"@type\":\"SearchAction\",\"target\":{\"@type\":\"EntryPoint\",\"urlTemplate\":\"https:\/\/onlinelotto365.com\/hu\/?s={search_term_string}\"},\"query-input\":{\"@type\":\"PropertyValueSpecification\",\"valueRequired\":true,\"valueName\":\"search_term_string\"}}],\"inLanguage\":\"hu\"}]}<\/script>\n<!-- \/ Yoast SEO plugin. -->","yoast_head_json":{"title":"Nyer\u0151sz\u00e1mok German Lotto | Sorsol\u00e1si eredm\u00e9nyek \u00e9s nyertes \u00f6sszegek a n\u00e9met Lotto sz\u00e1m\u00e1ra","description":"Ha a 6aus49-es n\u00e9met lott\u00f3 nyer\u0151sz\u00e1mait szeretn\u00e9 megtal\u00e1lni, n\u00e9zze meg itt!","robots":{"index":"index","follow":"follow","max-snippet":"max-snippet:-1","max-image-preview":"max-image-preview:large","max-video-preview":"max-video-preview:-1"},"canonical":"https:\/\/onlinelotto365.com\/hu\/nyero-lottoszamok\/german-lotto\/","og_locale":"hu_HU","og_type":"article","og_title":"Nyer\u0151sz\u00e1mok German Lotto | Sorsol\u00e1si eredm\u00e9nyek \u00e9s nyertes \u00f6sszegek a n\u00e9met Lotto sz\u00e1m\u00e1ra","og_description":"Ha a 6aus49-es n\u00e9met lott\u00f3 nyer\u0151sz\u00e1mait szeretn\u00e9 megtal\u00e1lni, n\u00e9zze meg itt!","og_url":"https:\/\/onlinelotto365.com\/hu\/nyero-lottoszamok\/german-lotto\/","og_site_name":"OnlineLotto365","og_image":[{"url":"https:\/\/redfoxlotto.com\/image?size=8&amp;lottery=lotto-6aus49"}],"twitter_card":"summary_large_image","twitter_misc":{"Becs\u00fclt olvas\u00e1si id\u0151":"3 perc"},"schema":{"@context":"https:\/\/schema.org","@graph":[{"@type":"WebPage","@id":"https:\/\/onlinelotto365.com\/hu\/nyero-lottoszamok\/german-lotto\/","url":"https:\/\/onlinelotto365.com\/hu\/nyero-lottoszamok\/german-lotto\/","name":"Nyer\u0151sz\u00e1mok German Lotto | Sorsol\u00e1si eredm\u00e9nyek \u00e9s nyertes \u00f6sszegek a n\u00e9met Lotto sz\u00e1m\u00e1ra","isPartOf":{"@id":"https:\/\/onlinelotto365.com\/hu\/#website"},"primaryImageOfPage":{"@id":"https:\/\/onlinelotto365.com\/hu\/nyero-lottoszamok\/german-lotto\/#primaryimage"},"image":{"@id":"https:\/\/onlinelotto365.com\/hu\/nyero-lottoszamok\/german-lotto\/#primaryimage"},"thumbnailUrl":"https:\/\/redfoxlotto.com\/image?size=8&amp;lottery=lotto-6aus49","datePublished":"2022-11-23T10:34:13+00:00","dateModified":"2022-11-23T10:34:13+00:00","description":"Ha a 6aus49-es n\u00e9met lott\u00f3 nyer\u0151sz\u00e1mait szeretn\u00e9 megtal\u00e1lni, n\u00e9zze meg itt!","breadcrumb":{"@id":"https:\/\/onlinelotto365.com\/hu\/nyero-lottoszamok\/german-lotto\/#breadcrumb"},"inLanguage":"hu","potentialAction":[{"@type":"ReadAction","target":["https:\/\/onlinelotto365.com\/hu\/nyero-lottoszamok\/german-lotto\/"]}]},{"@type":"ImageObject","inLanguage":"hu","@id":"https:\/\/onlinelotto365.com\/hu\/nyero-lottoszamok\/german-lotto\/#primaryimage","url":"https:\/\/redfoxlotto.com\/image?size=8&amp;lottery=lotto-6aus49","contentUrl":"https:\/\/redfoxlotto.com\/image?size=8&amp;lottery=lotto-6aus49"},{"@type":"BreadcrumbList","@id":"https:\/\/onlinelotto365.com\/hu\/nyero-lottoszamok\/german-lotto\/#breadcrumb","itemListElement":[{"@type":"ListItem","position":1,"name":"Home","item":"https:\/\/onlinelotto365.com\/hu\/"},{"@type":"ListItem","position":2,"name":"Nemzetk\u00f6zi lott\u00f3eredm\u00e9nyeket keresel?","item":"https:\/\/onlinelotto365.com\/hu\/winning-numbers\/"},{"@type":"ListItem","position":3,"name":"A n\u00e9met lott\u00f3 nyer\u0151sz\u00e1mait itt n\u00e9zheti meg"}]},{"@type":"WebSite","@id":"https:\/\/onlinelotto365.com\/hu\/#website","url":"https:\/\/onlinelotto365.com\/hu\/","name":"OnlineLotto365","description":"","potentialAction":[{"@type":"SearchAction","target":{"@type":"EntryPoint","urlTemplate":"https:\/\/onlinelotto365.com\/hu\/?s={search_term_string}"},"query-input":{"@type":"PropertyValueSpecification","valueRequired":true,"valueName":"search_term_string"}}],"inLanguage":"hu"}]}},"_links":{"self":[{"href":"https:\/\/onlinelotto365.com\/hu\/wp-json\/wp\/v2\/pages\/80835","targetHints":{"allow":["GET"]}}],"collection":[{"href":"https:\/\/onlinelotto365.com\/hu\/wp-json\/wp\/v2\/pages"}],"about":[{"href":"https:\/\/onlinelotto365.com\/hu\/wp-json\/wp\/v2\/types\/page"}],"author":[{"embeddable":true,"href":"https:\/\/onlinelotto365.com\/hu\/wp-json\/wp\/v2\/users\/1"}],"replies":[{"embeddable":true,"href":"https:\/\/onlinelotto365.com\/hu\/wp-json\/wp\/v2\/comments?post=80835"}],"version-history":[{"count":0,"href":"https:\/\/onlinelotto365.com\/hu\/wp-json\/wp\/v2\/pages\/80835\/revisions"}],"up":[{"embeddable":true,"href":"https:\/\/onlinelotto365.com\/hu\/wp-json\/wp\/v2\/pages\/5838"}],"wp:attachment":[{"href":"https:\/\/onlinelotto365.com\/hu\/wp-json\/wp\/v2\/media?parent=80835"}],"curies":[{"name":"wp","href":"https:\/\/api.w.org\/{rel}","templated":true}]}}