{"id":80867,"date":"2022-11-23T12:27:50","date_gmt":"2022-11-23T11:27:50","guid":{"rendered":"https:\/\/onlinelotto365.com\/?page_id=80867"},"modified":"2022-11-23T12:27:50","modified_gmt":"2022-11-23T11:27:50","slug":"mega-sena","status":"publish","type":"page","link":"https:\/\/onlinelotto365.com\/hu\/nyero-lottoszamok\/mega-sena\/","title":{"rendered":"Mega-Sena Braz\u00edli\u00e1b\u00f3l &#8211; leg\u00fajabb nyer\u0151sz\u00e1mok"},"content":{"rendered":"<p>Rengeteg k\u00fcl\u00f6nb\u00f6z\u0151 j\u00e1t\u00e9k l\u00e9tezik, \u00e9s szeretn\u00e9, ha a lehet\u0151 leghamarabb megtal\u00e1ln\u00e1 a nyer\u0151sz\u00e1mokat. Nos, ez t\u00f6bbf\u00e9lek\u00e9ppen is lehets\u00e9ges, ha tudod, hol keress. A nyer\u0151sz\u00e1mok n\u00e9ha az \u00fajs\u00e1gban is megtal\u00e1lhat\u00f3k, ha olyan ter\u00fcleten \u00e9lsz, ahol ez egy helyi j\u00e1t\u00e9k. Ez azt is jelentheti, hogy a Mega-Sena eredm\u00e9nyei nem \u00e9rhet\u0151k el az \u00d6n ter\u00fclet\u00e9n. Emellett egyes ter\u00fcleteken a nyertes sz\u00e1mokat a telev\u00edzi\u00f3ban is bemutatj\u00e1k, ami csak akkor fordulhat el\u0151, ha bizonyos ter\u00fcleteken \u00e9lsz.<br \/>\n<a href=\"https:\/\/redfoxlotto.com\/play\/mega-sena\/?ref=a8564250a2&amp;medium=ol365\" target=\"_blank\" rel=\"noopener noreferrer\"><img decoding=\"async\" class=\"aligncenter\" src=\"https:\/\/redfoxlotto.com\/image?size=8&amp;lottery=mega-sena\" alt=\"mega-sena\" \/><\/a><\/p>\n<p>Egy m\u00e1sik lehet\u0151s\u00e9g, hogy megn\u00e9zi a Mega-Sena lott\u00f3 weboldal\u00e1n, hogy van-e \u00e9l\u0151 k\u00f6zvet\u00edt\u00e9s a j\u00e1t\u00e9k sorsol\u00e1sakor. Nem minden j\u00e1t\u00e9k teszi ezt meg, de azokn\u00e1l, amelyekn\u00e9l igen, izgalmas \u00e9lm\u00e9ny lehet mindenkinek, aki n\u00e9zi. K\u00fcl\u00f6n\u00f6sen akkor, ha val\u00f3ban nyertes vagy, \u00e9s n\u00e9zed a sz\u00e1msorsol\u00e1st.<\/p>\n<p>Lehet\u0151s\u00e9g van arra is, hogy a YouTube-ra menj. N\u00e9ha az emberek \u00e9l\u0151 vide\u00f3kat t\u00f6ltenek fel a sorsol\u00e1sr\u00f3l az internetre, \u00e9s \u00edgy tal\u00e1n megn\u00e9zheted a legut\u00f3bbi Mega Sena sorsol\u00e1st.<\/p>\n<p>A legegyszer\u0171bb m\u00f3dja annak azonban, hogy megtudd a nyertes sz\u00e1mokat, ha megn\u00e9zed a weboldalunkat. Mi hozz\u00e1f\u00e9r\u00e9st tudunk biztos\u00edtani a Mega Sena, valamint b\u00e1rmely m\u00e1s j\u00e1t\u00e9k \u00f6sszes nyer\u0151sz\u00e1m\u00e1hoz, amelyet szeretne, \u00e9s amely n\u00e1lunk el\u00e9rhet\u0151. Ez megk\u00f6nny\u00edti a sz\u00e1modra, hogy megtal\u00e1ld a k\u00edv\u00e1nt eredm\u00e9nyeket.<\/p>\n<h2>Hogyan tudhatja meg, hogy nyert-e az online szelv\u00e9nye<\/h2>\n<p>Ami m\u00e9g enn\u00e9l is jobb, hogy k\u00f6zvetlen\u00fcl bejelentkezhet a fi\u00f3kj\u00e1ba, \u00e9s megtal\u00e1lhatja b\u00e1rmelyik j\u00e1t\u00e9k eredm\u00e9ny\u00e9t, amelyre szelv\u00e9nyt is v\u00e1s\u00e1rolt. Csak menjen a weboldalnak arra a r\u00e9sz\u00e9re, ahol a szelv\u00e9nyeit t\u00e1rolja, \u00e9s megkeresheti az adott szelv\u00e9nyekre vonatkoz\u00f3 nyer\u0151sz\u00e1mokat.<\/p>\n<p>Ezut\u00e1n m\u00e9g azt is megn\u00e9zheti, hogy melyek azok a nyer\u0151sz\u00e1mok, amelyek megegyeznek az aktu\u00e1lis sz\u00e1maival, \u00edgy l\u00e1thatja, hogy mennyit nyert m\u00e1r. Ha ez kevesebb, mint 2500 \u20ac, akkor gondoskodunk arr\u00f3l, hogy a p\u00e9nz k\u00f6zvetlen\u00fcl a sz\u00e1ml\u00e1dra ker\u00fclj\u00f6n, \u00edgy elkezdheted elk\u00f6lteni, vagy felveheted a saj\u00e1t sz\u00e1ml\u00e1dra. Mind\u00f6ssze annyit kell tenned, hogy gondoskodj arr\u00f3l, hogy a p\u00e9nzt egy olyan sz\u00e1ml\u00e1ra vedd fel, amelyet m\u00e1r haszn\u00e1lt\u00e1l n\u00e1lunk.<\/p>\n<h2>Mega-Sena eredm\u00e9nyek arch\u00edvuma<\/h2>\n<p><img loading=\"lazy\" decoding=\"async\" class=\"alignright wp-image-3640\" src=\"https:\/\/onlinelotto365.com\/wp-content\/uploads\/2020\/11\/lottery_balls1-300x160.jpg\" alt=\"mega-sena eredm\u00e9nyek\" width=\"249\" height=\"133\" srcset=\"https:\/\/onlinelotto365.com\/wp-content\/uploads\/2020\/11\/lottery_balls1-300x160.jpg 300w, https:\/\/onlinelotto365.com\/wp-content\/uploads\/2020\/11\/lottery_balls1.jpg 472w\" sizes=\"auto, (max-width: 249px) 100vw, 249px\" \/><br \/>\nAzok sz\u00e1m\u00e1ra, akik szeretn\u00e9nek hozz\u00e1f\u00e9rni a Mega-Sena r\u00e9gebbi sz\u00e1maihoz, \u00e9rdemes alaposan megn\u00e9zni azokat a weboldalakat, amelyek m\u00e1r a legfrissebb sz\u00e1mokat k\u00edn\u00e1lj\u00e1k. Ott az \u00f6sszes r\u00e9gi sz\u00e1m is el\u00e9rhet\u0151, \u00edgy nem kell agg\u00f3dnia amiatt, hogy lemarad a legjobb inform\u00e1ci\u00f3kr\u00f3l a k\u00f6vetkez\u0151 sz\u00e1mok kiv\u00e1laszt\u00e1s\u00e1hoz.<\/p>\n","protected":false},"excerpt":{"rendered":"<p>Rengeteg k\u00fcl\u00f6nb\u00f6z\u0151 j\u00e1t\u00e9k l\u00e9tezik, \u00e9s szeretn\u00e9, ha a lehet\u0151 leghamarabb megtal\u00e1ln\u00e1 a nyer\u0151sz\u00e1mokat. Nos, ez t\u00f6bbf\u00e9lek\u00e9ppen is lehets\u00e9ges, ha tudod, hol keress. A nyer\u0151sz\u00e1mok n\u00e9ha az \u00fajs\u00e1gban is megtal\u00e1lhat\u00f3k, ha olyan ter\u00fcleten \u00e9lsz, ahol ez egy helyi j\u00e1t\u00e9k. Ez azt is jelentheti, hogy a Mega-Sena eredm\u00e9nyei nem \u00e9rhet\u0151k el az \u00d6n ter\u00fclet\u00e9n. Emellett egyes ter\u00fcleteken [&hellip;]<\/p>\n","protected":false},"author":1,"featured_media":0,"parent":5838,"menu_order":12,"comment_status":"closed","ping_status":"closed","template":"megasena-results.php","meta":{"_et_pb_use_builder":"","_et_pb_old_content":"","_et_gb_content_width":"","exclude_from_search":false,"footnotes":""},"class_list":["post-80867","page","type-page","status-publish","hentry"],"yoast_head":"<!-- This site is optimized with the Yoast SEO plugin v23.4 - https:\/\/yoast.com\/wordpress\/plugins\/seo\/ -->\n<title>A Mega-Sena legut\u00f3bbi sorsol\u00e1sai \u00e9s nyerem\u00e9nyei<\/title>\n<meta name=\"description\" content=\"A Mega-Sena Braz\u00edlia \u00e9s sok m\u00e1s vil\u00e1gm\u00e9ret\u0171 lott\u00f3 eredm\u00e9nyei itt tal\u00e1lhat\u00f3k.\" \/>\n<meta name=\"robots\" content=\"index, follow, max-snippet:-1, max-image-preview:large, max-video-preview:-1\" \/>\n<link rel=\"canonical\" href=\"https:\/\/onlinelotto365.com\/hu\/nyero-lottoszamok\/mega-sena\/\" \/>\n<meta property=\"og:locale\" content=\"hu_HU\" \/>\n<meta property=\"og:type\" content=\"article\" \/>\n<meta property=\"og:title\" content=\"A Mega-Sena legut\u00f3bbi sorsol\u00e1sai \u00e9s nyerem\u00e9nyei\" \/>\n<meta property=\"og:description\" content=\"A Mega-Sena Braz\u00edlia \u00e9s sok m\u00e1s vil\u00e1gm\u00e9ret\u0171 lott\u00f3 eredm\u00e9nyei itt tal\u00e1lhat\u00f3k.\" \/>\n<meta property=\"og:url\" content=\"https:\/\/onlinelotto365.com\/hu\/nyero-lottoszamok\/mega-sena\/\" \/>\n<meta property=\"og:site_name\" content=\"OnlineLotto365\" \/>\n<meta property=\"og:image\" content=\"https:\/\/redfoxlotto.com\/image?size=8&amp;lottery=mega-sena\" \/>\n<meta name=\"twitter:card\" content=\"summary_large_image\" \/>\n<meta name=\"twitter:label1\" content=\"Becs\u00fclt olvas\u00e1si id\u0151\" \/>\n\t<meta name=\"twitter:data1\" content=\"2 perc\" \/>\n<script type=\"application\/ld+json\" class=\"yoast-schema-graph\">{\"@context\":\"https:\/\/schema.org\",\"@graph\":[{\"@type\":\"WebPage\",\"@id\":\"https:\/\/onlinelotto365.com\/hu\/nyero-lottoszamok\/mega-sena\/\",\"url\":\"https:\/\/onlinelotto365.com\/hu\/nyero-lottoszamok\/mega-sena\/\",\"name\":\"A Mega-Sena legut\u00f3bbi sorsol\u00e1sai \u00e9s nyerem\u00e9nyei\",\"isPartOf\":{\"@id\":\"https:\/\/onlinelotto365.com\/hu\/#website\"},\"primaryImageOfPage\":{\"@id\":\"https:\/\/onlinelotto365.com\/hu\/nyero-lottoszamok\/mega-sena\/#primaryimage\"},\"image\":{\"@id\":\"https:\/\/onlinelotto365.com\/hu\/nyero-lottoszamok\/mega-sena\/#primaryimage\"},\"thumbnailUrl\":\"https:\/\/redfoxlotto.com\/image?size=8&amp;lottery=mega-sena\",\"datePublished\":\"2022-11-23T11:27:50+00:00\",\"dateModified\":\"2022-11-23T11:27:50+00:00\",\"description\":\"A Mega-Sena Braz\u00edlia \u00e9s sok m\u00e1s vil\u00e1gm\u00e9ret\u0171 lott\u00f3 eredm\u00e9nyei itt tal\u00e1lhat\u00f3k.\",\"breadcrumb\":{\"@id\":\"https:\/\/onlinelotto365.com\/hu\/nyero-lottoszamok\/mega-sena\/#breadcrumb\"},\"inLanguage\":\"hu\",\"potentialAction\":[{\"@type\":\"ReadAction\",\"target\":[\"https:\/\/onlinelotto365.com\/hu\/nyero-lottoszamok\/mega-sena\/\"]}]},{\"@type\":\"ImageObject\",\"inLanguage\":\"hu\",\"@id\":\"https:\/\/onlinelotto365.com\/hu\/nyero-lottoszamok\/mega-sena\/#primaryimage\",\"url\":\"https:\/\/redfoxlotto.com\/image?size=8&amp;lottery=mega-sena\",\"contentUrl\":\"https:\/\/redfoxlotto.com\/image?size=8&amp;lottery=mega-sena\"},{\"@type\":\"BreadcrumbList\",\"@id\":\"https:\/\/onlinelotto365.com\/hu\/nyero-lottoszamok\/mega-sena\/#breadcrumb\",\"itemListElement\":[{\"@type\":\"ListItem\",\"position\":1,\"name\":\"Home\",\"item\":\"https:\/\/onlinelotto365.com\/hu\/\"},{\"@type\":\"ListItem\",\"position\":2,\"name\":\"Nemzetk\u00f6zi lott\u00f3eredm\u00e9nyeket keresel?\",\"item\":\"https:\/\/onlinelotto365.com\/hu\/winning-numbers\/\"},{\"@type\":\"ListItem\",\"position\":3,\"name\":\"Mega-Sena Braz\u00edli\u00e1b\u00f3l &#8211; leg\u00fajabb nyer\u0151sz\u00e1mok\"}]},{\"@type\":\"WebSite\",\"@id\":\"https:\/\/onlinelotto365.com\/hu\/#website\",\"url\":\"https:\/\/onlinelotto365.com\/hu\/\",\"name\":\"OnlineLotto365\",\"description\":\"\",\"potentialAction\":[{\"@type\":\"SearchAction\",\"target\":{\"@type\":\"EntryPoint\",\"urlTemplate\":\"https:\/\/onlinelotto365.com\/hu\/?s={search_term_string}\"},\"query-input\":{\"@type\":\"PropertyValueSpecification\",\"valueRequired\":true,\"valueName\":\"search_term_string\"}}],\"inLanguage\":\"hu\"}]}<\/script>\n<!-- \/ Yoast SEO plugin. -->","yoast_head_json":{"title":"A Mega-Sena legut\u00f3bbi sorsol\u00e1sai \u00e9s nyerem\u00e9nyei","description":"A Mega-Sena Braz\u00edlia \u00e9s sok m\u00e1s vil\u00e1gm\u00e9ret\u0171 lott\u00f3 eredm\u00e9nyei itt tal\u00e1lhat\u00f3k.","robots":{"index":"index","follow":"follow","max-snippet":"max-snippet:-1","max-image-preview":"max-image-preview:large","max-video-preview":"max-video-preview:-1"},"canonical":"https:\/\/onlinelotto365.com\/hu\/nyero-lottoszamok\/mega-sena\/","og_locale":"hu_HU","og_type":"article","og_title":"A Mega-Sena legut\u00f3bbi sorsol\u00e1sai \u00e9s nyerem\u00e9nyei","og_description":"A Mega-Sena Braz\u00edlia \u00e9s sok m\u00e1s vil\u00e1gm\u00e9ret\u0171 lott\u00f3 eredm\u00e9nyei itt tal\u00e1lhat\u00f3k.","og_url":"https:\/\/onlinelotto365.com\/hu\/nyero-lottoszamok\/mega-sena\/","og_site_name":"OnlineLotto365","og_image":[{"url":"https:\/\/redfoxlotto.com\/image?size=8&amp;lottery=mega-sena"}],"twitter_card":"summary_large_image","twitter_misc":{"Becs\u00fclt olvas\u00e1si id\u0151":"2 perc"},"schema":{"@context":"https:\/\/schema.org","@graph":[{"@type":"WebPage","@id":"https:\/\/onlinelotto365.com\/hu\/nyero-lottoszamok\/mega-sena\/","url":"https:\/\/onlinelotto365.com\/hu\/nyero-lottoszamok\/mega-sena\/","name":"A Mega-Sena legut\u00f3bbi sorsol\u00e1sai \u00e9s nyerem\u00e9nyei","isPartOf":{"@id":"https:\/\/onlinelotto365.com\/hu\/#website"},"primaryImageOfPage":{"@id":"https:\/\/onlinelotto365.com\/hu\/nyero-lottoszamok\/mega-sena\/#primaryimage"},"image":{"@id":"https:\/\/onlinelotto365.com\/hu\/nyero-lottoszamok\/mega-sena\/#primaryimage"},"thumbnailUrl":"https:\/\/redfoxlotto.com\/image?size=8&amp;lottery=mega-sena","datePublished":"2022-11-23T11:27:50+00:00","dateModified":"2022-11-23T11:27:50+00:00","description":"A Mega-Sena Braz\u00edlia \u00e9s sok m\u00e1s vil\u00e1gm\u00e9ret\u0171 lott\u00f3 eredm\u00e9nyei itt tal\u00e1lhat\u00f3k.","breadcrumb":{"@id":"https:\/\/onlinelotto365.com\/hu\/nyero-lottoszamok\/mega-sena\/#breadcrumb"},"inLanguage":"hu","potentialAction":[{"@type":"ReadAction","target":["https:\/\/onlinelotto365.com\/hu\/nyero-lottoszamok\/mega-sena\/"]}]},{"@type":"ImageObject","inLanguage":"hu","@id":"https:\/\/onlinelotto365.com\/hu\/nyero-lottoszamok\/mega-sena\/#primaryimage","url":"https:\/\/redfoxlotto.com\/image?size=8&amp;lottery=mega-sena","contentUrl":"https:\/\/redfoxlotto.com\/image?size=8&amp;lottery=mega-sena"},{"@type":"BreadcrumbList","@id":"https:\/\/onlinelotto365.com\/hu\/nyero-lottoszamok\/mega-sena\/#breadcrumb","itemListElement":[{"@type":"ListItem","position":1,"name":"Home","item":"https:\/\/onlinelotto365.com\/hu\/"},{"@type":"ListItem","position":2,"name":"Nemzetk\u00f6zi lott\u00f3eredm\u00e9nyeket keresel?","item":"https:\/\/onlinelotto365.com\/hu\/winning-numbers\/"},{"@type":"ListItem","position":3,"name":"Mega-Sena Braz\u00edli\u00e1b\u00f3l &#8211; leg\u00fajabb nyer\u0151sz\u00e1mok"}]},{"@type":"WebSite","@id":"https:\/\/onlinelotto365.com\/hu\/#website","url":"https:\/\/onlinelotto365.com\/hu\/","name":"OnlineLotto365","description":"","potentialAction":[{"@type":"SearchAction","target":{"@type":"EntryPoint","urlTemplate":"https:\/\/onlinelotto365.com\/hu\/?s={search_term_string}"},"query-input":{"@type":"PropertyValueSpecification","valueRequired":true,"valueName":"search_term_string"}}],"inLanguage":"hu"}]}},"_links":{"self":[{"href":"https:\/\/onlinelotto365.com\/hu\/wp-json\/wp\/v2\/pages\/80867","targetHints":{"allow":["GET"]}}],"collection":[{"href":"https:\/\/onlinelotto365.com\/hu\/wp-json\/wp\/v2\/pages"}],"about":[{"href":"https:\/\/onlinelotto365.com\/hu\/wp-json\/wp\/v2\/types\/page"}],"author":[{"embeddable":true,"href":"https:\/\/onlinelotto365.com\/hu\/wp-json\/wp\/v2\/users\/1"}],"replies":[{"embeddable":true,"href":"https:\/\/onlinelotto365.com\/hu\/wp-json\/wp\/v2\/comments?post=80867"}],"version-history":[{"count":0,"href":"https:\/\/onlinelotto365.com\/hu\/wp-json\/wp\/v2\/pages\/80867\/revisions"}],"up":[{"embeddable":true,"href":"https:\/\/onlinelotto365.com\/hu\/wp-json\/wp\/v2\/pages\/5838"}],"wp:attachment":[{"href":"https:\/\/onlinelotto365.com\/hu\/wp-json\/wp\/v2\/media?parent=80867"}],"curies":[{"name":"wp","href":"https:\/\/api.w.org\/{rel}","templated":true}]}}