{"id":80897,"date":"2022-11-23T13:21:14","date_gmt":"2022-11-23T12:21:14","guid":{"rendered":"https:\/\/onlinelotto365.com\/?page_id=80897"},"modified":"2022-11-23T13:21:14","modified_gmt":"2022-11-23T12:21:14","slug":"powerball-australia","status":"publish","type":"page","link":"https:\/\/onlinelotto365.com\/hu\/nyero-lottoszamok\/powerball-australia\/","title":{"rendered":"Powerball Ausztr\u00e1lia &#8211; leg\u00fajabb \u00e9s kor\u00e1bbi nyer\u0151sz\u00e1mok, eredm\u00e9nyek"},"content":{"rendered":"<p>A nemzetk\u00f6zi lott\u00f3j\u00e1t\u00e9kok eset\u00e9ben megpr\u00f3b\u00e1lhatja ellen\u0151rizni az eredm\u00e9nyeket az \u00fajs\u00e1gban, de nem val\u00f3sz\u00edn\u0171, hogy a helyi \u00fajs\u00e1gban megtal\u00e1lja a Powerball Australia nyer\u0151sz\u00e1mait. Lehet, hogy a helyi t\u00e9v\u00e9csatorn\u00e1kon sem tal\u00e1lja meg. Ha m\u00e9gis, akkor n\u00e9mi id\u0151be \u00e9s er\u0151fesz\u00edt\u00e9sbe fog ker\u00fclni a megfelel\u0151 csatorna kiv\u00e1laszt\u00e1sa.<\/p>\n<p>Egy m\u00e1sik lehet\u0151s\u00e9g, hogy megn\u00e9zi a Powerball Australia weboldal\u00e1n, hogy van-e \u00e9l\u0151 sorsol\u00e1si lehet\u0151s\u00e9g. Ha igen, akkor lehet, hogy v\u00e9gig tudod n\u00e9zni, \u00e9s teljes m\u00e9rt\u00e9kben \u00e9lvezheted, hogy \u00e9l\u0151ben l\u00e1thatod a sz\u00e1msorsol\u00e1st. De nem minden j\u00e1t\u00e9k k\u00edn\u00e1lja ezt a lehet\u0151s\u00e9get, \u00e9s el\u0151fordulhat, hogy teljesen lemarad az \u00e9lm\u00e9nyr\u0151l.<br \/>\nA YouTube-on is megn\u00e9zheti, hogy van-e felv\u00e9tel a Powerball Australia \u00e9l\u0151 sorsol\u00e1s\u00e1r\u00f3l. Ez j\u00f3 m\u00f3dja lehet annak, hogy a sorsol\u00e1s ut\u00e1n megismerje az eredm\u00e9nyeket.<br \/>\n<a href=\"https:\/\/redfoxlotto.com\/play\/powerball-au\/?ref=a8564250a2&amp;medium=ol365\" target=\"_blank\" rel=\"noopener noreferrer\"><img decoding=\"async\" class=\"aligncenter\" src=\"https:\/\/redfoxlotto.com\/image?size=8&amp;lottery=powerball-au\" alt=\"Powerball Ausztr\u00e1lia\" \/><\/a><br \/>\nA legjobb m\u00f3dja azonban annak, hogy megtal\u00e1lja a Powerball Australia eredm\u00e9nyeit, ha megn\u00e9zi a weboldalunkat. Itt megtal\u00e1lja ennek \u00e9s b\u00e1rmely m\u00e1s j\u00e1t\u00e9knak az eredm\u00e9nyeit, \u00edgy nem kell agg\u00f3dnia, hogy lemaradhat b\u00e1rmir\u0151l is.<\/p>\n<h2>Hogyan tudhatja meg, hogy nyert-e az online szelv\u00e9nye<\/h2>\n<p>Mi a helyzet akkor, ha m\u00e1r megv\u00e1s\u00e1rolta saj\u00e1t szelv\u00e9ny\u00e9t a Powerball Australia j\u00e1t\u00e9kra? Nos, akkor m\u00e9g k\u00f6nnyebb dolga van, ha meg akarja n\u00e9zni a nyertes sz\u00e1mokat. Ahelyett, hogy a szok\u00e1sos lott\u00f3eredm\u00e9nyek oldal\u00e1t n\u00e9zn\u00e9 meg, megn\u00e9zheti a szelv\u00e9nyek oldal\u00e1t a fi\u00f3kj\u00e1ban. \u00cdgy l\u00e1thatja a nyertes sz\u00e1mokat a saj\u00e1tjaihoz k\u00e9pest, ami m\u00e9g jobban megfelel az \u00d6n ig\u00e9nyeinek.<\/p>\n<p>Megn\u00e9zheted, hogy a szelv\u00e9nyedben mely sz\u00e1mok vannak kiemelve, ami azt jelenti, hogy megegyeznek a nyer\u0151sz\u00e1mokkal. Ezut\u00e1n l\u00e1thatod, hogy mennyit nyert\u00e9l. \u00c9s ha ez kevesebb, mint 2500 eur\u00f3, akkor azt csak \u00fagy j\u00f3v\u00e1\u00edrj\u00e1k a sz\u00e1ml\u00e1don.<\/p>\n<h2>Powerball Ausztr\u00e1lia eredm\u00e9nyek arch\u00edvuma<\/h2>\n<p>Weboldalunkon megk\u00f6nny\u00edtj\u00fck, hogy ne csak a Powerball Australia aktu\u00e1lis lott\u00f3sz\u00e1mait \u00e9s m\u00e9g sok m\u00e1st, hanem a r\u00e9gi sz\u00e1mokat is ellen\u0151rizze. Az emberek egyik legn\u00e9pszer\u0171bb m\u00f3dja a sz\u00e1mok kiv\u00e1laszt\u00e1s\u00e1nak az, hogy megn\u00e9znek n\u00e9h\u00e1ny r\u00e9gebbi sz\u00e1mot, ez\u00e9rt gondoskodunk arr\u00f3l, hogy ezeket a sz\u00e1mokat b\u00e1rmelyik oldalon megtal\u00e1lja, ahol az aktu\u00e1lis nyer\u0151sz\u00e1mokat k\u00edn\u00e1ljuk.<\/p>\n<h2>A szelv\u00e9nyem nyert, mi k\u00f6vetkezik ezut\u00e1n?<\/h2>\n<p>Ha a szelv\u00e9nye nyertes, akkor csak h\u00e1tra kell d\u0151lnie, \u00e9s hagynia kell, hogy seg\u00edts\u00fcnk \u00d6nnek megszerezni az \u00d6nt megillet\u0151 p\u00e9nzt. Ha 2500 eur\u00f3n\u00e1l kevesebbet nyert\u00e9l, azt j\u00f3v\u00e1\u00edrjuk a j\u00e1t\u00e9kossz\u00e1ml\u00e1don, amint az eredm\u00e9nyt ellen\u0151rizt\u00fck. Ezut\u00e1n mindaddig felveheted a p\u00e9nzt, am\u00edg 10 \u20ac van a sz\u00e1ml\u00e1don.<\/p>\n","protected":false},"excerpt":{"rendered":"<p>A nemzetk\u00f6zi lott\u00f3j\u00e1t\u00e9kok eset\u00e9ben megpr\u00f3b\u00e1lhatja ellen\u0151rizni az eredm\u00e9nyeket az \u00fajs\u00e1gban, de nem val\u00f3sz\u00edn\u0171, hogy a helyi \u00fajs\u00e1gban megtal\u00e1lja a Powerball Australia nyer\u0151sz\u00e1mait. Lehet, hogy a helyi t\u00e9v\u00e9csatorn\u00e1kon sem tal\u00e1lja meg. Ha m\u00e9gis, akkor n\u00e9mi id\u0151be \u00e9s er\u0151fesz\u00edt\u00e9sbe fog ker\u00fclni a megfelel\u0151 csatorna kiv\u00e1laszt\u00e1sa. Egy m\u00e1sik lehet\u0151s\u00e9g, hogy megn\u00e9zi a Powerball Australia weboldal\u00e1n, hogy van-e \u00e9l\u0151 [&hellip;]<\/p>\n","protected":false},"author":1,"featured_media":0,"parent":5838,"menu_order":13,"comment_status":"closed","ping_status":"closed","template":"powerball-au-results.php","meta":{"_et_pb_use_builder":"","_et_pb_old_content":"","_et_gb_content_width":"","exclude_from_search":false,"footnotes":""},"class_list":["post-80897","page","type-page","status-publish","hentry"],"yoast_head":"<!-- This site is optimized with the Yoast SEO plugin v23.4 - https:\/\/yoast.com\/wordpress\/plugins\/seo\/ -->\n<title>A Powerball Ausztr\u00e1lia legfrissebb \u00e9s kor\u00e1bbi sorsol\u00e1sainak eredm\u00e9nyei \u00e9s nyer\u0151sz\u00e1mai<\/title>\n<meta name=\"description\" content=\"K\u00f6zvetlen\u00fcl a sorsol\u00e1s ut\u00e1n k\u00f6zz\u00e9tessz\u00fck a Powerball Australia nyer\u0151sz\u00e1mait.\" \/>\n<meta name=\"robots\" content=\"index, follow, max-snippet:-1, max-image-preview:large, max-video-preview:-1\" \/>\n<link rel=\"canonical\" href=\"https:\/\/onlinelotto365.com\/hu\/nyero-lottoszamok\/powerball-australia\/\" \/>\n<meta property=\"og:locale\" content=\"hu_HU\" \/>\n<meta property=\"og:type\" content=\"article\" \/>\n<meta property=\"og:title\" content=\"A Powerball Ausztr\u00e1lia legfrissebb \u00e9s kor\u00e1bbi sorsol\u00e1sainak eredm\u00e9nyei \u00e9s nyer\u0151sz\u00e1mai\" \/>\n<meta property=\"og:description\" content=\"K\u00f6zvetlen\u00fcl a sorsol\u00e1s ut\u00e1n k\u00f6zz\u00e9tessz\u00fck a Powerball Australia nyer\u0151sz\u00e1mait.\" \/>\n<meta property=\"og:url\" content=\"https:\/\/onlinelotto365.com\/hu\/nyero-lottoszamok\/powerball-australia\/\" \/>\n<meta property=\"og:site_name\" content=\"OnlineLotto365\" \/>\n<meta property=\"og:image\" content=\"https:\/\/redfoxlotto.com\/image?size=8&amp;lottery=powerball-au\" \/>\n<meta name=\"twitter:card\" content=\"summary_large_image\" \/>\n<meta name=\"twitter:label1\" content=\"Becs\u00fclt olvas\u00e1si id\u0151\" \/>\n\t<meta name=\"twitter:data1\" content=\"2 perc\" \/>\n<script type=\"application\/ld+json\" class=\"yoast-schema-graph\">{\"@context\":\"https:\/\/schema.org\",\"@graph\":[{\"@type\":\"WebPage\",\"@id\":\"https:\/\/onlinelotto365.com\/hu\/nyero-lottoszamok\/powerball-australia\/\",\"url\":\"https:\/\/onlinelotto365.com\/hu\/nyero-lottoszamok\/powerball-australia\/\",\"name\":\"A Powerball Ausztr\u00e1lia legfrissebb \u00e9s kor\u00e1bbi sorsol\u00e1sainak eredm\u00e9nyei \u00e9s nyer\u0151sz\u00e1mai\",\"isPartOf\":{\"@id\":\"https:\/\/onlinelotto365.com\/hu\/#website\"},\"primaryImageOfPage\":{\"@id\":\"https:\/\/onlinelotto365.com\/hu\/nyero-lottoszamok\/powerball-australia\/#primaryimage\"},\"image\":{\"@id\":\"https:\/\/onlinelotto365.com\/hu\/nyero-lottoszamok\/powerball-australia\/#primaryimage\"},\"thumbnailUrl\":\"https:\/\/redfoxlotto.com\/image?size=8&amp;lottery=powerball-au\",\"datePublished\":\"2022-11-23T12:21:14+00:00\",\"dateModified\":\"2022-11-23T12:21:14+00:00\",\"description\":\"K\u00f6zvetlen\u00fcl a sorsol\u00e1s ut\u00e1n k\u00f6zz\u00e9tessz\u00fck a Powerball Australia nyer\u0151sz\u00e1mait.\",\"breadcrumb\":{\"@id\":\"https:\/\/onlinelotto365.com\/hu\/nyero-lottoszamok\/powerball-australia\/#breadcrumb\"},\"inLanguage\":\"hu\",\"potentialAction\":[{\"@type\":\"ReadAction\",\"target\":[\"https:\/\/onlinelotto365.com\/hu\/nyero-lottoszamok\/powerball-australia\/\"]}]},{\"@type\":\"ImageObject\",\"inLanguage\":\"hu\",\"@id\":\"https:\/\/onlinelotto365.com\/hu\/nyero-lottoszamok\/powerball-australia\/#primaryimage\",\"url\":\"https:\/\/redfoxlotto.com\/image?size=8&amp;lottery=powerball-au\",\"contentUrl\":\"https:\/\/redfoxlotto.com\/image?size=8&amp;lottery=powerball-au\"},{\"@type\":\"BreadcrumbList\",\"@id\":\"https:\/\/onlinelotto365.com\/hu\/nyero-lottoszamok\/powerball-australia\/#breadcrumb\",\"itemListElement\":[{\"@type\":\"ListItem\",\"position\":1,\"name\":\"Home\",\"item\":\"https:\/\/onlinelotto365.com\/hu\/\"},{\"@type\":\"ListItem\",\"position\":2,\"name\":\"Nemzetk\u00f6zi lott\u00f3eredm\u00e9nyeket keresel?\",\"item\":\"https:\/\/onlinelotto365.com\/hu\/winning-numbers\/\"},{\"@type\":\"ListItem\",\"position\":3,\"name\":\"Powerball Ausztr\u00e1lia &#8211; leg\u00fajabb \u00e9s kor\u00e1bbi nyer\u0151sz\u00e1mok, eredm\u00e9nyek\"}]},{\"@type\":\"WebSite\",\"@id\":\"https:\/\/onlinelotto365.com\/hu\/#website\",\"url\":\"https:\/\/onlinelotto365.com\/hu\/\",\"name\":\"OnlineLotto365\",\"description\":\"\",\"potentialAction\":[{\"@type\":\"SearchAction\",\"target\":{\"@type\":\"EntryPoint\",\"urlTemplate\":\"https:\/\/onlinelotto365.com\/hu\/?s={search_term_string}\"},\"query-input\":{\"@type\":\"PropertyValueSpecification\",\"valueRequired\":true,\"valueName\":\"search_term_string\"}}],\"inLanguage\":\"hu\"}]}<\/script>\n<!-- \/ Yoast SEO plugin. -->","yoast_head_json":{"title":"A Powerball Ausztr\u00e1lia legfrissebb \u00e9s kor\u00e1bbi sorsol\u00e1sainak eredm\u00e9nyei \u00e9s nyer\u0151sz\u00e1mai","description":"K\u00f6zvetlen\u00fcl a sorsol\u00e1s ut\u00e1n k\u00f6zz\u00e9tessz\u00fck a Powerball Australia nyer\u0151sz\u00e1mait.","robots":{"index":"index","follow":"follow","max-snippet":"max-snippet:-1","max-image-preview":"max-image-preview:large","max-video-preview":"max-video-preview:-1"},"canonical":"https:\/\/onlinelotto365.com\/hu\/nyero-lottoszamok\/powerball-australia\/","og_locale":"hu_HU","og_type":"article","og_title":"A Powerball Ausztr\u00e1lia legfrissebb \u00e9s kor\u00e1bbi sorsol\u00e1sainak eredm\u00e9nyei \u00e9s nyer\u0151sz\u00e1mai","og_description":"K\u00f6zvetlen\u00fcl a sorsol\u00e1s ut\u00e1n k\u00f6zz\u00e9tessz\u00fck a Powerball Australia nyer\u0151sz\u00e1mait.","og_url":"https:\/\/onlinelotto365.com\/hu\/nyero-lottoszamok\/powerball-australia\/","og_site_name":"OnlineLotto365","og_image":[{"url":"https:\/\/redfoxlotto.com\/image?size=8&amp;lottery=powerball-au"}],"twitter_card":"summary_large_image","twitter_misc":{"Becs\u00fclt olvas\u00e1si id\u0151":"2 perc"},"schema":{"@context":"https:\/\/schema.org","@graph":[{"@type":"WebPage","@id":"https:\/\/onlinelotto365.com\/hu\/nyero-lottoszamok\/powerball-australia\/","url":"https:\/\/onlinelotto365.com\/hu\/nyero-lottoszamok\/powerball-australia\/","name":"A Powerball Ausztr\u00e1lia legfrissebb \u00e9s kor\u00e1bbi sorsol\u00e1sainak eredm\u00e9nyei \u00e9s nyer\u0151sz\u00e1mai","isPartOf":{"@id":"https:\/\/onlinelotto365.com\/hu\/#website"},"primaryImageOfPage":{"@id":"https:\/\/onlinelotto365.com\/hu\/nyero-lottoszamok\/powerball-australia\/#primaryimage"},"image":{"@id":"https:\/\/onlinelotto365.com\/hu\/nyero-lottoszamok\/powerball-australia\/#primaryimage"},"thumbnailUrl":"https:\/\/redfoxlotto.com\/image?size=8&amp;lottery=powerball-au","datePublished":"2022-11-23T12:21:14+00:00","dateModified":"2022-11-23T12:21:14+00:00","description":"K\u00f6zvetlen\u00fcl a sorsol\u00e1s ut\u00e1n k\u00f6zz\u00e9tessz\u00fck a Powerball Australia nyer\u0151sz\u00e1mait.","breadcrumb":{"@id":"https:\/\/onlinelotto365.com\/hu\/nyero-lottoszamok\/powerball-australia\/#breadcrumb"},"inLanguage":"hu","potentialAction":[{"@type":"ReadAction","target":["https:\/\/onlinelotto365.com\/hu\/nyero-lottoszamok\/powerball-australia\/"]}]},{"@type":"ImageObject","inLanguage":"hu","@id":"https:\/\/onlinelotto365.com\/hu\/nyero-lottoszamok\/powerball-australia\/#primaryimage","url":"https:\/\/redfoxlotto.com\/image?size=8&amp;lottery=powerball-au","contentUrl":"https:\/\/redfoxlotto.com\/image?size=8&amp;lottery=powerball-au"},{"@type":"BreadcrumbList","@id":"https:\/\/onlinelotto365.com\/hu\/nyero-lottoszamok\/powerball-australia\/#breadcrumb","itemListElement":[{"@type":"ListItem","position":1,"name":"Home","item":"https:\/\/onlinelotto365.com\/hu\/"},{"@type":"ListItem","position":2,"name":"Nemzetk\u00f6zi lott\u00f3eredm\u00e9nyeket keresel?","item":"https:\/\/onlinelotto365.com\/hu\/winning-numbers\/"},{"@type":"ListItem","position":3,"name":"Powerball Ausztr\u00e1lia &#8211; leg\u00fajabb \u00e9s kor\u00e1bbi nyer\u0151sz\u00e1mok, eredm\u00e9nyek"}]},{"@type":"WebSite","@id":"https:\/\/onlinelotto365.com\/hu\/#website","url":"https:\/\/onlinelotto365.com\/hu\/","name":"OnlineLotto365","description":"","potentialAction":[{"@type":"SearchAction","target":{"@type":"EntryPoint","urlTemplate":"https:\/\/onlinelotto365.com\/hu\/?s={search_term_string}"},"query-input":{"@type":"PropertyValueSpecification","valueRequired":true,"valueName":"search_term_string"}}],"inLanguage":"hu"}]}},"_links":{"self":[{"href":"https:\/\/onlinelotto365.com\/hu\/wp-json\/wp\/v2\/pages\/80897","targetHints":{"allow":["GET"]}}],"collection":[{"href":"https:\/\/onlinelotto365.com\/hu\/wp-json\/wp\/v2\/pages"}],"about":[{"href":"https:\/\/onlinelotto365.com\/hu\/wp-json\/wp\/v2\/types\/page"}],"author":[{"embeddable":true,"href":"https:\/\/onlinelotto365.com\/hu\/wp-json\/wp\/v2\/users\/1"}],"replies":[{"embeddable":true,"href":"https:\/\/onlinelotto365.com\/hu\/wp-json\/wp\/v2\/comments?post=80897"}],"version-history":[{"count":0,"href":"https:\/\/onlinelotto365.com\/hu\/wp-json\/wp\/v2\/pages\/80897\/revisions"}],"up":[{"embeddable":true,"href":"https:\/\/onlinelotto365.com\/hu\/wp-json\/wp\/v2\/pages\/5838"}],"wp:attachment":[{"href":"https:\/\/onlinelotto365.com\/hu\/wp-json\/wp\/v2\/media?parent=80897"}],"curies":[{"name":"wp","href":"https:\/\/api.w.org\/{rel}","templated":true}]}}