{"id":80932,"date":"2022-11-23T21:40:34","date_gmt":"2022-11-23T20:40:34","guid":{"rendered":"https:\/\/onlinelotto365.com\/?page_id=80932"},"modified":"2022-11-23T21:40:34","modified_gmt":"2022-11-23T20:40:34","slug":"oz-lotto","status":"publish","type":"page","link":"https:\/\/onlinelotto365.com\/hu\/nyero-lottoszamok\/oz-lotto\/","title":{"rendered":"Nyer\u0151 sz\u00e1mok Oz Lotto"},"content":{"rendered":"<p>Rengeteg nemzetk\u00f6zi lott\u00f3 opci\u00f3 \u00e1ll rendelkez\u00e9sre a weboldalunkon, \u00e9s amikor ezekkel a j\u00e1t\u00e9kokkal j\u00e1tszik, meg akar gy\u0151z\u0151dni arr\u00f3l, hogy ellen\u0151rizni tudja a nyer\u0151sz\u00e1mokat. Az egyik m\u00f3dja az \u00fajs\u00e1g, de az Oz Lotto eredm\u00e9nyeinek megtal\u00e1l\u00e1sa az \u00fajs\u00e1gban neh\u00e9z lehet. Egy m\u00e1sik lehet\u0151s\u00e9g a telev\u00edzi\u00f3ban, de a megfelel\u0151 csatorna megtal\u00e1l\u00e1sa a sorsol\u00e1s megtekint\u00e9s\u00e9hez vagy az eredm\u00e9nyek megtekint\u00e9s\u00e9hez szint\u00e9n neh\u00e9z helyzetet jelenthet a legt\u00f6bb ember sz\u00e1m\u00e1ra.<br \/>\n<a href=\"https:\/\/redfoxlotto.com\/play\/oz-lotto\/?ref=a8564250a2&amp;medium=ol365\" target=\"_blank\" rel=\"noopener noreferrer\"><img decoding=\"async\" class=\"aligncenter\" src=\"https:\/\/redfoxlotto.com\/image?size=8&amp;lottery=oz-lotto\" alt=\"Oz Lotto\" \/><\/a><br \/>\nEzut\u00e1n megn\u00e9zheti az Oz Lotto hivatalos weboldal\u00e1t, \u00e9s megn\u00e9zheti, hogy ott tal\u00e1lja-e meg az eredm\u00e9nyeket. Egyes j\u00e1t\u00e9kok lehet\u0151v\u00e9 teszik, hogy a sorsol\u00e1st \u00e9l\u0151ben n\u00e9zze a weboldalukon. De ne feledje, hogy ez nem minden lott\u00f3j\u00e1t\u00e9kn\u00e1l lehets\u00e9ges, \u00e9s el\u0151fordulhat, hogy nem lesz lehet\u0151s\u00e9ge erre.<\/p>\n<p>A sorsol\u00e1s ut\u00e1n n\u00e9ha r\u00e1kereshet a YouTube-on a legut\u00f3bbi Oz Lotto sorsol\u00e1s eredm\u00e9ny\u00e9re. Ezek sem mindig el\u00e9rhet\u0151k, de n\u00e9ha valaki k\u00f6zz\u00e9tesz egy vide\u00f3t az \u00e9l\u0151 sorsol\u00e1sr\u00f3l vagy a sz\u00e1mokr\u00f3l.<\/p>\n<p>A legjobb azonban, amit tehetsz, ha szeretn\u00e9d megtudni a legfrissebb nyer\u0151sz\u00e1mokat, ha megn\u00e9zed a weboldalunkat \u00e9s a lott\u00f3 eredm\u00e9nyek oldalunkat. Oda minden lott\u00f3j\u00e1t\u00e9k eredm\u00e9nyeit feltessz\u00fck, amit a weboldalunkon megv\u00e1s\u00e1rolhatsz, hogy tudd, hol kell keresned.<\/p>\n<h2>Hogyan tudhatja meg, hogy nyert-e az online szelv\u00e9nye<\/h2>\n<p>Azok, akik m\u00e1r v\u00e1s\u00e1roltak szelv\u00e9nyt b\u00e1rmelyik \u00e1ltalunk k\u00edn\u00e1lt j\u00e1t\u00e9kra, bejelentkezhetnek a fi\u00f3kjukba, \u00e9s felkereshetik azt az oldalt, ahol a szelv\u00e9nyeiket t\u00e1rolj\u00e1k. Ezen az oldalon minden sz\u00fcks\u00e9ges inform\u00e1ci\u00f3t megkaphat. L\u00e1thatja a lott\u00f3szelv\u00e9nyeit, valamint a nyertes sz\u00e1mokat.<br \/>\nHa el\u00e9g szerencs\u00e9s vagy ahhoz, hogy b\u00e1rmelyik sz\u00e1mot eltal\u00e1ld, akkor a k\u00e9perny\u0151d\u00f6n is l\u00e1tni fogod a megfelel\u0151 sz\u00e1mokat kiemelve. \u00c9s ellen\u0151rizheti a megfelel\u0151 sz\u00e1mok mennyis\u00e9g\u00e9t, valamint azt is, hogy milyen nyerem\u00e9nyt nyert. Ha az kevesebb, mint 2500 eur\u00f3, akkor megn\u00e9zheted a sz\u00e1ml\u00e1don, \u00e9s k\u00f6zvetlen\u00fcl a j\u00e1t\u00e9kosfi\u00f3kodban tal\u00e1lod meg, amint az eredm\u00e9nyek ellen\u0151rz\u00e9se megt\u00f6rt\u00e9nt.<\/p>\n<h2>Oz Lotto eredm\u00e9nyek arch\u00edvuma<\/h2>\n<p>Azok sz\u00e1m\u00e1ra, akik az Oz Lotto vagy m\u00e1s lott\u00f3j\u00e1t\u00e9kok r\u00e9gebbi sz\u00e1mait szeretn\u00e9k megn\u00e9zni, k\u00f6nnyen megtal\u00e1lhatj\u00e1k az arch\u00edvumot, amely b\u00e1rmelyik oldalhoz kapcsol\u00f3dik, ahol az aktu\u00e1lis sz\u00e1mok l\u00e1that\u00f3k. Ez megk\u00f6nny\u00edti a keresett sz\u00e1mok megtal\u00e1l\u00e1s\u00e1t, hogy seg\u00edtsen a j\u00f6v\u0151beli tippekn\u00e9l.<\/p>\n<h2>A szelv\u00e9nyem nyert, mi k\u00f6vetkezik ezut\u00e1n?<\/h2>\n<p><img loading=\"lazy\" decoding=\"async\" class=\"alignright wp-image-3624\" src=\"https:\/\/onlinelotto365.com\/wp-content\/uploads\/2020\/11\/online_lottery-74-200x300.jpg\" alt=\"oz lotto nyer\u0151sz\u00e1mok\" width=\"123\" height=\"185\" srcset=\"https:\/\/onlinelotto365.com\/wp-content\/uploads\/2020\/11\/online_lottery-74-200x300.jpg 200w, https:\/\/onlinelotto365.com\/wp-content\/uploads\/2020\/11\/online_lottery-74.jpg 320w\" sizes=\"auto, (max-width: 123px) 100vw, 123px\" \/><br \/>\nArr\u00f3l m\u00e1r besz\u00e9lt\u00fcnk, hogyan juthatsz hozz\u00e1 a nyerem\u00e9nyedhez, ha a szelv\u00e9nyed egyezik a nyer\u0151sz\u00e1mokkal, de n\u00e9zz\u00fck meg egy kicsit k\u00f6zelebbr\u0151l is. Ha 2500 eur\u00f3n\u00e1l kisebb \u00e9rt\u00e9k\u0171 szelv\u00e9nyed van, akkor a p\u00e9nzt automatikusan j\u00f3v\u00e1\u00edrj\u00e1k a sz\u00e1ml\u00e1don, amint a nyer\u0151sz\u00e1mok ellen\u0151rz\u00e9se megt\u00f6rt\u00e9nt.<\/p>\n<p>Ezut\u00e1n, ha legal\u00e1bb 10 \u20ac van a sz\u00e1ml\u00e1don, akkor ezt a p\u00e9nzt b\u00e1rmelyik fizet\u00e9si m\u00f3ddal kiveheted, amelyet m\u00e1r haszn\u00e1lt\u00e1l a sz\u00e1ml\u00e1don. Csak n\u00e9h\u00e1ny \u0171rlapot kell kit\u00f6ltened a szem\u00e9lyazonoss\u00e1god igazol\u00e1s\u00e1hoz, \u00e9s a p\u00e9nzed pillanatok alatt a sz\u00e1ml\u00e1don lesz. Vagy ott is hagyhatod, ahol van, \u00e9s k\u00e9s\u0151bb m\u00e9g t\u00f6bb jegyet v\u00e1s\u00e1rolhatsz bel\u0151le.<\/p>\n","protected":false},"excerpt":{"rendered":"<p>Rengeteg nemzetk\u00f6zi lott\u00f3 opci\u00f3 \u00e1ll rendelkez\u00e9sre a weboldalunkon, \u00e9s amikor ezekkel a j\u00e1t\u00e9kokkal j\u00e1tszik, meg akar gy\u0151z\u0151dni arr\u00f3l, hogy ellen\u0151rizni tudja a nyer\u0151sz\u00e1mokat. Az egyik m\u00f3dja az \u00fajs\u00e1g, de az Oz Lotto eredm\u00e9nyeinek megtal\u00e1l\u00e1sa az \u00fajs\u00e1gban neh\u00e9z lehet. Egy m\u00e1sik lehet\u0151s\u00e9g a telev\u00edzi\u00f3ban, de a megfelel\u0151 csatorna megtal\u00e1l\u00e1sa a sorsol\u00e1s megtekint\u00e9s\u00e9hez vagy az eredm\u00e9nyek megtekint\u00e9s\u00e9hez [&hellip;]<\/p>\n","protected":false},"author":1,"featured_media":0,"parent":5838,"menu_order":14,"comment_status":"closed","ping_status":"closed","template":"template-rightsidebar.php","meta":{"_et_pb_use_builder":"","_et_pb_old_content":"","_et_gb_content_width":"","exclude_from_search":false,"footnotes":""},"class_list":["post-80932","page","type-page","status-publish","hentry"],"yoast_head":"<!-- This site is optimized with the Yoast SEO plugin v23.4 - https:\/\/yoast.com\/wordpress\/plugins\/seo\/ -->\n<title>Oz Lotto sorsol\u00e1s eredm\u00e9nyei \u00e9s nyerem\u00e9nyek<\/title>\n<meta name=\"description\" content=\"Az Oz Lotto sorsol\u00e1si eredm\u00e9nyeit keresi? Itt vannak a nyer\u0151sz\u00e1mok\" \/>\n<meta name=\"robots\" content=\"index, follow, max-snippet:-1, max-image-preview:large, max-video-preview:-1\" \/>\n<link rel=\"canonical\" href=\"https:\/\/onlinelotto365.com\/hu\/nyero-lottoszamok\/oz-lotto\/\" \/>\n<meta property=\"og:locale\" content=\"hu_HU\" \/>\n<meta property=\"og:type\" content=\"article\" \/>\n<meta property=\"og:title\" content=\"Oz Lotto sorsol\u00e1s eredm\u00e9nyei \u00e9s nyerem\u00e9nyek\" \/>\n<meta property=\"og:description\" content=\"Az Oz Lotto sorsol\u00e1si eredm\u00e9nyeit keresi? Itt vannak a nyer\u0151sz\u00e1mok\" \/>\n<meta property=\"og:url\" content=\"https:\/\/onlinelotto365.com\/hu\/nyero-lottoszamok\/oz-lotto\/\" \/>\n<meta property=\"og:site_name\" content=\"OnlineLotto365\" \/>\n<meta property=\"og:image\" content=\"https:\/\/redfoxlotto.com\/image?size=8&amp;lottery=oz-lotto\" \/>\n<meta name=\"twitter:card\" content=\"summary_large_image\" \/>\n<meta name=\"twitter:label1\" content=\"Becs\u00fclt olvas\u00e1si id\u0151\" \/>\n\t<meta name=\"twitter:data1\" content=\"3 perc\" \/>\n<script type=\"application\/ld+json\" class=\"yoast-schema-graph\">{\"@context\":\"https:\/\/schema.org\",\"@graph\":[{\"@type\":\"WebPage\",\"@id\":\"https:\/\/onlinelotto365.com\/hu\/nyero-lottoszamok\/oz-lotto\/\",\"url\":\"https:\/\/onlinelotto365.com\/hu\/nyero-lottoszamok\/oz-lotto\/\",\"name\":\"Oz Lotto sorsol\u00e1s eredm\u00e9nyei \u00e9s nyerem\u00e9nyek\",\"isPartOf\":{\"@id\":\"https:\/\/onlinelotto365.com\/hu\/#website\"},\"primaryImageOfPage\":{\"@id\":\"https:\/\/onlinelotto365.com\/hu\/nyero-lottoszamok\/oz-lotto\/#primaryimage\"},\"image\":{\"@id\":\"https:\/\/onlinelotto365.com\/hu\/nyero-lottoszamok\/oz-lotto\/#primaryimage\"},\"thumbnailUrl\":\"https:\/\/redfoxlotto.com\/image?size=8&amp;lottery=oz-lotto\",\"datePublished\":\"2022-11-23T20:40:34+00:00\",\"dateModified\":\"2022-11-23T20:40:34+00:00\",\"description\":\"Az Oz Lotto sorsol\u00e1si eredm\u00e9nyeit keresi? Itt vannak a nyer\u0151sz\u00e1mok\",\"breadcrumb\":{\"@id\":\"https:\/\/onlinelotto365.com\/hu\/nyero-lottoszamok\/oz-lotto\/#breadcrumb\"},\"inLanguage\":\"hu\",\"potentialAction\":[{\"@type\":\"ReadAction\",\"target\":[\"https:\/\/onlinelotto365.com\/hu\/nyero-lottoszamok\/oz-lotto\/\"]}]},{\"@type\":\"ImageObject\",\"inLanguage\":\"hu\",\"@id\":\"https:\/\/onlinelotto365.com\/hu\/nyero-lottoszamok\/oz-lotto\/#primaryimage\",\"url\":\"https:\/\/redfoxlotto.com\/image?size=8&amp;lottery=oz-lotto\",\"contentUrl\":\"https:\/\/redfoxlotto.com\/image?size=8&amp;lottery=oz-lotto\"},{\"@type\":\"BreadcrumbList\",\"@id\":\"https:\/\/onlinelotto365.com\/hu\/nyero-lottoszamok\/oz-lotto\/#breadcrumb\",\"itemListElement\":[{\"@type\":\"ListItem\",\"position\":1,\"name\":\"Home\",\"item\":\"https:\/\/onlinelotto365.com\/hu\/\"},{\"@type\":\"ListItem\",\"position\":2,\"name\":\"Nemzetk\u00f6zi lott\u00f3eredm\u00e9nyeket keresel?\",\"item\":\"https:\/\/onlinelotto365.com\/hu\/winning-numbers\/\"},{\"@type\":\"ListItem\",\"position\":3,\"name\":\"Nyer\u0151 sz\u00e1mok Oz Lotto\"}]},{\"@type\":\"WebSite\",\"@id\":\"https:\/\/onlinelotto365.com\/hu\/#website\",\"url\":\"https:\/\/onlinelotto365.com\/hu\/\",\"name\":\"OnlineLotto365\",\"description\":\"\",\"potentialAction\":[{\"@type\":\"SearchAction\",\"target\":{\"@type\":\"EntryPoint\",\"urlTemplate\":\"https:\/\/onlinelotto365.com\/hu\/?s={search_term_string}\"},\"query-input\":{\"@type\":\"PropertyValueSpecification\",\"valueRequired\":true,\"valueName\":\"search_term_string\"}}],\"inLanguage\":\"hu\"}]}<\/script>\n<!-- \/ Yoast SEO plugin. -->","yoast_head_json":{"title":"Oz Lotto sorsol\u00e1s eredm\u00e9nyei \u00e9s nyerem\u00e9nyek","description":"Az Oz Lotto sorsol\u00e1si eredm\u00e9nyeit keresi? Itt vannak a nyer\u0151sz\u00e1mok","robots":{"index":"index","follow":"follow","max-snippet":"max-snippet:-1","max-image-preview":"max-image-preview:large","max-video-preview":"max-video-preview:-1"},"canonical":"https:\/\/onlinelotto365.com\/hu\/nyero-lottoszamok\/oz-lotto\/","og_locale":"hu_HU","og_type":"article","og_title":"Oz Lotto sorsol\u00e1s eredm\u00e9nyei \u00e9s nyerem\u00e9nyek","og_description":"Az Oz Lotto sorsol\u00e1si eredm\u00e9nyeit keresi? Itt vannak a nyer\u0151sz\u00e1mok","og_url":"https:\/\/onlinelotto365.com\/hu\/nyero-lottoszamok\/oz-lotto\/","og_site_name":"OnlineLotto365","og_image":[{"url":"https:\/\/redfoxlotto.com\/image?size=8&amp;lottery=oz-lotto"}],"twitter_card":"summary_large_image","twitter_misc":{"Becs\u00fclt olvas\u00e1si id\u0151":"3 perc"},"schema":{"@context":"https:\/\/schema.org","@graph":[{"@type":"WebPage","@id":"https:\/\/onlinelotto365.com\/hu\/nyero-lottoszamok\/oz-lotto\/","url":"https:\/\/onlinelotto365.com\/hu\/nyero-lottoszamok\/oz-lotto\/","name":"Oz Lotto sorsol\u00e1s eredm\u00e9nyei \u00e9s nyerem\u00e9nyek","isPartOf":{"@id":"https:\/\/onlinelotto365.com\/hu\/#website"},"primaryImageOfPage":{"@id":"https:\/\/onlinelotto365.com\/hu\/nyero-lottoszamok\/oz-lotto\/#primaryimage"},"image":{"@id":"https:\/\/onlinelotto365.com\/hu\/nyero-lottoszamok\/oz-lotto\/#primaryimage"},"thumbnailUrl":"https:\/\/redfoxlotto.com\/image?size=8&amp;lottery=oz-lotto","datePublished":"2022-11-23T20:40:34+00:00","dateModified":"2022-11-23T20:40:34+00:00","description":"Az Oz Lotto sorsol\u00e1si eredm\u00e9nyeit keresi? Itt vannak a nyer\u0151sz\u00e1mok","breadcrumb":{"@id":"https:\/\/onlinelotto365.com\/hu\/nyero-lottoszamok\/oz-lotto\/#breadcrumb"},"inLanguage":"hu","potentialAction":[{"@type":"ReadAction","target":["https:\/\/onlinelotto365.com\/hu\/nyero-lottoszamok\/oz-lotto\/"]}]},{"@type":"ImageObject","inLanguage":"hu","@id":"https:\/\/onlinelotto365.com\/hu\/nyero-lottoszamok\/oz-lotto\/#primaryimage","url":"https:\/\/redfoxlotto.com\/image?size=8&amp;lottery=oz-lotto","contentUrl":"https:\/\/redfoxlotto.com\/image?size=8&amp;lottery=oz-lotto"},{"@type":"BreadcrumbList","@id":"https:\/\/onlinelotto365.com\/hu\/nyero-lottoszamok\/oz-lotto\/#breadcrumb","itemListElement":[{"@type":"ListItem","position":1,"name":"Home","item":"https:\/\/onlinelotto365.com\/hu\/"},{"@type":"ListItem","position":2,"name":"Nemzetk\u00f6zi lott\u00f3eredm\u00e9nyeket keresel?","item":"https:\/\/onlinelotto365.com\/hu\/winning-numbers\/"},{"@type":"ListItem","position":3,"name":"Nyer\u0151 sz\u00e1mok Oz Lotto"}]},{"@type":"WebSite","@id":"https:\/\/onlinelotto365.com\/hu\/#website","url":"https:\/\/onlinelotto365.com\/hu\/","name":"OnlineLotto365","description":"","potentialAction":[{"@type":"SearchAction","target":{"@type":"EntryPoint","urlTemplate":"https:\/\/onlinelotto365.com\/hu\/?s={search_term_string}"},"query-input":{"@type":"PropertyValueSpecification","valueRequired":true,"valueName":"search_term_string"}}],"inLanguage":"hu"}]}},"_links":{"self":[{"href":"https:\/\/onlinelotto365.com\/hu\/wp-json\/wp\/v2\/pages\/80932","targetHints":{"allow":["GET"]}}],"collection":[{"href":"https:\/\/onlinelotto365.com\/hu\/wp-json\/wp\/v2\/pages"}],"about":[{"href":"https:\/\/onlinelotto365.com\/hu\/wp-json\/wp\/v2\/types\/page"}],"author":[{"embeddable":true,"href":"https:\/\/onlinelotto365.com\/hu\/wp-json\/wp\/v2\/users\/1"}],"replies":[{"embeddable":true,"href":"https:\/\/onlinelotto365.com\/hu\/wp-json\/wp\/v2\/comments?post=80932"}],"version-history":[{"count":0,"href":"https:\/\/onlinelotto365.com\/hu\/wp-json\/wp\/v2\/pages\/80932\/revisions"}],"up":[{"embeddable":true,"href":"https:\/\/onlinelotto365.com\/hu\/wp-json\/wp\/v2\/pages\/5838"}],"wp:attachment":[{"href":"https:\/\/onlinelotto365.com\/hu\/wp-json\/wp\/v2\/media?parent=80932"}],"curies":[{"name":"wp","href":"https:\/\/api.w.org\/{rel}","templated":true}]}}