{"id":80962,"date":"2022-11-25T08:56:31","date_gmt":"2022-11-25T07:56:31","guid":{"rendered":"https:\/\/onlinelotto365.com\/?page_id=80962"},"modified":"2022-11-25T08:56:31","modified_gmt":"2022-11-25T07:56:31","slug":"szombat-lotto-ausztralia","status":"publish","type":"page","link":"https:\/\/onlinelotto365.com\/hu\/nyero-lottoszamok\/szombat-lotto-ausztralia\/","title":{"rendered":"Ellen\u0151rizze nyertes sz\u00e1mok \u00e9s \u00f6sszegek szombat Lotto Ausztr\u00e1lia"},"content":{"rendered":"<p>Rengeteg k\u00fcl\u00f6nb\u00f6z\u0151 nemzetk\u00f6zi j\u00e1t\u00e9k \u00e9rhet\u0151 el a weboldalunkon, \u00e9s tudjuk, hogy a lehet\u0151 leggyorsabban szeretn\u00e9 megtal\u00e1lni a nyer\u0151sz\u00e1mokat. Az \u00fajs\u00e1g \u00e1ltal\u00e1ban nem j\u00f3 hely arra, hogy megtal\u00e1ld a szombati lott\u00f3 Ausztr\u00e1lia nyer\u0151sz\u00e1mait. Az sem t\u00fal j\u00f3, ha a t\u00e9v\u00e9csatorn\u00e1kon n\u00e9zel\u0151dsz, \u00e9s abban rem\u00e9nykedsz, hogy megtal\u00e1lod a megfelel\u0151t ehhez a j\u00e1t\u00e9khoz. Teh\u00e1t hova menjen, hogy megkapja az eredm\u00e9nyeket?<br \/>\n<a href=\"https:\/\/redfoxlotto.com\/play\/saturday-lotto-au\/?ref=a8564250a2&amp;medium=ol365\" target=\"_blank\" rel=\"noopener noreferrer\"><img decoding=\"async\" class=\"aligncenter\" src=\"https:\/\/redfoxlotto.com\/image?size=8&amp;lottery=saturday-lotto-au\" alt=\"Szombat Lotto Ausztr\u00e1lia\" \/><\/a><br \/>\nA lott\u00f3 honlapja az egyik hely, ahol megn\u00e9zheted. Egyes lott\u00f3j\u00e1t\u00e9kok \u00e9l\u0151 k\u00f6zvet\u00edt\u00e9st k\u00edn\u00e1lnak a sorsol\u00e1sukr\u00f3l, de a szombati lott\u00f3 Ausztr\u00e1lia nem biztos, hogy ezek k\u00f6z\u00e9 tartozik. Meg kell n\u00e9znie a honlapot, hogy biztosra menjen, \u00e9s azt\u00e1n meg kell gy\u0151z\u0151dnie arr\u00f3l, hogy a megfelel\u0151 id\u0151ben n\u00e9zi a sorsol\u00e1st, ha val\u00f3ban \u00e9l\u0151ben k\u00edn\u00e1lj\u00e1k a sorsol\u00e1st.<br \/>\nV\u00e9g\u00fcl, ha a sorsol\u00e1s m\u00e1r befejez\u0151d\u00f6tt, akkor esetleg kereshet a YouTube-on, hogy megtal\u00e1lja az eredm\u00e9nyeket, amelyeket valaki m\u00e1r k\u00f6zz\u00e9tett. Lehet, hogy van egy vide\u00f3juk az \u00e9l\u0151 sorsol\u00e1sr\u00f3l, amit \u00e1t lehet tenni.<\/p>\n<p>A legegyszer\u0171bben azonban \u00fagy juthatsz a keresett eredm\u00e9nyekhez, ha r\u00f6gt\u00f6n a weboldalunkra t\u00e9rsz vissza. Ott megtal\u00e1lja a szombati ausztr\u00e1l lott\u00f3 \u00f6sszes sz\u00e1m\u00e1t, valamint minden m\u00e1s j\u00e1t\u00e9kot, amit j\u00e1tszani szeretne. A sz\u00e1mok el\u00e9rhet\u0151ek a lott\u00f3eredm\u00e9nyeink oldal\u00e1n, \u00e9s k\u00f6nnyen megtal\u00e1lhat\u00f3k.<\/p>\n<h2>Hogyan tudhatja meg, hogy az online szelv\u00e9nye nyert-e<\/h2>\n<p>Aki m\u00e1r v\u00e1s\u00e1rolt szelv\u00e9nyt a szombati Lotto Australia-ra a weboldalunkon, annak m\u00e9g k\u00f6nnyebb dolga lesz, mert egyszer\u0171en bel\u00e9phet a fi\u00f3kj\u00e1ba. Jelentkezzen be, \u00e9s n\u00e9zze meg az oldalt, ahol a szelv\u00e9nyeit t\u00e1rolja. Nemcsak a szelv\u00e9nysz\u00e1mait tal\u00e1lja meg, hanem a nyertes sz\u00e1mokat is, b\u00e1rmelyik j\u00e1t\u00e9khoz, amelyet megj\u00e1tszott.<\/p>\n<p>Onnan kereshetsz tal\u00e1latokat, amelyeket k\u00fcl\u00f6nb\u00f6z\u0151 sz\u00ednekkel jel\u00f6l\u00fcnk neked. \u00cdgy l\u00e1thatod, hogy mennyit nyert\u00e9l, \u00e9s l\u00e1thatod, hogy hol van a p\u00e9nz a sz\u00e1ml\u00e1don. Ha az \u00f6sszeg kevesebb, mint 2500 \u20ac, akkor azt m\u00e1ris a sz\u00e1ml\u00e1dra tessz\u00fck, \u00edgy neked nem kell semmit sem tenned.<\/p>\n<h2>Szombati Lotto Ausztr\u00e1lia eredm\u00e9nyek arch\u00edvum<\/h2>\n<p>Azok sz\u00e1m\u00e1ra, akik a szombati Lotto Australia r\u00e9gebbi sz\u00e1mait szeretn\u00e9k megn\u00e9zni, nem kell agg\u00f3dniuk. Gondoskodunk arr\u00f3l, hogy az arch\u00edvum k\u00f6nnyen megtal\u00e1lhat\u00f3 legyen az\u00e1ltal, hogy minden olyan oldalhoz csatoljuk, ahol az aktu\u00e1lis lott\u00f3eredm\u00e9nyeket mutatjuk. \u00cdgy b\u00e1rmelyik sz\u00e1mot megn\u00e9zheti, amit csak akar, ak\u00e1r r\u00e9gm\u00faltb\u00f3l is.<\/p>\n<h2>A szelv\u00e9nyem nyert, mi k\u00f6vetkezik ezut\u00e1n?<\/h2>\n<p>M\u00e1r besz\u00e9lt\u00fcnk arr\u00f3l, hogy milyen nyerem\u00e9nyt kaphat a lott\u00f3szelv\u00e9nyeivel. Ha ezek a nyerem\u00e9nyek 2500 eur\u00f3n\u00e1l kisebbek, akkor nem kell semmit sem tennie, hogy ig\u00e9nyt tartson r\u00e1juk. Mi azonnal \u00e1tutaljuk a p\u00e9nzt a j\u00e1t\u00e9kos sz\u00e1ml\u00e1j\u00e1ra. Ha a nyerem\u00e9ny t\u00f6bb mint 2500 \u20ac, akkor seg\u00edt\u00fcnk \u00d6nnek a nyerem\u00e9ny ig\u00e9nyl\u00e9s\u00e9nek folyamat\u00e1ban.<br \/>\n<img loading=\"lazy\" decoding=\"async\" class=\"alignright wp-image-3649\" src=\"https:\/\/onlinelotto365.com\/wp-content\/uploads\/2020\/11\/online_lottery-90-300x225.jpg\" alt=\"nyertes sz\u00e1mok szombat lott\u00f3 Ausztr\u00e1lia \" width=\"207\" height=\"155\" srcset=\"https:\/\/onlinelotto365.com\/wp-content\/uploads\/2020\/11\/online_lottery-90-300x225.jpg 300w, https:\/\/onlinelotto365.com\/wp-content\/uploads\/2020\/11\/online_lottery-90.jpg 320w\" sizes=\"auto, (max-width: 207px) 100vw, 207px\" \/><br \/>\nNe feledd azt sem, hogy b\u00e1rmilyen p\u00e9nzt kivehetsz a sz\u00e1ml\u00e1don, am\u00edg legal\u00e1bb 10 \u20ac van rajta. Mind\u00f6ssze annyit kell tenned, hogy kiv\u00e1lasztod azt a fizet\u00e9si m\u00f3dot, amelyet m\u00e1r kor\u00e1bban is haszn\u00e1lt\u00e1l a sz\u00e1ml\u00e1don, \u00e9s kit\u00f6ltesz n\u00e9h\u00e1ny ellen\u0151rz\u0151 \u0171rlapot a fizet\u00e9si processzorunk sz\u00e1m\u00e1ra.<\/p>\n","protected":false},"excerpt":{"rendered":"<p>Rengeteg k\u00fcl\u00f6nb\u00f6z\u0151 nemzetk\u00f6zi j\u00e1t\u00e9k \u00e9rhet\u0151 el a weboldalunkon, \u00e9s tudjuk, hogy a lehet\u0151 leggyorsabban szeretn\u00e9 megtal\u00e1lni a nyer\u0151sz\u00e1mokat. Az \u00fajs\u00e1g \u00e1ltal\u00e1ban nem j\u00f3 hely arra, hogy megtal\u00e1ld a szombati lott\u00f3 Ausztr\u00e1lia nyer\u0151sz\u00e1mait. Az sem t\u00fal j\u00f3, ha a t\u00e9v\u00e9csatorn\u00e1kon n\u00e9zel\u0151dsz, \u00e9s abban rem\u00e9nykedsz, hogy megtal\u00e1lod a megfelel\u0151t ehhez a j\u00e1t\u00e9khoz. Teh\u00e1t hova menjen, hogy megkapja [&hellip;]<\/p>\n","protected":false},"author":1,"featured_media":0,"parent":5838,"menu_order":15,"comment_status":"closed","ping_status":"closed","template":"saturday-lotto-results.php","meta":{"_et_pb_use_builder":"","_et_pb_old_content":"","_et_gb_content_width":"","exclude_from_search":false,"footnotes":""},"class_list":["post-80962","page","type-page","status-publish","hentry"],"yoast_head":"<!-- This site is optimized with the Yoast SEO plugin v23.4 - https:\/\/yoast.com\/wordpress\/plugins\/seo\/ -->\n<title>Ellen\u0151rizze a nyer\u0151sz\u00e1mok \u00e9s \u00f6sszegek szombat Lotto Ausztr\u00e1lia<\/title>\n<meta name=\"description\" content=\"Sorsol\u00e1s eredm\u00e9nyek, nyer\u0151sz\u00e1mok szombat lott\u00f3 Ausztr\u00e1lia, plusz eredm\u00e9nyek arch\u00edvuma\" \/>\n<meta name=\"robots\" content=\"index, follow, max-snippet:-1, max-image-preview:large, max-video-preview:-1\" \/>\n<link rel=\"canonical\" href=\"https:\/\/onlinelotto365.com\/hu\/nyero-lottoszamok\/szombat-lotto-ausztralia\/\" \/>\n<meta property=\"og:locale\" content=\"hu_HU\" \/>\n<meta property=\"og:type\" content=\"article\" \/>\n<meta property=\"og:title\" content=\"Ellen\u0151rizze a nyer\u0151sz\u00e1mok \u00e9s \u00f6sszegek szombat Lotto Ausztr\u00e1lia\" \/>\n<meta property=\"og:description\" content=\"Sorsol\u00e1s eredm\u00e9nyek, nyer\u0151sz\u00e1mok szombat lott\u00f3 Ausztr\u00e1lia, plusz eredm\u00e9nyek arch\u00edvuma\" \/>\n<meta property=\"og:url\" content=\"https:\/\/onlinelotto365.com\/hu\/nyero-lottoszamok\/szombat-lotto-ausztralia\/\" \/>\n<meta property=\"og:site_name\" content=\"OnlineLotto365\" \/>\n<meta property=\"og:image\" content=\"https:\/\/redfoxlotto.com\/image?size=8&amp;lottery=saturday-lotto-au\" \/>\n<meta name=\"twitter:card\" content=\"summary_large_image\" \/>\n<meta name=\"twitter:label1\" content=\"Becs\u00fclt olvas\u00e1si id\u0151\" \/>\n\t<meta name=\"twitter:data1\" content=\"2 perc\" \/>\n<script type=\"application\/ld+json\" class=\"yoast-schema-graph\">{\"@context\":\"https:\/\/schema.org\",\"@graph\":[{\"@type\":\"WebPage\",\"@id\":\"https:\/\/onlinelotto365.com\/hu\/nyero-lottoszamok\/szombat-lotto-ausztralia\/\",\"url\":\"https:\/\/onlinelotto365.com\/hu\/nyero-lottoszamok\/szombat-lotto-ausztralia\/\",\"name\":\"Ellen\u0151rizze a nyer\u0151sz\u00e1mok \u00e9s \u00f6sszegek szombat Lotto Ausztr\u00e1lia\",\"isPartOf\":{\"@id\":\"https:\/\/onlinelotto365.com\/hu\/#website\"},\"primaryImageOfPage\":{\"@id\":\"https:\/\/onlinelotto365.com\/hu\/nyero-lottoszamok\/szombat-lotto-ausztralia\/#primaryimage\"},\"image\":{\"@id\":\"https:\/\/onlinelotto365.com\/hu\/nyero-lottoszamok\/szombat-lotto-ausztralia\/#primaryimage\"},\"thumbnailUrl\":\"https:\/\/redfoxlotto.com\/image?size=8&amp;lottery=saturday-lotto-au\",\"datePublished\":\"2022-11-25T07:56:31+00:00\",\"dateModified\":\"2022-11-25T07:56:31+00:00\",\"description\":\"Sorsol\u00e1s eredm\u00e9nyek, nyer\u0151sz\u00e1mok szombat lott\u00f3 Ausztr\u00e1lia, plusz eredm\u00e9nyek arch\u00edvuma\",\"breadcrumb\":{\"@id\":\"https:\/\/onlinelotto365.com\/hu\/nyero-lottoszamok\/szombat-lotto-ausztralia\/#breadcrumb\"},\"inLanguage\":\"hu\",\"potentialAction\":[{\"@type\":\"ReadAction\",\"target\":[\"https:\/\/onlinelotto365.com\/hu\/nyero-lottoszamok\/szombat-lotto-ausztralia\/\"]}]},{\"@type\":\"ImageObject\",\"inLanguage\":\"hu\",\"@id\":\"https:\/\/onlinelotto365.com\/hu\/nyero-lottoszamok\/szombat-lotto-ausztralia\/#primaryimage\",\"url\":\"https:\/\/redfoxlotto.com\/image?size=8&amp;lottery=saturday-lotto-au\",\"contentUrl\":\"https:\/\/redfoxlotto.com\/image?size=8&amp;lottery=saturday-lotto-au\"},{\"@type\":\"BreadcrumbList\",\"@id\":\"https:\/\/onlinelotto365.com\/hu\/nyero-lottoszamok\/szombat-lotto-ausztralia\/#breadcrumb\",\"itemListElement\":[{\"@type\":\"ListItem\",\"position\":1,\"name\":\"Home\",\"item\":\"https:\/\/onlinelotto365.com\/hu\/\"},{\"@type\":\"ListItem\",\"position\":2,\"name\":\"Nemzetk\u00f6zi lott\u00f3eredm\u00e9nyeket keresel?\",\"item\":\"https:\/\/onlinelotto365.com\/hu\/winning-numbers\/\"},{\"@type\":\"ListItem\",\"position\":3,\"name\":\"Ellen\u0151rizze nyertes sz\u00e1mok \u00e9s \u00f6sszegek szombat Lotto Ausztr\u00e1lia\"}]},{\"@type\":\"WebSite\",\"@id\":\"https:\/\/onlinelotto365.com\/hu\/#website\",\"url\":\"https:\/\/onlinelotto365.com\/hu\/\",\"name\":\"OnlineLotto365\",\"description\":\"\",\"potentialAction\":[{\"@type\":\"SearchAction\",\"target\":{\"@type\":\"EntryPoint\",\"urlTemplate\":\"https:\/\/onlinelotto365.com\/hu\/?s={search_term_string}\"},\"query-input\":{\"@type\":\"PropertyValueSpecification\",\"valueRequired\":true,\"valueName\":\"search_term_string\"}}],\"inLanguage\":\"hu\"}]}<\/script>\n<!-- \/ Yoast SEO plugin. -->","yoast_head_json":{"title":"Ellen\u0151rizze a nyer\u0151sz\u00e1mok \u00e9s \u00f6sszegek szombat Lotto Ausztr\u00e1lia","description":"Sorsol\u00e1s eredm\u00e9nyek, nyer\u0151sz\u00e1mok szombat lott\u00f3 Ausztr\u00e1lia, plusz eredm\u00e9nyek arch\u00edvuma","robots":{"index":"index","follow":"follow","max-snippet":"max-snippet:-1","max-image-preview":"max-image-preview:large","max-video-preview":"max-video-preview:-1"},"canonical":"https:\/\/onlinelotto365.com\/hu\/nyero-lottoszamok\/szombat-lotto-ausztralia\/","og_locale":"hu_HU","og_type":"article","og_title":"Ellen\u0151rizze a nyer\u0151sz\u00e1mok \u00e9s \u00f6sszegek szombat Lotto Ausztr\u00e1lia","og_description":"Sorsol\u00e1s eredm\u00e9nyek, nyer\u0151sz\u00e1mok szombat lott\u00f3 Ausztr\u00e1lia, plusz eredm\u00e9nyek arch\u00edvuma","og_url":"https:\/\/onlinelotto365.com\/hu\/nyero-lottoszamok\/szombat-lotto-ausztralia\/","og_site_name":"OnlineLotto365","og_image":[{"url":"https:\/\/redfoxlotto.com\/image?size=8&amp;lottery=saturday-lotto-au"}],"twitter_card":"summary_large_image","twitter_misc":{"Becs\u00fclt olvas\u00e1si id\u0151":"2 perc"},"schema":{"@context":"https:\/\/schema.org","@graph":[{"@type":"WebPage","@id":"https:\/\/onlinelotto365.com\/hu\/nyero-lottoszamok\/szombat-lotto-ausztralia\/","url":"https:\/\/onlinelotto365.com\/hu\/nyero-lottoszamok\/szombat-lotto-ausztralia\/","name":"Ellen\u0151rizze a nyer\u0151sz\u00e1mok \u00e9s \u00f6sszegek szombat Lotto Ausztr\u00e1lia","isPartOf":{"@id":"https:\/\/onlinelotto365.com\/hu\/#website"},"primaryImageOfPage":{"@id":"https:\/\/onlinelotto365.com\/hu\/nyero-lottoszamok\/szombat-lotto-ausztralia\/#primaryimage"},"image":{"@id":"https:\/\/onlinelotto365.com\/hu\/nyero-lottoszamok\/szombat-lotto-ausztralia\/#primaryimage"},"thumbnailUrl":"https:\/\/redfoxlotto.com\/image?size=8&amp;lottery=saturday-lotto-au","datePublished":"2022-11-25T07:56:31+00:00","dateModified":"2022-11-25T07:56:31+00:00","description":"Sorsol\u00e1s eredm\u00e9nyek, nyer\u0151sz\u00e1mok szombat lott\u00f3 Ausztr\u00e1lia, plusz eredm\u00e9nyek arch\u00edvuma","breadcrumb":{"@id":"https:\/\/onlinelotto365.com\/hu\/nyero-lottoszamok\/szombat-lotto-ausztralia\/#breadcrumb"},"inLanguage":"hu","potentialAction":[{"@type":"ReadAction","target":["https:\/\/onlinelotto365.com\/hu\/nyero-lottoszamok\/szombat-lotto-ausztralia\/"]}]},{"@type":"ImageObject","inLanguage":"hu","@id":"https:\/\/onlinelotto365.com\/hu\/nyero-lottoszamok\/szombat-lotto-ausztralia\/#primaryimage","url":"https:\/\/redfoxlotto.com\/image?size=8&amp;lottery=saturday-lotto-au","contentUrl":"https:\/\/redfoxlotto.com\/image?size=8&amp;lottery=saturday-lotto-au"},{"@type":"BreadcrumbList","@id":"https:\/\/onlinelotto365.com\/hu\/nyero-lottoszamok\/szombat-lotto-ausztralia\/#breadcrumb","itemListElement":[{"@type":"ListItem","position":1,"name":"Home","item":"https:\/\/onlinelotto365.com\/hu\/"},{"@type":"ListItem","position":2,"name":"Nemzetk\u00f6zi lott\u00f3eredm\u00e9nyeket keresel?","item":"https:\/\/onlinelotto365.com\/hu\/winning-numbers\/"},{"@type":"ListItem","position":3,"name":"Ellen\u0151rizze nyertes sz\u00e1mok \u00e9s \u00f6sszegek szombat Lotto Ausztr\u00e1lia"}]},{"@type":"WebSite","@id":"https:\/\/onlinelotto365.com\/hu\/#website","url":"https:\/\/onlinelotto365.com\/hu\/","name":"OnlineLotto365","description":"","potentialAction":[{"@type":"SearchAction","target":{"@type":"EntryPoint","urlTemplate":"https:\/\/onlinelotto365.com\/hu\/?s={search_term_string}"},"query-input":{"@type":"PropertyValueSpecification","valueRequired":true,"valueName":"search_term_string"}}],"inLanguage":"hu"}]}},"_links":{"self":[{"href":"https:\/\/onlinelotto365.com\/hu\/wp-json\/wp\/v2\/pages\/80962","targetHints":{"allow":["GET"]}}],"collection":[{"href":"https:\/\/onlinelotto365.com\/hu\/wp-json\/wp\/v2\/pages"}],"about":[{"href":"https:\/\/onlinelotto365.com\/hu\/wp-json\/wp\/v2\/types\/page"}],"author":[{"embeddable":true,"href":"https:\/\/onlinelotto365.com\/hu\/wp-json\/wp\/v2\/users\/1"}],"replies":[{"embeddable":true,"href":"https:\/\/onlinelotto365.com\/hu\/wp-json\/wp\/v2\/comments?post=80962"}],"version-history":[{"count":0,"href":"https:\/\/onlinelotto365.com\/hu\/wp-json\/wp\/v2\/pages\/80962\/revisions"}],"up":[{"embeddable":true,"href":"https:\/\/onlinelotto365.com\/hu\/wp-json\/wp\/v2\/pages\/5838"}],"wp:attachment":[{"href":"https:\/\/onlinelotto365.com\/hu\/wp-json\/wp\/v2\/media?parent=80962"}],"curies":[{"name":"wp","href":"https:\/\/api.w.org\/{rel}","templated":true}]}}