{"id":80996,"date":"2022-11-25T09:59:55","date_gmt":"2022-11-25T08:59:55","guid":{"rendered":"https:\/\/onlinelotto365.com\/?page_id=80996"},"modified":"2022-11-25T09:59:55","modified_gmt":"2022-11-25T08:59:55","slug":"mon-wed-lotto","status":"publish","type":"page","link":"https:\/\/onlinelotto365.com\/hu\/nyero-lottoszamok\/mon-wed-lotto\/","title":{"rendered":"Minden Mon &#038; Wed Lotto Ausztr\u00e1lia eredm\u00e9nyek"},"content":{"rendered":"<p>Rengeteg k\u00fcl\u00f6nb\u00f6z\u0151 nemzetk\u00f6zi j\u00e1t\u00e9k l\u00e9tezik, amelyeket a lott\u00f3j\u00e1t\u00e9kok ter\u00e9n j\u00e1tszhat. \u00c9s azt szeretn\u00e9, hogy min\u00e9l gyorsabban meg tudja szerezni az eredm\u00e9nyeket sz\u00e1mukra. Ennek egyik m\u00f3dja, hogy olyan \u00fajs\u00e1got keres, amely a Mon &amp; Wed Lotto Australia nyer\u0151sz\u00e1mokat k\u00edn\u00e1lja. De ezeket neh\u00e9z lehet megtal\u00e1lni. Egy m\u00e1sik lehet\u0151s\u00e9g a TV, de ezek a csatorn\u00e1k is nehezek lehetnek. Mi a helyzet akkor, ha nem akarsz sokat kutakodni?<br \/>\n<a href=\"https:\/\/redfoxlotto.com\/play\/monday-wednesday-lotto-au\/?ref=a8564250a2&amp;medium=ol365\" target=\"_blank\" rel=\"noopener noreferrer\"><img decoding=\"async\" class=\"aligncenter\" src=\"https:\/\/redfoxlotto.com\/image?size=8&amp;lottery=monday-wednesday-lotto-au\" alt=\"Mon &amp;amp; Wed Lotto Ausztr\u00e1lia\" \/><\/a><br \/>\nN\u00e9zze meg a Mon &amp; Wed Lotto Australia weboldal\u00e1t, hogy megtudja, k\u00edn\u00e1lnak-e \u00e9l\u0151 sorsol\u00e1sokat. Az \u00e9l\u0151 sorsol\u00e1sok b\u00e1rmilyen j\u00e1t\u00e9k eset\u00e9ben nagyon sz\u00f3rakoztat\u00f3ak lehetnek, mert egy csom\u00f3 azonnali izgalmat adnak, mik\u00f6zben n\u00e9zed. De nem minden j\u00e1t\u00e9k k\u00edn\u00e1l ilyen t\u00edpus\u00fa sorsol\u00e1sokat. Meg kell gy\u0151z\u0151dnie arr\u00f3l, hogy a Mon &amp; Wed Lotto egyike azoknak, amelyekn\u00e9l ez el\u00e9rhet\u0151.<\/p>\n<p>Ezut\u00e1n v\u00e1laszthatod, hogy megn\u00e9zed a YouTube-on, h\u00e1tha ott is megtal\u00e1lod az eredm\u00e9nyeket. Meglep\u0151dhet, hogy egyesek szinte b\u00e1rmilyen j\u00e1t\u00e9k sorsol\u00e1sainak eredm\u00e9nyeit vagy ak\u00e1r \u00e9l\u0151 vide\u00f3kat is k\u00f6zz\u00e9tesznek a sorsol\u00e1sokr\u00f3l.<\/p>\n<p>Messze a legegyszer\u0171bb lehet\u0151s\u00e9g azonban az lesz sz\u00e1modra, ha megn\u00e9zed a weboldalunkat. Mi minden nyerem\u00e9nysz\u00e1mot \u00e9s nyerem\u00e9ny\u00f6sszeget k\u00edn\u00e1lunk minden olyan j\u00e1t\u00e9khoz, amelyet a weboldalunkon megv\u00e1s\u00e1rolhat. \u00cdgy sokkal k\u00f6nnyebben, egy helyen \u00e9s olyan gyorsan juthatsz hozz\u00e1 az eredm\u00e9nyekhez, ahogyan csak szeretn\u00e9d.<\/p>\n<h2>Hogyan tudhatja meg, hogy nyert-e online szelv\u00e9nye<\/h2>\n<p>A m\u00e9g jobb h\u00edr, hogy ha n\u00e1lunk v\u00e1s\u00e1rolt szelv\u00e9nyt a Mon &amp; Wed Lotto Australia j\u00e1t\u00e9kra, akkor k\u00f6zvetlen\u00fcl a j\u00e1t\u00e9kosfi\u00f3kj\u00e1ba l\u00e9phet, hogy megtudja az eredm\u00e9nyeket. Ott megtal\u00e1lja az \u00d6n \u00e1ltal v\u00e1s\u00e1rolt szelv\u00e9nyeket, valamint az \u00d6n \u00e1ltal v\u00e1lasztott j\u00e1t\u00e9kok nyertes sz\u00e1mait.<\/p>\n<p>L\u00e1thatja az \u00d6n \u00e1ltal v\u00e1lasztott sz\u00e1mokat, amelyek megegyeznek a kisorsolt sz\u00e1mokkal, \u00e9s a 2500 eur\u00f3n\u00e1l kisebb \u00f6sszeg\u0171 nyerem\u00e9nyt automatikusan hozz\u00e1adjuk a sz\u00e1ml\u00e1j\u00e1hoz. Mi lehetne enn\u00e9l egyszer\u0171bb?<\/p>\n<h2>H\u00e9tf\u0151 \u00e9s szerda Lotto Ausztr\u00e1lia eredm\u00e9nyek arch\u00edvum<\/h2>\n<p>Weboldalunk b\u00e1rmelyik oldal\u00e1n, amely a legfrissebb Mon &amp; Wed Lotto Australia eredm\u00e9nyeket mutatja, r\u00e9gebbi sz\u00e1mokat is l\u00e1that, amelyeket \u00e9rdemes megn\u00e9znie. Ezek seg\u00edthetnek abban, hogy kiv\u00e1lassza azokat a sz\u00e1mokat, amelyeket legk\u00f6zelebb meg szeretne j\u00e1tszani, amikor szelv\u00e9nyt v\u00e1s\u00e1rol.<\/p>\n<h2>A szelv\u00e9nyem nyert, mi k\u00f6vetkezik ezut\u00e1n?<\/h2>\n<p><img loading=\"lazy\" decoding=\"async\" class=\"alignright wp-image-3542\" src=\"https:\/\/onlinelotto365.com\/wp-content\/uploads\/2020\/11\/online_lottery-154-300x200.jpg\" alt=\"Mon &amp; Wed Lotto winning numbers\" width=\"197\" height=\"131\" srcset=\"https:\/\/onlinelotto365.com\/wp-content\/uploads\/2020\/11\/online_lottery-154-300x200.jpg 300w, https:\/\/onlinelotto365.com\/wp-content\/uploads\/2020\/11\/online_lottery-154.jpg 320w\" sizes=\"auto, (max-width: 197px) 100vw, 197px\" \/><br \/>\nHa nyert a szelv\u00e9ny\u00e9vel, akkor m\u00e1r csak azt kell megn\u00e9znie, hogy mennyi j\u00e1r \u00d6nnek. Ha ez kevesebb, mint 2500 \u20ac, akkor gondoskodunk arr\u00f3l, hogy a nyerem\u00e9nyt a lehet\u0151 leghamarabb visszaigazoljuk \u00e9s a sz\u00e1ml\u00e1j\u00e1ra utaljuk. Ezut\u00e1n, ha legal\u00e1bb 10 \u20ac van a sz\u00e1ml\u00e1don, akkor azt b\u00e1rmelyik fizet\u00e9si m\u00f3dra felveheted, amelyet kor\u00e1bban m\u00e1r haszn\u00e1lt\u00e1l a sz\u00e1ml\u00e1don. Csak n\u00e9h\u00e1ny dokumentumr\u00f3l kell gondoskodnod, amelyb\u0151l a fizet\u00e9si folyamatot v\u00e9gz\u0151 rendszer\u00fcnk megtudja, hogy ki vagy \u00e9s hogy jogosult vagy a p\u00e9nzre. Ha kevesebb, mint 10 eur\u00f3val rendelkezel, vagy \u00fagy d\u00f6ntesz, hogy a p\u00e9nzt a sz\u00e1ml\u00e1don hagyod, akkor azt tov\u00e1bbi jegyek v\u00e1s\u00e1rl\u00e1s\u00e1ra haszn\u00e1lhatod fel.<\/p>\n","protected":false},"excerpt":{"rendered":"<p>Rengeteg k\u00fcl\u00f6nb\u00f6z\u0151 nemzetk\u00f6zi j\u00e1t\u00e9k l\u00e9tezik, amelyeket a lott\u00f3j\u00e1t\u00e9kok ter\u00e9n j\u00e1tszhat. \u00c9s azt szeretn\u00e9, hogy min\u00e9l gyorsabban meg tudja szerezni az eredm\u00e9nyeket sz\u00e1mukra. Ennek egyik m\u00f3dja, hogy olyan \u00fajs\u00e1got keres, amely a Mon &amp; Wed Lotto Australia nyer\u0151sz\u00e1mokat k\u00edn\u00e1lja. De ezeket neh\u00e9z lehet megtal\u00e1lni. Egy m\u00e1sik lehet\u0151s\u00e9g a TV, de ezek a csatorn\u00e1k is nehezek lehetnek. [&hellip;]<\/p>\n","protected":false},"author":1,"featured_media":0,"parent":5838,"menu_order":16,"comment_status":"closed","ping_status":"closed","template":"template-rightsidebar.php","meta":{"_et_pb_use_builder":"","_et_pb_old_content":"","_et_gb_content_width":"","exclude_from_search":false,"footnotes":""},"class_list":["post-80996","page","type-page","status-publish","hentry"],"yoast_head":"<!-- This site is optimized with the Yoast SEO plugin v23.4 - https:\/\/yoast.com\/wordpress\/plugins\/seo\/ -->\n<title>Mon &amp; Wed Lotto Ausztr\u00e1lia nyer\u0151sz\u00e1mok<\/title>\n<meta name=\"description\" content=\"Oldalunkon megtal\u00e1lod a Mon &amp; Wed lott\u00f3 legfrissebb nyer\u0151sz\u00e1mait \u00e9s nyerem\u00e9ny\u00f6sszegeit.\" \/>\n<meta name=\"robots\" content=\"index, follow, max-snippet:-1, max-image-preview:large, max-video-preview:-1\" \/>\n<link rel=\"canonical\" href=\"https:\/\/onlinelotto365.com\/hu\/nyero-lottoszamok\/mon-wed-lotto\/\" \/>\n<meta property=\"og:locale\" content=\"hu_HU\" \/>\n<meta property=\"og:type\" content=\"article\" \/>\n<meta property=\"og:title\" content=\"Mon &amp; Wed Lotto Ausztr\u00e1lia nyer\u0151sz\u00e1mok\" \/>\n<meta property=\"og:description\" content=\"Oldalunkon megtal\u00e1lod a Mon &amp; Wed lott\u00f3 legfrissebb nyer\u0151sz\u00e1mait \u00e9s nyerem\u00e9ny\u00f6sszegeit.\" \/>\n<meta property=\"og:url\" content=\"https:\/\/onlinelotto365.com\/hu\/nyero-lottoszamok\/mon-wed-lotto\/\" \/>\n<meta property=\"og:site_name\" content=\"OnlineLotto365\" \/>\n<meta property=\"og:image\" content=\"https:\/\/redfoxlotto.com\/image?size=8&amp;lottery=monday-wednesday-lotto-au\" \/>\n<meta name=\"twitter:card\" content=\"summary_large_image\" \/>\n<meta name=\"twitter:label1\" content=\"Becs\u00fclt olvas\u00e1si id\u0151\" \/>\n\t<meta name=\"twitter:data1\" content=\"3 perc\" \/>\n<script type=\"application\/ld+json\" class=\"yoast-schema-graph\">{\"@context\":\"https:\/\/schema.org\",\"@graph\":[{\"@type\":\"WebPage\",\"@id\":\"https:\/\/onlinelotto365.com\/hu\/nyero-lottoszamok\/mon-wed-lotto\/\",\"url\":\"https:\/\/onlinelotto365.com\/hu\/nyero-lottoszamok\/mon-wed-lotto\/\",\"name\":\"Mon & Wed Lotto Ausztr\u00e1lia nyer\u0151sz\u00e1mok\",\"isPartOf\":{\"@id\":\"https:\/\/onlinelotto365.com\/hu\/#website\"},\"primaryImageOfPage\":{\"@id\":\"https:\/\/onlinelotto365.com\/hu\/nyero-lottoszamok\/mon-wed-lotto\/#primaryimage\"},\"image\":{\"@id\":\"https:\/\/onlinelotto365.com\/hu\/nyero-lottoszamok\/mon-wed-lotto\/#primaryimage\"},\"thumbnailUrl\":\"https:\/\/redfoxlotto.com\/image?size=8&amp;lottery=monday-wednesday-lotto-au\",\"datePublished\":\"2022-11-25T08:59:55+00:00\",\"dateModified\":\"2022-11-25T08:59:55+00:00\",\"description\":\"Oldalunkon megtal\u00e1lod a Mon & Wed lott\u00f3 legfrissebb nyer\u0151sz\u00e1mait \u00e9s nyerem\u00e9ny\u00f6sszegeit.\",\"breadcrumb\":{\"@id\":\"https:\/\/onlinelotto365.com\/hu\/nyero-lottoszamok\/mon-wed-lotto\/#breadcrumb\"},\"inLanguage\":\"hu\",\"potentialAction\":[{\"@type\":\"ReadAction\",\"target\":[\"https:\/\/onlinelotto365.com\/hu\/nyero-lottoszamok\/mon-wed-lotto\/\"]}]},{\"@type\":\"ImageObject\",\"inLanguage\":\"hu\",\"@id\":\"https:\/\/onlinelotto365.com\/hu\/nyero-lottoszamok\/mon-wed-lotto\/#primaryimage\",\"url\":\"https:\/\/redfoxlotto.com\/image?size=8&amp;lottery=monday-wednesday-lotto-au\",\"contentUrl\":\"https:\/\/redfoxlotto.com\/image?size=8&amp;lottery=monday-wednesday-lotto-au\"},{\"@type\":\"BreadcrumbList\",\"@id\":\"https:\/\/onlinelotto365.com\/hu\/nyero-lottoszamok\/mon-wed-lotto\/#breadcrumb\",\"itemListElement\":[{\"@type\":\"ListItem\",\"position\":1,\"name\":\"Home\",\"item\":\"https:\/\/onlinelotto365.com\/hu\/\"},{\"@type\":\"ListItem\",\"position\":2,\"name\":\"Nemzetk\u00f6zi lott\u00f3eredm\u00e9nyeket keresel?\",\"item\":\"https:\/\/onlinelotto365.com\/hu\/winning-numbers\/\"},{\"@type\":\"ListItem\",\"position\":3,\"name\":\"Minden Mon &#038; Wed Lotto Ausztr\u00e1lia eredm\u00e9nyek\"}]},{\"@type\":\"WebSite\",\"@id\":\"https:\/\/onlinelotto365.com\/hu\/#website\",\"url\":\"https:\/\/onlinelotto365.com\/hu\/\",\"name\":\"OnlineLotto365\",\"description\":\"\",\"potentialAction\":[{\"@type\":\"SearchAction\",\"target\":{\"@type\":\"EntryPoint\",\"urlTemplate\":\"https:\/\/onlinelotto365.com\/hu\/?s={search_term_string}\"},\"query-input\":{\"@type\":\"PropertyValueSpecification\",\"valueRequired\":true,\"valueName\":\"search_term_string\"}}],\"inLanguage\":\"hu\"}]}<\/script>\n<!-- \/ Yoast SEO plugin. -->","yoast_head_json":{"title":"Mon & Wed Lotto Ausztr\u00e1lia nyer\u0151sz\u00e1mok","description":"Oldalunkon megtal\u00e1lod a Mon & Wed lott\u00f3 legfrissebb nyer\u0151sz\u00e1mait \u00e9s nyerem\u00e9ny\u00f6sszegeit.","robots":{"index":"index","follow":"follow","max-snippet":"max-snippet:-1","max-image-preview":"max-image-preview:large","max-video-preview":"max-video-preview:-1"},"canonical":"https:\/\/onlinelotto365.com\/hu\/nyero-lottoszamok\/mon-wed-lotto\/","og_locale":"hu_HU","og_type":"article","og_title":"Mon & Wed Lotto Ausztr\u00e1lia nyer\u0151sz\u00e1mok","og_description":"Oldalunkon megtal\u00e1lod a Mon & Wed lott\u00f3 legfrissebb nyer\u0151sz\u00e1mait \u00e9s nyerem\u00e9ny\u00f6sszegeit.","og_url":"https:\/\/onlinelotto365.com\/hu\/nyero-lottoszamok\/mon-wed-lotto\/","og_site_name":"OnlineLotto365","og_image":[{"url":"https:\/\/redfoxlotto.com\/image?size=8&amp;lottery=monday-wednesday-lotto-au"}],"twitter_card":"summary_large_image","twitter_misc":{"Becs\u00fclt olvas\u00e1si id\u0151":"3 perc"},"schema":{"@context":"https:\/\/schema.org","@graph":[{"@type":"WebPage","@id":"https:\/\/onlinelotto365.com\/hu\/nyero-lottoszamok\/mon-wed-lotto\/","url":"https:\/\/onlinelotto365.com\/hu\/nyero-lottoszamok\/mon-wed-lotto\/","name":"Mon & Wed Lotto Ausztr\u00e1lia nyer\u0151sz\u00e1mok","isPartOf":{"@id":"https:\/\/onlinelotto365.com\/hu\/#website"},"primaryImageOfPage":{"@id":"https:\/\/onlinelotto365.com\/hu\/nyero-lottoszamok\/mon-wed-lotto\/#primaryimage"},"image":{"@id":"https:\/\/onlinelotto365.com\/hu\/nyero-lottoszamok\/mon-wed-lotto\/#primaryimage"},"thumbnailUrl":"https:\/\/redfoxlotto.com\/image?size=8&amp;lottery=monday-wednesday-lotto-au","datePublished":"2022-11-25T08:59:55+00:00","dateModified":"2022-11-25T08:59:55+00:00","description":"Oldalunkon megtal\u00e1lod a Mon & Wed lott\u00f3 legfrissebb nyer\u0151sz\u00e1mait \u00e9s nyerem\u00e9ny\u00f6sszegeit.","breadcrumb":{"@id":"https:\/\/onlinelotto365.com\/hu\/nyero-lottoszamok\/mon-wed-lotto\/#breadcrumb"},"inLanguage":"hu","potentialAction":[{"@type":"ReadAction","target":["https:\/\/onlinelotto365.com\/hu\/nyero-lottoszamok\/mon-wed-lotto\/"]}]},{"@type":"ImageObject","inLanguage":"hu","@id":"https:\/\/onlinelotto365.com\/hu\/nyero-lottoszamok\/mon-wed-lotto\/#primaryimage","url":"https:\/\/redfoxlotto.com\/image?size=8&amp;lottery=monday-wednesday-lotto-au","contentUrl":"https:\/\/redfoxlotto.com\/image?size=8&amp;lottery=monday-wednesday-lotto-au"},{"@type":"BreadcrumbList","@id":"https:\/\/onlinelotto365.com\/hu\/nyero-lottoszamok\/mon-wed-lotto\/#breadcrumb","itemListElement":[{"@type":"ListItem","position":1,"name":"Home","item":"https:\/\/onlinelotto365.com\/hu\/"},{"@type":"ListItem","position":2,"name":"Nemzetk\u00f6zi lott\u00f3eredm\u00e9nyeket keresel?","item":"https:\/\/onlinelotto365.com\/hu\/winning-numbers\/"},{"@type":"ListItem","position":3,"name":"Minden Mon &#038; Wed Lotto Ausztr\u00e1lia eredm\u00e9nyek"}]},{"@type":"WebSite","@id":"https:\/\/onlinelotto365.com\/hu\/#website","url":"https:\/\/onlinelotto365.com\/hu\/","name":"OnlineLotto365","description":"","potentialAction":[{"@type":"SearchAction","target":{"@type":"EntryPoint","urlTemplate":"https:\/\/onlinelotto365.com\/hu\/?s={search_term_string}"},"query-input":{"@type":"PropertyValueSpecification","valueRequired":true,"valueName":"search_term_string"}}],"inLanguage":"hu"}]}},"_links":{"self":[{"href":"https:\/\/onlinelotto365.com\/hu\/wp-json\/wp\/v2\/pages\/80996","targetHints":{"allow":["GET"]}}],"collection":[{"href":"https:\/\/onlinelotto365.com\/hu\/wp-json\/wp\/v2\/pages"}],"about":[{"href":"https:\/\/onlinelotto365.com\/hu\/wp-json\/wp\/v2\/types\/page"}],"author":[{"embeddable":true,"href":"https:\/\/onlinelotto365.com\/hu\/wp-json\/wp\/v2\/users\/1"}],"replies":[{"embeddable":true,"href":"https:\/\/onlinelotto365.com\/hu\/wp-json\/wp\/v2\/comments?post=80996"}],"version-history":[{"count":0,"href":"https:\/\/onlinelotto365.com\/hu\/wp-json\/wp\/v2\/pages\/80996\/revisions"}],"up":[{"embeddable":true,"href":"https:\/\/onlinelotto365.com\/hu\/wp-json\/wp\/v2\/pages\/5838"}],"wp:attachment":[{"href":"https:\/\/onlinelotto365.com\/hu\/wp-json\/wp\/v2\/media?parent=80996"}],"curies":[{"name":"wp","href":"https:\/\/api.w.org\/{rel}","templated":true}]}}