{"id":81040,"date":"2022-11-25T10:59:13","date_gmt":"2022-11-25T09:59:13","guid":{"rendered":"https:\/\/onlinelotto365.com\/?page_id=81040"},"modified":"2022-11-25T10:59:13","modified_gmt":"2022-11-25T09:59:13","slug":"impresszum","status":"publish","type":"page","link":"https:\/\/onlinelotto365.com\/hu\/impresszum\/","title":{"rendered":"Impresszum"},"content":{"rendered":"<p><strong>Weboldal adminisztr\u00e1tor<\/strong><\/p>\n<p>Sport-turizmus E.I.R.L.<\/p>\n<p>Carretera Principal, Bluefish Condos Apt. E-2, Perla Marina<\/p>\n<p>Sosua, Puerto Plata<br \/>\nIr\u00e1ny\u00edt\u00f3sz\u00e1m 47000<\/p>\n<p>Dominikai K\u00f6zt\u00e1rsas\u00e1g<\/p>\n<p>&nbsp;<\/p>\n","protected":false},"excerpt":{"rendered":"<p>Weboldal adminisztr\u00e1tor Sport-turizmus E.I.R.L. Carretera Principal, Bluefish Condos Apt. E-2, Perla Marina Sosua, Puerto Plata Ir\u00e1ny\u00edt\u00f3sz\u00e1m 47000 Dominikai K\u00f6zt\u00e1rsas\u00e1g &nbsp;<\/p>\n","protected":false},"author":1,"featured_media":0,"parent":0,"menu_order":12,"comment_status":"closed","ping_status":"closed","template":"template-rightsidebar.php","meta":{"_et_pb_use_builder":"","_et_pb_old_content":"","_et_gb_content_width":"","exclude_from_search":false,"footnotes":""},"class_list":["post-81040","page","type-page","status-publish","hentry"],"yoast_head":"<!-- This site is optimized with the Yoast SEO plugin v23.4 - https:\/\/yoast.com\/wordpress\/plugins\/seo\/ -->\n<title>Impresszum - OnlineLotto365<\/title>\n<meta name=\"robots\" content=\"index, follow, max-snippet:-1, max-image-preview:large, max-video-preview:-1\" \/>\n<link rel=\"canonical\" href=\"https:\/\/onlinelotto365.com\/hu\/impresszum\/\" \/>\n<meta property=\"og:locale\" content=\"hu_HU\" \/>\n<meta property=\"og:type\" content=\"article\" \/>\n<meta property=\"og:title\" content=\"Impresszum - OnlineLotto365\" \/>\n<meta property=\"og:description\" content=\"Weboldal adminisztr\u00e1tor Sport-turizmus E.I.R.L. Carretera Principal, Bluefish Condos Apt. E-2, Perla Marina Sosua, Puerto Plata Ir\u00e1ny\u00edt\u00f3sz\u00e1m 47000 Dominikai K\u00f6zt\u00e1rsas\u00e1g &nbsp;\" \/>\n<meta property=\"og:url\" content=\"https:\/\/onlinelotto365.com\/hu\/impresszum\/\" \/>\n<meta property=\"og:site_name\" content=\"OnlineLotto365\" \/>\n<meta name=\"twitter:card\" content=\"summary_large_image\" \/>\n<meta name=\"twitter:label1\" content=\"Becs\u00fclt olvas\u00e1si id\u0151\" \/>\n\t<meta name=\"twitter:data1\" content=\"1 perc\" \/>\n<script type=\"application\/ld+json\" class=\"yoast-schema-graph\">{\"@context\":\"https:\/\/schema.org\",\"@graph\":[{\"@type\":\"WebPage\",\"@id\":\"https:\/\/onlinelotto365.com\/hu\/impresszum\/\",\"url\":\"https:\/\/onlinelotto365.com\/hu\/impresszum\/\",\"name\":\"Impresszum - OnlineLotto365\",\"isPartOf\":{\"@id\":\"https:\/\/onlinelotto365.com\/hu\/#website\"},\"datePublished\":\"2022-11-25T09:59:13+00:00\",\"dateModified\":\"2022-11-25T09:59:13+00:00\",\"breadcrumb\":{\"@id\":\"https:\/\/onlinelotto365.com\/hu\/impresszum\/#breadcrumb\"},\"inLanguage\":\"hu\",\"potentialAction\":[{\"@type\":\"ReadAction\",\"target\":[\"https:\/\/onlinelotto365.com\/hu\/impresszum\/\"]}]},{\"@type\":\"BreadcrumbList\",\"@id\":\"https:\/\/onlinelotto365.com\/hu\/impresszum\/#breadcrumb\",\"itemListElement\":[{\"@type\":\"ListItem\",\"position\":1,\"name\":\"Home\",\"item\":\"https:\/\/onlinelotto365.com\/hu\/\"},{\"@type\":\"ListItem\",\"position\":2,\"name\":\"Impresszum\"}]},{\"@type\":\"WebSite\",\"@id\":\"https:\/\/onlinelotto365.com\/hu\/#website\",\"url\":\"https:\/\/onlinelotto365.com\/hu\/\",\"name\":\"OnlineLotto365\",\"description\":\"\",\"potentialAction\":[{\"@type\":\"SearchAction\",\"target\":{\"@type\":\"EntryPoint\",\"urlTemplate\":\"https:\/\/onlinelotto365.com\/hu\/?s={search_term_string}\"},\"query-input\":{\"@type\":\"PropertyValueSpecification\",\"valueRequired\":true,\"valueName\":\"search_term_string\"}}],\"inLanguage\":\"hu\"}]}<\/script>\n<!-- \/ Yoast SEO plugin. -->","yoast_head_json":{"title":"Impresszum - OnlineLotto365","robots":{"index":"index","follow":"follow","max-snippet":"max-snippet:-1","max-image-preview":"max-image-preview:large","max-video-preview":"max-video-preview:-1"},"canonical":"https:\/\/onlinelotto365.com\/hu\/impresszum\/","og_locale":"hu_HU","og_type":"article","og_title":"Impresszum - OnlineLotto365","og_description":"Weboldal adminisztr\u00e1tor Sport-turizmus E.I.R.L. Carretera Principal, Bluefish Condos Apt. E-2, Perla Marina Sosua, Puerto Plata Ir\u00e1ny\u00edt\u00f3sz\u00e1m 47000 Dominikai K\u00f6zt\u00e1rsas\u00e1g &nbsp;","og_url":"https:\/\/onlinelotto365.com\/hu\/impresszum\/","og_site_name":"OnlineLotto365","twitter_card":"summary_large_image","twitter_misc":{"Becs\u00fclt olvas\u00e1si id\u0151":"1 perc"},"schema":{"@context":"https:\/\/schema.org","@graph":[{"@type":"WebPage","@id":"https:\/\/onlinelotto365.com\/hu\/impresszum\/","url":"https:\/\/onlinelotto365.com\/hu\/impresszum\/","name":"Impresszum - OnlineLotto365","isPartOf":{"@id":"https:\/\/onlinelotto365.com\/hu\/#website"},"datePublished":"2022-11-25T09:59:13+00:00","dateModified":"2022-11-25T09:59:13+00:00","breadcrumb":{"@id":"https:\/\/onlinelotto365.com\/hu\/impresszum\/#breadcrumb"},"inLanguage":"hu","potentialAction":[{"@type":"ReadAction","target":["https:\/\/onlinelotto365.com\/hu\/impresszum\/"]}]},{"@type":"BreadcrumbList","@id":"https:\/\/onlinelotto365.com\/hu\/impresszum\/#breadcrumb","itemListElement":[{"@type":"ListItem","position":1,"name":"Home","item":"https:\/\/onlinelotto365.com\/hu\/"},{"@type":"ListItem","position":2,"name":"Impresszum"}]},{"@type":"WebSite","@id":"https:\/\/onlinelotto365.com\/hu\/#website","url":"https:\/\/onlinelotto365.com\/hu\/","name":"OnlineLotto365","description":"","potentialAction":[{"@type":"SearchAction","target":{"@type":"EntryPoint","urlTemplate":"https:\/\/onlinelotto365.com\/hu\/?s={search_term_string}"},"query-input":{"@type":"PropertyValueSpecification","valueRequired":true,"valueName":"search_term_string"}}],"inLanguage":"hu"}]}},"_links":{"self":[{"href":"https:\/\/onlinelotto365.com\/hu\/wp-json\/wp\/v2\/pages\/81040","targetHints":{"allow":["GET"]}}],"collection":[{"href":"https:\/\/onlinelotto365.com\/hu\/wp-json\/wp\/v2\/pages"}],"about":[{"href":"https:\/\/onlinelotto365.com\/hu\/wp-json\/wp\/v2\/types\/page"}],"author":[{"embeddable":true,"href":"https:\/\/onlinelotto365.com\/hu\/wp-json\/wp\/v2\/users\/1"}],"replies":[{"embeddable":true,"href":"https:\/\/onlinelotto365.com\/hu\/wp-json\/wp\/v2\/comments?post=81040"}],"version-history":[{"count":0,"href":"https:\/\/onlinelotto365.com\/hu\/wp-json\/wp\/v2\/pages\/81040\/revisions"}],"wp:attachment":[{"href":"https:\/\/onlinelotto365.com\/hu\/wp-json\/wp\/v2\/media?parent=81040"}],"curies":[{"name":"wp","href":"https:\/\/api.w.org\/{rel}","templated":true}]}}