{"id":84217,"date":"2023-09-28T08:21:25","date_gmt":"2023-09-28T07:21:25","guid":{"rendered":"https:\/\/onlinelotto365.com\/nyero-lottoszamok\/ellenorizze-az-eurojackpot-nyeroszamait-itt"},"modified":"2023-09-28T08:21:25","modified_gmt":"2023-09-28T07:21:25","slug":"ellenorizze-az-eurojackpot-nyeroszamait-itt","status":"publish","type":"page","link":"https:\/\/onlinelotto365.com\/hu\/nyero-lottoszamok\/ellenorizze-az-eurojackpot-nyeroszamait-itt\/","title":{"rendered":"Ellen\u0151rizze az Eurojackpot nyer\u0151sz\u00e1mait itt"},"content":{"rendered":"<p>Weboldalunkon sz\u00e1mos k\u00fcl\u00f6nb\u00f6z\u0151 nemzetk\u00f6zi lott\u00f3 l\u00e9tezik, ami azt jelenti, hogy a sz\u00e1mok \u00e9s az eredm\u00e9nyek megtal\u00e1l\u00e1sa egyesek sz\u00e1m\u00e1ra neh\u00e9z lehet. Ha pedig m\u00e1shol kell megtal\u00e1lni a sz\u00e1mokat, a dolgok m\u00e9g rosszabbak lehetnek. Val\u00f3sz\u00edn\u0171leg nem fogja megtal\u00e1lni az Eurojackpot eredm\u00e9nyeit a helyi \u00fajs\u00e1gban, \u00e9s a telev\u00edzi\u00f3ban is neh\u00e9z lehet megtal\u00e1lni \u0151ket. K\u00fcl\u00f6n\u00f6sen az\u00e9rt, mert gyakran nem \u00e9l\u0151ben k\u00f6zvet\u00edtik \u0151ket.<\/p>\n<p>Megn\u00e9zheti az Eurojackpot lott\u00f3 weboldal\u00e1t is, ahol \u00e9l\u0151ben k\u00f6zvet\u00edtik az eredm\u00e9nyeket \u00e9s a sorsol\u00e1st. Ez nagyon sz\u00f3rakoztat\u00f3 lehet, \u00e9s sokkal gyorsabban megtudhatja, hogy nyert-e. Ez azonban nem mindig lehets\u00e9ges, \u00e9s megfelel\u0151 id\u0151z\u00edt\u00e9sre van sz\u00fcks\u00e9ged.<\/p>\n<p>Ha a sorsol\u00e1s ut\u00e1n keresed a sz\u00e1mokat, a YouTube-on mindig megn\u00e9zheted, hogy el\u00e9rhet\u0151-e a sorsol\u00e1s, vagy van-e valakinek vide\u00f3ja a nyertes sz\u00e1mokkal.<\/p>\n<p>A legegyszer\u0171bb m\u00f3dja annak, hogy megtal\u00e1ld a nyer\u0151sz\u00e1mokat, s\u0151t, hogy megn\u00e9zd az \u00f6sszes nyerem\u00e9nyt \u00e9s eredm\u00e9nyt, ha megl\u00e1togatod a weboldalunkat a lott\u00f3 eredm\u00e9nyek oldalon a lott\u00f3 eredm\u00e9nyek oldalon. Ott megtal\u00e1lja az \u00f6sszes nyer\u0151sz\u00e1mot az Eurojackpotb\u00f3l \u00e9s az \u00f6sszes t\u00f6bbi \u00e1ltalunk k\u00edn\u00e1lt j\u00e1t\u00e9kb\u00f3l.<\/p>\n<h2>Hogyan tudhatja meg, hogy nyert-e<\/h2>\n<p><img decoding=\"async\" class=\"aligncenter\" src=\"https:\/\/redfoxlotto.com\/image?size=8&amp;lottery=eurojackpot\" alt=\"eurojackpot\" \/><br \/>\nVett\u00e9l szelv\u00e9nyt az Eurojackpotra? Ha igen, akkor m\u00e9g csak fel sem kell mennie az eredm\u00e9nyoldalra. Csak l\u00e9pjen be a fi\u00f3kj\u00e1ba, \u00e9s a nyertes sz\u00e1mokat k\u00f6zvetlen\u00fcl a szelv\u00e9nye mellett fogja l\u00e1tni. M\u00e9g azt is l\u00e1thatja, hogy mely sz\u00e1mok voltak helyesek, \u00e9s melyek nem, valamint azt is, hogy mennyit nyert ennek eredm\u00e9nyek\u00e9ppen. Ha kevesebb mint 2500 eur\u00f3t nyert\u00e9l, a p\u00e9nzt azonnal a sz\u00e1ml\u00e1dra utaljuk, amint a lott\u00f3sz\u00e1mok meger\u0151s\u00edt\u00e9st nyertek.<\/p>\n<p>Weboldalunk megmutatja a legut\u00f3bbi Eurojackpot eredm\u00e9nyeit, de sz\u00e1mos lehet\u0151s\u00e9get k\u00edn\u00e1l a r\u00e9gebbi sorsol\u00e1sok ellen\u0151rz\u00e9s\u00e9re is. \u00cdgy ellen\u0151rizheti a r\u00e9gebbi szelv\u00e9nyeket, vagy ha a legjobb sz\u00e1mokat keresi a k\u00f6vetkez\u0151 szelv\u00e9nyv\u00e1s\u00e1rl\u00e1shoz. Val\u00f3j\u00e1ban ez az egyik legn\u00e9pszer\u0171bb lott\u00f3strat\u00e9gia, amelyet az emberek haszn\u00e1lnak.<\/p>\n<h2>A szelv\u00e9nyem nyert, mi t\u00f6rt\u00e9nik ezut\u00e1n?<\/h2>\n<p><img loading=\"lazy\" decoding=\"async\" class=\"alignright wp-image-25127\" src=\"https:\/\/onlinelotto365.com\/wp-content\/uploads\/2021\/01\/lottery_balls1-300x160-1.jpg\" alt=\"Eurojackpot winning numbers\" width=\"265\" height=\"142\" \/><br \/>\nA 2500 eur\u00f3 alatti nyerem\u00e9nyekr\u0151l m\u00e1r besz\u00e9lt\u00fcnk. Ezeket a nyerem\u00e9nyeket azonnal befizetik a sz\u00e1ml\u00e1j\u00e1ra, \u00e9s ezut\u00e1n v\u00e1laszthat, hogy tov\u00e1bbi szelv\u00e9nyeket v\u00e1s\u00e1rol, vagy kiveszi a p\u00e9nz eg\u00e9sz\u00e9t vagy egy r\u00e9sz\u00e9t. Mind\u00f6ssze annyit kell tennie, hogy legal\u00e1bb 10 eur\u00f3 legyen a sz\u00e1ml\u00e1j\u00e1n, hogy az \u00d6n \u00e1ltal v\u00e1lasztott m\u00f3dszerrel ki tudja venni.<\/p>\n<p>V\u00e1laszthatsz, hogy banksz\u00e1ml\u00e1dra vagy hitelk\u00e1rty\u00e1ra szeretn\u00e9d felvenni a p\u00e9nzt, \u00e9s mi ezt is megk\u00f6nny\u00edtj\u00fck sz\u00e1modra. Szeretn\u00e9nk, ha hozz\u00e1juthatn\u00e1l a p\u00e9nzedhez, de n\u00e9h\u00e1ny l\u00e9p\u00e9st meg kell tenn\u00fcnk, hogy a p\u00e9nz a sz\u00e1ml\u00e1dra ker\u00fclj\u00f6n. Hiszen az online p\u00e9nz\u00e1tutal\u00e1sokra szigor\u00fa szab\u00e1lyok vonatkoznak.<\/p>\n","protected":false},"excerpt":{"rendered":"<p>Weboldalunkon sz\u00e1mos k\u00fcl\u00f6nb\u00f6z\u0151 nemzetk\u00f6zi lott\u00f3 l\u00e9tezik, ami azt jelenti, hogy a sz\u00e1mok \u00e9s az eredm\u00e9nyek megtal\u00e1l\u00e1sa egyesek sz\u00e1m\u00e1ra neh\u00e9z lehet. Ha pedig m\u00e1shol kell megtal\u00e1lni a sz\u00e1mokat, a dolgok m\u00e9g rosszabbak lehetnek. Val\u00f3sz\u00edn\u0171leg nem fogja megtal\u00e1lni az Eurojackpot eredm\u00e9nyeit a helyi \u00fajs\u00e1gban, \u00e9s a telev\u00edzi\u00f3ban is neh\u00e9z lehet megtal\u00e1lni \u0151ket. K\u00fcl\u00f6n\u00f6sen az\u00e9rt, mert gyakran nem [&hellip;]<\/p>\n","protected":false},"author":1,"featured_media":0,"parent":5838,"menu_order":4,"comment_status":"closed","ping_status":"closed","template":"eurojackpot-results.php","meta":{"_et_pb_use_builder":"","_et_pb_old_content":"","_et_gb_content_width":"","exclude_from_search":false,"footnotes":""},"class_list":["post-84217","page","type-page","status-publish","hentry"],"yoast_head":"<!-- This site is optimized with the Yoast SEO plugin v23.4 - https:\/\/yoast.com\/wordpress\/plugins\/seo\/ -->\n<title>Nyer\u0151sz\u00e1mok Eurojackpot | Az Eurojackpot sorsol\u00e1si eredm\u00e9nyeit \u00e9s nyerem\u00e9nyeit itt n\u00e9zheti meg<\/title>\n<meta name=\"description\" content=\"K\u00f6zz\u00e9tessz\u00fck az Eurojackpot eredm\u00e9nyeit \u00e9s nyer\u0151sz\u00e1mait, valamint egy arch\u00edvumot a kor\u00e1bbi sorsol\u00e1sokr\u00f3l.\" \/>\n<meta name=\"robots\" content=\"index, follow, max-snippet:-1, max-image-preview:large, max-video-preview:-1\" \/>\n<link rel=\"canonical\" href=\"https:\/\/onlinelotto365.com\/hu\/nyero-lottoszamok\/ellenorizze-az-eurojackpot-nyeroszamait-itt\/\" \/>\n<meta property=\"og:locale\" content=\"hu_HU\" \/>\n<meta property=\"og:type\" content=\"article\" \/>\n<meta property=\"og:title\" content=\"Nyer\u0151sz\u00e1mok Eurojackpot | Az Eurojackpot sorsol\u00e1si eredm\u00e9nyeit \u00e9s nyerem\u00e9nyeit itt n\u00e9zheti meg\" \/>\n<meta property=\"og:description\" content=\"K\u00f6zz\u00e9tessz\u00fck az Eurojackpot eredm\u00e9nyeit \u00e9s nyer\u0151sz\u00e1mait, valamint egy arch\u00edvumot a kor\u00e1bbi sorsol\u00e1sokr\u00f3l.\" \/>\n<meta property=\"og:url\" content=\"https:\/\/onlinelotto365.com\/hu\/nyero-lottoszamok\/ellenorizze-az-eurojackpot-nyeroszamait-itt\/\" \/>\n<meta property=\"og:site_name\" content=\"OnlineLotto365\" \/>\n<meta property=\"og:image\" content=\"https:\/\/redfoxlotto.com\/image?size=8&amp;lottery=eurojackpot\" \/>\n<meta name=\"twitter:card\" content=\"summary_large_image\" \/>\n<meta name=\"twitter:label1\" content=\"Becs\u00fclt olvas\u00e1si id\u0151\" \/>\n\t<meta name=\"twitter:data1\" content=\"3 perc\" \/>\n<script type=\"application\/ld+json\" class=\"yoast-schema-graph\">{\"@context\":\"https:\/\/schema.org\",\"@graph\":[{\"@type\":\"WebPage\",\"@id\":\"https:\/\/onlinelotto365.com\/hu\/nyero-lottoszamok\/ellenorizze-az-eurojackpot-nyeroszamait-itt\/\",\"url\":\"https:\/\/onlinelotto365.com\/hu\/nyero-lottoszamok\/ellenorizze-az-eurojackpot-nyeroszamait-itt\/\",\"name\":\"Nyer\u0151sz\u00e1mok Eurojackpot | Az Eurojackpot sorsol\u00e1si eredm\u00e9nyeit \u00e9s nyerem\u00e9nyeit itt n\u00e9zheti meg\",\"isPartOf\":{\"@id\":\"https:\/\/onlinelotto365.com\/hu\/#website\"},\"primaryImageOfPage\":{\"@id\":\"https:\/\/onlinelotto365.com\/hu\/nyero-lottoszamok\/ellenorizze-az-eurojackpot-nyeroszamait-itt\/#primaryimage\"},\"image\":{\"@id\":\"https:\/\/onlinelotto365.com\/hu\/nyero-lottoszamok\/ellenorizze-az-eurojackpot-nyeroszamait-itt\/#primaryimage\"},\"thumbnailUrl\":\"https:\/\/redfoxlotto.com\/image?size=8&amp;lottery=eurojackpot\",\"datePublished\":\"2023-09-28T07:21:25+00:00\",\"dateModified\":\"2023-09-28T07:21:25+00:00\",\"description\":\"K\u00f6zz\u00e9tessz\u00fck az Eurojackpot eredm\u00e9nyeit \u00e9s nyer\u0151sz\u00e1mait, valamint egy arch\u00edvumot a kor\u00e1bbi sorsol\u00e1sokr\u00f3l.\",\"breadcrumb\":{\"@id\":\"https:\/\/onlinelotto365.com\/hu\/nyero-lottoszamok\/ellenorizze-az-eurojackpot-nyeroszamait-itt\/#breadcrumb\"},\"inLanguage\":\"hu\",\"potentialAction\":[{\"@type\":\"ReadAction\",\"target\":[\"https:\/\/onlinelotto365.com\/hu\/nyero-lottoszamok\/ellenorizze-az-eurojackpot-nyeroszamait-itt\/\"]}]},{\"@type\":\"ImageObject\",\"inLanguage\":\"hu\",\"@id\":\"https:\/\/onlinelotto365.com\/hu\/nyero-lottoszamok\/ellenorizze-az-eurojackpot-nyeroszamait-itt\/#primaryimage\",\"url\":\"https:\/\/redfoxlotto.com\/image?size=8&amp;lottery=eurojackpot\",\"contentUrl\":\"https:\/\/redfoxlotto.com\/image?size=8&amp;lottery=eurojackpot\"},{\"@type\":\"BreadcrumbList\",\"@id\":\"https:\/\/onlinelotto365.com\/hu\/nyero-lottoszamok\/ellenorizze-az-eurojackpot-nyeroszamait-itt\/#breadcrumb\",\"itemListElement\":[{\"@type\":\"ListItem\",\"position\":1,\"name\":\"Home\",\"item\":\"https:\/\/onlinelotto365.com\/hu\/\"},{\"@type\":\"ListItem\",\"position\":2,\"name\":\"Nemzetk\u00f6zi lott\u00f3eredm\u00e9nyeket keresel?\",\"item\":\"https:\/\/onlinelotto365.com\/hu\/winning-numbers\/\"},{\"@type\":\"ListItem\",\"position\":3,\"name\":\"Ellen\u0151rizze az Eurojackpot nyer\u0151sz\u00e1mait itt\"}]},{\"@type\":\"WebSite\",\"@id\":\"https:\/\/onlinelotto365.com\/hu\/#website\",\"url\":\"https:\/\/onlinelotto365.com\/hu\/\",\"name\":\"OnlineLotto365\",\"description\":\"\",\"potentialAction\":[{\"@type\":\"SearchAction\",\"target\":{\"@type\":\"EntryPoint\",\"urlTemplate\":\"https:\/\/onlinelotto365.com\/hu\/?s={search_term_string}\"},\"query-input\":{\"@type\":\"PropertyValueSpecification\",\"valueRequired\":true,\"valueName\":\"search_term_string\"}}],\"inLanguage\":\"hu\"}]}<\/script>\n<!-- \/ Yoast SEO plugin. -->","yoast_head_json":{"title":"Nyer\u0151sz\u00e1mok Eurojackpot | Az Eurojackpot sorsol\u00e1si eredm\u00e9nyeit \u00e9s nyerem\u00e9nyeit itt n\u00e9zheti meg","description":"K\u00f6zz\u00e9tessz\u00fck az Eurojackpot eredm\u00e9nyeit \u00e9s nyer\u0151sz\u00e1mait, valamint egy arch\u00edvumot a kor\u00e1bbi sorsol\u00e1sokr\u00f3l.","robots":{"index":"index","follow":"follow","max-snippet":"max-snippet:-1","max-image-preview":"max-image-preview:large","max-video-preview":"max-video-preview:-1"},"canonical":"https:\/\/onlinelotto365.com\/hu\/nyero-lottoszamok\/ellenorizze-az-eurojackpot-nyeroszamait-itt\/","og_locale":"hu_HU","og_type":"article","og_title":"Nyer\u0151sz\u00e1mok Eurojackpot | Az Eurojackpot sorsol\u00e1si eredm\u00e9nyeit \u00e9s nyerem\u00e9nyeit itt n\u00e9zheti meg","og_description":"K\u00f6zz\u00e9tessz\u00fck az Eurojackpot eredm\u00e9nyeit \u00e9s nyer\u0151sz\u00e1mait, valamint egy arch\u00edvumot a kor\u00e1bbi sorsol\u00e1sokr\u00f3l.","og_url":"https:\/\/onlinelotto365.com\/hu\/nyero-lottoszamok\/ellenorizze-az-eurojackpot-nyeroszamait-itt\/","og_site_name":"OnlineLotto365","og_image":[{"url":"https:\/\/redfoxlotto.com\/image?size=8&amp;lottery=eurojackpot"}],"twitter_card":"summary_large_image","twitter_misc":{"Becs\u00fclt olvas\u00e1si id\u0151":"3 perc"},"schema":{"@context":"https:\/\/schema.org","@graph":[{"@type":"WebPage","@id":"https:\/\/onlinelotto365.com\/hu\/nyero-lottoszamok\/ellenorizze-az-eurojackpot-nyeroszamait-itt\/","url":"https:\/\/onlinelotto365.com\/hu\/nyero-lottoszamok\/ellenorizze-az-eurojackpot-nyeroszamait-itt\/","name":"Nyer\u0151sz\u00e1mok Eurojackpot | Az Eurojackpot sorsol\u00e1si eredm\u00e9nyeit \u00e9s nyerem\u00e9nyeit itt n\u00e9zheti meg","isPartOf":{"@id":"https:\/\/onlinelotto365.com\/hu\/#website"},"primaryImageOfPage":{"@id":"https:\/\/onlinelotto365.com\/hu\/nyero-lottoszamok\/ellenorizze-az-eurojackpot-nyeroszamait-itt\/#primaryimage"},"image":{"@id":"https:\/\/onlinelotto365.com\/hu\/nyero-lottoszamok\/ellenorizze-az-eurojackpot-nyeroszamait-itt\/#primaryimage"},"thumbnailUrl":"https:\/\/redfoxlotto.com\/image?size=8&amp;lottery=eurojackpot","datePublished":"2023-09-28T07:21:25+00:00","dateModified":"2023-09-28T07:21:25+00:00","description":"K\u00f6zz\u00e9tessz\u00fck az Eurojackpot eredm\u00e9nyeit \u00e9s nyer\u0151sz\u00e1mait, valamint egy arch\u00edvumot a kor\u00e1bbi sorsol\u00e1sokr\u00f3l.","breadcrumb":{"@id":"https:\/\/onlinelotto365.com\/hu\/nyero-lottoszamok\/ellenorizze-az-eurojackpot-nyeroszamait-itt\/#breadcrumb"},"inLanguage":"hu","potentialAction":[{"@type":"ReadAction","target":["https:\/\/onlinelotto365.com\/hu\/nyero-lottoszamok\/ellenorizze-az-eurojackpot-nyeroszamait-itt\/"]}]},{"@type":"ImageObject","inLanguage":"hu","@id":"https:\/\/onlinelotto365.com\/hu\/nyero-lottoszamok\/ellenorizze-az-eurojackpot-nyeroszamait-itt\/#primaryimage","url":"https:\/\/redfoxlotto.com\/image?size=8&amp;lottery=eurojackpot","contentUrl":"https:\/\/redfoxlotto.com\/image?size=8&amp;lottery=eurojackpot"},{"@type":"BreadcrumbList","@id":"https:\/\/onlinelotto365.com\/hu\/nyero-lottoszamok\/ellenorizze-az-eurojackpot-nyeroszamait-itt\/#breadcrumb","itemListElement":[{"@type":"ListItem","position":1,"name":"Home","item":"https:\/\/onlinelotto365.com\/hu\/"},{"@type":"ListItem","position":2,"name":"Nemzetk\u00f6zi lott\u00f3eredm\u00e9nyeket keresel?","item":"https:\/\/onlinelotto365.com\/hu\/winning-numbers\/"},{"@type":"ListItem","position":3,"name":"Ellen\u0151rizze az Eurojackpot nyer\u0151sz\u00e1mait itt"}]},{"@type":"WebSite","@id":"https:\/\/onlinelotto365.com\/hu\/#website","url":"https:\/\/onlinelotto365.com\/hu\/","name":"OnlineLotto365","description":"","potentialAction":[{"@type":"SearchAction","target":{"@type":"EntryPoint","urlTemplate":"https:\/\/onlinelotto365.com\/hu\/?s={search_term_string}"},"query-input":{"@type":"PropertyValueSpecification","valueRequired":true,"valueName":"search_term_string"}}],"inLanguage":"hu"}]}},"_links":{"self":[{"href":"https:\/\/onlinelotto365.com\/hu\/wp-json\/wp\/v2\/pages\/84217","targetHints":{"allow":["GET"]}}],"collection":[{"href":"https:\/\/onlinelotto365.com\/hu\/wp-json\/wp\/v2\/pages"}],"about":[{"href":"https:\/\/onlinelotto365.com\/hu\/wp-json\/wp\/v2\/types\/page"}],"author":[{"embeddable":true,"href":"https:\/\/onlinelotto365.com\/hu\/wp-json\/wp\/v2\/users\/1"}],"replies":[{"embeddable":true,"href":"https:\/\/onlinelotto365.com\/hu\/wp-json\/wp\/v2\/comments?post=84217"}],"version-history":[{"count":0,"href":"https:\/\/onlinelotto365.com\/hu\/wp-json\/wp\/v2\/pages\/84217\/revisions"}],"up":[{"embeddable":true,"href":"https:\/\/onlinelotto365.com\/hu\/wp-json\/wp\/v2\/pages\/5838"}],"wp:attachment":[{"href":"https:\/\/onlinelotto365.com\/hu\/wp-json\/wp\/v2\/media?parent=84217"}],"curies":[{"name":"wp","href":"https:\/\/api.w.org\/{rel}","templated":true}]}}