{"id":84440,"date":"2023-10-03T12:58:43","date_gmt":"2023-10-03T11:58:43","guid":{"rendered":"https:\/\/onlinelotto365.com\/gyik"},"modified":"2023-10-03T12:58:43","modified_gmt":"2023-10-03T11:58:43","slug":"gyik","status":"publish","type":"page","link":"https:\/\/onlinelotto365.com\/hu\/gyik\/","title":{"rendered":"GYIK"},"content":{"rendered":"<h1>Online lott\u00f3 GYIK<\/h1>\n<p>Itt megtal\u00e1lja a v\u00e1laszokat a leggyakrabban feltett k\u00e9rd\u00e9sekre az online lott\u00f3 szolg\u00e1ltat\u00e1s m\u0171k\u00f6d\u00e9s\u00e9vel kapcsolatban.<\/p>\n<p>Hogyan kapom meg a szelv\u00e9nyeimet?<\/p>\n<p>Ezut\u00e1n az egyik helysz\u00edni \u00fcgyn\u00f6k\u00fcnk megv\u00e1s\u00e1rolja a szelv\u00e9nyt az \u00d6n nev\u00e9ben \u00e9s az \u00d6n megb\u00edz\u00e1s\u00e1b\u00f3l. Ezut\u00e1n a szelv\u00e9nyt beszkennelik \u00e9s felt\u00f6ltik az \u00d6n \u00fcgyf\u00e9lsz\u00e1ml\u00e1j\u00e1ra. K\u00fcld\u00fcnk \u00d6nnek egy e-mailt, ha nyert, \u00e9s szolg\u00e1ltat\u00e1sunk mag\u00e1ban foglalja a nyerem\u00e9ny\u00e9nek eljuttat\u00e1s\u00e1t \u00d6nh\u00f6z (a r\u00e9szleteket l\u00e1sd al\u00e1bb). \u00d6n is nyer.<\/p>\n<p>Milyen el\u0151nyei vannak annak, ha rajtunk kereszt\u00fcl j\u00e1tszik nemzetk\u00f6zi lott\u00f3j\u00e1t\u00e9kokon online?<\/p>\n<ul>\n<li>sz\u00e1mos lott\u00f3 k\u00f6z\u00fcl v\u00e1laszthatsz, \u00e9s mindig v\u00e1r r\u00e1d egy nagy jackpot<\/li>\n<li>t\u00e9nyleges szelv\u00e9nyt kap<\/li>\n<li>b\u00e1rhonnan j\u00e1tszhatsz, b\u00e1rhol is vagy<\/li>\n<li>k\u00e9nyelmesen fizethetsz online, sz\u00e1mos lehet\u0151s\u00e9g\u00fcnk van, t\u00f6bbek k\u00f6z\u00f6tt hitelk\u00e1rty\u00e1val is<\/li>\n<li>kisebb nyerem\u00e9nyeidet 2500 eur\u00f3ig azonnal j\u00f3v\u00e1\u00edrjuk a j\u00e1t\u00e9kos sz\u00e1ml\u00e1don<\/li>\n<li>2500 eur\u00f3n\u00e1l magasabb nyerem\u00e9ny eset\u00e9n a kifizet\u00e9st k\u00f6zvetlen\u00fcl a lott\u00f3t\u00e1rsas\u00e1gt\u00f3l int\u00e9zz\u00fck, d\u00edjmentesen<\/li>\n<\/ul>\n<p>Ki j\u00e1tszhat a lott\u00f3n?<\/p>\n<p>B\u00e1rki j\u00e1tszhat &#8211; de a lott\u00f3z\u00e1shoz 18 \u00e9vesn\u00e9l id\u0151sebbnek kell lennie.<\/p>\n<p>J\u00e1tszhatok lott\u00f3n k\u00fclf\u00f6ldi orsz\u00e1gb\u00f3l?<\/p>\n<p>Igen. Nem sz\u00e1m\u00edt, hogy melyik orsz\u00e1gban \u00e9l, a weboldalunkon megjelen\u0151 \u00f6sszes lott\u00f3j\u00e1t\u00e9kban r\u00e9szt vehet.<\/p>\n<p>D\u00f6nthetek a saj\u00e1t lott\u00f3sz\u00e1maimr\u00f3l?<\/p>\n<p>Igen. K\u00e9zzel is v\u00e1laszthat sz\u00e1mokat, vagy haszn\u00e1lhatja a &#8222;Quick Pick&#8221; funkci\u00f3t, \u00e9s v\u00e9letlenszer\u0171en gener\u00e1lhat sz\u00e1mokat.<\/p>\n<p>Hogyan fogom megkapni a lott\u00f3szelv\u00e9nyemet?<\/p>\n<p>A sikeres fizet\u00e9st k\u00f6vet\u0151en e-mailben kapja meg a v\u00e1s\u00e1rl\u00e1s visszaigazol\u00e1s\u00e1t. Az \u00d6n \u00e1ltal kiv\u00e1lasztott sz\u00e1mok l\u00e1that\u00f3ak lesznek a fi\u00f3kj\u00e1ban. Nyilv\u00e1nval\u00f3, hogy a v\u00e1s\u00e1rl\u00e1s \u00e9s a beolvas\u00e1s folyamata eltart egy ideig, de 2-3 \u00f3r\u00e1val k\u00e9s\u0151bb, miut\u00e1n bejelentkezik a fi\u00f3kj\u00e1ba, megtal\u00e1lja a beolvasott szelv\u00e9nyt.<\/p>\n<p>Hogyan fizethetek a lott\u00f3szelv\u00e9nyeim\u00e9rt?<\/p>\n<p>T\u00f6bbf\u00e9le fizet\u00e9si lehet\u0151s\u00e9g\u00fcnk van az \u00d6n sz\u00e1m\u00e1ra, bele\u00e9rtve a hitelk\u00e1rty\u00e1s fizet\u00e9st, az azonnali banki \u00e1tutal\u00e1st, a k\u00fcl\u00f6nb\u00f6z\u0151 kriptovalut\u00e1kat \u00e9s m\u00e9g sok m\u00e1st.<br \/>\nAz is lehets\u00e9ges, hogy el\u0151sz\u00f6r p\u00e9nzt fizet be a j\u00e1t\u00e9kos sz\u00e1ml\u00e1j\u00e1ra, majd az \u00faj egyenleg\u00e9t b\u00e1rmikor felhaszn\u00e1lhatja a szelv\u00e9nyek megv\u00e1s\u00e1rl\u00e1s\u00e1ra. Az egyenleg megl\u00e9te sokkal gyorsabb\u00e1 teszi a fizet\u00e9si folyamatot!<\/p>\n<p>Sz\u00e1molnak fel jutal\u00e9kot, ha nyerek?<\/p>\n<p>Nem, nem sz\u00e1m\u00edtunk fel. Minden nyerem\u00e9ny\u00e9t teljes eg\u00e9sz\u00e9ben kifizetj\u00fck, an\u00e9lk\u00fcl, hogy b\u00e1rmilyen d\u00edjat felsz\u00e1m\u00edtan\u00e1nk, kiv\u00e9ve bizonyos esetekben a banki \u00e1tutal\u00e1si d\u00edjakat.<\/p>\n<p>Hogyan tudom meg, hogy nyertem-e?<\/p>\n<p>El\u0151sz\u00f6r is, k\u00fcld\u00fcnk egy e-mailt, amelyben \u00e9rtes\u00edtj\u00fck a nyerem\u00e9ny\u00e9r\u0151l. Emellett b\u00e1rmikor bejelentkezhet a fi\u00f3kj\u00e1ba, \u00e9s a &#8222;Szelv\u00e9nyeim&#8221; men\u00fcpontban ellen\u0151rizheti a szelv\u00e9nyei \u00e1llapot\u00e1t. Az \u00f6sszes lott\u00f3 nyer\u0151sz\u00e1mait tartalmaz\u00f3 friss\u00edt\u00e9sek megtal\u00e1lhat\u00f3ak a weboldalunkon.<\/p>\n<p>Hogyan kapok p\u00e9nzt, ha nyertem?<\/p>\n<p>Ha 2500 eur\u00f3ig nyer, a nyerem\u00e9nyt azonnal j\u00f3v\u00e1\u00edrjuk a j\u00e1t\u00e9kos sz\u00e1ml\u00e1j\u00e1n. Enn\u00e9l magasabb nyerem\u00e9ny eset\u00e9n e-mailben k\u00fcld\u00fcnk \u00d6nnek egy ig\u00e9nyl\u0151lapot. Azonos\u00edtania kell mag\u00e1t, \u00e9s meg kell adnia n\u00e9h\u00e1ny alapvet\u0151 inform\u00e1ci\u00f3t, p\u00e9ld\u00e1ul azt, hogy hogyan szeretn\u00e9, ha kifizetn\u00e9nk. Ezt k\u00f6vet\u0151en beny\u00fajtjuk az ig\u00e9ny\u00e9t a lott\u00f3t\u00e1rsas\u00e1gnak. A lott\u00f3t\u00e1rsas\u00e1g ezut\u00e1n k\u00f6zvetlen\u00fcl \u00d6nnek fog fizetni.<br \/>\nHa ezt jobban szeretn\u00e9, akkor a szelv\u00e9ny\u00e9t \u00e1tveheti valamelyik \u00fcgyn\u00f6ki irod\u00e1nkban is, majd szem\u00e9lyesen bemutathatja a lott\u00f3t\u00e1rsas\u00e1gnak.<\/p>\n<p>T\u00e9nyleg leg\u00e1lis az \u00d6n\u00f6k szolg\u00e1ltat\u00e1sa?<\/p>\n<p>Igen, teljes m\u00e9rt\u00e9kben. Olyan, mintha a lott\u00f3 orsz\u00e1g\u00e1ban nyaralna, \u00e9s maga venn\u00e9 meg a szelv\u00e9nyt. Ha ez a szelv\u00e9ny nyerne, ugyanolyan ig\u00e9nyt tarthat a nyerem\u00e9nyre, mint b\u00e1rki m\u00e1s.<\/p>\n<p>Honnan tudom, hogy a nevemben v\u00e1s\u00e1roltak lott\u00f3szelv\u00e9nyt?<\/p>\n<p>Miut\u00e1n kifizette a lott\u00f3szelv\u00e9nyt, el\u0151sz\u00f6r egy fizet\u00e9si visszaigazol\u00e1st kap. Kicsit k\u00e9s\u0151bb, l\u00e1thatja a szelv\u00e9nye beolvas\u00e1s\u00e1t a weboldalunk \u00fcgyf\u00e9lter\u00fclet\u00e9n.<\/p>\n","protected":false},"excerpt":{"rendered":"<p>Online lott\u00f3 GYIK Itt megtal\u00e1lja a v\u00e1laszokat a leggyakrabban feltett k\u00e9rd\u00e9sekre az online lott\u00f3 szolg\u00e1ltat\u00e1s m\u0171k\u00f6d\u00e9s\u00e9vel kapcsolatban. Hogyan kapom meg a szelv\u00e9nyeimet? Ezut\u00e1n az egyik helysz\u00edni \u00fcgyn\u00f6k\u00fcnk megv\u00e1s\u00e1rolja a szelv\u00e9nyt az \u00d6n nev\u00e9ben \u00e9s az \u00d6n megb\u00edz\u00e1s\u00e1b\u00f3l. Ezut\u00e1n a szelv\u00e9nyt beszkennelik \u00e9s felt\u00f6ltik az \u00d6n \u00fcgyf\u00e9lsz\u00e1ml\u00e1j\u00e1ra. K\u00fcld\u00fcnk \u00d6nnek egy e-mailt, ha nyert, \u00e9s szolg\u00e1ltat\u00e1sunk mag\u00e1ban [&hellip;]<\/p>\n","protected":false},"author":1,"featured_media":0,"parent":0,"menu_order":50,"comment_status":"closed","ping_status":"closed","template":"","meta":{"_et_pb_use_builder":"","_et_pb_old_content":"","_et_gb_content_width":"","exclude_from_search":false,"footnotes":""},"class_list":["post-84440","page","type-page","status-publish","hentry"],"yoast_head":"<!-- This site is optimized with the Yoast SEO plugin v23.4 - https:\/\/yoast.com\/wordpress\/plugins\/seo\/ -->\n<title>V\u00e1laszok az online lott\u00f3szolg\u00e1ltat\u00e1sunkkal kapcsolatos leggyakoribb k\u00e9rd\u00e9sekre<\/title>\n<meta name=\"description\" content=\"Szeretne t\u00f6bbet megtudni arr\u00f3l, hogyan m\u0171k\u00f6dik online lott\u00f3szelv\u00e9nyk\u00fcld\u0151 szolg\u00e1ltat\u00e1sunk? Itt tal\u00e1lja a leggyakoribb k\u00e9rd\u00e9sekre adott v\u00e1laszokat\" \/>\n<meta name=\"robots\" content=\"index, follow, max-snippet:-1, max-image-preview:large, max-video-preview:-1\" \/>\n<link rel=\"canonical\" href=\"https:\/\/onlinelotto365.com\/hu\/gyik\/\" \/>\n<meta property=\"og:locale\" content=\"hu_HU\" \/>\n<meta property=\"og:type\" content=\"article\" \/>\n<meta property=\"og:title\" content=\"V\u00e1laszok az online lott\u00f3szolg\u00e1ltat\u00e1sunkkal kapcsolatos leggyakoribb k\u00e9rd\u00e9sekre\" \/>\n<meta property=\"og:description\" content=\"Szeretne t\u00f6bbet megtudni arr\u00f3l, hogyan m\u0171k\u00f6dik online lott\u00f3szelv\u00e9nyk\u00fcld\u0151 szolg\u00e1ltat\u00e1sunk? Itt tal\u00e1lja a leggyakoribb k\u00e9rd\u00e9sekre adott v\u00e1laszokat\" \/>\n<meta property=\"og:url\" content=\"https:\/\/onlinelotto365.com\/hu\/gyik\/\" \/>\n<meta property=\"og:site_name\" content=\"OnlineLotto365\" \/>\n<meta name=\"twitter:card\" content=\"summary_large_image\" \/>\n<meta name=\"twitter:label1\" content=\"Becs\u00fclt olvas\u00e1si id\u0151\" \/>\n\t<meta name=\"twitter:data1\" content=\"4 perc\" \/>\n<script type=\"application\/ld+json\" class=\"yoast-schema-graph\">{\"@context\":\"https:\/\/schema.org\",\"@graph\":[{\"@type\":\"WebPage\",\"@id\":\"https:\/\/onlinelotto365.com\/hu\/gyik\/\",\"url\":\"https:\/\/onlinelotto365.com\/hu\/gyik\/\",\"name\":\"V\u00e1laszok az online lott\u00f3szolg\u00e1ltat\u00e1sunkkal kapcsolatos leggyakoribb k\u00e9rd\u00e9sekre\",\"isPartOf\":{\"@id\":\"https:\/\/onlinelotto365.com\/hu\/#website\"},\"datePublished\":\"2023-10-03T11:58:43+00:00\",\"dateModified\":\"2023-10-03T11:58:43+00:00\",\"description\":\"Szeretne t\u00f6bbet megtudni arr\u00f3l, hogyan m\u0171k\u00f6dik online lott\u00f3szelv\u00e9nyk\u00fcld\u0151 szolg\u00e1ltat\u00e1sunk? Itt tal\u00e1lja a leggyakoribb k\u00e9rd\u00e9sekre adott v\u00e1laszokat\",\"breadcrumb\":{\"@id\":\"https:\/\/onlinelotto365.com\/hu\/gyik\/#breadcrumb\"},\"inLanguage\":\"hu\",\"potentialAction\":[{\"@type\":\"ReadAction\",\"target\":[\"https:\/\/onlinelotto365.com\/hu\/gyik\/\"]}]},{\"@type\":\"BreadcrumbList\",\"@id\":\"https:\/\/onlinelotto365.com\/hu\/gyik\/#breadcrumb\",\"itemListElement\":[{\"@type\":\"ListItem\",\"position\":1,\"name\":\"Home\",\"item\":\"https:\/\/onlinelotto365.com\/hu\/\"},{\"@type\":\"ListItem\",\"position\":2,\"name\":\"GYIK\"}]},{\"@type\":\"WebSite\",\"@id\":\"https:\/\/onlinelotto365.com\/hu\/#website\",\"url\":\"https:\/\/onlinelotto365.com\/hu\/\",\"name\":\"OnlineLotto365\",\"description\":\"\",\"potentialAction\":[{\"@type\":\"SearchAction\",\"target\":{\"@type\":\"EntryPoint\",\"urlTemplate\":\"https:\/\/onlinelotto365.com\/hu\/?s={search_term_string}\"},\"query-input\":{\"@type\":\"PropertyValueSpecification\",\"valueRequired\":true,\"valueName\":\"search_term_string\"}}],\"inLanguage\":\"hu\"}]}<\/script>\n<!-- \/ Yoast SEO plugin. -->","yoast_head_json":{"title":"V\u00e1laszok az online lott\u00f3szolg\u00e1ltat\u00e1sunkkal kapcsolatos leggyakoribb k\u00e9rd\u00e9sekre","description":"Szeretne t\u00f6bbet megtudni arr\u00f3l, hogyan m\u0171k\u00f6dik online lott\u00f3szelv\u00e9nyk\u00fcld\u0151 szolg\u00e1ltat\u00e1sunk? Itt tal\u00e1lja a leggyakoribb k\u00e9rd\u00e9sekre adott v\u00e1laszokat","robots":{"index":"index","follow":"follow","max-snippet":"max-snippet:-1","max-image-preview":"max-image-preview:large","max-video-preview":"max-video-preview:-1"},"canonical":"https:\/\/onlinelotto365.com\/hu\/gyik\/","og_locale":"hu_HU","og_type":"article","og_title":"V\u00e1laszok az online lott\u00f3szolg\u00e1ltat\u00e1sunkkal kapcsolatos leggyakoribb k\u00e9rd\u00e9sekre","og_description":"Szeretne t\u00f6bbet megtudni arr\u00f3l, hogyan m\u0171k\u00f6dik online lott\u00f3szelv\u00e9nyk\u00fcld\u0151 szolg\u00e1ltat\u00e1sunk? Itt tal\u00e1lja a leggyakoribb k\u00e9rd\u00e9sekre adott v\u00e1laszokat","og_url":"https:\/\/onlinelotto365.com\/hu\/gyik\/","og_site_name":"OnlineLotto365","twitter_card":"summary_large_image","twitter_misc":{"Becs\u00fclt olvas\u00e1si id\u0151":"4 perc"},"schema":{"@context":"https:\/\/schema.org","@graph":[{"@type":"WebPage","@id":"https:\/\/onlinelotto365.com\/hu\/gyik\/","url":"https:\/\/onlinelotto365.com\/hu\/gyik\/","name":"V\u00e1laszok az online lott\u00f3szolg\u00e1ltat\u00e1sunkkal kapcsolatos leggyakoribb k\u00e9rd\u00e9sekre","isPartOf":{"@id":"https:\/\/onlinelotto365.com\/hu\/#website"},"datePublished":"2023-10-03T11:58:43+00:00","dateModified":"2023-10-03T11:58:43+00:00","description":"Szeretne t\u00f6bbet megtudni arr\u00f3l, hogyan m\u0171k\u00f6dik online lott\u00f3szelv\u00e9nyk\u00fcld\u0151 szolg\u00e1ltat\u00e1sunk? Itt tal\u00e1lja a leggyakoribb k\u00e9rd\u00e9sekre adott v\u00e1laszokat","breadcrumb":{"@id":"https:\/\/onlinelotto365.com\/hu\/gyik\/#breadcrumb"},"inLanguage":"hu","potentialAction":[{"@type":"ReadAction","target":["https:\/\/onlinelotto365.com\/hu\/gyik\/"]}]},{"@type":"BreadcrumbList","@id":"https:\/\/onlinelotto365.com\/hu\/gyik\/#breadcrumb","itemListElement":[{"@type":"ListItem","position":1,"name":"Home","item":"https:\/\/onlinelotto365.com\/hu\/"},{"@type":"ListItem","position":2,"name":"GYIK"}]},{"@type":"WebSite","@id":"https:\/\/onlinelotto365.com\/hu\/#website","url":"https:\/\/onlinelotto365.com\/hu\/","name":"OnlineLotto365","description":"","potentialAction":[{"@type":"SearchAction","target":{"@type":"EntryPoint","urlTemplate":"https:\/\/onlinelotto365.com\/hu\/?s={search_term_string}"},"query-input":{"@type":"PropertyValueSpecification","valueRequired":true,"valueName":"search_term_string"}}],"inLanguage":"hu"}]}},"_links":{"self":[{"href":"https:\/\/onlinelotto365.com\/hu\/wp-json\/wp\/v2\/pages\/84440","targetHints":{"allow":["GET"]}}],"collection":[{"href":"https:\/\/onlinelotto365.com\/hu\/wp-json\/wp\/v2\/pages"}],"about":[{"href":"https:\/\/onlinelotto365.com\/hu\/wp-json\/wp\/v2\/types\/page"}],"author":[{"embeddable":true,"href":"https:\/\/onlinelotto365.com\/hu\/wp-json\/wp\/v2\/users\/1"}],"replies":[{"embeddable":true,"href":"https:\/\/onlinelotto365.com\/hu\/wp-json\/wp\/v2\/comments?post=84440"}],"version-history":[{"count":0,"href":"https:\/\/onlinelotto365.com\/hu\/wp-json\/wp\/v2\/pages\/84440\/revisions"}],"wp:attachment":[{"href":"https:\/\/onlinelotto365.com\/hu\/wp-json\/wp\/v2\/media?parent=84440"}],"curies":[{"name":"wp","href":"https:\/\/api.w.org\/{rel}","templated":true}]}}