{"id":11009,"date":"2020-12-18T13:26:13","date_gmt":"2020-12-18T12:26:13","guid":{"rendered":"http:\/\/onlinelotto365.net\/?page_id=11009"},"modified":"2021-01-11T09:57:57","modified_gmt":"2021-01-11T08:57:57","slug":"powerball","status":"publish","type":"page","link":"https:\/\/onlinelotto365.com\/it\/giocare\/powerball\/","title":{"rendered":"Come possono i residenti in Italia giocare a Powerball online?"},"content":{"rendered":"<p>In realt\u00e0 \u00e8 <strong> abbastanza semplice giocare a Powerball online <\/strong>, anche se sei in Italia. Ed \u00e8 anche abbastanza conveniente.<\/p>\n<p>Assicurati di aver scelto la lotteria corretta, ovvero Powerball. Quindi seleziona i tuoi numeri. Se provi a scegliere troppi numeri o non hai selezionato abbastanza numeri, il sistema ti chieder\u00e0 di scegliere meno o pi\u00f9 numeri.<\/p>\n<p>C&#8217;\u00e8 anche un metodo che molti giocatori amano usare: la funzione di selezione rapida. Tutto quello che devi fare \u00e8 fare clic sul pulsante di selezione rapida e il sito selezioner\u00e0 alcuni numeri a caso per te. Puoi comunque modificare manualmente quei numeri se non ti piacciono. Oppure puoi usare manualmente alcuni dei tuoi numeri preferiti e lasciare che il generatore di numeri casuali scelga il resto per te.<\/p>\n<p>Una volta che hai finito di scegliere i numeri per Powerball, puoi <strong> selezionare un&#8217;altra lotteria, giocare a pi\u00f9 biglietti del lotto <\/strong> e aggiungerli al tuo ordine. Una volta terminato, fai clic per effettuare il check out e pagare in sicurezza i tuoi biglietti. A questo punto, dovrai creare un account con noi. Naturalmente, puoi anche creare prima il tuo account e poi avviare il processo di <a href=\"https:\/\/onlinelotto365.com\/it\/buy-tickets\"> ordinare i tuoi biglietti <\/a>.<\/p>\n<p><a href=\"https:\/\/redfoxlotto.com\/it\/powerball\/?ref=a8564250a2&amp;medium=ol365\" target=\"_blank\" rel=\"noopener noreferrer\"> <img loading=\"lazy\" decoding=\"async\" class=\"aligncenter\" src=\"https:\/\/redfoxlotto.com\/image?size=8&amp;lottery=powerball\" alt=\"powerball\" width=\"793\" height=\"98\" \/> <\/a><\/p>\n<p>Dopo aver creato il tuo account, la tua registrazione sul nostro sito deve essere verificata. Ti invieremo un&#8217;e-mail di verifica con un collegamento su cui fare clic per verificare il tuo indirizzo e-mail. Assicurati di controllare la tua cartella spam. Sarebbe saggio contrassegnare il nostro indirizzo e-mail come mittente affidabile. Ci\u00f2 garantisce che i messaggi importanti come le notifiche delle vincite ti raggiungano effettivamente. Questo \u00e8 uno dei vantaggi di giocare a Powerball online: non perderai mai una vittoria perch\u00e9 verrai sempre informato da noi.<\/p>\n<p>Ti prenderai cura di te in ogni fase del processo, dove tutto ci\u00f2 che devi fare \u00e8 creare un account gratuito, effettuare le tue selezioni, scegliere una delle numerose comode opzioni di pagamento e noi faremo tutto il resto.<br \/>\n<strong> Questo ha davvero portato la lotteria nel 21 \u00b0 secolo, <\/strong> e questa \u00e8 la cosa pi\u00f9 grande che \u00e8 successa alle lotterie da quando i biglietti sono stati messi in vendita per la prima volta. Se non stai approfittando di questo servizio, ti stai davvero perdendo tutte le fantastiche lotterie che ti aspettano.<\/p>\n<h2>Informazioni su Powerball<\/h2>\n<ul>\n<li>Paese: Stati Uniti<\/li>\n<li>Intervallo di numeri principali: 69<\/li>\n<li>Scegli: 5<\/li>\n<li>Intervallo di numeri extra: 26<\/li>\n<li>Scegli: 1<\/li>\n<li>Giorni e orari dell&#8217;estrazione: mercoled\u00ec, sabato, 21:00 EST, +1 giorno 3:00 CET<\/li>\n<li>Jackpot minimo: $ 40 milioni<\/li>\n<li>Jackpot limitato al massimo: nessuno<\/li>\n<li>Probabilit\u00e0 di vincere il jackpot: 1 su 175.223.510<\/li>\n<li>Probabilit\u00e0 di vittoria di livello 2: 1 su 5.006.386<\/li>\n<li>Probabilit\u00e0 di vincere in qualsiasi livello: 1 su 24,87<\/li>\n<li>Numero di livelli di premio: 9<\/li>\n<\/ul>\n<p>Il Powerball Lotto \u00e8 offerto dai rivenditori di lotterie in 41 diversi stati degli Stati Uniti. Con una base di popolazione cos\u00ec ampia a cui attingere e considerando <a href=\"https:\/\/onlinelotto365.com\/it\/news\/acquista-online-i-biglietti-per-la-lotteria-usa\"> quanto sono popolari le lotterie negli Stati Uniti <\/a>, non c&#8217;\u00e8 da meravigliarsi perch\u00e9 questa lotteria \u00e8 cos\u00ec grande, con premi cos\u00ec enormi. Questa lotteria \u00e8 cos\u00ec grande infatti che il secondo premio \u00e8 di un milione di dollari, con diverse persone che di solito lo vincono durante ogni estrazione, che si svolge due volte a settimana. Tuttavia, vincere solo un milione di dollari non \u00e8 il motivo per cui la maggior parte delle persone ci gioca, poich\u00e9 hanno sogni molto pi\u00f9 grandi di quello.<\/p>\n<h2>Le migliori caratteristiche di Powerball<\/h2>\n<p>Non importa quanto siano grandi i tuoi sogni, per\u00f2, il Powerball Lotto ha il potere di soddisfarli tutti, e anche alcuni. Con <strong> jackpot regolarmente dell&#8217;ordine di centinaia di milioni di dollari <\/strong>, questo \u00e8 sicuramente ci\u00f2 che chiameresti una quantit\u00e0 enorme di denaro da vincere.<\/p>\n<p>Il Powerball Lotto \u00e8 iniziato storicamente a $ 20 milioni, e sebbene questo sia sicuramente un bel pezzo di cambiamento, recentemente hanno aumentato il minimo a $ 40 milioni ancora pi\u00f9 eccitanti. Quindi, anche prima che le cose diventino numeri folli, come spesso accade con questa mega lotteria, il jackpot pi\u00f9 basso possibile \u00e8 gi\u00e0 del tipo per cui vogliamo schierarci.<\/p>\n<p>Ogni volta che non c&#8217;\u00e8 un vincitore del jackpot, il jackpot cresce, spesso fino a cento milioni, duecento milioni e anche trecento milioni a volte. Penso che la maggior parte di noi sarebbe d&#8217;accordo sul fatto che anche un minimo di 40 milioni di dollari sarebbe sufficiente per farci vivere tutte le nostre fantasie, ma quando si tratta di lotterie, pi\u00f9 grandi sono, meglio \u00e8. Quindi se sei come la maggior parte delle persone e ami pi\u00f9 grande, questo \u00e8 sicuramente per te.<\/p>\n<h2>Cos&#8217;altro devi sapere su come giocare a Powerpalla online<\/h2>\n<p>Powerball offre ai vincitori del jackpot due modi per ricevere le proprie vincite. Puoi <strong> accettare subito un pagamento forfettario <\/strong> oppure puoi richiedere molto pi\u00f9 denaro <strong> ricevendolo in 30 rate annuali <\/strong>. Ogni rata \u00e8 graduata per adeguarsi all&#8217;inflazione , il che significa che il tuo enorme pagamento nell&#8217;anno 1 continuer\u00e0 a mantenere il suo valore negli anni a venire.<\/p>\n<p>Se vinci, dovrai decidere con quale tipo di pagamento vuoi andare, ma una cosa \u00e8 certa, questa sar\u00e0 di gran lunga la decisione pi\u00f9 piacevole che potrai mai prendere nella tua vita. Ti danno 60 giorni per scegliere, il che ti dar\u00e0 un sacco di tempo per ottenere i migliori consigli professionali l\u00e0 fuori, oltre a pensare e sognare molto su cosa farai con tutti questi soldi.<\/p>\n<h2>Come controllare i risultati di Powerball<\/h2>\n<p>Esistono diversi <a href=\"https:\/\/onlinelotto365.com\/it\/numeri-vincenti\/powerball\"> modi per controllare i numeri vincenti e i risultati di Powerball <\/a> dall&#8217;Italia. Ma se hai giocato a Powerball online, il modo pi\u00f9 semplice \u00e8 tornare dove hai acquistato il biglietto. Nel tuo account potrai confrontare i tuoi numeri con i numeri dell&#8217;ultima estrazione. Riceverai anche un messaggio di posta elettronica ogni volta che uno dei tuoi biglietti ha vinto qualcosa.<\/p>\n<h2>Hai giocato a Powerball online e hai vinto: cosa succede dopo?<\/h2>\n<p><strong> Il nostro servizio include la gestione dei pagamenti per te <\/strong>. Non devi preoccuparti di essere pagato. E non addebitiamo alcuna commissione sulle tue vincite.<\/p>\n<p>La procedura dipende da quanto hai vinto. Se hai vinto un importo di \u20ac 2500 o inferiore, riceverai tale importo accreditato sul tuo conto presso di noi. Puoi ritirarlo o lasciarlo nel tuo account e usarlo per giocare a pi\u00f9 biglietti della lotteria online.<\/p>\n<p>Se vinci un importo maggiore, ti invieremo un modulo di richiesta via email. Devi quindi inserire alcune informazioni personali, incluso il modo in cui vorresti essere pagato. Ci sono due opzioni: bonifico bancario o assegno. Inoltreremo il modulo di richiesta alla commissione della lotteria che ti pagher\u00e0 secondo le tue istruzioni.<\/p>\n","protected":false},"excerpt":{"rendered":"<p>In realt\u00e0 \u00e8 abbastanza semplice giocare a Powerball online , anche se sei in Italia. Ed \u00e8 anche abbastanza conveniente. Assicurati di aver scelto la lotteria corretta, ovvero Powerball. Quindi seleziona i tuoi numeri. Se provi a scegliere troppi numeri o non hai selezionato abbastanza numeri, il sistema ti chieder\u00e0 di scegliere meno o pi\u00f9 [&hellip;]<\/p>\n","protected":false},"author":1,"featured_media":0,"parent":5021,"menu_order":1,"comment_status":"closed","ping_status":"closed","template":"powerball-usa.php","meta":{"_et_pb_use_builder":"","_et_pb_old_content":"","_et_gb_content_width":"","exclude_from_search":false,"footnotes":""},"class_list":["post-11009","page","type-page","status-publish","hentry"],"yoast_head":"<!-- This site is optimized with the Yoast SEO plugin v23.4 - https:\/\/yoast.com\/wordpress\/plugins\/seo\/ -->\n<title>Giocare a Powerball online da Italia | Posso vincere Powerball da Italia<\/title>\n<meta name=\"description\" content=\"Gioca al Powerball Lotto qui - la pi\u00f9 grande lotteria americana, disponibile online dall&#039;Italia e da qualsiasi altro paese\" \/>\n<meta name=\"robots\" content=\"index, follow, max-snippet:-1, max-image-preview:large, max-video-preview:-1\" \/>\n<link rel=\"canonical\" href=\"https:\/\/onlinelotto365.com\/it\/giocare\/powerball\/\" \/>\n<meta property=\"og:locale\" content=\"it_IT\" \/>\n<meta property=\"og:type\" content=\"article\" \/>\n<meta property=\"og:title\" content=\"Giocare a Powerball online da Italia | Posso vincere Powerball da Italia\" \/>\n<meta property=\"og:description\" content=\"Gioca al Powerball Lotto qui - la pi\u00f9 grande lotteria americana, disponibile online dall&#039;Italia e da qualsiasi altro paese\" \/>\n<meta property=\"og:url\" content=\"https:\/\/onlinelotto365.com\/it\/giocare\/powerball\/\" \/>\n<meta property=\"og:site_name\" content=\"OnlineLotto365\" \/>\n<meta property=\"article:modified_time\" content=\"2021-01-11T08:57:57+00:00\" \/>\n<meta property=\"og:image\" content=\"https:\/\/redfoxlotto.com\/image?size=8&amp;lottery=powerball\" \/>\n<meta name=\"twitter:card\" content=\"summary_large_image\" \/>\n<meta name=\"twitter:label1\" content=\"Tempo di lettura stimato\" \/>\n\t<meta name=\"twitter:data1\" content=\"5 minuti\" \/>\n<script type=\"application\/ld+json\" class=\"yoast-schema-graph\">{\"@context\":\"https:\/\/schema.org\",\"@graph\":[{\"@type\":\"WebPage\",\"@id\":\"https:\/\/onlinelotto365.com\/it\/giocare\/powerball\/\",\"url\":\"https:\/\/onlinelotto365.com\/it\/giocare\/powerball\/\",\"name\":\"Giocare a Powerball online da Italia | Posso vincere Powerball da Italia\",\"isPartOf\":{\"@id\":\"https:\/\/onlinelotto365.com\/it\/#website\"},\"primaryImageOfPage\":{\"@id\":\"https:\/\/onlinelotto365.com\/it\/giocare\/powerball\/#primaryimage\"},\"image\":{\"@id\":\"https:\/\/onlinelotto365.com\/it\/giocare\/powerball\/#primaryimage\"},\"thumbnailUrl\":\"https:\/\/redfoxlotto.com\/image?size=8&amp;lottery=powerball\",\"datePublished\":\"2020-12-18T12:26:13+00:00\",\"dateModified\":\"2021-01-11T08:57:57+00:00\",\"description\":\"Gioca al Powerball Lotto qui - la pi\u00f9 grande lotteria americana, disponibile online dall'Italia e da qualsiasi altro paese\",\"breadcrumb\":{\"@id\":\"https:\/\/onlinelotto365.com\/it\/giocare\/powerball\/#breadcrumb\"},\"inLanguage\":\"it-IT\",\"potentialAction\":[{\"@type\":\"ReadAction\",\"target\":[\"https:\/\/onlinelotto365.com\/it\/giocare\/powerball\/\"]}]},{\"@type\":\"ImageObject\",\"inLanguage\":\"it-IT\",\"@id\":\"https:\/\/onlinelotto365.com\/it\/giocare\/powerball\/#primaryimage\",\"url\":\"https:\/\/redfoxlotto.com\/image?size=8&amp;lottery=powerball\",\"contentUrl\":\"https:\/\/redfoxlotto.com\/image?size=8&amp;lottery=powerball\"},{\"@type\":\"BreadcrumbList\",\"@id\":\"https:\/\/onlinelotto365.com\/it\/giocare\/powerball\/#breadcrumb\",\"itemListElement\":[{\"@type\":\"ListItem\",\"position\":1,\"name\":\"Home\",\"item\":\"https:\/\/onlinelotto365.com\/it\/\"},{\"@type\":\"ListItem\",\"position\":2,\"name\":\"Tutto quello che devi sapere sulle tue opzioni per giocare alle migliori lotterie online\",\"item\":\"https:\/\/onlinelotto365.com\/it\/giocare\/\"},{\"@type\":\"ListItem\",\"position\":3,\"name\":\"Come possono i residenti in Italia giocare a Powerball online?\"}]},{\"@type\":\"WebSite\",\"@id\":\"https:\/\/onlinelotto365.com\/it\/#website\",\"url\":\"https:\/\/onlinelotto365.com\/it\/\",\"name\":\"OnlineLotto365\",\"description\":\"\",\"potentialAction\":[{\"@type\":\"SearchAction\",\"target\":{\"@type\":\"EntryPoint\",\"urlTemplate\":\"https:\/\/onlinelotto365.com\/it\/?s={search_term_string}\"},\"query-input\":{\"@type\":\"PropertyValueSpecification\",\"valueRequired\":true,\"valueName\":\"search_term_string\"}}],\"inLanguage\":\"it-IT\"}]}<\/script>\n<!-- \/ Yoast SEO plugin. -->","yoast_head_json":{"title":"Giocare a Powerball online da Italia | Posso vincere Powerball da Italia","description":"Gioca al Powerball Lotto qui - la pi\u00f9 grande lotteria americana, disponibile online dall'Italia e da qualsiasi altro paese","robots":{"index":"index","follow":"follow","max-snippet":"max-snippet:-1","max-image-preview":"max-image-preview:large","max-video-preview":"max-video-preview:-1"},"canonical":"https:\/\/onlinelotto365.com\/it\/giocare\/powerball\/","og_locale":"it_IT","og_type":"article","og_title":"Giocare a Powerball online da Italia | Posso vincere Powerball da Italia","og_description":"Gioca al Powerball Lotto qui - la pi\u00f9 grande lotteria americana, disponibile online dall'Italia e da qualsiasi altro paese","og_url":"https:\/\/onlinelotto365.com\/it\/giocare\/powerball\/","og_site_name":"OnlineLotto365","article_modified_time":"2021-01-11T08:57:57+00:00","og_image":[{"url":"https:\/\/redfoxlotto.com\/image?size=8&amp;lottery=powerball"}],"twitter_card":"summary_large_image","twitter_misc":{"Tempo di lettura stimato":"5 minuti"},"schema":{"@context":"https:\/\/schema.org","@graph":[{"@type":"WebPage","@id":"https:\/\/onlinelotto365.com\/it\/giocare\/powerball\/","url":"https:\/\/onlinelotto365.com\/it\/giocare\/powerball\/","name":"Giocare a Powerball online da Italia | Posso vincere Powerball da Italia","isPartOf":{"@id":"https:\/\/onlinelotto365.com\/it\/#website"},"primaryImageOfPage":{"@id":"https:\/\/onlinelotto365.com\/it\/giocare\/powerball\/#primaryimage"},"image":{"@id":"https:\/\/onlinelotto365.com\/it\/giocare\/powerball\/#primaryimage"},"thumbnailUrl":"https:\/\/redfoxlotto.com\/image?size=8&amp;lottery=powerball","datePublished":"2020-12-18T12:26:13+00:00","dateModified":"2021-01-11T08:57:57+00:00","description":"Gioca al Powerball Lotto qui - la pi\u00f9 grande lotteria americana, disponibile online dall'Italia e da qualsiasi altro paese","breadcrumb":{"@id":"https:\/\/onlinelotto365.com\/it\/giocare\/powerball\/#breadcrumb"},"inLanguage":"it-IT","potentialAction":[{"@type":"ReadAction","target":["https:\/\/onlinelotto365.com\/it\/giocare\/powerball\/"]}]},{"@type":"ImageObject","inLanguage":"it-IT","@id":"https:\/\/onlinelotto365.com\/it\/giocare\/powerball\/#primaryimage","url":"https:\/\/redfoxlotto.com\/image?size=8&amp;lottery=powerball","contentUrl":"https:\/\/redfoxlotto.com\/image?size=8&amp;lottery=powerball"},{"@type":"BreadcrumbList","@id":"https:\/\/onlinelotto365.com\/it\/giocare\/powerball\/#breadcrumb","itemListElement":[{"@type":"ListItem","position":1,"name":"Home","item":"https:\/\/onlinelotto365.com\/it\/"},{"@type":"ListItem","position":2,"name":"Tutto quello che devi sapere sulle tue opzioni per giocare alle migliori lotterie online","item":"https:\/\/onlinelotto365.com\/it\/giocare\/"},{"@type":"ListItem","position":3,"name":"Come possono i residenti in Italia giocare a Powerball online?"}]},{"@type":"WebSite","@id":"https:\/\/onlinelotto365.com\/it\/#website","url":"https:\/\/onlinelotto365.com\/it\/","name":"OnlineLotto365","description":"","potentialAction":[{"@type":"SearchAction","target":{"@type":"EntryPoint","urlTemplate":"https:\/\/onlinelotto365.com\/it\/?s={search_term_string}"},"query-input":{"@type":"PropertyValueSpecification","valueRequired":true,"valueName":"search_term_string"}}],"inLanguage":"it-IT"}]}},"_links":{"self":[{"href":"https:\/\/onlinelotto365.com\/it\/wp-json\/wp\/v2\/pages\/11009","targetHints":{"allow":["GET"]}}],"collection":[{"href":"https:\/\/onlinelotto365.com\/it\/wp-json\/wp\/v2\/pages"}],"about":[{"href":"https:\/\/onlinelotto365.com\/it\/wp-json\/wp\/v2\/types\/page"}],"author":[{"embeddable":true,"href":"https:\/\/onlinelotto365.com\/it\/wp-json\/wp\/v2\/users\/1"}],"replies":[{"embeddable":true,"href":"https:\/\/onlinelotto365.com\/it\/wp-json\/wp\/v2\/comments?post=11009"}],"version-history":[{"count":0,"href":"https:\/\/onlinelotto365.com\/it\/wp-json\/wp\/v2\/pages\/11009\/revisions"}],"up":[{"embeddable":true,"href":"https:\/\/onlinelotto365.com\/it\/wp-json\/wp\/v2\/pages\/5021"}],"wp:attachment":[{"href":"https:\/\/onlinelotto365.com\/it\/wp-json\/wp\/v2\/media?parent=11009"}],"curies":[{"name":"wp","href":"https:\/\/api.w.org\/{rel}","templated":true}]}}