{"id":11011,"date":"2020-12-18T13:29:48","date_gmt":"2020-12-18T12:29:48","guid":{"rendered":"http:\/\/onlinelotto365.net\/?page_id=11011"},"modified":"2021-01-05T18:50:41","modified_gmt":"2021-01-05T17:50:41","slug":"mega-millions","status":"publish","type":"page","link":"https:\/\/onlinelotto365.com\/it\/giocare\/mega-millions\/","title":{"rendered":"Mega Milioni online"},"content":{"rendered":"<h2>Informazioni su Mega Millions<\/h2>\n<p>Questa \u00e8 probabilmente la lotteria pi\u00f9 famosa del mondo. Fornire agli appassionati del lotto l&#8217;opportunit\u00e0 di giocare a Mega Millions online aiuta i giocatori a realizzare un sogno. Se vivi in \u200b\u200bItalia, puoi comunque giocare a Mega Millions con un biglietto online. Il nostro servizio \u00e8 perfettamente legale e ti diamo la possibilit\u00e0 di partecipare a questa mega lotteria dagli Stati Uniti.<\/p>\n<p><a href=\"https:\/\/redfoxlotto.com\/it\/mega-millions\/?ref=a8564250a2&amp;medium=ol365\" target=\"_blank\" rel=\"noopener noreferrer\"> <img decoding=\"async\" class=\"aligncenter\" src=\" https:\/\/redfoxlotto.com\/image?size=8&amp;lottery=mega-millions \" alt=\" mega million \" \/> <\/a><\/p>\n<ul>\n<li>Paese: USA<\/li>\n<li>Intervallo di numeri principali: 70<\/li>\n<li>Devi selezionare: 5<\/li>\n<li>Intervallo di numeri extra: 25<\/li>\n<li>Devi selezionare: 1<\/li>\n<li>Giorni, orari di estrazione: marted\u00ec, venerd\u00ec, 21:00 EST &#8211; +1 giorno 3:00 CET<\/li>\n<li>Il jackpot inizia da: $ 40 milioni<\/li>\n<li>Il jackpot \u00e8 limitato a: nessuno<\/li>\n<li>Possibilit\u00e0 di vincere il jackpot: 1 su 175711536<\/li>\n<li>Possibilit\u00e0 di vincere il secondo premio: 1 su 3819816<\/li>\n<li>Possibilit\u00e0 di vincere qualsiasi premio: 1 su 24,12<\/li>\n<li>Numero di categorie di premi: 9<\/li>\n<\/ul>\n<h2>Le migliori caratteristiche di Mega Millions<\/h2>\n<p>L&#8217;attrazione principale di Mega Millions \u00e8, ovviamente, la dimensione dei jackpot. Il jackpot Mega Millions non pu\u00f2 mai essere inferiore a $ 40 milioni. Ogni volta che qualcuno vince il jackpot, ricomincia da questo importo minimo di $ 40 milioni. Con due estrazioni a settimana, il jackpot Mega Millions cresce abbastanza rapidamente. Negli Stati Uniti, milioni di persone giocano a Mega Millions settimana dopo settimana e molte persone di altri paesi come l&#8217;Italia giocano anche a Mega Millions online.<\/p>\n<p>Quindi \u00e8 normale che il jackpot Mega Millions cresca di $ 10 milioni dopo ogni estrazione (a meno che qualcuno non vinca il jackpot). Ci\u00f2 rende circa $ 20 milioni a settimana poich\u00e9 ci sono due estrazioni a settimana.<\/p>\n<p>E una volta che il jackpot \u00e8 cresciuto oltre i $ 100 milioni, vengono venduti ancora pi\u00f9 biglietti sia nei negozi del lotto che ai giocatori online. In molte occasioni, il jackpot ha raggiunto importi di $ 400 milioni e oltre. E da quel momento in poi, una crescita settimanale di $ 100 milioni \u00e8 normale, a causa dell&#8217;esplosione delle vendite di biglietti. L&#8217;attuale jackpot record \u00e8 di $ 1500 milioni (s\u00ec, $ 1,5 miliardi!).<\/p>\n<h2>Come controllare i risultati di Mega Millions<\/h2>\n<p>Se vivi in \u200b\u200bItalia o in qualsiasi altro paese al di fuori degli Stati Uniti, molto probabilmente non sarai in grado di ottenere il <a href=\"https:\/\/onlinelotto365.com\/it\/numeri-vincenti\"> numeri vincenti <\/a> dai tuoi canali radiofonici o televisivi locali. Potresti visitare il sito web ufficiale di Mega Millions, ma c&#8217;\u00e8 una soluzione molto pi\u00f9 semplice per te. Torna sul nostro sito e dai un&#8217;occhiata alla nostra pagina dei risultati. Pubblichiamo qui i risultati di tutte le lotterie. I numeri vincenti verranno visualizzati pochi minuti dopo il sorteggio.<\/p>\n<p>Ti invieremo anche un&#8217;e-mail con una notifica della vincita, se hai giocato online e hai un biglietto per Mega Millions nel tuo account.<\/p>\n<p>Inoltre, puoi verificare i risultati della lotteria personale nel tuo account giocatore. Dopo aver giocato a Mega Millions online sul nostro sito web, il biglietto oi biglietti che hai giocato vengono memorizzati nel tuo account. E dopo l&#8217;estrazione, puoi tornare l\u00ec e immediatamente <a href=\"https:\/\/onlinelotto365.com\/it\/numeri-vincenti\/mega-millions\"> confrontare il tuo biglietto Mega Millions con gli ultimi numeri vincenti <\/a>.<\/p>\n<h2>Hai giocato a Mega Millions online e hai vinto: cosa succede dopo?<\/h2>\n<p>Se hai vinto un premio pi\u00f9 grande, devi inviare un messaggio al nostro team di supporto, anche se probabilmente ti avranno gi\u00e0 inviato un messaggio con le istruzioni su come procedere. Successivamente, dovrai completare un modulo fornito da noi. Il nostro team di assistenza invier\u00e0 il tuo modulo alla commissione della lotteria. Il modulo conterr\u00e0 anche le informazioni sul tuo conto bancario o sul tuo indirizzo fisico in Italia (o dovunque vivi), e le tue preferenze riguardo al metodo di pagamento sono definite anche da te in quel modulo. Entro pochi giorni riceverai i tuoi soldi nel modo che hai selezionato per il pagamento.<\/p>\n<p>E se vinci una somma di denaro inferiore (fino a \u20ac 2500, per l&#8217;esattezza), il pagamento avverr\u00e0 ancora pi\u00f9 velocemente. Questo tipo di vincita verr\u00e0 depositato immediatamente sul tuo conto giocatore: controlla il saldo del tuo giocatore. Quindi puoi decidere se vuoi lasciare i fondi l\u00ec e usarli per <a href=\"https:\/\/onlinelotto365.com\/it\/giocare\"> continuare a giocare a pi\u00f9 lotterie <\/a> (o Mega Millions) online, oppure puoi farlo avviare un ritiro. Per questo prelievo, puoi utilizzare qualsiasi metodo precedentemente utilizzato per giocare online. A causa delle normative sul riciclaggio di denaro, richiederemo un documento d&#8217;identit\u00e0 per verificare i tuoi dati personali. Il nostro supporto spiegher\u00e0 di cosa abbiamo bisogno per questo processo di verifica. Una volta che abbiamo thQuei documenti, ci vorranno solo un giorno o due per elaborare il prelievo e inviarti il denaro.<\/p>\n","protected":false},"excerpt":{"rendered":"<p>Informazioni su Mega Millions Questa \u00e8 probabilmente la lotteria pi\u00f9 famosa del mondo. Fornire agli appassionati del lotto l&#8217;opportunit\u00e0 di giocare a Mega Millions online aiuta i giocatori a realizzare un sogno. Se vivi in \u200b\u200bItalia, puoi comunque giocare a Mega Millions con un biglietto online. Il nostro servizio \u00e8 perfettamente legale e ti diamo [&hellip;]<\/p>\n","protected":false},"author":1,"featured_media":0,"parent":5021,"menu_order":2,"comment_status":"closed","ping_status":"closed","template":"megamillion.php","meta":{"_et_pb_use_builder":"","_et_pb_old_content":"","_et_gb_content_width":"","exclude_from_search":false,"footnotes":""},"class_list":["post-11011","page","type-page","status-publish","hentry"],"yoast_head":"<!-- This site is optimized with the Yoast SEO plugin v23.4 - https:\/\/yoast.com\/wordpress\/plugins\/seo\/ -->\n<title>Gioca a Mega Millions USA online | Come i residenti in Italia possono partecipare legalmente a Mega Millions<\/title>\n<meta name=\"description\" content=\"Ora puoi giocare anche tu a Mega Millions - il nostro servizio online ti permette di ottenere i biglietti Mega Millions dall&#039;Italia\" \/>\n<meta name=\"robots\" content=\"index, follow, max-snippet:-1, max-image-preview:large, max-video-preview:-1\" \/>\n<link rel=\"canonical\" href=\"https:\/\/onlinelotto365.com\/it\/giocare\/mega-millions\/\" \/>\n<meta property=\"og:locale\" content=\"it_IT\" \/>\n<meta property=\"og:type\" content=\"article\" \/>\n<meta property=\"og:title\" content=\"Gioca a Mega Millions USA online | Come i residenti in Italia possono partecipare legalmente a Mega Millions\" \/>\n<meta property=\"og:description\" content=\"Ora puoi giocare anche tu a Mega Millions - il nostro servizio online ti permette di ottenere i biglietti Mega Millions dall&#039;Italia\" \/>\n<meta property=\"og:url\" content=\"https:\/\/onlinelotto365.com\/it\/giocare\/mega-millions\/\" \/>\n<meta property=\"og:site_name\" content=\"OnlineLotto365\" \/>\n<meta property=\"article:modified_time\" content=\"2021-01-05T17:50:41+00:00\" \/>\n<meta name=\"twitter:card\" content=\"summary_large_image\" \/>\n<meta name=\"twitter:label1\" content=\"Tempo di lettura stimato\" \/>\n\t<meta name=\"twitter:data1\" content=\"4 minuti\" \/>\n<script type=\"application\/ld+json\" class=\"yoast-schema-graph\">{\"@context\":\"https:\/\/schema.org\",\"@graph\":[{\"@type\":\"WebPage\",\"@id\":\"https:\/\/onlinelotto365.com\/it\/giocare\/mega-millions\/\",\"url\":\"https:\/\/onlinelotto365.com\/it\/giocare\/mega-millions\/\",\"name\":\"Gioca a Mega Millions USA online | Come i residenti in Italia possono partecipare legalmente a Mega Millions\",\"isPartOf\":{\"@id\":\"https:\/\/onlinelotto365.com\/it\/#website\"},\"datePublished\":\"2020-12-18T12:29:48+00:00\",\"dateModified\":\"2021-01-05T17:50:41+00:00\",\"description\":\"Ora puoi giocare anche tu a Mega Millions - il nostro servizio online ti permette di ottenere i biglietti Mega Millions dall'Italia\",\"breadcrumb\":{\"@id\":\"https:\/\/onlinelotto365.com\/it\/giocare\/mega-millions\/#breadcrumb\"},\"inLanguage\":\"it-IT\",\"potentialAction\":[{\"@type\":\"ReadAction\",\"target\":[\"https:\/\/onlinelotto365.com\/it\/giocare\/mega-millions\/\"]}]},{\"@type\":\"BreadcrumbList\",\"@id\":\"https:\/\/onlinelotto365.com\/it\/giocare\/mega-millions\/#breadcrumb\",\"itemListElement\":[{\"@type\":\"ListItem\",\"position\":1,\"name\":\"Home\",\"item\":\"https:\/\/onlinelotto365.com\/it\/\"},{\"@type\":\"ListItem\",\"position\":2,\"name\":\"Tutto quello che devi sapere sulle tue opzioni per giocare alle migliori lotterie online\",\"item\":\"https:\/\/onlinelotto365.com\/it\/giocare\/\"},{\"@type\":\"ListItem\",\"position\":3,\"name\":\"Mega Milioni online\"}]},{\"@type\":\"WebSite\",\"@id\":\"https:\/\/onlinelotto365.com\/it\/#website\",\"url\":\"https:\/\/onlinelotto365.com\/it\/\",\"name\":\"OnlineLotto365\",\"description\":\"\",\"potentialAction\":[{\"@type\":\"SearchAction\",\"target\":{\"@type\":\"EntryPoint\",\"urlTemplate\":\"https:\/\/onlinelotto365.com\/it\/?s={search_term_string}\"},\"query-input\":{\"@type\":\"PropertyValueSpecification\",\"valueRequired\":true,\"valueName\":\"search_term_string\"}}],\"inLanguage\":\"it-IT\"}]}<\/script>\n<!-- \/ Yoast SEO plugin. -->","yoast_head_json":{"title":"Gioca a Mega Millions USA online | Come i residenti in Italia possono partecipare legalmente a Mega Millions","description":"Ora puoi giocare anche tu a Mega Millions - il nostro servizio online ti permette di ottenere i biglietti Mega Millions dall'Italia","robots":{"index":"index","follow":"follow","max-snippet":"max-snippet:-1","max-image-preview":"max-image-preview:large","max-video-preview":"max-video-preview:-1"},"canonical":"https:\/\/onlinelotto365.com\/it\/giocare\/mega-millions\/","og_locale":"it_IT","og_type":"article","og_title":"Gioca a Mega Millions USA online | Come i residenti in Italia possono partecipare legalmente a Mega Millions","og_description":"Ora puoi giocare anche tu a Mega Millions - il nostro servizio online ti permette di ottenere i biglietti Mega Millions dall'Italia","og_url":"https:\/\/onlinelotto365.com\/it\/giocare\/mega-millions\/","og_site_name":"OnlineLotto365","article_modified_time":"2021-01-05T17:50:41+00:00","twitter_card":"summary_large_image","twitter_misc":{"Tempo di lettura stimato":"4 minuti"},"schema":{"@context":"https:\/\/schema.org","@graph":[{"@type":"WebPage","@id":"https:\/\/onlinelotto365.com\/it\/giocare\/mega-millions\/","url":"https:\/\/onlinelotto365.com\/it\/giocare\/mega-millions\/","name":"Gioca a Mega Millions USA online | Come i residenti in Italia possono partecipare legalmente a Mega Millions","isPartOf":{"@id":"https:\/\/onlinelotto365.com\/it\/#website"},"datePublished":"2020-12-18T12:29:48+00:00","dateModified":"2021-01-05T17:50:41+00:00","description":"Ora puoi giocare anche tu a Mega Millions - il nostro servizio online ti permette di ottenere i biglietti Mega Millions dall'Italia","breadcrumb":{"@id":"https:\/\/onlinelotto365.com\/it\/giocare\/mega-millions\/#breadcrumb"},"inLanguage":"it-IT","potentialAction":[{"@type":"ReadAction","target":["https:\/\/onlinelotto365.com\/it\/giocare\/mega-millions\/"]}]},{"@type":"BreadcrumbList","@id":"https:\/\/onlinelotto365.com\/it\/giocare\/mega-millions\/#breadcrumb","itemListElement":[{"@type":"ListItem","position":1,"name":"Home","item":"https:\/\/onlinelotto365.com\/it\/"},{"@type":"ListItem","position":2,"name":"Tutto quello che devi sapere sulle tue opzioni per giocare alle migliori lotterie online","item":"https:\/\/onlinelotto365.com\/it\/giocare\/"},{"@type":"ListItem","position":3,"name":"Mega Milioni online"}]},{"@type":"WebSite","@id":"https:\/\/onlinelotto365.com\/it\/#website","url":"https:\/\/onlinelotto365.com\/it\/","name":"OnlineLotto365","description":"","potentialAction":[{"@type":"SearchAction","target":{"@type":"EntryPoint","urlTemplate":"https:\/\/onlinelotto365.com\/it\/?s={search_term_string}"},"query-input":{"@type":"PropertyValueSpecification","valueRequired":true,"valueName":"search_term_string"}}],"inLanguage":"it-IT"}]}},"_links":{"self":[{"href":"https:\/\/onlinelotto365.com\/it\/wp-json\/wp\/v2\/pages\/11011","targetHints":{"allow":["GET"]}}],"collection":[{"href":"https:\/\/onlinelotto365.com\/it\/wp-json\/wp\/v2\/pages"}],"about":[{"href":"https:\/\/onlinelotto365.com\/it\/wp-json\/wp\/v2\/types\/page"}],"author":[{"embeddable":true,"href":"https:\/\/onlinelotto365.com\/it\/wp-json\/wp\/v2\/users\/1"}],"replies":[{"embeddable":true,"href":"https:\/\/onlinelotto365.com\/it\/wp-json\/wp\/v2\/comments?post=11011"}],"version-history":[{"count":0,"href":"https:\/\/onlinelotto365.com\/it\/wp-json\/wp\/v2\/pages\/11011\/revisions"}],"up":[{"embeddable":true,"href":"https:\/\/onlinelotto365.com\/it\/wp-json\/wp\/v2\/pages\/5021"}],"wp:attachment":[{"href":"https:\/\/onlinelotto365.com\/it\/wp-json\/wp\/v2\/media?parent=11011"}],"curies":[{"name":"wp","href":"https:\/\/api.w.org\/{rel}","templated":true}]}}