{"id":11013,"date":"2020-12-18T13:34:42","date_gmt":"2020-12-18T12:34:42","guid":{"rendered":"http:\/\/onlinelotto365.net\/?page_id=11013"},"modified":"2021-01-11T09:57:57","modified_gmt":"2021-01-11T08:57:57","slug":"euromillions","status":"publish","type":"page","link":"https:\/\/onlinelotto365.com\/it\/giocare\/euromillions\/","title":{"rendered":"EuroMillions \u00e8 la pi\u00f9 grande lotteria d&#8217;Europa"},"content":{"rendered":"<p>L&#8217;EuroMillions \u00e8 iniziato nel 2004 come uno sforzo di cooperazione tra gli operatori delle lotterie nazionali di Francia, Spagna e Regno Unito. Ci sono voluti dieci anni interi per concludere l&#8217;accordo tra i paesi, quindi una volta iniziato, \u00e8 stato decisamente molto ben organizzato, poich\u00e9 rimane il caso.<\/p>\n<p>Il piano era di offrire ai giocatori della lotteria in questi tre paesi <strong> la possibilit\u00e0 di giocare per jackpot molto pi\u00f9 grandi <\/strong> di quelli precedentemente disponibili. Poich\u00e9 i jackpot enormi sono ci\u00f2 che tende a guidare davvero l&#8217;eccitazione qui, l&#8217;aspettativa era che questo nuovo lotto sarebbe stato un enorme successo e avrebbe generato alcuni fantastici jackpot settimana dopo settimana. \u00c8 esattamente quello che \u00e8 successo.<\/p>\n<p>Con la crescita del successo della lotteria, sono stati aggiunti pi\u00f9 paesi al partenariato e oggi ci sono un totale di nove paesi diversi che vi partecipano. I jackpot sono sempre tra i pi\u00f9 grandi disponibili in tutto il mondo, a partire da 17 milioni di euro e crescono da l\u00ec.<\/p>\n<h2>Non devi pi\u00f9 vivere in nessuno di questi paesi per giocare a questa lotteria<\/h2>\n<p>Dal momento che EuroMillions \u00e8 stato storicamente offerto solo in nove <a href=\"https:\/\/onlinelotto365.com\/it\/news\/lotto-live\"> paesi europei <\/a>, la maggior parte di noi \u00e8 stata lasciata al freddo qui per quanto riguarda il divertimento. In effetti, giocare a questa lotteria non \u00e8 stata nemmeno una considerazione per il resto di noi, fino a poco tempo fa.<br \/>\n<a href=\"https:\/\/redfoxlotto.com\/it\/euromillions\/?ref=a8564250a2&amp;medium=ol365\" target=\"_blank\" rel=\"noopener noreferrer\"> <img loading=\"lazy\" decoding=\"async\" class=\"aligncenter\" src=\"https:\/\/redfoxlotto.com\/image?size=8&amp;lottery=euromillions\" alt=\"Euromillions\" width=\"720\" height=\"90\" \/> <\/a><\/p>\n<p>Gli esperti giocatori di lotterie dall&#8217;Italia e altrove, quelli di noi che lo sanno, ora si rendono conto che le barriere fisiche nel mondo delle lotterie non esistono pi\u00f9. In un certo senso lo fanno ancora, poich\u00e9 devi ancora acquistare i biglietti della lotteria per l&#8217;EuroMillions e altre lotterie di tutto il mondo. Ovviamente, non ci andrai dall&#8217;Italia due volte a settimana per acquistare i biglietti, poich\u00e9 ci\u00f2 richiederebbe una quantit\u00e0 ridicola di tempo e denaro. Potresti assumere qualcuno che vive nei paesi in cui desideri <a href=\"https:\/\/onlinelotto365.com\/it\/buy-tickets\"> acquistare i biglietti della lotteria <\/a>, ma ci\u00f2 richiederebbe pi\u00f9 conoscenza e impegno rispetto alla maggior parte delle persone avrebbe mai pensato di impegnarsi.<\/p>\n<p>La risposta \u00e8 semplicemente acquistarli online, direttamente da casa, e avere un servizio stimato e affidabile che si prende cura di tutte le tue esigenze, incluso l&#8217;acquisto dei biglietti a tuo nome, il possesso dei biglietti per te per la custodia, il controllo dei numeri e la notifica se vinci e aiutandoti a incassare le tue vincite.<\/p>\n<p>Questo nuovo servizio realizza i sogni delle persone: poter acquistare i loro biglietti della lotteria online e avere tutto ci\u00f2 che si prende cura di loro \u00e8 ora diventato una realt\u00e0. Non solo puoi acquistare comodamente tutti i biglietti dell&#8217;EuroMillions che desideri, ma offriamo anche acquisti online di biglietti per tutte le estrazioni della lotteria pi\u00f9 grandi e popolari al mondo.<\/p>\n<h2>Come pagare il tuo biglietto Euromillions online<\/h2>\n<p>Esistono diverse opzioni di pagamento tra cui bonifico bancario, carta di credito e Bitcoin o altre criptovalute. I nostri protocolli di crittografia digitale garantiscono la sicurezza dei tuoi dati.<\/p>\n<p>Puoi scegliere di pagare direttamente i tuoi ordini o depositare qualsiasi importo desideri e quindi utilizzare i fondi nel tuo account cliente per acquistare tutti i biglietti online che desideri.<\/p>\n<h2>Ulteriori informazioni su Euromillions<\/h2>\n<ul>\n<li>La lotteria si tiene dove: vari paesi europei<\/li>\n<li>Quanti numeri principali tra cui scegliere: 50<\/li>\n<li>Devi selezionare: 5<\/li>\n<li>Quanti numeri extra tra cui scegliere: 12<\/li>\n<li>Devi selezionare: 2<\/li>\n<li>Giorni e orari dell&#8217;estrazione: marted\u00ec, venerd\u00ec 19:30 GMT &#8211; 20:30 CET<\/li>\n<li>Jackpot minimo: 17 milioni di euro<\/li>\n<li>Importo massimo del jackpot: 190 milioni di euro<\/li>\n<li>Possibile combinazione di numeri per una vincita del jackpot: 1 su 186.450.880<\/li>\n<li>Possibile combinazione di numeri per una vittoria di livello 2: 1 su 2.118.760<\/li>\n<li>Probabilit\u00e0 di vincere in qualsiasi livello: 1 su 12,98<\/li>\n<li>Quanti livelli di premio: 13<\/li>\n<li>Estrazioni speciali per Euromillions: tre volte all&#8217;anno, il jackpot \u00e8 fissato a 140 milioni di euro<\/li>\n<\/ul>\n<p>Una volta che il jackpot raggiunge 190 milioni di euro, viene limitato e ulteriori aumenti vengono aggiunti agli altri premi. Gli organizzatori della lotteria considerano questa dimensione del jackpot abbastanza grande a quanto pare, ed \u00e8 decisamente pi\u00f9 che sufficiente per soddisfare chiunque di noi. Il loro pensiero per\u00f2 \u00e8 che a questo punto hanno accumulato un&#8217;eccitazione pi\u00f9 che sufficiente per il jackpot e ora possono fare la stessa cosa con gli altri premi. Ma i premi di livello inferiore saranno molto pi\u00f9 grandi dopo che il jackpot \u00e8 stato limitato. Ci\u00f2 significa che a quel punto, il <a href=\"http:\/\/onlinelotto365.com\/it\"> lottery diventa ancora pi\u00f9 attraente <\/a>. Dopo tutto, le possibilit\u00e0 di vincere un premio di secondo livello sono molto migliori, rispetto alla probabilit\u00e0 di vincere il jackpot.<\/p>\n<p>Inoltre, Euromillions offre un cosiddetto Superdraw tre volte all&#8217;anno. Ci\u00f2 significa che hanno semplicemente impostato il jackpot a 130 milioni di euro. E pu\u00f2 anche diventare pi\u00f9 grande di cos\u00ec se nessuno lo vince.<\/p>\n<h2>Come controllare i risultati di Powerball<\/h2>\n<p>Puoi visitare nuovamente il nostro sito Web per <a href=\"https:\/\/onlinelotto365.com\/it\/news\/controllare-il-biglietto-della-lotteria-on-line\"> controllare i tuoi biglietti <\/a> o, se preferisci, puoi semplicemente aspettare l&#8217;email che ti inviamo quando vinci. A seconda di quanto vinci, ti consiglieremo e ti aiuteremo a raccoglierlo.<\/p>\n<h2>Hai giocato a Euromillions online e hai vinto: cosa succede dopo?<\/h2>\n<p>Ci sono un totale di 13 diversi premi in questo evento del lotto, a partire dall&#8217;indovinare solo due numeri sui 5 principali, fino a indovinare tutti e 5 pi\u00f9 entrambi i numeri delle stelle fortunate e vincere l&#8217;importo del jackpot. A parte i suoi enormi jackpot, <strong> EuroMillions offre ai suoi giocatori anche maggiori possibilit\u00e0 di vincere <\/strong> una qualche forma di vincita rispetto a quella tipica delle grandi lotterie.<\/p>\n<p>I disegni sono due volte a settimana, marted\u00ec e venerd\u00ec, alle 21:00, ora del Regno Unito. I giocatori scelgono 5 numeri da 1 a 50, cos\u00ec come 2 numeri fortunati da 1 a 11. Offriamo ai giocatori la possibilit\u00e0 di scegliere i propri numeri o lasciare che i loro computer scelgano quelli casuali.<\/p>\n<h2>Ora che sai, hai il potere<\/h2>\n<p>Non siamo pi\u00f9 esclusi dalle grandi lotterie come l&#8217;EuroMillions solo in base a dove viviamo. Ora possiamo acquistare tutti i biglietti della lotteria che vogliamo, anche dall&#8217;Italia e nessuno pu\u00f2 fermarci. Internet ha davvero aperto il mondo, e ora questo si \u00e8 finalmente esteso alle lotterie. La nostra attesa ora \u00e8 finita.<\/p>\n<p>Quindi, con cos\u00ec tanto entusiasmo della lotteria ora cos\u00ec prontamente disponibile, non c&#8217;\u00e8 nessuna buona ragione per negarci il divertimento che \u00e8 in serbo per noi.<\/p>\n","protected":false},"excerpt":{"rendered":"<p>L&#8217;EuroMillions \u00e8 iniziato nel 2004 come uno sforzo di cooperazione tra gli operatori delle lotterie nazionali di Francia, Spagna e Regno Unito. Ci sono voluti dieci anni interi per concludere l&#8217;accordo tra i paesi, quindi una volta iniziato, \u00e8 stato decisamente molto ben organizzato, poich\u00e9 rimane il caso. Il piano era di offrire ai giocatori [&hellip;]<\/p>\n","protected":false},"author":1,"featured_media":0,"parent":5021,"menu_order":3,"comment_status":"closed","ping_status":"closed","template":"euromillions.php","meta":{"_et_pb_use_builder":"","_et_pb_old_content":"","_et_gb_content_width":"","exclude_from_search":false,"footnotes":""},"class_list":["post-11013","page","type-page","status-publish","hentry"],"yoast_head":"<!-- This site is optimized with the Yoast SEO plugin v23.4 - https:\/\/yoast.com\/wordpress\/plugins\/seo\/ -->\n<title>Gioca a Euromillions online dall&#039;Italia | Informazioni su Euromillions, come ottenere i biglietti online<\/title>\n<meta name=\"description\" content=\"Gioca al lotto EuroMillions Lotto, con un biglietto online, anche dall&#039;Italia.\" \/>\n<meta name=\"robots\" content=\"index, follow, max-snippet:-1, max-image-preview:large, max-video-preview:-1\" \/>\n<link rel=\"canonical\" href=\"https:\/\/onlinelotto365.com\/it\/giocare\/euromillions\/\" \/>\n<meta property=\"og:locale\" content=\"it_IT\" \/>\n<meta property=\"og:type\" content=\"article\" \/>\n<meta property=\"og:title\" content=\"Gioca a Euromillions online dall&#039;Italia | Informazioni su Euromillions, come ottenere i biglietti online\" \/>\n<meta property=\"og:description\" content=\"Gioca al lotto EuroMillions Lotto, con un biglietto online, anche dall&#039;Italia.\" \/>\n<meta property=\"og:url\" content=\"https:\/\/onlinelotto365.com\/it\/giocare\/euromillions\/\" \/>\n<meta property=\"og:site_name\" content=\"OnlineLotto365\" \/>\n<meta property=\"article:modified_time\" content=\"2021-01-11T08:57:57+00:00\" \/>\n<meta property=\"og:image\" content=\"https:\/\/redfoxlotto.com\/image?size=8&amp;lottery=euromillions\" \/>\n<meta name=\"twitter:card\" content=\"summary_large_image\" \/>\n<meta name=\"twitter:label1\" content=\"Tempo di lettura stimato\" \/>\n\t<meta name=\"twitter:data1\" content=\"5 minuti\" \/>\n<script type=\"application\/ld+json\" class=\"yoast-schema-graph\">{\"@context\":\"https:\/\/schema.org\",\"@graph\":[{\"@type\":\"WebPage\",\"@id\":\"https:\/\/onlinelotto365.com\/it\/giocare\/euromillions\/\",\"url\":\"https:\/\/onlinelotto365.com\/it\/giocare\/euromillions\/\",\"name\":\"Gioca a Euromillions online dall'Italia | Informazioni su Euromillions, come ottenere i biglietti online\",\"isPartOf\":{\"@id\":\"https:\/\/onlinelotto365.com\/it\/#website\"},\"primaryImageOfPage\":{\"@id\":\"https:\/\/onlinelotto365.com\/it\/giocare\/euromillions\/#primaryimage\"},\"image\":{\"@id\":\"https:\/\/onlinelotto365.com\/it\/giocare\/euromillions\/#primaryimage\"},\"thumbnailUrl\":\"https:\/\/redfoxlotto.com\/image?size=8&amp;lottery=euromillions\",\"datePublished\":\"2020-12-18T12:34:42+00:00\",\"dateModified\":\"2021-01-11T08:57:57+00:00\",\"description\":\"Gioca al lotto EuroMillions Lotto, con un biglietto online, anche dall'Italia.\",\"breadcrumb\":{\"@id\":\"https:\/\/onlinelotto365.com\/it\/giocare\/euromillions\/#breadcrumb\"},\"inLanguage\":\"it-IT\",\"potentialAction\":[{\"@type\":\"ReadAction\",\"target\":[\"https:\/\/onlinelotto365.com\/it\/giocare\/euromillions\/\"]}]},{\"@type\":\"ImageObject\",\"inLanguage\":\"it-IT\",\"@id\":\"https:\/\/onlinelotto365.com\/it\/giocare\/euromillions\/#primaryimage\",\"url\":\"https:\/\/redfoxlotto.com\/image?size=8&amp;lottery=euromillions\",\"contentUrl\":\"https:\/\/redfoxlotto.com\/image?size=8&amp;lottery=euromillions\"},{\"@type\":\"BreadcrumbList\",\"@id\":\"https:\/\/onlinelotto365.com\/it\/giocare\/euromillions\/#breadcrumb\",\"itemListElement\":[{\"@type\":\"ListItem\",\"position\":1,\"name\":\"Home\",\"item\":\"https:\/\/onlinelotto365.com\/it\/\"},{\"@type\":\"ListItem\",\"position\":2,\"name\":\"Tutto quello che devi sapere sulle tue opzioni per giocare alle migliori lotterie online\",\"item\":\"https:\/\/onlinelotto365.com\/it\/giocare\/\"},{\"@type\":\"ListItem\",\"position\":3,\"name\":\"EuroMillions \u00e8 la pi\u00f9 grande lotteria d&#8217;Europa\"}]},{\"@type\":\"WebSite\",\"@id\":\"https:\/\/onlinelotto365.com\/it\/#website\",\"url\":\"https:\/\/onlinelotto365.com\/it\/\",\"name\":\"OnlineLotto365\",\"description\":\"\",\"potentialAction\":[{\"@type\":\"SearchAction\",\"target\":{\"@type\":\"EntryPoint\",\"urlTemplate\":\"https:\/\/onlinelotto365.com\/it\/?s={search_term_string}\"},\"query-input\":{\"@type\":\"PropertyValueSpecification\",\"valueRequired\":true,\"valueName\":\"search_term_string\"}}],\"inLanguage\":\"it-IT\"}]}<\/script>\n<!-- \/ Yoast SEO plugin. -->","yoast_head_json":{"title":"Gioca a Euromillions online dall'Italia | Informazioni su Euromillions, come ottenere i biglietti online","description":"Gioca al lotto EuroMillions Lotto, con un biglietto online, anche dall'Italia.","robots":{"index":"index","follow":"follow","max-snippet":"max-snippet:-1","max-image-preview":"max-image-preview:large","max-video-preview":"max-video-preview:-1"},"canonical":"https:\/\/onlinelotto365.com\/it\/giocare\/euromillions\/","og_locale":"it_IT","og_type":"article","og_title":"Gioca a Euromillions online dall'Italia | Informazioni su Euromillions, come ottenere i biglietti online","og_description":"Gioca al lotto EuroMillions Lotto, con un biglietto online, anche dall'Italia.","og_url":"https:\/\/onlinelotto365.com\/it\/giocare\/euromillions\/","og_site_name":"OnlineLotto365","article_modified_time":"2021-01-11T08:57:57+00:00","og_image":[{"url":"https:\/\/redfoxlotto.com\/image?size=8&amp;lottery=euromillions"}],"twitter_card":"summary_large_image","twitter_misc":{"Tempo di lettura stimato":"5 minuti"},"schema":{"@context":"https:\/\/schema.org","@graph":[{"@type":"WebPage","@id":"https:\/\/onlinelotto365.com\/it\/giocare\/euromillions\/","url":"https:\/\/onlinelotto365.com\/it\/giocare\/euromillions\/","name":"Gioca a Euromillions online dall'Italia | Informazioni su Euromillions, come ottenere i biglietti online","isPartOf":{"@id":"https:\/\/onlinelotto365.com\/it\/#website"},"primaryImageOfPage":{"@id":"https:\/\/onlinelotto365.com\/it\/giocare\/euromillions\/#primaryimage"},"image":{"@id":"https:\/\/onlinelotto365.com\/it\/giocare\/euromillions\/#primaryimage"},"thumbnailUrl":"https:\/\/redfoxlotto.com\/image?size=8&amp;lottery=euromillions","datePublished":"2020-12-18T12:34:42+00:00","dateModified":"2021-01-11T08:57:57+00:00","description":"Gioca al lotto EuroMillions Lotto, con un biglietto online, anche dall'Italia.","breadcrumb":{"@id":"https:\/\/onlinelotto365.com\/it\/giocare\/euromillions\/#breadcrumb"},"inLanguage":"it-IT","potentialAction":[{"@type":"ReadAction","target":["https:\/\/onlinelotto365.com\/it\/giocare\/euromillions\/"]}]},{"@type":"ImageObject","inLanguage":"it-IT","@id":"https:\/\/onlinelotto365.com\/it\/giocare\/euromillions\/#primaryimage","url":"https:\/\/redfoxlotto.com\/image?size=8&amp;lottery=euromillions","contentUrl":"https:\/\/redfoxlotto.com\/image?size=8&amp;lottery=euromillions"},{"@type":"BreadcrumbList","@id":"https:\/\/onlinelotto365.com\/it\/giocare\/euromillions\/#breadcrumb","itemListElement":[{"@type":"ListItem","position":1,"name":"Home","item":"https:\/\/onlinelotto365.com\/it\/"},{"@type":"ListItem","position":2,"name":"Tutto quello che devi sapere sulle tue opzioni per giocare alle migliori lotterie online","item":"https:\/\/onlinelotto365.com\/it\/giocare\/"},{"@type":"ListItem","position":3,"name":"EuroMillions \u00e8 la pi\u00f9 grande lotteria d&#8217;Europa"}]},{"@type":"WebSite","@id":"https:\/\/onlinelotto365.com\/it\/#website","url":"https:\/\/onlinelotto365.com\/it\/","name":"OnlineLotto365","description":"","potentialAction":[{"@type":"SearchAction","target":{"@type":"EntryPoint","urlTemplate":"https:\/\/onlinelotto365.com\/it\/?s={search_term_string}"},"query-input":{"@type":"PropertyValueSpecification","valueRequired":true,"valueName":"search_term_string"}}],"inLanguage":"it-IT"}]}},"_links":{"self":[{"href":"https:\/\/onlinelotto365.com\/it\/wp-json\/wp\/v2\/pages\/11013","targetHints":{"allow":["GET"]}}],"collection":[{"href":"https:\/\/onlinelotto365.com\/it\/wp-json\/wp\/v2\/pages"}],"about":[{"href":"https:\/\/onlinelotto365.com\/it\/wp-json\/wp\/v2\/types\/page"}],"author":[{"embeddable":true,"href":"https:\/\/onlinelotto365.com\/it\/wp-json\/wp\/v2\/users\/1"}],"replies":[{"embeddable":true,"href":"https:\/\/onlinelotto365.com\/it\/wp-json\/wp\/v2\/comments?post=11013"}],"version-history":[{"count":0,"href":"https:\/\/onlinelotto365.com\/it\/wp-json\/wp\/v2\/pages\/11013\/revisions"}],"up":[{"embeddable":true,"href":"https:\/\/onlinelotto365.com\/it\/wp-json\/wp\/v2\/pages\/5021"}],"wp:attachment":[{"href":"https:\/\/onlinelotto365.com\/it\/wp-json\/wp\/v2\/media?parent=11013"}],"curies":[{"name":"wp","href":"https:\/\/api.w.org\/{rel}","templated":true}]}}