{"id":11015,"date":"2020-12-18T13:38:29","date_gmt":"2020-12-18T12:38:29","guid":{"rendered":"http:\/\/onlinelotto365.net\/?page_id=11015"},"modified":"2021-01-11T09:57:58","modified_gmt":"2021-01-11T08:57:58","slug":"eurojackpot","status":"publish","type":"page","link":"https:\/\/onlinelotto365.com\/it\/giocare\/eurojackpot\/","title":{"rendered":"Gioca all&#8217;Eurojackpot con un biglietto online"},"content":{"rendered":"<h2>Informazioni sull&#8217;Eurojackpot<\/h2>\n<p>Questa lotteria europea \u00e8 stata creata grazie alla collaborazione di numerose autorit\u00e0 europee. Attualmente, puoi giocare all&#8217;Eurojackpot con i biglietti disponibili presso il tuo negozio della lotteria locale se vivi in \u200b\u200buno dei paesi partecipanti. Questi paesi sono Croazia, Repubblica Ceca, Danimarca, Estonia, Finlandia, Germania, Ungheria, Islanda, Italia, Lettonia, Lituania, Norvegia, Polonia, Slovacchia, Slovenia, Spagna, Svezia e Paesi Bassi.<br \/>\n<a href=\"https:\/\/redfoxlotto.com\/it\/eurojackpot\/?ref=a8564250a2&amp;medium=ol365\" target=\"_blank\" rel=\"noopener noreferrer\"> <img decoding=\"async\" class=\"aligncenter\" src=\"https:\/\/redfoxlotto.com\/image?size=8&amp;lottery=eurojackpot\" alt=\"Eurojackpot\" \/> <\/a><\/p>\n<p>Se vivi in \u200b\u200bun paese che non \u00e8 nell&#8217;elenco, la tua unica opzione \u00e8 giocare all&#8217;Eurojackpot online. Una volta scoperta questa opzione, vedrai che ci sono molte altre opzioni. Il nostro sito web non solo ti rende facile giocare all&#8217;Eurojackpot online. Ti diamo inoltre accesso ad altre <a href=\"http:\/\/onlinelotto365.com\/it\"> lotterie di livello mondiale con enormi jackpot <\/a>.<\/p>\n<ul>\n<li>Paese: varie. Paesi europei, vedi sopra<\/li>\n<li>Intervallo di numeri principali: 50<\/li>\n<li>Devi selezionare: 5<\/li>\n<li>Intervallo di numeri extra: 10<\/li>\n<li>Devi selezionare: 2<\/li>\n<li>Giorni, orari di estrazione: venerd\u00ec,,, 21:00 CET &#8211; 21:00 CET<\/li>\n<li>Il jackpot inizia da: \u20ac 10 milioni<\/li>\n<li>Il jackpot \u00e8 limitato a: 90 milioni di euro<\/li>\n<li>Possibilit\u00e0 di vincere il jackpot: 1 su 135600640<\/li>\n<li>Possibilit\u00e0 di vincere il secondo premio: 1 su 2118760<\/li>\n<li>Possibilit\u00e0 di vincere qualsiasi premio: 1 su 26,39<\/li>\n<li>Numero di categorie di premi: 12<\/li>\n<\/ul>\n<h2>Le migliori caratteristiche di Eurojackpot<\/h2>\n<p>All&#8217;inizio, noterai che il jackpot inizia sempre con un importo di almeno \u20ac 10 milioni. Ma dovresti anche notare che anche il secondo livello di premi \u00e8 piuttosto attraente e ha probabilit\u00e0 molto migliori. Per vincere il secondo premio, devi avere correttamente tutti i 5 numeri principali, pi\u00f9 uno dei due numeri extra. Le probabilit\u00e0 che ci\u00f2 accada sono di circa 1 su 2 milioni, e vincere quel premio di solito ti fornisce una vincita tra \u20ac 100.000 e \u20ac 500.000. Questo \u00e8 certamente un motivo sufficiente per giocare all&#8217;Eurojackpot online.<\/p>\n<p>Ma il motivo principale per cui dovresti sempre tenere d&#8217;occhio l&#8217;Eurojackpot \u00e8 cosa succeder\u00e0 se il jackpot raggiunge i 90 milioni di euro, cosa che di solito accade un paio di volte all&#8217;anno. Non appena il jackpot ha superato la soglia dei 40 milioni di euro, tende a crescere abbastanza rapidamente, perch\u00e9 pi\u00f9 persone giocano all&#8217;Eurojackpot e vengono venduti pi\u00f9 biglietti. Quindi cosa succeder\u00e0 quando raggiunger\u00e0 il limite di 90 milioni di euro?<\/p>\n<p>A quel punto, tutti i soldi aggiuntivi spesi dai giocatori non aumenteranno il jackpot. Invece, quei fondi si riverseranno nella seconda categoria di premi. Quindi, con la prossima estrazione, non solo puoi giocare all&#8217;Eurojackpot online per un jackpot di 90 milioni di euro, ma puoi anche aspettarti un pagamento molto pi\u00f9 alto se vinci nel secondo livello. E fintanto che il jackpot da 90 milioni di euro non \u00e8 stato sbloccato, il secondo premio potrebbe essere stato vinto, ma ad ogni estrazione verranno aggiunti nuovi soldi.<\/p>\n<h2>Come controllare i risultati dell&#8217;Eurojackpot<\/h2>\n<p><a href=\"https:\/\/onlinelotto365.com\/it\/numeri-vincenti\/euromillions\"> Controlla i risultati <\/a> su uno dei siti web ufficiali della lotteria di un paese partecipante o, pi\u00f9 comodamente, visita il nostro sito web dove puoi trova gli ultimi risultati per le lotterie pi\u00f9 spettacolari del globo. E, naturalmente, oltre a poter giocare all&#8217;Eurojackpot online, hai anche la possibilit\u00e0 di selezionare semplicemente la lotteria che attualmente ha il jackpot pi\u00f9 alto e giocare a quella lotteria online.<\/p>\n<h2>Hai giocato all&#8217;Eurojackpot online e hai vinto: cosa succede dopo?<\/h2>\n<p>Dopo aver scoperto di aver vinto qualcosa all&#8217;Eurojackpot, riceverai anche una nostra email di notifica. Informeremo sempre i nostri vincitori, quindi non c&#8217;\u00e8 possibilit\u00e0 che tu perda una vittoria. E con tutte le vincite minori (minori o uguali a \u20ac 2500), troverai i soldi che hai gi\u00e0 vinto nel tuo conto giocatore. I fondi saranno a tua disposizione per il ritiro subito dopo l&#8217;estrazione. Naturalmente, puoi anche scegliere di non prelevare o richiedere il pagamento di un importo parziale del tuo saldo. Qualunque sia il tuo saldo in seguito, pu\u00f2 essere utilizzato per giocare al lotto online e <a href=\"https:\/\/onlinelotto365.com\/it\/buy-tickets\"> acquistare nuovi biglietti <\/a>.<\/p>\n","protected":false},"excerpt":{"rendered":"<p>Informazioni sull&#8217;Eurojackpot Questa lotteria europea \u00e8 stata creata grazie alla collaborazione di numerose autorit\u00e0 europee. Attualmente, puoi giocare all&#8217;Eurojackpot con i biglietti disponibili presso il tuo negozio della lotteria locale se vivi in \u200b\u200buno dei paesi partecipanti. Questi paesi sono Croazia, Repubblica Ceca, Danimarca, Estonia, Finlandia, Germania, Ungheria, Islanda, Italia, Lettonia, Lituania, Norvegia, Polonia, Slovacchia, [&hellip;]<\/p>\n","protected":false},"author":1,"featured_media":0,"parent":5021,"menu_order":4,"comment_status":"closed","ping_status":"closed","template":"eurojackpot.php","meta":{"_et_pb_use_builder":"","_et_pb_old_content":"","_et_gb_content_width":"","exclude_from_search":false,"footnotes":""},"class_list":["post-11015","page","type-page","status-publish","hentry"],"yoast_head":"<!-- This site is optimized with the Yoast SEO plugin v23.4 - https:\/\/yoast.com\/wordpress\/plugins\/seo\/ -->\n<title>Gioca all&#039;Eurojackpot online qui<\/title>\n<meta name=\"description\" content=\"Il modo legale e facile per giocare all&#039;Eurojackpot online e dall&#039;Italia\" \/>\n<meta name=\"robots\" content=\"index, follow, max-snippet:-1, max-image-preview:large, max-video-preview:-1\" \/>\n<link rel=\"canonical\" href=\"https:\/\/onlinelotto365.com\/it\/giocare\/eurojackpot\/\" \/>\n<meta property=\"og:locale\" content=\"it_IT\" \/>\n<meta property=\"og:type\" content=\"article\" \/>\n<meta property=\"og:title\" content=\"Gioca all&#039;Eurojackpot online qui\" \/>\n<meta property=\"og:description\" content=\"Il modo legale e facile per giocare all&#039;Eurojackpot online e dall&#039;Italia\" \/>\n<meta property=\"og:url\" content=\"https:\/\/onlinelotto365.com\/it\/giocare\/eurojackpot\/\" \/>\n<meta property=\"og:site_name\" content=\"OnlineLotto365\" \/>\n<meta property=\"article:modified_time\" content=\"2021-01-11T08:57:58+00:00\" \/>\n<meta property=\"og:image\" content=\"https:\/\/redfoxlotto.com\/image?size=8&amp;lottery=eurojackpot\" \/>\n<meta name=\"twitter:card\" content=\"summary_large_image\" \/>\n<meta name=\"twitter:label1\" content=\"Tempo di lettura stimato\" \/>\n\t<meta name=\"twitter:data1\" content=\"3 minuti\" \/>\n<script type=\"application\/ld+json\" class=\"yoast-schema-graph\">{\"@context\":\"https:\/\/schema.org\",\"@graph\":[{\"@type\":\"WebPage\",\"@id\":\"https:\/\/onlinelotto365.com\/it\/giocare\/eurojackpot\/\",\"url\":\"https:\/\/onlinelotto365.com\/it\/giocare\/eurojackpot\/\",\"name\":\"Gioca all'Eurojackpot online qui\",\"isPartOf\":{\"@id\":\"https:\/\/onlinelotto365.com\/it\/#website\"},\"primaryImageOfPage\":{\"@id\":\"https:\/\/onlinelotto365.com\/it\/giocare\/eurojackpot\/#primaryimage\"},\"image\":{\"@id\":\"https:\/\/onlinelotto365.com\/it\/giocare\/eurojackpot\/#primaryimage\"},\"thumbnailUrl\":\"https:\/\/redfoxlotto.com\/image?size=8&amp;lottery=eurojackpot\",\"datePublished\":\"2020-12-18T12:38:29+00:00\",\"dateModified\":\"2021-01-11T08:57:58+00:00\",\"description\":\"Il modo legale e facile per giocare all'Eurojackpot online e dall'Italia\",\"breadcrumb\":{\"@id\":\"https:\/\/onlinelotto365.com\/it\/giocare\/eurojackpot\/#breadcrumb\"},\"inLanguage\":\"it-IT\",\"potentialAction\":[{\"@type\":\"ReadAction\",\"target\":[\"https:\/\/onlinelotto365.com\/it\/giocare\/eurojackpot\/\"]}]},{\"@type\":\"ImageObject\",\"inLanguage\":\"it-IT\",\"@id\":\"https:\/\/onlinelotto365.com\/it\/giocare\/eurojackpot\/#primaryimage\",\"url\":\"https:\/\/redfoxlotto.com\/image?size=8&amp;lottery=eurojackpot\",\"contentUrl\":\"https:\/\/redfoxlotto.com\/image?size=8&amp;lottery=eurojackpot\"},{\"@type\":\"BreadcrumbList\",\"@id\":\"https:\/\/onlinelotto365.com\/it\/giocare\/eurojackpot\/#breadcrumb\",\"itemListElement\":[{\"@type\":\"ListItem\",\"position\":1,\"name\":\"Home\",\"item\":\"https:\/\/onlinelotto365.com\/it\/\"},{\"@type\":\"ListItem\",\"position\":2,\"name\":\"Tutto quello che devi sapere sulle tue opzioni per giocare alle migliori lotterie online\",\"item\":\"https:\/\/onlinelotto365.com\/it\/giocare\/\"},{\"@type\":\"ListItem\",\"position\":3,\"name\":\"Gioca all&#8217;Eurojackpot con un biglietto online\"}]},{\"@type\":\"WebSite\",\"@id\":\"https:\/\/onlinelotto365.com\/it\/#website\",\"url\":\"https:\/\/onlinelotto365.com\/it\/\",\"name\":\"OnlineLotto365\",\"description\":\"\",\"potentialAction\":[{\"@type\":\"SearchAction\",\"target\":{\"@type\":\"EntryPoint\",\"urlTemplate\":\"https:\/\/onlinelotto365.com\/it\/?s={search_term_string}\"},\"query-input\":{\"@type\":\"PropertyValueSpecification\",\"valueRequired\":true,\"valueName\":\"search_term_string\"}}],\"inLanguage\":\"it-IT\"}]}<\/script>\n<!-- \/ Yoast SEO plugin. -->","yoast_head_json":{"title":"Gioca all'Eurojackpot online qui","description":"Il modo legale e facile per giocare all'Eurojackpot online e dall'Italia","robots":{"index":"index","follow":"follow","max-snippet":"max-snippet:-1","max-image-preview":"max-image-preview:large","max-video-preview":"max-video-preview:-1"},"canonical":"https:\/\/onlinelotto365.com\/it\/giocare\/eurojackpot\/","og_locale":"it_IT","og_type":"article","og_title":"Gioca all'Eurojackpot online qui","og_description":"Il modo legale e facile per giocare all'Eurojackpot online e dall'Italia","og_url":"https:\/\/onlinelotto365.com\/it\/giocare\/eurojackpot\/","og_site_name":"OnlineLotto365","article_modified_time":"2021-01-11T08:57:58+00:00","og_image":[{"url":"https:\/\/redfoxlotto.com\/image?size=8&amp;lottery=eurojackpot"}],"twitter_card":"summary_large_image","twitter_misc":{"Tempo di lettura stimato":"3 minuti"},"schema":{"@context":"https:\/\/schema.org","@graph":[{"@type":"WebPage","@id":"https:\/\/onlinelotto365.com\/it\/giocare\/eurojackpot\/","url":"https:\/\/onlinelotto365.com\/it\/giocare\/eurojackpot\/","name":"Gioca all'Eurojackpot online qui","isPartOf":{"@id":"https:\/\/onlinelotto365.com\/it\/#website"},"primaryImageOfPage":{"@id":"https:\/\/onlinelotto365.com\/it\/giocare\/eurojackpot\/#primaryimage"},"image":{"@id":"https:\/\/onlinelotto365.com\/it\/giocare\/eurojackpot\/#primaryimage"},"thumbnailUrl":"https:\/\/redfoxlotto.com\/image?size=8&amp;lottery=eurojackpot","datePublished":"2020-12-18T12:38:29+00:00","dateModified":"2021-01-11T08:57:58+00:00","description":"Il modo legale e facile per giocare all'Eurojackpot online e dall'Italia","breadcrumb":{"@id":"https:\/\/onlinelotto365.com\/it\/giocare\/eurojackpot\/#breadcrumb"},"inLanguage":"it-IT","potentialAction":[{"@type":"ReadAction","target":["https:\/\/onlinelotto365.com\/it\/giocare\/eurojackpot\/"]}]},{"@type":"ImageObject","inLanguage":"it-IT","@id":"https:\/\/onlinelotto365.com\/it\/giocare\/eurojackpot\/#primaryimage","url":"https:\/\/redfoxlotto.com\/image?size=8&amp;lottery=eurojackpot","contentUrl":"https:\/\/redfoxlotto.com\/image?size=8&amp;lottery=eurojackpot"},{"@type":"BreadcrumbList","@id":"https:\/\/onlinelotto365.com\/it\/giocare\/eurojackpot\/#breadcrumb","itemListElement":[{"@type":"ListItem","position":1,"name":"Home","item":"https:\/\/onlinelotto365.com\/it\/"},{"@type":"ListItem","position":2,"name":"Tutto quello che devi sapere sulle tue opzioni per giocare alle migliori lotterie online","item":"https:\/\/onlinelotto365.com\/it\/giocare\/"},{"@type":"ListItem","position":3,"name":"Gioca all&#8217;Eurojackpot con un biglietto online"}]},{"@type":"WebSite","@id":"https:\/\/onlinelotto365.com\/it\/#website","url":"https:\/\/onlinelotto365.com\/it\/","name":"OnlineLotto365","description":"","potentialAction":[{"@type":"SearchAction","target":{"@type":"EntryPoint","urlTemplate":"https:\/\/onlinelotto365.com\/it\/?s={search_term_string}"},"query-input":{"@type":"PropertyValueSpecification","valueRequired":true,"valueName":"search_term_string"}}],"inLanguage":"it-IT"}]}},"_links":{"self":[{"href":"https:\/\/onlinelotto365.com\/it\/wp-json\/wp\/v2\/pages\/11015","targetHints":{"allow":["GET"]}}],"collection":[{"href":"https:\/\/onlinelotto365.com\/it\/wp-json\/wp\/v2\/pages"}],"about":[{"href":"https:\/\/onlinelotto365.com\/it\/wp-json\/wp\/v2\/types\/page"}],"author":[{"embeddable":true,"href":"https:\/\/onlinelotto365.com\/it\/wp-json\/wp\/v2\/users\/1"}],"replies":[{"embeddable":true,"href":"https:\/\/onlinelotto365.com\/it\/wp-json\/wp\/v2\/comments?post=11015"}],"version-history":[{"count":0,"href":"https:\/\/onlinelotto365.com\/it\/wp-json\/wp\/v2\/pages\/11015\/revisions"}],"up":[{"embeddable":true,"href":"https:\/\/onlinelotto365.com\/it\/wp-json\/wp\/v2\/pages\/5021"}],"wp:attachment":[{"href":"https:\/\/onlinelotto365.com\/it\/wp-json\/wp\/v2\/media?parent=11015"}],"curies":[{"name":"wp","href":"https:\/\/api.w.org\/{rel}","templated":true}]}}