{"id":11017,"date":"2020-12-18T13:39:59","date_gmt":"2020-12-18T12:39:59","guid":{"rendered":"http:\/\/onlinelotto365.net\/?page_id=11017"},"modified":"2021-01-11T10:33:53","modified_gmt":"2021-01-11T09:33:53","slug":"superenalotto","status":"publish","type":"page","link":"https:\/\/onlinelotto365.com\/it\/giocare\/superenalotto\/","title":{"rendered":"Ottieni i tuoi biglietti per il Superenalotto da qualsiasi luogo"},"content":{"rendered":"<p>Per anni le persone hanno desiderato ardentemente giocare alle lotterie in altre parti del mondo. La sfida qui non \u00e8 stata la riluttanza di varie <a href=\"https:\/\/onlinelotto365.com\/it\/news\/come-giocare-al-lotto-internazionale\"> lotterie ad accettare giocatori della lotteria internazionale <\/a>. \u00c8 stato che devi fisicamente essere nel paese o nella regione in cui si tiene la lotteria per poter giocare correttamente.<\/p>\n<p>Per cominciare, devi <strong> visitare un rivenditore del lotto che vende il lotto a cui desideri acquistare i biglietti. <\/strong> Quindi questo significa essere nel paese, non solo una volta, ma ogni volta che desideri acquistare i biglietti. Quindi questo significa fare un viaggio dall&#8217;Italia all&#8217;Italia per acquistare i biglietti della lotteria per le tre estrazioni che il Superenalotto organizza ogni settimana.<\/p>\n<p>Quindi devi trasferirti l\u00ec o assumere qualcuno in Italia che lo faccia per te. Non \u00e8 solo qualcosa che siamo in grado di fare. Gi\u00e0 che ci sei, dovresti assumere persone in tutti gli altri paesi che dispongono di grandi lotterie per fare le tue offerte per te. Ci\u00f2 costerebbe una fortuna.<\/p>\n<p>Ma adesso c&#8217;\u00e8 un&#8217;ottima alternativa: <strong> gioca online qui sul nostro sito! <\/strong><\/p>\n<p><a href=\"https:\/\/redfoxlotto.com\/it\/superenalotto\/?ref=a8564250a2&amp;medium=ol365\" target=\"_blank\" rel=\"noopener noreferrer\"> <img decoding=\"async\" class=\"aligncenter\" src=\"https:\/\/redfoxlotto.com\/image?size=8&amp;lottery=superenalotto\" alt=\"superenalotto\" \/> <\/a><\/p>\n<h2>Abbiamo tutte le tue esigenze del lotto coperte<\/h2>\n<p>Abbiamo capito tutto su come farti entrare in gioco con il Superenalotto oltre a tutte le <a href=\"https:\/\/onlinelotto365.com\/it\/giocare\"> altre importanti lotterie <\/a> nel mondo. Acquista semplicemente i biglietti della lotteria che desideri da noi online e dall&#8217;Italia, e noi facciamo tutto il resto per te.<\/p>\n<p>Acquistiamo i biglietti per tuo conto e, a differenza dei normali biglietti della lotteria che possono essere incassati da chi li possiede, li tratteniamo per te. Quindi monitoriamo i disegni per te in modo che tu non debba farlo se non lo desideri e ti informiamo ogni volta che vinci.<\/p>\n<h2>Ulteriori informazioni sul Superenalotto<\/h2>\n<ul>\n<li>La lotteria si tiene dove: Italia<\/li>\n<li>Quanti numeri principali tra cui scegliere: 90<\/li>\n<li>Devi selezionare: 6<\/li>\n<li>Quanti numeri extra tra cui scegliere: nessuno<\/li>\n<li>Devi selezionare: nessuno<\/li>\n<li>Giorni e orari dell&#8217;estrazione: marted\u00ec, gioved\u00ec, sabato, 19:00 GMT, 21:00 CET<\/li>\n<li>Jackpot minimo: 2 milioni di euro<\/li>\n<li>Importo massimo del jackpot: nessuno<\/li>\n<li>Possibile combinazione di numeri per una vincita del jackpot: 1 su 622.614.630<\/li>\n<li>Possibile combinazione di numeri per una vittoria di livello 2: 1 su 103.769.105<\/li>\n<li>Probabilit\u00e0 di vincere in qualsiasi livello: 1 su 20,58<\/li>\n<li>Quanti livelli di premio: v<\/li>\n<\/ul>\n<p>Per giocare al Superenalotto devi scegliere 6 numeri su un totale di 90 numeri possibili. Devi anche scegliere quello che chiamano un numero Jolly tra i 90.<\/p>\n<p><strong> Per vincere il jackpot, <\/strong> devi indovinare tutti e 6 i tuoi numeri normali. Se indovini 5 pi\u00f9 il numero Jolly, vinci il secondo premio. 5 numeri senza il numero Jolly ti danno una vincita al terzo posto, 4 numeri corretti ti fanno vincere al quarto posto e solo 3 numeri ti danno anche una vincita.<\/p>\n<p>Le estrazioni si tengono 3 volte a settimana, il marted\u00ec, il gioved\u00ec e il sabato alle 20:00, ora italiana. Ti forniamo un conto alla rovescia per la prossima estrazione del Superenalotto oltre a tutte le altre grandi lotterie che offrono biglietti online, cos\u00ec sai sempre quanto tempo ti rimane.<\/p>\n<h2>Vantaggi di giocare al Superenalotto online<\/h2>\n<p>Molti <strong> giocatori di lotterie globali amano scegliere diverse lotterie per giocare <\/strong>, soprattutto perch\u00e9 ognuna di esse offre regolarmente grandi jackpot. In effetti, pi\u00f9 disegni ti coinvolgono, meglio \u00e8.<\/p>\n<p>Quindi, mentre i jackpot con il Superenalotto potrebbero non essere paragonabili ad alcune delle lotterie pi\u00f9 grandi in circolazione, ad esempio, l &#8216;<a href=\"https:\/\/onlinelotto365.com\/it\/buy-tickets\/euromillions\"> EuroMillions <\/a>, il <a href=\"https:\/\/onlinelotto365.com\/it\/buy-tickets\/powerball\"> Powerball <\/a> o <a href=\"https:\/\/onlinelotto365.com\/it\/buy-tickets\/mega-millions\"> Mega Milioni <\/a>, vorrai comunque giocare anche a quelli. Il Superenalotto per\u00f2 non \u00e8 una patata da poco, con i tipici jackpot spesso dell&#8217;ordine di decine di milioni di euro. Quindi, con i 3 disegni extra a settimana offerti dal Superenalotto, sono 3 disegni in pi\u00f9 a settimana di divertimento rispetto a quelli che avrai se non giochi.<\/p>\n<p>Quindi, con 3 possibilit\u00e0 in pi\u00f9 di vincere un premio enorme, non \u00e8 difficile capire perch\u00e9 cos\u00ec tante persone in Italia amano questa lotteria. Dato che ora puoi acquistare comodamente i tuoi biglietti online, non ci sono buone ragioni per non giocare. Spargere i tuoi soldi in pi\u00f9 lotterie \u00e8 ci\u00f2 che conta, aumentando notevolmente la quantit\u00e0 di eccitazione che ottieni giocando alle lotterie ora.<\/p>\n<p>Quindi, se ti va di <strong> divertirti di pi\u00f9 a giocare alla lotteria <\/strong> e so che lo sei, allorapuoi iniziare subito.<\/p>\n<h2>Come vengo pagato se vinco il Superenalotto online?<\/h2>\n<p>Ti forniamo tutta l&#8217;assistenza di cui hai bisogno per incassare i tuoi biglietti, dal ritirare i tuoi premi pi\u00f9 piccoli e metterli immediatamente nel tuo account con noi, a ritirare e inviarti qualsiasi modulo sia necessario per premi pi\u00f9 grandi o persino jackpot. Quindi non c&#8217;\u00e8 motivo di preoccuparsi qui, poich\u00e9 si tratta di un <strong> contratto di servizio completo con un servizio di prima classe <\/strong> e un trattamento per i nostri clienti dall&#8217;Italia e altrove.<\/p>\n","protected":false},"excerpt":{"rendered":"<p>Per anni le persone hanno desiderato ardentemente giocare alle lotterie in altre parti del mondo. La sfida qui non \u00e8 stata la riluttanza di varie lotterie ad accettare giocatori della lotteria internazionale . \u00c8 stato che devi fisicamente essere nel paese o nella regione in cui si tiene la lotteria per poter giocare correttamente. Per [&hellip;]<\/p>\n","protected":false},"author":1,"featured_media":0,"parent":5021,"menu_order":5,"comment_status":"closed","ping_status":"closed","template":"superenalotto.php","meta":{"_et_pb_use_builder":"","_et_pb_old_content":"","_et_gb_content_width":"","exclude_from_search":false,"footnotes":""},"class_list":["post-11017","page","type-page","status-publish","hentry"],"yoast_head":"<!-- This site is optimized with the Yoast SEO plugin v23.4 - https:\/\/yoast.com\/wordpress\/plugins\/seo\/ -->\n<title>Gioca a Superenalotto Italia online da Italia | Come acquistare i biglietti per Superena online<\/title>\n<meta name=\"description\" content=\"Questo jackpot del lotto italiano pu\u00f2 essere vinto da chiunque, da ogni dove - gioca al Superenalotto online adesso\" \/>\n<meta name=\"robots\" content=\"index, follow, max-snippet:-1, max-image-preview:large, max-video-preview:-1\" \/>\n<link rel=\"canonical\" href=\"https:\/\/onlinelotto365.com\/it\/giocare\/superenalotto\/\" \/>\n<meta property=\"og:locale\" content=\"it_IT\" \/>\n<meta property=\"og:type\" content=\"article\" \/>\n<meta property=\"og:title\" content=\"Gioca a Superenalotto Italia online da Italia | Come acquistare i biglietti per Superena online\" \/>\n<meta property=\"og:description\" content=\"Questo jackpot del lotto italiano pu\u00f2 essere vinto da chiunque, da ogni dove - gioca al Superenalotto online adesso\" \/>\n<meta property=\"og:url\" content=\"https:\/\/onlinelotto365.com\/it\/giocare\/superenalotto\/\" \/>\n<meta property=\"og:site_name\" content=\"OnlineLotto365\" \/>\n<meta property=\"article:modified_time\" content=\"2021-01-11T09:33:53+00:00\" \/>\n<meta property=\"og:image\" content=\"https:\/\/redfoxlotto.com\/image?size=8&amp;lottery=superenalotto\" \/>\n<meta name=\"twitter:card\" content=\"summary_large_image\" \/>\n<meta name=\"twitter:label1\" content=\"Tempo di lettura stimato\" \/>\n\t<meta name=\"twitter:data1\" content=\"4 minuti\" \/>\n<script type=\"application\/ld+json\" class=\"yoast-schema-graph\">{\"@context\":\"https:\/\/schema.org\",\"@graph\":[{\"@type\":\"WebPage\",\"@id\":\"https:\/\/onlinelotto365.com\/it\/giocare\/superenalotto\/\",\"url\":\"https:\/\/onlinelotto365.com\/it\/giocare\/superenalotto\/\",\"name\":\"Gioca a Superenalotto Italia online da Italia | Come acquistare i biglietti per Superena online\",\"isPartOf\":{\"@id\":\"https:\/\/onlinelotto365.com\/it\/#website\"},\"primaryImageOfPage\":{\"@id\":\"https:\/\/onlinelotto365.com\/it\/giocare\/superenalotto\/#primaryimage\"},\"image\":{\"@id\":\"https:\/\/onlinelotto365.com\/it\/giocare\/superenalotto\/#primaryimage\"},\"thumbnailUrl\":\"https:\/\/redfoxlotto.com\/image?size=8&amp;lottery=superenalotto\",\"datePublished\":\"2020-12-18T12:39:59+00:00\",\"dateModified\":\"2021-01-11T09:33:53+00:00\",\"description\":\"Questo jackpot del lotto italiano pu\u00f2 essere vinto da chiunque, da ogni dove - gioca al Superenalotto online adesso\",\"breadcrumb\":{\"@id\":\"https:\/\/onlinelotto365.com\/it\/giocare\/superenalotto\/#breadcrumb\"},\"inLanguage\":\"it-IT\",\"potentialAction\":[{\"@type\":\"ReadAction\",\"target\":[\"https:\/\/onlinelotto365.com\/it\/giocare\/superenalotto\/\"]}]},{\"@type\":\"ImageObject\",\"inLanguage\":\"it-IT\",\"@id\":\"https:\/\/onlinelotto365.com\/it\/giocare\/superenalotto\/#primaryimage\",\"url\":\"https:\/\/redfoxlotto.com\/image?size=8&amp;lottery=superenalotto\",\"contentUrl\":\"https:\/\/redfoxlotto.com\/image?size=8&amp;lottery=superenalotto\"},{\"@type\":\"BreadcrumbList\",\"@id\":\"https:\/\/onlinelotto365.com\/it\/giocare\/superenalotto\/#breadcrumb\",\"itemListElement\":[{\"@type\":\"ListItem\",\"position\":1,\"name\":\"Home\",\"item\":\"https:\/\/onlinelotto365.com\/it\/\"},{\"@type\":\"ListItem\",\"position\":2,\"name\":\"Tutto quello che devi sapere sulle tue opzioni per giocare alle migliori lotterie online\",\"item\":\"https:\/\/onlinelotto365.com\/it\/giocare\/\"},{\"@type\":\"ListItem\",\"position\":3,\"name\":\"Ottieni i tuoi biglietti per il Superenalotto da qualsiasi luogo\"}]},{\"@type\":\"WebSite\",\"@id\":\"https:\/\/onlinelotto365.com\/it\/#website\",\"url\":\"https:\/\/onlinelotto365.com\/it\/\",\"name\":\"OnlineLotto365\",\"description\":\"\",\"potentialAction\":[{\"@type\":\"SearchAction\",\"target\":{\"@type\":\"EntryPoint\",\"urlTemplate\":\"https:\/\/onlinelotto365.com\/it\/?s={search_term_string}\"},\"query-input\":{\"@type\":\"PropertyValueSpecification\",\"valueRequired\":true,\"valueName\":\"search_term_string\"}}],\"inLanguage\":\"it-IT\"}]}<\/script>\n<!-- \/ Yoast SEO plugin. -->","yoast_head_json":{"title":"Gioca a Superenalotto Italia online da Italia | Come acquistare i biglietti per Superena online","description":"Questo jackpot del lotto italiano pu\u00f2 essere vinto da chiunque, da ogni dove - gioca al Superenalotto online adesso","robots":{"index":"index","follow":"follow","max-snippet":"max-snippet:-1","max-image-preview":"max-image-preview:large","max-video-preview":"max-video-preview:-1"},"canonical":"https:\/\/onlinelotto365.com\/it\/giocare\/superenalotto\/","og_locale":"it_IT","og_type":"article","og_title":"Gioca a Superenalotto Italia online da Italia | Come acquistare i biglietti per Superena online","og_description":"Questo jackpot del lotto italiano pu\u00f2 essere vinto da chiunque, da ogni dove - gioca al Superenalotto online adesso","og_url":"https:\/\/onlinelotto365.com\/it\/giocare\/superenalotto\/","og_site_name":"OnlineLotto365","article_modified_time":"2021-01-11T09:33:53+00:00","og_image":[{"url":"https:\/\/redfoxlotto.com\/image?size=8&amp;lottery=superenalotto"}],"twitter_card":"summary_large_image","twitter_misc":{"Tempo di lettura stimato":"4 minuti"},"schema":{"@context":"https:\/\/schema.org","@graph":[{"@type":"WebPage","@id":"https:\/\/onlinelotto365.com\/it\/giocare\/superenalotto\/","url":"https:\/\/onlinelotto365.com\/it\/giocare\/superenalotto\/","name":"Gioca a Superenalotto Italia online da Italia | Come acquistare i biglietti per Superena online","isPartOf":{"@id":"https:\/\/onlinelotto365.com\/it\/#website"},"primaryImageOfPage":{"@id":"https:\/\/onlinelotto365.com\/it\/giocare\/superenalotto\/#primaryimage"},"image":{"@id":"https:\/\/onlinelotto365.com\/it\/giocare\/superenalotto\/#primaryimage"},"thumbnailUrl":"https:\/\/redfoxlotto.com\/image?size=8&amp;lottery=superenalotto","datePublished":"2020-12-18T12:39:59+00:00","dateModified":"2021-01-11T09:33:53+00:00","description":"Questo jackpot del lotto italiano pu\u00f2 essere vinto da chiunque, da ogni dove - gioca al Superenalotto online adesso","breadcrumb":{"@id":"https:\/\/onlinelotto365.com\/it\/giocare\/superenalotto\/#breadcrumb"},"inLanguage":"it-IT","potentialAction":[{"@type":"ReadAction","target":["https:\/\/onlinelotto365.com\/it\/giocare\/superenalotto\/"]}]},{"@type":"ImageObject","inLanguage":"it-IT","@id":"https:\/\/onlinelotto365.com\/it\/giocare\/superenalotto\/#primaryimage","url":"https:\/\/redfoxlotto.com\/image?size=8&amp;lottery=superenalotto","contentUrl":"https:\/\/redfoxlotto.com\/image?size=8&amp;lottery=superenalotto"},{"@type":"BreadcrumbList","@id":"https:\/\/onlinelotto365.com\/it\/giocare\/superenalotto\/#breadcrumb","itemListElement":[{"@type":"ListItem","position":1,"name":"Home","item":"https:\/\/onlinelotto365.com\/it\/"},{"@type":"ListItem","position":2,"name":"Tutto quello che devi sapere sulle tue opzioni per giocare alle migliori lotterie online","item":"https:\/\/onlinelotto365.com\/it\/giocare\/"},{"@type":"ListItem","position":3,"name":"Ottieni i tuoi biglietti per il Superenalotto da qualsiasi luogo"}]},{"@type":"WebSite","@id":"https:\/\/onlinelotto365.com\/it\/#website","url":"https:\/\/onlinelotto365.com\/it\/","name":"OnlineLotto365","description":"","potentialAction":[{"@type":"SearchAction","target":{"@type":"EntryPoint","urlTemplate":"https:\/\/onlinelotto365.com\/it\/?s={search_term_string}"},"query-input":{"@type":"PropertyValueSpecification","valueRequired":true,"valueName":"search_term_string"}}],"inLanguage":"it-IT"}]}},"_links":{"self":[{"href":"https:\/\/onlinelotto365.com\/it\/wp-json\/wp\/v2\/pages\/11017","targetHints":{"allow":["GET"]}}],"collection":[{"href":"https:\/\/onlinelotto365.com\/it\/wp-json\/wp\/v2\/pages"}],"about":[{"href":"https:\/\/onlinelotto365.com\/it\/wp-json\/wp\/v2\/types\/page"}],"author":[{"embeddable":true,"href":"https:\/\/onlinelotto365.com\/it\/wp-json\/wp\/v2\/users\/1"}],"replies":[{"embeddable":true,"href":"https:\/\/onlinelotto365.com\/it\/wp-json\/wp\/v2\/comments?post=11017"}],"version-history":[{"count":0,"href":"https:\/\/onlinelotto365.com\/it\/wp-json\/wp\/v2\/pages\/11017\/revisions"}],"up":[{"embeddable":true,"href":"https:\/\/onlinelotto365.com\/it\/wp-json\/wp\/v2\/pages\/5021"}],"wp:attachment":[{"href":"https:\/\/onlinelotto365.com\/it\/wp-json\/wp\/v2\/media?parent=11017"}],"curies":[{"name":"wp","href":"https:\/\/api.w.org\/{rel}","templated":true}]}}