{"id":11019,"date":"2020-12-18T13:41:12","date_gmt":"2020-12-18T12:41:12","guid":{"rendered":"http:\/\/onlinelotto365.net\/?page_id=11019"},"modified":"2021-01-11T10:33:39","modified_gmt":"2021-01-11T09:33:39","slug":"el-gordo","status":"publish","type":"page","link":"https:\/\/onlinelotto365.com\/it\/giocare\/el-gordo\/","title":{"rendered":"Come possono partecipare a El Gordo i residenti in Italia?"},"content":{"rendered":"<p>Se vivi in \u200b\u200bSpagna, non devo dirti quanto sia eccitante il Lotto El Gordo. Tuttavia, la maggior parte dei giocatori della lotteria non vive l\u00ec e la maggior parte non ha mai sentito parlare della <strong> pi\u00f9 grande lotteria spagnola <\/strong>. Fino a poco tempo fa, non importava affatto, dato che comunque non si poteva giocare perch\u00e9 la Spagna era l&#8217;unico posto in cui si potevano acquistare i biglietti.<\/p>\n<p>Attraverso la magia di Internet, in questi giorni, oltre 150.000 giocatori provenienti da oltre 140 paesi, compresa l&#8217;Italia, possono divertirsi <strong> giocando a El Gordo online <\/strong>. Tutto quello che devi fare per acquistare i biglietti ora \u00e8 sapere dove acquistarli online. \u00c8 qui che siamo qui per aiutarti.<\/p>\n<p>Il nostro nuovo fantastico servizio non solo ti consente di acquistare online i biglietti per il Lotto El Gordo, ma puoi anche acquistare i biglietti online per tutte le altre pi\u00f9 grandi lotterie del mondo. Rendiamo tutto questo incredibilmente facile per te e in pochi minuti puoi ritirare tutti i biglietti che desideri per l&#8217;estrazione successiva, oltre a qualsiasi altro grande biglietto della lotteria che desideri.<\/p>\n<p>Quindi, grazie al nostro servizio online, l &#8216;<strong> entusiasmo di giocare alla lotteria <\/strong> \u00e8 cresciuto fino a raggiungere proporzioni epiche. Prendi quanto ti piace la lotteria ora e moltiplicalo per dieci o venti volte, e immagina come sarebbe. Quindi, registra un account qui e preparati a realizzare tutto ci\u00f2.<\/p>\n<p><a href=\"https:\/\/redfoxlotto.com\/it\/el-gordo-primitiva\/?ref=a8564250a2&amp;medium=ol365\" target=\"_blank\" rel=\"noopener noreferrer\"> <img decoding=\"async\" class=\"aligncenter\" src=\"https:\/\/redfoxlotto.com\/image?size=8&amp;lottery=el-gordo-primitiva\" alt=\"el gordo la primitiva\" \/> <\/a><\/p>\n<h2>El Gordo significa The Big One<\/h2>\n<p>I jackpot di El Gordo sono tutti enormi, il che \u00e8 qualcosa che tutti i giocatori della lotteria amano assolutamente. Sono finiti i giorni in cui dovevi aspettare un bel po &#8216;di tempo, sperando che il jackpot della tua lotteria preferita crescesse e crescesse fino a diventare finalmente abbastanza enorme da far s\u00ec che le persone cadessero su se stesse <a href=\"https:\/\/onlinelotto365.com\/it\/buy-tickets\/mega-millions\"> acquista biglietti <\/a>. Ora, ci sono molte lotterie in tutto il mondo che iniziano con enormi jackpot e diventano sempre pi\u00f9 enormi. Questa lotteria \u00e8 sicuramente una di quelle. Ad esempio, al momento della stesura di questo articolo, il jackpot attuale \u00e8 di 23 milioni di euro.<\/p>\n<p>Inoltre, se ami i grandi jackpot come questo, come sono sicuro tutti noi, c&#8217;\u00e8 molto di pi\u00f9 per te da dove viene, con alcuni anche <a href=\"https:\/\/onlinelotto365.com\/it\/news\/le-migliori-lotterie-del-mondo\"> jackpot molto pi\u00f9 grandi <\/a>. Tuttavia, non si tratta solo di giocarne una, vorrai <strong> giocare almeno a molte di queste lotterie <\/strong> e sicuramente vale la pena giocare a El Gordo.<\/p>\n<h2>Informazioni su El Gordo<\/h2>\n<ul>\n<li>Paese: Spagna<\/li>\n<li><span style=\"font-size: 16px;\"> Intervallo di numeri principali: 54 <\/span><\/li>\n<li>Scegli: 5<\/li>\n<li>Intervallo di numeri extra: nessuno<\/li>\n<li>Scegli tu: nessuno<\/li>\n<li>Giorni e orari dell&#8217;estrazione: domenica, 21:30 CET, 21:30 CET<\/li>\n<li>Jackpot minimo: 4 milioni di euro<\/li>\n<li>Jackpot limitato al massimo: nessun massimo<\/li>\n<li>Probabilit\u00e0 di vincere il jackpot: 1 su 31.625.100<\/li>\n<li>Probabilit\u00e0 di vittoria di livello 2: 1 su 3.513.900<\/li>\n<li>Probabilit\u00e0 di vincere in qualsiasi livello: 1 su 6,16<\/li>\n<li>Eventi speciali per El Gordo: Speciale Natale<\/li>\n<\/ul>\n<p>Come molte grandi lotterie, ci sono due parti nell&#8217;estrazione. Il primo prevede la scelta di 5 numeri tra 54 numeri. Se lo fai, c&#8217;\u00e8 gi\u00e0 un grande premio che ti aspetta. Quindi, se entrambi abbinate i vostri 5 numeri pi\u00f9 il vostro numero chiave compreso tra 1 e 9, lo avete fatto e avete vinto il grande jackpot.<\/p>\n<p>Ci sono un totale di 9 diverse categorie di premi con El Gordo, a partire dal solo abbinare il numero critico tra 1 e 9, fino a quello grande. Quindi, anche se tutti noi vogliamo davvero vincere i jackpot, \u00e8 certamente bello quando vinci un premio di qualsiasi importo, e la lotteria pi\u00f9 popolare della Spagna ti d\u00e0 una possibilit\u00e0 ancora migliore di vincere questo premio rispetto ad altre lotterie.<\/p>\n<p>Inoltre, a differenza di alcuni paesi, le <a href=\"https:\/\/onlinelotto365.com\/it\/news\/quali-lotterie-e-paesi-addebitano-le-tasse-sulle-vincite\"> <strong> vincite alla lotteria in Spagna sono tasse- gratuito <\/strong> <\/a>. Potresti dover o meno dichiarare le tue vincite al governo, a seconda di dove vivi, ma alcuni luoghi trattengono le tasse con le vincite della lotteria anche se le vincite della lotteria potrebbero essere esentasse nel tuo paese. Anche se puoi recuperare questi soldi, \u00e8 un inconveniente di cui non devi preoccuparti con El Gordo.<\/p>\n<p>Tuttavia, anche nei paesi che lo fanno, ogni volta che vinci il jackpot, i soldi che ricevi in \u200b\u200banticipo con o senza ritenuta fiscale ti dureranno comunque per molto tempo, quindi questo non dovrebbe davvero preoccuparti. N\u00e9 dovresti dover fare un viaggio in Spagna per raccogliere i tuoi milioni. Probabilmente viaggerai molto di pi\u00f9 di cos\u00ec e potresti anche iniziare la tua carriera come jet set conquesto viaggio.<\/p>\n<h2>Perch\u00e9 perdere El Gordo visto che non devi farlo adesso?<\/h2>\n<p>Per anni hai una buona scusa per non giocare al Lotto El Gordo perch\u00e9 vivi in \u200b\u200bItalia e non in Spagna. Fortunatamente non \u00e8 pi\u00f9 cos\u00ec. Chiss\u00e0 quanti soldi avresti potuto vincere se avessi giocato a questa ea tutte le altre pi\u00f9 grandi lotterie del mondo sin dall&#8217;inizio?<\/p>\n<p>Bene, non devi pi\u00f9 chiedertelo, poich\u00e9 ora portiamo El Gordo direttamente a casa tua, proprio dove sei seduto in questo momento. So che <strong> ti piace giocare alla lotteria <\/strong> o non staresti leggendo questo. Perch\u00e9 non regalarti un biglietto della lotteria El Gordo adesso? Gi\u00e0 che ci sei, perch\u00e9 non dai un&#8217;occhiata a tutto il resto che abbiamo da offrirti?<\/p>\n<h2>Come controllare i risultati di El Gordo<\/h2>\n<p>Puoi tornare qui per <a href=\"https:\/\/onlinelotto365.com\/it\/numeri-vincenti\/el-gordo\"> controllare i numeri vincenti <\/a> e confrontarli con i tuoi biglietti El Gordo. Ti mostreremo gli ultimi numeri vincenti fianco a fianco con i numeri del tuo biglietto. Naturalmente, puoi anche vedere quanto hai vinto se lo facessi.<\/p>\n<p>Anche ricevere le tue vincite sul tuo account fa parte del nostro servizio. Il modo in cui vieni pagato dipende da quanto hai vinto. Non preleviamo denaro dalle tue vincite per quel servizio.<\/p>\n","protected":false},"excerpt":{"rendered":"<p>Se vivi in \u200b\u200bSpagna, non devo dirti quanto sia eccitante il Lotto El Gordo. Tuttavia, la maggior parte dei giocatori della lotteria non vive l\u00ec e la maggior parte non ha mai sentito parlare della pi\u00f9 grande lotteria spagnola . Fino a poco tempo fa, non importava affatto, dato che comunque non si poteva giocare [&hellip;]<\/p>\n","protected":false},"author":1,"featured_media":0,"parent":5021,"menu_order":6,"comment_status":"closed","ping_status":"closed","template":"el-gordo.php","meta":{"_et_pb_use_builder":"","_et_pb_old_content":"","_et_gb_content_width":"","exclude_from_search":false,"footnotes":""},"class_list":["post-11019","page","type-page","status-publish","hentry"],"yoast_head":"<!-- This site is optimized with the Yoast SEO plugin v23.4 - https:\/\/yoast.com\/wordpress\/plugins\/seo\/ -->\n<title>Gioca a El Gordo online da Italia | Posso partecipare a El Gordo se vivo in Italia<\/title>\n<meta name=\"description\" content=\"Gioca qui a El Gordo Lotto - la pi\u00f9 grande lotteria spagnola, disponibile online dall&#039;Italia\" \/>\n<meta name=\"robots\" content=\"index, follow, max-snippet:-1, max-image-preview:large, max-video-preview:-1\" \/>\n<link rel=\"canonical\" href=\"https:\/\/onlinelotto365.com\/it\/giocare\/el-gordo\/\" \/>\n<meta property=\"og:locale\" content=\"it_IT\" \/>\n<meta property=\"og:type\" content=\"article\" \/>\n<meta property=\"og:title\" content=\"Gioca a El Gordo online da Italia | Posso partecipare a El Gordo se vivo in Italia\" \/>\n<meta property=\"og:description\" content=\"Gioca qui a El Gordo Lotto - la pi\u00f9 grande lotteria spagnola, disponibile online dall&#039;Italia\" \/>\n<meta property=\"og:url\" content=\"https:\/\/onlinelotto365.com\/it\/giocare\/el-gordo\/\" \/>\n<meta property=\"og:site_name\" content=\"OnlineLotto365\" \/>\n<meta property=\"article:modified_time\" content=\"2021-01-11T09:33:39+00:00\" \/>\n<meta property=\"og:image\" content=\"https:\/\/redfoxlotto.com\/image?size=8&amp;lottery=el-gordo-primitiva\" \/>\n<meta name=\"twitter:card\" content=\"summary_large_image\" \/>\n<meta name=\"twitter:label1\" content=\"Tempo di lettura stimato\" \/>\n\t<meta name=\"twitter:data1\" content=\"5 minuti\" \/>\n<script type=\"application\/ld+json\" class=\"yoast-schema-graph\">{\"@context\":\"https:\/\/schema.org\",\"@graph\":[{\"@type\":\"WebPage\",\"@id\":\"https:\/\/onlinelotto365.com\/it\/giocare\/el-gordo\/\",\"url\":\"https:\/\/onlinelotto365.com\/it\/giocare\/el-gordo\/\",\"name\":\"Gioca a El Gordo online da Italia | Posso partecipare a El Gordo se vivo in Italia\",\"isPartOf\":{\"@id\":\"https:\/\/onlinelotto365.com\/it\/#website\"},\"primaryImageOfPage\":{\"@id\":\"https:\/\/onlinelotto365.com\/it\/giocare\/el-gordo\/#primaryimage\"},\"image\":{\"@id\":\"https:\/\/onlinelotto365.com\/it\/giocare\/el-gordo\/#primaryimage\"},\"thumbnailUrl\":\"https:\/\/redfoxlotto.com\/image?size=8&amp;lottery=el-gordo-primitiva\",\"datePublished\":\"2020-12-18T12:41:12+00:00\",\"dateModified\":\"2021-01-11T09:33:39+00:00\",\"description\":\"Gioca qui a El Gordo Lotto - la pi\u00f9 grande lotteria spagnola, disponibile online dall'Italia\",\"breadcrumb\":{\"@id\":\"https:\/\/onlinelotto365.com\/it\/giocare\/el-gordo\/#breadcrumb\"},\"inLanguage\":\"it-IT\",\"potentialAction\":[{\"@type\":\"ReadAction\",\"target\":[\"https:\/\/onlinelotto365.com\/it\/giocare\/el-gordo\/\"]}]},{\"@type\":\"ImageObject\",\"inLanguage\":\"it-IT\",\"@id\":\"https:\/\/onlinelotto365.com\/it\/giocare\/el-gordo\/#primaryimage\",\"url\":\"https:\/\/redfoxlotto.com\/image?size=8&amp;lottery=el-gordo-primitiva\",\"contentUrl\":\"https:\/\/redfoxlotto.com\/image?size=8&amp;lottery=el-gordo-primitiva\"},{\"@type\":\"BreadcrumbList\",\"@id\":\"https:\/\/onlinelotto365.com\/it\/giocare\/el-gordo\/#breadcrumb\",\"itemListElement\":[{\"@type\":\"ListItem\",\"position\":1,\"name\":\"Home\",\"item\":\"https:\/\/onlinelotto365.com\/it\/\"},{\"@type\":\"ListItem\",\"position\":2,\"name\":\"Tutto quello che devi sapere sulle tue opzioni per giocare alle migliori lotterie online\",\"item\":\"https:\/\/onlinelotto365.com\/it\/giocare\/\"},{\"@type\":\"ListItem\",\"position\":3,\"name\":\"Come possono partecipare a El Gordo i residenti in Italia?\"}]},{\"@type\":\"WebSite\",\"@id\":\"https:\/\/onlinelotto365.com\/it\/#website\",\"url\":\"https:\/\/onlinelotto365.com\/it\/\",\"name\":\"OnlineLotto365\",\"description\":\"\",\"potentialAction\":[{\"@type\":\"SearchAction\",\"target\":{\"@type\":\"EntryPoint\",\"urlTemplate\":\"https:\/\/onlinelotto365.com\/it\/?s={search_term_string}\"},\"query-input\":{\"@type\":\"PropertyValueSpecification\",\"valueRequired\":true,\"valueName\":\"search_term_string\"}}],\"inLanguage\":\"it-IT\"}]}<\/script>\n<!-- \/ Yoast SEO plugin. -->","yoast_head_json":{"title":"Gioca a El Gordo online da Italia | Posso partecipare a El Gordo se vivo in Italia","description":"Gioca qui a El Gordo Lotto - la pi\u00f9 grande lotteria spagnola, disponibile online dall'Italia","robots":{"index":"index","follow":"follow","max-snippet":"max-snippet:-1","max-image-preview":"max-image-preview:large","max-video-preview":"max-video-preview:-1"},"canonical":"https:\/\/onlinelotto365.com\/it\/giocare\/el-gordo\/","og_locale":"it_IT","og_type":"article","og_title":"Gioca a El Gordo online da Italia | Posso partecipare a El Gordo se vivo in Italia","og_description":"Gioca qui a El Gordo Lotto - la pi\u00f9 grande lotteria spagnola, disponibile online dall'Italia","og_url":"https:\/\/onlinelotto365.com\/it\/giocare\/el-gordo\/","og_site_name":"OnlineLotto365","article_modified_time":"2021-01-11T09:33:39+00:00","og_image":[{"url":"https:\/\/redfoxlotto.com\/image?size=8&amp;lottery=el-gordo-primitiva"}],"twitter_card":"summary_large_image","twitter_misc":{"Tempo di lettura stimato":"5 minuti"},"schema":{"@context":"https:\/\/schema.org","@graph":[{"@type":"WebPage","@id":"https:\/\/onlinelotto365.com\/it\/giocare\/el-gordo\/","url":"https:\/\/onlinelotto365.com\/it\/giocare\/el-gordo\/","name":"Gioca a El Gordo online da Italia | Posso partecipare a El Gordo se vivo in Italia","isPartOf":{"@id":"https:\/\/onlinelotto365.com\/it\/#website"},"primaryImageOfPage":{"@id":"https:\/\/onlinelotto365.com\/it\/giocare\/el-gordo\/#primaryimage"},"image":{"@id":"https:\/\/onlinelotto365.com\/it\/giocare\/el-gordo\/#primaryimage"},"thumbnailUrl":"https:\/\/redfoxlotto.com\/image?size=8&amp;lottery=el-gordo-primitiva","datePublished":"2020-12-18T12:41:12+00:00","dateModified":"2021-01-11T09:33:39+00:00","description":"Gioca qui a El Gordo Lotto - la pi\u00f9 grande lotteria spagnola, disponibile online dall'Italia","breadcrumb":{"@id":"https:\/\/onlinelotto365.com\/it\/giocare\/el-gordo\/#breadcrumb"},"inLanguage":"it-IT","potentialAction":[{"@type":"ReadAction","target":["https:\/\/onlinelotto365.com\/it\/giocare\/el-gordo\/"]}]},{"@type":"ImageObject","inLanguage":"it-IT","@id":"https:\/\/onlinelotto365.com\/it\/giocare\/el-gordo\/#primaryimage","url":"https:\/\/redfoxlotto.com\/image?size=8&amp;lottery=el-gordo-primitiva","contentUrl":"https:\/\/redfoxlotto.com\/image?size=8&amp;lottery=el-gordo-primitiva"},{"@type":"BreadcrumbList","@id":"https:\/\/onlinelotto365.com\/it\/giocare\/el-gordo\/#breadcrumb","itemListElement":[{"@type":"ListItem","position":1,"name":"Home","item":"https:\/\/onlinelotto365.com\/it\/"},{"@type":"ListItem","position":2,"name":"Tutto quello che devi sapere sulle tue opzioni per giocare alle migliori lotterie online","item":"https:\/\/onlinelotto365.com\/it\/giocare\/"},{"@type":"ListItem","position":3,"name":"Come possono partecipare a El Gordo i residenti in Italia?"}]},{"@type":"WebSite","@id":"https:\/\/onlinelotto365.com\/it\/#website","url":"https:\/\/onlinelotto365.com\/it\/","name":"OnlineLotto365","description":"","potentialAction":[{"@type":"SearchAction","target":{"@type":"EntryPoint","urlTemplate":"https:\/\/onlinelotto365.com\/it\/?s={search_term_string}"},"query-input":{"@type":"PropertyValueSpecification","valueRequired":true,"valueName":"search_term_string"}}],"inLanguage":"it-IT"}]}},"_links":{"self":[{"href":"https:\/\/onlinelotto365.com\/it\/wp-json\/wp\/v2\/pages\/11019","targetHints":{"allow":["GET"]}}],"collection":[{"href":"https:\/\/onlinelotto365.com\/it\/wp-json\/wp\/v2\/pages"}],"about":[{"href":"https:\/\/onlinelotto365.com\/it\/wp-json\/wp\/v2\/types\/page"}],"author":[{"embeddable":true,"href":"https:\/\/onlinelotto365.com\/it\/wp-json\/wp\/v2\/users\/1"}],"replies":[{"embeddable":true,"href":"https:\/\/onlinelotto365.com\/it\/wp-json\/wp\/v2\/comments?post=11019"}],"version-history":[{"count":0,"href":"https:\/\/onlinelotto365.com\/it\/wp-json\/wp\/v2\/pages\/11019\/revisions"}],"up":[{"embeddable":true,"href":"https:\/\/onlinelotto365.com\/it\/wp-json\/wp\/v2\/pages\/5021"}],"wp:attachment":[{"href":"https:\/\/onlinelotto365.com\/it\/wp-json\/wp\/v2\/media?parent=11019"}],"curies":[{"name":"wp","href":"https:\/\/api.w.org\/{rel}","templated":true}]}}