{"id":11021,"date":"2020-12-18T13:42:27","date_gmt":"2020-12-18T12:42:27","guid":{"rendered":"http:\/\/onlinelotto365.net\/?page_id=11021"},"modified":"2020-12-18T13:42:27","modified_gmt":"2020-12-18T12:42:27","slug":"la-primitiva","status":"publish","type":"page","link":"https:\/\/onlinelotto365.com\/it\/giocare\/la-primitiva\/","title":{"rendered":"Come giocare alla lotteria spagnola La Primitiva"},"content":{"rendered":"<p>A proposito di La Primitiva<\/p>\n<p>Questa lotteria spagnola \u00e8 anche conosciuta come El Gordo, anche se questo \u00e8 fuorviante. El Gordo \u00e8 infatti il \u200b\u200bsoprannome dell&#8217;edizione natalizia della lotteria La Primitiva. Mentre puoi giocare a La Primitiva tutto l&#8217;anno, El Gordo viene offerto solo per Natale. La Primitiva pu\u00f2 essere giocato online dai residenti nel Regno Unito attraverso il nostro sito web.<\/p>\n<p>Ci sono due estrazioni settimanali per La Primitiva. Le possibilit\u00e0 di vincere il jackpot sono relativamente alte perch\u00e9 non ci sono numeri extra.<\/p>\n<p>Paese: Spagna<br \/>\nGamma di numeri principali: 49<br \/>\nDevi selezionare: 6<br \/>\nGamma di numeri extra:<br \/>\nDevi selezionare: 1<br \/>\nGiorni, orari di estrazione: gioved\u00ec, sabato, 21:30 CET &#8211; 21:30 CET<br \/>\nIl jackpot parte da: 2 milioni di euro<br \/>\nIl jackpot \u00e8 limitato a: nessuno<br \/>\nPossibilit\u00e0 di vincere il jackpot: 1 su 15537573<br \/>\nPossibilit\u00e0 di vincere un secondo premio: 1 su 542008<br \/>\nPossibilit\u00e0 di vincere qualsiasi premio: 1 su 8,43<br \/>\nNumero di categorie di premi: 9<br \/>\nLe migliori caratteristiche di La Primitiva<\/p>\n<p>Come gi\u00e0 accennato, il fatto che devi giocare solo 6 numeri su 49, e nessun numero extra, significa che le tue probabilit\u00e0 di vincere il jackpot sono in realt\u00e0 abbastanza buone.<\/p>\n<p>Come controllare i risultati de La Primitiva<\/p>\n<p>Se hai acquistato il tuo biglietto online dall&#8217;Italia o da qualsiasi altro paese al di fuori della Spagna, trovare i numeri vincenti e l&#8217;importo dei premi pu\u00f2 essere difficile. Ma qui sul nostro sito web, pubblichiamo i risultati subito dopo l&#8217;estrazione dei numeri della lotteria La Primitiva. Puoi anche guardare il tuo biglietto nel tuo account giocatore, dove puoi vedere immediatamente quali numeri del tuo biglietto della lotteria corrispondono ai risultati dell&#8217;estrazione.<\/p>\n<p>Hai giocato a La Primitiva online e hai vinto: cosa succede dopo?<\/p>\n<p>Se il tuo biglietto ha vinto un premio inferiore a \u20ac 2500, l&#8217;importo del premio sar\u00e0 sul tuo conto giocatore subito dopo l&#8217;estrazione. Se vinci un premio pi\u00f9 alto, contatta il nostro team di assistenza. Ti aiuteranno a impostare un pagamento, direttamente sul tuo conto bancario o tramite assegno.<\/p>\n","protected":false},"excerpt":{"rendered":"<p>A proposito di La Primitiva Questa lotteria spagnola \u00e8 anche conosciuta come El Gordo, anche se questo \u00e8 fuorviante. El Gordo \u00e8 infatti il \u200b\u200bsoprannome dell&#8217;edizione natalizia della lotteria La Primitiva. Mentre puoi giocare a La Primitiva tutto l&#8217;anno, El Gordo viene offerto solo per Natale. La Primitiva pu\u00f2 essere giocato online dai residenti nel [&hellip;]<\/p>\n","protected":false},"author":1,"featured_media":0,"parent":5021,"menu_order":7,"comment_status":"closed","ping_status":"closed","template":"la-primitiva.php","meta":{"_et_pb_use_builder":"","_et_pb_old_content":"","_et_gb_content_width":"","exclude_from_search":false,"footnotes":""},"class_list":["post-11021","page","type-page","status-publish","hentry"],"yoast_head":"<!-- This site is optimized with the Yoast SEO plugin v23.4 - https:\/\/yoast.com\/wordpress\/plugins\/seo\/ -->\n<title>Giocare a La Primitiva Spagna on-line | La Primitiva da Italia<\/title>\n<meta name=\"description\" content=\"La lotteria spagnola La Primitiva pu\u00f2 ora essere giocata online dall&#039;Italia\" \/>\n<meta name=\"robots\" content=\"index, follow, max-snippet:-1, max-image-preview:large, max-video-preview:-1\" \/>\n<link rel=\"canonical\" href=\"https:\/\/onlinelotto365.com\/it\/giocare\/la-primitiva\/\" \/>\n<meta property=\"og:locale\" content=\"it_IT\" \/>\n<meta property=\"og:type\" content=\"article\" \/>\n<meta property=\"og:title\" content=\"Giocare a La Primitiva Spagna on-line | La Primitiva da Italia\" \/>\n<meta property=\"og:description\" content=\"La lotteria spagnola La Primitiva pu\u00f2 ora essere giocata online dall&#039;Italia\" \/>\n<meta property=\"og:url\" content=\"https:\/\/onlinelotto365.com\/it\/giocare\/la-primitiva\/\" \/>\n<meta property=\"og:site_name\" content=\"OnlineLotto365\" \/>\n<meta name=\"twitter:card\" content=\"summary_large_image\" \/>\n<meta name=\"twitter:label1\" content=\"Tempo di lettura stimato\" \/>\n\t<meta name=\"twitter:data1\" content=\"2 minuti\" \/>\n<script type=\"application\/ld+json\" class=\"yoast-schema-graph\">{\"@context\":\"https:\/\/schema.org\",\"@graph\":[{\"@type\":\"WebPage\",\"@id\":\"https:\/\/onlinelotto365.com\/it\/giocare\/la-primitiva\/\",\"url\":\"https:\/\/onlinelotto365.com\/it\/giocare\/la-primitiva\/\",\"name\":\"Giocare a La Primitiva Spagna on-line | La Primitiva da Italia\",\"isPartOf\":{\"@id\":\"https:\/\/onlinelotto365.com\/it\/#website\"},\"datePublished\":\"2020-12-18T12:42:27+00:00\",\"dateModified\":\"2020-12-18T12:42:27+00:00\",\"description\":\"La lotteria spagnola La Primitiva pu\u00f2 ora essere giocata online dall'Italia\",\"breadcrumb\":{\"@id\":\"https:\/\/onlinelotto365.com\/it\/giocare\/la-primitiva\/#breadcrumb\"},\"inLanguage\":\"it-IT\",\"potentialAction\":[{\"@type\":\"ReadAction\",\"target\":[\"https:\/\/onlinelotto365.com\/it\/giocare\/la-primitiva\/\"]}]},{\"@type\":\"BreadcrumbList\",\"@id\":\"https:\/\/onlinelotto365.com\/it\/giocare\/la-primitiva\/#breadcrumb\",\"itemListElement\":[{\"@type\":\"ListItem\",\"position\":1,\"name\":\"Home\",\"item\":\"https:\/\/onlinelotto365.com\/it\/\"},{\"@type\":\"ListItem\",\"position\":2,\"name\":\"Tutto quello che devi sapere sulle tue opzioni per giocare alle migliori lotterie online\",\"item\":\"https:\/\/onlinelotto365.com\/it\/giocare\/\"},{\"@type\":\"ListItem\",\"position\":3,\"name\":\"Come giocare alla lotteria spagnola La Primitiva\"}]},{\"@type\":\"WebSite\",\"@id\":\"https:\/\/onlinelotto365.com\/it\/#website\",\"url\":\"https:\/\/onlinelotto365.com\/it\/\",\"name\":\"OnlineLotto365\",\"description\":\"\",\"potentialAction\":[{\"@type\":\"SearchAction\",\"target\":{\"@type\":\"EntryPoint\",\"urlTemplate\":\"https:\/\/onlinelotto365.com\/it\/?s={search_term_string}\"},\"query-input\":{\"@type\":\"PropertyValueSpecification\",\"valueRequired\":true,\"valueName\":\"search_term_string\"}}],\"inLanguage\":\"it-IT\"}]}<\/script>\n<!-- \/ Yoast SEO plugin. -->","yoast_head_json":{"title":"Giocare a La Primitiva Spagna on-line | La Primitiva da Italia","description":"La lotteria spagnola La Primitiva pu\u00f2 ora essere giocata online dall'Italia","robots":{"index":"index","follow":"follow","max-snippet":"max-snippet:-1","max-image-preview":"max-image-preview:large","max-video-preview":"max-video-preview:-1"},"canonical":"https:\/\/onlinelotto365.com\/it\/giocare\/la-primitiva\/","og_locale":"it_IT","og_type":"article","og_title":"Giocare a La Primitiva Spagna on-line | La Primitiva da Italia","og_description":"La lotteria spagnola La Primitiva pu\u00f2 ora essere giocata online dall'Italia","og_url":"https:\/\/onlinelotto365.com\/it\/giocare\/la-primitiva\/","og_site_name":"OnlineLotto365","twitter_card":"summary_large_image","twitter_misc":{"Tempo di lettura stimato":"2 minuti"},"schema":{"@context":"https:\/\/schema.org","@graph":[{"@type":"WebPage","@id":"https:\/\/onlinelotto365.com\/it\/giocare\/la-primitiva\/","url":"https:\/\/onlinelotto365.com\/it\/giocare\/la-primitiva\/","name":"Giocare a La Primitiva Spagna on-line | La Primitiva da Italia","isPartOf":{"@id":"https:\/\/onlinelotto365.com\/it\/#website"},"datePublished":"2020-12-18T12:42:27+00:00","dateModified":"2020-12-18T12:42:27+00:00","description":"La lotteria spagnola La Primitiva pu\u00f2 ora essere giocata online dall'Italia","breadcrumb":{"@id":"https:\/\/onlinelotto365.com\/it\/giocare\/la-primitiva\/#breadcrumb"},"inLanguage":"it-IT","potentialAction":[{"@type":"ReadAction","target":["https:\/\/onlinelotto365.com\/it\/giocare\/la-primitiva\/"]}]},{"@type":"BreadcrumbList","@id":"https:\/\/onlinelotto365.com\/it\/giocare\/la-primitiva\/#breadcrumb","itemListElement":[{"@type":"ListItem","position":1,"name":"Home","item":"https:\/\/onlinelotto365.com\/it\/"},{"@type":"ListItem","position":2,"name":"Tutto quello che devi sapere sulle tue opzioni per giocare alle migliori lotterie online","item":"https:\/\/onlinelotto365.com\/it\/giocare\/"},{"@type":"ListItem","position":3,"name":"Come giocare alla lotteria spagnola La Primitiva"}]},{"@type":"WebSite","@id":"https:\/\/onlinelotto365.com\/it\/#website","url":"https:\/\/onlinelotto365.com\/it\/","name":"OnlineLotto365","description":"","potentialAction":[{"@type":"SearchAction","target":{"@type":"EntryPoint","urlTemplate":"https:\/\/onlinelotto365.com\/it\/?s={search_term_string}"},"query-input":{"@type":"PropertyValueSpecification","valueRequired":true,"valueName":"search_term_string"}}],"inLanguage":"it-IT"}]}},"_links":{"self":[{"href":"https:\/\/onlinelotto365.com\/it\/wp-json\/wp\/v2\/pages\/11021","targetHints":{"allow":["GET"]}}],"collection":[{"href":"https:\/\/onlinelotto365.com\/it\/wp-json\/wp\/v2\/pages"}],"about":[{"href":"https:\/\/onlinelotto365.com\/it\/wp-json\/wp\/v2\/types\/page"}],"author":[{"embeddable":true,"href":"https:\/\/onlinelotto365.com\/it\/wp-json\/wp\/v2\/users\/1"}],"replies":[{"embeddable":true,"href":"https:\/\/onlinelotto365.com\/it\/wp-json\/wp\/v2\/comments?post=11021"}],"version-history":[{"count":0,"href":"https:\/\/onlinelotto365.com\/it\/wp-json\/wp\/v2\/pages\/11021\/revisions"}],"up":[{"embeddable":true,"href":"https:\/\/onlinelotto365.com\/it\/wp-json\/wp\/v2\/pages\/5021"}],"wp:attachment":[{"href":"https:\/\/onlinelotto365.com\/it\/wp-json\/wp\/v2\/media?parent=11021"}],"curies":[{"name":"wp","href":"https:\/\/api.w.org\/{rel}","templated":true}]}}