{"id":11023,"date":"2020-12-18T13:43:34","date_gmt":"2020-12-18T12:43:34","guid":{"rendered":"http:\/\/onlinelotto365.net\/?page_id=11023"},"modified":"2021-01-11T09:57:59","modified_gmt":"2021-01-11T08:57:59","slug":"bonoloto","status":"publish","type":"page","link":"https:\/\/onlinelotto365.com\/it\/giocare\/bonoloto\/","title":{"rendered":"Bonoloto ora disponibile ovunque"},"content":{"rendered":"<h2>Come giocare a BonoLoto online<\/h2>\n<p>Giocare a BonoLoto \u00e8 pi\u00f9 facile di quanto potresti pensare. Tutto quello che devi fare \u00e8 sapere da dove iniziare e <strong> dove acquistare i tuoi biglietti <\/strong>. E il posto migliore in cui puoi fare esattamente questo \u00e8 con noi e pochi semplici passaggi.<\/p>\n<p>Il nostro sistema si assicura che tu ti prenda cura di te dall&#8217;inizio alla fine. Tutto quello che devi fare \u00e8 <strong> creare un account completamente gratuito <\/strong> e sei sulla buona strada. Sarai in grado di scegliere tra tutti i diversi giochi del lotto che abbiamo a disposizione e scegliere i biglietti e i numeri specifici che desideri. Quindi puoi pagare con il tuo metodo di pagamento preferito e il gioco \u00e8 fatto.<\/p>\n<p>Tutto quello che devi fare \u00e8 dare un <a href=\"https:\/\/onlinelotto365.com\/it\/buy-tickets\"> guardare i diversi giochi del lotto che abbiamo a disposizione <\/a> e selezionare quello corretto (BonoLoto). Da l\u00ec, scegli i numeri che vuoi giocare. Se ne scegli troppi o troppo pochi non importa, il nostro sistema ti avviser\u00e0 solo di ci\u00f2 che devi fare in modo da poter correggere il tuo biglietto. Oppure puoi scegliere di lasciare che il computer ti assegni dei numeri in modo casuale.<\/p>\n<p>Una volta che hai i biglietti che desideri per BonoLoto, puoi scegliere di aggiungere anche i biglietti di altri giochi. Sar\u00e0 semplicissimo e ci vorranno solo pochi minuti. Attendi che l&#8217;email di verifica arrivi nell&#8217;email che ci fornisci e fai clic sul collegamento. \u00c8 tutto ci\u00f2 che serve e il tuo account verr\u00e0 configurato. In questo modo, puoi continuare ad acquistare i biglietti.<\/p>\n<p>Assicurati di controllare il link di verifica nella tua normale casella di posta elettronica e nella cartella dello spam solo per essere sicuro. Se non siamo nella tua rubrica, potresti non vedere l&#8217;email nella normale cartella del tuo account.<br \/>\n<a href=\"https:\/\/redfoxlotto.com\/it\/bonoloto\/?ref=a8564250a2&amp;medium=ol365\" target=\"_blank\" rel=\"noopener noreferrer\"> <img decoding=\"async\" class=\"aligncenter\" src=\"https:\/\/redfoxlotto.com\/image?size=8&amp;lottery=bonoloto\" alt=\"Bono Lotto\" \/> <\/a><\/p>\n<h2>Informazioni su BonoLoto<\/h2>\n<ul>\n<li style=\"list-style-type: none;\">\n<ul>\n<li>Paese: Spagna<\/li>\n<li>Intervallo di numeri principali: 49<\/li>\n<li>Devi selezionare: 6<\/li>\n<li>Giorni, orari di estrazione: tutti i giorni tranne la domenica, 21:30 CET &#8211; 21:30 CET<\/li>\n<li>Jackpot a partire da: \u20ac 400.000<\/li>\n<li>Il jackpot \u00e8 limitato a: nessuno<\/li>\n<li>Possibilit\u00e0 di vincere il jackpot: 1 su 13983816<\/li>\n<li>Possibilit\u00e0 di vincere il secondo premio: 1 su 2330636<\/li>\n<li>Possibilit\u00e0 di vincere qualsiasi premio: 1 su 8,43<\/li>\n<li>Numero di categorie di premi: 6<\/li>\n<\/ul>\n<\/li>\n<\/ul>\n<h2>Le migliori caratteristiche di BonoLoto<\/h2>\n<p>BonoLoto \u00e8 in circolazione da un po &#8216;di tempo e durante quel periodo ha ricevuto molti premi. Ancora meglio, ha quattro diversi disegni ogni settimana ed \u00e8 stato originariamente creato per essere un&#8217;opzione conveniente. Lo \u00e8 ancora e puoi vincere una quota del 55% delle entrate in premi totali.<\/p>\n<h2>Come controllare i risultati di BonoLoto <img loading=\"lazy\" decoding=\"async\" class=\"alignright wp-image-3656\" src=\"https:\/\/onlinelotto365.com\/wp-content\/uploads\/2020\/11\/online_lottery-16-300x200.jpg\" alt=\"riproduci bonoloto online\" width=\"215\" height=\"143\" srcset=\"https:\/\/onlinelotto365.com\/wp-content\/uploads\/2020\/11\/online_lottery-16-300x200.jpg 300w, https:\/\/onlinelotto365.com\/wp-content\/uploads\/2020\/11\/online_lottery-16.jpg 320w\" sizes=\"auto, (max-width: 215px) 100vw, 215px\" \/><\/h2>\n<p>Sei pronto a vedere quali sono i <a href=\"https:\/\/onlinelotto365.com\/it\/numeri-vincenti\"> numeri vincenti <\/a> per BonoLoto? Bene, in realt\u00e0 \u00e8 abbastanza semplice perch\u00e9 tutto ci\u00f2 che devi fare \u00e8 andare sul sito ufficiale di BonoLoto. Oppure puoi scegliere di controllare i tuoi giornali locali e le stazioni televisive. Questi posti riportano tutti i numeri vincenti.<br \/>\nMa il posto migliore dove andare \u00e8 sicuramente il posto in cui hai acquistato il biglietto, che \u00e8 proprio qui. Sarai in grado di vedere i numeri vincenti, i tuoi numeri e il loro confronto. In questo modo, puoi anche vedere immediatamente le tue vincite.<\/p>\n<h2>Hai giocato a BonoLoto online e hai vinto: cosa succede dopo?<\/h2>\n<ul>\n<li>Se vinci meno di \u20ac 2500 non devi fare nulla. Questo perch\u00e9 rivendichiamo il denaro per te e lo depositiamo direttamente sul tuo account. Sar\u00e0 l\u00ec per te da usare come e quando vuoi. Oppure puoi prelevarlo sul tuo normale conto bancario se hai almeno \u20ac 10.<\/li>\n<li>Se hai vinto pi\u00f9 di \u20ac 2500, dovrai aspettare di sentire il nostro team di supporto perch\u00e9 c&#8217;\u00e8 un po &#8216;pi\u00f9 di coinvolgimento per te per ottenere le tue vincite. Fortunatamente, ti aiutiamo con il processo e ti aiutiamo subito a iniziare in modo che tu possa ricevere i tuoi soldi tramite assegno o direttamente sul tuo account.<\/li>\n<\/ul>\n","protected":false},"excerpt":{"rendered":"<p>Come giocare a BonoLoto online Giocare a BonoLoto \u00e8 pi\u00f9 facile di quanto potresti pensare. Tutto quello che devi fare \u00e8 sapere da dove iniziare e dove acquistare i tuoi biglietti . E il posto migliore in cui puoi fare esattamente questo \u00e8 con noi e pochi semplici passaggi. Il nostro sistema si assicura che [&hellip;]<\/p>\n","protected":false},"author":1,"featured_media":0,"parent":5021,"menu_order":8,"comment_status":"closed","ping_status":"closed","template":"","meta":{"_et_pb_use_builder":"","_et_pb_old_content":"","_et_gb_content_width":"","exclude_from_search":false,"footnotes":""},"class_list":["post-11023","page","type-page","status-publish","hentry"],"yoast_head":"<!-- This site is optimized with the Yoast SEO plugin v23.4 - https:\/\/yoast.com\/wordpress\/plugins\/seo\/ -->\n<title>Come giocare a BonoLoto se vivi in Italia<\/title>\n<meta name=\"description\" content=\"Ordina legalmente i biglietti per giocare a Bonoloto qui sul nostro sito web\" \/>\n<meta name=\"robots\" content=\"index, follow, max-snippet:-1, max-image-preview:large, max-video-preview:-1\" \/>\n<link rel=\"canonical\" href=\"https:\/\/onlinelotto365.com\/it\/giocare\/bonoloto\/\" \/>\n<meta property=\"og:locale\" content=\"it_IT\" \/>\n<meta property=\"og:type\" content=\"article\" \/>\n<meta property=\"og:title\" content=\"Come giocare a BonoLoto se vivi in Italia\" \/>\n<meta property=\"og:description\" content=\"Ordina legalmente i biglietti per giocare a Bonoloto qui sul nostro sito web\" \/>\n<meta property=\"og:url\" content=\"https:\/\/onlinelotto365.com\/it\/giocare\/bonoloto\/\" \/>\n<meta property=\"og:site_name\" content=\"OnlineLotto365\" \/>\n<meta property=\"article:modified_time\" content=\"2021-01-11T08:57:59+00:00\" \/>\n<meta property=\"og:image\" content=\"https:\/\/redfoxlotto.com\/image?size=8&amp;lottery=bonoloto\" \/>\n<meta name=\"twitter:card\" content=\"summary_large_image\" \/>\n<meta name=\"twitter:label1\" content=\"Tempo di lettura stimato\" \/>\n\t<meta name=\"twitter:data1\" content=\"3 minuti\" \/>\n<script type=\"application\/ld+json\" class=\"yoast-schema-graph\">{\"@context\":\"https:\/\/schema.org\",\"@graph\":[{\"@type\":\"WebPage\",\"@id\":\"https:\/\/onlinelotto365.com\/it\/giocare\/bonoloto\/\",\"url\":\"https:\/\/onlinelotto365.com\/it\/giocare\/bonoloto\/\",\"name\":\"Come giocare a BonoLoto se vivi in Italia\",\"isPartOf\":{\"@id\":\"https:\/\/onlinelotto365.com\/it\/#website\"},\"primaryImageOfPage\":{\"@id\":\"https:\/\/onlinelotto365.com\/it\/giocare\/bonoloto\/#primaryimage\"},\"image\":{\"@id\":\"https:\/\/onlinelotto365.com\/it\/giocare\/bonoloto\/#primaryimage\"},\"thumbnailUrl\":\"https:\/\/redfoxlotto.com\/image?size=8&amp;lottery=bonoloto\",\"datePublished\":\"2020-12-18T12:43:34+00:00\",\"dateModified\":\"2021-01-11T08:57:59+00:00\",\"description\":\"Ordina legalmente i biglietti per giocare a Bonoloto qui sul nostro sito web\",\"breadcrumb\":{\"@id\":\"https:\/\/onlinelotto365.com\/it\/giocare\/bonoloto\/#breadcrumb\"},\"inLanguage\":\"it-IT\",\"potentialAction\":[{\"@type\":\"ReadAction\",\"target\":[\"https:\/\/onlinelotto365.com\/it\/giocare\/bonoloto\/\"]}]},{\"@type\":\"ImageObject\",\"inLanguage\":\"it-IT\",\"@id\":\"https:\/\/onlinelotto365.com\/it\/giocare\/bonoloto\/#primaryimage\",\"url\":\"https:\/\/redfoxlotto.com\/image?size=8&amp;lottery=bonoloto\",\"contentUrl\":\"https:\/\/redfoxlotto.com\/image?size=8&amp;lottery=bonoloto\"},{\"@type\":\"BreadcrumbList\",\"@id\":\"https:\/\/onlinelotto365.com\/it\/giocare\/bonoloto\/#breadcrumb\",\"itemListElement\":[{\"@type\":\"ListItem\",\"position\":1,\"name\":\"Home\",\"item\":\"https:\/\/onlinelotto365.com\/it\/\"},{\"@type\":\"ListItem\",\"position\":2,\"name\":\"Tutto quello che devi sapere sulle tue opzioni per giocare alle migliori lotterie online\",\"item\":\"https:\/\/onlinelotto365.com\/it\/giocare\/\"},{\"@type\":\"ListItem\",\"position\":3,\"name\":\"Bonoloto ora disponibile ovunque\"}]},{\"@type\":\"WebSite\",\"@id\":\"https:\/\/onlinelotto365.com\/it\/#website\",\"url\":\"https:\/\/onlinelotto365.com\/it\/\",\"name\":\"OnlineLotto365\",\"description\":\"\",\"potentialAction\":[{\"@type\":\"SearchAction\",\"target\":{\"@type\":\"EntryPoint\",\"urlTemplate\":\"https:\/\/onlinelotto365.com\/it\/?s={search_term_string}\"},\"query-input\":{\"@type\":\"PropertyValueSpecification\",\"valueRequired\":true,\"valueName\":\"search_term_string\"}}],\"inLanguage\":\"it-IT\"}]}<\/script>\n<!-- \/ Yoast SEO plugin. -->","yoast_head_json":{"title":"Come giocare a BonoLoto se vivi in Italia","description":"Ordina legalmente i biglietti per giocare a Bonoloto qui sul nostro sito web","robots":{"index":"index","follow":"follow","max-snippet":"max-snippet:-1","max-image-preview":"max-image-preview:large","max-video-preview":"max-video-preview:-1"},"canonical":"https:\/\/onlinelotto365.com\/it\/giocare\/bonoloto\/","og_locale":"it_IT","og_type":"article","og_title":"Come giocare a BonoLoto se vivi in Italia","og_description":"Ordina legalmente i biglietti per giocare a Bonoloto qui sul nostro sito web","og_url":"https:\/\/onlinelotto365.com\/it\/giocare\/bonoloto\/","og_site_name":"OnlineLotto365","article_modified_time":"2021-01-11T08:57:59+00:00","og_image":[{"url":"https:\/\/redfoxlotto.com\/image?size=8&amp;lottery=bonoloto"}],"twitter_card":"summary_large_image","twitter_misc":{"Tempo di lettura stimato":"3 minuti"},"schema":{"@context":"https:\/\/schema.org","@graph":[{"@type":"WebPage","@id":"https:\/\/onlinelotto365.com\/it\/giocare\/bonoloto\/","url":"https:\/\/onlinelotto365.com\/it\/giocare\/bonoloto\/","name":"Come giocare a BonoLoto se vivi in Italia","isPartOf":{"@id":"https:\/\/onlinelotto365.com\/it\/#website"},"primaryImageOfPage":{"@id":"https:\/\/onlinelotto365.com\/it\/giocare\/bonoloto\/#primaryimage"},"image":{"@id":"https:\/\/onlinelotto365.com\/it\/giocare\/bonoloto\/#primaryimage"},"thumbnailUrl":"https:\/\/redfoxlotto.com\/image?size=8&amp;lottery=bonoloto","datePublished":"2020-12-18T12:43:34+00:00","dateModified":"2021-01-11T08:57:59+00:00","description":"Ordina legalmente i biglietti per giocare a Bonoloto qui sul nostro sito web","breadcrumb":{"@id":"https:\/\/onlinelotto365.com\/it\/giocare\/bonoloto\/#breadcrumb"},"inLanguage":"it-IT","potentialAction":[{"@type":"ReadAction","target":["https:\/\/onlinelotto365.com\/it\/giocare\/bonoloto\/"]}]},{"@type":"ImageObject","inLanguage":"it-IT","@id":"https:\/\/onlinelotto365.com\/it\/giocare\/bonoloto\/#primaryimage","url":"https:\/\/redfoxlotto.com\/image?size=8&amp;lottery=bonoloto","contentUrl":"https:\/\/redfoxlotto.com\/image?size=8&amp;lottery=bonoloto"},{"@type":"BreadcrumbList","@id":"https:\/\/onlinelotto365.com\/it\/giocare\/bonoloto\/#breadcrumb","itemListElement":[{"@type":"ListItem","position":1,"name":"Home","item":"https:\/\/onlinelotto365.com\/it\/"},{"@type":"ListItem","position":2,"name":"Tutto quello che devi sapere sulle tue opzioni per giocare alle migliori lotterie online","item":"https:\/\/onlinelotto365.com\/it\/giocare\/"},{"@type":"ListItem","position":3,"name":"Bonoloto ora disponibile ovunque"}]},{"@type":"WebSite","@id":"https:\/\/onlinelotto365.com\/it\/#website","url":"https:\/\/onlinelotto365.com\/it\/","name":"OnlineLotto365","description":"","potentialAction":[{"@type":"SearchAction","target":{"@type":"EntryPoint","urlTemplate":"https:\/\/onlinelotto365.com\/it\/?s={search_term_string}"},"query-input":{"@type":"PropertyValueSpecification","valueRequired":true,"valueName":"search_term_string"}}],"inLanguage":"it-IT"}]}},"_links":{"self":[{"href":"https:\/\/onlinelotto365.com\/it\/wp-json\/wp\/v2\/pages\/11023","targetHints":{"allow":["GET"]}}],"collection":[{"href":"https:\/\/onlinelotto365.com\/it\/wp-json\/wp\/v2\/pages"}],"about":[{"href":"https:\/\/onlinelotto365.com\/it\/wp-json\/wp\/v2\/types\/page"}],"author":[{"embeddable":true,"href":"https:\/\/onlinelotto365.com\/it\/wp-json\/wp\/v2\/users\/1"}],"replies":[{"embeddable":true,"href":"https:\/\/onlinelotto365.com\/it\/wp-json\/wp\/v2\/comments?post=11023"}],"version-history":[{"count":0,"href":"https:\/\/onlinelotto365.com\/it\/wp-json\/wp\/v2\/pages\/11023\/revisions"}],"up":[{"embeddable":true,"href":"https:\/\/onlinelotto365.com\/it\/wp-json\/wp\/v2\/pages\/5021"}],"wp:attachment":[{"href":"https:\/\/onlinelotto365.com\/it\/wp-json\/wp\/v2\/media?parent=11023"}],"curies":[{"name":"wp","href":"https:\/\/api.w.org\/{rel}","templated":true}]}}