{"id":11025,"date":"2020-12-18T13:44:43","date_gmt":"2020-12-18T12:44:43","guid":{"rendered":"http:\/\/onlinelotto365.net\/?page_id=11025"},"modified":"2020-12-30T12:28:10","modified_gmt":"2020-12-30T11:28:10","slug":"uk-lottery","status":"publish","type":"page","link":"https:\/\/onlinelotto365.com\/it\/giocare\/uk-lottery\/","title":{"rendered":"Come possono i residenti in Italia giocare alla Lotteria del Regno Unito online?"},"content":{"rendered":"<h2>Informazioni sulla lotteria del Regno Unito<\/h2>\n<p>Con sei numeri da scegliere tra 59 e nessun numero aggiuntivo, le probabilit\u00e0 di vincita sono accettabili rispetto a <a href=\"https:\/\/onlinelotto365.com\/it\/giocare\/powerball\"> Powerball <\/a> o <a href=\"https:\/\/onlinelotto365.com\/it\/giocare\/mega-millions\"> Mega Millions <\/a>. Se hai correttamente 5 numeri su 6, hai 2,5 milioni di sterline britanniche garantiti e con tutti e sei sei un vincitore del jackpot. <strong> A meno che tu non viva nel Regno Unito, giocare online tramite il nostro servizio \u00e8 la tua unica opzione per partecipare. <\/strong><\/p>\n<ul>\n<li>Paese: Regno Unito<\/li>\n<li>Intervallo di numeri principali: 59<\/li>\n<li>Scegli tu: 6<\/li>\n<li>Intervallo di numeri extra: nessuno<\/li>\n<li>Scegli tu: nessuno<\/li>\n<li>Giorni e orari dell&#8217;estrazione: mercoled\u00ec, sabato 19:30 UTC, 19:30 CET<\/li>\n<li>Jackpot minimo: 2,5 milioni di GBP<\/li>\n<li>Jackpot massimo: 22 milioni di GBP<\/li>\n<li>Probabilit\u00e0 di vincere il jackpot: 1 su 45.057.474<\/li>\n<li>Probabilit\u00e0 di vittoria di livello 2: 1 su 7.509.579<\/li>\n<li>Probabilit\u00e0 di vincere in qualsiasi livello: 1 su 9,27<\/li>\n<li>Numero di livelli di premio: 6<\/li>\n<\/ul>\n<p><a href=\"https:\/\/redfoxlotto.com\/it\/lotto-uk\/?ref=a8564250a2&amp;medium=ol365\" target=\"_blank\" rel=\"noopener noreferrer\"> <img decoding=\"async\" class=\"aligncenter\" src=\" https:\/\/redfoxlotto.com\/image?size=8&amp;lottery=lotto-uk \" alt=\" UK lottery \" width=\" 720 \" height=\" 90 \" \/> <\/a><\/p>\n<h2>Perch\u00e9 i jackpot della lotteria del Regno Unito di solito sono piuttosto bassi?<\/h2>\n<p>Bene, per il semplice fatto che il jackpot per la lotteria italiana pu\u00f2 essere rinnovato solo 5 volte. Dopodich\u00e9, il jackpot pu\u00f2 essere vinto solo con 5 su sei numeri sul tuo biglietto della lotteria. Considerando questa regola, avrebbe senso giocare a questa lotteria ogni volta che il jackpot non \u00e8 stato vinto cinque volte di seguito. A quel punto, hai probabilit\u00e0 molto migliori di vincere il primo premio. Quel primo premio dovrebbe essere abbastanza grande da metterti in una posizione in cui non devi preoccuparti dei soldi per il resto della tua vita.<\/p>\n<p>Tuttavia, c&#8217;\u00e8 una buona probabilit\u00e0 che, dopo cinque rollover, il <a href=\"https:\/\/onlinelotto365.com\/it\/news\/i-piu-grandi-jackpot-della-lotteria-nella-storia\"> jackpot <\/a> debba essere diviso tra pi\u00f9 vincitori. Con le probabilit\u00e0 pi\u00f9 basse e pi\u00f9 persone che giocano, potrebbe esserci pi\u00f9 di un vincitore per la seconda categoria di premi.<\/p>\n<h2>Non vuoi dividere il jackpot?<\/h2>\n<p>Esiste una strategia della lotteria per evitare di dividere il primo premio: scegli una <strong> combinazione di numeri che sembra meno probabile che venga scelta anche da altri giocatori <\/strong>. Ad esempio, usa meno numeri tra 1 e 31 (ci sono troppi giocatori che usano le date di nascita come numeri fortunati), oppure usa 3 numeri tra 30 e 40 e tre numeri tra 50 e 56. Usa la tua immaginazione per inventare pi\u00f9 &#8220;dispari &#8220;numeri.<\/p>\n<p>&nbsp;<\/p>\n","protected":false},"excerpt":{"rendered":"<p>Informazioni sulla lotteria del Regno Unito Con sei numeri da scegliere tra 59 e nessun numero aggiuntivo, le probabilit\u00e0 di vincita sono accettabili rispetto a Powerball o Mega Millions . Se hai correttamente 5 numeri su 6, hai 2,5 milioni di sterline britanniche garantiti e con tutti e sei sei un vincitore del jackpot. A [&hellip;]<\/p>\n","protected":false},"author":1,"featured_media":0,"parent":5021,"menu_order":9,"comment_status":"closed","ping_status":"closed","template":"lotto-uk.php","meta":{"_et_pb_use_builder":"","_et_pb_old_content":"","_et_gb_content_width":"","exclude_from_search":false,"footnotes":""},"class_list":["post-11025","page","type-page","status-publish","hentry"],"yoast_head":"<!-- This site is optimized with the Yoast SEO plugin v23.4 - https:\/\/yoast.com\/wordpress\/plugins\/seo\/ -->\n<title>Gioca alla Lotteria UK online dall&#039;Italia | Posso partecipare al Lotto UK se vivo in Italia<\/title>\n<meta name=\"description\" content=\"Partecipare alla lotteria del Regno Unito da altri paesi come l&#039;Italia \u00e8 facile ora con il nostro servizio online\" \/>\n<meta name=\"robots\" content=\"index, follow, max-snippet:-1, max-image-preview:large, max-video-preview:-1\" \/>\n<link rel=\"canonical\" href=\"https:\/\/onlinelotto365.com\/it\/giocare\/uk-lottery\/\" \/>\n<meta property=\"og:locale\" content=\"it_IT\" \/>\n<meta property=\"og:type\" content=\"article\" \/>\n<meta property=\"og:title\" content=\"Gioca alla Lotteria UK online dall&#039;Italia | Posso partecipare al Lotto UK se vivo in Italia\" \/>\n<meta property=\"og:description\" content=\"Partecipare alla lotteria del Regno Unito da altri paesi come l&#039;Italia \u00e8 facile ora con il nostro servizio online\" \/>\n<meta property=\"og:url\" content=\"https:\/\/onlinelotto365.com\/it\/giocare\/uk-lottery\/\" \/>\n<meta property=\"og:site_name\" content=\"OnlineLotto365\" \/>\n<meta property=\"article:modified_time\" content=\"2020-12-30T11:28:10+00:00\" \/>\n<meta name=\"twitter:card\" content=\"summary_large_image\" \/>\n<meta name=\"twitter:label1\" content=\"Tempo di lettura stimato\" \/>\n\t<meta name=\"twitter:data1\" content=\"2 minuti\" \/>\n<script type=\"application\/ld+json\" class=\"yoast-schema-graph\">{\"@context\":\"https:\/\/schema.org\",\"@graph\":[{\"@type\":\"WebPage\",\"@id\":\"https:\/\/onlinelotto365.com\/it\/giocare\/uk-lottery\/\",\"url\":\"https:\/\/onlinelotto365.com\/it\/giocare\/uk-lottery\/\",\"name\":\"Gioca alla Lotteria UK online dall'Italia | Posso partecipare al Lotto UK se vivo in Italia\",\"isPartOf\":{\"@id\":\"https:\/\/onlinelotto365.com\/it\/#website\"},\"datePublished\":\"2020-12-18T12:44:43+00:00\",\"dateModified\":\"2020-12-30T11:28:10+00:00\",\"description\":\"Partecipare alla lotteria del Regno Unito da altri paesi come l'Italia \u00e8 facile ora con il nostro servizio online\",\"breadcrumb\":{\"@id\":\"https:\/\/onlinelotto365.com\/it\/giocare\/uk-lottery\/#breadcrumb\"},\"inLanguage\":\"it-IT\",\"potentialAction\":[{\"@type\":\"ReadAction\",\"target\":[\"https:\/\/onlinelotto365.com\/it\/giocare\/uk-lottery\/\"]}]},{\"@type\":\"BreadcrumbList\",\"@id\":\"https:\/\/onlinelotto365.com\/it\/giocare\/uk-lottery\/#breadcrumb\",\"itemListElement\":[{\"@type\":\"ListItem\",\"position\":1,\"name\":\"Home\",\"item\":\"https:\/\/onlinelotto365.com\/it\/\"},{\"@type\":\"ListItem\",\"position\":2,\"name\":\"Tutto quello che devi sapere sulle tue opzioni per giocare alle migliori lotterie online\",\"item\":\"https:\/\/onlinelotto365.com\/it\/giocare\/\"},{\"@type\":\"ListItem\",\"position\":3,\"name\":\"Come possono i residenti in Italia giocare alla Lotteria del Regno Unito online?\"}]},{\"@type\":\"WebSite\",\"@id\":\"https:\/\/onlinelotto365.com\/it\/#website\",\"url\":\"https:\/\/onlinelotto365.com\/it\/\",\"name\":\"OnlineLotto365\",\"description\":\"\",\"potentialAction\":[{\"@type\":\"SearchAction\",\"target\":{\"@type\":\"EntryPoint\",\"urlTemplate\":\"https:\/\/onlinelotto365.com\/it\/?s={search_term_string}\"},\"query-input\":{\"@type\":\"PropertyValueSpecification\",\"valueRequired\":true,\"valueName\":\"search_term_string\"}}],\"inLanguage\":\"it-IT\"}]}<\/script>\n<!-- \/ Yoast SEO plugin. -->","yoast_head_json":{"title":"Gioca alla Lotteria UK online dall'Italia | Posso partecipare al Lotto UK se vivo in Italia","description":"Partecipare alla lotteria del Regno Unito da altri paesi come l'Italia \u00e8 facile ora con il nostro servizio online","robots":{"index":"index","follow":"follow","max-snippet":"max-snippet:-1","max-image-preview":"max-image-preview:large","max-video-preview":"max-video-preview:-1"},"canonical":"https:\/\/onlinelotto365.com\/it\/giocare\/uk-lottery\/","og_locale":"it_IT","og_type":"article","og_title":"Gioca alla Lotteria UK online dall'Italia | Posso partecipare al Lotto UK se vivo in Italia","og_description":"Partecipare alla lotteria del Regno Unito da altri paesi come l'Italia \u00e8 facile ora con il nostro servizio online","og_url":"https:\/\/onlinelotto365.com\/it\/giocare\/uk-lottery\/","og_site_name":"OnlineLotto365","article_modified_time":"2020-12-30T11:28:10+00:00","twitter_card":"summary_large_image","twitter_misc":{"Tempo di lettura stimato":"2 minuti"},"schema":{"@context":"https:\/\/schema.org","@graph":[{"@type":"WebPage","@id":"https:\/\/onlinelotto365.com\/it\/giocare\/uk-lottery\/","url":"https:\/\/onlinelotto365.com\/it\/giocare\/uk-lottery\/","name":"Gioca alla Lotteria UK online dall'Italia | Posso partecipare al Lotto UK se vivo in Italia","isPartOf":{"@id":"https:\/\/onlinelotto365.com\/it\/#website"},"datePublished":"2020-12-18T12:44:43+00:00","dateModified":"2020-12-30T11:28:10+00:00","description":"Partecipare alla lotteria del Regno Unito da altri paesi come l'Italia \u00e8 facile ora con il nostro servizio online","breadcrumb":{"@id":"https:\/\/onlinelotto365.com\/it\/giocare\/uk-lottery\/#breadcrumb"},"inLanguage":"it-IT","potentialAction":[{"@type":"ReadAction","target":["https:\/\/onlinelotto365.com\/it\/giocare\/uk-lottery\/"]}]},{"@type":"BreadcrumbList","@id":"https:\/\/onlinelotto365.com\/it\/giocare\/uk-lottery\/#breadcrumb","itemListElement":[{"@type":"ListItem","position":1,"name":"Home","item":"https:\/\/onlinelotto365.com\/it\/"},{"@type":"ListItem","position":2,"name":"Tutto quello che devi sapere sulle tue opzioni per giocare alle migliori lotterie online","item":"https:\/\/onlinelotto365.com\/it\/giocare\/"},{"@type":"ListItem","position":3,"name":"Come possono i residenti in Italia giocare alla Lotteria del Regno Unito online?"}]},{"@type":"WebSite","@id":"https:\/\/onlinelotto365.com\/it\/#website","url":"https:\/\/onlinelotto365.com\/it\/","name":"OnlineLotto365","description":"","potentialAction":[{"@type":"SearchAction","target":{"@type":"EntryPoint","urlTemplate":"https:\/\/onlinelotto365.com\/it\/?s={search_term_string}"},"query-input":{"@type":"PropertyValueSpecification","valueRequired":true,"valueName":"search_term_string"}}],"inLanguage":"it-IT"}]}},"_links":{"self":[{"href":"https:\/\/onlinelotto365.com\/it\/wp-json\/wp\/v2\/pages\/11025","targetHints":{"allow":["GET"]}}],"collection":[{"href":"https:\/\/onlinelotto365.com\/it\/wp-json\/wp\/v2\/pages"}],"about":[{"href":"https:\/\/onlinelotto365.com\/it\/wp-json\/wp\/v2\/types\/page"}],"author":[{"embeddable":true,"href":"https:\/\/onlinelotto365.com\/it\/wp-json\/wp\/v2\/users\/1"}],"replies":[{"embeddable":true,"href":"https:\/\/onlinelotto365.com\/it\/wp-json\/wp\/v2\/comments?post=11025"}],"version-history":[{"count":0,"href":"https:\/\/onlinelotto365.com\/it\/wp-json\/wp\/v2\/pages\/11025\/revisions"}],"up":[{"embeddable":true,"href":"https:\/\/onlinelotto365.com\/it\/wp-json\/wp\/v2\/pages\/5021"}],"wp:attachment":[{"href":"https:\/\/onlinelotto365.com\/it\/wp-json\/wp\/v2\/media?parent=11025"}],"curies":[{"name":"wp","href":"https:\/\/api.w.org\/{rel}","templated":true}]}}