{"id":11027,"date":"2020-12-18T13:46:00","date_gmt":"2020-12-18T12:46:00","guid":{"rendered":"http:\/\/onlinelotto365.net\/?page_id=11027"},"modified":"2021-01-11T09:57:59","modified_gmt":"2021-01-11T08:57:59","slug":"set-for-life","status":"publish","type":"page","link":"https:\/\/onlinelotto365.com\/it\/giocare\/set-for-life\/","title":{"rendered":"\u00c8 possibile giocare al lotto Set for life online?"},"content":{"rendered":"<p>\u00c8 possibile giocare al lotto Set for life online?<\/p>\n<p>Sapevi che la lotteria Set for Life pu\u00f2 darti la possibilit\u00e0 di <strong> vincere \u00a3 10.000 ogni mese? <\/strong> Se sei interessato a tentare la fortuna a una lotteria, Set for Life \u00e8 un modo fantastico per iniziare . La lotteria Set for Life \u00e8 meglio conosciuta per essere l&#8217;unico gioco che ti consente di giocare numeri in sette estrazioni giornaliere consecutive. Questo significa semplicemente che hai molte possibilit\u00e0 di vincere il jackpot ogni giorno della settimana.<\/p>\n<p>Qui ti faremo conoscere meglio Set for Life e capire perch\u00e9 molte persone continuano a giocare a questa lotteria.<\/p>\n<p>Set for Life \u00e8 stato organizzato dalla Lotteria Nazionale e si \u00e8 guadagnato il titolo di primo gioco della lotteria annuale in Italia. La lotteria offre ai giocatori la possibilit\u00e0 di vincere un pagamento mensile di \u00a3 10.000 per un periodo di 30 anni.<\/p>\n<p>E anche se si tratta di una lotteria del Regno Unito, puoi <strong> giocare a Set for life online dall&#8217;Italia. <\/strong> Il nostro <a href=\"https:\/\/onlinelotto365.com\/it\/news\/servizio-di-biglietteria-per-lotterie-internazionali\"> il servizio di biglietteria online per le lotterie globali <\/a> consente ai giocatori di tutto il mondo di partecipare alle migliori lotterie con i jackpot pi\u00f9 alti.<\/p>\n<p><a href=\"https:\/\/redfoxlotto.com\/it\/set-for-life-uk\/?ref=a8564250a2&amp;medium=ol365\" target=\"_blank\" rel=\"noopener noreferrer\"> <img decoding=\"async\" class=\"aligncenter \" src=\" https:\/\/redfoxlotto.com\/image?size=8&amp;lottery=set-for-life-uk \" alt=\" &amp; quot; Set \" \/> <\/a><\/p>\n<h2>Informazioni su Set for life lotto<\/h2>\n<ul>\n<li>Paese: Regno Unito<\/li>\n<li>Intervallo di numeri principali: 45<\/li>\n<li>Scegli: 5<\/li>\n<li>Intervallo di numeri extra: 10<\/li>\n<li>Scegli: 1<\/li>\n<li>Giorni e orari dell&#8217;estrazione: luned\u00ec, gioved\u00ec, 20:00 GMT, 21:00 CET<\/li>\n<li>Jackpot minimo: nessuno<\/li>\n<li>Jackpot massimo: nessuno<\/li>\n<li>Probabilit\u00e0 di vincere il jackpot: 1 su 15.339.390<\/li>\n<li>Probabilit\u00e0 di vittoria di livello 2: 1 su 1.704.377<\/li>\n<li>Probabilit\u00e0 di vincere in qualsiasi livello: 1 su 12,4<\/li>\n<li>Numero di livelli di premio: 8<\/li>\n<\/ul>\n<p>Come altre lotterie nel Regno Unito, il Set for Life \u00e8 un gioco a pareggio. Se giochi alla lotteria, devi selezionare <strong> cinque numeri dalla gamma di ipotesi da 1 a 47, incluso un numero &#8220;life ball&#8221; da 1 a 10 <\/strong>. Una volta scelti i cinque numeri e il numero del life ball, avrai la possibilit\u00e0 di vincere un jackpot totale di \u00a3 10.000 ogni mese.<\/p>\n<h2>Set for Life Draw<\/h2>\n<p>La lotteria Set for Life si tiene ogni luned\u00ec e gioved\u00ec e nel Regno Unito i giocatori possono <a href=\"https:\/\/onlinelotto365.com\/it\/buy-tickets\"> acquistare la lotteria biglietti <\/a> nel negozio del lotto locale. Il sorteggio si chiude alle 21:00 EST ogni sera. Gli ultimi risultati del Set for Life sono in genere disponibili il giorno dell&#8217;estrazione, che \u00e8 alle 21:45 GMT. Tieni presente che i dividendi per ogni partita vengono aggiornati subito dopo l&#8217;estrazione. Inoltre, gli aggiornamenti sui dividendi sono solitamente disponibili al pubblico la mattina dopo l&#8217;estrazione del lotto.<\/p>\n<h2>Come vincere alla lotteria Set for Life<\/h2>\n<p>Il primo premio della lotteria Set for Life offre un pagamento mensile di \u00a3 10.000 e quattro giocatori hanno la possibilit\u00e0 di vincere il premio in ogni estrazione. Per poter vincere il jackpot, i tuoi numeri devono corrispondere agli otto numeri vincenti durante il singolo set. Significa che ci sono un totale di otto categorie di premi nella lotteria Set for Life. Hai la possibilit\u00e0 di vincere un premio con quattro numeri vincenti, incluso un numero bonus in ogni set.<\/p>\n<p><strong> Set for Life offre quote favorevoli per vincere il jackpot <\/strong>. Ad esempio, altri premi che richiedono una corrispondenza di uno o pi\u00f9 numeri ti danno una possibilit\u00e0 su 12 di vincere anche se sarebbe solo \u00a3 5.<\/p>\n<p>Quindi, se riesci a sentire la tua fortuna, varr\u00e0 la pena di acquistare un biglietto Set for Life! Ti offriamo una <a href=\"https:\/\/onlinelotto365.com\/it\/giocare\"> vasta gamma di lotterie internazionali a cui puoi giocare <\/a> dall&#8217;Italia, per jackpot con centinaia di milioni di vincite.<\/p>\n","protected":false},"excerpt":{"rendered":"<p>\u00c8 possibile giocare al lotto Set for life online? Sapevi che la lotteria Set for Life pu\u00f2 darti la possibilit\u00e0 di vincere \u00a3 10.000 ogni mese? Se sei interessato a tentare la fortuna a una lotteria, Set for Life \u00e8 un modo fantastico per iniziare . La lotteria Set for Life \u00e8 meglio conosciuta per [&hellip;]<\/p>\n","protected":false},"author":1,"featured_media":0,"parent":5021,"menu_order":10,"comment_status":"closed","ping_status":"closed","template":"set-for-life.php","meta":{"_et_pb_use_builder":"","_et_pb_old_content":"","_et_gb_content_width":"","exclude_from_search":false,"footnotes":""},"class_list":["post-11027","page","type-page","status-publish","hentry"],"yoast_head":"<!-- This site is optimized with the Yoast SEO plugin v23.4 - https:\/\/yoast.com\/wordpress\/plugins\/seo\/ -->\n<title>Come giocare a Set for life lotto online dall&#039;Italia<\/title>\n<meta name=\"description\" content=\"Acquista online i biglietti del lotto Set for life se hai sede in Italia\" \/>\n<meta name=\"robots\" content=\"index, follow, max-snippet:-1, max-image-preview:large, max-video-preview:-1\" \/>\n<link rel=\"canonical\" href=\"https:\/\/onlinelotto365.com\/it\/giocare\/set-for-life\/\" \/>\n<meta property=\"og:locale\" content=\"it_IT\" \/>\n<meta property=\"og:type\" content=\"article\" \/>\n<meta property=\"og:title\" content=\"Come giocare a Set for life lotto online dall&#039;Italia\" \/>\n<meta property=\"og:description\" content=\"Acquista online i biglietti del lotto Set for life se hai sede in Italia\" \/>\n<meta property=\"og:url\" content=\"https:\/\/onlinelotto365.com\/it\/giocare\/set-for-life\/\" \/>\n<meta property=\"og:site_name\" content=\"OnlineLotto365\" \/>\n<meta property=\"article:modified_time\" content=\"2021-01-11T08:57:59+00:00\" \/>\n<meta name=\"twitter:card\" content=\"summary_large_image\" \/>\n<meta name=\"twitter:label1\" content=\"Tempo di lettura stimato\" \/>\n\t<meta name=\"twitter:data1\" content=\"3 minuti\" \/>\n<script type=\"application\/ld+json\" class=\"yoast-schema-graph\">{\"@context\":\"https:\/\/schema.org\",\"@graph\":[{\"@type\":\"WebPage\",\"@id\":\"https:\/\/onlinelotto365.com\/it\/giocare\/set-for-life\/\",\"url\":\"https:\/\/onlinelotto365.com\/it\/giocare\/set-for-life\/\",\"name\":\"Come giocare a Set for life lotto online dall'Italia\",\"isPartOf\":{\"@id\":\"https:\/\/onlinelotto365.com\/it\/#website\"},\"datePublished\":\"2020-12-18T12:46:00+00:00\",\"dateModified\":\"2021-01-11T08:57:59+00:00\",\"description\":\"Acquista online i biglietti del lotto Set for life se hai sede in Italia\",\"breadcrumb\":{\"@id\":\"https:\/\/onlinelotto365.com\/it\/giocare\/set-for-life\/#breadcrumb\"},\"inLanguage\":\"it-IT\",\"potentialAction\":[{\"@type\":\"ReadAction\",\"target\":[\"https:\/\/onlinelotto365.com\/it\/giocare\/set-for-life\/\"]}]},{\"@type\":\"BreadcrumbList\",\"@id\":\"https:\/\/onlinelotto365.com\/it\/giocare\/set-for-life\/#breadcrumb\",\"itemListElement\":[{\"@type\":\"ListItem\",\"position\":1,\"name\":\"Home\",\"item\":\"https:\/\/onlinelotto365.com\/it\/\"},{\"@type\":\"ListItem\",\"position\":2,\"name\":\"Tutto quello che devi sapere sulle tue opzioni per giocare alle migliori lotterie online\",\"item\":\"https:\/\/onlinelotto365.com\/it\/giocare\/\"},{\"@type\":\"ListItem\",\"position\":3,\"name\":\"\u00c8 possibile giocare al lotto Set for life online?\"}]},{\"@type\":\"WebSite\",\"@id\":\"https:\/\/onlinelotto365.com\/it\/#website\",\"url\":\"https:\/\/onlinelotto365.com\/it\/\",\"name\":\"OnlineLotto365\",\"description\":\"\",\"potentialAction\":[{\"@type\":\"SearchAction\",\"target\":{\"@type\":\"EntryPoint\",\"urlTemplate\":\"https:\/\/onlinelotto365.com\/it\/?s={search_term_string}\"},\"query-input\":{\"@type\":\"PropertyValueSpecification\",\"valueRequired\":true,\"valueName\":\"search_term_string\"}}],\"inLanguage\":\"it-IT\"}]}<\/script>\n<!-- \/ Yoast SEO plugin. -->","yoast_head_json":{"title":"Come giocare a Set for life lotto online dall'Italia","description":"Acquista online i biglietti del lotto Set for life se hai sede in Italia","robots":{"index":"index","follow":"follow","max-snippet":"max-snippet:-1","max-image-preview":"max-image-preview:large","max-video-preview":"max-video-preview:-1"},"canonical":"https:\/\/onlinelotto365.com\/it\/giocare\/set-for-life\/","og_locale":"it_IT","og_type":"article","og_title":"Come giocare a Set for life lotto online dall'Italia","og_description":"Acquista online i biglietti del lotto Set for life se hai sede in Italia","og_url":"https:\/\/onlinelotto365.com\/it\/giocare\/set-for-life\/","og_site_name":"OnlineLotto365","article_modified_time":"2021-01-11T08:57:59+00:00","twitter_card":"summary_large_image","twitter_misc":{"Tempo di lettura stimato":"3 minuti"},"schema":{"@context":"https:\/\/schema.org","@graph":[{"@type":"WebPage","@id":"https:\/\/onlinelotto365.com\/it\/giocare\/set-for-life\/","url":"https:\/\/onlinelotto365.com\/it\/giocare\/set-for-life\/","name":"Come giocare a Set for life lotto online dall'Italia","isPartOf":{"@id":"https:\/\/onlinelotto365.com\/it\/#website"},"datePublished":"2020-12-18T12:46:00+00:00","dateModified":"2021-01-11T08:57:59+00:00","description":"Acquista online i biglietti del lotto Set for life se hai sede in Italia","breadcrumb":{"@id":"https:\/\/onlinelotto365.com\/it\/giocare\/set-for-life\/#breadcrumb"},"inLanguage":"it-IT","potentialAction":[{"@type":"ReadAction","target":["https:\/\/onlinelotto365.com\/it\/giocare\/set-for-life\/"]}]},{"@type":"BreadcrumbList","@id":"https:\/\/onlinelotto365.com\/it\/giocare\/set-for-life\/#breadcrumb","itemListElement":[{"@type":"ListItem","position":1,"name":"Home","item":"https:\/\/onlinelotto365.com\/it\/"},{"@type":"ListItem","position":2,"name":"Tutto quello che devi sapere sulle tue opzioni per giocare alle migliori lotterie online","item":"https:\/\/onlinelotto365.com\/it\/giocare\/"},{"@type":"ListItem","position":3,"name":"\u00c8 possibile giocare al lotto Set for life online?"}]},{"@type":"WebSite","@id":"https:\/\/onlinelotto365.com\/it\/#website","url":"https:\/\/onlinelotto365.com\/it\/","name":"OnlineLotto365","description":"","potentialAction":[{"@type":"SearchAction","target":{"@type":"EntryPoint","urlTemplate":"https:\/\/onlinelotto365.com\/it\/?s={search_term_string}"},"query-input":{"@type":"PropertyValueSpecification","valueRequired":true,"valueName":"search_term_string"}}],"inLanguage":"it-IT"}]}},"_links":{"self":[{"href":"https:\/\/onlinelotto365.com\/it\/wp-json\/wp\/v2\/pages\/11027","targetHints":{"allow":["GET"]}}],"collection":[{"href":"https:\/\/onlinelotto365.com\/it\/wp-json\/wp\/v2\/pages"}],"about":[{"href":"https:\/\/onlinelotto365.com\/it\/wp-json\/wp\/v2\/types\/page"}],"author":[{"embeddable":true,"href":"https:\/\/onlinelotto365.com\/it\/wp-json\/wp\/v2\/users\/1"}],"replies":[{"embeddable":true,"href":"https:\/\/onlinelotto365.com\/it\/wp-json\/wp\/v2\/comments?post=11027"}],"version-history":[{"count":0,"href":"https:\/\/onlinelotto365.com\/it\/wp-json\/wp\/v2\/pages\/11027\/revisions"}],"up":[{"embeddable":true,"href":"https:\/\/onlinelotto365.com\/it\/wp-json\/wp\/v2\/pages\/5021"}],"wp:attachment":[{"href":"https:\/\/onlinelotto365.com\/it\/wp-json\/wp\/v2\/media?parent=11027"}],"curies":[{"name":"wp","href":"https:\/\/api.w.org\/{rel}","templated":true}]}}