{"id":11030,"date":"2020-12-18T13:46:55","date_gmt":"2020-12-18T12:46:55","guid":{"rendered":"http:\/\/onlinelotto365.net\/?page_id=11030"},"modified":"2021-01-11T09:58:00","modified_gmt":"2021-01-11T08:58:00","slug":"german-lotto","status":"publish","type":"page","link":"https:\/\/onlinelotto365.com\/it\/giocare\/german-lotto\/","title":{"rendered":"Partecipare al Lotto tedesco di altri paesi"},"content":{"rendered":"<p>Il Lotto tedesco \u00e8 una delle <strong> lotterie pi\u00f9 longeve del mondo <\/strong>, che si tiene da pi\u00f9 di <strong> 50 anni <\/strong>. Puoi scommettere che tutta questa esperienza li serve molto bene, e sono uno dei pi\u00f9 grandi paesi europei a mantenere la propria lotteria nazionale collaborando con la lotteria EuroMillions. Quindi i tedeschi sono orgogliosi del loro Lotto tedesco, come dovrebbero essere.<\/p>\n<p>Se vivi in \u200b\u200bItalia e desideri comunque giocare al Lotto tedesco, o <strong> ny altra <a href=\"http:\/\/onlinelotto365.com\/it\"> grande lotteria da tutto il mondo <\/a> <\/strong> del resto, non c&#8217;\u00e8 pi\u00f9 nulla che ti impedisca di farlo. Tutto quello che devi fare in questi giorni \u00e8 acquistare i biglietti online. Se vieni dall&#8217;Italia, puoi ancora acquistare online anche i biglietti per il Lotto tedesco.<\/p>\n<p>Naturalmente, devi sapere <strong> dove acquistare i biglietti della lotteria in questo modo <\/strong>, ed \u00e8 qui che entriamo in gioco noi. Abbiamo gestito questo <a href=\"https:\/\/onlinelotto365.com\/it\/news\/servizio-di-biglietteria-per-lotterie-internazionali\"> servizio di biglietti della lotteria online <\/a> da un po &#8216;di tempo. Questa \u00e8 la cosa pi\u00f9 grande che sia mai successa al gioco della lotteria da quando sono state inventate le lotterie, come puoi immaginare.<\/p>\n<p><a href=\"https:\/\/redfoxlotto.com\/it\/lotto-6aus49\/?ref=a8564250a2&amp;medium=ol365\" target=\"_blank\" rel=\"noopener noreferrer\"> <img decoding=\"async\" class=\"aligncenter\" src=\" https:\/\/redfoxlotto.com\/image?size=8&amp;lottery=lotto-6aus49 \" alt=\" 6aus49 tedesco \" \/> <\/a><\/p>\n<h2>Non sei pi\u00f9 limitato solo alla lotteria nella tua zona<\/h2>\n<p>Se sei come la maggior parte dei giocatori della lotteria, vuoi giocare alle grandi lotterie e, data la scelta, vuoi giocare pi\u00f9 di una sola. Fino a poco tempo fa per\u00f2 questo non \u00e8 stato possibile. Le persone si chiedevano per\u00f2 perch\u00e9 non fosse, ad esempio, perch\u00e9 puoi <a href=\"https:\/\/onlinelotto365.com\/it\/buy-tickets\"> acquistare praticamente qualsiasi cosa online tranne i biglietti della lotteria <\/a>?<\/p>\n<p>Ci\u00f2 richiedeva una rete di persone che sarebbero state messe in atto per fare le offerte per i nostri clienti, che comportavano l&#8217;uscita e l&#8217;acquisto dei biglietti per tutti, in molti paesi diversi. Comprendeva anche la gestione delle esperienze dei clienti dal punto vendita in poi e la fornitura del tipo di ottimo servizio che le persone si aspettano.<\/p>\n<h2>Informazioni sul Lotto tedesco<\/h2>\n<ul>\n<li>Paese: Germania<\/li>\n<li>Intervallo di numeri principali: 49<\/li>\n<li>Scegli tu: 6<\/li>\n<li>Intervallo di numeri extra: nessuno<\/li>\n<li>Scegli tu: nessuno<\/li>\n<li>Giorni e orari dell&#8217;estrazione: sabato, 20:25 CET, 20:25 CET<\/li>\n<li>Jackpot minimo: 1 milione di \u20ac<\/li>\n<li>Jackpot limitato al massimo: nessun limite<\/li>\n<li>Probabilit\u00e0 di vincere il jackpot: 1 su 125.854.344<\/li>\n<li>Probabilit\u00e0 di vittoria di livello 2: 1 su 13.983.816<\/li>\n<li>Probabilit\u00e0 di vincere in qualsiasi livello: 1 su 31<\/li>\n<li>Numero di livelli di premio: 9<\/li>\n<\/ul>\n<p>Tutte le lotterie che ti mettiamo a disposizione sono tutte grandi lotterie di prima classe, compreso il Lotto tedesco. Per giocare al Lotto tedesco, selezioni 6 numeri su 49 possibili, insieme a un numero bonus da 1 a 9. Se ottieni con successo tutti i 6 numeri pi\u00f9 il numero bonus, presto farai un viaggio in Germania per raccogliere diversi milioni di euro o pi\u00f9.<\/p>\n<p>Data la minore quantit\u00e0 di palline nel tamburo rispetto a molte altre grandi lotterie, <a href=\"https:\/\/onlinelotto365.com\/it\/news\/calcola-le-probabilita-per-qualsiasi-lotteria\"> le tue possibilit\u00e0 di vincita il jackpot <\/a> nel Lotto tedesco \u00e8 decisamente pi\u00f9 alto. Il Lotto tedesco, ovviamente, offre altri premi oltre al jackpot, come fanno tutte le lotterie, e ci sono un totale di 7 premi sussidiari oltre al jackpot. Se riesci ad abbinare solo 3 dei tuoi numeri, verrai pagato.<\/p>\n<h2>Cerchiamo di essere la tua guida al lotto tedesco e oltre<\/h2>\n<p>Dato quanto sono popolari le lotterie in tutto il mondo, avere accesso a tutte quelle buone \u00e8 il sogno di un giocatore di lotteria. Perch\u00e9 giocarne uno solo quando invece puoi suonarne quanti ne vuoi? Perch\u00e9 accontentarti di una o due estrazioni a settimana quando puoi averne dozzine se lo desideri? Perch\u00e9 perdere tempo ad andare al negozio quando puoi acquistare tutti i biglietti della lotteria che desideri online?<\/p>\n<h2>Hai giocato al Lotto tedesco online e hai vinto, cosa succede dopo?<\/h2>\n<p>Ti assistiamo in ogni fase del processo, dall&#8217;invio di un&#8217;e-mail di conferma del tuo acquisto alla notifica via e-mail ogni volta che vinci, <strong> per aiutarti a incassare i soldi che hai vinto <\/strong>. \u00c8 tutto incredibilmente facile.<\/p>\n","protected":false},"excerpt":{"rendered":"<p>Il Lotto tedesco \u00e8 una delle lotterie pi\u00f9 longeve del mondo , che si tiene da pi\u00f9 di 50 anni . Puoi scommettere che tutta questa esperienza li serve molto bene, e sono uno dei pi\u00f9 grandi paesi europei a mantenere la propria lotteria nazionale collaborando con la lotteria EuroMillions. Quindi i tedeschi sono orgogliosi [&hellip;]<\/p>\n","protected":false},"author":1,"featured_media":0,"parent":5021,"menu_order":11,"comment_status":"closed","ping_status":"closed","template":"lotto-german.php","meta":{"_et_pb_use_builder":"","_et_pb_old_content":"","_et_gb_content_width":"","exclude_from_search":false,"footnotes":""},"class_list":["post-11030","page","type-page","status-publish","hentry"],"yoast_head":"<!-- This site is optimized with the Yoast SEO plugin v23.4 - https:\/\/yoast.com\/wordpress\/plugins\/seo\/ -->\n<title>Gioca al German Lotto online da Italia | Posso partecipare al German Lotto se vivo in Italia?<\/title>\n<meta name=\"description\" content=\"Gioca al German Lotto Lotto qui - il nostro servizio di biglietteria online lo rende possibile dall&#039;Italia\" \/>\n<meta name=\"robots\" content=\"index, follow, max-snippet:-1, max-image-preview:large, max-video-preview:-1\" \/>\n<link rel=\"canonical\" href=\"https:\/\/onlinelotto365.com\/it\/giocare\/german-lotto\/\" \/>\n<meta property=\"og:locale\" content=\"it_IT\" \/>\n<meta property=\"og:type\" content=\"article\" \/>\n<meta property=\"og:title\" content=\"Gioca al German Lotto online da Italia | Posso partecipare al German Lotto se vivo in Italia?\" \/>\n<meta property=\"og:description\" content=\"Gioca al German Lotto Lotto qui - il nostro servizio di biglietteria online lo rende possibile dall&#039;Italia\" \/>\n<meta property=\"og:url\" content=\"https:\/\/onlinelotto365.com\/it\/giocare\/german-lotto\/\" \/>\n<meta property=\"og:site_name\" content=\"OnlineLotto365\" \/>\n<meta property=\"article:modified_time\" content=\"2021-01-11T08:58:00+00:00\" \/>\n<meta name=\"twitter:card\" content=\"summary_large_image\" \/>\n<meta name=\"twitter:label1\" content=\"Tempo di lettura stimato\" \/>\n\t<meta name=\"twitter:data1\" content=\"3 minuti\" \/>\n<script type=\"application\/ld+json\" class=\"yoast-schema-graph\">{\"@context\":\"https:\/\/schema.org\",\"@graph\":[{\"@type\":\"WebPage\",\"@id\":\"https:\/\/onlinelotto365.com\/it\/giocare\/german-lotto\/\",\"url\":\"https:\/\/onlinelotto365.com\/it\/giocare\/german-lotto\/\",\"name\":\"Gioca al German Lotto online da Italia | Posso partecipare al German Lotto se vivo in Italia?\",\"isPartOf\":{\"@id\":\"https:\/\/onlinelotto365.com\/it\/#website\"},\"datePublished\":\"2020-12-18T12:46:55+00:00\",\"dateModified\":\"2021-01-11T08:58:00+00:00\",\"description\":\"Gioca al German Lotto Lotto qui - il nostro servizio di biglietteria online lo rende possibile dall'Italia\",\"breadcrumb\":{\"@id\":\"https:\/\/onlinelotto365.com\/it\/giocare\/german-lotto\/#breadcrumb\"},\"inLanguage\":\"it-IT\",\"potentialAction\":[{\"@type\":\"ReadAction\",\"target\":[\"https:\/\/onlinelotto365.com\/it\/giocare\/german-lotto\/\"]}]},{\"@type\":\"BreadcrumbList\",\"@id\":\"https:\/\/onlinelotto365.com\/it\/giocare\/german-lotto\/#breadcrumb\",\"itemListElement\":[{\"@type\":\"ListItem\",\"position\":1,\"name\":\"Home\",\"item\":\"https:\/\/onlinelotto365.com\/it\/\"},{\"@type\":\"ListItem\",\"position\":2,\"name\":\"Tutto quello che devi sapere sulle tue opzioni per giocare alle migliori lotterie online\",\"item\":\"https:\/\/onlinelotto365.com\/it\/giocare\/\"},{\"@type\":\"ListItem\",\"position\":3,\"name\":\"Partecipare al Lotto tedesco di altri paesi\"}]},{\"@type\":\"WebSite\",\"@id\":\"https:\/\/onlinelotto365.com\/it\/#website\",\"url\":\"https:\/\/onlinelotto365.com\/it\/\",\"name\":\"OnlineLotto365\",\"description\":\"\",\"potentialAction\":[{\"@type\":\"SearchAction\",\"target\":{\"@type\":\"EntryPoint\",\"urlTemplate\":\"https:\/\/onlinelotto365.com\/it\/?s={search_term_string}\"},\"query-input\":{\"@type\":\"PropertyValueSpecification\",\"valueRequired\":true,\"valueName\":\"search_term_string\"}}],\"inLanguage\":\"it-IT\"}]}<\/script>\n<!-- \/ Yoast SEO plugin. -->","yoast_head_json":{"title":"Gioca al German Lotto online da Italia | Posso partecipare al German Lotto se vivo in Italia?","description":"Gioca al German Lotto Lotto qui - il nostro servizio di biglietteria online lo rende possibile dall'Italia","robots":{"index":"index","follow":"follow","max-snippet":"max-snippet:-1","max-image-preview":"max-image-preview:large","max-video-preview":"max-video-preview:-1"},"canonical":"https:\/\/onlinelotto365.com\/it\/giocare\/german-lotto\/","og_locale":"it_IT","og_type":"article","og_title":"Gioca al German Lotto online da Italia | Posso partecipare al German Lotto se vivo in Italia?","og_description":"Gioca al German Lotto Lotto qui - il nostro servizio di biglietteria online lo rende possibile dall'Italia","og_url":"https:\/\/onlinelotto365.com\/it\/giocare\/german-lotto\/","og_site_name":"OnlineLotto365","article_modified_time":"2021-01-11T08:58:00+00:00","twitter_card":"summary_large_image","twitter_misc":{"Tempo di lettura stimato":"3 minuti"},"schema":{"@context":"https:\/\/schema.org","@graph":[{"@type":"WebPage","@id":"https:\/\/onlinelotto365.com\/it\/giocare\/german-lotto\/","url":"https:\/\/onlinelotto365.com\/it\/giocare\/german-lotto\/","name":"Gioca al German Lotto online da Italia | Posso partecipare al German Lotto se vivo in Italia?","isPartOf":{"@id":"https:\/\/onlinelotto365.com\/it\/#website"},"datePublished":"2020-12-18T12:46:55+00:00","dateModified":"2021-01-11T08:58:00+00:00","description":"Gioca al German Lotto Lotto qui - il nostro servizio di biglietteria online lo rende possibile dall'Italia","breadcrumb":{"@id":"https:\/\/onlinelotto365.com\/it\/giocare\/german-lotto\/#breadcrumb"},"inLanguage":"it-IT","potentialAction":[{"@type":"ReadAction","target":["https:\/\/onlinelotto365.com\/it\/giocare\/german-lotto\/"]}]},{"@type":"BreadcrumbList","@id":"https:\/\/onlinelotto365.com\/it\/giocare\/german-lotto\/#breadcrumb","itemListElement":[{"@type":"ListItem","position":1,"name":"Home","item":"https:\/\/onlinelotto365.com\/it\/"},{"@type":"ListItem","position":2,"name":"Tutto quello che devi sapere sulle tue opzioni per giocare alle migliori lotterie online","item":"https:\/\/onlinelotto365.com\/it\/giocare\/"},{"@type":"ListItem","position":3,"name":"Partecipare al Lotto tedesco di altri paesi"}]},{"@type":"WebSite","@id":"https:\/\/onlinelotto365.com\/it\/#website","url":"https:\/\/onlinelotto365.com\/it\/","name":"OnlineLotto365","description":"","potentialAction":[{"@type":"SearchAction","target":{"@type":"EntryPoint","urlTemplate":"https:\/\/onlinelotto365.com\/it\/?s={search_term_string}"},"query-input":{"@type":"PropertyValueSpecification","valueRequired":true,"valueName":"search_term_string"}}],"inLanguage":"it-IT"}]}},"_links":{"self":[{"href":"https:\/\/onlinelotto365.com\/it\/wp-json\/wp\/v2\/pages\/11030","targetHints":{"allow":["GET"]}}],"collection":[{"href":"https:\/\/onlinelotto365.com\/it\/wp-json\/wp\/v2\/pages"}],"about":[{"href":"https:\/\/onlinelotto365.com\/it\/wp-json\/wp\/v2\/types\/page"}],"author":[{"embeddable":true,"href":"https:\/\/onlinelotto365.com\/it\/wp-json\/wp\/v2\/users\/1"}],"replies":[{"embeddable":true,"href":"https:\/\/onlinelotto365.com\/it\/wp-json\/wp\/v2\/comments?post=11030"}],"version-history":[{"count":0,"href":"https:\/\/onlinelotto365.com\/it\/wp-json\/wp\/v2\/pages\/11030\/revisions"}],"up":[{"embeddable":true,"href":"https:\/\/onlinelotto365.com\/it\/wp-json\/wp\/v2\/pages\/5021"}],"wp:attachment":[{"href":"https:\/\/onlinelotto365.com\/it\/wp-json\/wp\/v2\/media?parent=11030"}],"curies":[{"name":"wp","href":"https:\/\/api.w.org\/{rel}","templated":true}]}}