{"id":11032,"date":"2020-12-18T13:47:50","date_gmt":"2020-12-18T12:47:50","guid":{"rendered":"http:\/\/onlinelotto365.net\/?page_id=11032"},"modified":"2021-01-11T09:58:01","modified_gmt":"2021-01-11T08:58:01","slug":"mega-sena","status":"publish","type":"page","link":"https:\/\/onlinelotto365.com\/it\/giocare\/mega-sena\/","title":{"rendered":"Come possono i residenti in Italia giocare a Mega-Sena online?"},"content":{"rendered":"<p>Il nostro servizio attualmente ti consente di acquistare biglietti della lotteria per 15 diverse grandi lotterie in tutto il mondo. Siamo orgogliosi di offrire ai nostri giocatori <strong> l&#8217;opportunit\u00e0 di giocare alla lotteria brasiliana Mega Sena online <\/strong>. Come tutte le grandi lotterie, in precedenza dovevi vivere nel paese o nell&#8217;area in cui veniva organizzata una determinata lotteria e recarti presso un rivenditore del lotto per <a href=\"https:\/\/onlinelotto365.com\/it\/buy-tickets\"> acquistare i tuoi biglietti <\/a>.<\/p>\n<p>Questo non \u00e8 pi\u00f9 il caso, per\u00f2, ora che puoi giocarci anche dall&#8217;Italia e acquistare tutti i biglietti della lotteria che vuoi direttamente online, e quanti ne vuoi, e per tutte le lotterie diverse che vuoi, direttamente dal tuo computer.<\/p>\n<p>Quindi ora che questo nuovo giorno \u00e8 spuntato nel mondo del gioco della lotteria, i giocatori hanno parlato e ci\u00f2 che hanno chiesto \u00e8 una grande selezione di diverse lotterie. Quindi ti portiamo il meglio di questo a casa tua. Tra questi c&#8217;\u00e8 il Mega-Sena Lotto, la pi\u00f9 grande lotteria del Brasile.<\/p>\n<p><a href=\"https:\/\/redfoxlotto.com\/it\/mega-sena\/?ref=a8564250a2&amp;medium=ol365\" target=\"_blank\" rel=\"noopener noreferrer\"> <img decoding=\"async\" class=\"aligncenter\" src=\" https:\/\/redfoxlotto.com\/image?size=8&amp;lottery=mega-sena \" alt=\" mega-sena \" \/> <\/a><\/p>\n<h2>Informazioni su Mega-Sena<\/h2>\n<ul>\n<li>Paese: Brasile<\/li>\n<li>Intervallo di numeri principali: 60<\/li>\n<li>Scegli tu: 6<\/li>\n<li>Intervallo di numeri extra: nessuno<\/li>\n<li>Scegli tu: nessuno<\/li>\n<li>Giorni e orari dell&#8217;estrazione: mercoled\u00ec, sabato, 20:00 GMT -3, 24:00 CET<\/li>\n<li>Jackpot minimo: 2 milioni di R $<\/li>\n<li>Jackpot limitato al massimo: nessun limite<\/li>\n<li>Probabilit\u00e0 di vincere il jackpot: 1 su 50.063.860<\/li>\n<li>Probabilit\u00e0 di vittoria di livello 2: 1 su 15.451.809<\/li>\n<li>Probabilit\u00e0 di vincere in qualsiasi livello: 1 su 2297,56<\/li>\n<li>Numero di livelli di premio: 3<\/li>\n<\/ul>\n<p>I sorteggi per il Mega-Sena si svolgono il mercoled\u00ec e il sabato, aggiungendo due <a href=\"https:\/\/onlinelotto365.com\/it\/news\/quali-lotterie-hanno-piu-possibilita-di-vincere\"> pi\u00f9 possibilit\u00e0 di vincere tra tutte le altre lotterie <\/a> a cui stai giocando ora. Ti diamo una vasta selezione tra cui scegliere, e vale la pena giocarci tutti, incluso Mega Sena.<\/p>\n<p>Per giocare al Mega-Sena Lotto, i giocatori scelgono 6 numeri da 1 a 60. Indossando tutti e 6 i numeri si vince il jackpot, che \u00e8 sempre di almeno diversi milioni di dollari e spesso diventa molto pi\u00f9 alto di quello.<br \/>\nTuttavia, il Mega-Sena \u00e8 <strong> unico rispetto a tutte le altre lotterie del mondo <\/strong>, poich\u00e9 non hanno solo 60 palline con numeri diversi. Ci sono due tamburi diversi, uno da 0 a 5 e il secondo da 0 a 9. Quindi disegnano le cifre una alla volta.<\/p>\n<p>Ad esempio, se estraggono un 2 dal primo tamburo e poi un 9 dal secondo, il numero estratto \u00e8 29. Una volta estratto un numero a una cifra, non viene rimesso nel tamburo. Quindi ora sappiamo che ci sar\u00e0 esattamente un numero di una cifra, a meno che non venga estratto 00 che \u00e8 considerato 60, uno che inizia con 1, uno che inizia con due e cos\u00ec via. Quindi questa \u00e8 una svolta interessante e in realt\u00e0 rende pi\u00f9 facile vincere a patto di seguire questa strategia.<\/p>\n<p>Indovinare tutti e 6 i numeri ti fa vincere il jackpot, dove indovinare 4 o 5 numeri ti far\u00e0 vincere un premio secondario. Come spesso accade con le lotterie nazionali, <strong> i profitti generati dal Mega-Sena Lotto vanno a sostenere i programmi sociali <\/strong>, e infatti il \u200b\u200bpopolo brasiliano fa molto affidamento su queste donazioni. Quindi, anche se potremmo non essere brasiliani e quindi non beneficiarne direttamente, \u00e8 bello sapere che stiamo sicuramente facendo del bene giocando a Mega Sena oltre a tutto il divertimento che ci divertiamo nel farlo.<\/p>\n<h2>Le lotterie sono la forma di gioco d&#8217;azzardo preferita al mondo<\/h2>\n<p>Non \u00e8 molto difficile capire perch\u00e9 le lotterie sono state la forma di gioco d&#8217;azzardo pi\u00f9 popolare al mondo. Non \u00e8 nemmeno cos\u00ec facilmente accessibile, anche se sicuramente aiuta. La vera ragione \u00e8 l&#8217;entusiasmo che offre l&#8217;opportunit\u00e0 di vincere enormi quantit\u00e0 di denaro.<\/p>\n<p>Sembra anche che il nostro appetito per questi <strong> enormi jackpot <\/strong> sia davvero sostanzioso. Se hai mai assistito al brusio che viene generato <a href=\"https:\/\/onlinelotto365.com\/it\/news\/i-piu-grandi-jackpot-della-lotteria-nella-storia\"> quando i jackpot crescono a enormi quantit\u00e0 <\/a> e quanti pi\u00f9 biglietti vengono venduti per questi, con le formazioni molto pi\u00f9 lunghe che ne derivano, quindi sai che \u00e8 tutto vero.<\/p>\n<p>Perch\u00e9 le persone non dovrebbero essere entusiaste di avere la possibilit\u00e0 di vincere abbastanza soldi per prepararti a una vita di lusso e opulenza? Per la stragrande maggioranza di noi, questa \u00e8 l&#8217;unica possibilit\u00e0 che avremo mai a questo stile di vita. Le persone comuni come noi vincono per\u00f2 queste cifre gigantesche, e non sai mai se e quando potrebbe arrivare il tuo turno.<\/p>\n<p><strong> Solo l&#8217;atto di giocare per\u00f2 fornisce molto piacere <\/strong> alle persone, dove anche se le tue possibilit\u00e0 di vincereg un sacco di soldi in questo modo sono molto piccoli, la possibilit\u00e0 \u00e8 ancora l\u00ec. Se non giochi, beh non puoi sognare e non ti piacciono i pensieri di tutto ci\u00f2 che potrebbe accaderti.<\/p>\n<p>Ovviamente, non devi vincere il jackpot per vincere denaro alle lotterie, ei giocatori vincono sempre premi minori. Alcuni di questi premi pi\u00f9 piccoli non sono affatto cos\u00ec piccoli in realt\u00e0. Ci sono <strong> molti modi diversi per vincere soldi giocando alle lotterie <\/strong> e ogni volta che incassi, \u00e8 sempre molto bello.<\/p>\n","protected":false},"excerpt":{"rendered":"<p>Il nostro servizio attualmente ti consente di acquistare biglietti della lotteria per 15 diverse grandi lotterie in tutto il mondo. Siamo orgogliosi di offrire ai nostri giocatori l&#8217;opportunit\u00e0 di giocare alla lotteria brasiliana Mega Sena online . Come tutte le grandi lotterie, in precedenza dovevi vivere nel paese o nell&#8217;area in cui veniva organizzata una [&hellip;]<\/p>\n","protected":false},"author":1,"featured_media":0,"parent":5021,"menu_order":12,"comment_status":"closed","ping_status":"closed","template":"megasena.php","meta":{"_et_pb_use_builder":"","_et_pb_old_content":"","_et_gb_content_width":"","exclude_from_search":false,"footnotes":""},"class_list":["post-11032","page","type-page","status-publish","hentry"],"yoast_head":"<!-- This site is optimized with the Yoast SEO plugin v23.4 - https:\/\/yoast.com\/wordpress\/plugins\/seo\/ -->\n<title>Gioca a Mega-Sena online da Italia | Posso partecipare a Mega-Sena se vivo in Italia<\/title>\n<meta name=\"description\" content=\"Il nostro servizio di biglietteria online rende facile per gli appassionati del lotto italiani giocare a Mega-Sena online\" \/>\n<meta name=\"robots\" content=\"index, follow, max-snippet:-1, max-image-preview:large, max-video-preview:-1\" \/>\n<link rel=\"canonical\" href=\"https:\/\/onlinelotto365.com\/it\/giocare\/mega-sena\/\" \/>\n<meta property=\"og:locale\" content=\"it_IT\" \/>\n<meta property=\"og:type\" content=\"article\" \/>\n<meta property=\"og:title\" content=\"Gioca a Mega-Sena online da Italia | Posso partecipare a Mega-Sena se vivo in Italia\" \/>\n<meta property=\"og:description\" content=\"Il nostro servizio di biglietteria online rende facile per gli appassionati del lotto italiani giocare a Mega-Sena online\" \/>\n<meta property=\"og:url\" content=\"https:\/\/onlinelotto365.com\/it\/giocare\/mega-sena\/\" \/>\n<meta property=\"og:site_name\" content=\"OnlineLotto365\" \/>\n<meta property=\"article:modified_time\" content=\"2021-01-11T08:58:01+00:00\" \/>\n<meta name=\"twitter:card\" content=\"summary_large_image\" \/>\n<meta name=\"twitter:label1\" content=\"Tempo di lettura stimato\" \/>\n\t<meta name=\"twitter:data1\" content=\"4 minuti\" \/>\n<script type=\"application\/ld+json\" class=\"yoast-schema-graph\">{\"@context\":\"https:\/\/schema.org\",\"@graph\":[{\"@type\":\"WebPage\",\"@id\":\"https:\/\/onlinelotto365.com\/it\/giocare\/mega-sena\/\",\"url\":\"https:\/\/onlinelotto365.com\/it\/giocare\/mega-sena\/\",\"name\":\"Gioca a Mega-Sena online da Italia | Posso partecipare a Mega-Sena se vivo in Italia\",\"isPartOf\":{\"@id\":\"https:\/\/onlinelotto365.com\/it\/#website\"},\"datePublished\":\"2020-12-18T12:47:50+00:00\",\"dateModified\":\"2021-01-11T08:58:01+00:00\",\"description\":\"Il nostro servizio di biglietteria online rende facile per gli appassionati del lotto italiani giocare a Mega-Sena online\",\"breadcrumb\":{\"@id\":\"https:\/\/onlinelotto365.com\/it\/giocare\/mega-sena\/#breadcrumb\"},\"inLanguage\":\"it-IT\",\"potentialAction\":[{\"@type\":\"ReadAction\",\"target\":[\"https:\/\/onlinelotto365.com\/it\/giocare\/mega-sena\/\"]}]},{\"@type\":\"BreadcrumbList\",\"@id\":\"https:\/\/onlinelotto365.com\/it\/giocare\/mega-sena\/#breadcrumb\",\"itemListElement\":[{\"@type\":\"ListItem\",\"position\":1,\"name\":\"Home\",\"item\":\"https:\/\/onlinelotto365.com\/it\/\"},{\"@type\":\"ListItem\",\"position\":2,\"name\":\"Tutto quello che devi sapere sulle tue opzioni per giocare alle migliori lotterie online\",\"item\":\"https:\/\/onlinelotto365.com\/it\/giocare\/\"},{\"@type\":\"ListItem\",\"position\":3,\"name\":\"Come possono i residenti in Italia giocare a Mega-Sena online?\"}]},{\"@type\":\"WebSite\",\"@id\":\"https:\/\/onlinelotto365.com\/it\/#website\",\"url\":\"https:\/\/onlinelotto365.com\/it\/\",\"name\":\"OnlineLotto365\",\"description\":\"\",\"potentialAction\":[{\"@type\":\"SearchAction\",\"target\":{\"@type\":\"EntryPoint\",\"urlTemplate\":\"https:\/\/onlinelotto365.com\/it\/?s={search_term_string}\"},\"query-input\":{\"@type\":\"PropertyValueSpecification\",\"valueRequired\":true,\"valueName\":\"search_term_string\"}}],\"inLanguage\":\"it-IT\"}]}<\/script>\n<!-- \/ Yoast SEO plugin. -->","yoast_head_json":{"title":"Gioca a Mega-Sena online da Italia | Posso partecipare a Mega-Sena se vivo in Italia","description":"Il nostro servizio di biglietteria online rende facile per gli appassionati del lotto italiani giocare a Mega-Sena online","robots":{"index":"index","follow":"follow","max-snippet":"max-snippet:-1","max-image-preview":"max-image-preview:large","max-video-preview":"max-video-preview:-1"},"canonical":"https:\/\/onlinelotto365.com\/it\/giocare\/mega-sena\/","og_locale":"it_IT","og_type":"article","og_title":"Gioca a Mega-Sena online da Italia | Posso partecipare a Mega-Sena se vivo in Italia","og_description":"Il nostro servizio di biglietteria online rende facile per gli appassionati del lotto italiani giocare a Mega-Sena online","og_url":"https:\/\/onlinelotto365.com\/it\/giocare\/mega-sena\/","og_site_name":"OnlineLotto365","article_modified_time":"2021-01-11T08:58:01+00:00","twitter_card":"summary_large_image","twitter_misc":{"Tempo di lettura stimato":"4 minuti"},"schema":{"@context":"https:\/\/schema.org","@graph":[{"@type":"WebPage","@id":"https:\/\/onlinelotto365.com\/it\/giocare\/mega-sena\/","url":"https:\/\/onlinelotto365.com\/it\/giocare\/mega-sena\/","name":"Gioca a Mega-Sena online da Italia | Posso partecipare a Mega-Sena se vivo in Italia","isPartOf":{"@id":"https:\/\/onlinelotto365.com\/it\/#website"},"datePublished":"2020-12-18T12:47:50+00:00","dateModified":"2021-01-11T08:58:01+00:00","description":"Il nostro servizio di biglietteria online rende facile per gli appassionati del lotto italiani giocare a Mega-Sena online","breadcrumb":{"@id":"https:\/\/onlinelotto365.com\/it\/giocare\/mega-sena\/#breadcrumb"},"inLanguage":"it-IT","potentialAction":[{"@type":"ReadAction","target":["https:\/\/onlinelotto365.com\/it\/giocare\/mega-sena\/"]}]},{"@type":"BreadcrumbList","@id":"https:\/\/onlinelotto365.com\/it\/giocare\/mega-sena\/#breadcrumb","itemListElement":[{"@type":"ListItem","position":1,"name":"Home","item":"https:\/\/onlinelotto365.com\/it\/"},{"@type":"ListItem","position":2,"name":"Tutto quello che devi sapere sulle tue opzioni per giocare alle migliori lotterie online","item":"https:\/\/onlinelotto365.com\/it\/giocare\/"},{"@type":"ListItem","position":3,"name":"Come possono i residenti in Italia giocare a Mega-Sena online?"}]},{"@type":"WebSite","@id":"https:\/\/onlinelotto365.com\/it\/#website","url":"https:\/\/onlinelotto365.com\/it\/","name":"OnlineLotto365","description":"","potentialAction":[{"@type":"SearchAction","target":{"@type":"EntryPoint","urlTemplate":"https:\/\/onlinelotto365.com\/it\/?s={search_term_string}"},"query-input":{"@type":"PropertyValueSpecification","valueRequired":true,"valueName":"search_term_string"}}],"inLanguage":"it-IT"}]}},"_links":{"self":[{"href":"https:\/\/onlinelotto365.com\/it\/wp-json\/wp\/v2\/pages\/11032","targetHints":{"allow":["GET"]}}],"collection":[{"href":"https:\/\/onlinelotto365.com\/it\/wp-json\/wp\/v2\/pages"}],"about":[{"href":"https:\/\/onlinelotto365.com\/it\/wp-json\/wp\/v2\/types\/page"}],"author":[{"embeddable":true,"href":"https:\/\/onlinelotto365.com\/it\/wp-json\/wp\/v2\/users\/1"}],"replies":[{"embeddable":true,"href":"https:\/\/onlinelotto365.com\/it\/wp-json\/wp\/v2\/comments?post=11032"}],"version-history":[{"count":0,"href":"https:\/\/onlinelotto365.com\/it\/wp-json\/wp\/v2\/pages\/11032\/revisions"}],"up":[{"embeddable":true,"href":"https:\/\/onlinelotto365.com\/it\/wp-json\/wp\/v2\/pages\/5021"}],"wp:attachment":[{"href":"https:\/\/onlinelotto365.com\/it\/wp-json\/wp\/v2\/media?parent=11032"}],"curies":[{"name":"wp","href":"https:\/\/api.w.org\/{rel}","templated":true}]}}