{"id":11034,"date":"2020-12-18T13:48:52","date_gmt":"2020-12-18T12:48:52","guid":{"rendered":"http:\/\/onlinelotto365.net\/?page_id=11034"},"modified":"2020-12-30T12:30:41","modified_gmt":"2020-12-30T11:30:41","slug":"powerball-australia","status":"publish","type":"page","link":"https:\/\/onlinelotto365.com\/it\/giocare\/powerball-australia\/","title":{"rendered":"Powerball Australia &#8211; non sei pi\u00f9 limitato alle lotterie del Regno Unito"},"content":{"rendered":"<h2>Come giocare a Powerball Australia online<\/h2>\n<p>In realt\u00e0 \u00e8 <strong> abbastanza semplice giocare a Powerball Australia online <\/strong>, anche se sei in Italia. Ed \u00e8 anche abbastanza conveniente perch\u00e9 sei gi\u00e0 qui dove puoi ottenere i tuoi biglietti con pochi clic del mouse.<\/p>\n<p>Ti prenderai cura di te in ogni fase del processo, dove tutto ci\u00f2 che devi fare \u00e8 <strong> creare un account gratuito <\/strong>, effettuare le tue selezioni, scegliere una delle loro numerose comode opzioni di pagamento e noi facciamo tutto il riposo.<\/p>\n<p>Assicurati di fare clic sulla lotteria corretta, ovvero Powerball Australia. Quindi seleziona i tuoi numeri. Se provi a scegliere troppi numeri o non hai selezionato abbastanza numeri, il sistema ti chieder\u00e0 di scegliere meno o pi\u00f9 numeri. Puoi anche fare clic sul pulsante di selezione rapida e il sito <strong> selezioner\u00e0 alcuni numeri a caso <\/strong> per te. Puoi comunque modificare manualmente quei numeri se non ti piacciono.<\/p>\n<p>C&#8217;\u00e8 anche un metodo che molti giocatori amano usare: la funzione di selezione rapida. Oppure puoi usare manualmente alcuni dei tuoi numeri preferiti e lasciare che il generatore di numeri casuali scelga il resto per te.<\/p>\n<p>Successivamente, puoi selezionare un&#8217;altra lotteria, giocare pi\u00f9 biglietti della lotteria e aggiungerli al tuo ordine. Quindi, fai clic per effettuare il check out e pagare in sicurezza i tuoi biglietti. A questo punto, dovrai creare un account con noi. Naturalmente, puoi anche creare prima il tuo account e poi avviare il processo di ordinazione dei biglietti.<\/p>\n<p>Dopo aver creato il tuo account, ti invieremo un&#8217;e-mail di verifica con un link su cui devi fare clic. Assicurati di controllare la tua cartella spam per questa email. Sarebbe saggio contrassegnare il nostro indirizzo e-mail come mittente affidabile. Ci\u00f2 garantisce che i messaggi importanti come le notifiche delle vincite ti raggiungano effettivamente.<\/p>\n<p><a href=\"https:\/\/redfoxlotto.com\/it\/powerball-au\/?ref=a8564250a2&amp;medium=ol365\" target=\"_blank\" rel=\"noopener noreferrer\"> <img decoding=\"async\" class=\"aligncenter\" src=\" https:\/\/redfoxlotto.com\/image?size=8&amp;lottery=powerball-au \" alt=\" Powerball Italy \" \/> <\/a><\/p>\n<h2>Informazioni su Powerball Australia<\/h2>\n<ul>\n<li>Paese: Australia<\/li>\n<li>Intervallo di numeri principali: 35<\/li>\n<li>Devi selezionare: 7<\/li>\n<li>Intervallo di numeri extra: 20<\/li>\n<li>Devi selezionare: 1<\/li>\n<li>Giorni, orari di estrazione: gioved\u00ec, 21:30 GMT + 11, 10:30 CET<\/li>\n<li>Il jackpot inizia da: AU $ 3 milioni<\/li>\n<li>Il jackpot \u00e8 limitato a: AU $ 150 milioni<\/li>\n<li>Possibilit\u00e0 di vincere il jackpot: 1 su 134.490.400<\/li>\n<li>Possibilit\u00e0 di vincere un secondo premio: 1 su 7.078.443<\/li>\n<li>Possibilit\u00e0 di vincere qualsiasi premio: 1 su 24,87<\/li>\n<li>Numero di categorie di premi: 7<\/li>\n<\/ul>\n<h2>Come controllare i risultati di Powerball Australia<\/h2>\n<p>Puoi utilizzare una serie di <a href=\"https:\/\/onlinelotto365.com\/it\/numeri-vincenti\"> metodi per controllare i tuoi risultati. <\/a> Puoi trovarli sul sito ufficiale della lotteria. Per alcune lotterie, potresti trovare i numeri vincenti sul tuo giornale locale o un canale televisivo potrebbe trasmetterli. Ma il modo pi\u00f9 semplice \u00e8 tornare sul nostro sito e <a href=\"https:\/\/onlinelotto365.com\/it\/news\/controllare-il-biglietto-della-lotteria-on-line\"> controllare gli ultimi numeri vincenti <\/a> qui. Una volta effettuato l&#8217;accesso al tuo account, puoi <strong> confrontare i numeri che hai giocato con i numeri dell&#8217;estrazione <\/strong>. E puoi vedere subito quanto hai vinto.<\/p>\n<h2>Hai giocato a Powerball Australia online e hai vinto: cosa succede dopo?<\/h2>\n<p>Innanzitutto, dovresti controllare quanto hai vinto. Se la vincita \u00e8 inferiore a \u20ac 2500, troverai l &#8216;<strong> importo accreditato sul tuo conto giocatore <\/strong>. \u00c8 una tua scelta utilizzarlo per l&#8217;acquisto di biglietti aggiuntivi o, se preferisci, puoi ritirarlo. Tieni presente che l&#8217;opzione di prelievo \u00e8 visibile solo se il saldo del tuo account \u00e8 di almeno \u20ac 10.<\/p>\n<p>Per vincite superiori a \u20ac 2500, il nostro supporto ti contatter\u00e0. Dovrai compilare un modulo di richiesta, che invieremo poi alla commissione della lotteria. Quindi, <strong> riceverai le tue vincite tramite bonifico bancario o assegno <\/strong>, a seconda dei tuoi desideri.<\/p>\n","protected":false},"excerpt":{"rendered":"<p>Come giocare a Powerball Australia online In realt\u00e0 \u00e8 abbastanza semplice giocare a Powerball Australia online , anche se sei in Italia. Ed \u00e8 anche abbastanza conveniente perch\u00e9 sei gi\u00e0 qui dove puoi ottenere i tuoi biglietti con pochi clic del mouse. Ti prenderai cura di te in ogni fase del processo, dove tutto ci\u00f2 [&hellip;]<\/p>\n","protected":false},"author":1,"featured_media":0,"parent":5021,"menu_order":13,"comment_status":"closed","ping_status":"closed","template":"powerball-au.php","meta":{"_et_pb_use_builder":"","_et_pb_old_content":"","_et_gb_content_width":"","exclude_from_search":false,"footnotes":""},"class_list":["post-11034","page","type-page","status-publish","hentry"],"yoast_head":"<!-- This site is optimized with the Yoast SEO plugin v23.4 - https:\/\/yoast.com\/wordpress\/plugins\/seo\/ -->\n<title>Gioca a Powerball Australia online da Italia<\/title>\n<meta name=\"description\" content=\"Gioca a Powerball Australia proprio qui - le pi\u00f9 grandi lotterie, del pianeta, disponibili online dall&#039;Italia\" \/>\n<meta name=\"robots\" content=\"index, follow, max-snippet:-1, max-image-preview:large, max-video-preview:-1\" \/>\n<link rel=\"canonical\" href=\"https:\/\/onlinelotto365.com\/it\/giocare\/powerball-australia\/\" \/>\n<meta property=\"og:locale\" content=\"it_IT\" \/>\n<meta property=\"og:type\" content=\"article\" \/>\n<meta property=\"og:title\" content=\"Gioca a Powerball Australia online da Italia\" \/>\n<meta property=\"og:description\" content=\"Gioca a Powerball Australia proprio qui - le pi\u00f9 grandi lotterie, del pianeta, disponibili online dall&#039;Italia\" \/>\n<meta property=\"og:url\" content=\"https:\/\/onlinelotto365.com\/it\/giocare\/powerball-australia\/\" \/>\n<meta property=\"og:site_name\" content=\"OnlineLotto365\" \/>\n<meta property=\"article:modified_time\" content=\"2020-12-30T11:30:41+00:00\" \/>\n<meta name=\"twitter:card\" content=\"summary_large_image\" \/>\n<meta name=\"twitter:label1\" content=\"Tempo di lettura stimato\" \/>\n\t<meta name=\"twitter:data1\" content=\"3 minuti\" \/>\n<script type=\"application\/ld+json\" class=\"yoast-schema-graph\">{\"@context\":\"https:\/\/schema.org\",\"@graph\":[{\"@type\":\"WebPage\",\"@id\":\"https:\/\/onlinelotto365.com\/it\/giocare\/powerball-australia\/\",\"url\":\"https:\/\/onlinelotto365.com\/it\/giocare\/powerball-australia\/\",\"name\":\"Gioca a Powerball Australia online da Italia\",\"isPartOf\":{\"@id\":\"https:\/\/onlinelotto365.com\/it\/#website\"},\"datePublished\":\"2020-12-18T12:48:52+00:00\",\"dateModified\":\"2020-12-30T11:30:41+00:00\",\"description\":\"Gioca a Powerball Australia proprio qui - le pi\u00f9 grandi lotterie, del pianeta, disponibili online dall'Italia\",\"breadcrumb\":{\"@id\":\"https:\/\/onlinelotto365.com\/it\/giocare\/powerball-australia\/#breadcrumb\"},\"inLanguage\":\"it-IT\",\"potentialAction\":[{\"@type\":\"ReadAction\",\"target\":[\"https:\/\/onlinelotto365.com\/it\/giocare\/powerball-australia\/\"]}]},{\"@type\":\"BreadcrumbList\",\"@id\":\"https:\/\/onlinelotto365.com\/it\/giocare\/powerball-australia\/#breadcrumb\",\"itemListElement\":[{\"@type\":\"ListItem\",\"position\":1,\"name\":\"Home\",\"item\":\"https:\/\/onlinelotto365.com\/it\/\"},{\"@type\":\"ListItem\",\"position\":2,\"name\":\"Tutto quello che devi sapere sulle tue opzioni per giocare alle migliori lotterie online\",\"item\":\"https:\/\/onlinelotto365.com\/it\/giocare\/\"},{\"@type\":\"ListItem\",\"position\":3,\"name\":\"Powerball Australia &#8211; non sei pi\u00f9 limitato alle lotterie del Regno Unito\"}]},{\"@type\":\"WebSite\",\"@id\":\"https:\/\/onlinelotto365.com\/it\/#website\",\"url\":\"https:\/\/onlinelotto365.com\/it\/\",\"name\":\"OnlineLotto365\",\"description\":\"\",\"potentialAction\":[{\"@type\":\"SearchAction\",\"target\":{\"@type\":\"EntryPoint\",\"urlTemplate\":\"https:\/\/onlinelotto365.com\/it\/?s={search_term_string}\"},\"query-input\":{\"@type\":\"PropertyValueSpecification\",\"valueRequired\":true,\"valueName\":\"search_term_string\"}}],\"inLanguage\":\"it-IT\"}]}<\/script>\n<!-- \/ Yoast SEO plugin. -->","yoast_head_json":{"title":"Gioca a Powerball Australia online da Italia","description":"Gioca a Powerball Australia proprio qui - le pi\u00f9 grandi lotterie, del pianeta, disponibili online dall'Italia","robots":{"index":"index","follow":"follow","max-snippet":"max-snippet:-1","max-image-preview":"max-image-preview:large","max-video-preview":"max-video-preview:-1"},"canonical":"https:\/\/onlinelotto365.com\/it\/giocare\/powerball-australia\/","og_locale":"it_IT","og_type":"article","og_title":"Gioca a Powerball Australia online da Italia","og_description":"Gioca a Powerball Australia proprio qui - le pi\u00f9 grandi lotterie, del pianeta, disponibili online dall'Italia","og_url":"https:\/\/onlinelotto365.com\/it\/giocare\/powerball-australia\/","og_site_name":"OnlineLotto365","article_modified_time":"2020-12-30T11:30:41+00:00","twitter_card":"summary_large_image","twitter_misc":{"Tempo di lettura stimato":"3 minuti"},"schema":{"@context":"https:\/\/schema.org","@graph":[{"@type":"WebPage","@id":"https:\/\/onlinelotto365.com\/it\/giocare\/powerball-australia\/","url":"https:\/\/onlinelotto365.com\/it\/giocare\/powerball-australia\/","name":"Gioca a Powerball Australia online da Italia","isPartOf":{"@id":"https:\/\/onlinelotto365.com\/it\/#website"},"datePublished":"2020-12-18T12:48:52+00:00","dateModified":"2020-12-30T11:30:41+00:00","description":"Gioca a Powerball Australia proprio qui - le pi\u00f9 grandi lotterie, del pianeta, disponibili online dall'Italia","breadcrumb":{"@id":"https:\/\/onlinelotto365.com\/it\/giocare\/powerball-australia\/#breadcrumb"},"inLanguage":"it-IT","potentialAction":[{"@type":"ReadAction","target":["https:\/\/onlinelotto365.com\/it\/giocare\/powerball-australia\/"]}]},{"@type":"BreadcrumbList","@id":"https:\/\/onlinelotto365.com\/it\/giocare\/powerball-australia\/#breadcrumb","itemListElement":[{"@type":"ListItem","position":1,"name":"Home","item":"https:\/\/onlinelotto365.com\/it\/"},{"@type":"ListItem","position":2,"name":"Tutto quello che devi sapere sulle tue opzioni per giocare alle migliori lotterie online","item":"https:\/\/onlinelotto365.com\/it\/giocare\/"},{"@type":"ListItem","position":3,"name":"Powerball Australia &#8211; non sei pi\u00f9 limitato alle lotterie del Regno Unito"}]},{"@type":"WebSite","@id":"https:\/\/onlinelotto365.com\/it\/#website","url":"https:\/\/onlinelotto365.com\/it\/","name":"OnlineLotto365","description":"","potentialAction":[{"@type":"SearchAction","target":{"@type":"EntryPoint","urlTemplate":"https:\/\/onlinelotto365.com\/it\/?s={search_term_string}"},"query-input":{"@type":"PropertyValueSpecification","valueRequired":true,"valueName":"search_term_string"}}],"inLanguage":"it-IT"}]}},"_links":{"self":[{"href":"https:\/\/onlinelotto365.com\/it\/wp-json\/wp\/v2\/pages\/11034","targetHints":{"allow":["GET"]}}],"collection":[{"href":"https:\/\/onlinelotto365.com\/it\/wp-json\/wp\/v2\/pages"}],"about":[{"href":"https:\/\/onlinelotto365.com\/it\/wp-json\/wp\/v2\/types\/page"}],"author":[{"embeddable":true,"href":"https:\/\/onlinelotto365.com\/it\/wp-json\/wp\/v2\/users\/1"}],"replies":[{"embeddable":true,"href":"https:\/\/onlinelotto365.com\/it\/wp-json\/wp\/v2\/comments?post=11034"}],"version-history":[{"count":0,"href":"https:\/\/onlinelotto365.com\/it\/wp-json\/wp\/v2\/pages\/11034\/revisions"}],"up":[{"embeddable":true,"href":"https:\/\/onlinelotto365.com\/it\/wp-json\/wp\/v2\/pages\/5021"}],"wp:attachment":[{"href":"https:\/\/onlinelotto365.com\/it\/wp-json\/wp\/v2\/media?parent=11034"}],"curies":[{"name":"wp","href":"https:\/\/api.w.org\/{rel}","templated":true}]}}