{"id":11036,"date":"2020-12-18T13:49:52","date_gmt":"2020-12-18T12:49:52","guid":{"rendered":"http:\/\/onlinelotto365.net\/?page_id=11036"},"modified":"2021-01-11T09:58:02","modified_gmt":"2021-01-11T08:58:02","slug":"oz-lotto","status":"publish","type":"page","link":"https:\/\/onlinelotto365.com\/it\/giocare\/oz-lotto\/","title":{"rendered":"Giocare all&#8217;Oz Lotto \u00e8 solo una delle opzioni per gli appassionati della lotteria italiana"},"content":{"rendered":"<h2>Come giocare a Oz Lotto online<\/h2>\n<p>Che tu viva o meno in Australia, puoi <strong> giocare a Oz Lotto online <\/strong> con facilit\u00e0. Questo perch\u00e9 tutto ci\u00f2 che devi fare \u00e8 trovare la pagina giusta sul nostro sito web, fare clic su alcuni pulsanti e prima che tu te ne accorga avrai i biglietti che desideri.<\/p>\n<p>Ancora meglio, devi solo creare un account completamente gratuito, <a href=\"https:\/\/onlinelotto365.com\/it\/giocare\"> scegli i biglietti <\/a> e i numeri che desideri, seleziona l&#8217;opzione di pagamento che funziona meglio per te e hai finito. \u00c8 davvero cos\u00ec semplice.<\/p>\n<p>Se sei pronto per iniziare, la prima cosa che devi fare \u00e8 scegliere il lotto che desideri. In questo caso, stai guardando Oz Lotto. Una volta entrato, scegli i numeri che vuoi giocare. Non devi nemmeno preoccuparti di scegliere i tuoi numeri in modo errato perch\u00e9 il sistema ti far\u00e0 sapere di cosa hai bisogno.<\/p>\n<p>Ci\u00f2 significa anche la quantit\u00e0 di numeri. Inoltre, puoi scegliere una scelta rapida per fare in modo che il computer selezioni casualmente i tuoi numeri e quindi modifichi anche quei numeri.<br \/>\nDopo aver ottenuto i biglietti che desideri per Oz Lotto, puoi scegliere di aggiungere ancora pi\u00f9 biglietti, scegliere un gioco diverso e aggiungere quei biglietti o semplicemente aggiungere i tuoi biglietti a un ordine per l&#8217;acquisto. Effettua il checkout e paga dall&#8217;Italia con il tuo metodo di pagamento preferito e sarai pronto. Tuttavia, ovviamente, dovrai creare un account per completare la procedura di pagamento.<\/p>\n<p>Creare l&#8217;account \u00e8 facile e ti inviamo immediatamente un&#8217;e-mail di verifica e un collegamento. In questo modo puoi saltare direttamente all &#8216;<a href=\"https:\/\/onlinelotto365.com\/it\/buy-tickets\"> acquisto di quei biglietti <\/a> senza dover aspettare. Assicurati solo di controllare la tua posta in arrivo e la cartella dello spam perch\u00e9 non sarai in grado di ricevere i tuoi biglietti se non confermi. Sarai pronto per partire in men che non si dica.<br \/>\n<a href=\"https:\/\/redfoxlotto.com\/it\/oz-lotto\/?ref=a8564250a2&amp;medium=ol365\" target=\"_blank\" rel=\"noopener noreferrer\"> <img decoding=\"async\" class=\"aligncenter\" src=\" https:\/\/redfoxlotto.com\/image?size=8&amp;lottery=oz-lotto \" alt=\" Oz Lotto \" \/> <\/a><\/p>\n<h2>Informazioni su Oz Lotto<\/h2>\n<ul>\n<li style=\"list-style-type: none;\">\n<ul>\n<li>Paese: Australia<\/li>\n<li>Intervallo di numeri principali: 45<\/li>\n<li>Devi selezionare: 7<\/li>\n<li>Giorni, orari di estrazione: marted\u00ec, 21:30 GMT + 11 &#8211; 10:30 CET<\/li>\n<li>Il jackpot inizia da: AU $ 2 milioni<\/li>\n<li>Il jackpot \u00e8 limitato a: nessuno<\/li>\n<li>Possibilit\u00e0 di vincere il jackpot: 1 su 45379620<\/li>\n<li>Possibilit\u00e0 di vincere il secondo premio: 1 su 3241401<\/li>\n<li>Possibilit\u00e0 di vincere qualsiasi premio: 1 su 54,59<\/li>\n<li>Numero di categorie di premi: 7<\/li>\n<\/ul>\n<\/li>\n<\/ul>\n<h2>Le migliori caratteristiche di Oz Lotto<\/h2>\n<p>Oz Lotto offre ai fan del lotto in Italia l &#8216;<strong> opportunit\u00e0 di vincere in sette diverse divisioni <\/strong>, aumentando le tue possibilit\u00e0 di vincere un grande premio. Non solo, ma se vinci nella Divisione 1 hai la certezza di dividere un premio da $ 2 milioni, e spesso molto pi\u00f9 alto. Ci\u00f2 significa che non avrai problemi a vincere qualcosa di grande, o almeno a ottenere una parte di uno dei fantastici premi.<\/p>\n<h2>Come controllare i risultati di Oz Lotto<\/h2>\n<p>Ci sono molti modi per <a href=\"https:\/\/onlinelotto365.com\/it\/numeri-vincenti\"> controllare i numeri vincenti <\/a> per Oz Lotto. Il primo \u00e8 visitare il sito web ufficiale o controllare le lotterie locali attraverso il tuo giornale o il tuo canale di notizie preferito. Ma funziona solo se il gioco \u00e8 locale. E il modo migliore per ottenere i numeri del lotto \u00e8 tornare direttamente sul nostro sito.<br \/>\nDopo tutto, hai comprato i biglietti qui, quindi perch\u00e9 no? Sarai in grado di accedere direttamente al tuo account e confrontare i tuoi numeri con i numeri vincenti per vedere quanto hai vinto.<\/p>\n<h2>Sei un vincitore di Oz Lotto! &#8211; E adesso? <img decoding=\"async\" class=\"alignright wp-image-3635\" src=\"https:\/\/onlinelotto365.com\/wp-content\/uploads\/2020\/11\/online_lottery-123-300x300.jpg\" alt=\"play oz lotto online \" width=\" 228 \" height=\" 228 \" srcset=\"https:\/\/onlinelotto365.com\/wp-content\/uploads\/2020\/11\/online_lottery-123-300x300.jpg 300w, https:\/\/onlinelotto365.com\/wp-content\/uploads\/2020\/11\/online_lottery-123-100x100.jpg 100w, https:\/\/onlinelotto365.com\/wp-content\/uploads\/2020\/11\/online_lottery-123-150x150.jpg 150w, https:\/\/onlinelotto365.com\/wp-content\/uploads\/2020\/11\/online_lottery-123.jpg 320w\" sizes=\"(max-width: 300px) 100vw, 300px\" \/><\/h2>\n<p>La prima cosa che vorrai sapere \u00e8 quanto otterrai. Dopotutto, tutti vogliono sapere delle loro vincite, giusto? Se hai vinto meno di \u20ac 2500 non dovrai fare nulla. Ci occupiamo di richiedere il premio e di inserirlo direttamente nel tuo account online. Da l\u00ec, puoi scegliere di portarlo fuori, acquistare nuovi biglietti o qualsiasi altra cosa tu voglia, purch\u00e9 tu abbia pi\u00f9 di \u20ac 10, cio\u00e8.<\/p>\n<p>Ora, se hai vinto pi\u00f9 di \u20ac 2500 c&#8217;\u00e8 un po &#8216;pi\u00f9 di coinvolgimento nel processo, ma non preoccuparti perch\u00e9 ti aiuteremo in tutto. Ci metteremo in contatto con te e ti faremo una copia del modulo di richiesta che deve essere inviato alla commissione della lotteria. Una volta compilato, sarai in grado di ottenere le tue vincite in base a ci\u00f2 che hai inviato sulla carta. Puoi ottenere un assegno o un bonifico bancario.<\/p>\n","protected":false},"excerpt":{"rendered":"<p>Come giocare a Oz Lotto online Che tu viva o meno in Australia, puoi giocare a Oz Lotto online con facilit\u00e0. Questo perch\u00e9 tutto ci\u00f2 che devi fare \u00e8 trovare la pagina giusta sul nostro sito web, fare clic su alcuni pulsanti e prima che tu te ne accorga avrai i biglietti che desideri. Ancora [&hellip;]<\/p>\n","protected":false},"author":1,"featured_media":0,"parent":5021,"menu_order":14,"comment_status":"closed","ping_status":"closed","template":"template-rightsidebar.php","meta":{"_et_pb_use_builder":"","_et_pb_old_content":"","_et_gb_content_width":"","exclude_from_search":false,"footnotes":""},"class_list":["post-11036","page","type-page","status-publish","hentry"],"yoast_head":"<!-- This site is optimized with the Yoast SEO plugin v23.4 - https:\/\/yoast.com\/wordpress\/plugins\/seo\/ -->\n<title>Gioca a Oz Lotto proprio qui - le pi\u00f9 grandi lotterie del pianeta, disponibili online dall&#039;Italia<\/title>\n<meta name=\"description\" content=\"Gioca a molte lotterie internazionali online, tra cui OzLotto\" \/>\n<meta name=\"robots\" content=\"index, follow, max-snippet:-1, max-image-preview:large, max-video-preview:-1\" \/>\n<link rel=\"canonical\" href=\"https:\/\/onlinelotto365.com\/it\/giocare\/oz-lotto\/\" \/>\n<meta property=\"og:locale\" content=\"it_IT\" \/>\n<meta property=\"og:type\" content=\"article\" \/>\n<meta property=\"og:title\" content=\"Gioca a Oz Lotto proprio qui - le pi\u00f9 grandi lotterie del pianeta, disponibili online dall&#039;Italia\" \/>\n<meta property=\"og:description\" content=\"Gioca a molte lotterie internazionali online, tra cui OzLotto\" \/>\n<meta property=\"og:url\" content=\"https:\/\/onlinelotto365.com\/it\/giocare\/oz-lotto\/\" \/>\n<meta property=\"og:site_name\" content=\"OnlineLotto365\" \/>\n<meta property=\"article:modified_time\" content=\"2021-01-11T08:58:02+00:00\" \/>\n<meta property=\"og:image\" content=\"https:\/\/onlinelotto365.com\/wp-content\/uploads\/2020\/11\/online_lottery-123-300x300.jpg\" \/>\n<meta name=\"twitter:card\" content=\"summary_large_image\" \/>\n<meta name=\"twitter:label1\" content=\"Tempo di lettura stimato\" \/>\n\t<meta name=\"twitter:data1\" content=\"3 minuti\" \/>\n<script type=\"application\/ld+json\" class=\"yoast-schema-graph\">{\"@context\":\"https:\/\/schema.org\",\"@graph\":[{\"@type\":\"WebPage\",\"@id\":\"https:\/\/onlinelotto365.com\/it\/giocare\/oz-lotto\/\",\"url\":\"https:\/\/onlinelotto365.com\/it\/giocare\/oz-lotto\/\",\"name\":\"Gioca a Oz Lotto proprio qui - le pi\u00f9 grandi lotterie del pianeta, disponibili online dall'Italia\",\"isPartOf\":{\"@id\":\"https:\/\/onlinelotto365.com\/it\/#website\"},\"primaryImageOfPage\":{\"@id\":\"https:\/\/onlinelotto365.com\/it\/giocare\/oz-lotto\/#primaryimage\"},\"image\":{\"@id\":\"https:\/\/onlinelotto365.com\/it\/giocare\/oz-lotto\/#primaryimage\"},\"thumbnailUrl\":\"https:\/\/onlinelotto365.com\/wp-content\/uploads\/2020\/11\/online_lottery-123-300x300.jpg\",\"datePublished\":\"2020-12-18T12:49:52+00:00\",\"dateModified\":\"2021-01-11T08:58:02+00:00\",\"description\":\"Gioca a molte lotterie internazionali online, tra cui OzLotto\",\"breadcrumb\":{\"@id\":\"https:\/\/onlinelotto365.com\/it\/giocare\/oz-lotto\/#breadcrumb\"},\"inLanguage\":\"it-IT\",\"potentialAction\":[{\"@type\":\"ReadAction\",\"target\":[\"https:\/\/onlinelotto365.com\/it\/giocare\/oz-lotto\/\"]}]},{\"@type\":\"ImageObject\",\"inLanguage\":\"it-IT\",\"@id\":\"https:\/\/onlinelotto365.com\/it\/giocare\/oz-lotto\/#primaryimage\",\"url\":\"https:\/\/onlinelotto365.com\/wp-content\/uploads\/2020\/11\/online_lottery-123-300x300.jpg\",\"contentUrl\":\"https:\/\/onlinelotto365.com\/wp-content\/uploads\/2020\/11\/online_lottery-123-300x300.jpg\"},{\"@type\":\"BreadcrumbList\",\"@id\":\"https:\/\/onlinelotto365.com\/it\/giocare\/oz-lotto\/#breadcrumb\",\"itemListElement\":[{\"@type\":\"ListItem\",\"position\":1,\"name\":\"Home\",\"item\":\"https:\/\/onlinelotto365.com\/it\/\"},{\"@type\":\"ListItem\",\"position\":2,\"name\":\"Tutto quello che devi sapere sulle tue opzioni per giocare alle migliori lotterie online\",\"item\":\"https:\/\/onlinelotto365.com\/it\/giocare\/\"},{\"@type\":\"ListItem\",\"position\":3,\"name\":\"Giocare all&#8217;Oz Lotto \u00e8 solo una delle opzioni per gli appassionati della lotteria italiana\"}]},{\"@type\":\"WebSite\",\"@id\":\"https:\/\/onlinelotto365.com\/it\/#website\",\"url\":\"https:\/\/onlinelotto365.com\/it\/\",\"name\":\"OnlineLotto365\",\"description\":\"\",\"potentialAction\":[{\"@type\":\"SearchAction\",\"target\":{\"@type\":\"EntryPoint\",\"urlTemplate\":\"https:\/\/onlinelotto365.com\/it\/?s={search_term_string}\"},\"query-input\":{\"@type\":\"PropertyValueSpecification\",\"valueRequired\":true,\"valueName\":\"search_term_string\"}}],\"inLanguage\":\"it-IT\"}]}<\/script>\n<!-- \/ Yoast SEO plugin. -->","yoast_head_json":{"title":"Gioca a Oz Lotto proprio qui - le pi\u00f9 grandi lotterie del pianeta, disponibili online dall'Italia","description":"Gioca a molte lotterie internazionali online, tra cui OzLotto","robots":{"index":"index","follow":"follow","max-snippet":"max-snippet:-1","max-image-preview":"max-image-preview:large","max-video-preview":"max-video-preview:-1"},"canonical":"https:\/\/onlinelotto365.com\/it\/giocare\/oz-lotto\/","og_locale":"it_IT","og_type":"article","og_title":"Gioca a Oz Lotto proprio qui - le pi\u00f9 grandi lotterie del pianeta, disponibili online dall'Italia","og_description":"Gioca a molte lotterie internazionali online, tra cui OzLotto","og_url":"https:\/\/onlinelotto365.com\/it\/giocare\/oz-lotto\/","og_site_name":"OnlineLotto365","article_modified_time":"2021-01-11T08:58:02+00:00","og_image":[{"url":"https:\/\/onlinelotto365.com\/wp-content\/uploads\/2020\/11\/online_lottery-123-300x300.jpg"}],"twitter_card":"summary_large_image","twitter_misc":{"Tempo di lettura stimato":"3 minuti"},"schema":{"@context":"https:\/\/schema.org","@graph":[{"@type":"WebPage","@id":"https:\/\/onlinelotto365.com\/it\/giocare\/oz-lotto\/","url":"https:\/\/onlinelotto365.com\/it\/giocare\/oz-lotto\/","name":"Gioca a Oz Lotto proprio qui - le pi\u00f9 grandi lotterie del pianeta, disponibili online dall'Italia","isPartOf":{"@id":"https:\/\/onlinelotto365.com\/it\/#website"},"primaryImageOfPage":{"@id":"https:\/\/onlinelotto365.com\/it\/giocare\/oz-lotto\/#primaryimage"},"image":{"@id":"https:\/\/onlinelotto365.com\/it\/giocare\/oz-lotto\/#primaryimage"},"thumbnailUrl":"https:\/\/onlinelotto365.com\/wp-content\/uploads\/2020\/11\/online_lottery-123-300x300.jpg","datePublished":"2020-12-18T12:49:52+00:00","dateModified":"2021-01-11T08:58:02+00:00","description":"Gioca a molte lotterie internazionali online, tra cui OzLotto","breadcrumb":{"@id":"https:\/\/onlinelotto365.com\/it\/giocare\/oz-lotto\/#breadcrumb"},"inLanguage":"it-IT","potentialAction":[{"@type":"ReadAction","target":["https:\/\/onlinelotto365.com\/it\/giocare\/oz-lotto\/"]}]},{"@type":"ImageObject","inLanguage":"it-IT","@id":"https:\/\/onlinelotto365.com\/it\/giocare\/oz-lotto\/#primaryimage","url":"https:\/\/onlinelotto365.com\/wp-content\/uploads\/2020\/11\/online_lottery-123-300x300.jpg","contentUrl":"https:\/\/onlinelotto365.com\/wp-content\/uploads\/2020\/11\/online_lottery-123-300x300.jpg"},{"@type":"BreadcrumbList","@id":"https:\/\/onlinelotto365.com\/it\/giocare\/oz-lotto\/#breadcrumb","itemListElement":[{"@type":"ListItem","position":1,"name":"Home","item":"https:\/\/onlinelotto365.com\/it\/"},{"@type":"ListItem","position":2,"name":"Tutto quello che devi sapere sulle tue opzioni per giocare alle migliori lotterie online","item":"https:\/\/onlinelotto365.com\/it\/giocare\/"},{"@type":"ListItem","position":3,"name":"Giocare all&#8217;Oz Lotto \u00e8 solo una delle opzioni per gli appassionati della lotteria italiana"}]},{"@type":"WebSite","@id":"https:\/\/onlinelotto365.com\/it\/#website","url":"https:\/\/onlinelotto365.com\/it\/","name":"OnlineLotto365","description":"","potentialAction":[{"@type":"SearchAction","target":{"@type":"EntryPoint","urlTemplate":"https:\/\/onlinelotto365.com\/it\/?s={search_term_string}"},"query-input":{"@type":"PropertyValueSpecification","valueRequired":true,"valueName":"search_term_string"}}],"inLanguage":"it-IT"}]}},"_links":{"self":[{"href":"https:\/\/onlinelotto365.com\/it\/wp-json\/wp\/v2\/pages\/11036","targetHints":{"allow":["GET"]}}],"collection":[{"href":"https:\/\/onlinelotto365.com\/it\/wp-json\/wp\/v2\/pages"}],"about":[{"href":"https:\/\/onlinelotto365.com\/it\/wp-json\/wp\/v2\/types\/page"}],"author":[{"embeddable":true,"href":"https:\/\/onlinelotto365.com\/it\/wp-json\/wp\/v2\/users\/1"}],"replies":[{"embeddable":true,"href":"https:\/\/onlinelotto365.com\/it\/wp-json\/wp\/v2\/comments?post=11036"}],"version-history":[{"count":0,"href":"https:\/\/onlinelotto365.com\/it\/wp-json\/wp\/v2\/pages\/11036\/revisions"}],"up":[{"embeddable":true,"href":"https:\/\/onlinelotto365.com\/it\/wp-json\/wp\/v2\/pages\/5021"}],"wp:attachment":[{"href":"https:\/\/onlinelotto365.com\/it\/wp-json\/wp\/v2\/media?parent=11036"}],"curies":[{"name":"wp","href":"https:\/\/api.w.org\/{rel}","templated":true}]}}