{"id":11038,"date":"2020-12-18T13:51:03","date_gmt":"2020-12-18T12:51:03","guid":{"rendered":"http:\/\/onlinelotto365.net\/?page_id=11038"},"modified":"2021-01-05T18:53:54","modified_gmt":"2021-01-05T17:53:54","slug":"saturday-lotto-australia","status":"publish","type":"page","link":"https:\/\/onlinelotto365.com\/it\/giocare\/saturday-lotto-australia\/","title":{"rendered":"Giocare il sabato Lotto Australia \u00e8 solo una delle opzioni per gli appassionati di lotterie dall&#8217;Italia"},"content":{"rendered":"<h2>Come giocare a Saturday Lotto Australia online<\/h2>\n<p>Se <strong> vivi in \u200b\u200bItalia <\/strong> o altrove, scoprirai che non \u00e8 cos\u00ec difficile come potresti pensare <strong> giocare al Saturday Lotto Australia <\/strong>. Inoltre avrai opzioni per ottenere i biglietti che desideri senza dover dedicare molto tempo, cosa potrebbe esserci di meglio?<\/p>\n<p>Bene, anche il fatto che ti aiuteremo lungo la strada sar\u00e0 sicuramente un grande vantaggio. Puoi scegliere tutte le opzioni che desideri, creare il tuo account, acquistare i biglietti e tutto ci\u00f2 di cui hai bisogno con il tuo metodo di pagamento preferito in pochissimo tempo. E ci assicureremo che quei biglietti siano pronti per te quando arriver\u00e0 l&#8217;estrazione.<\/p>\n<p>Tutto quello che devi fare \u00e8 controllare le diverse <a href=\"http:\/\/onlinelotto365.com\/it\"> opzioni del lotto <\/a> e scegliere Saturday Lotto Italy. Una volta fatto, avrai la possibilit\u00e0 di scegliere i tuoi numeri per ogni biglietto che desideri.<br \/>\nTuttavia, non preoccuparti di scegliere la quantit\u00e0 sbagliata di numeri perch\u00e9 <strong> il sistema ti guider\u00e0 <\/strong> per ottenere la giusta quantit\u00e0. E se non sei cos\u00ec sicuro dei numeri che desideri, puoi semplicemente scegliere una scelta rapida per consentire al computer di scegliere i tuoi numeri per te.<\/p>\n<p>Una volta ottenuti i biglietti, puoi scegliere di aggiungerne altri, scegliere i biglietti per un altro gioco o semplicemente aggiungerli al tuo ordine e prepararti per effettuare un acquisto. Il processo di pagamento \u00e8 progettato per essere il pi\u00f9 semplice possibile in modo che tu possa pagare i tuoi biglietti ed essere in viaggio in pochissimo tempo. Tutto quello che devi fare \u00e8 creare il tuo account.<\/p>\n<p>Creare un account \u00e8 un gioco da ragazzi perch\u00e9 non abbiamo bisogno di molte informazioni. Quindi ti invieremo un&#8217;email di verifica per consentirti di finalizzare il tuo account. Tieni presente che potrebbe finire nella tua cartella spam (il che significa che devi aggiungerci alla tua rubrica) e con ci\u00f2, avrai un account e la <strong> possibilit\u00e0 di acquistare pi\u00f9 biglietti ogni volta che vuoi . <\/strong><br \/>\n<a href=\"https:\/\/redfoxlotto.com\/it\/saturday-lotto-au\/?ref=a8564250a2&amp;medium=ol365\" target=\"_blank\" rel=\"noopener noreferrer\"> <img decoding=\"async\" class=\"aligncenter\" src=\"https:\/\/redfoxlotto.com\/image?size=8&amp;lottery=saturday-lotto-au\" alt=\"Saturday Lotto Australia\" \/> <\/a><\/p>\n<h2>Informazioni su Saturday Lotto Australia<\/h2>\n<ul>\n<li style=\"list-style-type: none;\">\n<ul>\n<li>Paese: Italia<\/li>\n<li>Intervallo di numeri principali: 45<\/li>\n<li>Devi selezionare: 6<\/li>\n<li>Giorni, orari di estrazione: sabato, 21:30 GMT + 11 &#8211; 10:30 CET<\/li>\n<li>Il jackpot inizia da: AU $ 5 milioni<\/li>\n<li>Il jackpot \u00e8 limitato a: AU $ 150 milioni<\/li>\n<li>Possibilit\u00e0 di vincere il jackpot: 1 su 8145060<\/li>\n<li>Possibilit\u00e0 di vincere il secondo premio: 1 su 678755<\/li>\n<li>Possibilit\u00e0 di vincere qualsiasi premio: 1 su 85,44<\/li>\n<li>Numero di categorie di premi: 6<\/li>\n<\/ul>\n<\/li>\n<\/ul>\n<h2>Le migliori caratteristiche di Saturday Lotto Italy<\/h2>\n<p>Il Saturday Lotto Australia offre molte possibilit\u00e0 di vincere e jackpot di diversi milioni. La cosa ancora migliore \u00e8 che ci sono centinaia di migliaia di vincitori in ogni estrazione. Potresti vincere un piccolo premio inferiore a $ 10 o potresti vincere grandi premi che sono centinaia di migliaia di dollari. Tutto quello che devi fare \u00e8 scegliere i numeri giusti.<\/p>\n<h2>Come controllare i risultati del Saturday Lotto Australia<\/h2>\n<p>Quando arriva il momento di controllare i risultati del Saturday Lotto Italy hai diverse opzioni. Il primo \u00e8 dare un&#8217;occhiata al sito ufficiale della lotteria. Pubblicano sempre i <a href=\"https:\/\/onlinelotto365.com\/it\/numeri-vincenti\"> numeri vincenti <\/a> dopo che sono stati estratti.<br \/>\nMa puoi anche controllare i giornali locali ei canali televisivi se vivi localmente. Ovviamente, se vivi in \u200b\u200bItalia, il modo pi\u00f9 semplice e migliore per controllare \u00e8 tornare sul nostro sito web e accedere al tuo account. Da l\u00ec, sarai in grado di vedere gli ultimi numeri vincenti e di confrontarli con i tuoi.<\/p>\n<h2>Hai giocato al Saturday Lotto Australia online e hai vinto, cosa succede dopo?<\/h2>\n<p>Hai vinto qualcosa nell&#8217;ultima estrazione? Se l&#8217;hai fatto, vorrai sapere quanto e questo influenzer\u00e0 il modo in cui otterrai i tuoi soldi. Qualsiasi importo inferiore a \u20ac 2500 pu\u00f2 essere depositato direttamente sul tuo conto e lo sar\u00e0. Ci\u00f2 significa che puoi fare quello che vuoi con esso dal ritirarlo (se \u00e8 superiore a \u20ac 10), all&#8217;acquisto di qualche biglietto in pi\u00f9 per questo o qualsiasi altro gioco che desideri.<br \/>\nD&#8217;altra parte, se sei stato abbastanza fortunato da vincere pi\u00f9 di 2500 \u20ac, ti aiuteremo nel processo di rivendicazione delle tue vincite, che richiede un po &#8216;pi\u00f9 di impegno. Per questo processo, dovrai compilare un modulo di richiesta per la commissione della lotteria e decidere se desideri che il tuo denaro ti venga inviato tramite bonifico bancario o assegno. Dipende interamente da te.<\/p>\n","protected":false},"excerpt":{"rendered":"<p>Come giocare a Saturday Lotto Australia online Se vivi in \u200b\u200bItalia o altrove, scoprirai che non \u00e8 cos\u00ec difficile come potresti pensare giocare al Saturday Lotto Australia . Inoltre avrai opzioni per ottenere i biglietti che desideri senza dover dedicare molto tempo, cosa potrebbe esserci di meglio? Bene, anche il fatto che ti aiuteremo lungo [&hellip;]<\/p>\n","protected":false},"author":1,"featured_media":0,"parent":5021,"menu_order":15,"comment_status":"closed","ping_status":"closed","template":"saturday-lotto.php","meta":{"_et_pb_use_builder":"","_et_pb_old_content":"","_et_gb_content_width":"","exclude_from_search":false,"footnotes":""},"class_list":["post-11038","page","type-page","status-publish","hentry"],"yoast_head":"<!-- This site is optimized with the Yoast SEO plugin v23.4 - https:\/\/yoast.com\/wordpress\/plugins\/seo\/ -->\n<title>Il nostro servizio ti permette di giocare il sabato Lotto Australia online dall&#039;Italia<\/title>\n<meta name=\"description\" content=\"C&#039;\u00e8 un lotto del sabato anche in Australia - gioca online adesso\" \/>\n<meta name=\"robots\" content=\"index, follow, max-snippet:-1, max-image-preview:large, max-video-preview:-1\" \/>\n<link rel=\"canonical\" href=\"https:\/\/onlinelotto365.com\/it\/giocare\/saturday-lotto-australia\/\" \/>\n<meta property=\"og:locale\" content=\"it_IT\" \/>\n<meta property=\"og:type\" content=\"article\" \/>\n<meta property=\"og:title\" content=\"Il nostro servizio ti permette di giocare il sabato Lotto Australia online dall&#039;Italia\" \/>\n<meta property=\"og:description\" content=\"C&#039;\u00e8 un lotto del sabato anche in Australia - gioca online adesso\" \/>\n<meta property=\"og:url\" content=\"https:\/\/onlinelotto365.com\/it\/giocare\/saturday-lotto-australia\/\" \/>\n<meta property=\"og:site_name\" content=\"OnlineLotto365\" \/>\n<meta property=\"article:modified_time\" content=\"2021-01-05T17:53:54+00:00\" \/>\n<meta property=\"og:image\" content=\"https:\/\/redfoxlotto.com\/image?size=8&amp;lottery=saturday-lotto-au\" \/>\n<meta name=\"twitter:card\" content=\"summary_large_image\" \/>\n<meta name=\"twitter:label1\" content=\"Tempo di lettura stimato\" \/>\n\t<meta name=\"twitter:data1\" content=\"3 minuti\" \/>\n<script type=\"application\/ld+json\" class=\"yoast-schema-graph\">{\"@context\":\"https:\/\/schema.org\",\"@graph\":[{\"@type\":\"WebPage\",\"@id\":\"https:\/\/onlinelotto365.com\/it\/giocare\/saturday-lotto-australia\/\",\"url\":\"https:\/\/onlinelotto365.com\/it\/giocare\/saturday-lotto-australia\/\",\"name\":\"Il nostro servizio ti permette di giocare il sabato Lotto Australia online dall'Italia\",\"isPartOf\":{\"@id\":\"https:\/\/onlinelotto365.com\/it\/#website\"},\"primaryImageOfPage\":{\"@id\":\"https:\/\/onlinelotto365.com\/it\/giocare\/saturday-lotto-australia\/#primaryimage\"},\"image\":{\"@id\":\"https:\/\/onlinelotto365.com\/it\/giocare\/saturday-lotto-australia\/#primaryimage\"},\"thumbnailUrl\":\"https:\/\/redfoxlotto.com\/image?size=8&amp;lottery=saturday-lotto-au\",\"datePublished\":\"2020-12-18T12:51:03+00:00\",\"dateModified\":\"2021-01-05T17:53:54+00:00\",\"description\":\"C'\u00e8 un lotto del sabato anche in Australia - gioca online adesso\",\"breadcrumb\":{\"@id\":\"https:\/\/onlinelotto365.com\/it\/giocare\/saturday-lotto-australia\/#breadcrumb\"},\"inLanguage\":\"it-IT\",\"potentialAction\":[{\"@type\":\"ReadAction\",\"target\":[\"https:\/\/onlinelotto365.com\/it\/giocare\/saturday-lotto-australia\/\"]}]},{\"@type\":\"ImageObject\",\"inLanguage\":\"it-IT\",\"@id\":\"https:\/\/onlinelotto365.com\/it\/giocare\/saturday-lotto-australia\/#primaryimage\",\"url\":\"https:\/\/redfoxlotto.com\/image?size=8&amp;lottery=saturday-lotto-au\",\"contentUrl\":\"https:\/\/redfoxlotto.com\/image?size=8&amp;lottery=saturday-lotto-au\"},{\"@type\":\"BreadcrumbList\",\"@id\":\"https:\/\/onlinelotto365.com\/it\/giocare\/saturday-lotto-australia\/#breadcrumb\",\"itemListElement\":[{\"@type\":\"ListItem\",\"position\":1,\"name\":\"Home\",\"item\":\"https:\/\/onlinelotto365.com\/it\/\"},{\"@type\":\"ListItem\",\"position\":2,\"name\":\"Tutto quello che devi sapere sulle tue opzioni per giocare alle migliori lotterie online\",\"item\":\"https:\/\/onlinelotto365.com\/it\/giocare\/\"},{\"@type\":\"ListItem\",\"position\":3,\"name\":\"Giocare il sabato Lotto Australia \u00e8 solo una delle opzioni per gli appassionati di lotterie dall&#8217;Italia\"}]},{\"@type\":\"WebSite\",\"@id\":\"https:\/\/onlinelotto365.com\/it\/#website\",\"url\":\"https:\/\/onlinelotto365.com\/it\/\",\"name\":\"OnlineLotto365\",\"description\":\"\",\"potentialAction\":[{\"@type\":\"SearchAction\",\"target\":{\"@type\":\"EntryPoint\",\"urlTemplate\":\"https:\/\/onlinelotto365.com\/it\/?s={search_term_string}\"},\"query-input\":{\"@type\":\"PropertyValueSpecification\",\"valueRequired\":true,\"valueName\":\"search_term_string\"}}],\"inLanguage\":\"it-IT\"}]}<\/script>\n<!-- \/ Yoast SEO plugin. -->","yoast_head_json":{"title":"Il nostro servizio ti permette di giocare il sabato Lotto Australia online dall'Italia","description":"C'\u00e8 un lotto del sabato anche in Australia - gioca online adesso","robots":{"index":"index","follow":"follow","max-snippet":"max-snippet:-1","max-image-preview":"max-image-preview:large","max-video-preview":"max-video-preview:-1"},"canonical":"https:\/\/onlinelotto365.com\/it\/giocare\/saturday-lotto-australia\/","og_locale":"it_IT","og_type":"article","og_title":"Il nostro servizio ti permette di giocare il sabato Lotto Australia online dall'Italia","og_description":"C'\u00e8 un lotto del sabato anche in Australia - gioca online adesso","og_url":"https:\/\/onlinelotto365.com\/it\/giocare\/saturday-lotto-australia\/","og_site_name":"OnlineLotto365","article_modified_time":"2021-01-05T17:53:54+00:00","og_image":[{"url":"https:\/\/redfoxlotto.com\/image?size=8&amp;lottery=saturday-lotto-au"}],"twitter_card":"summary_large_image","twitter_misc":{"Tempo di lettura stimato":"3 minuti"},"schema":{"@context":"https:\/\/schema.org","@graph":[{"@type":"WebPage","@id":"https:\/\/onlinelotto365.com\/it\/giocare\/saturday-lotto-australia\/","url":"https:\/\/onlinelotto365.com\/it\/giocare\/saturday-lotto-australia\/","name":"Il nostro servizio ti permette di giocare il sabato Lotto Australia online dall'Italia","isPartOf":{"@id":"https:\/\/onlinelotto365.com\/it\/#website"},"primaryImageOfPage":{"@id":"https:\/\/onlinelotto365.com\/it\/giocare\/saturday-lotto-australia\/#primaryimage"},"image":{"@id":"https:\/\/onlinelotto365.com\/it\/giocare\/saturday-lotto-australia\/#primaryimage"},"thumbnailUrl":"https:\/\/redfoxlotto.com\/image?size=8&amp;lottery=saturday-lotto-au","datePublished":"2020-12-18T12:51:03+00:00","dateModified":"2021-01-05T17:53:54+00:00","description":"C'\u00e8 un lotto del sabato anche in Australia - gioca online adesso","breadcrumb":{"@id":"https:\/\/onlinelotto365.com\/it\/giocare\/saturday-lotto-australia\/#breadcrumb"},"inLanguage":"it-IT","potentialAction":[{"@type":"ReadAction","target":["https:\/\/onlinelotto365.com\/it\/giocare\/saturday-lotto-australia\/"]}]},{"@type":"ImageObject","inLanguage":"it-IT","@id":"https:\/\/onlinelotto365.com\/it\/giocare\/saturday-lotto-australia\/#primaryimage","url":"https:\/\/redfoxlotto.com\/image?size=8&amp;lottery=saturday-lotto-au","contentUrl":"https:\/\/redfoxlotto.com\/image?size=8&amp;lottery=saturday-lotto-au"},{"@type":"BreadcrumbList","@id":"https:\/\/onlinelotto365.com\/it\/giocare\/saturday-lotto-australia\/#breadcrumb","itemListElement":[{"@type":"ListItem","position":1,"name":"Home","item":"https:\/\/onlinelotto365.com\/it\/"},{"@type":"ListItem","position":2,"name":"Tutto quello che devi sapere sulle tue opzioni per giocare alle migliori lotterie online","item":"https:\/\/onlinelotto365.com\/it\/giocare\/"},{"@type":"ListItem","position":3,"name":"Giocare il sabato Lotto Australia \u00e8 solo una delle opzioni per gli appassionati di lotterie dall&#8217;Italia"}]},{"@type":"WebSite","@id":"https:\/\/onlinelotto365.com\/it\/#website","url":"https:\/\/onlinelotto365.com\/it\/","name":"OnlineLotto365","description":"","potentialAction":[{"@type":"SearchAction","target":{"@type":"EntryPoint","urlTemplate":"https:\/\/onlinelotto365.com\/it\/?s={search_term_string}"},"query-input":{"@type":"PropertyValueSpecification","valueRequired":true,"valueName":"search_term_string"}}],"inLanguage":"it-IT"}]}},"_links":{"self":[{"href":"https:\/\/onlinelotto365.com\/it\/wp-json\/wp\/v2\/pages\/11038","targetHints":{"allow":["GET"]}}],"collection":[{"href":"https:\/\/onlinelotto365.com\/it\/wp-json\/wp\/v2\/pages"}],"about":[{"href":"https:\/\/onlinelotto365.com\/it\/wp-json\/wp\/v2\/types\/page"}],"author":[{"embeddable":true,"href":"https:\/\/onlinelotto365.com\/it\/wp-json\/wp\/v2\/users\/1"}],"replies":[{"embeddable":true,"href":"https:\/\/onlinelotto365.com\/it\/wp-json\/wp\/v2\/comments?post=11038"}],"version-history":[{"count":0,"href":"https:\/\/onlinelotto365.com\/it\/wp-json\/wp\/v2\/pages\/11038\/revisions"}],"up":[{"embeddable":true,"href":"https:\/\/onlinelotto365.com\/it\/wp-json\/wp\/v2\/pages\/5021"}],"wp:attachment":[{"href":"https:\/\/onlinelotto365.com\/it\/wp-json\/wp\/v2\/media?parent=11038"}],"curies":[{"name":"wp","href":"https:\/\/api.w.org\/{rel}","templated":true}]}}