{"id":11042,"date":"2020-12-18T13:53:39","date_gmt":"2020-12-18T12:53:39","guid":{"rendered":"http:\/\/onlinelotto365.net\/?page_id=11042"},"modified":"2021-03-03T17:23:21","modified_gmt":"2021-03-03T16:23:21","slug":"powerball","status":"publish","type":"page","link":"https:\/\/onlinelotto365.com\/it\/buy-tickets\/powerball\/","title":{"rendered":"Come acquistare i biglietti Powerball online dall&#8217;Italia"},"content":{"rendered":"<p>Naturalmente \u00e8 Internet che ti permette di ottenere un biglietto per le grandi lotterie americane online. Non \u00e8 necessario vivere negli Stati Uniti per partecipare e avere la possibilit\u00e0 di vincere quegli incredibili jackpot come il Powerball. Puoi acquistare il tuo biglietto dall&#8217;Italia, utilizzando il nostro servizio online.<\/p>\n<p>Puoi prima registrare un account con noi, poi selezionare una delle nostre lotterie e scegliere i tuoi numeri. Oppure puoi semplicemente controllare le lotterie prima e creare i biglietti con i tuoi numeri. Quando sei soddisfatto della tua scelta, puoi fare il checkout. A quel punto, ti verr\u00e0 chiesto di creare un account.<\/p>\n<p>In entrambi i casi, dopo aver registrato il tuo nuovo account, dovrai controllare la tua casella di posta. Riceverai un&#8217;email di verifica con un link. Clicca sul link per verificare il tuo indirizzo email. Dopo aver fatto questo, il tuo account \u00e8 attivato. Se non riesci a trovare l&#8217;email di verifica, controlla la cartella dello spam. Una volta trovata l&#8217;email, \u00e8 importante contrassegnarla come &#8220;non spam&#8221; o &#8220;non spazzatura&#8221;. Questo assicura che le nostre future email non finiscano nella tua cartella spam. Immagina di perdere una vittoria perch\u00e9 non hai ricevuto l&#8217;email di notifica!<\/p>\n<p><a href=\"https:\/\/redfoxlotto.com\/it\/powerball\/?ref=a8564250a2&amp;medium=ol365\" target=\"_blank\" rel=\"noopener noreferrer\"> <img decoding=\"async\" class=\"aligncenter\" src=\"https:\/\/redfoxlotto.com\/image?size=8&amp;lottery=powerball\" alt=\"powerball\" \/> <\/a><\/p>\n<h2>Come pagare il tuo biglietto Powerball online<\/h2>\n<p>Ci sono due modi per pagare i biglietti della lotteria online che vuoi.<\/p>\n<ul>\n<li>Per prima cosa, puoi fare un deposito sul tuo conto. Dopo di che, puoi comprare tutti i biglietti che vuoi e usare il saldo per pagarli.<\/li>\n<li>In secondo luogo, si scelgono prima i biglietti e poi si paga l&#8217;importo dell&#8217;ordine.<\/li>\n<\/ul>\n<p>Ci sono numerose opzioni di pagamento disponibili e sono tutte criptate in modo sicuro. I metodi pi\u00f9 popolari sono la carta di credito e Bitcoin.<\/p>\n<h2>Per saperne di pi\u00f9 su Powerball<\/h2>\n<ul>\n<li>La lotteria si tiene dove: USA<\/li>\n<li>Quanti numeri principali da scegliere: 69<\/li>\n<li>\u00c8 necessario selezionare: 5<\/li>\n<li>Quanti numeri extra da scegliere: 26<\/li>\n<li>Devi selezionare: 1<\/li>\n<li>Giorni e orari dell&#8217;estrazione: Mercoled\u00ec, Sabato, 21:00 EST, +1 giorno 3:00 CET<\/li>\n<li>Jackpot minimo: 40 milioni di dollari<\/li>\n<li>Importo massimo del jackpot: nessuno<\/li>\n<li>Possibile combinazione di numeri per una vittoria del jackpot: 1 su 175.223.510<\/li>\n<li>Possibile combinazione di numeri per un livello 2: 1 vittoria su 5.006.386<\/li>\n<li>Probabilit\u00e0 di vincita in qualsiasi livello: 1 su 24,87<\/li>\n<li>Quanti livelli di premio: 9<\/li>\n<\/ul>\n<p>Poco tempo fa, il 13 febbraio 2016, il pi\u00f9 grande jackpot della lotteria statunitense nella storia \u00e8 stato vinto da tre fortunati giocatori. Con una dimensione sbalorditiva del jackpot per un totale di 1,5 miliardi di dollari, i fan della lotteria in tutti gli Stati Uniti hanno trascorso ore in fila per un biglietto. Ma che dire dei giocatori della lotteria dall&#8217;Italia? Sono stati impediti di ottenere un biglietto Powerball a meno che non fossero effettivamente negli Stati Uniti in quel momento? No, non lo erano &#8211; se sapessero che si pu\u00f2 effettivamente giocare al lotto Powerball dall&#8217;Italia!<\/p>\n<h2>Vantaggi dell&#8217;acquisto di biglietti Powerball online<\/h2>\n<p>Attraverso questo o servizio di corriere di biglietti della lotteria online, \u00e8 possibile acquistare biglietti per oltre 20 delle pi\u00f9 grandi lotterie del pianeta. Anche se vivete in Italia, potete scegliere lotterie che vengono estratte in altri paesi. Naturalmente, se non vivi in Italia, ma ti piacerebbe avere un biglietto della lotteria italiana, anche questa \u00e8 una cosa che puoi fare online!<\/p>\n<h2>\u00c8 legale comprare biglietti Powerball online?<\/h2>\n<p>\u00c8 importante sapere che questo \u00e8 un servizio di biglietteria legale e affidabile. Quindi, se vinci alla grande, puoi essere sicuro di ricevere le tue vincite.<\/p>\n<h2>Come vengo pagato se vinco Powerball online?<\/h2>\n<p>Se vinci, il processo di pagamento dipende dall&#8217;importo che hai vinto. Gli importi inferiori a \u20ac 2500 saranno accreditati sul tuo conto online. \u00c8 possibile incassare quel denaro o utilizzarlo per acquistare pi\u00f9 biglietti della lotteria online. Se si vince un importo maggiore, vi invieremo un modulo che \u00e8 necessario compilare e inviarci una e-mail. Poi si invia il modulo alla commissione lotteria e ti pagheranno. Questo servizio \u00e8 gratuito per voi.<\/p>\n<p>Se vinci il jackpot del Powerball con il tuo biglietto online, dovrai fare una scelta. Puoi ottenere un pagamento una tantum che sar\u00e0 inferiore al jackpot effettivo, o puoi ottenere l&#8217;intero importo, pagato in 30 rate annuali pi\u00f9 gli interessi.<\/p>\n","protected":false},"excerpt":{"rendered":"<p>Naturalmente \u00e8 Internet che ti permette di ottenere un biglietto per le grandi lotterie americane online. Non \u00e8 necessario vivere negli Stati Uniti per partecipare e avere la possibilit\u00e0 di vincere quegli incredibili jackpot come il Powerball. Puoi acquistare il tuo biglietto dall&#8217;Italia, utilizzando il nostro servizio online. Puoi prima registrare un account con noi, [&hellip;]<\/p>\n","protected":false},"author":1,"featured_media":0,"parent":3806,"menu_order":0,"comment_status":"closed","ping_status":"closed","template":"powerball-usa-info.php","meta":{"_et_pb_use_builder":"","_et_pb_old_content":"","_et_gb_content_width":"","exclude_from_search":false,"footnotes":""},"class_list":["post-11042","page","type-page","status-publish","hentry"],"yoast_head":"<!-- This site is optimized with the Yoast SEO plugin v23.4 - https:\/\/yoast.com\/wordpress\/plugins\/seo\/ -->\n<title>Acquistare i biglietti per Powerball online dall&#039;Italia | Informazioni su Powerball, come acquistare i biglietti online<\/title>\n<meta name=\"description\" content=\"Acquistare i biglietti per la famosa lotteria Powerball \u00e8 ora facile, procurateli online dall&#039;Italia e da altre parti del mondo\" \/>\n<meta name=\"robots\" content=\"index, follow, max-snippet:-1, max-image-preview:large, max-video-preview:-1\" \/>\n<link rel=\"canonical\" href=\"https:\/\/onlinelotto365.com\/it\/buy-tickets\/powerball\/\" \/>\n<meta property=\"og:locale\" content=\"it_IT\" \/>\n<meta property=\"og:type\" content=\"article\" \/>\n<meta property=\"og:title\" content=\"Acquistare i biglietti per Powerball online dall&#039;Italia | Informazioni su Powerball, come acquistare i biglietti online\" \/>\n<meta property=\"og:description\" content=\"Acquistare i biglietti per la famosa lotteria Powerball \u00e8 ora facile, procurateli online dall&#039;Italia e da altre parti del mondo\" \/>\n<meta property=\"og:url\" content=\"https:\/\/onlinelotto365.com\/it\/buy-tickets\/powerball\/\" \/>\n<meta property=\"og:site_name\" content=\"OnlineLotto365\" \/>\n<meta property=\"article:modified_time\" content=\"2021-03-03T16:23:21+00:00\" \/>\n<meta property=\"og:image\" content=\"https:\/\/redfoxlotto.com\/image?size=8&amp;lottery=powerball\" \/>\n<meta name=\"twitter:card\" content=\"summary_large_image\" \/>\n<meta name=\"twitter:label1\" content=\"Tempo di lettura stimato\" \/>\n\t<meta name=\"twitter:data1\" content=\"4 minuti\" \/>\n<script type=\"application\/ld+json\" class=\"yoast-schema-graph\">{\"@context\":\"https:\/\/schema.org\",\"@graph\":[{\"@type\":\"WebPage\",\"@id\":\"https:\/\/onlinelotto365.com\/it\/buy-tickets\/powerball\/\",\"url\":\"https:\/\/onlinelotto365.com\/it\/buy-tickets\/powerball\/\",\"name\":\"Acquistare i biglietti per Powerball online dall'Italia | Informazioni su Powerball, come acquistare i biglietti online\",\"isPartOf\":{\"@id\":\"https:\/\/onlinelotto365.com\/it\/#website\"},\"primaryImageOfPage\":{\"@id\":\"https:\/\/onlinelotto365.com\/it\/buy-tickets\/powerball\/#primaryimage\"},\"image\":{\"@id\":\"https:\/\/onlinelotto365.com\/it\/buy-tickets\/powerball\/#primaryimage\"},\"thumbnailUrl\":\"https:\/\/redfoxlotto.com\/image?size=8&amp;lottery=powerball\",\"datePublished\":\"2020-12-18T12:53:39+00:00\",\"dateModified\":\"2021-03-03T16:23:21+00:00\",\"description\":\"Acquistare i biglietti per la famosa lotteria Powerball \u00e8 ora facile, procurateli online dall'Italia e da altre parti del mondo\",\"breadcrumb\":{\"@id\":\"https:\/\/onlinelotto365.com\/it\/buy-tickets\/powerball\/#breadcrumb\"},\"inLanguage\":\"it-IT\",\"potentialAction\":[{\"@type\":\"ReadAction\",\"target\":[\"https:\/\/onlinelotto365.com\/it\/buy-tickets\/powerball\/\"]}]},{\"@type\":\"ImageObject\",\"inLanguage\":\"it-IT\",\"@id\":\"https:\/\/onlinelotto365.com\/it\/buy-tickets\/powerball\/#primaryimage\",\"url\":\"https:\/\/redfoxlotto.com\/image?size=8&amp;lottery=powerball\",\"contentUrl\":\"https:\/\/redfoxlotto.com\/image?size=8&amp;lottery=powerball\"},{\"@type\":\"BreadcrumbList\",\"@id\":\"https:\/\/onlinelotto365.com\/it\/buy-tickets\/powerball\/#breadcrumb\",\"itemListElement\":[{\"@type\":\"ListItem\",\"position\":1,\"name\":\"Home\",\"item\":\"https:\/\/onlinelotto365.com\/it\/\"},{\"@type\":\"ListItem\",\"position\":2,\"name\":\"Perch\u00e9 ha pi\u00f9 senso comprare i biglietti della lotteria online\",\"item\":\"https:\/\/onlinelotto365.com\/it\/buy-tickets\/\"},{\"@type\":\"ListItem\",\"position\":3,\"name\":\"Come acquistare i biglietti Powerball online dall&#8217;Italia\"}]},{\"@type\":\"WebSite\",\"@id\":\"https:\/\/onlinelotto365.com\/it\/#website\",\"url\":\"https:\/\/onlinelotto365.com\/it\/\",\"name\":\"OnlineLotto365\",\"description\":\"\",\"potentialAction\":[{\"@type\":\"SearchAction\",\"target\":{\"@type\":\"EntryPoint\",\"urlTemplate\":\"https:\/\/onlinelotto365.com\/it\/?s={search_term_string}\"},\"query-input\":{\"@type\":\"PropertyValueSpecification\",\"valueRequired\":true,\"valueName\":\"search_term_string\"}}],\"inLanguage\":\"it-IT\"}]}<\/script>\n<!-- \/ Yoast SEO plugin. -->","yoast_head_json":{"title":"Acquistare i biglietti per Powerball online dall'Italia | Informazioni su Powerball, come acquistare i biglietti online","description":"Acquistare i biglietti per la famosa lotteria Powerball \u00e8 ora facile, procurateli online dall'Italia e da altre parti del mondo","robots":{"index":"index","follow":"follow","max-snippet":"max-snippet:-1","max-image-preview":"max-image-preview:large","max-video-preview":"max-video-preview:-1"},"canonical":"https:\/\/onlinelotto365.com\/it\/buy-tickets\/powerball\/","og_locale":"it_IT","og_type":"article","og_title":"Acquistare i biglietti per Powerball online dall'Italia | Informazioni su Powerball, come acquistare i biglietti online","og_description":"Acquistare i biglietti per la famosa lotteria Powerball \u00e8 ora facile, procurateli online dall'Italia e da altre parti del mondo","og_url":"https:\/\/onlinelotto365.com\/it\/buy-tickets\/powerball\/","og_site_name":"OnlineLotto365","article_modified_time":"2021-03-03T16:23:21+00:00","og_image":[{"url":"https:\/\/redfoxlotto.com\/image?size=8&amp;lottery=powerball"}],"twitter_card":"summary_large_image","twitter_misc":{"Tempo di lettura stimato":"4 minuti"},"schema":{"@context":"https:\/\/schema.org","@graph":[{"@type":"WebPage","@id":"https:\/\/onlinelotto365.com\/it\/buy-tickets\/powerball\/","url":"https:\/\/onlinelotto365.com\/it\/buy-tickets\/powerball\/","name":"Acquistare i biglietti per Powerball online dall'Italia | Informazioni su Powerball, come acquistare i biglietti online","isPartOf":{"@id":"https:\/\/onlinelotto365.com\/it\/#website"},"primaryImageOfPage":{"@id":"https:\/\/onlinelotto365.com\/it\/buy-tickets\/powerball\/#primaryimage"},"image":{"@id":"https:\/\/onlinelotto365.com\/it\/buy-tickets\/powerball\/#primaryimage"},"thumbnailUrl":"https:\/\/redfoxlotto.com\/image?size=8&amp;lottery=powerball","datePublished":"2020-12-18T12:53:39+00:00","dateModified":"2021-03-03T16:23:21+00:00","description":"Acquistare i biglietti per la famosa lotteria Powerball \u00e8 ora facile, procurateli online dall'Italia e da altre parti del mondo","breadcrumb":{"@id":"https:\/\/onlinelotto365.com\/it\/buy-tickets\/powerball\/#breadcrumb"},"inLanguage":"it-IT","potentialAction":[{"@type":"ReadAction","target":["https:\/\/onlinelotto365.com\/it\/buy-tickets\/powerball\/"]}]},{"@type":"ImageObject","inLanguage":"it-IT","@id":"https:\/\/onlinelotto365.com\/it\/buy-tickets\/powerball\/#primaryimage","url":"https:\/\/redfoxlotto.com\/image?size=8&amp;lottery=powerball","contentUrl":"https:\/\/redfoxlotto.com\/image?size=8&amp;lottery=powerball"},{"@type":"BreadcrumbList","@id":"https:\/\/onlinelotto365.com\/it\/buy-tickets\/powerball\/#breadcrumb","itemListElement":[{"@type":"ListItem","position":1,"name":"Home","item":"https:\/\/onlinelotto365.com\/it\/"},{"@type":"ListItem","position":2,"name":"Perch\u00e9 ha pi\u00f9 senso comprare i biglietti della lotteria online","item":"https:\/\/onlinelotto365.com\/it\/buy-tickets\/"},{"@type":"ListItem","position":3,"name":"Come acquistare i biglietti Powerball online dall&#8217;Italia"}]},{"@type":"WebSite","@id":"https:\/\/onlinelotto365.com\/it\/#website","url":"https:\/\/onlinelotto365.com\/it\/","name":"OnlineLotto365","description":"","potentialAction":[{"@type":"SearchAction","target":{"@type":"EntryPoint","urlTemplate":"https:\/\/onlinelotto365.com\/it\/?s={search_term_string}"},"query-input":{"@type":"PropertyValueSpecification","valueRequired":true,"valueName":"search_term_string"}}],"inLanguage":"it-IT"}]}},"_links":{"self":[{"href":"https:\/\/onlinelotto365.com\/it\/wp-json\/wp\/v2\/pages\/11042","targetHints":{"allow":["GET"]}}],"collection":[{"href":"https:\/\/onlinelotto365.com\/it\/wp-json\/wp\/v2\/pages"}],"about":[{"href":"https:\/\/onlinelotto365.com\/it\/wp-json\/wp\/v2\/types\/page"}],"author":[{"embeddable":true,"href":"https:\/\/onlinelotto365.com\/it\/wp-json\/wp\/v2\/users\/1"}],"replies":[{"embeddable":true,"href":"https:\/\/onlinelotto365.com\/it\/wp-json\/wp\/v2\/comments?post=11042"}],"version-history":[{"count":0,"href":"https:\/\/onlinelotto365.com\/it\/wp-json\/wp\/v2\/pages\/11042\/revisions"}],"up":[{"embeddable":true,"href":"https:\/\/onlinelotto365.com\/it\/wp-json\/wp\/v2\/pages\/3806"}],"wp:attachment":[{"href":"https:\/\/onlinelotto365.com\/it\/wp-json\/wp\/v2\/media?parent=11042"}],"curies":[{"name":"wp","href":"https:\/\/api.w.org\/{rel}","templated":true}]}}