{"id":11058,"date":"2020-12-18T17:47:37","date_gmt":"2020-12-18T16:47:37","guid":{"rendered":"http:\/\/onlinelotto365.net\/?page_id=11058"},"modified":"2021-01-11T10:33:51","modified_gmt":"2021-01-11T09:33:51","slug":"mega-millions","status":"publish","type":"page","link":"https:\/\/onlinelotto365.com\/it\/buy-tickets\/mega-millions\/","title":{"rendered":"Mega Millions \u00e8 una delle migliori lotterie del pianeta"},"content":{"rendered":"<h2>Ora puoi acquistare i biglietti del lotto Mega Millions online<\/h2>\n<p>Non devi pi\u00f9 avventurarti per <strong> acquistare i biglietti del lotto per Mega Millions <\/strong>. Grazie alla comodit\u00e0 di Internet, puoi semplicemente acquistare tutti i biglietti per questa lotteria che desideri in questo momento, in qualsiasi momento, in Italia direttamente dal tuo computer.<\/p>\n<p>Non devi pi\u00f9 vivere negli Stati Uniti, poich\u00e9 i residenti di tutti i paesi del mondo, inclusa l&#8217;Italia, possono usufruire di questo ottimo servizio <a href=\"https:\/\/onlinelotto365.com\/it\/news\/eta-minima-per-acquistare-i-biglietti-della-lotteria\"> se sono maggiorenni <\/a>. Dopo anni in cui i giocatori della lotteria si limitano solo alle lotterie locali e con Internet che ci apre il mondo intero, \u00e8 sicuramente un&#8217;idea il cui momento \u00e8 arrivato.<\/p>\n<p>Ti offriamo la possibilit\u00e0 di acquistare i biglietti online non solo per Mega Millions, ma anche per tutti gli altri <a href=\"https:\/\/onlinelotto365.com\/it\/news\/le-migliori-lotterie-del-mondo\"> pi\u00f9 grandi ed emozionanti lotterie nel mondo <\/a>. Tutto quello che devi fare \u00e8 creare un account gratuito, scegliere a quali lotterie vuoi giocare, scegliere i tuoi numeri o lasciare che il computer li scelga per te, pagare i tuoi biglietti attraverso una delle nostre tante comode opzioni di pagamento e ora sei completamente nel gioco.<\/p>\n<h2>Ci prendiamo cura di te in ogni fase<\/h2>\n<p>Dopo che hai acquistato i biglietti per la tua lotteria o lotterie preferite, entriamo in azione e ti procuriamo i biglietti, li teniamo per te per custodia. Non devi nemmeno tenere traccia delle estrazioni o dei <a href=\"https:\/\/onlinelotto365.com\/it\/numeri-vincenti\/mega-millions\"> numeri estratti <\/a>, poich\u00e9 facciamo tutto questo anche per te. Sebbene sia certamente una parte importante del divertimento <a href=\"https:\/\/onlinelotto365.com\/it\/news\/controllare-il-biglietto-della-lotteria-on-line\"> controllare i propri numeri <\/a>, non \u00e8 nemmeno necessario preoccupati se non vuoi, perch\u00e9 ti faranno sapere se hai vinto e quanto.<br \/>\n<a href=\"https:\/\/redfoxlotto.com\/it\/mega-millions\/?ref=a8564250a2&amp;medium=ol365\" target=\"_blank\" rel=\"noopener noreferrer\"> <img decoding=\"async\" class=\"aligncenter\" src=\" https:\/\/redfoxlotto.com\/image?size=8&amp;lottery=mega-millions \" alt=\" mega million \" \/> <\/a><\/p>\n<h2>Come pagare il tuo biglietto Mega Millions online<\/h2>\n<p>Dopo aver registrato il tuo account sul nostro sito, puoi prima depositare dei soldi per i tuoi acquisti successivi. Oppure crei prima uno o pi\u00f9 biglietti e poi li paghi. Troverai pi\u00f9 opzioni di pagamento. Se hai problemi con il pagamento, leggi le nostre FAQ. Troverai alcuni consigli su come effettuare i pagamenti, nonch\u00e9 sui prelievi delle vincite sul tuo conto bancario in Italia e su molti altri argomenti.<\/p>\n<h2>Ulteriori informazioni su Mega Millions<\/h2>\n<ul>\n<li>La lotteria si tiene dove: USA<\/li>\n<li>Quanti numeri principali tra cui scegliere: 70<\/li>\n<li>Devi selezionare: 5<\/li>\n<li>Quanti numeri extra tra cui scegliere: 25<\/li>\n<li>Devi selezionare: 1<\/li>\n<li>Giorni e orari dell&#8217;estrazione: marted\u00ec, venerd\u00ec, 21:00 EST, +1 giorno 3:00 CET<\/li>\n<li>Jackpot minimo: $ 40 milioni<\/li>\n<li>Importo massimo del jackpot: nessuno<\/li>\n<li>Possibile combinazione di numeri per una vincita del jackpot: 1 su 175.711.536<\/li>\n<li>Possibile combinazione di numeri per una vittoria di livello 2: 1 su 3.819.816<\/li>\n<li>Probabilit\u00e0 di vincere in qualsiasi livello: 1 su 24,12<\/li>\n<li>Quanti livelli di premio: 9<\/li>\n<\/ul>\n<h2>Vantaggi dell&#8217;acquisto di biglietti Mega Millions online<\/h2>\n<p>Mega Millions offre due estrazioni a settimana, il marted\u00ec e il venerd\u00ec. Simile a <a href=\"https:\/\/onlinelotto365.com\/it\/buy-tickets\/powerball\"> Powerball <\/a>, i giocatori scelgono 5 numeri principali, tuttavia, invece dei 59 numeri che scegli con la lotteria Powerball, Mega Millions ha solo 56 palline, aumentando ulteriormente le tue possibilit\u00e0 di colpire tutti e 5 i numeri.<\/p>\n<p>C&#8217;\u00e8 anche una pallina aggiuntiva con questa lotteria, chiamata Mega Ball, dove puoi selezionare tra 46 numeri. Se indovini tutti e 5 i numeri normali pi\u00f9 la Mega Ball, hai vinto l&#8217;enorme jackpot che Mega Millions offre sempre.<\/p>\n<p>Come tutte le lotterie, <strong> se non c&#8217;\u00e8 un vincitore del jackpot, il jackpot cresce <\/strong> e cresce finch\u00e9 qualcuno non vince. Quindi questo non fa che aumentare l&#8217;eccitazione, oltre ad aumentare il valore della lotteria ogni volta <a href=\"https:\/\/onlinelotto365.com\/it\/news\/acquista-online-i-biglietti-per-la-lotteria-usa\"> l&#8217;importo del jackpot aumenta <\/a>. Ti costa la stessa quantit\u00e0 di denaro per giocare, ma pi\u00f9 soldi ci sono in gioco, migliore sar\u00e0 l&#8217;affare per te.<\/p>\n<p>Quindi questo \u00e8 uno dei motivi per cui cos\u00ec tante persone giocano di pi\u00f9 quando i jackpot salgono davvero alle stelle. L&#8217;altro motivo \u00e8, ovviamente, che \u00e8 semplicemente pi\u00f9 eccitante giocare per importi maggiori. Quindi lotterie come Mega Millions o Powerball si assicurano che anche il loro jackpot pi\u00f9 piccolo sia enorme, quindi i giocatori non devono mai aspettare per entrare in tutto il divertimento che portano le lotterie enormi.<\/p>\n<h2>\u00c8 legale acquistare i biglietti Mega Millions online?<\/h2>\n<p>\u00c8 <strong> perfettamente legale utilizzare il nostro <a href=\"https:\/\/onlinelotto365.com\/it\/news\/servizio-di-biglietteria-per-lotterie-internazionali\"> servizio di biglietteria <\/a> <\/strong> in Italia. Assicurati solo di essere maggiorenne, il che significa che devi avere almeno 18 anni per acquistare i biglietti della lotteria.<\/p>\n<h2>Come vengo pagato se vinco Mega Millions online?<\/h2>\n<p>Una volta vinto, forniamo anche assistenza per la raccolta dei tuoi soldi. Se \u00e8 un importo inferiore (inferiore a \u20ac 2500), non devi nemmeno fare nulla: metteremo i tuoi soldi direttamente sul tuo conto con loro. Per premi pi\u00f9 grandi, ti aiuteremo a completare alcuni documenti per richiedere un premio e organizzare il pagamento. E per i premi enormi (che significa un jackpot), beh potresti decidere di fare un viaggio per raccogliere tutti quei milioni, ma sono sicuro che non ti dispiacer\u00e0 farlo. Se non vuoi viaggiare, nessun problema. Possiamo anche organizzare un bonifico bancario o un pagamento tramite assegno con l&#8217;autorit\u00e0 della lotteria.<\/p>\n<h2>Diventerai un grande vincitore di milioni di milioni?<\/h2>\n<p>C&#8217;\u00e8 solo un modo per essere sicuri, ed \u00e8 <strong> giocare alla lotteria Mega Millions <\/strong> e qualunque altra grande lotteria a cui vuoi giocare. La sola possibilit\u00e0 che tu possa vincere \u00e8 una ragione sufficiente per giocare. Se non giochi, puoi star certo che non vincerai. Se lo fai, bene chi lo sa?<\/p>\n<p>Quindi, se non hai mai giocato a Mega Millions prima, chi sa quanti soldi avresti potuto guadagnare se avessi giocato per tutto questo tempo? Il tempo per chiederselo \u00e8 finito per\u00f2. La palla \u00e8 ora nelle tue mani e visto <strong> quanto \u00e8 facile <a href=\"https:\/\/onlinelotto365.com\/it\/buy-tickets\"> acquistare i biglietti della lotteria online adesso <\/a> <\/strong>, \u00e8 non c&#8217;\u00e8 da stupirsi perch\u00e9 cos\u00ec tante persone sono entusiaste di questo.<\/p>\n","protected":false},"excerpt":{"rendered":"<p>Ora puoi acquistare i biglietti del lotto Mega Millions online Non devi pi\u00f9 avventurarti per acquistare i biglietti del lotto per Mega Millions . Grazie alla comodit\u00e0 di Internet, puoi semplicemente acquistare tutti i biglietti per questa lotteria che desideri in questo momento, in qualsiasi momento, in Italia direttamente dal tuo computer. Non devi pi\u00f9 [&hellip;]<\/p>\n","protected":false},"author":1,"featured_media":0,"parent":3806,"menu_order":2,"comment_status":"closed","ping_status":"closed","template":"megamillion-info.php","meta":{"_et_pb_use_builder":"","_et_pb_old_content":"","_et_gb_content_width":"","exclude_from_search":false,"footnotes":""},"class_list":["post-11058","page","type-page","status-publish","hentry"],"yoast_head":"<!-- This site is optimized with the Yoast SEO plugin v23.4 - https:\/\/yoast.com\/wordpress\/plugins\/seo\/ -->\n<title>Acquistare i biglietti per Mega Millions online dall&#039;Italia | Mega Millions info, ottenere i biglietti online<\/title>\n<meta name=\"description\" content=\"Mega Millions Lotto ora in palio per i residenti in Italia - acquista i biglietti legali Mega Millions online qui\" \/>\n<meta name=\"robots\" content=\"index, follow, max-snippet:-1, max-image-preview:large, max-video-preview:-1\" \/>\n<link rel=\"canonical\" href=\"https:\/\/onlinelotto365.com\/it\/buy-tickets\/mega-millions\/\" \/>\n<meta property=\"og:locale\" content=\"it_IT\" \/>\n<meta property=\"og:type\" content=\"article\" \/>\n<meta property=\"og:title\" content=\"Acquistare i biglietti per Mega Millions online dall&#039;Italia | Mega Millions info, ottenere i biglietti online\" \/>\n<meta property=\"og:description\" content=\"Mega Millions Lotto ora in palio per i residenti in Italia - acquista i biglietti legali Mega Millions online qui\" \/>\n<meta property=\"og:url\" content=\"https:\/\/onlinelotto365.com\/it\/buy-tickets\/mega-millions\/\" \/>\n<meta property=\"og:site_name\" content=\"OnlineLotto365\" \/>\n<meta property=\"article:modified_time\" content=\"2021-01-11T09:33:51+00:00\" \/>\n<meta name=\"twitter:card\" content=\"summary_large_image\" \/>\n<meta name=\"twitter:label1\" content=\"Tempo di lettura stimato\" \/>\n\t<meta name=\"twitter:data1\" content=\"4 minuti\" \/>\n<script type=\"application\/ld+json\" class=\"yoast-schema-graph\">{\"@context\":\"https:\/\/schema.org\",\"@graph\":[{\"@type\":\"WebPage\",\"@id\":\"https:\/\/onlinelotto365.com\/it\/buy-tickets\/mega-millions\/\",\"url\":\"https:\/\/onlinelotto365.com\/it\/buy-tickets\/mega-millions\/\",\"name\":\"Acquistare i biglietti per Mega Millions online dall'Italia | Mega Millions info, ottenere i biglietti online\",\"isPartOf\":{\"@id\":\"https:\/\/onlinelotto365.com\/it\/#website\"},\"datePublished\":\"2020-12-18T16:47:37+00:00\",\"dateModified\":\"2021-01-11T09:33:51+00:00\",\"description\":\"Mega Millions Lotto ora in palio per i residenti in Italia - acquista i biglietti legali Mega Millions online qui\",\"breadcrumb\":{\"@id\":\"https:\/\/onlinelotto365.com\/it\/buy-tickets\/mega-millions\/#breadcrumb\"},\"inLanguage\":\"it-IT\",\"potentialAction\":[{\"@type\":\"ReadAction\",\"target\":[\"https:\/\/onlinelotto365.com\/it\/buy-tickets\/mega-millions\/\"]}]},{\"@type\":\"BreadcrumbList\",\"@id\":\"https:\/\/onlinelotto365.com\/it\/buy-tickets\/mega-millions\/#breadcrumb\",\"itemListElement\":[{\"@type\":\"ListItem\",\"position\":1,\"name\":\"Home\",\"item\":\"https:\/\/onlinelotto365.com\/it\/\"},{\"@type\":\"ListItem\",\"position\":2,\"name\":\"Perch\u00e9 ha pi\u00f9 senso comprare i biglietti della lotteria online\",\"item\":\"https:\/\/onlinelotto365.com\/it\/buy-tickets\/\"},{\"@type\":\"ListItem\",\"position\":3,\"name\":\"Mega Millions \u00e8 una delle migliori lotterie del pianeta\"}]},{\"@type\":\"WebSite\",\"@id\":\"https:\/\/onlinelotto365.com\/it\/#website\",\"url\":\"https:\/\/onlinelotto365.com\/it\/\",\"name\":\"OnlineLotto365\",\"description\":\"\",\"potentialAction\":[{\"@type\":\"SearchAction\",\"target\":{\"@type\":\"EntryPoint\",\"urlTemplate\":\"https:\/\/onlinelotto365.com\/it\/?s={search_term_string}\"},\"query-input\":{\"@type\":\"PropertyValueSpecification\",\"valueRequired\":true,\"valueName\":\"search_term_string\"}}],\"inLanguage\":\"it-IT\"}]}<\/script>\n<!-- \/ Yoast SEO plugin. -->","yoast_head_json":{"title":"Acquistare i biglietti per Mega Millions online dall'Italia | Mega Millions info, ottenere i biglietti online","description":"Mega Millions Lotto ora in palio per i residenti in Italia - acquista i biglietti legali Mega Millions online qui","robots":{"index":"index","follow":"follow","max-snippet":"max-snippet:-1","max-image-preview":"max-image-preview:large","max-video-preview":"max-video-preview:-1"},"canonical":"https:\/\/onlinelotto365.com\/it\/buy-tickets\/mega-millions\/","og_locale":"it_IT","og_type":"article","og_title":"Acquistare i biglietti per Mega Millions online dall'Italia | Mega Millions info, ottenere i biglietti online","og_description":"Mega Millions Lotto ora in palio per i residenti in Italia - acquista i biglietti legali Mega Millions online qui","og_url":"https:\/\/onlinelotto365.com\/it\/buy-tickets\/mega-millions\/","og_site_name":"OnlineLotto365","article_modified_time":"2021-01-11T09:33:51+00:00","twitter_card":"summary_large_image","twitter_misc":{"Tempo di lettura stimato":"4 minuti"},"schema":{"@context":"https:\/\/schema.org","@graph":[{"@type":"WebPage","@id":"https:\/\/onlinelotto365.com\/it\/buy-tickets\/mega-millions\/","url":"https:\/\/onlinelotto365.com\/it\/buy-tickets\/mega-millions\/","name":"Acquistare i biglietti per Mega Millions online dall'Italia | Mega Millions info, ottenere i biglietti online","isPartOf":{"@id":"https:\/\/onlinelotto365.com\/it\/#website"},"datePublished":"2020-12-18T16:47:37+00:00","dateModified":"2021-01-11T09:33:51+00:00","description":"Mega Millions Lotto ora in palio per i residenti in Italia - acquista i biglietti legali Mega Millions online qui","breadcrumb":{"@id":"https:\/\/onlinelotto365.com\/it\/buy-tickets\/mega-millions\/#breadcrumb"},"inLanguage":"it-IT","potentialAction":[{"@type":"ReadAction","target":["https:\/\/onlinelotto365.com\/it\/buy-tickets\/mega-millions\/"]}]},{"@type":"BreadcrumbList","@id":"https:\/\/onlinelotto365.com\/it\/buy-tickets\/mega-millions\/#breadcrumb","itemListElement":[{"@type":"ListItem","position":1,"name":"Home","item":"https:\/\/onlinelotto365.com\/it\/"},{"@type":"ListItem","position":2,"name":"Perch\u00e9 ha pi\u00f9 senso comprare i biglietti della lotteria online","item":"https:\/\/onlinelotto365.com\/it\/buy-tickets\/"},{"@type":"ListItem","position":3,"name":"Mega Millions \u00e8 una delle migliori lotterie del pianeta"}]},{"@type":"WebSite","@id":"https:\/\/onlinelotto365.com\/it\/#website","url":"https:\/\/onlinelotto365.com\/it\/","name":"OnlineLotto365","description":"","potentialAction":[{"@type":"SearchAction","target":{"@type":"EntryPoint","urlTemplate":"https:\/\/onlinelotto365.com\/it\/?s={search_term_string}"},"query-input":{"@type":"PropertyValueSpecification","valueRequired":true,"valueName":"search_term_string"}}],"inLanguage":"it-IT"}]}},"_links":{"self":[{"href":"https:\/\/onlinelotto365.com\/it\/wp-json\/wp\/v2\/pages\/11058","targetHints":{"allow":["GET"]}}],"collection":[{"href":"https:\/\/onlinelotto365.com\/it\/wp-json\/wp\/v2\/pages"}],"about":[{"href":"https:\/\/onlinelotto365.com\/it\/wp-json\/wp\/v2\/types\/page"}],"author":[{"embeddable":true,"href":"https:\/\/onlinelotto365.com\/it\/wp-json\/wp\/v2\/users\/1"}],"replies":[{"embeddable":true,"href":"https:\/\/onlinelotto365.com\/it\/wp-json\/wp\/v2\/comments?post=11058"}],"version-history":[{"count":0,"href":"https:\/\/onlinelotto365.com\/it\/wp-json\/wp\/v2\/pages\/11058\/revisions"}],"up":[{"embeddable":true,"href":"https:\/\/onlinelotto365.com\/it\/wp-json\/wp\/v2\/pages\/3806"}],"wp:attachment":[{"href":"https:\/\/onlinelotto365.com\/it\/wp-json\/wp\/v2\/media?parent=11058"}],"curies":[{"name":"wp","href":"https:\/\/api.w.org\/{rel}","templated":true}]}}