{"id":11060,"date":"2020-12-18T17:49:32","date_gmt":"2020-12-18T16:49:32","guid":{"rendered":"http:\/\/onlinelotto365.net\/?page_id=11060"},"modified":"2021-01-05T18:55:52","modified_gmt":"2021-01-05T17:55:52","slug":"euromillions","status":"publish","type":"page","link":"https:\/\/onlinelotto365.com\/it\/buy-tickets\/euromillions\/","title":{"rendered":"Come acquistare i biglietti Euromillions online"},"content":{"rendered":"<p>Vuoi <strong> acquistare i biglietti dell&#8217;EuroMillions per la prossima estrazione <\/strong>? Stai cercando di ritirare i tuoi biglietti interamente online? <a href=\"https:\/\/onlinelotto365.com\/it\/giocare\"> vuoi giocare a lotterie che non sono disponibili in Italia <\/a>? Bene, allora vorrai dare uno sguardo pi\u00f9 da vicino proprio qui, dove esamineremo i passaggi coinvolti. E fortunatamente per te, \u00e8 semplicissimo iniziare.<\/p>\n<ul>\n<li>Scegli la lotteria a cui vuoi giocare e scegli i numeri che vuoi giocare o scegli una scelta rapida in modo che il computer li scelga per te<\/li>\n<li style=\"text-align: left;\">Aggiungi anche <a href=\"http:\/\/onlinelotto365.com\/it\"> pi\u00f9 lotterie <\/a> e pi\u00f9 biglietti per qualsiasi gioco anche al di fuori dell&#8217;Italia, in modo che il tuo ordine rifletta il totale dei biglietti che desideri<\/li>\n<li>Seleziona l&#8217;opzione paga adesso<\/li>\n<li>Crea e registra il tuo account o accedi al tuo account membro esistente per acquistare i tuoi biglietti<\/li>\n<li>Per coloro che devono registrarsi, controlla la presenza di un link di verifica nella tua email in modo da poter finalizzare il processo<\/li>\n<li>Controlla la tua cartella spam nel caso in cui l&#8217;email vi venga inviata per errore<\/li>\n<li>Verifica la tua email e fai clic sul carrello degli acquisti sul sito web<\/li>\n<li>Scegli la tua opzione di pagamento preferita e segui le istruzioni per pagare i tuoi biglietti<\/li>\n<\/ul>\n<p><a href=\"https:\/\/redfoxlotto.com\/it\/euromillions\/?ref=a8564250a2&amp;medium=ol365\" target=\"_blank\" rel=\"noopener noreferrer\"> <img decoding=\"async\" class=\"aligncenter\" src=\"https:\/\/redfoxlotto.com\/image?size=8&amp;lottery=euromillions\" alt=\"euromillions\" \/><\/a><\/p>\n<h2>Come pagare online il tuo biglietto EuroMillions<\/h2>\n<p>Pagare online i tuoi biglietti <a href=\"https:\/\/onlinelotto365.com\/it\/giocare\"> EuroMillions <\/a> \u00e8 semplice perch\u00e9 sono disponibili molti metodi di pagamento sicuri diversi. Scegli quello che preferisci.<br \/>\nAcquista e paga i tuoi biglietti effettuando una delle seguenti operazioni:<\/p>\n<ul>\n<li>Paga l&#8217;ordine con un conto di pagamento<\/li>\n<li>Aggiungi denaro al tuo conto giocatore e acquista i biglietti dal conto giocatore<\/li>\n<\/ul>\n<p>Per coloro che scelgono di aggiungere denaro direttamente al proprio conto giocatore, \u00e8 sufficiente assicurarsi di avere a disposizione pi\u00f9 che sufficiente per l&#8217;ordine che si sta per effettuare.<\/p>\n<h2>Ulteriori informazioni su EuroMillions<\/h2>\n<ul>\n<li>Paese: varie Europa<\/li>\n<li>Intervallo di numeri principali: 50<\/li>\n<li>Scegli: 5<\/li>\n<li>Intervallo di numeri extra: 12<\/li>\n<li>Scegli tu: 2<\/li>\n<li>Giorni e orari dell&#8217;estrazione: marted\u00ec, venerd\u00ec, 19:30 GMT, 20:30 CET<\/li>\n<li>Jackpot minimo: 17 milioni di euro<\/li>\n<li>Jackpot massimo: 190 milioni di euro<\/li>\n<li>Probabilit\u00e0 di vincere il jackpot: 1 su 186450880<\/li>\n<li>Probabilit\u00e0 di vittoria di livello 2: 1 su 2118760<\/li>\n<li>Probabilit\u00e0 di vincere in qualsiasi livello: 1 su 12,98<\/li>\n<li>Numero di livelli di premio: 13<\/li>\n<\/ul>\n<h2>Vantaggi dell&#8217;acquisto di biglietti EuroMillions online<\/h2>\n<ul>\n<li>Non \u00e8 necessario uscire di casa per prendere i biglietti desiderati <img loading=\"lazy\" decoding=\"async\" class=\"alignright size-medium wp-image-3672\" src=\"https:\/\/onlinelotto365.com\/wp-content\/uploads\/2020\/11\/online_lottery-161-300x207.jpg\" alt=\"buy Euromillions Italy\" width=\"300\" height=\"207\" srcset=\"https:\/\/onlinelotto365.com\/wp-content\/uploads\/2020\/11\/online_lottery-161-300x207.jpg 300w, https:\/\/onlinelotto365.com\/wp-content\/uploads\/2020\/11\/online_lottery-161.jpg 320w\" sizes=\"auto, (max-width: 300px) 100vw, 300px\" \/><\/li>\n<li>Scegli tra <strong> diverse lotterie <\/strong><\/li>\n<li>Ottieni quote migliori sulle tue vincite scegliendo giochi con jackpot pi\u00f9 alti<\/li>\n<li>Aggiungi denaro direttamente al tuo account e utilizzalo per acquistare i biglietti<\/li>\n<li>Nessuna possibilit\u00e0 di perdere il biglietto<\/li>\n<li>Notifiche istantanee per vincite di premi<\/li>\n<li>Opzioni di selezione facile per la generazione di numeri casuali<\/li>\n<\/ul>\n<h2>\u00c8 legale acquistare i biglietti dell&#8217;EuroMillions online?<\/h2>\n<p>Potresti esserti chiesto se acquistare i biglietti della lotteria online sia persino legale, soprattutto se il tuo paese di residenza ha regole severe. Ma la cosa fantastica \u00e8 che non devi preoccuparti di nulla con il nostro servizio. <strong> Gestiamo tutto secondo le normative <\/strong> e ci assicuriamo che, indipendentemente da ci\u00f2 che vinci o da dove vinci, sarai in grado di ottenere il tuo premio e persino vincere il jackpot.<br \/>\nL&#8217;unica cosa che devi fare \u00e8 <a href=\"https:\/\/onlinelotto365.com\/it\/news\/eta-minima-per-acquistare-i-biglietti-della-lotteria\"> assicurarti di avere almeno 18 anni <\/a><\/p>\n<h2>Come vengo pagato se vinco EuroMillions online?<\/h2>\n<p>Quando vinci denaro, ci assicuriamo che tu lo ottenga il pi\u00f9 facilmente possibile. Tutto quello che devi fare \u00e8 acquistare il tuo biglietto con noi e noi ci occuperemo di richiedere le tue vincite e di consegnartele. Non prendiamo alcuna commissione dalle tue vincite a meno che tu non scelga di essere <strong> pagato tramite bonifico bancario su un conto bancario in Italia <\/strong>.<\/p>\n<p>Quando ci\u00f2 accade, la banca ci addebita una commissione e ti chiediamo di pagare anche la commissione. Questo varier\u00e0 in base a dove viene inviato il denaro. Oltre a questo, tutto ci\u00f2 che devi sapere sui pagamenti \u00e8:<\/p>\n<ul>\n<li>Se vinci \u20ac 2500 o meno, il denaro viene automaticamente e immediatamente accreditato direttamente sul tuo conto giocatore.<\/li>\n<li>Se vinci pi\u00f9 di \u20ac 2500 riceverai un&#8217;e-mail con un modulo di richiesta da inviare alla commissione della lotteria. Questo descriver\u00e0 in dettaglio come desideri essere pagato, incluso bonifico bancario o assegno. La tua richiesta verr\u00e0 elaborata e potrebbero essere necessari alcuni giorniprima che il tuo denaro sia disponibile per te.<\/li>\n<\/ul>\n","protected":false},"excerpt":{"rendered":"<p>Vuoi acquistare i biglietti dell&#8217;EuroMillions per la prossima estrazione ? Stai cercando di ritirare i tuoi biglietti interamente online? vuoi giocare a lotterie che non sono disponibili in Italia ? Bene, allora vorrai dare uno sguardo pi\u00f9 da vicino proprio qui, dove esamineremo i passaggi coinvolti. E fortunatamente per te, \u00e8 semplicissimo iniziare. Scegli la [&hellip;]<\/p>\n","protected":false},"author":1,"featured_media":0,"parent":3806,"menu_order":3,"comment_status":"closed","ping_status":"closed","template":"euromillions-info.php","meta":{"_et_pb_use_builder":"","_et_pb_old_content":"","_et_gb_content_width":"","exclude_from_search":false,"footnotes":""},"class_list":["post-11060","page","type-page","status-publish","hentry"],"yoast_head":"<!-- This site is optimized with the Yoast SEO plugin v23.4 - https:\/\/yoast.com\/wordpress\/plugins\/seo\/ -->\n<title>Acquistare biglietti per Euromillions online dall&#039;Italia | Euromillions info, come acquistare i biglietti<\/title>\n<meta name=\"description\" content=\"I fan del Lotto di qualsiasi paese, Italia compresa, possono acquistare i biglietti per Euromillions qui\" \/>\n<meta name=\"robots\" content=\"index, follow, max-snippet:-1, max-image-preview:large, max-video-preview:-1\" \/>\n<link rel=\"canonical\" href=\"https:\/\/onlinelotto365.com\/it\/buy-tickets\/euromillions\/\" \/>\n<meta property=\"og:locale\" content=\"it_IT\" \/>\n<meta property=\"og:type\" content=\"article\" \/>\n<meta property=\"og:title\" content=\"Acquistare biglietti per Euromillions online dall&#039;Italia | Euromillions info, come acquistare i biglietti\" \/>\n<meta property=\"og:description\" content=\"I fan del Lotto di qualsiasi paese, Italia compresa, possono acquistare i biglietti per Euromillions qui\" \/>\n<meta property=\"og:url\" content=\"https:\/\/onlinelotto365.com\/it\/buy-tickets\/euromillions\/\" \/>\n<meta property=\"og:site_name\" content=\"OnlineLotto365\" \/>\n<meta property=\"article:modified_time\" content=\"2021-01-05T17:55:52+00:00\" \/>\n<meta property=\"og:image\" content=\"https:\/\/redfoxlotto.com\/image?size=8&amp;lottery=euromillions\" \/>\n<meta name=\"twitter:card\" content=\"summary_large_image\" \/>\n<meta name=\"twitter:label1\" content=\"Tempo di lettura stimato\" \/>\n\t<meta name=\"twitter:data1\" content=\"3 minuti\" \/>\n<script type=\"application\/ld+json\" class=\"yoast-schema-graph\">{\"@context\":\"https:\/\/schema.org\",\"@graph\":[{\"@type\":\"WebPage\",\"@id\":\"https:\/\/onlinelotto365.com\/it\/buy-tickets\/euromillions\/\",\"url\":\"https:\/\/onlinelotto365.com\/it\/buy-tickets\/euromillions\/\",\"name\":\"Acquistare biglietti per Euromillions online dall'Italia | Euromillions info, come acquistare i biglietti\",\"isPartOf\":{\"@id\":\"https:\/\/onlinelotto365.com\/it\/#website\"},\"primaryImageOfPage\":{\"@id\":\"https:\/\/onlinelotto365.com\/it\/buy-tickets\/euromillions\/#primaryimage\"},\"image\":{\"@id\":\"https:\/\/onlinelotto365.com\/it\/buy-tickets\/euromillions\/#primaryimage\"},\"thumbnailUrl\":\"https:\/\/redfoxlotto.com\/image?size=8&amp;lottery=euromillions\",\"datePublished\":\"2020-12-18T16:49:32+00:00\",\"dateModified\":\"2021-01-05T17:55:52+00:00\",\"description\":\"I fan del Lotto di qualsiasi paese, Italia compresa, possono acquistare i biglietti per Euromillions qui\",\"breadcrumb\":{\"@id\":\"https:\/\/onlinelotto365.com\/it\/buy-tickets\/euromillions\/#breadcrumb\"},\"inLanguage\":\"it-IT\",\"potentialAction\":[{\"@type\":\"ReadAction\",\"target\":[\"https:\/\/onlinelotto365.com\/it\/buy-tickets\/euromillions\/\"]}]},{\"@type\":\"ImageObject\",\"inLanguage\":\"it-IT\",\"@id\":\"https:\/\/onlinelotto365.com\/it\/buy-tickets\/euromillions\/#primaryimage\",\"url\":\"https:\/\/redfoxlotto.com\/image?size=8&amp;lottery=euromillions\",\"contentUrl\":\"https:\/\/redfoxlotto.com\/image?size=8&amp;lottery=euromillions\"},{\"@type\":\"BreadcrumbList\",\"@id\":\"https:\/\/onlinelotto365.com\/it\/buy-tickets\/euromillions\/#breadcrumb\",\"itemListElement\":[{\"@type\":\"ListItem\",\"position\":1,\"name\":\"Home\",\"item\":\"https:\/\/onlinelotto365.com\/it\/\"},{\"@type\":\"ListItem\",\"position\":2,\"name\":\"Perch\u00e9 ha pi\u00f9 senso comprare i biglietti della lotteria online\",\"item\":\"https:\/\/onlinelotto365.com\/it\/buy-tickets\/\"},{\"@type\":\"ListItem\",\"position\":3,\"name\":\"Come acquistare i biglietti Euromillions online\"}]},{\"@type\":\"WebSite\",\"@id\":\"https:\/\/onlinelotto365.com\/it\/#website\",\"url\":\"https:\/\/onlinelotto365.com\/it\/\",\"name\":\"OnlineLotto365\",\"description\":\"\",\"potentialAction\":[{\"@type\":\"SearchAction\",\"target\":{\"@type\":\"EntryPoint\",\"urlTemplate\":\"https:\/\/onlinelotto365.com\/it\/?s={search_term_string}\"},\"query-input\":{\"@type\":\"PropertyValueSpecification\",\"valueRequired\":true,\"valueName\":\"search_term_string\"}}],\"inLanguage\":\"it-IT\"}]}<\/script>\n<!-- \/ Yoast SEO plugin. -->","yoast_head_json":{"title":"Acquistare biglietti per Euromillions online dall'Italia | Euromillions info, come acquistare i biglietti","description":"I fan del Lotto di qualsiasi paese, Italia compresa, possono acquistare i biglietti per Euromillions qui","robots":{"index":"index","follow":"follow","max-snippet":"max-snippet:-1","max-image-preview":"max-image-preview:large","max-video-preview":"max-video-preview:-1"},"canonical":"https:\/\/onlinelotto365.com\/it\/buy-tickets\/euromillions\/","og_locale":"it_IT","og_type":"article","og_title":"Acquistare biglietti per Euromillions online dall'Italia | Euromillions info, come acquistare i biglietti","og_description":"I fan del Lotto di qualsiasi paese, Italia compresa, possono acquistare i biglietti per Euromillions qui","og_url":"https:\/\/onlinelotto365.com\/it\/buy-tickets\/euromillions\/","og_site_name":"OnlineLotto365","article_modified_time":"2021-01-05T17:55:52+00:00","og_image":[{"url":"https:\/\/redfoxlotto.com\/image?size=8&amp;lottery=euromillions"}],"twitter_card":"summary_large_image","twitter_misc":{"Tempo di lettura stimato":"3 minuti"},"schema":{"@context":"https:\/\/schema.org","@graph":[{"@type":"WebPage","@id":"https:\/\/onlinelotto365.com\/it\/buy-tickets\/euromillions\/","url":"https:\/\/onlinelotto365.com\/it\/buy-tickets\/euromillions\/","name":"Acquistare biglietti per Euromillions online dall'Italia | Euromillions info, come acquistare i biglietti","isPartOf":{"@id":"https:\/\/onlinelotto365.com\/it\/#website"},"primaryImageOfPage":{"@id":"https:\/\/onlinelotto365.com\/it\/buy-tickets\/euromillions\/#primaryimage"},"image":{"@id":"https:\/\/onlinelotto365.com\/it\/buy-tickets\/euromillions\/#primaryimage"},"thumbnailUrl":"https:\/\/redfoxlotto.com\/image?size=8&amp;lottery=euromillions","datePublished":"2020-12-18T16:49:32+00:00","dateModified":"2021-01-05T17:55:52+00:00","description":"I fan del Lotto di qualsiasi paese, Italia compresa, possono acquistare i biglietti per Euromillions qui","breadcrumb":{"@id":"https:\/\/onlinelotto365.com\/it\/buy-tickets\/euromillions\/#breadcrumb"},"inLanguage":"it-IT","potentialAction":[{"@type":"ReadAction","target":["https:\/\/onlinelotto365.com\/it\/buy-tickets\/euromillions\/"]}]},{"@type":"ImageObject","inLanguage":"it-IT","@id":"https:\/\/onlinelotto365.com\/it\/buy-tickets\/euromillions\/#primaryimage","url":"https:\/\/redfoxlotto.com\/image?size=8&amp;lottery=euromillions","contentUrl":"https:\/\/redfoxlotto.com\/image?size=8&amp;lottery=euromillions"},{"@type":"BreadcrumbList","@id":"https:\/\/onlinelotto365.com\/it\/buy-tickets\/euromillions\/#breadcrumb","itemListElement":[{"@type":"ListItem","position":1,"name":"Home","item":"https:\/\/onlinelotto365.com\/it\/"},{"@type":"ListItem","position":2,"name":"Perch\u00e9 ha pi\u00f9 senso comprare i biglietti della lotteria online","item":"https:\/\/onlinelotto365.com\/it\/buy-tickets\/"},{"@type":"ListItem","position":3,"name":"Come acquistare i biglietti Euromillions online"}]},{"@type":"WebSite","@id":"https:\/\/onlinelotto365.com\/it\/#website","url":"https:\/\/onlinelotto365.com\/it\/","name":"OnlineLotto365","description":"","potentialAction":[{"@type":"SearchAction","target":{"@type":"EntryPoint","urlTemplate":"https:\/\/onlinelotto365.com\/it\/?s={search_term_string}"},"query-input":{"@type":"PropertyValueSpecification","valueRequired":true,"valueName":"search_term_string"}}],"inLanguage":"it-IT"}]}},"_links":{"self":[{"href":"https:\/\/onlinelotto365.com\/it\/wp-json\/wp\/v2\/pages\/11060","targetHints":{"allow":["GET"]}}],"collection":[{"href":"https:\/\/onlinelotto365.com\/it\/wp-json\/wp\/v2\/pages"}],"about":[{"href":"https:\/\/onlinelotto365.com\/it\/wp-json\/wp\/v2\/types\/page"}],"author":[{"embeddable":true,"href":"https:\/\/onlinelotto365.com\/it\/wp-json\/wp\/v2\/users\/1"}],"replies":[{"embeddable":true,"href":"https:\/\/onlinelotto365.com\/it\/wp-json\/wp\/v2\/comments?post=11060"}],"version-history":[{"count":0,"href":"https:\/\/onlinelotto365.com\/it\/wp-json\/wp\/v2\/pages\/11060\/revisions"}],"up":[{"embeddable":true,"href":"https:\/\/onlinelotto365.com\/it\/wp-json\/wp\/v2\/pages\/3806"}],"wp:attachment":[{"href":"https:\/\/onlinelotto365.com\/it\/wp-json\/wp\/v2\/media?parent=11060"}],"curies":[{"name":"wp","href":"https:\/\/api.w.org\/{rel}","templated":true}]}}