{"id":11062,"date":"2020-12-18T17:50:43","date_gmt":"2020-12-18T16:50:43","guid":{"rendered":"http:\/\/onlinelotto365.net\/?page_id=11062"},"modified":"2020-12-30T12:37:26","modified_gmt":"2020-12-30T11:37:26","slug":"eurojackpot","status":"publish","type":"page","link":"https:\/\/onlinelotto365.com\/it\/buy-tickets\/eurojackpot\/","title":{"rendered":"Come acquistare i biglietti dell&#8217;Eurojackpot online"},"content":{"rendered":"<p>Nel caso ti stia chiedendo <strong> come acquistare i tuoi biglietti per l&#8217;Eurojackpot online <\/strong>, abbiamo descritto il processo in semplici passaggi. Ma in realt\u00e0, il nostro sito web ti guider\u00e0 attraverso l&#8217;intero processo. Abbiamo cercato di mantenerlo il pi\u00f9 semplice possibile.<\/p>\n<ul>\n<li>Una volta che sei sulla pagina dell&#8217;Eurojackpot, seleziona i tuoi numeri o lascia che il computer scelga i numeri per te<\/li>\n<li>Puoi aggiungere pi\u00f9 lotterie e pi\u00f9 biglietti al tuo ordine, se lo desideri<\/li>\n<li>Fai clic su paga adesso<\/li>\n<li>Registra il tuo account sul nostro sito web (se l&#8217;hai gi\u00e0 fatto, puoi saltare questo passaggio e accedere al tuo account esistente<\/li>\n<li>Se stai registrando un nuovo account, <strong> controlla la tua posta in arrivo per il messaggio con il link di verifica <\/strong><\/li>\n<li>Se non riesci a trovare l&#8217;email, dai un&#8217;occhiata alla tua casella spam, potrebbe essere finita l\u00ec<\/li>\n<li>Fare clic sul simbolo del carrello degli acquisti<\/li>\n<li>Seleziona un metodo di pagamento, fai clic per pagare e segui le istruzioni di pagamento.<\/li>\n<\/ul>\n<p><a href=\"https:\/\/redfoxlotto.com\/it\/eurojackpot\/?ref=a8564250a2&amp;medium=ol365\" target=\"_blank\" rel=\"noopener noreferrer\"> <img decoding=\"async\" class=\"aligncenter\" src=\"https:\/\/redfoxlotto.com\/image?size=8&amp;lottery=eurojackpot\" alt=\"eurojackpot\" \/> <\/a><\/p>\n<h2>Come pagare il tuo biglietto per l&#8217;Eurojackpot online<\/h2>\n<p>Esistono numerosi metodi di pagamento sicuri disponibili per i nostri clienti. Seleziona il metodo che \u00e8 conveniente per te.<\/p>\n<p><strong> Puoi acquistare i tuoi biglietti online e pagarli in due modi: <\/strong><\/p>\n<ul>\n<li>Paga direttamente il tuo ordine<\/li>\n<li>Deposita denaro sul tuo conto giocatore, quindi utilizza il saldo per acquistare i biglietti della lotteria<\/li>\n<\/ul>\n<p>Se utilizzi il secondo metodo, assicurati che l&#8217;importo del tuo saldo sia superiore all&#8217;importo dell&#8217;ordine del biglietto.<\/p>\n<h2>Ulteriori informazioni sull&#8217;Eurojackpot<\/h2>\n<ul>\n<li>Paese: vari paesi europei<\/li>\n<li>Intervallo di numeri principali: 50<\/li>\n<li>Scegli: 5<\/li>\n<li>Intervallo di numeri extra: 10<\/li>\n<li>Scegli tu: 2<\/li>\n<li>Giorni e orari dell&#8217;estrazione: venerd\u00ec, 21:00 CET<\/li>\n<li>Jackpot minimo: 10 milioni di euro<\/li>\n<li>Jackpot massimo: 90 milioni di euro<\/li>\n<li>Probabilit\u00e0 di vincere il jackpot: 1 su 135.600.640<\/li>\n<li>Probabilit\u00e0 di vittoria di livello 2: 1 su 2.118.760<\/li>\n<li>Probabilit\u00e0 di vincere in qualsiasi livello: 1 su 26,39<\/li>\n<li>Numero di livelli di premio: 12<\/li>\n<\/ul>\n<h2>Vantaggi dell&#8217;acquisto di biglietti per l&#8217;Eurojackpot online<\/h2>\n<ul>\n<li>acquista i tuoi biglietti comodamente da casa<\/li>\n<li>una pi\u00f9 ampia scelta di lotterie<\/li>\n<li><a href=\"https:\/\/onlinelotto365.com\/it\/news\/modi-intelligenti-per-selezionare-i-numeri-del-lotto-e-migliorare-le-tue-possibilita\"> migliora le tue possibilit\u00e0 di vincita <\/a> scegliendo <a href=\"https:\/\/onlinelotto365.com\/it\/news\/quali-lotterie-hanno-piu-possibilita-di-vincere\"> lotteria con i jackpot pi\u00f9 alti <\/a><\/li>\n<li>opzione per depositare prima denaro e poi pagare con il saldo<\/li>\n<li>non perdere mai pi\u00f9 un biglietto<\/li>\n<li>ricevi una notifica quando vinci<\/li>\n<li>opzione di selezione rapida con un generatore di numeri casuali<\/li>\n<\/ul>\n<h2>\u00c8 legale acquistare i biglietti per l&#8217;Eurojackpot online?<\/h2>\n<p>Non devi preoccuparti se acquistare i biglietti del lotto online o in modo tradizionale \u00e8 legale nel tuo paese di residenza. Allo stesso tempo, non devi preoccuparti della questione se sia legale utilizzare il nostro servizio per quanto riguarda i regolamenti nel paese in cui si tiene la lotteria. Il modo in cui gestiamo il nostro servizio \u00e8 progettato in modo che <strong> tu abbia la garanzia di essere pagato, anche se vinci un jackpot. <\/strong><\/p>\n<p><a href=\"https:\/\/onlinelotto365.com\/it\/news\/eta-minima-per-acquistare-i-biglietti-della-lotteria\"> Devi avere almeno 18 anni per utilizzare il nostro servizio. <\/a><\/p>\n<h2>Come vengo pagato se vinco all&#8217;Eurojackpot online?<\/h2>\n<p>Il pagamento delle vincite \u00e8 una parte importante del nostro servizio ai nostri clienti. \u00c8 importante che tu sappia che non deduciamo alcun tipo di commissione dalle tue vincite alla lotteria. Potrebbe esserci una commissione molto piccola in una sola situazione, ovvero se decidi di essere pagato tramite bonifico bancario. Si tratta di ci\u00f2 che la banca ci addebita, e stiamo parlando di forse $ 5 per trasferimento qui se si tratta di un trasferimento internazionale.<\/p>\n<p>Esistono due diverse situazioni per il pagamento:<\/p>\n<ul>\n<li>Vinci un importo di \u20ac 2500 o inferiore. In questo caso, l&#8217;importo vinto verr\u00e0 accreditato sul tuo conto giocatore presso di noi.<\/li>\n<li>Vinci un importo superiore a \u20ac 2500. In questo caso, ti invieremo un&#8217;email con un modulo che devi compilare. Decidi tu come vuoi essere pagato. In questo caso, bonifico bancario e assegno sono le uniche opzioni. Elaboreremo la richiesta per te e pochi giorni dopo avrai i tuoi soldi nel tuo conto bancario o riceverai un assegno.<\/li>\n<\/ul>\n","protected":false},"excerpt":{"rendered":"<p>Nel caso ti stia chiedendo come acquistare i tuoi biglietti per l&#8217;Eurojackpot online , abbiamo descritto il processo in semplici passaggi. Ma in realt\u00e0, il nostro sito web ti guider\u00e0 attraverso l&#8217;intero processo. Abbiamo cercato di mantenerlo il pi\u00f9 semplice possibile. Una volta che sei sulla pagina dell&#8217;Eurojackpot, seleziona i tuoi numeri o lascia che [&hellip;]<\/p>\n","protected":false},"author":1,"featured_media":0,"parent":3806,"menu_order":4,"comment_status":"closed","ping_status":"closed","template":"eurojackpot-info.php","meta":{"_et_pb_use_builder":"","_et_pb_old_content":"","_et_gb_content_width":"","exclude_from_search":false,"footnotes":""},"class_list":["post-11062","page","type-page","status-publish","hentry"],"yoast_head":"<!-- This site is optimized with the Yoast SEO plugin v23.4 - https:\/\/yoast.com\/wordpress\/plugins\/seo\/ -->\n<title>Acquista i biglietti per l&#039;Eurojackpot online<\/title>\n<meta name=\"description\" content=\"Vivi in Italia, ma vuoi comprare i biglietti per l&#039;Eurojackpot? Acquistali online qui!\" \/>\n<meta name=\"robots\" content=\"index, follow, max-snippet:-1, max-image-preview:large, max-video-preview:-1\" \/>\n<link rel=\"canonical\" href=\"https:\/\/onlinelotto365.com\/it\/buy-tickets\/eurojackpot\/\" \/>\n<meta property=\"og:locale\" content=\"it_IT\" \/>\n<meta property=\"og:type\" content=\"article\" \/>\n<meta property=\"og:title\" content=\"Acquista i biglietti per l&#039;Eurojackpot online\" \/>\n<meta property=\"og:description\" content=\"Vivi in Italia, ma vuoi comprare i biglietti per l&#039;Eurojackpot? Acquistali online qui!\" \/>\n<meta property=\"og:url\" content=\"https:\/\/onlinelotto365.com\/it\/buy-tickets\/eurojackpot\/\" \/>\n<meta property=\"og:site_name\" content=\"OnlineLotto365\" \/>\n<meta property=\"article:modified_time\" content=\"2020-12-30T11:37:26+00:00\" \/>\n<meta property=\"og:image\" content=\"https:\/\/redfoxlotto.com\/image?size=8&amp;lottery=eurojackpot\" \/>\n<meta name=\"twitter:card\" content=\"summary_large_image\" \/>\n<meta name=\"twitter:label1\" content=\"Tempo di lettura stimato\" \/>\n\t<meta name=\"twitter:data1\" content=\"3 minuti\" \/>\n<script type=\"application\/ld+json\" class=\"yoast-schema-graph\">{\"@context\":\"https:\/\/schema.org\",\"@graph\":[{\"@type\":\"WebPage\",\"@id\":\"https:\/\/onlinelotto365.com\/it\/buy-tickets\/eurojackpot\/\",\"url\":\"https:\/\/onlinelotto365.com\/it\/buy-tickets\/eurojackpot\/\",\"name\":\"Acquista i biglietti per l'Eurojackpot online\",\"isPartOf\":{\"@id\":\"https:\/\/onlinelotto365.com\/it\/#website\"},\"primaryImageOfPage\":{\"@id\":\"https:\/\/onlinelotto365.com\/it\/buy-tickets\/eurojackpot\/#primaryimage\"},\"image\":{\"@id\":\"https:\/\/onlinelotto365.com\/it\/buy-tickets\/eurojackpot\/#primaryimage\"},\"thumbnailUrl\":\"https:\/\/redfoxlotto.com\/image?size=8&amp;lottery=eurojackpot\",\"datePublished\":\"2020-12-18T16:50:43+00:00\",\"dateModified\":\"2020-12-30T11:37:26+00:00\",\"description\":\"Vivi in Italia, ma vuoi comprare i biglietti per l'Eurojackpot? Acquistali online qui!\",\"breadcrumb\":{\"@id\":\"https:\/\/onlinelotto365.com\/it\/buy-tickets\/eurojackpot\/#breadcrumb\"},\"inLanguage\":\"it-IT\",\"potentialAction\":[{\"@type\":\"ReadAction\",\"target\":[\"https:\/\/onlinelotto365.com\/it\/buy-tickets\/eurojackpot\/\"]}]},{\"@type\":\"ImageObject\",\"inLanguage\":\"it-IT\",\"@id\":\"https:\/\/onlinelotto365.com\/it\/buy-tickets\/eurojackpot\/#primaryimage\",\"url\":\"https:\/\/redfoxlotto.com\/image?size=8&amp;lottery=eurojackpot\",\"contentUrl\":\"https:\/\/redfoxlotto.com\/image?size=8&amp;lottery=eurojackpot\"},{\"@type\":\"BreadcrumbList\",\"@id\":\"https:\/\/onlinelotto365.com\/it\/buy-tickets\/eurojackpot\/#breadcrumb\",\"itemListElement\":[{\"@type\":\"ListItem\",\"position\":1,\"name\":\"Home\",\"item\":\"https:\/\/onlinelotto365.com\/it\/\"},{\"@type\":\"ListItem\",\"position\":2,\"name\":\"Perch\u00e9 ha pi\u00f9 senso comprare i biglietti della lotteria online\",\"item\":\"https:\/\/onlinelotto365.com\/it\/buy-tickets\/\"},{\"@type\":\"ListItem\",\"position\":3,\"name\":\"Come acquistare i biglietti dell&#8217;Eurojackpot online\"}]},{\"@type\":\"WebSite\",\"@id\":\"https:\/\/onlinelotto365.com\/it\/#website\",\"url\":\"https:\/\/onlinelotto365.com\/it\/\",\"name\":\"OnlineLotto365\",\"description\":\"\",\"potentialAction\":[{\"@type\":\"SearchAction\",\"target\":{\"@type\":\"EntryPoint\",\"urlTemplate\":\"https:\/\/onlinelotto365.com\/it\/?s={search_term_string}\"},\"query-input\":{\"@type\":\"PropertyValueSpecification\",\"valueRequired\":true,\"valueName\":\"search_term_string\"}}],\"inLanguage\":\"it-IT\"}]}<\/script>\n<!-- \/ Yoast SEO plugin. -->","yoast_head_json":{"title":"Acquista i biglietti per l'Eurojackpot online","description":"Vivi in Italia, ma vuoi comprare i biglietti per l'Eurojackpot? Acquistali online qui!","robots":{"index":"index","follow":"follow","max-snippet":"max-snippet:-1","max-image-preview":"max-image-preview:large","max-video-preview":"max-video-preview:-1"},"canonical":"https:\/\/onlinelotto365.com\/it\/buy-tickets\/eurojackpot\/","og_locale":"it_IT","og_type":"article","og_title":"Acquista i biglietti per l'Eurojackpot online","og_description":"Vivi in Italia, ma vuoi comprare i biglietti per l'Eurojackpot? Acquistali online qui!","og_url":"https:\/\/onlinelotto365.com\/it\/buy-tickets\/eurojackpot\/","og_site_name":"OnlineLotto365","article_modified_time":"2020-12-30T11:37:26+00:00","og_image":[{"url":"https:\/\/redfoxlotto.com\/image?size=8&amp;lottery=eurojackpot"}],"twitter_card":"summary_large_image","twitter_misc":{"Tempo di lettura stimato":"3 minuti"},"schema":{"@context":"https:\/\/schema.org","@graph":[{"@type":"WebPage","@id":"https:\/\/onlinelotto365.com\/it\/buy-tickets\/eurojackpot\/","url":"https:\/\/onlinelotto365.com\/it\/buy-tickets\/eurojackpot\/","name":"Acquista i biglietti per l'Eurojackpot online","isPartOf":{"@id":"https:\/\/onlinelotto365.com\/it\/#website"},"primaryImageOfPage":{"@id":"https:\/\/onlinelotto365.com\/it\/buy-tickets\/eurojackpot\/#primaryimage"},"image":{"@id":"https:\/\/onlinelotto365.com\/it\/buy-tickets\/eurojackpot\/#primaryimage"},"thumbnailUrl":"https:\/\/redfoxlotto.com\/image?size=8&amp;lottery=eurojackpot","datePublished":"2020-12-18T16:50:43+00:00","dateModified":"2020-12-30T11:37:26+00:00","description":"Vivi in Italia, ma vuoi comprare i biglietti per l'Eurojackpot? Acquistali online qui!","breadcrumb":{"@id":"https:\/\/onlinelotto365.com\/it\/buy-tickets\/eurojackpot\/#breadcrumb"},"inLanguage":"it-IT","potentialAction":[{"@type":"ReadAction","target":["https:\/\/onlinelotto365.com\/it\/buy-tickets\/eurojackpot\/"]}]},{"@type":"ImageObject","inLanguage":"it-IT","@id":"https:\/\/onlinelotto365.com\/it\/buy-tickets\/eurojackpot\/#primaryimage","url":"https:\/\/redfoxlotto.com\/image?size=8&amp;lottery=eurojackpot","contentUrl":"https:\/\/redfoxlotto.com\/image?size=8&amp;lottery=eurojackpot"},{"@type":"BreadcrumbList","@id":"https:\/\/onlinelotto365.com\/it\/buy-tickets\/eurojackpot\/#breadcrumb","itemListElement":[{"@type":"ListItem","position":1,"name":"Home","item":"https:\/\/onlinelotto365.com\/it\/"},{"@type":"ListItem","position":2,"name":"Perch\u00e9 ha pi\u00f9 senso comprare i biglietti della lotteria online","item":"https:\/\/onlinelotto365.com\/it\/buy-tickets\/"},{"@type":"ListItem","position":3,"name":"Come acquistare i biglietti dell&#8217;Eurojackpot online"}]},{"@type":"WebSite","@id":"https:\/\/onlinelotto365.com\/it\/#website","url":"https:\/\/onlinelotto365.com\/it\/","name":"OnlineLotto365","description":"","potentialAction":[{"@type":"SearchAction","target":{"@type":"EntryPoint","urlTemplate":"https:\/\/onlinelotto365.com\/it\/?s={search_term_string}"},"query-input":{"@type":"PropertyValueSpecification","valueRequired":true,"valueName":"search_term_string"}}],"inLanguage":"it-IT"}]}},"_links":{"self":[{"href":"https:\/\/onlinelotto365.com\/it\/wp-json\/wp\/v2\/pages\/11062","targetHints":{"allow":["GET"]}}],"collection":[{"href":"https:\/\/onlinelotto365.com\/it\/wp-json\/wp\/v2\/pages"}],"about":[{"href":"https:\/\/onlinelotto365.com\/it\/wp-json\/wp\/v2\/types\/page"}],"author":[{"embeddable":true,"href":"https:\/\/onlinelotto365.com\/it\/wp-json\/wp\/v2\/users\/1"}],"replies":[{"embeddable":true,"href":"https:\/\/onlinelotto365.com\/it\/wp-json\/wp\/v2\/comments?post=11062"}],"version-history":[{"count":0,"href":"https:\/\/onlinelotto365.com\/it\/wp-json\/wp\/v2\/pages\/11062\/revisions"}],"up":[{"embeddable":true,"href":"https:\/\/onlinelotto365.com\/it\/wp-json\/wp\/v2\/pages\/3806"}],"wp:attachment":[{"href":"https:\/\/onlinelotto365.com\/it\/wp-json\/wp\/v2\/media?parent=11062"}],"curies":[{"name":"wp","href":"https:\/\/api.w.org\/{rel}","templated":true}]}}