{"id":11068,"date":"2020-12-18T17:54:05","date_gmt":"2020-12-18T16:54:05","guid":{"rendered":"http:\/\/onlinelotto365.net\/?page_id=11068"},"modified":"2021-01-11T09:58:05","modified_gmt":"2021-01-11T08:58:05","slug":"la-primitiva","status":"publish","type":"page","link":"https:\/\/onlinelotto365.com\/it\/buy-tickets\/la-primitiva\/","title":{"rendered":"Come acquistare i biglietti La Primitiva online"},"content":{"rendered":"<p>Se desideri <strong> acquistare i biglietti per La Primitiva online <\/strong> ma non sei ancora sicuro di come farlo, assicurati di dare un&#8217;occhiata a questo processo. \u00c8 molto pi\u00f9 facile di quanto potresti pensare per i fan della lotteria del Regno Unito e potresti aspettare l&#8217;estrazione pi\u00f9 velocemente di quanto pensi.<\/p>\n<ul>\n<li>Scegli la lotteria a cui vuoi giocare e <strong> scegli i numeri per ciascuno dei tuoi biglietti <\/strong>. Oppure lascia che sia il computer a scegliere i numeri dei biglietti per te.<\/li>\n<li>Aggiungi al tuo ordine quanti <a href=\"https:\/\/onlinelotto365.com\/it\/giocare\"> diversi biglietti e lotterie <\/a> desideri prima di essere pronto per il check-out<\/li>\n<li>Seleziona l&#8217;opzione per pagare ora<\/li>\n<li>Registra un nuovo account se non hai mai acquistato con noi prima o accedi se sei un cliente esistente<\/li>\n<li>Completa il processo di registrazione facendo clic sul link di verifica inviato al tuo indirizzo email<\/li>\n<li>Controlla la posta in arrivo e la cartella dello spam per l&#8217;email di conferma<\/li>\n<li>Vai al carrello degli acquisti sul sito web<\/li>\n<li>Segui le istruzioni per selezionare un&#8217;opzione di pagamento e pagare i biglietti<\/li>\n<\/ul>\n<p><a href=\"https:\/\/redfoxlotto.com\/it\/la-primitiva\/?ref=a8564250a2&amp;medium=ol365\" target=\"_blank\" rel=\"noopener noreferrer\"> <img decoding=\"async\" class=\"aligncenter\" src=\" https:\/\/redfoxlotto.com\/image?size=8&amp;lottery=la-primitiva \" alt=\" la primitiva \" \/> <\/a><\/p>\n<h2>Come pagare il biglietto per La Primitiva online<\/h2>\n<p>Puoi scegliere tra diverse opzioni di pagamento altamente sicure per i nostri utenti. Ti permettiamo di scegliere l&#8217;opzione pi\u00f9 conveniente.<br \/>\nScegli una delle due opzioni per iniziare:<\/p>\n<ul>\n<li>Effettua un pagamento direttamente con una carta di credito, un conto bancario o un altro metodo di pagamento<\/li>\n<li>Aggiungi denaro al tuo account e usalo per <a href=\"https:\/\/onlinelotto365.com\/it\/buy-tickets\"> acquistare i tuoi biglietti dal tuo account giocatore <\/a><\/li>\n<\/ul>\n<p>Coloro che aggiungono al proprio account giocatore per effettuare un acquisto dovranno depositare pi\u00f9 del denaro sufficiente per l&#8217;acquisto che scelgono di effettuare.<\/p>\n<h2>Ulteriori informazioni su La Primitiva<\/h2>\n<ul>\n<li>Paese: Spagna<\/li>\n<li>Intervallo di numeri principali: 49<\/li>\n<li>Scegli tu: 6<\/li>\n<li>Intervallo di numeri extra:<\/li>\n<li>Scegli: 1<\/li>\n<li>Giorni e orari dell&#8217;estrazione: gioved\u00ec, sabato, 21:30 CET, 21:30 CET<\/li>\n<li>Jackpot minimo: 2 milioni di euro<\/li>\n<li>Jackpot massimo: nessuno<\/li>\n<li>Probabilit\u00e0 di vincere il jackpot: 1 su 15537573<\/li>\n<li>Probabilit\u00e0 di vittoria di livello 2: 1 su 542008<\/li>\n<li>Probabilit\u00e0 di vincere in qualsiasi livello: 1 su 8,43<\/li>\n<li>Numero di livelli di premio: 9<\/li>\n<\/ul>\n<h2>Vantaggi dell&#8217;acquisto di biglietti per La Primitiva online<\/h2>\n<ul>\n<li>Scegli i tuoi biglietti senza uscire di casa <img decoding=\"async\" class=\"alignright wp-image-3535\" src=\"https:\/\/onlinelotto365.com\/wp-content\/uploads\/2020\/11\/online_lottery-141-296x300.jpg \" alt=\" la primitiva online \" width=\" 164 \" height=\" 166 \" \/><\/li>\n<li>Scegli tra ancora pi\u00f9 opzioni della lotteria<\/li>\n<li>Dai un&#8217;occhiata <strong> ai diversi jackpot <\/strong> per vedere dove puoi vincere di pi\u00f9<\/li>\n<li>Metti denaro sul tuo conto per pagare i tuoi biglietti<\/li>\n<li>Non preoccuparti di perdere i tuoi biglietti<\/li>\n<li>Riceverai una <a href=\"https:\/\/onlinelotto365.com\/it\/numeri-vincenti\"> notifica se vinci <\/a><\/li>\n<li>Puoi scegliere un ticket generato in modo casuale<\/li>\n<\/ul>\n<h2>\u00c8 legale acquistare i biglietti per La Primitiva online?<\/h2>\n<p>Alcune persone si preoccupano del fatto che l&#8217;acquisto di biglietti della lotteria online sia consentito dal loro paese di residenza. O anche se possono acquistare i biglietti in modo tradizionale. Ma non devi preoccuparti se \u00e8 legale utilizzare il nostro sistema perch\u00e9 ci occupiamo dei regolamenti per l&#8217;area in cui si tiene la lotteria. In questo modo ottieni le tue vincite, non importa cosa sta succedendo e non importa quanto vinci.<br \/>\nDevi solo avere almeno 18 anni per utilizzare il nostro servizio.<\/p>\n<h2>Come vengo pagato se vinco La Primitiva online?<\/h2>\n<p>Quando si tratta di essere pagati, sappiamo quanto sia importante per te. Ecco perch\u00e9 rendiamo il processo di pagamento il pi\u00f9 semplice possibile. E facciamo tutto senza addebitarti alcuna commissione o commissione. Almeno, a meno che <strong> non scelga di ricevere il pagamento <\/strong> tramite bonifico bancario. In tal caso, la tua banca potrebbe addebitare una commissione. Quando ci\u00f2 accade, la commissione viene trasferita a te.<br \/>\nTutto quello che devi fare \u00e8 sapere cosa succede quando vinci:<\/p>\n<ul>\n<li>Se vinci meno di \u20ac 2500 non devi fare nulla perch\u00e9 ci occupiamo di tutto per te. Ci assicuriamo che tu riceva tutti i tuoi soldi direttamente nel tuo conto giocatore<\/li>\n<li>Se vinci pi\u00f9 di \u20ac 2500, potrai ricevere i tuoi soldi tramite assegno o bonifico bancario. In questo caso, dovrai compilare un modulo di richiesta, che il nostro team di assistenza ti invier\u00e0 e poi ti aiuteremo con il resto<\/li>\n<\/ul>\n","protected":false},"excerpt":{"rendered":"<p>Se desideri acquistare i biglietti per La Primitiva online ma non sei ancora sicuro di come farlo, assicurati di dare un&#8217;occhiata a questo processo. \u00c8 molto pi\u00f9 facile di quanto potresti pensare per i fan della lotteria del Regno Unito e potresti aspettare l&#8217;estrazione pi\u00f9 velocemente di quanto pensi. Scegli la lotteria a cui vuoi [&hellip;]<\/p>\n","protected":false},"author":1,"featured_media":0,"parent":3806,"menu_order":7,"comment_status":"closed","ping_status":"closed","template":"la-primitiva-info.php","meta":{"_et_pb_use_builder":"","_et_pb_old_content":"","_et_gb_content_width":"","exclude_from_search":false,"footnotes":""},"class_list":["post-11068","page","type-page","status-publish","hentry"],"yoast_head":"<!-- This site is optimized with the Yoast SEO plugin v23.4 - https:\/\/yoast.com\/wordpress\/plugins\/seo\/ -->\n<title>Servizio online per i biglietti La Primitiva | La Primitiva dall&#039;Italia<\/title>\n<meta name=\"description\" content=\"Scopri come acquistare i biglietti della lotteria La Primitiva in Spagna dall&#039;Italia\" \/>\n<meta name=\"robots\" content=\"index, follow, max-snippet:-1, max-image-preview:large, max-video-preview:-1\" \/>\n<link rel=\"canonical\" href=\"https:\/\/onlinelotto365.com\/it\/buy-tickets\/la-primitiva\/\" \/>\n<meta property=\"og:locale\" content=\"it_IT\" \/>\n<meta property=\"og:type\" content=\"article\" \/>\n<meta property=\"og:title\" content=\"Servizio online per i biglietti La Primitiva | La Primitiva dall&#039;Italia\" \/>\n<meta property=\"og:description\" content=\"Scopri come acquistare i biglietti della lotteria La Primitiva in Spagna dall&#039;Italia\" \/>\n<meta property=\"og:url\" content=\"https:\/\/onlinelotto365.com\/it\/buy-tickets\/la-primitiva\/\" \/>\n<meta property=\"og:site_name\" content=\"OnlineLotto365\" \/>\n<meta property=\"article:modified_time\" content=\"2021-01-11T08:58:05+00:00\" \/>\n<meta name=\"twitter:card\" content=\"summary_large_image\" \/>\n<meta name=\"twitter:label1\" content=\"Tempo di lettura stimato\" \/>\n\t<meta name=\"twitter:data1\" content=\"3 minuti\" \/>\n<script type=\"application\/ld+json\" class=\"yoast-schema-graph\">{\"@context\":\"https:\/\/schema.org\",\"@graph\":[{\"@type\":\"WebPage\",\"@id\":\"https:\/\/onlinelotto365.com\/it\/buy-tickets\/la-primitiva\/\",\"url\":\"https:\/\/onlinelotto365.com\/it\/buy-tickets\/la-primitiva\/\",\"name\":\"Servizio online per i biglietti La Primitiva | La Primitiva dall'Italia\",\"isPartOf\":{\"@id\":\"https:\/\/onlinelotto365.com\/it\/#website\"},\"datePublished\":\"2020-12-18T16:54:05+00:00\",\"dateModified\":\"2021-01-11T08:58:05+00:00\",\"description\":\"Scopri come acquistare i biglietti della lotteria La Primitiva in Spagna dall'Italia\",\"breadcrumb\":{\"@id\":\"https:\/\/onlinelotto365.com\/it\/buy-tickets\/la-primitiva\/#breadcrumb\"},\"inLanguage\":\"it-IT\",\"potentialAction\":[{\"@type\":\"ReadAction\",\"target\":[\"https:\/\/onlinelotto365.com\/it\/buy-tickets\/la-primitiva\/\"]}]},{\"@type\":\"BreadcrumbList\",\"@id\":\"https:\/\/onlinelotto365.com\/it\/buy-tickets\/la-primitiva\/#breadcrumb\",\"itemListElement\":[{\"@type\":\"ListItem\",\"position\":1,\"name\":\"Home\",\"item\":\"https:\/\/onlinelotto365.com\/it\/\"},{\"@type\":\"ListItem\",\"position\":2,\"name\":\"Perch\u00e9 ha pi\u00f9 senso comprare i biglietti della lotteria online\",\"item\":\"https:\/\/onlinelotto365.com\/it\/buy-tickets\/\"},{\"@type\":\"ListItem\",\"position\":3,\"name\":\"Come acquistare i biglietti La Primitiva online\"}]},{\"@type\":\"WebSite\",\"@id\":\"https:\/\/onlinelotto365.com\/it\/#website\",\"url\":\"https:\/\/onlinelotto365.com\/it\/\",\"name\":\"OnlineLotto365\",\"description\":\"\",\"potentialAction\":[{\"@type\":\"SearchAction\",\"target\":{\"@type\":\"EntryPoint\",\"urlTemplate\":\"https:\/\/onlinelotto365.com\/it\/?s={search_term_string}\"},\"query-input\":{\"@type\":\"PropertyValueSpecification\",\"valueRequired\":true,\"valueName\":\"search_term_string\"}}],\"inLanguage\":\"it-IT\"}]}<\/script>\n<!-- \/ Yoast SEO plugin. -->","yoast_head_json":{"title":"Servizio online per i biglietti La Primitiva | La Primitiva dall'Italia","description":"Scopri come acquistare i biglietti della lotteria La Primitiva in Spagna dall'Italia","robots":{"index":"index","follow":"follow","max-snippet":"max-snippet:-1","max-image-preview":"max-image-preview:large","max-video-preview":"max-video-preview:-1"},"canonical":"https:\/\/onlinelotto365.com\/it\/buy-tickets\/la-primitiva\/","og_locale":"it_IT","og_type":"article","og_title":"Servizio online per i biglietti La Primitiva | La Primitiva dall'Italia","og_description":"Scopri come acquistare i biglietti della lotteria La Primitiva in Spagna dall'Italia","og_url":"https:\/\/onlinelotto365.com\/it\/buy-tickets\/la-primitiva\/","og_site_name":"OnlineLotto365","article_modified_time":"2021-01-11T08:58:05+00:00","twitter_card":"summary_large_image","twitter_misc":{"Tempo di lettura stimato":"3 minuti"},"schema":{"@context":"https:\/\/schema.org","@graph":[{"@type":"WebPage","@id":"https:\/\/onlinelotto365.com\/it\/buy-tickets\/la-primitiva\/","url":"https:\/\/onlinelotto365.com\/it\/buy-tickets\/la-primitiva\/","name":"Servizio online per i biglietti La Primitiva | La Primitiva dall'Italia","isPartOf":{"@id":"https:\/\/onlinelotto365.com\/it\/#website"},"datePublished":"2020-12-18T16:54:05+00:00","dateModified":"2021-01-11T08:58:05+00:00","description":"Scopri come acquistare i biglietti della lotteria La Primitiva in Spagna dall'Italia","breadcrumb":{"@id":"https:\/\/onlinelotto365.com\/it\/buy-tickets\/la-primitiva\/#breadcrumb"},"inLanguage":"it-IT","potentialAction":[{"@type":"ReadAction","target":["https:\/\/onlinelotto365.com\/it\/buy-tickets\/la-primitiva\/"]}]},{"@type":"BreadcrumbList","@id":"https:\/\/onlinelotto365.com\/it\/buy-tickets\/la-primitiva\/#breadcrumb","itemListElement":[{"@type":"ListItem","position":1,"name":"Home","item":"https:\/\/onlinelotto365.com\/it\/"},{"@type":"ListItem","position":2,"name":"Perch\u00e9 ha pi\u00f9 senso comprare i biglietti della lotteria online","item":"https:\/\/onlinelotto365.com\/it\/buy-tickets\/"},{"@type":"ListItem","position":3,"name":"Come acquistare i biglietti La Primitiva online"}]},{"@type":"WebSite","@id":"https:\/\/onlinelotto365.com\/it\/#website","url":"https:\/\/onlinelotto365.com\/it\/","name":"OnlineLotto365","description":"","potentialAction":[{"@type":"SearchAction","target":{"@type":"EntryPoint","urlTemplate":"https:\/\/onlinelotto365.com\/it\/?s={search_term_string}"},"query-input":{"@type":"PropertyValueSpecification","valueRequired":true,"valueName":"search_term_string"}}],"inLanguage":"it-IT"}]}},"_links":{"self":[{"href":"https:\/\/onlinelotto365.com\/it\/wp-json\/wp\/v2\/pages\/11068","targetHints":{"allow":["GET"]}}],"collection":[{"href":"https:\/\/onlinelotto365.com\/it\/wp-json\/wp\/v2\/pages"}],"about":[{"href":"https:\/\/onlinelotto365.com\/it\/wp-json\/wp\/v2\/types\/page"}],"author":[{"embeddable":true,"href":"https:\/\/onlinelotto365.com\/it\/wp-json\/wp\/v2\/users\/1"}],"replies":[{"embeddable":true,"href":"https:\/\/onlinelotto365.com\/it\/wp-json\/wp\/v2\/comments?post=11068"}],"version-history":[{"count":0,"href":"https:\/\/onlinelotto365.com\/it\/wp-json\/wp\/v2\/pages\/11068\/revisions"}],"up":[{"embeddable":true,"href":"https:\/\/onlinelotto365.com\/it\/wp-json\/wp\/v2\/pages\/3806"}],"wp:attachment":[{"href":"https:\/\/onlinelotto365.com\/it\/wp-json\/wp\/v2\/media?parent=11068"}],"curies":[{"name":"wp","href":"https:\/\/api.w.org\/{rel}","templated":true}]}}