{"id":11070,"date":"2020-12-18T17:55:36","date_gmt":"2020-12-18T16:55:36","guid":{"rendered":"http:\/\/onlinelotto365.net\/?page_id=11070"},"modified":"2021-01-11T09:58:06","modified_gmt":"2021-01-11T08:58:06","slug":"bonoloto","status":"publish","type":"page","link":"https:\/\/onlinelotto365.com\/it\/buy-tickets\/bonoloto\/","title":{"rendered":"Come acquistare i biglietti BonoLoto online"},"content":{"rendered":"<p>Se vivi in \u200b\u200bItalia e vuoi sapere come <strong> giocare a BonoLoto online <\/strong> e come ottenere i tuoi biglietti sei nel posto giusto. Possiamo aiutarti con l&#8217;intero processo e sar\u00e0 molto pi\u00f9 facile di quanto potresti pensare. Tutto quello che devi fare \u00e8 seguire i passaggi che abbiamo descritto di seguito.<\/p>\n<ul>\n<li>Vai alla pagina del gioco del lotto a cui vuoi giocare, come BonoLoto. Quindi scegli <strong> <a href=\"https:\/\/onlinelotto365.com\/it\/buy-tickets\"> tutti i biglietti che desideri <\/a> <\/strong> inclusi i numeri con cui vuoi giocare.<\/li>\n<li>Aggiungi ulteriori biglietti per BonoLoto o per altri giochi al tuo ordine finch\u00e9 non sei pronto per il pagamento.<\/li>\n<li>Seleziona il pulsante per pagare ora<\/li>\n<li>Accedi al tuo account o scegli l&#8217;opzione per creare un account nuovo di zecca e completare la procedura di registrazione.<\/li>\n<li>Se stai creando un nuovo account, dovrai andare alla tua email per ottenere il link di verifica che ti consentir\u00e0 di finalizzare il processo.<\/li>\n<li>Se non ricevi il link, assicurati di controllare la cartella dello spam per vedere se viene visualizzato l\u00ec invece che nella normale posta in arrivo.<\/li>\n<li>Vai alla pagina di pagamento sul sito web e avvia la procedura di pagamento.<\/li>\n<li>Scegli il metodo di pagamento e completa il checkout.<\/li>\n<\/ul>\n<p><a href=\"https:\/\/redfoxlotto.com\/it\/bonoloto\/?ref=a8564250a2&amp;medium=ol365\" target=\"_blank\" rel=\"noopener noreferrer\"> <img decoding=\"async\" class=\"aligncenter\" src=\"https:\/\/redfoxlotto.com\/image?size=8&amp;lottery=bonoloto\" alt=\"BonoLoto\" \/> <\/a><\/p>\n<h2>Come pagare il tuo biglietto BonoLoto online<\/h2>\n<p>Avrai molti metodi di pagamento diversi che puoi utilizzare per acquistare i tuoi biglietti BonoLoto e altro ancora.<br \/>\nOttieni i tuoi biglietti scegliendo tra queste due opzioni generali per iniziare:<\/p>\n<ul>\n<li>Effettua il pagamento del tuo ordine direttamente con una carta di credito o un conto finanziario<\/li>\n<li>Deposita denaro sul tuo conto giocatore sul nostro sito web e utilizza il tuo conto giocatore per effettuare un acquisto<\/li>\n<\/ul>\n<p>Per coloro che scelgono di depositare denaro sul proprio conto giocatore, assicurarsi di aggiungere pi\u00f9 denaro di quanto necessario per l&#8217;ordine corrente per elaborarlo.<\/p>\n<h2>Ulteriori informazioni su BonoLoto<\/h2>\n<ul>\n<li>Paese: Spagna<\/li>\n<li>Intervallo di numeri principali: 49<\/li>\n<li>Scegli tu: 6<\/li>\n<li>Giorni e orari dell&#8217;estrazione: tutti i giorni tranne la domenica, 21:30 CET, 21:30 CET<\/li>\n<li>Jackpot minimo: 400000<\/li>\n<li>Jackpot massimo: nessuno<\/li>\n<li>Probabilit\u00e0 di vincere il jackpot: 1 su 13983816<\/li>\n<li>Probabilit\u00e0 di vittoria di livello 2: 1 su 2330636<\/li>\n<li>Probabilit\u00e0 di vincere in qualsiasi livello: 1 su 8,43<\/li>\n<li>Numero di livelli di premio: 6<\/li>\n<\/ul>\n<h2>Vantaggi dell&#8217;acquisto di biglietti BonoLoto online<\/h2>\n<ul>\n<li>Resta a casa e ottieni comunque i biglietti che desideri dall&#8217;Italia o da qualsiasi paese<\/li>\n<li>Scegli tra un&#8217;ampia gamma di diversi giochi della lotteria in tutto il mondo<\/li>\n<li>Ottieni maggiori possibilit\u00e0 di vincere grandi premi scegliendo i migliori jackpot<\/li>\n<li>Metti denaro sul tuo conto per pagare i tuoi biglietti<\/li>\n<li>Non preoccuparti di perdere mai pi\u00f9 un biglietto<\/li>\n<li>Non perdere mai una vittoria con le notifiche istantanee<\/li>\n<li>Utilizza il generatore di numeri casuali per scegliere i tuoi numeri<\/li>\n<\/ul>\n<h2>\u00c8 legale acquistare i biglietti BonoLoto online?<\/h2>\n<p><img decoding=\"async\" class=\"alignright wp-image-3675\" src=\"https:\/\/onlinelotto365.com\/wp-content\/uploads\/2020\/11\/online_lottery-117-300x217.jpg\" alt=\"acquista biglietti bonoloto online\" height=\"141\" srcset=\"https:\/\/onlinelotto365.com\/wp-content\/uploads\/2020\/11\/online_lottery-117-300x217.jpg 300w, https:\/\/onlinelotto365.com\/wp-content\/uploads\/2020\/11\/online_lottery-117.jpg 320w\" sizes=\"(max-width: 300px) 100vw, 300px\" \/><\/p>\n<p>Potresti sentirti un po &#8216;preoccupato per giocare a questo tipo di gioco se non conosci la <strong> legalit\u00e0 della lotteria online nel tuo paese di residenza <\/strong>. Ma puoi assolutamente fidarti del nostro servizio per aiutarti. Ci assicuriamo che vengano seguite tutte le normative per il paese da cui proviene il lotto.<\/p>\n<p>In questo modo, se vinci un premio, incluso il jackpot, non devi preoccuparti di poterlo richiedere. Hai la garanzia di ottenere il premio che hai guadagnato.<br \/>\nL&#8217;unica regola \u00e8 che <a href=\"https:\/\/onlinelotto365.com\/it\/news\/eta-minima-per-acquistare-i-biglietti-della-lotteria\"> <strong> devi avere almeno 18 anni per poter giocare.\u00a0<\/strong><\/a><\/p>\n<h2>Come vengo pagato se vinco BonoLoto online?<\/h2>\n<p>I pagamenti sono importanti e vuoi assicurarti di ottenere tutti i soldi a cui hai diritto. Questo non \u00e8 un problema per noi perch\u00e9 non ti addebitiamo alcuna commissione su nessuna delle tue vincite. Riceverai tutto direttamente nel tuo account.<\/p>\n<p>L&#8217;unica volta in cui addebitiamo commissioni \u00e8 se scegli di far trasferire il tuo denaro alla tua banca. Se la tua banca addebita una commissione per questo trasferimento, la trasferiremo sul tuo conto.<br \/>\nQuando hai diritto al pagamento, tuttavia, accadr\u00e0 una delle due cose:<\/p>\n<ul>\n<li style=\"list-style-type: none;\">\n<ul>\n<li>Se vinci meno di \u20ac 2500 riceverai i soldi sul tuo conto praticamente all&#8217;istante, cos\u00ec potrai farci quello che vuoi.<\/li>\n<li>Se vinci pi\u00f9 di \u20ac 2500, l&#8217;importo vinto ti verr\u00e0 inviato come bonifico bancario o come assegno. Puoi scegliere quale preferisci quando compili il modulo di richiesta che oil tuo staff ti invier\u00e0. In questo modo ottieni i tuoi soldi in pochi giorni.<\/li>\n<\/ul>\n<\/li>\n<\/ul>\n","protected":false},"excerpt":{"rendered":"<p>Se vivi in \u200b\u200bItalia e vuoi sapere come giocare a BonoLoto online e come ottenere i tuoi biglietti sei nel posto giusto. Possiamo aiutarti con l&#8217;intero processo e sar\u00e0 molto pi\u00f9 facile di quanto potresti pensare. Tutto quello che devi fare \u00e8 seguire i passaggi che abbiamo descritto di seguito. Vai alla pagina del gioco [&hellip;]<\/p>\n","protected":false},"author":1,"featured_media":0,"parent":3806,"menu_order":8,"comment_status":"closed","ping_status":"closed","template":"template-rightsidebar.php","meta":{"_et_pb_use_builder":"","_et_pb_old_content":"","_et_gb_content_width":"","exclude_from_search":false,"footnotes":""},"class_list":["post-11070","page","type-page","status-publish","hentry"],"yoast_head":"<!-- This site is optimized with the Yoast SEO plugin v23.4 - https:\/\/yoast.com\/wordpress\/plugins\/seo\/ -->\n<title>Biglietti BonoLoto online | Come acquistare i biglietti dall&#039;Italia<\/title>\n<meta name=\"description\" content=\"Il nostro sito web permette di acquistare i biglietti Bonoloto online e legalmente\" \/>\n<meta name=\"robots\" content=\"index, follow, max-snippet:-1, max-image-preview:large, max-video-preview:-1\" \/>\n<link rel=\"canonical\" href=\"https:\/\/onlinelotto365.com\/it\/buy-tickets\/bonoloto\/\" \/>\n<meta property=\"og:locale\" content=\"it_IT\" \/>\n<meta property=\"og:type\" content=\"article\" \/>\n<meta property=\"og:title\" content=\"Biglietti BonoLoto online | Come acquistare i biglietti dall&#039;Italia\" \/>\n<meta property=\"og:description\" content=\"Il nostro sito web permette di acquistare i biglietti Bonoloto online e legalmente\" \/>\n<meta property=\"og:url\" content=\"https:\/\/onlinelotto365.com\/it\/buy-tickets\/bonoloto\/\" \/>\n<meta property=\"og:site_name\" content=\"OnlineLotto365\" \/>\n<meta property=\"article:modified_time\" content=\"2021-01-11T08:58:06+00:00\" \/>\n<meta property=\"og:image\" content=\"https:\/\/redfoxlotto.com\/image?size=8&amp;lottery=bonoloto\" \/>\n<meta name=\"twitter:card\" content=\"summary_large_image\" \/>\n<meta name=\"twitter:label1\" content=\"Tempo di lettura stimato\" \/>\n\t<meta name=\"twitter:data1\" content=\"3 minuti\" \/>\n<script type=\"application\/ld+json\" class=\"yoast-schema-graph\">{\"@context\":\"https:\/\/schema.org\",\"@graph\":[{\"@type\":\"WebPage\",\"@id\":\"https:\/\/onlinelotto365.com\/it\/buy-tickets\/bonoloto\/\",\"url\":\"https:\/\/onlinelotto365.com\/it\/buy-tickets\/bonoloto\/\",\"name\":\"Biglietti BonoLoto online | Come acquistare i biglietti dall'Italia\",\"isPartOf\":{\"@id\":\"https:\/\/onlinelotto365.com\/it\/#website\"},\"primaryImageOfPage\":{\"@id\":\"https:\/\/onlinelotto365.com\/it\/buy-tickets\/bonoloto\/#primaryimage\"},\"image\":{\"@id\":\"https:\/\/onlinelotto365.com\/it\/buy-tickets\/bonoloto\/#primaryimage\"},\"thumbnailUrl\":\"https:\/\/redfoxlotto.com\/image?size=8&amp;lottery=bonoloto\",\"datePublished\":\"2020-12-18T16:55:36+00:00\",\"dateModified\":\"2021-01-11T08:58:06+00:00\",\"description\":\"Il nostro sito web permette di acquistare i biglietti Bonoloto online e legalmente\",\"breadcrumb\":{\"@id\":\"https:\/\/onlinelotto365.com\/it\/buy-tickets\/bonoloto\/#breadcrumb\"},\"inLanguage\":\"it-IT\",\"potentialAction\":[{\"@type\":\"ReadAction\",\"target\":[\"https:\/\/onlinelotto365.com\/it\/buy-tickets\/bonoloto\/\"]}]},{\"@type\":\"ImageObject\",\"inLanguage\":\"it-IT\",\"@id\":\"https:\/\/onlinelotto365.com\/it\/buy-tickets\/bonoloto\/#primaryimage\",\"url\":\"https:\/\/redfoxlotto.com\/image?size=8&amp;lottery=bonoloto\",\"contentUrl\":\"https:\/\/redfoxlotto.com\/image?size=8&amp;lottery=bonoloto\"},{\"@type\":\"BreadcrumbList\",\"@id\":\"https:\/\/onlinelotto365.com\/it\/buy-tickets\/bonoloto\/#breadcrumb\",\"itemListElement\":[{\"@type\":\"ListItem\",\"position\":1,\"name\":\"Home\",\"item\":\"https:\/\/onlinelotto365.com\/it\/\"},{\"@type\":\"ListItem\",\"position\":2,\"name\":\"Perch\u00e9 ha pi\u00f9 senso comprare i biglietti della lotteria online\",\"item\":\"https:\/\/onlinelotto365.com\/it\/buy-tickets\/\"},{\"@type\":\"ListItem\",\"position\":3,\"name\":\"Come acquistare i biglietti BonoLoto online\"}]},{\"@type\":\"WebSite\",\"@id\":\"https:\/\/onlinelotto365.com\/it\/#website\",\"url\":\"https:\/\/onlinelotto365.com\/it\/\",\"name\":\"OnlineLotto365\",\"description\":\"\",\"potentialAction\":[{\"@type\":\"SearchAction\",\"target\":{\"@type\":\"EntryPoint\",\"urlTemplate\":\"https:\/\/onlinelotto365.com\/it\/?s={search_term_string}\"},\"query-input\":{\"@type\":\"PropertyValueSpecification\",\"valueRequired\":true,\"valueName\":\"search_term_string\"}}],\"inLanguage\":\"it-IT\"}]}<\/script>\n<!-- \/ Yoast SEO plugin. -->","yoast_head_json":{"title":"Biglietti BonoLoto online | Come acquistare i biglietti dall'Italia","description":"Il nostro sito web permette di acquistare i biglietti Bonoloto online e legalmente","robots":{"index":"index","follow":"follow","max-snippet":"max-snippet:-1","max-image-preview":"max-image-preview:large","max-video-preview":"max-video-preview:-1"},"canonical":"https:\/\/onlinelotto365.com\/it\/buy-tickets\/bonoloto\/","og_locale":"it_IT","og_type":"article","og_title":"Biglietti BonoLoto online | Come acquistare i biglietti dall'Italia","og_description":"Il nostro sito web permette di acquistare i biglietti Bonoloto online e legalmente","og_url":"https:\/\/onlinelotto365.com\/it\/buy-tickets\/bonoloto\/","og_site_name":"OnlineLotto365","article_modified_time":"2021-01-11T08:58:06+00:00","og_image":[{"url":"https:\/\/redfoxlotto.com\/image?size=8&amp;lottery=bonoloto"}],"twitter_card":"summary_large_image","twitter_misc":{"Tempo di lettura stimato":"3 minuti"},"schema":{"@context":"https:\/\/schema.org","@graph":[{"@type":"WebPage","@id":"https:\/\/onlinelotto365.com\/it\/buy-tickets\/bonoloto\/","url":"https:\/\/onlinelotto365.com\/it\/buy-tickets\/bonoloto\/","name":"Biglietti BonoLoto online | Come acquistare i biglietti dall'Italia","isPartOf":{"@id":"https:\/\/onlinelotto365.com\/it\/#website"},"primaryImageOfPage":{"@id":"https:\/\/onlinelotto365.com\/it\/buy-tickets\/bonoloto\/#primaryimage"},"image":{"@id":"https:\/\/onlinelotto365.com\/it\/buy-tickets\/bonoloto\/#primaryimage"},"thumbnailUrl":"https:\/\/redfoxlotto.com\/image?size=8&amp;lottery=bonoloto","datePublished":"2020-12-18T16:55:36+00:00","dateModified":"2021-01-11T08:58:06+00:00","description":"Il nostro sito web permette di acquistare i biglietti Bonoloto online e legalmente","breadcrumb":{"@id":"https:\/\/onlinelotto365.com\/it\/buy-tickets\/bonoloto\/#breadcrumb"},"inLanguage":"it-IT","potentialAction":[{"@type":"ReadAction","target":["https:\/\/onlinelotto365.com\/it\/buy-tickets\/bonoloto\/"]}]},{"@type":"ImageObject","inLanguage":"it-IT","@id":"https:\/\/onlinelotto365.com\/it\/buy-tickets\/bonoloto\/#primaryimage","url":"https:\/\/redfoxlotto.com\/image?size=8&amp;lottery=bonoloto","contentUrl":"https:\/\/redfoxlotto.com\/image?size=8&amp;lottery=bonoloto"},{"@type":"BreadcrumbList","@id":"https:\/\/onlinelotto365.com\/it\/buy-tickets\/bonoloto\/#breadcrumb","itemListElement":[{"@type":"ListItem","position":1,"name":"Home","item":"https:\/\/onlinelotto365.com\/it\/"},{"@type":"ListItem","position":2,"name":"Perch\u00e9 ha pi\u00f9 senso comprare i biglietti della lotteria online","item":"https:\/\/onlinelotto365.com\/it\/buy-tickets\/"},{"@type":"ListItem","position":3,"name":"Come acquistare i biglietti BonoLoto online"}]},{"@type":"WebSite","@id":"https:\/\/onlinelotto365.com\/it\/#website","url":"https:\/\/onlinelotto365.com\/it\/","name":"OnlineLotto365","description":"","potentialAction":[{"@type":"SearchAction","target":{"@type":"EntryPoint","urlTemplate":"https:\/\/onlinelotto365.com\/it\/?s={search_term_string}"},"query-input":{"@type":"PropertyValueSpecification","valueRequired":true,"valueName":"search_term_string"}}],"inLanguage":"it-IT"}]}},"_links":{"self":[{"href":"https:\/\/onlinelotto365.com\/it\/wp-json\/wp\/v2\/pages\/11070","targetHints":{"allow":["GET"]}}],"collection":[{"href":"https:\/\/onlinelotto365.com\/it\/wp-json\/wp\/v2\/pages"}],"about":[{"href":"https:\/\/onlinelotto365.com\/it\/wp-json\/wp\/v2\/types\/page"}],"author":[{"embeddable":true,"href":"https:\/\/onlinelotto365.com\/it\/wp-json\/wp\/v2\/users\/1"}],"replies":[{"embeddable":true,"href":"https:\/\/onlinelotto365.com\/it\/wp-json\/wp\/v2\/comments?post=11070"}],"version-history":[{"count":0,"href":"https:\/\/onlinelotto365.com\/it\/wp-json\/wp\/v2\/pages\/11070\/revisions"}],"up":[{"embeddable":true,"href":"https:\/\/onlinelotto365.com\/it\/wp-json\/wp\/v2\/pages\/3806"}],"wp:attachment":[{"href":"https:\/\/onlinelotto365.com\/it\/wp-json\/wp\/v2\/media?parent=11070"}],"curies":[{"name":"wp","href":"https:\/\/api.w.org\/{rel}","templated":true}]}}