{"id":11072,"date":"2020-12-18T17:57:14","date_gmt":"2020-12-18T16:57:14","guid":{"rendered":"http:\/\/onlinelotto365.net\/?page_id=11072"},"modified":"2021-01-11T09:58:06","modified_gmt":"2021-01-11T08:58:06","slug":"uk-lottery","status":"publish","type":"page","link":"https:\/\/onlinelotto365.com\/it\/buy-tickets\/uk-lottery\/","title":{"rendered":"Come acquistare i biglietti della lotteria del Regno Unito on-line"},"content":{"rendered":"<p>Se <strong> desideri acquistare i tuoi biglietti della lotteria per la lotteria del Regno Unito in Italia <\/strong> non devi preoccuparti perch\u00e9 l&#8217;intero processo \u00e8 pronto per te in modo facile e veloce. Devi solo dare un&#8217;occhiata ai semplici passaggi seguenti e sarai <strong> pronto in un attimo. <\/strong><\/p>\n<ul>\n<li>Vai alla pagina giusta per il gioco della lotteria a cui vuoi giocare, come la lotteria britannica. E poi scegli i numeri che desideri per il tuo biglietto.<\/li>\n<li>Scegli i biglietti della lotteria aggiuntivi che desideri per questo o altri giochi della lotteria a cui giocherai<\/li>\n<li>Scegli l&#8217;opzione per pagare i tuoi biglietti<\/li>\n<li>Segui la procedura di registrazione di un account se sei un nuovo utente o accedi al tuo account se sei gi\u00e0 un utente esistente<\/li>\n<li>Coloro che devono ancora registrarsi riceveranno un&#8217;e-mail di verifica nella posta in arrivo o nella cartella spam in pochi minuti<\/li>\n<li>Se non hai ricevuto la tua email in pochi minuti <strong> controlla la cartella dello spam per scoprire con certezza se l&#8217;hai ricevuta <\/strong><\/li>\n<li>Torna al sito web e seleziona il carrello per pagare i tuoi biglietti<\/li>\n<li>Scegli il tuo metodo di pagamento e segui le istruzioni di pagamento<\/li>\n<\/ul>\n<p><a href=\"https:\/\/redfoxlotto.com\/it\/lotto-uk\/?ref=a8564250a2&amp;medium=ol365\" target=\"_blank\" rel=\"noopener noreferrer\"> <img decoding=\"async\" class=\"aligncenter\" src=\" https:\/\/redfoxlotto.com\/image?size=8&amp;lottery=lotto-uk \" alt=\" lotteria britannica \" \/> <\/a><\/p>\n<h2>Come pagare online il biglietto della lotteria del Regno Unito<\/h2>\n<p>Offriamo diversi <strong> metodi di pagamento completamente sicuri <\/strong> per i nostri clienti dall&#8217;Italia e da altri paesi. In questo modo puoi scegliere il metodo che funziona meglio per te.<br \/>\nScegli tra due diverse opzioni di pagamento generali:<\/p>\n<ul>\n<li>Paga per ogni ordine utilizzando il pagamento preferito di tua scelta<\/li>\n<li>Metti denaro nel tuo account e usalo per <a href=\"https:\/\/onlinelotto365.com\/it\/buy-tickets\"> acquistare i biglietti che desideri <\/a><\/li>\n<\/ul>\n<p>Assicurati di depositare pi\u00f9 dell&#8217;importo necessario per i tuoi biglietti se scegli di aggiungere denaro direttamente al tuo account.<\/p>\n<h2>Ulteriori informazioni sulla lotteria del Regno Unito<\/h2>\n<ul>\n<li>Paese: Regno Unito<\/li>\n<li>Intervallo di numeri principali: 59<\/li>\n<li>Scegli tu: 6<\/li>\n<li>Intervallo di numeri extra:<\/li>\n<li>Scegli tu:<\/li>\n<li>Giorni e orari dell&#8217;estrazione: mercoled\u00ec, sabato, 19:30 UTC, 19:30 CET<\/li>\n<li>Jackpot minimo: 2,5 milioni di GBP<\/li>\n<li>Jackpot massimo: 22 milioni di GBP<\/li>\n<li>Probabilit\u00e0 di vincere il jackpot: 1 su 45057474<\/li>\n<li>Probabilit\u00e0 di vittoria di livello 2: 1 su 7509579<\/li>\n<li>Probabilit\u00e0 di vincere in qualsiasi livello: 1 su 9,27<\/li>\n<li>Numero di livelli di premio: 6<\/li>\n<\/ul>\n<h2>Vantaggi dell&#8217;acquisto di biglietti della lotteria del Regno Unito online<\/h2>\n<ul>\n<li>Acquista i biglietti che desideri senza uscire di casa <img loading=\"lazy\" decoding=\"async\" class=\"alignright size-medium wp-image-3655\" src=\"https:\/\/onlinelotto365.com\/wp-content\/uploads\/2020\/11\/online_lottery-59-300x182.jpg\" alt=\"play uk lottery online\" width=\"300\" height=\"182\" srcset=\"https:\/\/onlinelotto365.com\/wp-content\/uploads\/2020\/11\/online_lottery-59-300x182.jpg 300w, https:\/\/onlinelotto365.com\/wp-content\/uploads\/2020\/11\/online_lottery-59.jpg 320w\" sizes=\"auto, (max-width: 300px) 100vw, 300px\" \/><\/li>\n<li>Scegli tra una <a href=\"https:\/\/onlinelotto365.com\/it\/news\/lotto-live\"> ampia variet\u00e0 di diverse lotterie <\/a><\/li>\n<li>Ottieni le <a href=\"https:\/\/onlinelotto365.com\/it\/news\/suggerimenti-su-come-vincere-alla-lotteria\"> migliori probabilit\u00e0 di un grande jackpot <\/a> scegliere tra diversi giochi<\/li>\n<li>Aggiungi denaro direttamente al tuo conto dei pagamenti per pagare i biglietti<\/li>\n<li>Non preoccuparti di perdere i tuoi biglietti ogni volta<\/li>\n<li>Notifiche inviate direttamente a te per le vincite<\/li>\n<li>Opzioni di selezione facile se non desideri scegliere i tuoi numeri<\/li>\n<\/ul>\n<h2>\u00c8 legale acquistare online i biglietti della lotteria del Regno Unito?<\/h2>\n<p>Non vi \u00e8 alcuna preoccupazione per la legalit\u00e0 dell&#8217;acquisto di biglietti della lotteria del Regno Unito online dall&#8217;Italia o nel modo pi\u00f9 tradizionale. Puoi stare certo che non importa cosa otterrai per i tuoi biglietti e non dovrai nemmeno preoccuparti di ottenere un jackpot.<\/p>\n<p>Ci occuperemo di procurarti i soldi senza doversi preoccupare se il servizio \u00e8 legale in base al tuo paese di residenza. Assicurati solo di avere almeno 18 anni per acquistare i biglietti con noi<\/p>\n<h2>Come vengo pagato se vinco la lotteria del Regno Unito online?<\/h2>\n<p>Sappiamo che essere pagati \u00e8 una delle parti pi\u00f9 importanti per te ed \u00e8 per questo che vogliamo <strong> assicurarci che il processo di pagamento sia il pi\u00f9 semplice possibile <\/strong>. Inoltre, non prendiamo alcuna commissione dalle tue vincite in modo da ottenere tutto ci\u00f2 che hai vinto. L&#8217;unico caso in cui addebitiamo commissioni \u00e8 se richiedi un bonifico bancario e la banca ci addebita una commissione. Tale importo potrebbe essere trasferito a te.<br \/>\nAltrimenti, dai un&#8217;occhiata a cosa succede per i tuoi pagamenti qui:<\/p>\n<ul>\n<li>I pagamenti inferiori a \u20ac 2500 verranno automaticamente accreditati sul tuo account. Non devi fare nulla<\/li>\n<li>I pagamenti superiori a \u20ac 2500 richiederanno un modulo di richiesta che pu\u00f2 essere presentato alla commissione della lotteria. Questo ti verr\u00e0 inviato dal nostro team di supporto e ti consentir\u00e0 di scegliere di ricevere il denaro tramite assegno o bonifico bancario<\/li>\n<\/ul>\n","protected":false},"excerpt":{"rendered":"<p>Se desideri acquistare i tuoi biglietti della lotteria per la lotteria del Regno Unito in Italia non devi preoccuparti perch\u00e9 l&#8217;intero processo \u00e8 pronto per te in modo facile e veloce. Devi solo dare un&#8217;occhiata ai semplici passaggi seguenti e sarai pronto in un attimo. Vai alla pagina giusta per il gioco della lotteria a [&hellip;]<\/p>\n","protected":false},"author":1,"featured_media":0,"parent":3806,"menu_order":9,"comment_status":"closed","ping_status":"closed","template":"lotto-uk-info.php","meta":{"_et_pb_use_builder":"","_et_pb_old_content":"","_et_gb_content_width":"","exclude_from_search":false,"footnotes":""},"class_list":["post-11072","page","type-page","status-publish","hentry"],"yoast_head":"<!-- This site is optimized with the Yoast SEO plugin v23.4 - https:\/\/yoast.com\/wordpress\/plugins\/seo\/ -->\n<title>Acquista i biglietti per la Lotteria UK online dall&#039;Italia | UK Lottery info, come acquistare i biglietti<\/title>\n<meta name=\"description\" content=\"Rendiamo possibile ai giocatori del lotto italiani l&#039;acquisto di biglietti per la Lotteria del Regno Unito\" \/>\n<meta name=\"robots\" content=\"index, follow, max-snippet:-1, max-image-preview:large, max-video-preview:-1\" \/>\n<link rel=\"canonical\" href=\"https:\/\/onlinelotto365.com\/it\/buy-tickets\/uk-lottery\/\" \/>\n<meta property=\"og:locale\" content=\"it_IT\" \/>\n<meta property=\"og:type\" content=\"article\" \/>\n<meta property=\"og:title\" content=\"Acquista i biglietti per la Lotteria UK online dall&#039;Italia | UK Lottery info, come acquistare i biglietti\" \/>\n<meta property=\"og:description\" content=\"Rendiamo possibile ai giocatori del lotto italiani l&#039;acquisto di biglietti per la Lotteria del Regno Unito\" \/>\n<meta property=\"og:url\" content=\"https:\/\/onlinelotto365.com\/it\/buy-tickets\/uk-lottery\/\" \/>\n<meta property=\"og:site_name\" content=\"OnlineLotto365\" \/>\n<meta property=\"article:modified_time\" content=\"2021-01-11T08:58:06+00:00\" \/>\n<meta property=\"og:image\" content=\"https:\/\/onlinelotto365.com\/wp-content\/uploads\/2020\/11\/online_lottery-59-300x182.jpg\" \/>\n<meta name=\"twitter:card\" content=\"summary_large_image\" \/>\n<meta name=\"twitter:label1\" content=\"Tempo di lettura stimato\" \/>\n\t<meta name=\"twitter:data1\" content=\"3 minuti\" \/>\n<script type=\"application\/ld+json\" class=\"yoast-schema-graph\">{\"@context\":\"https:\/\/schema.org\",\"@graph\":[{\"@type\":\"WebPage\",\"@id\":\"https:\/\/onlinelotto365.com\/it\/buy-tickets\/uk-lottery\/\",\"url\":\"https:\/\/onlinelotto365.com\/it\/buy-tickets\/uk-lottery\/\",\"name\":\"Acquista i biglietti per la Lotteria UK online dall'Italia | UK Lottery info, come acquistare i biglietti\",\"isPartOf\":{\"@id\":\"https:\/\/onlinelotto365.com\/it\/#website\"},\"primaryImageOfPage\":{\"@id\":\"https:\/\/onlinelotto365.com\/it\/buy-tickets\/uk-lottery\/#primaryimage\"},\"image\":{\"@id\":\"https:\/\/onlinelotto365.com\/it\/buy-tickets\/uk-lottery\/#primaryimage\"},\"thumbnailUrl\":\"https:\/\/onlinelotto365.com\/wp-content\/uploads\/2020\/11\/online_lottery-59-300x182.jpg\",\"datePublished\":\"2020-12-18T16:57:14+00:00\",\"dateModified\":\"2021-01-11T08:58:06+00:00\",\"description\":\"Rendiamo possibile ai giocatori del lotto italiani l'acquisto di biglietti per la Lotteria del Regno Unito\",\"breadcrumb\":{\"@id\":\"https:\/\/onlinelotto365.com\/it\/buy-tickets\/uk-lottery\/#breadcrumb\"},\"inLanguage\":\"it-IT\",\"potentialAction\":[{\"@type\":\"ReadAction\",\"target\":[\"https:\/\/onlinelotto365.com\/it\/buy-tickets\/uk-lottery\/\"]}]},{\"@type\":\"ImageObject\",\"inLanguage\":\"it-IT\",\"@id\":\"https:\/\/onlinelotto365.com\/it\/buy-tickets\/uk-lottery\/#primaryimage\",\"url\":\"https:\/\/onlinelotto365.com\/wp-content\/uploads\/2020\/11\/online_lottery-59-300x182.jpg\",\"contentUrl\":\"https:\/\/onlinelotto365.com\/wp-content\/uploads\/2020\/11\/online_lottery-59-300x182.jpg\"},{\"@type\":\"BreadcrumbList\",\"@id\":\"https:\/\/onlinelotto365.com\/it\/buy-tickets\/uk-lottery\/#breadcrumb\",\"itemListElement\":[{\"@type\":\"ListItem\",\"position\":1,\"name\":\"Home\",\"item\":\"https:\/\/onlinelotto365.com\/it\/\"},{\"@type\":\"ListItem\",\"position\":2,\"name\":\"Perch\u00e9 ha pi\u00f9 senso comprare i biglietti della lotteria online\",\"item\":\"https:\/\/onlinelotto365.com\/it\/buy-tickets\/\"},{\"@type\":\"ListItem\",\"position\":3,\"name\":\"Come acquistare i biglietti della lotteria del Regno Unito on-line\"}]},{\"@type\":\"WebSite\",\"@id\":\"https:\/\/onlinelotto365.com\/it\/#website\",\"url\":\"https:\/\/onlinelotto365.com\/it\/\",\"name\":\"OnlineLotto365\",\"description\":\"\",\"potentialAction\":[{\"@type\":\"SearchAction\",\"target\":{\"@type\":\"EntryPoint\",\"urlTemplate\":\"https:\/\/onlinelotto365.com\/it\/?s={search_term_string}\"},\"query-input\":{\"@type\":\"PropertyValueSpecification\",\"valueRequired\":true,\"valueName\":\"search_term_string\"}}],\"inLanguage\":\"it-IT\"}]}<\/script>\n<!-- \/ Yoast SEO plugin. -->","yoast_head_json":{"title":"Acquista i biglietti per la Lotteria UK online dall'Italia | UK Lottery info, come acquistare i biglietti","description":"Rendiamo possibile ai giocatori del lotto italiani l'acquisto di biglietti per la Lotteria del Regno Unito","robots":{"index":"index","follow":"follow","max-snippet":"max-snippet:-1","max-image-preview":"max-image-preview:large","max-video-preview":"max-video-preview:-1"},"canonical":"https:\/\/onlinelotto365.com\/it\/buy-tickets\/uk-lottery\/","og_locale":"it_IT","og_type":"article","og_title":"Acquista i biglietti per la Lotteria UK online dall'Italia | UK Lottery info, come acquistare i biglietti","og_description":"Rendiamo possibile ai giocatori del lotto italiani l'acquisto di biglietti per la Lotteria del Regno Unito","og_url":"https:\/\/onlinelotto365.com\/it\/buy-tickets\/uk-lottery\/","og_site_name":"OnlineLotto365","article_modified_time":"2021-01-11T08:58:06+00:00","og_image":[{"url":"https:\/\/onlinelotto365.com\/wp-content\/uploads\/2020\/11\/online_lottery-59-300x182.jpg"}],"twitter_card":"summary_large_image","twitter_misc":{"Tempo di lettura stimato":"3 minuti"},"schema":{"@context":"https:\/\/schema.org","@graph":[{"@type":"WebPage","@id":"https:\/\/onlinelotto365.com\/it\/buy-tickets\/uk-lottery\/","url":"https:\/\/onlinelotto365.com\/it\/buy-tickets\/uk-lottery\/","name":"Acquista i biglietti per la Lotteria UK online dall'Italia | UK Lottery info, come acquistare i biglietti","isPartOf":{"@id":"https:\/\/onlinelotto365.com\/it\/#website"},"primaryImageOfPage":{"@id":"https:\/\/onlinelotto365.com\/it\/buy-tickets\/uk-lottery\/#primaryimage"},"image":{"@id":"https:\/\/onlinelotto365.com\/it\/buy-tickets\/uk-lottery\/#primaryimage"},"thumbnailUrl":"https:\/\/onlinelotto365.com\/wp-content\/uploads\/2020\/11\/online_lottery-59-300x182.jpg","datePublished":"2020-12-18T16:57:14+00:00","dateModified":"2021-01-11T08:58:06+00:00","description":"Rendiamo possibile ai giocatori del lotto italiani l'acquisto di biglietti per la Lotteria del Regno Unito","breadcrumb":{"@id":"https:\/\/onlinelotto365.com\/it\/buy-tickets\/uk-lottery\/#breadcrumb"},"inLanguage":"it-IT","potentialAction":[{"@type":"ReadAction","target":["https:\/\/onlinelotto365.com\/it\/buy-tickets\/uk-lottery\/"]}]},{"@type":"ImageObject","inLanguage":"it-IT","@id":"https:\/\/onlinelotto365.com\/it\/buy-tickets\/uk-lottery\/#primaryimage","url":"https:\/\/onlinelotto365.com\/wp-content\/uploads\/2020\/11\/online_lottery-59-300x182.jpg","contentUrl":"https:\/\/onlinelotto365.com\/wp-content\/uploads\/2020\/11\/online_lottery-59-300x182.jpg"},{"@type":"BreadcrumbList","@id":"https:\/\/onlinelotto365.com\/it\/buy-tickets\/uk-lottery\/#breadcrumb","itemListElement":[{"@type":"ListItem","position":1,"name":"Home","item":"https:\/\/onlinelotto365.com\/it\/"},{"@type":"ListItem","position":2,"name":"Perch\u00e9 ha pi\u00f9 senso comprare i biglietti della lotteria online","item":"https:\/\/onlinelotto365.com\/it\/buy-tickets\/"},{"@type":"ListItem","position":3,"name":"Come acquistare i biglietti della lotteria del Regno Unito on-line"}]},{"@type":"WebSite","@id":"https:\/\/onlinelotto365.com\/it\/#website","url":"https:\/\/onlinelotto365.com\/it\/","name":"OnlineLotto365","description":"","potentialAction":[{"@type":"SearchAction","target":{"@type":"EntryPoint","urlTemplate":"https:\/\/onlinelotto365.com\/it\/?s={search_term_string}"},"query-input":{"@type":"PropertyValueSpecification","valueRequired":true,"valueName":"search_term_string"}}],"inLanguage":"it-IT"}]}},"_links":{"self":[{"href":"https:\/\/onlinelotto365.com\/it\/wp-json\/wp\/v2\/pages\/11072","targetHints":{"allow":["GET"]}}],"collection":[{"href":"https:\/\/onlinelotto365.com\/it\/wp-json\/wp\/v2\/pages"}],"about":[{"href":"https:\/\/onlinelotto365.com\/it\/wp-json\/wp\/v2\/types\/page"}],"author":[{"embeddable":true,"href":"https:\/\/onlinelotto365.com\/it\/wp-json\/wp\/v2\/users\/1"}],"replies":[{"embeddable":true,"href":"https:\/\/onlinelotto365.com\/it\/wp-json\/wp\/v2\/comments?post=11072"}],"version-history":[{"count":0,"href":"https:\/\/onlinelotto365.com\/it\/wp-json\/wp\/v2\/pages\/11072\/revisions"}],"up":[{"embeddable":true,"href":"https:\/\/onlinelotto365.com\/it\/wp-json\/wp\/v2\/pages\/3806"}],"wp:attachment":[{"href":"https:\/\/onlinelotto365.com\/it\/wp-json\/wp\/v2\/media?parent=11072"}],"curies":[{"name":"wp","href":"https:\/\/api.w.org\/{rel}","templated":true}]}}